{"id":11041,"date":"2024-09-29T14:52:21","date_gmt":"2024-09-29T06:52:21","guid":{"rendered":"https:\/\/demo.dillerbottle.com\/products\/vacuum-insulated-stainless-steel-bottle"},"modified":"2025-07-09T14:22:53","modified_gmt":"2025-07-09T06:22:53","slug":"binh-thep-khong-gi-cach-nhiet-chan-khong","status":"publish","type":"product","link":"https:\/\/www.dillerbottle.com\/vn\/products\/vacuum-insulated-stainless-steel-bottle","title":{"rendered":"Chai th\u00e9p kh\u00f4ng g\u1ec9 c\u00e1ch nhi\u1ec7t ch\u00e2n kh\u00f4ng"},"content":{"rendered":"<p>M\u00f4 t\u1ea3 s\u1ea3n ph\u1ea9m<br \/>\n1.; V\u1eadt li\u1ec7u PP c\u1ea5p th\u1ef1c ph\u1ea9m + th\u00e9p kh\u00f4ng g\u1ec9 304 t\u00edch h\u1ee3p v\u00f2ng \u0111\u1ec7m ch\u1ed1ng r\u00f2 r\u1ec9 b\u1eb1ng silicon ch\u1ed1ng r\u00f2 r\u1ec9 v\u00e0 v\u1eadt li\u1ec7u th\u00e9p kh\u00f4ng g\u1ec9 304 c\u1ea5p th\u1ef1c ph\u1ea9m l\u1ecdc tr\u00e0 m\u1ecbn c\u00f3 th\u1ec3 t\u00e1ch r\u1eddi.<\/p>\n<p>2.;18\/8 (304) b\u00ecnh th\u00e9p kh\u00f4ng g\u1ec9 c\u00e1ch nhi\u1ec7t ch\u00e2n kh\u00f4ng c\u1ea5p th\u1ef1c ph\u1ea9m c\u00f3 kh\u1ea3 n\u0103ng ch\u1ed1ng oxy h\u00f3a v\u00e0 ch\u1ed1ng \u0103n m\u00f2n v\u01b0\u1ee3t tr\u1ed9i, kh\u00f4ng bao gi\u1edd \u0111\u1ec3 l\u1ea1i m\u00f9i kim lo\u1ea1i ho\u1eb7c r\u1ec9 s\u00e9t. Tr\u00e1nh l\u00e0m thay \u0111\u1ed5i m\u00f9i v\u1ecb c\u1ee7a ch\u1ea5t l\u1ecfng (nh\u01b0 tr\u00e0, c\u00e0 ph\u00ea v\u00e0 n\u01b0\u1edbc tr\u00e1i c\u00e2y).<\/p>\n<p>3.;17oz \/ 500ml ph\u00f9 h\u1ee3p v\u1edbi m\u1ecdi ng\u01b0\u1eddi, nhi\u1ec1u m\u00e0u s\u1eafc. D\u1ec5 v\u1ec7 sinh, c\u1ea5u tr\u00fac \u0111\u01a1n gi\u1ea3n, c\u00f3 th\u1ec3 th\u00e1o r\u1eddi b\u1ed9 l\u1ecdc tr\u00e0. \u0110\u1ed9 s\u1eafc n\u00e9t ti\u00eau chu\u1ea9n ph\u00f9 h\u1ee3p v\u1edbi h\u1ea7u h\u1ebft c\u00e1c gi\u00e1 \u0111\u1ef1ng c\u1ed1c tr\u00ean \u00f4 t\u00f4, r\u1ea1p chi\u1ebfu phim, m\u00e1y bay, v.v.<br \/>\nDung t\u00edch 17oz c\u0169ng r\u1ea5t ph\u00f9 h\u1ee3p \u0111\u1ec3 mang theo b\u00ean m\u00ecnh, d\u00f9 l\u00e0 khi tham gia c\u00e1c ho\u1ea1t \u0111\u1ed9ng th\u1ec3 thao ngo\u00e0i tr\u1eddi, l\u00e0m vi\u1ec7c v\u0103n ph\u00f2ng, \u0111i bi\u1ec3n, \u0111i h\u1ecdc, d\u00e3 ngo\u1ea1i, yoga n\u00f3ng, leo n\u00fai, c\u1eafm tr\u1ea1i, \u0111\u1ea1p xe, ch\u1ea1y b\u1ed9, \u0111i b\u1ed9, t\u1eadp gym, t\u1eadp th\u1ec3 d\u1ee5c, v.v.<\/p>\n<p>4.;C\u00e1ch nhi\u1ec7t ch\u00e2n kh\u00f4ng c\u1ea3i ti\u1ebfn. B\u00ecnh th\u00e9p kh\u00f4ng g\u1ec9 c\u00e1ch nhi\u1ec7t ch\u00e2n kh\u00f4ng n\u00e0y c\u00f3 th\u1ec3 gi\u1eef \u0111\u1ed3 u\u1ed1ng y\u00eau th\u00edch c\u1ee7a b\u1ea1n n\u00f3ng ho\u1eb7c l\u1ea1nh c\u1ea3 ng\u00e0y v\u1edbi c\u00f4ng ngh\u1ec7 c\u00e1ch nhi\u1ec7t ch\u00e2n kh\u00f4ng hai l\u1edbp v\u00e0 c\u00f3 l\u1edbp ngo\u00e0i kh\u00f4ng th\u1ea5m m\u1ed3 h\u00f4i. Hi\u1ec7u su\u1ea5t c\u00e1ch nhi\u1ec7t: 12~24 gi\u1edd.<\/p>","protected":false},"excerpt":{"rendered":"<p>T\u00f9y ch\u1ec9nh chai th\u00e9p kh\u00f4ng g\u1ec9 c\u00e1ch nhi\u1ec7t ch\u00e2n kh\u00f4ng v\u1edbi logo, m\u00e0u s\u1eafc, hoa v\u0103n ho\u1eb7c thi\u1ebft k\u1ebf ri\u00eang c\u1ee7a b\u1ea1n.<br \/>\nC\u00f3 s\u1eb5n m\u1eabu mi\u1ec5n ph\u00ed.<br \/>\nMua s\u1ed1 l\u01b0\u1ee3ng l\u1edbn b\u00ecnh th\u00e9p kh\u00f4ng g\u1ec9 c\u00e1ch nhi\u1ec7t ch\u00e2n kh\u00f4ng v\u1edbi gi\u00e1 b\u00e1n bu\u00f4n, 50-60 chi\u1ebfc MOQ th\u1ea5p \u0111\u1ec3 h\u1ed7 tr\u1ee3 doanh nghi\u1ec7p c\u1ee7a b\u1ea1n.<br \/>\n\u0110\u01b0\u1ee3c l\u00e0m b\u1eb1ng v\u1eadt li\u1ec7u b\u1ec1n c\u1ea5p th\u1ef1c ph\u1ea9m 18\/8 (304), c\u00f3 kh\u1ea3 n\u0103ng ch\u1ed1ng oxy h\u00f3a v\u00e0 ch\u1ed1ng \u0103n m\u00f2n v\u01b0\u1ee3t tr\u1ed9i, kh\u00f4ng bao gi\u1edd \u0111\u1ec3 l\u1ea1i m\u00f9i kim lo\u1ea1i ho\u1eb7c r\u1ec9 s\u00e9t.<br \/>\n17oz \/ 500ml ph\u00f9 h\u1ee3p v\u1edbi m\u1ecdi ng\u01b0\u1eddi, nhi\u1ec1u m\u00e0u s\u1eafc.<br \/>\nD\u1ec5 v\u1ec7 sinh, c\u1ea5u tr\u00fac \u0111\u01a1n gi\u1ea3n, c\u00f3 th\u1ec3 th\u00e1o r\u1eddi d\u1ee5ng c\u1ee5 l\u1ecdc tr\u00e0.<br \/>\nHi\u1ec7u su\u1ea5t c\u00e1ch nhi\u1ec7t: 12~24 gi\u1edd.<\/p>","protected":false},"featured_media":11042,"comment_status":"open","ping_status":"closed","template":"","meta":{"_acf_changed":false},"product_brand":[],"product_cat":[18],"product_tag":[32,36,33,31,752,39,38,755,29,37,522,34,35,28,926,797,837,782,30],"class_list":{"0":"post-11041","1":"product","2":"type-product","3":"status-publish","4":"has-post-thumbnail","6":"product_cat-insulated-water-bottle","7":"product_tag-best","8":"product_tag-bulk","9":"product_tag-buy","10":"product_tag-custom","11":"product_tag-eco-friendly-water-bottle-stainless-steel","12":"product_tag-for-sale","13":"product_tag-good-quality","14":"product_tag-insulated-water-bottles","15":"product_tag-manufacturers","16":"product_tag-manufacturing","17":"product_tag-mini-water-bottle","18":"product_tag-price","19":"product_tag-small","20":"product_tag-suppliers","21":"product_tag-vacuum-insulated-stainless-steel-bottle","22":"product_tag-water-bottle-patent","23":"product_tag-water-bottle-stainless-steel-sublimation-bottle","24":"product_tag-water-bottle-with-strap","25":"product_tag-wholesale","27":"first","28":"instock","29":"shipping-taxable","30":"product-type-simple"},"acf":[],"yoast_head":"<!-- This site is optimized with the Yoast SEO Premium plugin v27.5 (Yoast SEO v27.5) - https:\/\/yoast.com\/product\/yoast-seo-premium-wordpress\/ -->\n<title>Vacuum Insulated Stainless Steel Bottle - Diller Water Bottle Manufacturer<\/title>\n<meta name=\"description\" content=\"As one of the best vacuum insulated stainless steel bottle manufacturers and suppliers, we are engaged in manufacturing good quality water bottles. We warmly welcome you to wholesale or buy custom made vacuum insulated stainless steel bottle at competitive price from us. Also, small quantity orders are acceptable.\" \/>\n<meta name=\"robots\" content=\"index, follow, max-snippet:-1, max-image-preview:large, max-video-preview:-1\" \/>\n<link rel=\"canonical\" href=\"https:\/\/www.dillerbottle.com\/vn\/cac-san-pham\/binh-thep-khong-gi-cach-nhiet-chan-khong\" \/>\n<meta property=\"og:locale\" content=\"vi_VN\" \/>\n<meta property=\"og:type\" content=\"article\" \/>\n<meta property=\"og:title\" content=\"Vacuum Insulated Stainless Steel Bottle\" \/>\n<meta property=\"og:description\" content=\"As one of the best vacuum insulated stainless steel bottle manufacturers and suppliers, we are engaged in manufacturing good quality water bottles. We warmly welcome you to wholesale or buy custom made vacuum insulated stainless steel bottle at competitive price from us. Also, small quantity orders are acceptable.\" \/>\n<meta property=\"og:url\" content=\"https:\/\/www.dillerbottle.com\/vn\/cac-san-pham\/binh-thep-khong-gi-cach-nhiet-chan-khong\" \/>\n<meta property=\"og:site_name\" content=\"Diller Water Bottle Manufacturer\" \/>\n<meta property=\"article:modified_time\" content=\"2025-07-09T06:22:53+00:00\" \/>\n<meta property=\"og:image\" content=\"https:\/\/www.dillerbottle.com\/wp-content\/uploads\/2024\/09\/vacuum-insulated-stainless-steel-bottle11027526341.jpg\" \/>\n\t<meta property=\"og:image:width\" content=\"730\" \/>\n\t<meta property=\"og:image:height\" content=\"730\" \/>\n\t<meta property=\"og:image:type\" content=\"image\/jpeg\" \/>\n<meta name=\"twitter:card\" content=\"summary_large_image\" \/>\n<meta name=\"twitter:label1\" content=\"\u01af\u1edbc t\u00ednh th\u1eddi gian \u0111\u1ecdc\" \/>\n\t<meta name=\"twitter:data1\" content=\"2 ph\u00fat\" \/>\n<script type=\"application\/ld+json\" class=\"yoast-schema-graph\">{\"@context\":\"https:\\\/\\\/schema.org\",\"@graph\":[{\"@type\":\"WebPage\",\"@id\":\"https:\\\/\\\/www.dillerbottle.com\\\/th\\\/%e0%b8%aa%e0%b8%b4%e0%b8%99%e0%b8%84%e0%b9%89%e0%b8%b2\\\/%e0%b8%82%e0%b8%a7%e0%b8%94%e0%b8%aa%e0%b9%81%e0%b8%95%e0%b8%99%e0%b9%80%e0%b8%a5%e0%b8%aa%e0%b9%80%e0%b8%81%e0%b9%87%e0%b8%9a%e0%b8%84%e0%b8%a7%e0%b8%b2%e0%b8%a1%e0%b9%80%e0%b8%a2%e0%b9%87%e0%b8%99\",\"url\":\"https:\\\/\\\/www.dillerbottle.com\\\/th\\\/%e0%b8%aa%e0%b8%b4%e0%b8%99%e0%b8%84%e0%b9%89%e0%b8%b2\\\/%e0%b8%82%e0%b8%a7%e0%b8%94%e0%b8%aa%e0%b9%81%e0%b8%95%e0%b8%99%e0%b9%80%e0%b8%a5%e0%b8%aa%e0%b9%80%e0%b8%81%e0%b9%87%e0%b8%9a%e0%b8%84%e0%b8%a7%e0%b8%b2%e0%b8%a1%e0%b9%80%e0%b8%a2%e0%b9%87%e0%b8%99\",\"name\":\"Vacuum Insulated Stainless Steel Bottle - Diller Water Bottle Manufacturer\",\"isPartOf\":{\"@id\":\"https:\\\/\\\/www.dillerbottle.com\\\/#website\"},\"primaryImageOfPage\":{\"@id\":\"https:\\\/\\\/www.dillerbottle.com\\\/th\\\/%e0%b8%aa%e0%b8%b4%e0%b8%99%e0%b8%84%e0%b9%89%e0%b8%b2\\\/%e0%b8%82%e0%b8%a7%e0%b8%94%e0%b8%aa%e0%b9%81%e0%b8%95%e0%b8%99%e0%b9%80%e0%b8%a5%e0%b8%aa%e0%b9%80%e0%b8%81%e0%b9%87%e0%b8%9a%e0%b8%84%e0%b8%a7%e0%b8%b2%e0%b8%a1%e0%b9%80%e0%b8%a2%e0%b9%87%e0%b8%99#primaryimage\"},\"image\":{\"@id\":\"https:\\\/\\\/www.dillerbottle.com\\\/th\\\/%e0%b8%aa%e0%b8%b4%e0%b8%99%e0%b8%84%e0%b9%89%e0%b8%b2\\\/%e0%b8%82%e0%b8%a7%e0%b8%94%e0%b8%aa%e0%b9%81%e0%b8%95%e0%b8%99%e0%b9%80%e0%b8%a5%e0%b8%aa%e0%b9%80%e0%b8%81%e0%b9%87%e0%b8%9a%e0%b8%84%e0%b8%a7%e0%b8%b2%e0%b8%a1%e0%b9%80%e0%b8%a2%e0%b9%87%e0%b8%99#primaryimage\"},\"thumbnailUrl\":\"https:\\\/\\\/www.dillerbottle.com\\\/wp-content\\\/uploads\\\/2024\\\/09\\\/vacuum-insulated-stainless-steel-bottle11027526341.jpg\",\"datePublished\":\"2024-09-29T06:52:21+00:00\",\"dateModified\":\"2025-07-09T06:22:53+00:00\",\"description\":\"As one of the best vacuum insulated stainless steel bottle manufacturers and suppliers, we are engaged in manufacturing good quality water bottles. We warmly welcome you to wholesale or buy custom made vacuum insulated stainless steel bottle at competitive price from us. Also, small quantity orders are acceptable.\",\"breadcrumb\":{\"@id\":\"https:\\\/\\\/www.dillerbottle.com\\\/th\\\/%e0%b8%aa%e0%b8%b4%e0%b8%99%e0%b8%84%e0%b9%89%e0%b8%b2\\\/%e0%b8%82%e0%b8%a7%e0%b8%94%e0%b8%aa%e0%b9%81%e0%b8%95%e0%b8%99%e0%b9%80%e0%b8%a5%e0%b8%aa%e0%b9%80%e0%b8%81%e0%b9%87%e0%b8%9a%e0%b8%84%e0%b8%a7%e0%b8%b2%e0%b8%a1%e0%b9%80%e0%b8%a2%e0%b9%87%e0%b8%99#breadcrumb\"},\"inLanguage\":\"vi\",\"potentialAction\":[{\"@type\":\"ReadAction\",\"target\":[\"https:\\\/\\\/www.dillerbottle.com\\\/th\\\/%e0%b8%aa%e0%b8%b4%e0%b8%99%e0%b8%84%e0%b9%89%e0%b8%b2\\\/%e0%b8%82%e0%b8%a7%e0%b8%94%e0%b8%aa%e0%b9%81%e0%b8%95%e0%b8%99%e0%b9%80%e0%b8%a5%e0%b8%aa%e0%b9%80%e0%b8%81%e0%b9%87%e0%b8%9a%e0%b8%84%e0%b8%a7%e0%b8%b2%e0%b8%a1%e0%b9%80%e0%b8%a2%e0%b9%87%e0%b8%99\"]}]},{\"@type\":\"ImageObject\",\"inLanguage\":\"vi\",\"@id\":\"https:\\\/\\\/www.dillerbottle.com\\\/th\\\/%e0%b8%aa%e0%b8%b4%e0%b8%99%e0%b8%84%e0%b9%89%e0%b8%b2\\\/%e0%b8%82%e0%b8%a7%e0%b8%94%e0%b8%aa%e0%b9%81%e0%b8%95%e0%b8%99%e0%b9%80%e0%b8%a5%e0%b8%aa%e0%b9%80%e0%b8%81%e0%b9%87%e0%b8%9a%e0%b8%84%e0%b8%a7%e0%b8%b2%e0%b8%a1%e0%b9%80%e0%b8%a2%e0%b9%87%e0%b8%99#primaryimage\",\"url\":\"https:\\\/\\\/www.dillerbottle.com\\\/wp-content\\\/uploads\\\/2024\\\/09\\\/vacuum-insulated-stainless-steel-bottle11027526341.jpg\",\"contentUrl\":\"https:\\\/\\\/www.dillerbottle.com\\\/wp-content\\\/uploads\\\/2024\\\/09\\\/vacuum-insulated-stainless-steel-bottle11027526341.jpg\",\"width\":730,\"height\":730},{\"@type\":\"BreadcrumbList\",\"@id\":\"https:\\\/\\\/www.dillerbottle.com\\\/th\\\/%e0%b8%aa%e0%b8%b4%e0%b8%99%e0%b8%84%e0%b9%89%e0%b8%b2\\\/%e0%b8%82%e0%b8%a7%e0%b8%94%e0%b8%aa%e0%b9%81%e0%b8%95%e0%b8%99%e0%b9%80%e0%b8%a5%e0%b8%aa%e0%b9%80%e0%b8%81%e0%b9%87%e0%b8%9a%e0%b8%84%e0%b8%a7%e0%b8%b2%e0%b8%a1%e0%b9%80%e0%b8%a2%e0%b9%87%e0%b8%99#breadcrumb\",\"itemListElement\":[{\"@type\":\"ListItem\",\"position\":1,\"name\":\"Home\",\"item\":\"https:\\\/\\\/www.dillerbottle.com\\\/\"},{\"@type\":\"ListItem\",\"position\":2,\"name\":\"Products\",\"item\":\"https:\\\/\\\/www.dillerbottle.com\\\/shop\"},{\"@type\":\"ListItem\",\"position\":3,\"name\":\"Vacuum Insulated Stainless Steel Bottle\"}]},{\"@type\":\"WebSite\",\"@id\":\"https:\\\/\\\/www.dillerbottle.com\\\/#website\",\"url\":\"https:\\\/\\\/www.dillerbottle.com\\\/\",\"name\":\"Diller Water Bottle Manufacturer\",\"description\":\"Water Bottle Manufacturer\",\"publisher\":{\"@id\":\"https:\\\/\\\/www.dillerbottle.com\\\/#organization\"},\"potentialAction\":[{\"@type\":\"SearchAction\",\"target\":{\"@type\":\"EntryPoint\",\"urlTemplate\":\"https:\\\/\\\/www.dillerbottle.com\\\/?s={search_term_string}\"},\"query-input\":{\"@type\":\"PropertyValueSpecification\",\"valueRequired\":true,\"valueName\":\"search_term_string\"}}],\"inLanguage\":\"vi\"},{\"@type\":\"Organization\",\"@id\":\"https:\\\/\\\/www.dillerbottle.com\\\/#organization\",\"name\":\"Diller Water Bottle Manufacturer\",\"url\":\"https:\\\/\\\/www.dillerbottle.com\\\/\",\"logo\":{\"@type\":\"ImageObject\",\"inLanguage\":\"vi\",\"@id\":\"https:\\\/\\\/www.dillerbottle.com\\\/#\\\/schema\\\/logo\\\/image\\\/\",\"url\":\"https:\\\/\\\/www.dillerbottle.com\\\/wp-content\\\/uploads\\\/2024\\\/09\\\/49918bfa848dcc1e9f8b509933603ac.png\",\"contentUrl\":\"https:\\\/\\\/www.dillerbottle.com\\\/wp-content\\\/uploads\\\/2024\\\/09\\\/49918bfa848dcc1e9f8b509933603ac.png\",\"width\":988,\"height\":198,\"caption\":\"Diller Water Bottle Manufacturer\"},\"image\":{\"@id\":\"https:\\\/\\\/www.dillerbottle.com\\\/#\\\/schema\\\/logo\\\/image\\\/\"}}]}<\/script>\n<!-- \/ Yoast SEO Premium plugin. -->","yoast_head_json":{"title":"B\u00ecnh n\u01b0\u1edbc th\u00e9p kh\u00f4ng g\u1ec9 c\u00e1ch nhi\u1ec7t ch\u00e2n kh\u00f4ng - Nh\u00e0 s\u1ea3n xu\u1ea5t b\u00ecnh n\u01b0\u1edbc Diller","description":"L\u00e0 m\u1ed9t trong nh\u1eefng nh\u00e0 s\u1ea3n xu\u1ea5t v\u00e0 cung c\u1ea5p b\u00ecnh th\u00e9p kh\u00f4ng g\u1ec9 c\u00e1ch nhi\u1ec7t ch\u00e2n kh\u00f4ng t\u1ed1t nh\u1ea5t, ch\u00fang t\u00f4i tham gia s\u1ea3n xu\u1ea5t b\u00ecnh n\u01b0\u1edbc ch\u1ea5t l\u01b0\u1ee3ng t\u1ed1t. Ch\u00fang t\u00f4i n\u1ed3ng nhi\u1ec7t ch\u00e0o \u0111\u00f3n b\u1ea1n \u0111\u1ebfn b\u00e1n bu\u00f4n ho\u1eb7c mua b\u00ecnh th\u00e9p kh\u00f4ng g\u1ec9 c\u00e1ch nhi\u1ec7t ch\u00e2n kh\u00f4ng t\u00f9y ch\u1ec9nh v\u1edbi gi\u00e1 c\u1ea1nh tranh t\u1eeb ch\u00fang t\u00f4i. Ngo\u00e0i ra, ch\u00fang t\u00f4i c\u0169ng ch\u1ea5p nh\u1eadn \u0111\u01a1n \u0111\u1eb7t h\u00e0ng s\u1ed1 l\u01b0\u1ee3ng nh\u1ecf.","robots":{"index":"index","follow":"follow","max-snippet":"max-snippet:-1","max-image-preview":"max-image-preview:large","max-video-preview":"max-video-preview:-1"},"canonical":"https:\/\/www.dillerbottle.com\/vn\/cac-san-pham\/binh-thep-khong-gi-cach-nhiet-chan-khong","og_locale":"vi_VN","og_type":"article","og_title":"Vacuum Insulated Stainless Steel Bottle","og_description":"As one of the best vacuum insulated stainless steel bottle manufacturers and suppliers, we are engaged in manufacturing good quality water bottles. We warmly welcome you to wholesale or buy custom made vacuum insulated stainless steel bottle at competitive price from us. Also, small quantity orders are acceptable.","og_url":"https:\/\/www.dillerbottle.com\/vn\/cac-san-pham\/binh-thep-khong-gi-cach-nhiet-chan-khong","og_site_name":"Diller Water Bottle Manufacturer","article_modified_time":"2025-07-09T06:22:53+00:00","og_image":[{"width":730,"height":730,"url":"https:\/\/www.dillerbottle.com\/wp-content\/uploads\/2024\/09\/vacuum-insulated-stainless-steel-bottle11027526341.jpg","type":"image\/jpeg"}],"twitter_card":"summary_large_image","twitter_misc":{"\u01af\u1edbc t\u00ednh th\u1eddi gian \u0111\u1ecdc":"2 ph\u00fat"},"schema":{"@context":"https:\/\/schema.org","@graph":[{"@type":"WebPage","@id":"https:\/\/www.dillerbottle.com\/th\/%e0%b8%aa%e0%b8%b4%e0%b8%99%e0%b8%84%e0%b9%89%e0%b8%b2\/%e0%b8%82%e0%b8%a7%e0%b8%94%e0%b8%aa%e0%b9%81%e0%b8%95%e0%b8%99%e0%b9%80%e0%b8%a5%e0%b8%aa%e0%b9%80%e0%b8%81%e0%b9%87%e0%b8%9a%e0%b8%84%e0%b8%a7%e0%b8%b2%e0%b8%a1%e0%b9%80%e0%b8%a2%e0%b9%87%e0%b8%99","url":"https:\/\/www.dillerbottle.com\/th\/%e0%b8%aa%e0%b8%b4%e0%b8%99%e0%b8%84%e0%b9%89%e0%b8%b2\/%e0%b8%82%e0%b8%a7%e0%b8%94%e0%b8%aa%e0%b9%81%e0%b8%95%e0%b8%99%e0%b9%80%e0%b8%a5%e0%b8%aa%e0%b9%80%e0%b8%81%e0%b9%87%e0%b8%9a%e0%b8%84%e0%b8%a7%e0%b8%b2%e0%b8%a1%e0%b9%80%e0%b8%a2%e0%b9%87%e0%b8%99","name":"B\u00ecnh n\u01b0\u1edbc th\u00e9p kh\u00f4ng g\u1ec9 c\u00e1ch nhi\u1ec7t ch\u00e2n kh\u00f4ng - Nh\u00e0 s\u1ea3n xu\u1ea5t b\u00ecnh n\u01b0\u1edbc Diller","isPartOf":{"@id":"https:\/\/www.dillerbottle.com\/#website"},"primaryImageOfPage":{"@id":"https:\/\/www.dillerbottle.com\/th\/%e0%b8%aa%e0%b8%b4%e0%b8%99%e0%b8%84%e0%b9%89%e0%b8%b2\/%e0%b8%82%e0%b8%a7%e0%b8%94%e0%b8%aa%e0%b9%81%e0%b8%95%e0%b8%99%e0%b9%80%e0%b8%a5%e0%b8%aa%e0%b9%80%e0%b8%81%e0%b9%87%e0%b8%9a%e0%b8%84%e0%b8%a7%e0%b8%b2%e0%b8%a1%e0%b9%80%e0%b8%a2%e0%b9%87%e0%b8%99#primaryimage"},"image":{"@id":"https:\/\/www.dillerbottle.com\/th\/%e0%b8%aa%e0%b8%b4%e0%b8%99%e0%b8%84%e0%b9%89%e0%b8%b2\/%e0%b8%82%e0%b8%a7%e0%b8%94%e0%b8%aa%e0%b9%81%e0%b8%95%e0%b8%99%e0%b9%80%e0%b8%a5%e0%b8%aa%e0%b9%80%e0%b8%81%e0%b9%87%e0%b8%9a%e0%b8%84%e0%b8%a7%e0%b8%b2%e0%b8%a1%e0%b9%80%e0%b8%a2%e0%b9%87%e0%b8%99#primaryimage"},"thumbnailUrl":"https:\/\/www.dillerbottle.com\/wp-content\/uploads\/2024\/09\/vacuum-insulated-stainless-steel-bottle11027526341.jpg","datePublished":"2024-09-29T06:52:21+00:00","dateModified":"2025-07-09T06:22:53+00:00","description":"L\u00e0 m\u1ed9t trong nh\u1eefng nh\u00e0 s\u1ea3n xu\u1ea5t v\u00e0 cung c\u1ea5p b\u00ecnh th\u00e9p kh\u00f4ng g\u1ec9 c\u00e1ch nhi\u1ec7t ch\u00e2n kh\u00f4ng t\u1ed1t nh\u1ea5t, ch\u00fang t\u00f4i tham gia s\u1ea3n xu\u1ea5t b\u00ecnh n\u01b0\u1edbc ch\u1ea5t l\u01b0\u1ee3ng t\u1ed1t. Ch\u00fang t\u00f4i n\u1ed3ng nhi\u1ec7t ch\u00e0o \u0111\u00f3n b\u1ea1n \u0111\u1ebfn b\u00e1n bu\u00f4n ho\u1eb7c mua b\u00ecnh th\u00e9p kh\u00f4ng g\u1ec9 c\u00e1ch nhi\u1ec7t ch\u00e2n kh\u00f4ng t\u00f9y ch\u1ec9nh v\u1edbi gi\u00e1 c\u1ea1nh tranh t\u1eeb ch\u00fang t\u00f4i. Ngo\u00e0i ra, ch\u00fang t\u00f4i c\u0169ng ch\u1ea5p nh\u1eadn \u0111\u01a1n \u0111\u1eb7t h\u00e0ng s\u1ed1 l\u01b0\u1ee3ng nh\u1ecf.","breadcrumb":{"@id":"https:\/\/www.dillerbottle.com\/th\/%e0%b8%aa%e0%b8%b4%e0%b8%99%e0%b8%84%e0%b9%89%e0%b8%b2\/%e0%b8%82%e0%b8%a7%e0%b8%94%e0%b8%aa%e0%b9%81%e0%b8%95%e0%b8%99%e0%b9%80%e0%b8%a5%e0%b8%aa%e0%b9%80%e0%b8%81%e0%b9%87%e0%b8%9a%e0%b8%84%e0%b8%a7%e0%b8%b2%e0%b8%a1%e0%b9%80%e0%b8%a2%e0%b9%87%e0%b8%99#breadcrumb"},"inLanguage":"vi","potentialAction":[{"@type":"ReadAction","target":["https:\/\/www.dillerbottle.com\/th\/%e0%b8%aa%e0%b8%b4%e0%b8%99%e0%b8%84%e0%b9%89%e0%b8%b2\/%e0%b8%82%e0%b8%a7%e0%b8%94%e0%b8%aa%e0%b9%81%e0%b8%95%e0%b8%99%e0%b9%80%e0%b8%a5%e0%b8%aa%e0%b9%80%e0%b8%81%e0%b9%87%e0%b8%9a%e0%b8%84%e0%b8%a7%e0%b8%b2%e0%b8%a1%e0%b9%80%e0%b8%a2%e0%b9%87%e0%b8%99"]}]},{"@type":"ImageObject","inLanguage":"vi","@id":"https:\/\/www.dillerbottle.com\/th\/%e0%b8%aa%e0%b8%b4%e0%b8%99%e0%b8%84%e0%b9%89%e0%b8%b2\/%e0%b8%82%e0%b8%a7%e0%b8%94%e0%b8%aa%e0%b9%81%e0%b8%95%e0%b8%99%e0%b9%80%e0%b8%a5%e0%b8%aa%e0%b9%80%e0%b8%81%e0%b9%87%e0%b8%9a%e0%b8%84%e0%b8%a7%e0%b8%b2%e0%b8%a1%e0%b9%80%e0%b8%a2%e0%b9%87%e0%b8%99#primaryimage","url":"https:\/\/www.dillerbottle.com\/wp-content\/uploads\/2024\/09\/vacuum-insulated-stainless-steel-bottle11027526341.jpg","contentUrl":"https:\/\/www.dillerbottle.com\/wp-content\/uploads\/2024\/09\/vacuum-insulated-stainless-steel-bottle11027526341.jpg","width":730,"height":730},{"@type":"BreadcrumbList","@id":"https:\/\/www.dillerbottle.com\/th\/%e0%b8%aa%e0%b8%b4%e0%b8%99%e0%b8%84%e0%b9%89%e0%b8%b2\/%e0%b8%82%e0%b8%a7%e0%b8%94%e0%b8%aa%e0%b9%81%e0%b8%95%e0%b8%99%e0%b9%80%e0%b8%a5%e0%b8%aa%e0%b9%80%e0%b8%81%e0%b9%87%e0%b8%9a%e0%b8%84%e0%b8%a7%e0%b8%b2%e0%b8%a1%e0%b9%80%e0%b8%a2%e0%b9%87%e0%b8%99#breadcrumb","itemListElement":[{"@type":"ListItem","position":1,"name":"Home","item":"https:\/\/www.dillerbottle.com\/"},{"@type":"ListItem","position":2,"name":"Products","item":"https:\/\/www.dillerbottle.com\/shop"},{"@type":"ListItem","position":3,"name":"Vacuum Insulated Stainless Steel Bottle"}]},{"@type":"WebSite","@id":"https:\/\/www.dillerbottle.com\/#website","url":"https:\/\/www.dillerbottle.com\/","name":"Nh\u00e0 s\u1ea3n xu\u1ea5t b\u00ecnh n\u01b0\u1edbc Diller","description":"Nh\u00e0 s\u1ea3n xu\u1ea5t b\u00ecnh n\u01b0\u1edbc","publisher":{"@id":"https:\/\/www.dillerbottle.com\/#organization"},"potentialAction":[{"@type":"SearchAction","target":{"@type":"EntryPoint","urlTemplate":"https:\/\/www.dillerbottle.com\/?s={search_term_string}"},"query-input":{"@type":"PropertyValueSpecification","valueRequired":true,"valueName":"search_term_string"}}],"inLanguage":"vi"},{"@type":"Organization","@id":"https:\/\/www.dillerbottle.com\/#organization","name":"Nh\u00e0 s\u1ea3n xu\u1ea5t b\u00ecnh n\u01b0\u1edbc Diller","url":"https:\/\/www.dillerbottle.com\/","logo":{"@type":"ImageObject","inLanguage":"vi","@id":"https:\/\/www.dillerbottle.com\/#\/schema\/logo\/image\/","url":"https:\/\/www.dillerbottle.com\/wp-content\/uploads\/2024\/09\/49918bfa848dcc1e9f8b509933603ac.png","contentUrl":"https:\/\/www.dillerbottle.com\/wp-content\/uploads\/2024\/09\/49918bfa848dcc1e9f8b509933603ac.png","width":988,"height":198,"caption":"Diller Water Bottle Manufacturer"},"image":{"@id":"https:\/\/www.dillerbottle.com\/#\/schema\/logo\/image\/"}}]}},"_links":{"self":[{"href":"https:\/\/www.dillerbottle.com\/vn\/wp-json\/wp\/v2\/product\/11041","targetHints":{"allow":["GET"]}}],"collection":[{"href":"https:\/\/www.dillerbottle.com\/vn\/wp-json\/wp\/v2\/product"}],"about":[{"href":"https:\/\/www.dillerbottle.com\/vn\/wp-json\/wp\/v2\/types\/product"}],"replies":[{"embeddable":true,"href":"https:\/\/www.dillerbottle.com\/vn\/wp-json\/wp\/v2\/comments?post=11041"}],"wp:featuredmedia":[{"embeddable":true,"href":"https:\/\/www.dillerbottle.com\/vn\/wp-json\/wp\/v2\/media\/11042"}],"wp:attachment":[{"href":"https:\/\/www.dillerbottle.com\/vn\/wp-json\/wp\/v2\/media?parent=11041"}],"wp:term":[{"taxonomy":"product_brand","embeddable":true,"href":"https:\/\/www.dillerbottle.com\/vn\/wp-json\/wp\/v2\/product_brand?post=11041"},{"taxonomy":"product_cat","embeddable":true,"href":"https:\/\/www.dillerbottle.com\/vn\/wp-json\/wp\/v2\/product_cat?post=11041"},{"taxonomy":"product_tag","embeddable":true,"href":"https:\/\/www.dillerbottle.com\/vn\/wp-json\/wp\/v2\/product_tag?post=11041"}],"curies":[{"name":"wp","href":"https:\/\/api.w.org\/{rel}","templated":true}]}}