{"id":11255,"date":"2024-09-29T14:54:51","date_gmt":"2024-09-29T06:54:51","guid":{"rendered":"https:\/\/demo.dillerbottle.com\/products\/double-wall-insulated-vacuum-flask"},"modified":"2025-07-09T14:09:58","modified_gmt":"2025-07-09T06:09:58","slug":"binh-chan-khong-cach-nhiet-hai-lop","status":"publish","type":"product","link":"https:\/\/www.dillerbottle.com\/vn\/products\/double-wall-insulated-vacuum-flask","title":{"rendered":"B\u00ecnh ch\u00e2n kh\u00f4ng c\u00e1ch nhi\u1ec7t hai l\u1edbp"},"content":{"rendered":"<p>\u0110\u1eb7c \u0111i\u1ec3m c\u1ee7a b\u00ecnh ch\u00e2n kh\u00f4ng c\u00e1ch nhi\u1ec7t hai l\u1edbp:<br \/>\n1. \u0110\u01b0\u1ee3c l\u00e0m t\u1eeb th\u00e9p kh\u00f4ng g\u1ec9 304 v\u00e0 v\u1eadt li\u1ec7u c\u1ea5p th\u1ef1c ph\u1ea9m kh\u00f4ng ch\u1ee9a BPA, b\u00ecnh ch\u00e2n kh\u00f4ng c\u00e1ch nhi\u1ec7t hai l\u1edbp n\u00e0y \u0111\u01b0\u1ee3c thi\u1ebft k\u1ebf \u0111\u1ec3 gi\u1eef n\u01b0\u1edbc, tr\u00e0, c\u00e0 ph\u00ea ho\u1eb7c s\u00fap n\u00f3ng t\u1edbi 12 gi\u1edd ho\u1eb7c gi\u1eef \u0111\u1ed3 u\u1ed1ng l\u1ea1nh bao g\u1ed3m r\u01b0\u1ee3u vang, bia th\u1ec3 thao ho\u1eb7c \u0111\u1ed3 u\u1ed1ng c\u00f3 ga m\u00e1t t\u1edbi 24 gi\u1edd.<\/p>\n<p>2. B\u00ecnh ch\u00e2n kh\u00f4ng c\u00e1ch nhi\u1ec7t hai l\u1edbp n\u00e0y bao g\u1ed3m 2 c\u1ed1c (b\u00ean trong v\u00e0 b\u00ean ngo\u00e0i) v\u00e0 m\u1ed9t d\u00e2y \u0111eo b\u1eb1ng nylon, khi\u1ebfn chi\u1ebfc b\u00ecnh n\u00e0y tr\u1edf th\u00e0nh b\u00ecnh \u0111\u1ef1ng \u0111\u1ed3 u\u1ed1ng l\u00fd t\u01b0\u1edfng khi \u0111i du l\u1ecbch.<\/p>\n<p>3. B\u00ecnh ch\u00e2n kh\u00f4ng dung t\u00edch l\u1edbn 1,9L v\u00e0 1,6L c\u00f3 quai x\u00e1ch, n\u1eafp d\u1ec5 kh\u00f3a, 2 c\u1ed1c nh\u1ecf g\u1ecdn v\u00e0 d\u00e2y \u0111eo vai b\u1eb1ng nylon, b\u00ecnh ch\u00e2n kh\u00f4ng c\u00e1ch nhi\u1ec7t hai l\u1edbp n\u00e0y l\u00e0 ng\u01b0\u1eddi b\u1ea1n \u0111\u1ed3ng h\u00e0nh l\u00fd t\u01b0\u1edfng khi \u0111i du l\u1ecbch.<\/p>","protected":false},"excerpt":{"rendered":"<p>\u0110\u1eb7c \u0111i\u1ec3m c\u1ee7a b\u00ecnh ch\u00e2n kh\u00f4ng c\u00e1ch nhi\u1ec7t hai l\u1edbp: 1.<br \/>\n\u0110\u01b0\u1ee3c l\u00e0m t\u1eeb th\u00e9p kh\u00f4ng g\u1ec9 304 v\u00e0 v\u1eadt li\u1ec7u c\u1ea5p th\u1ef1c ph\u1ea9m kh\u00f4ng ch\u1ee9a BPA, b\u00ecnh ch\u00e2n kh\u00f4ng c\u00e1ch nhi\u1ec7t hai l\u1edbp n\u00e0y \u0111\u01b0\u1ee3c thi\u1ebft k\u1ebf \u0111\u1ec3 gi\u1eef n\u01b0\u1edbc, tr\u00e0, c\u00e0 ph\u00ea ho\u1eb7c s\u00fap n\u00f3ng t\u1edbi 12 gi\u1edd ho\u1eb7c gi\u1eef l\u1ea1nh \u0111\u1ed3 u\u1ed1ng bao g\u1ed3m r\u01b0\u1ee3u vang, bia th\u1ec3 thao ho\u1eb7c \u0111\u1ed3 u\u1ed1ng c\u00f3 ga\u2026<\/p>","protected":false},"featured_media":11256,"comment_status":"open","ping_status":"closed","template":"","meta":{"_acf_changed":false},"product_brand":[],"product_cat":[18],"product_tag":[785,721,32,36,33,31,949,555,39,38,29,37,34,35,516,817,738,28,30],"class_list":{"0":"post-11255","1":"product","2":"type-product","3":"status-publish","4":"has-post-thumbnail","6":"product_cat-insulated-water-bottle","7":"product_tag-500ml-stainless-steel-water-bottle","8":"product_tag-500ml-water-bottle-with-straw","9":"product_tag-best","10":"product_tag-bulk","11":"product_tag-buy","12":"product_tag-custom","13":"product_tag-double-wall-insulated-vacuum-flask","14":"product_tag-double-walled-insulated-water-bottle","15":"product_tag-for-sale","16":"product_tag-good-quality","17":"product_tag-manufacturers","18":"product_tag-manufacturing","19":"product_tag-price","20":"product_tag-small","21":"product_tag-stainless-steel-hot-water-bottle-with-custom-color","22":"product_tag-steel-double-walled-water-bottle-travel-bottle","23":"product_tag-steel-water-bottles-with-sports-straw-lid","24":"product_tag-suppliers","25":"product_tag-wholesale","27":"first","28":"instock","29":"shipping-taxable","30":"product-type-simple"},"acf":[],"yoast_head":"<!-- This site is optimized with the Yoast SEO Premium plugin v27.5 (Yoast SEO v27.5) - https:\/\/yoast.com\/product\/yoast-seo-premium-wordpress\/ -->\n<title>Double Wall Insulated Vacuum Flask - Diller Water Bottle Manufacturer<\/title>\n<meta name=\"description\" content=\"As one of the best double wall insulated vacuum flask manufacturers and suppliers, we are engaged in manufacturing good quality water bottles. We warmly welcome you to wholesale or buy custom made double wall insulated vacuum flask at competitive price from us. Also, small quantity orders are acceptable.\" \/>\n<meta name=\"robots\" content=\"index, follow, max-snippet:-1, max-image-preview:large, max-video-preview:-1\" \/>\n<link rel=\"canonical\" href=\"https:\/\/www.dillerbottle.com\/vn\/cac-san-pham\/binh-chan-khong-cach-nhiet-hai-lop\" \/>\n<meta property=\"og:locale\" content=\"vi_VN\" \/>\n<meta property=\"og:type\" content=\"article\" \/>\n<meta property=\"og:title\" content=\"Double Wall Insulated Vacuum Flask\" \/>\n<meta property=\"og:description\" content=\"As one of the best double wall insulated vacuum flask manufacturers and suppliers, we are engaged in manufacturing good quality water bottles. We warmly welcome you to wholesale or buy custom made double wall insulated vacuum flask at competitive price from us. Also, small quantity orders are acceptable.\" \/>\n<meta property=\"og:url\" content=\"https:\/\/www.dillerbottle.com\/vn\/cac-san-pham\/binh-chan-khong-cach-nhiet-hai-lop\" \/>\n<meta property=\"og:site_name\" content=\"Diller Water Bottle Manufacturer\" \/>\n<meta property=\"article:modified_time\" content=\"2025-07-09T06:09:58+00:00\" \/>\n<meta property=\"og:image\" content=\"https:\/\/www.dillerbottle.com\/wp-content\/uploads\/2024\/09\/double-wall-insulated-vacuum-flask52071421718.jpg\" \/>\n\t<meta property=\"og:image:width\" content=\"730\" \/>\n\t<meta property=\"og:image:height\" content=\"730\" \/>\n\t<meta property=\"og:image:type\" content=\"image\/jpeg\" \/>\n<meta name=\"twitter:card\" content=\"summary_large_image\" \/>\n<meta name=\"twitter:label1\" content=\"\u01af\u1edbc t\u00ednh th\u1eddi gian \u0111\u1ecdc\" \/>\n\t<meta name=\"twitter:data1\" content=\"2 ph\u00fat\" \/>\n<script type=\"application\/ld+json\" class=\"yoast-schema-graph\">{\"@context\":\"https:\\\/\\\/schema.org\",\"@graph\":[{\"@type\":\"WebPage\",\"@id\":\"https:\\\/\\\/www.dillerbottle.com\\\/ru\\\/%d0%bf%d1%80%d0%be%d0%b4%d1%83%d0%ba%d1%82%d1%8b\\\/%d0%b2%d0%b0%d0%ba%d1%83%d1%83%d0%bc%d0%bd%d0%b0%d1%8f-%d0%ba%d0%be%d0%bb%d0%b1%d0%b0-%d1%81-%d0%b4%d0%b2%d0%be%d0%b9%d0%bd%d0%be%d0%b9-%d0%b8%d0%b7%d0%be%d0%bb%d1%8f%d1%86%d0%b8%d0%b5%d0%b9\",\"url\":\"https:\\\/\\\/www.dillerbottle.com\\\/ru\\\/%d0%bf%d1%80%d0%be%d0%b4%d1%83%d0%ba%d1%82%d1%8b\\\/%d0%b2%d0%b0%d0%ba%d1%83%d1%83%d0%bc%d0%bd%d0%b0%d1%8f-%d0%ba%d0%be%d0%bb%d0%b1%d0%b0-%d1%81-%d0%b4%d0%b2%d0%be%d0%b9%d0%bd%d0%be%d0%b9-%d0%b8%d0%b7%d0%be%d0%bb%d1%8f%d1%86%d0%b8%d0%b5%d0%b9\",\"name\":\"Double Wall Insulated Vacuum Flask - Diller Water Bottle Manufacturer\",\"isPartOf\":{\"@id\":\"https:\\\/\\\/www.dillerbottle.com\\\/#website\"},\"primaryImageOfPage\":{\"@id\":\"https:\\\/\\\/www.dillerbottle.com\\\/ru\\\/%d0%bf%d1%80%d0%be%d0%b4%d1%83%d0%ba%d1%82%d1%8b\\\/%d0%b2%d0%b0%d0%ba%d1%83%d1%83%d0%bc%d0%bd%d0%b0%d1%8f-%d0%ba%d0%be%d0%bb%d0%b1%d0%b0-%d1%81-%d0%b4%d0%b2%d0%be%d0%b9%d0%bd%d0%be%d0%b9-%d0%b8%d0%b7%d0%be%d0%bb%d1%8f%d1%86%d0%b8%d0%b5%d0%b9#primaryimage\"},\"image\":{\"@id\":\"https:\\\/\\\/www.dillerbottle.com\\\/ru\\\/%d0%bf%d1%80%d0%be%d0%b4%d1%83%d0%ba%d1%82%d1%8b\\\/%d0%b2%d0%b0%d0%ba%d1%83%d1%83%d0%bc%d0%bd%d0%b0%d1%8f-%d0%ba%d0%be%d0%bb%d0%b1%d0%b0-%d1%81-%d0%b4%d0%b2%d0%be%d0%b9%d0%bd%d0%be%d0%b9-%d0%b8%d0%b7%d0%be%d0%bb%d1%8f%d1%86%d0%b8%d0%b5%d0%b9#primaryimage\"},\"thumbnailUrl\":\"https:\\\/\\\/www.dillerbottle.com\\\/wp-content\\\/uploads\\\/2024\\\/09\\\/double-wall-insulated-vacuum-flask52071421718.jpg\",\"datePublished\":\"2024-09-29T06:54:51+00:00\",\"dateModified\":\"2025-07-09T06:09:58+00:00\",\"description\":\"As one of the best double wall insulated vacuum flask manufacturers and suppliers, we are engaged in manufacturing good quality water bottles. We warmly welcome you to wholesale or buy custom made double wall insulated vacuum flask at competitive price from us. Also, small quantity orders are acceptable.\",\"breadcrumb\":{\"@id\":\"https:\\\/\\\/www.dillerbottle.com\\\/ru\\\/%d0%bf%d1%80%d0%be%d0%b4%d1%83%d0%ba%d1%82%d1%8b\\\/%d0%b2%d0%b0%d0%ba%d1%83%d1%83%d0%bc%d0%bd%d0%b0%d1%8f-%d0%ba%d0%be%d0%bb%d0%b1%d0%b0-%d1%81-%d0%b4%d0%b2%d0%be%d0%b9%d0%bd%d0%be%d0%b9-%d0%b8%d0%b7%d0%be%d0%bb%d1%8f%d1%86%d0%b8%d0%b5%d0%b9#breadcrumb\"},\"inLanguage\":\"vi\",\"potentialAction\":[{\"@type\":\"ReadAction\",\"target\":[\"https:\\\/\\\/www.dillerbottle.com\\\/ru\\\/%d0%bf%d1%80%d0%be%d0%b4%d1%83%d0%ba%d1%82%d1%8b\\\/%d0%b2%d0%b0%d0%ba%d1%83%d1%83%d0%bc%d0%bd%d0%b0%d1%8f-%d0%ba%d0%be%d0%bb%d0%b1%d0%b0-%d1%81-%d0%b4%d0%b2%d0%be%d0%b9%d0%bd%d0%be%d0%b9-%d0%b8%d0%b7%d0%be%d0%bb%d1%8f%d1%86%d0%b8%d0%b5%d0%b9\"]}]},{\"@type\":\"ImageObject\",\"inLanguage\":\"vi\",\"@id\":\"https:\\\/\\\/www.dillerbottle.com\\\/ru\\\/%d0%bf%d1%80%d0%be%d0%b4%d1%83%d0%ba%d1%82%d1%8b\\\/%d0%b2%d0%b0%d0%ba%d1%83%d1%83%d0%bc%d0%bd%d0%b0%d1%8f-%d0%ba%d0%be%d0%bb%d0%b1%d0%b0-%d1%81-%d0%b4%d0%b2%d0%be%d0%b9%d0%bd%d0%be%d0%b9-%d0%b8%d0%b7%d0%be%d0%bb%d1%8f%d1%86%d0%b8%d0%b5%d0%b9#primaryimage\",\"url\":\"https:\\\/\\\/www.dillerbottle.com\\\/wp-content\\\/uploads\\\/2024\\\/09\\\/double-wall-insulated-vacuum-flask52071421718.jpg\",\"contentUrl\":\"https:\\\/\\\/www.dillerbottle.com\\\/wp-content\\\/uploads\\\/2024\\\/09\\\/double-wall-insulated-vacuum-flask52071421718.jpg\",\"width\":730,\"height\":730},{\"@type\":\"BreadcrumbList\",\"@id\":\"https:\\\/\\\/www.dillerbottle.com\\\/ru\\\/%d0%bf%d1%80%d0%be%d0%b4%d1%83%d0%ba%d1%82%d1%8b\\\/%d0%b2%d0%b0%d0%ba%d1%83%d1%83%d0%bc%d0%bd%d0%b0%d1%8f-%d0%ba%d0%be%d0%bb%d0%b1%d0%b0-%d1%81-%d0%b4%d0%b2%d0%be%d0%b9%d0%bd%d0%be%d0%b9-%d0%b8%d0%b7%d0%be%d0%bb%d1%8f%d1%86%d0%b8%d0%b5%d0%b9#breadcrumb\",\"itemListElement\":[{\"@type\":\"ListItem\",\"position\":1,\"name\":\"Home\",\"item\":\"https:\\\/\\\/www.dillerbottle.com\\\/\"},{\"@type\":\"ListItem\",\"position\":2,\"name\":\"Products\",\"item\":\"https:\\\/\\\/www.dillerbottle.com\\\/shop\"},{\"@type\":\"ListItem\",\"position\":3,\"name\":\"Double Wall Insulated Vacuum Flask\"}]},{\"@type\":\"WebSite\",\"@id\":\"https:\\\/\\\/www.dillerbottle.com\\\/#website\",\"url\":\"https:\\\/\\\/www.dillerbottle.com\\\/\",\"name\":\"Diller Water Bottle Manufacturer\",\"description\":\"Water Bottle Manufacturer\",\"publisher\":{\"@id\":\"https:\\\/\\\/www.dillerbottle.com\\\/#organization\"},\"potentialAction\":[{\"@type\":\"SearchAction\",\"target\":{\"@type\":\"EntryPoint\",\"urlTemplate\":\"https:\\\/\\\/www.dillerbottle.com\\\/?s={search_term_string}\"},\"query-input\":{\"@type\":\"PropertyValueSpecification\",\"valueRequired\":true,\"valueName\":\"search_term_string\"}}],\"inLanguage\":\"vi\"},{\"@type\":\"Organization\",\"@id\":\"https:\\\/\\\/www.dillerbottle.com\\\/#organization\",\"name\":\"Diller Water Bottle Manufacturer\",\"url\":\"https:\\\/\\\/www.dillerbottle.com\\\/\",\"logo\":{\"@type\":\"ImageObject\",\"inLanguage\":\"vi\",\"@id\":\"https:\\\/\\\/www.dillerbottle.com\\\/#\\\/schema\\\/logo\\\/image\\\/\",\"url\":\"https:\\\/\\\/www.dillerbottle.com\\\/wp-content\\\/uploads\\\/2024\\\/09\\\/49918bfa848dcc1e9f8b509933603ac.png\",\"contentUrl\":\"https:\\\/\\\/www.dillerbottle.com\\\/wp-content\\\/uploads\\\/2024\\\/09\\\/49918bfa848dcc1e9f8b509933603ac.png\",\"width\":988,\"height\":198,\"caption\":\"Diller Water Bottle Manufacturer\"},\"image\":{\"@id\":\"https:\\\/\\\/www.dillerbottle.com\\\/#\\\/schema\\\/logo\\\/image\\\/\"}}]}<\/script>\n<!-- \/ Yoast SEO Premium plugin. -->","yoast_head_json":{"title":"B\u00ecnh ch\u00e2n kh\u00f4ng c\u00e1ch nhi\u1ec7t hai l\u1edbp - Nh\u00e0 s\u1ea3n xu\u1ea5t b\u00ecnh n\u01b0\u1edbc Diller","description":"L\u00e0 m\u1ed9t trong nh\u1eefng nh\u00e0 s\u1ea3n xu\u1ea5t v\u00e0 cung c\u1ea5p b\u00ecnh ch\u00e2n kh\u00f4ng c\u00e1ch nhi\u1ec7t hai l\u1edbp t\u1ed1t nh\u1ea5t, ch\u00fang t\u00f4i tham gia s\u1ea3n xu\u1ea5t b\u00ecnh \u0111\u1ef1ng n\u01b0\u1edbc ch\u1ea5t l\u01b0\u1ee3ng t\u1ed1t. Ch\u00fang t\u00f4i n\u1ed3ng nhi\u1ec7t ch\u00e0o \u0111\u00f3n b\u1ea1n \u0111\u1ebfn b\u00e1n bu\u00f4n ho\u1eb7c mua b\u00ecnh ch\u00e2n kh\u00f4ng c\u00e1ch nhi\u1ec7t hai l\u1edbp t\u00f9y ch\u1ec9nh v\u1edbi gi\u00e1 c\u1ea1nh tranh t\u1eeb ch\u00fang t\u00f4i. Ngo\u00e0i ra, ch\u00fang t\u00f4i c\u0169ng ch\u1ea5p nh\u1eadn \u0111\u01a1n \u0111\u1eb7t h\u00e0ng s\u1ed1 l\u01b0\u1ee3ng nh\u1ecf.","robots":{"index":"index","follow":"follow","max-snippet":"max-snippet:-1","max-image-preview":"max-image-preview:large","max-video-preview":"max-video-preview:-1"},"canonical":"https:\/\/www.dillerbottle.com\/vn\/cac-san-pham\/binh-chan-khong-cach-nhiet-hai-lop","og_locale":"vi_VN","og_type":"article","og_title":"Double Wall Insulated Vacuum Flask","og_description":"As one of the best double wall insulated vacuum flask manufacturers and suppliers, we are engaged in manufacturing good quality water bottles. We warmly welcome you to wholesale or buy custom made double wall insulated vacuum flask at competitive price from us. Also, small quantity orders are acceptable.","og_url":"https:\/\/www.dillerbottle.com\/vn\/cac-san-pham\/binh-chan-khong-cach-nhiet-hai-lop","og_site_name":"Diller Water Bottle Manufacturer","article_modified_time":"2025-07-09T06:09:58+00:00","og_image":[{"width":730,"height":730,"url":"https:\/\/www.dillerbottle.com\/wp-content\/uploads\/2024\/09\/double-wall-insulated-vacuum-flask52071421718.jpg","type":"image\/jpeg"}],"twitter_card":"summary_large_image","twitter_misc":{"\u01af\u1edbc t\u00ednh th\u1eddi gian \u0111\u1ecdc":"2 ph\u00fat"},"schema":{"@context":"https:\/\/schema.org","@graph":[{"@type":"WebPage","@id":"https:\/\/www.dillerbottle.com\/ru\/%d0%bf%d1%80%d0%be%d0%b4%d1%83%d0%ba%d1%82%d1%8b\/%d0%b2%d0%b0%d0%ba%d1%83%d1%83%d0%bc%d0%bd%d0%b0%d1%8f-%d0%ba%d0%be%d0%bb%d0%b1%d0%b0-%d1%81-%d0%b4%d0%b2%d0%be%d0%b9%d0%bd%d0%be%d0%b9-%d0%b8%d0%b7%d0%be%d0%bb%d1%8f%d1%86%d0%b8%d0%b5%d0%b9","url":"https:\/\/www.dillerbottle.com\/ru\/%d0%bf%d1%80%d0%be%d0%b4%d1%83%d0%ba%d1%82%d1%8b\/%d0%b2%d0%b0%d0%ba%d1%83%d1%83%d0%bc%d0%bd%d0%b0%d1%8f-%d0%ba%d0%be%d0%bb%d0%b1%d0%b0-%d1%81-%d0%b4%d0%b2%d0%be%d0%b9%d0%bd%d0%be%d0%b9-%d0%b8%d0%b7%d0%be%d0%bb%d1%8f%d1%86%d0%b8%d0%b5%d0%b9","name":"B\u00ecnh ch\u00e2n kh\u00f4ng c\u00e1ch nhi\u1ec7t hai l\u1edbp - Nh\u00e0 s\u1ea3n xu\u1ea5t b\u00ecnh n\u01b0\u1edbc Diller","isPartOf":{"@id":"https:\/\/www.dillerbottle.com\/#website"},"primaryImageOfPage":{"@id":"https:\/\/www.dillerbottle.com\/ru\/%d0%bf%d1%80%d0%be%d0%b4%d1%83%d0%ba%d1%82%d1%8b\/%d0%b2%d0%b0%d0%ba%d1%83%d1%83%d0%bc%d0%bd%d0%b0%d1%8f-%d0%ba%d0%be%d0%bb%d0%b1%d0%b0-%d1%81-%d0%b4%d0%b2%d0%be%d0%b9%d0%bd%d0%be%d0%b9-%d0%b8%d0%b7%d0%be%d0%bb%d1%8f%d1%86%d0%b8%d0%b5%d0%b9#primaryimage"},"image":{"@id":"https:\/\/www.dillerbottle.com\/ru\/%d0%bf%d1%80%d0%be%d0%b4%d1%83%d0%ba%d1%82%d1%8b\/%d0%b2%d0%b0%d0%ba%d1%83%d1%83%d0%bc%d0%bd%d0%b0%d1%8f-%d0%ba%d0%be%d0%bb%d0%b1%d0%b0-%d1%81-%d0%b4%d0%b2%d0%be%d0%b9%d0%bd%d0%be%d0%b9-%d0%b8%d0%b7%d0%be%d0%bb%d1%8f%d1%86%d0%b8%d0%b5%d0%b9#primaryimage"},"thumbnailUrl":"https:\/\/www.dillerbottle.com\/wp-content\/uploads\/2024\/09\/double-wall-insulated-vacuum-flask52071421718.jpg","datePublished":"2024-09-29T06:54:51+00:00","dateModified":"2025-07-09T06:09:58+00:00","description":"L\u00e0 m\u1ed9t trong nh\u1eefng nh\u00e0 s\u1ea3n xu\u1ea5t v\u00e0 cung c\u1ea5p b\u00ecnh ch\u00e2n kh\u00f4ng c\u00e1ch nhi\u1ec7t hai l\u1edbp t\u1ed1t nh\u1ea5t, ch\u00fang t\u00f4i tham gia s\u1ea3n xu\u1ea5t b\u00ecnh \u0111\u1ef1ng n\u01b0\u1edbc ch\u1ea5t l\u01b0\u1ee3ng t\u1ed1t. Ch\u00fang t\u00f4i n\u1ed3ng nhi\u1ec7t ch\u00e0o \u0111\u00f3n b\u1ea1n \u0111\u1ebfn b\u00e1n bu\u00f4n ho\u1eb7c mua b\u00ecnh ch\u00e2n kh\u00f4ng c\u00e1ch nhi\u1ec7t hai l\u1edbp t\u00f9y ch\u1ec9nh v\u1edbi gi\u00e1 c\u1ea1nh tranh t\u1eeb ch\u00fang t\u00f4i. Ngo\u00e0i ra, ch\u00fang t\u00f4i c\u0169ng ch\u1ea5p nh\u1eadn \u0111\u01a1n \u0111\u1eb7t h\u00e0ng s\u1ed1 l\u01b0\u1ee3ng nh\u1ecf.","breadcrumb":{"@id":"https:\/\/www.dillerbottle.com\/ru\/%d0%bf%d1%80%d0%be%d0%b4%d1%83%d0%ba%d1%82%d1%8b\/%d0%b2%d0%b0%d0%ba%d1%83%d1%83%d0%bc%d0%bd%d0%b0%d1%8f-%d0%ba%d0%be%d0%bb%d0%b1%d0%b0-%d1%81-%d0%b4%d0%b2%d0%be%d0%b9%d0%bd%d0%be%d0%b9-%d0%b8%d0%b7%d0%be%d0%bb%d1%8f%d1%86%d0%b8%d0%b5%d0%b9#breadcrumb"},"inLanguage":"vi","potentialAction":[{"@type":"ReadAction","target":["https:\/\/www.dillerbottle.com\/ru\/%d0%bf%d1%80%d0%be%d0%b4%d1%83%d0%ba%d1%82%d1%8b\/%d0%b2%d0%b0%d0%ba%d1%83%d1%83%d0%bc%d0%bd%d0%b0%d1%8f-%d0%ba%d0%be%d0%bb%d0%b1%d0%b0-%d1%81-%d0%b4%d0%b2%d0%be%d0%b9%d0%bd%d0%be%d0%b9-%d0%b8%d0%b7%d0%be%d0%bb%d1%8f%d1%86%d0%b8%d0%b5%d0%b9"]}]},{"@type":"ImageObject","inLanguage":"vi","@id":"https:\/\/www.dillerbottle.com\/ru\/%d0%bf%d1%80%d0%be%d0%b4%d1%83%d0%ba%d1%82%d1%8b\/%d0%b2%d0%b0%d0%ba%d1%83%d1%83%d0%bc%d0%bd%d0%b0%d1%8f-%d0%ba%d0%be%d0%bb%d0%b1%d0%b0-%d1%81-%d0%b4%d0%b2%d0%be%d0%b9%d0%bd%d0%be%d0%b9-%d0%b8%d0%b7%d0%be%d0%bb%d1%8f%d1%86%d0%b8%d0%b5%d0%b9#primaryimage","url":"https:\/\/www.dillerbottle.com\/wp-content\/uploads\/2024\/09\/double-wall-insulated-vacuum-flask52071421718.jpg","contentUrl":"https:\/\/www.dillerbottle.com\/wp-content\/uploads\/2024\/09\/double-wall-insulated-vacuum-flask52071421718.jpg","width":730,"height":730},{"@type":"BreadcrumbList","@id":"https:\/\/www.dillerbottle.com\/ru\/%d0%bf%d1%80%d0%be%d0%b4%d1%83%d0%ba%d1%82%d1%8b\/%d0%b2%d0%b0%d0%ba%d1%83%d1%83%d0%bc%d0%bd%d0%b0%d1%8f-%d0%ba%d0%be%d0%bb%d0%b1%d0%b0-%d1%81-%d0%b4%d0%b2%d0%be%d0%b9%d0%bd%d0%be%d0%b9-%d0%b8%d0%b7%d0%be%d0%bb%d1%8f%d1%86%d0%b8%d0%b5%d0%b9#breadcrumb","itemListElement":[{"@type":"ListItem","position":1,"name":"Home","item":"https:\/\/www.dillerbottle.com\/"},{"@type":"ListItem","position":2,"name":"Products","item":"https:\/\/www.dillerbottle.com\/shop"},{"@type":"ListItem","position":3,"name":"Double Wall Insulated Vacuum Flask"}]},{"@type":"WebSite","@id":"https:\/\/www.dillerbottle.com\/#website","url":"https:\/\/www.dillerbottle.com\/","name":"Nh\u00e0 s\u1ea3n xu\u1ea5t b\u00ecnh n\u01b0\u1edbc Diller","description":"Nh\u00e0 s\u1ea3n xu\u1ea5t b\u00ecnh n\u01b0\u1edbc","publisher":{"@id":"https:\/\/www.dillerbottle.com\/#organization"},"potentialAction":[{"@type":"SearchAction","target":{"@type":"EntryPoint","urlTemplate":"https:\/\/www.dillerbottle.com\/?s={search_term_string}"},"query-input":{"@type":"PropertyValueSpecification","valueRequired":true,"valueName":"search_term_string"}}],"inLanguage":"vi"},{"@type":"Organization","@id":"https:\/\/www.dillerbottle.com\/#organization","name":"Nh\u00e0 s\u1ea3n xu\u1ea5t b\u00ecnh n\u01b0\u1edbc Diller","url":"https:\/\/www.dillerbottle.com\/","logo":{"@type":"ImageObject","inLanguage":"vi","@id":"https:\/\/www.dillerbottle.com\/#\/schema\/logo\/image\/","url":"https:\/\/www.dillerbottle.com\/wp-content\/uploads\/2024\/09\/49918bfa848dcc1e9f8b509933603ac.png","contentUrl":"https:\/\/www.dillerbottle.com\/wp-content\/uploads\/2024\/09\/49918bfa848dcc1e9f8b509933603ac.png","width":988,"height":198,"caption":"Diller Water Bottle Manufacturer"},"image":{"@id":"https:\/\/www.dillerbottle.com\/#\/schema\/logo\/image\/"}}]}},"_links":{"self":[{"href":"https:\/\/www.dillerbottle.com\/vn\/wp-json\/wp\/v2\/product\/11255","targetHints":{"allow":["GET"]}}],"collection":[{"href":"https:\/\/www.dillerbottle.com\/vn\/wp-json\/wp\/v2\/product"}],"about":[{"href":"https:\/\/www.dillerbottle.com\/vn\/wp-json\/wp\/v2\/types\/product"}],"replies":[{"embeddable":true,"href":"https:\/\/www.dillerbottle.com\/vn\/wp-json\/wp\/v2\/comments?post=11255"}],"wp:featuredmedia":[{"embeddable":true,"href":"https:\/\/www.dillerbottle.com\/vn\/wp-json\/wp\/v2\/media\/11256"}],"wp:attachment":[{"href":"https:\/\/www.dillerbottle.com\/vn\/wp-json\/wp\/v2\/media?parent=11255"}],"wp:term":[{"taxonomy":"product_brand","embeddable":true,"href":"https:\/\/www.dillerbottle.com\/vn\/wp-json\/wp\/v2\/product_brand?post=11255"},{"taxonomy":"product_cat","embeddable":true,"href":"https:\/\/www.dillerbottle.com\/vn\/wp-json\/wp\/v2\/product_cat?post=11255"},{"taxonomy":"product_tag","embeddable":true,"href":"https:\/\/www.dillerbottle.com\/vn\/wp-json\/wp\/v2\/product_tag?post=11255"}],"curies":[{"name":"wp","href":"https:\/\/api.w.org\/{rel}","templated":true}]}}