{"id":11263,"date":"2024-09-29T14:54:58","date_gmt":"2024-09-29T06:54:58","guid":{"rendered":"https:\/\/demo.dillerbottle.com\/products\/double-wall-stainless-steel-vacuum-flask"},"modified":"2026-01-23T21:46:45","modified_gmt":"2026-01-23T13:46:45","slug":"binh-chan-khong-thep-khong-gi-hai-lop","status":"publish","type":"product","link":"https:\/\/www.dillerbottle.com\/vn\/products\/double-wall-stainless-steel-vacuum-flask","title":{"rendered":"B\u00ecnh ch\u00e2n kh\u00f4ng th\u00e9p kh\u00f4ng g\u1ec9 hai l\u1edbp"},"content":{"rendered":"<p>1. C\u1ea5u tr\u00fac c\u00e1ch nhi\u1ec7t ch\u00e2n kh\u00f4ng hai l\u1edbp gi\u00fap gi\u1eef \u0111\u1ed3 u\u1ed1ng c\u1ee7a b\u1ea1n n\u00f3ng v\u00e0 l\u1ea1nh trong 12~24 gi\u1edd.<br \/>\n2. B\u00ecnh ch\u00e2n kh\u00f4ng th\u00e9p kh\u00f4ng g\u1ec9 hai l\u1edbp n\u00e0y \u0111\u01b0\u1ee3c l\u00e0m b\u1eb1ng th\u00e9p kh\u00f4ng g\u1ec9 304 ch\u1ea5t l\u01b0\u1ee3ng cao.<br \/>\n3.; Thi\u1ebft k\u1ebf m\u1ecfng g\u1ecdn \u0111\u01b0\u1ee3c t\u1ed1i \u01b0u cho vi\u1ec7c di chuy\u1ec3n, v\u1eeba v\u1eb7n v\u1edbi khay \u0111\u1ef1ng c\u1ed1c ti\u00eau chu\u1ea9n trong xe \u00f4 t\u00f4, gi\u00fap b\u1ea1n kh\u00f4ng bao gi\u1edd ph\u1ea3i lo kh\u00e1t n\u01b0\u1edbc khi di chuy\u1ec3n. Thi\u1ebft k\u1ebf kh\u00f4ng tay c\u1ea7m gi\u00fap vi\u1ec7c s\u1eafp x\u1ebfp tr\u1edf n\u00ean d\u1ec5 d\u00e0ng trong kh\u00f4ng gian h\u1eb9p.<br \/>\n4. T\u1ea5t c\u1ea3 c\u00e1c v\u1eadt li\u1ec7u \u0111\u1ec1u kh\u00f4ng ch\u1ee9a BPA, kh\u00f4ng m\u00f9i v\u00e0 ch\u1ed1ng g\u1ec9.<\/p>","protected":false},"excerpt":{"rendered":"<p>T\u00ednh n\u0103ng: 1.<br \/>\nC\u1ea5u tr\u00fac c\u00e1ch nhi\u1ec7t ch\u00e2n kh\u00f4ng hai l\u1edbp gi\u00fap gi\u1eef \u0111\u1ed3 u\u1ed1ng c\u1ee7a b\u1ea1n n\u00f3ng v\u00e0 l\u1ea1nh trong 12~24 gi\u1edd.<br \/>\n2.<br \/>\nB\u00ecnh ch\u00e2n kh\u00f4ng th\u00e9p kh\u00f4ng g\u1ec9 hai l\u1edbp n\u00e0y \u0111\u01b0\u1ee3c l\u00e0m b\u1eb1ng th\u00e9p kh\u00f4ng g\u1ec9 304 ch\u1ea5t l\u01b0\u1ee3ng cao.<br \/>\n3.<br \/>\nKi\u1ec3u d\u00e1ng m\u1ecfng th\u00edch h\u1ee3p khi \u0111i du l\u1ecbch, v\u1eeba v\u1edbi gi\u00e1 \u0111\u1ec3 c\u1ed1c ti\u00eau chu\u1ea9n tr\u00ean \u00f4 t\u00f4, do \u0111\u00f3 b\u1ea1n s\u1ebd kh\u00f4ng bao gi\u1edd b\u1ecb kh\u00e1t khi di chuy\u1ec3n n\u1eefa, v\u00e0 thi\u1ebft k\u1ebf kh\u00f4ng c\u00f3 tay c\u1ea7m gi\u00fap b\u1ea1n d\u1ec5 d\u00e0ng s\u1eafp x\u1ebfp \u0111\u1ed3 u\u1ed1ng trong kh\u00f4ng gian nh\u1ecf.<br \/>\n4.<br \/>\nT\u1ea5t c\u1ea3 c\u00e1c v\u1eadt li\u1ec7u \u0111\u1ec1u kh\u00f4ng ch\u1ee9a BPA, kh\u00f4ng m\u00f9i v\u00e0 ch\u1ed1ng g\u1ec9.<\/p>","protected":false},"featured_media":11264,"comment_status":"open","ping_status":"closed","template":"","meta":{"_acf_changed":false},"product_brand":[],"product_cat":[18],"product_tag":[32,36,33,31,950,39,38,920,29,37,34,914,35,681,539,780,28,682,30],"class_list":{"0":"post-11263","1":"product","2":"type-product","3":"status-publish","4":"has-post-thumbnail","6":"product_cat-insulated-water-bottle","7":"product_tag-best","8":"product_tag-bulk","9":"product_tag-buy","10":"product_tag-custom","11":"product_tag-double-wall-stainless-steel-vacuum-flask","12":"product_tag-for-sale","13":"product_tag-good-quality","14":"product_tag-gym-water-bottle-custom-logo","15":"product_tag-manufacturers","16":"product_tag-manufacturing","17":"product_tag-price","18":"product_tag-reusable-water-bottles-with-straw","19":"product_tag-small","20":"product_tag-stainless-steel-vacuum-insulated-water-bottle","21":"product_tag-stainless-steel-water-bottle","22":"product_tag-stainless-water-bottle","23":"product_tag-suppliers","24":"product_tag-temperature-water-bottle","25":"product_tag-wholesale","27":"first","28":"instock","29":"shipping-taxable","30":"product-type-simple"},"acf":[],"yoast_head":"<!-- This site is optimized with the Yoast SEO Premium plugin v27.5 (Yoast SEO v27.5) - https:\/\/yoast.com\/product\/yoast-seo-premium-wordpress\/ -->\n<title>Double Wall Stainless Steel Vacuum Flask - Diller Water Bottle Manufacturer<\/title>\n<meta name=\"description\" content=\"As one of the best double wall stainless steel vacuum flask manufacturers and suppliers, we are engaged in manufacturing good quality water bottles. We warmly welcome you to wholesale or buy custom made double wall stainless steel vacuum flask at competitive price from us. Also, small quantity orders are acceptable.\" \/>\n<meta name=\"robots\" content=\"index, follow, max-snippet:-1, max-image-preview:large, max-video-preview:-1\" \/>\n<link rel=\"canonical\" href=\"https:\/\/www.dillerbottle.com\/vn\/cac-san-pham\/binh-chan-khong-thep-khong-gi-hai-lop\" \/>\n<meta property=\"og:locale\" content=\"vi_VN\" \/>\n<meta property=\"og:type\" content=\"article\" \/>\n<meta property=\"og:title\" content=\"Double Wall Stainless Steel Vacuum Flask\" \/>\n<meta property=\"og:description\" content=\"As one of the best double wall stainless steel vacuum flask manufacturers and suppliers, we are engaged in manufacturing good quality water bottles. We warmly welcome you to wholesale or buy custom made double wall stainless steel vacuum flask at competitive price from us. Also, small quantity orders are acceptable.\" \/>\n<meta property=\"og:url\" content=\"https:\/\/www.dillerbottle.com\/vn\/cac-san-pham\/binh-chan-khong-thep-khong-gi-hai-lop\" \/>\n<meta property=\"og:site_name\" content=\"Diller Water Bottle Manufacturer\" \/>\n<meta property=\"article:modified_time\" content=\"2026-01-23T13:46:45+00:00\" \/>\n<meta property=\"og:image\" content=\"https:\/\/www.dillerbottle.com\/wp-content\/uploads\/2024\/09\/double-wall-stainless-steel-vacuum-flask10580714503.jpg\" \/>\n\t<meta property=\"og:image:width\" content=\"730\" \/>\n\t<meta property=\"og:image:height\" content=\"730\" \/>\n\t<meta property=\"og:image:type\" content=\"image\/jpeg\" \/>\n<meta name=\"twitter:card\" content=\"summary_large_image\" \/>\n<meta name=\"twitter:label1\" content=\"\u01af\u1edbc t\u00ednh th\u1eddi gian \u0111\u1ecdc\" \/>\n\t<meta name=\"twitter:data1\" content=\"2 ph\u00fat\" \/>\n<script type=\"application\/ld+json\" class=\"yoast-schema-graph\">{\"@context\":\"https:\\\/\\\/schema.org\",\"@graph\":[{\"@type\":\"WebPage\",\"@id\":\"https:\\\/\\\/www.dillerbottle.com\\\/tr\\\/urunler\\\/cift-cidarli-paslanmaz-celik-vakumlu-matara\",\"url\":\"https:\\\/\\\/www.dillerbottle.com\\\/tr\\\/urunler\\\/cift-cidarli-paslanmaz-celik-vakumlu-matara\",\"name\":\"Double Wall Stainless Steel Vacuum Flask - Diller Water Bottle Manufacturer\",\"isPartOf\":{\"@id\":\"https:\\\/\\\/www.dillerbottle.com\\\/#website\"},\"primaryImageOfPage\":{\"@id\":\"https:\\\/\\\/www.dillerbottle.com\\\/tr\\\/urunler\\\/cift-cidarli-paslanmaz-celik-vakumlu-matara#primaryimage\"},\"image\":{\"@id\":\"https:\\\/\\\/www.dillerbottle.com\\\/tr\\\/urunler\\\/cift-cidarli-paslanmaz-celik-vakumlu-matara#primaryimage\"},\"thumbnailUrl\":\"https:\\\/\\\/www.dillerbottle.com\\\/wp-content\\\/uploads\\\/2024\\\/09\\\/double-wall-stainless-steel-vacuum-flask10580714503.jpg\",\"datePublished\":\"2024-09-29T06:54:58+00:00\",\"dateModified\":\"2026-01-23T13:46:45+00:00\",\"description\":\"As one of the best double wall stainless steel vacuum flask manufacturers and suppliers, we are engaged in manufacturing good quality water bottles. We warmly welcome you to wholesale or buy custom made double wall stainless steel vacuum flask at competitive price from us. Also, small quantity orders are acceptable.\",\"breadcrumb\":{\"@id\":\"https:\\\/\\\/www.dillerbottle.com\\\/tr\\\/urunler\\\/cift-cidarli-paslanmaz-celik-vakumlu-matara#breadcrumb\"},\"inLanguage\":\"vi\",\"potentialAction\":[{\"@type\":\"ReadAction\",\"target\":[\"https:\\\/\\\/www.dillerbottle.com\\\/tr\\\/urunler\\\/cift-cidarli-paslanmaz-celik-vakumlu-matara\"]}]},{\"@type\":\"ImageObject\",\"inLanguage\":\"vi\",\"@id\":\"https:\\\/\\\/www.dillerbottle.com\\\/tr\\\/urunler\\\/cift-cidarli-paslanmaz-celik-vakumlu-matara#primaryimage\",\"url\":\"https:\\\/\\\/www.dillerbottle.com\\\/wp-content\\\/uploads\\\/2024\\\/09\\\/double-wall-stainless-steel-vacuum-flask10580714503.jpg\",\"contentUrl\":\"https:\\\/\\\/www.dillerbottle.com\\\/wp-content\\\/uploads\\\/2024\\\/09\\\/double-wall-stainless-steel-vacuum-flask10580714503.jpg\",\"width\":730,\"height\":730},{\"@type\":\"BreadcrumbList\",\"@id\":\"https:\\\/\\\/www.dillerbottle.com\\\/tr\\\/urunler\\\/cift-cidarli-paslanmaz-celik-vakumlu-matara#breadcrumb\",\"itemListElement\":[{\"@type\":\"ListItem\",\"position\":1,\"name\":\"Home\",\"item\":\"https:\\\/\\\/www.dillerbottle.com\\\/\"},{\"@type\":\"ListItem\",\"position\":2,\"name\":\"Products\",\"item\":\"https:\\\/\\\/www.dillerbottle.com\\\/shop\"},{\"@type\":\"ListItem\",\"position\":3,\"name\":\"Double Wall Stainless Steel Vacuum Flask\"}]},{\"@type\":\"WebSite\",\"@id\":\"https:\\\/\\\/www.dillerbottle.com\\\/#website\",\"url\":\"https:\\\/\\\/www.dillerbottle.com\\\/\",\"name\":\"Diller Water Bottle Manufacturer\",\"description\":\"Water Bottle Manufacturer\",\"publisher\":{\"@id\":\"https:\\\/\\\/www.dillerbottle.com\\\/#organization\"},\"potentialAction\":[{\"@type\":\"SearchAction\",\"target\":{\"@type\":\"EntryPoint\",\"urlTemplate\":\"https:\\\/\\\/www.dillerbottle.com\\\/?s={search_term_string}\"},\"query-input\":{\"@type\":\"PropertyValueSpecification\",\"valueRequired\":true,\"valueName\":\"search_term_string\"}}],\"inLanguage\":\"vi\"},{\"@type\":\"Organization\",\"@id\":\"https:\\\/\\\/www.dillerbottle.com\\\/#organization\",\"name\":\"Diller Water Bottle Manufacturer\",\"url\":\"https:\\\/\\\/www.dillerbottle.com\\\/\",\"logo\":{\"@type\":\"ImageObject\",\"inLanguage\":\"vi\",\"@id\":\"https:\\\/\\\/www.dillerbottle.com\\\/#\\\/schema\\\/logo\\\/image\\\/\",\"url\":\"https:\\\/\\\/www.dillerbottle.com\\\/wp-content\\\/uploads\\\/2024\\\/09\\\/49918bfa848dcc1e9f8b509933603ac.png\",\"contentUrl\":\"https:\\\/\\\/www.dillerbottle.com\\\/wp-content\\\/uploads\\\/2024\\\/09\\\/49918bfa848dcc1e9f8b509933603ac.png\",\"width\":988,\"height\":198,\"caption\":\"Diller Water Bottle Manufacturer\"},\"image\":{\"@id\":\"https:\\\/\\\/www.dillerbottle.com\\\/#\\\/schema\\\/logo\\\/image\\\/\"}}]}<\/script>\n<!-- \/ Yoast SEO Premium plugin. -->","yoast_head_json":{"title":"B\u00ecnh ch\u00e2n kh\u00f4ng th\u00e9p kh\u00f4ng g\u1ec9 hai l\u1edbp - Nh\u00e0 s\u1ea3n xu\u1ea5t b\u00ecnh n\u01b0\u1edbc Diller","description":"L\u00e0 m\u1ed9t trong nh\u1eefng nh\u00e0 s\u1ea3n xu\u1ea5t v\u00e0 cung c\u1ea5p b\u00ecnh ch\u00e2n kh\u00f4ng b\u1eb1ng th\u00e9p kh\u00f4ng g\u1ec9 hai l\u1edbp t\u1ed1t nh\u1ea5t, ch\u00fang t\u00f4i tham gia s\u1ea3n xu\u1ea5t b\u00ecnh \u0111\u1ef1ng n\u01b0\u1edbc ch\u1ea5t l\u01b0\u1ee3ng t\u1ed1t. Ch\u00fang t\u00f4i n\u1ed3ng nhi\u1ec7t ch\u00e0o \u0111\u00f3n b\u1ea1n \u0111\u1ebfn b\u00e1n bu\u00f4n ho\u1eb7c mua b\u00ecnh ch\u00e2n kh\u00f4ng b\u1eb1ng th\u00e9p kh\u00f4ng g\u1ec9 hai l\u1edbp t\u00f9y ch\u1ec9nh v\u1edbi gi\u00e1 c\u1ea1nh tranh t\u1eeb ch\u00fang t\u00f4i. Ngo\u00e0i ra, ch\u00fang t\u00f4i c\u0169ng ch\u1ea5p nh\u1eadn \u0111\u01a1n \u0111\u1eb7t h\u00e0ng s\u1ed1 l\u01b0\u1ee3ng nh\u1ecf.","robots":{"index":"index","follow":"follow","max-snippet":"max-snippet:-1","max-image-preview":"max-image-preview:large","max-video-preview":"max-video-preview:-1"},"canonical":"https:\/\/www.dillerbottle.com\/vn\/cac-san-pham\/binh-chan-khong-thep-khong-gi-hai-lop","og_locale":"vi_VN","og_type":"article","og_title":"Double Wall Stainless Steel Vacuum Flask","og_description":"As one of the best double wall stainless steel vacuum flask manufacturers and suppliers, we are engaged in manufacturing good quality water bottles. We warmly welcome you to wholesale or buy custom made double wall stainless steel vacuum flask at competitive price from us. Also, small quantity orders are acceptable.","og_url":"https:\/\/www.dillerbottle.com\/vn\/cac-san-pham\/binh-chan-khong-thep-khong-gi-hai-lop","og_site_name":"Diller Water Bottle Manufacturer","article_modified_time":"2026-01-23T13:46:45+00:00","og_image":[{"width":730,"height":730,"url":"https:\/\/www.dillerbottle.com\/wp-content\/uploads\/2024\/09\/double-wall-stainless-steel-vacuum-flask10580714503.jpg","type":"image\/jpeg"}],"twitter_card":"summary_large_image","twitter_misc":{"\u01af\u1edbc t\u00ednh th\u1eddi gian \u0111\u1ecdc":"2 ph\u00fat"},"schema":{"@context":"https:\/\/schema.org","@graph":[{"@type":"WebPage","@id":"https:\/\/www.dillerbottle.com\/tr\/urunler\/cift-cidarli-paslanmaz-celik-vakumlu-matara","url":"https:\/\/www.dillerbottle.com\/tr\/urunler\/cift-cidarli-paslanmaz-celik-vakumlu-matara","name":"B\u00ecnh ch\u00e2n kh\u00f4ng th\u00e9p kh\u00f4ng g\u1ec9 hai l\u1edbp - Nh\u00e0 s\u1ea3n xu\u1ea5t b\u00ecnh n\u01b0\u1edbc Diller","isPartOf":{"@id":"https:\/\/www.dillerbottle.com\/#website"},"primaryImageOfPage":{"@id":"https:\/\/www.dillerbottle.com\/tr\/urunler\/cift-cidarli-paslanmaz-celik-vakumlu-matara#primaryimage"},"image":{"@id":"https:\/\/www.dillerbottle.com\/tr\/urunler\/cift-cidarli-paslanmaz-celik-vakumlu-matara#primaryimage"},"thumbnailUrl":"https:\/\/www.dillerbottle.com\/wp-content\/uploads\/2024\/09\/double-wall-stainless-steel-vacuum-flask10580714503.jpg","datePublished":"2024-09-29T06:54:58+00:00","dateModified":"2026-01-23T13:46:45+00:00","description":"L\u00e0 m\u1ed9t trong nh\u1eefng nh\u00e0 s\u1ea3n xu\u1ea5t v\u00e0 cung c\u1ea5p b\u00ecnh ch\u00e2n kh\u00f4ng b\u1eb1ng th\u00e9p kh\u00f4ng g\u1ec9 hai l\u1edbp t\u1ed1t nh\u1ea5t, ch\u00fang t\u00f4i tham gia s\u1ea3n xu\u1ea5t b\u00ecnh \u0111\u1ef1ng n\u01b0\u1edbc ch\u1ea5t l\u01b0\u1ee3ng t\u1ed1t. Ch\u00fang t\u00f4i n\u1ed3ng nhi\u1ec7t ch\u00e0o \u0111\u00f3n b\u1ea1n \u0111\u1ebfn b\u00e1n bu\u00f4n ho\u1eb7c mua b\u00ecnh ch\u00e2n kh\u00f4ng b\u1eb1ng th\u00e9p kh\u00f4ng g\u1ec9 hai l\u1edbp t\u00f9y ch\u1ec9nh v\u1edbi gi\u00e1 c\u1ea1nh tranh t\u1eeb ch\u00fang t\u00f4i. Ngo\u00e0i ra, ch\u00fang t\u00f4i c\u0169ng ch\u1ea5p nh\u1eadn \u0111\u01a1n \u0111\u1eb7t h\u00e0ng s\u1ed1 l\u01b0\u1ee3ng nh\u1ecf.","breadcrumb":{"@id":"https:\/\/www.dillerbottle.com\/tr\/urunler\/cift-cidarli-paslanmaz-celik-vakumlu-matara#breadcrumb"},"inLanguage":"vi","potentialAction":[{"@type":"ReadAction","target":["https:\/\/www.dillerbottle.com\/tr\/urunler\/cift-cidarli-paslanmaz-celik-vakumlu-matara"]}]},{"@type":"ImageObject","inLanguage":"vi","@id":"https:\/\/www.dillerbottle.com\/tr\/urunler\/cift-cidarli-paslanmaz-celik-vakumlu-matara#primaryimage","url":"https:\/\/www.dillerbottle.com\/wp-content\/uploads\/2024\/09\/double-wall-stainless-steel-vacuum-flask10580714503.jpg","contentUrl":"https:\/\/www.dillerbottle.com\/wp-content\/uploads\/2024\/09\/double-wall-stainless-steel-vacuum-flask10580714503.jpg","width":730,"height":730},{"@type":"BreadcrumbList","@id":"https:\/\/www.dillerbottle.com\/tr\/urunler\/cift-cidarli-paslanmaz-celik-vakumlu-matara#breadcrumb","itemListElement":[{"@type":"ListItem","position":1,"name":"Home","item":"https:\/\/www.dillerbottle.com\/"},{"@type":"ListItem","position":2,"name":"Products","item":"https:\/\/www.dillerbottle.com\/shop"},{"@type":"ListItem","position":3,"name":"Double Wall Stainless Steel Vacuum Flask"}]},{"@type":"WebSite","@id":"https:\/\/www.dillerbottle.com\/#website","url":"https:\/\/www.dillerbottle.com\/","name":"Nh\u00e0 s\u1ea3n xu\u1ea5t b\u00ecnh n\u01b0\u1edbc Diller","description":"Nh\u00e0 s\u1ea3n xu\u1ea5t b\u00ecnh n\u01b0\u1edbc","publisher":{"@id":"https:\/\/www.dillerbottle.com\/#organization"},"potentialAction":[{"@type":"SearchAction","target":{"@type":"EntryPoint","urlTemplate":"https:\/\/www.dillerbottle.com\/?s={search_term_string}"},"query-input":{"@type":"PropertyValueSpecification","valueRequired":true,"valueName":"search_term_string"}}],"inLanguage":"vi"},{"@type":"Organization","@id":"https:\/\/www.dillerbottle.com\/#organization","name":"Nh\u00e0 s\u1ea3n xu\u1ea5t b\u00ecnh n\u01b0\u1edbc Diller","url":"https:\/\/www.dillerbottle.com\/","logo":{"@type":"ImageObject","inLanguage":"vi","@id":"https:\/\/www.dillerbottle.com\/#\/schema\/logo\/image\/","url":"https:\/\/www.dillerbottle.com\/wp-content\/uploads\/2024\/09\/49918bfa848dcc1e9f8b509933603ac.png","contentUrl":"https:\/\/www.dillerbottle.com\/wp-content\/uploads\/2024\/09\/49918bfa848dcc1e9f8b509933603ac.png","width":988,"height":198,"caption":"Diller Water Bottle Manufacturer"},"image":{"@id":"https:\/\/www.dillerbottle.com\/#\/schema\/logo\/image\/"}}]}},"_links":{"self":[{"href":"https:\/\/www.dillerbottle.com\/vn\/wp-json\/wp\/v2\/product\/11263","targetHints":{"allow":["GET"]}}],"collection":[{"href":"https:\/\/www.dillerbottle.com\/vn\/wp-json\/wp\/v2\/product"}],"about":[{"href":"https:\/\/www.dillerbottle.com\/vn\/wp-json\/wp\/v2\/types\/product"}],"replies":[{"embeddable":true,"href":"https:\/\/www.dillerbottle.com\/vn\/wp-json\/wp\/v2\/comments?post=11263"}],"wp:featuredmedia":[{"embeddable":true,"href":"https:\/\/www.dillerbottle.com\/vn\/wp-json\/wp\/v2\/media\/11264"}],"wp:attachment":[{"href":"https:\/\/www.dillerbottle.com\/vn\/wp-json\/wp\/v2\/media?parent=11263"}],"wp:term":[{"taxonomy":"product_brand","embeddable":true,"href":"https:\/\/www.dillerbottle.com\/vn\/wp-json\/wp\/v2\/product_brand?post=11263"},{"taxonomy":"product_cat","embeddable":true,"href":"https:\/\/www.dillerbottle.com\/vn\/wp-json\/wp\/v2\/product_cat?post=11263"},{"taxonomy":"product_tag","embeddable":true,"href":"https:\/\/www.dillerbottle.com\/vn\/wp-json\/wp\/v2\/product_tag?post=11263"}],"curies":[{"name":"wp","href":"https:\/\/api.w.org\/{rel}","templated":true}]}}