{"id":11437,"date":"2024-09-29T14:57:09","date_gmt":"2024-09-29T06:57:09","guid":{"rendered":"https:\/\/demo.dillerbottle.com\/products\/stainless-thermos"},"modified":"2025-07-09T13:59:44","modified_gmt":"2025-07-09T05:59:44","slug":"binh-giu-nhiet-bang-thep-khong-gi-4","status":"publish","type":"product","link":"https:\/\/www.dillerbottle.com\/vn\/products\/stainless-thermos","title":{"rendered":"B\u00ecnh gi\u1eef nhi\u1ec7t b\u1eb1ng th\u00e9p kh\u00f4ng g\u1ec9"},"content":{"rendered":"<p>;;C\u00f4ng ngh\u1ec7 c\u00e1ch nhi\u1ec7t ch\u00e2n kh\u00f4ng hai l\u1edbp, b\u00ecnh gi\u1eef nhi\u1ec7t inox n\u00e0y c\u00f3 th\u1ec3 gi\u1eef l\u1ea1nh \u0111\u1ed3 u\u1ed1ng l\u00ean \u0111\u1ebfn 24 gi\u1edd v\u00e0 gi\u1eef n\u00f3ng l\u00ean \u0111\u1ebfn 12 gi\u1edd. N\u1eafp ch\u1ed1ng r\u00f2 r\u1ec9 \u0111\u01b0\u1ee3c v\u1eb7n ch\u1eb7t, b\u1ec1 m\u1eb7t ngo\u00e0i kh\u00f4ng b\u1ecb \u1ea9m \u01b0\u1edbt, b\u1ea1n c\u00f3 th\u1ec3 \u0111\u1ec3 b\u00ecnh \u1edf b\u1ea5t k\u1ef3 \u0111\u00e2u m\u00e0 kh\u00f4ng lo b\u1ecb \u0111\u1ed5, kh\u00f4ng g\u00e2y \u1ea9m \u01b0\u1edbt.;\u0110\u01b0\u1ee3c l\u00e0m t\u1eeb th\u00e9p kh\u00f4ng g\u1ec9 \u0111\u1ea1t ti\u00eau chu\u1ea9n an to\u00e0n th\u1ef1c ph\u1ea9m, kh\u00f4ng ch\u1ee9a h\u00f3a ch\u1ea5t hay m\u00f9i kim lo\u1ea1i, mang \u0111\u1ebfn cho b\u1ea1n nh\u1eefng th\u1ee9c u\u1ed1ng tinh khi\u1ebft v\u00e0 s\u1ea3ng kho\u00e1i nh\u1ea5t.;L\u1edbp ph\u1ee7 b\u1ed9t ch\u1ed1ng tr\u01b0\u1ee3t kh\u00f4ng b\u1ecb \u0111\u1ecdng n\u01b0\u1edbc v\u00e0 an to\u00e0n cho m\u00e1y r\u1eeda ch\u00e9n, gi\u00fap v\u1ec7 sinh d\u1ec5 d\u00e0ng v\u00e0 ti\u1ec7n l\u1ee3i.<br \/>\n1.; B\u00ecnh gi\u1eef nhi\u1ec7t b\u1eb1ng th\u00e9p kh\u00f4ng g\u1ec9 \u0111\u01b0\u1ee3c l\u00e0m b\u1eb1ng th\u00e9p kh\u00f4ng g\u1ec9 304 (18\/8) mang \u0111\u1ebfn s\u1ef1 ch\u1eafc ch\u1eafn cho m\u1ecdi d\u1ecbp d\u00f9 l\u00e0 \u0111i b\u1ed9 \u0111\u01b0\u1eddng d\u00e0i, \u0111\u1ea1p xe, c\u1eafm tr\u1ea1i, t\u1eadp th\u1ec3 d\u1ee5c hay ch\u1ec9 \u0111\u1ebfn v\u0103n ph\u00f2ng. Thi\u1ebft k\u1ebf \u0111\u1eb7c bi\u1ec7t c\u00f9ng v\u1edbi ch\u1ea5t li\u1ec7u c\u1ee7a n\u00f3 l\u00e0 minh ch\u1ee9ng cho \u0111\u1ed9 b\u1ec1n c\u1ee7a n\u00f3.<\/p>\n<p>2.;Chai v\u00e0 n\u1eafp \u0111\u01b0\u1ee3c l\u00e0m t\u1eeb v\u1eadt li\u1ec7u kh\u00f4ng ch\u1ee9a BPA v\u00e0 th\u00e9p \u0111\u1ea1t ti\u00eau chu\u1ea9n an to\u00e0n th\u1ef1c ph\u1ea9m. S\u1ea3n ph\u1ea9m kh\u00f4ng ch\u1ee9a ch\u1ea5t \u0111\u1ed9c h\u1ea1i v\u00e0 an to\u00e0n cho ng\u01b0\u1eddi ti\u00eau d\u00f9ng s\u1eed d\u1ee5ng v\u00e0 u\u1ed1ng tr\u1ef1c ti\u1ebfp.<\/p>\n<p>3. N\u1eafp th\u00e9p kh\u00f4ng g\u1ec9 c\u00e1ch nhi\u1ec7t \u0111\u01b0\u1ee3c thi\u1ebft k\u1ebf \u0111\u1eb7c bi\u1ec7t c\u00f3 kh\u1ea3 n\u0103ng ch\u1ed1ng r\u00f2 r\u1ec9 v\u00e0 c\u00f3 ren ch\u1eafc ch\u1eafn gi\u00fap n\u00f3 \u0111\u01b0\u1ee3c g\u1eafn ch\u1eb7t. V\u00f2ng silicone ch\u1ea5t l\u01b0\u1ee3ng cao \u0111\u1ea3m b\u1ea3o kh\u00f4ng r\u00f2 r\u1ec9 ngay c\u1ea3 khi b\u1ecb l\u1eadt \u0111\u1ed5 ho\u1eb7c l\u1eafc m\u1ea1nh.<\/p>\n<p>4.; C\u1ea5u tr\u00fac ch\u00e2n kh\u00f4ng hai l\u1edbp c\u00f3 th\u1ec3 gi\u1eef nhi\u1ec7t \u0111\u1ed9 c\u1ee7a n\u01b0\u1edbc n\u00f3ng\/l\u1ea1nh l\u00e2u h\u01a1n<\/p>","protected":false},"excerpt":{"rendered":"<p>C\u00f4ng ngh\u1ec7 c\u00e1ch nhi\u1ec7t ch\u00e2n kh\u00f4ng hai l\u1edbp, b\u00ecnh gi\u1eef nhi\u1ec7t b\u1eb1ng th\u00e9p kh\u00f4ng g\u1ec9 n\u00e0y c\u00f3 kh\u1ea3 n\u0103ng gi\u1eef l\u1ea1nh hi\u1ec7u qu\u1ea3 t\u1edbi 24 gi\u1edd v\u00e0 gi\u1eef n\u00f3ng t\u1edbi 12 gi\u1edd.<br \/>\nN\u1eafp ch\u1ed1ng r\u00f2 r\u1ec9 \u0111\u01b0\u1ee3c v\u1eb7n ch\u1eb7t v\u00e0 kh\u00f4ng th\u1ea5m m\u1ed3 h\u00f4i \u1edf b\u00ean ngo\u00e0i, b\u1ea1n c\u00f3 th\u1ec3 c\u1ea5t gi\u1eef \u1edf b\u1ea5t c\u1ee9 \u0111\u00e2u b\u1ea1n mu\u1ed1n m\u00e0 kh\u00f4ng lo b\u1ecb \u0111\u1ed5, kh\u00f4ng b\u1ecb \u1ea9m \u01b0\u1edbt.<br \/>\n\u0110\u01b0\u1ee3c l\u00e0m t\u1eeb th\u1ef1c ph\u1ea9m\u2026<\/p>","protected":false},"featured_media":11438,"comment_status":"open","ping_status":"closed","template":"","meta":{"_acf_changed":false},"product_brand":[],"product_cat":[18],"product_tag":[766,32,36,33,31,39,38,29,37,762,724,34,815,35,967,28,735,870,30],"class_list":{"0":"post-11437","1":"product","2":"type-product","3":"status-publish","4":"has-post-thumbnail","6":"product_cat-insulated-water-bottle","7":"product_tag-aesthetic-water-bottle","8":"product_tag-best","9":"product_tag-bulk","10":"product_tag-buy","11":"product_tag-custom","12":"product_tag-for-sale","13":"product_tag-good-quality","14":"product_tag-manufacturers","15":"product_tag-manufacturing","16":"product_tag-nice-water-bottle","17":"product_tag-personalised-water-bottles","18":"product_tag-price","19":"product_tag-reusable-water-bottles","20":"product_tag-small","21":"product_tag-stainless-thermos","22":"product_tag-suppliers","23":"product_tag-temperature-display-smart-thermos-water-bottle","24":"product_tag-water-bottle-gift-set","25":"product_tag-wholesale","27":"first","28":"instock","29":"shipping-taxable","30":"product-type-simple"},"acf":[],"yoast_head":"<!-- This site is optimized with the Yoast SEO Premium plugin v27.5 (Yoast SEO v27.6) - https:\/\/yoast.com\/product\/yoast-seo-premium-wordpress\/ -->\n<title>Stainless Thermos - Diller Water Bottle Manufacturer<\/title>\n<meta name=\"description\" content=\"As one of the best stainless thermos manufacturers and suppliers, we are engaged in manufacturing good quality water bottles. We warmly welcome you to wholesale or buy custom made stainless thermos at competitive price from us. Also, small quantity orders are acceptable.\" \/>\n<meta name=\"robots\" content=\"index, follow, max-snippet:-1, max-image-preview:large, max-video-preview:-1\" \/>\n<link rel=\"canonical\" href=\"https:\/\/www.dillerbottle.com\/vn\/cac-san-pham\/binh-giu-nhiet-bang-thep-khong-gi-4\" \/>\n<meta property=\"og:locale\" content=\"vi_VN\" \/>\n<meta property=\"og:type\" content=\"article\" \/>\n<meta property=\"og:title\" content=\"Stainless Thermos\" \/>\n<meta property=\"og:description\" content=\"As one of the best stainless thermos manufacturers and suppliers, we are engaged in manufacturing good quality water bottles. We warmly welcome you to wholesale or buy custom made stainless thermos at competitive price from us. Also, small quantity orders are acceptable.\" \/>\n<meta property=\"og:url\" content=\"https:\/\/www.dillerbottle.com\/vn\/cac-san-pham\/binh-giu-nhiet-bang-thep-khong-gi-4\" \/>\n<meta property=\"og:site_name\" content=\"Diller Water Bottle Manufacturer\" \/>\n<meta property=\"article:modified_time\" content=\"2025-07-09T05:59:44+00:00\" \/>\n<meta property=\"og:image\" content=\"https:\/\/www.dillerbottle.com\/wp-content\/uploads\/2024\/09\/stainless-thermos21041963025.jpg\" \/>\n\t<meta property=\"og:image:width\" content=\"730\" \/>\n\t<meta property=\"og:image:height\" content=\"730\" \/>\n\t<meta property=\"og:image:type\" content=\"image\/jpeg\" \/>\n<meta name=\"twitter:card\" content=\"summary_large_image\" \/>\n<meta name=\"twitter:label1\" content=\"\u01af\u1edbc t\u00ednh th\u1eddi gian \u0111\u1ecdc\" \/>\n\t<meta name=\"twitter:data1\" content=\"3 ph\u00fat\" \/>\n<script type=\"application\/ld+json\" class=\"yoast-schema-graph\">{\"@context\":\"https:\\\/\\\/schema.org\",\"@graph\":[{\"@type\":\"WebPage\",\"@id\":\"https:\\\/\\\/www.dillerbottle.com\\\/th\\\/%e0%b8%aa%e0%b8%b4%e0%b8%99%e0%b8%84%e0%b9%89%e0%b8%b2\\\/%e0%b8%81%e0%b8%a3%e0%b8%b0%e0%b8%95%e0%b8%b4%e0%b8%81%e0%b8%99%e0%b9%89%e0%b8%b3%e0%b8%a3%e0%b9%89%e0%b8%ad%e0%b8%99%e0%b8%aa%e0%b9%81%e0%b8%95%e0%b8%99%e0%b9%80%e0%b8%a5%e0%b8%aa-2\",\"url\":\"https:\\\/\\\/www.dillerbottle.com\\\/th\\\/%e0%b8%aa%e0%b8%b4%e0%b8%99%e0%b8%84%e0%b9%89%e0%b8%b2\\\/%e0%b8%81%e0%b8%a3%e0%b8%b0%e0%b8%95%e0%b8%b4%e0%b8%81%e0%b8%99%e0%b9%89%e0%b8%b3%e0%b8%a3%e0%b9%89%e0%b8%ad%e0%b8%99%e0%b8%aa%e0%b9%81%e0%b8%95%e0%b8%99%e0%b9%80%e0%b8%a5%e0%b8%aa-2\",\"name\":\"Stainless Thermos - Diller Water Bottle Manufacturer\",\"isPartOf\":{\"@id\":\"https:\\\/\\\/www.dillerbottle.com\\\/#website\"},\"primaryImageOfPage\":{\"@id\":\"https:\\\/\\\/www.dillerbottle.com\\\/th\\\/%e0%b8%aa%e0%b8%b4%e0%b8%99%e0%b8%84%e0%b9%89%e0%b8%b2\\\/%e0%b8%81%e0%b8%a3%e0%b8%b0%e0%b8%95%e0%b8%b4%e0%b8%81%e0%b8%99%e0%b9%89%e0%b8%b3%e0%b8%a3%e0%b9%89%e0%b8%ad%e0%b8%99%e0%b8%aa%e0%b9%81%e0%b8%95%e0%b8%99%e0%b9%80%e0%b8%a5%e0%b8%aa-2#primaryimage\"},\"image\":{\"@id\":\"https:\\\/\\\/www.dillerbottle.com\\\/th\\\/%e0%b8%aa%e0%b8%b4%e0%b8%99%e0%b8%84%e0%b9%89%e0%b8%b2\\\/%e0%b8%81%e0%b8%a3%e0%b8%b0%e0%b8%95%e0%b8%b4%e0%b8%81%e0%b8%99%e0%b9%89%e0%b8%b3%e0%b8%a3%e0%b9%89%e0%b8%ad%e0%b8%99%e0%b8%aa%e0%b9%81%e0%b8%95%e0%b8%99%e0%b9%80%e0%b8%a5%e0%b8%aa-2#primaryimage\"},\"thumbnailUrl\":\"https:\\\/\\\/www.dillerbottle.com\\\/wp-content\\\/uploads\\\/2024\\\/09\\\/stainless-thermos21041963025.jpg\",\"datePublished\":\"2024-09-29T06:57:09+00:00\",\"dateModified\":\"2025-07-09T05:59:44+00:00\",\"description\":\"As one of the best stainless thermos manufacturers and suppliers, we are engaged in manufacturing good quality water bottles. We warmly welcome you to wholesale or buy custom made stainless thermos at competitive price from us. Also, small quantity orders are acceptable.\",\"breadcrumb\":{\"@id\":\"https:\\\/\\\/www.dillerbottle.com\\\/th\\\/%e0%b8%aa%e0%b8%b4%e0%b8%99%e0%b8%84%e0%b9%89%e0%b8%b2\\\/%e0%b8%81%e0%b8%a3%e0%b8%b0%e0%b8%95%e0%b8%b4%e0%b8%81%e0%b8%99%e0%b9%89%e0%b8%b3%e0%b8%a3%e0%b9%89%e0%b8%ad%e0%b8%99%e0%b8%aa%e0%b9%81%e0%b8%95%e0%b8%99%e0%b9%80%e0%b8%a5%e0%b8%aa-2#breadcrumb\"},\"inLanguage\":\"vi\",\"potentialAction\":[{\"@type\":\"ReadAction\",\"target\":[\"https:\\\/\\\/www.dillerbottle.com\\\/th\\\/%e0%b8%aa%e0%b8%b4%e0%b8%99%e0%b8%84%e0%b9%89%e0%b8%b2\\\/%e0%b8%81%e0%b8%a3%e0%b8%b0%e0%b8%95%e0%b8%b4%e0%b8%81%e0%b8%99%e0%b9%89%e0%b8%b3%e0%b8%a3%e0%b9%89%e0%b8%ad%e0%b8%99%e0%b8%aa%e0%b9%81%e0%b8%95%e0%b8%99%e0%b9%80%e0%b8%a5%e0%b8%aa-2\"]}]},{\"@type\":\"ImageObject\",\"inLanguage\":\"vi\",\"@id\":\"https:\\\/\\\/www.dillerbottle.com\\\/th\\\/%e0%b8%aa%e0%b8%b4%e0%b8%99%e0%b8%84%e0%b9%89%e0%b8%b2\\\/%e0%b8%81%e0%b8%a3%e0%b8%b0%e0%b8%95%e0%b8%b4%e0%b8%81%e0%b8%99%e0%b9%89%e0%b8%b3%e0%b8%a3%e0%b9%89%e0%b8%ad%e0%b8%99%e0%b8%aa%e0%b9%81%e0%b8%95%e0%b8%99%e0%b9%80%e0%b8%a5%e0%b8%aa-2#primaryimage\",\"url\":\"https:\\\/\\\/www.dillerbottle.com\\\/wp-content\\\/uploads\\\/2024\\\/09\\\/stainless-thermos21041963025.jpg\",\"contentUrl\":\"https:\\\/\\\/www.dillerbottle.com\\\/wp-content\\\/uploads\\\/2024\\\/09\\\/stainless-thermos21041963025.jpg\",\"width\":730,\"height\":730},{\"@type\":\"BreadcrumbList\",\"@id\":\"https:\\\/\\\/www.dillerbottle.com\\\/th\\\/%e0%b8%aa%e0%b8%b4%e0%b8%99%e0%b8%84%e0%b9%89%e0%b8%b2\\\/%e0%b8%81%e0%b8%a3%e0%b8%b0%e0%b8%95%e0%b8%b4%e0%b8%81%e0%b8%99%e0%b9%89%e0%b8%b3%e0%b8%a3%e0%b9%89%e0%b8%ad%e0%b8%99%e0%b8%aa%e0%b9%81%e0%b8%95%e0%b8%99%e0%b9%80%e0%b8%a5%e0%b8%aa-2#breadcrumb\",\"itemListElement\":[{\"@type\":\"ListItem\",\"position\":1,\"name\":\"Home\",\"item\":\"https:\\\/\\\/www.dillerbottle.com\\\/\"},{\"@type\":\"ListItem\",\"position\":2,\"name\":\"Products\",\"item\":\"https:\\\/\\\/www.dillerbottle.com\\\/shop\"},{\"@type\":\"ListItem\",\"position\":3,\"name\":\"Stainless Thermos\"}]},{\"@type\":\"WebSite\",\"@id\":\"https:\\\/\\\/www.dillerbottle.com\\\/#website\",\"url\":\"https:\\\/\\\/www.dillerbottle.com\\\/\",\"name\":\"Diller Water Bottle Manufacturer\",\"description\":\"Water Bottle Manufacturer\",\"publisher\":{\"@id\":\"https:\\\/\\\/www.dillerbottle.com\\\/#organization\"},\"potentialAction\":[{\"@type\":\"SearchAction\",\"target\":{\"@type\":\"EntryPoint\",\"urlTemplate\":\"https:\\\/\\\/www.dillerbottle.com\\\/?s={search_term_string}\"},\"query-input\":{\"@type\":\"PropertyValueSpecification\",\"valueRequired\":true,\"valueName\":\"search_term_string\"}}],\"inLanguage\":\"vi\"},{\"@type\":\"Organization\",\"@id\":\"https:\\\/\\\/www.dillerbottle.com\\\/#organization\",\"name\":\"Diller Water Bottle Manufacturer\",\"url\":\"https:\\\/\\\/www.dillerbottle.com\\\/\",\"logo\":{\"@type\":\"ImageObject\",\"inLanguage\":\"vi\",\"@id\":\"https:\\\/\\\/www.dillerbottle.com\\\/#\\\/schema\\\/logo\\\/image\\\/\",\"url\":\"https:\\\/\\\/www.dillerbottle.com\\\/wp-content\\\/uploads\\\/2024\\\/09\\\/49918bfa848dcc1e9f8b509933603ac.png\",\"contentUrl\":\"https:\\\/\\\/www.dillerbottle.com\\\/wp-content\\\/uploads\\\/2024\\\/09\\\/49918bfa848dcc1e9f8b509933603ac.png\",\"width\":988,\"height\":198,\"caption\":\"Diller Water Bottle Manufacturer\"},\"image\":{\"@id\":\"https:\\\/\\\/www.dillerbottle.com\\\/#\\\/schema\\\/logo\\\/image\\\/\"}}]}<\/script>\n<!-- \/ Yoast SEO Premium plugin. -->","yoast_head_json":{"title":"Nh\u00e0 s\u1ea3n xu\u1ea5t b\u00ecnh n\u01b0\u1edbc Thermos - Diller b\u1eb1ng th\u00e9p kh\u00f4ng g\u1ec9","description":"L\u00e0 m\u1ed9t trong nh\u1eefng nh\u00e0 s\u1ea3n xu\u1ea5t v\u00e0 cung c\u1ea5p ph\u00edch n\u01b0\u1edbc b\u1eb1ng th\u00e9p kh\u00f4ng g\u1ec9 t\u1ed1t nh\u1ea5t, ch\u00fang t\u00f4i tham gia s\u1ea3n xu\u1ea5t b\u00ecnh \u0111\u1ef1ng n\u01b0\u1edbc ch\u1ea5t l\u01b0\u1ee3ng t\u1ed1t. Ch\u00fang t\u00f4i n\u1ed3ng nhi\u1ec7t ch\u00e0o \u0111\u00f3n b\u1ea1n \u0111\u1ebfn b\u00e1n bu\u00f4n ho\u1eb7c mua ph\u00edch n\u01b0\u1edbc b\u1eb1ng th\u00e9p kh\u00f4ng g\u1ec9 t\u00f9y ch\u1ec9nh v\u1edbi gi\u00e1 c\u1ea3 c\u1ea1nh tranh t\u1eeb ch\u00fang t\u00f4i. Ngo\u00e0i ra, ch\u00fang t\u00f4i c\u0169ng ch\u1ea5p nh\u1eadn \u0111\u01a1n \u0111\u1eb7t h\u00e0ng s\u1ed1 l\u01b0\u1ee3ng nh\u1ecf.","robots":{"index":"index","follow":"follow","max-snippet":"max-snippet:-1","max-image-preview":"max-image-preview:large","max-video-preview":"max-video-preview:-1"},"canonical":"https:\/\/www.dillerbottle.com\/vn\/cac-san-pham\/binh-giu-nhiet-bang-thep-khong-gi-4","og_locale":"vi_VN","og_type":"article","og_title":"Stainless Thermos","og_description":"As one of the best stainless thermos manufacturers and suppliers, we are engaged in manufacturing good quality water bottles. We warmly welcome you to wholesale or buy custom made stainless thermos at competitive price from us. Also, small quantity orders are acceptable.","og_url":"https:\/\/www.dillerbottle.com\/vn\/cac-san-pham\/binh-giu-nhiet-bang-thep-khong-gi-4","og_site_name":"Diller Water Bottle Manufacturer","article_modified_time":"2025-07-09T05:59:44+00:00","og_image":[{"width":730,"height":730,"url":"https:\/\/www.dillerbottle.com\/wp-content\/uploads\/2024\/09\/stainless-thermos21041963025.jpg","type":"image\/jpeg"}],"twitter_card":"summary_large_image","twitter_misc":{"\u01af\u1edbc t\u00ednh th\u1eddi gian \u0111\u1ecdc":"3 ph\u00fat"},"schema":{"@context":"https:\/\/schema.org","@graph":[{"@type":"WebPage","@id":"https:\/\/www.dillerbottle.com\/th\/%e0%b8%aa%e0%b8%b4%e0%b8%99%e0%b8%84%e0%b9%89%e0%b8%b2\/%e0%b8%81%e0%b8%a3%e0%b8%b0%e0%b8%95%e0%b8%b4%e0%b8%81%e0%b8%99%e0%b9%89%e0%b8%b3%e0%b8%a3%e0%b9%89%e0%b8%ad%e0%b8%99%e0%b8%aa%e0%b9%81%e0%b8%95%e0%b8%99%e0%b9%80%e0%b8%a5%e0%b8%aa-2","url":"https:\/\/www.dillerbottle.com\/th\/%e0%b8%aa%e0%b8%b4%e0%b8%99%e0%b8%84%e0%b9%89%e0%b8%b2\/%e0%b8%81%e0%b8%a3%e0%b8%b0%e0%b8%95%e0%b8%b4%e0%b8%81%e0%b8%99%e0%b9%89%e0%b8%b3%e0%b8%a3%e0%b9%89%e0%b8%ad%e0%b8%99%e0%b8%aa%e0%b9%81%e0%b8%95%e0%b8%99%e0%b9%80%e0%b8%a5%e0%b8%aa-2","name":"Nh\u00e0 s\u1ea3n xu\u1ea5t b\u00ecnh n\u01b0\u1edbc Thermos - Diller b\u1eb1ng th\u00e9p kh\u00f4ng g\u1ec9","isPartOf":{"@id":"https:\/\/www.dillerbottle.com\/#website"},"primaryImageOfPage":{"@id":"https:\/\/www.dillerbottle.com\/th\/%e0%b8%aa%e0%b8%b4%e0%b8%99%e0%b8%84%e0%b9%89%e0%b8%b2\/%e0%b8%81%e0%b8%a3%e0%b8%b0%e0%b8%95%e0%b8%b4%e0%b8%81%e0%b8%99%e0%b9%89%e0%b8%b3%e0%b8%a3%e0%b9%89%e0%b8%ad%e0%b8%99%e0%b8%aa%e0%b9%81%e0%b8%95%e0%b8%99%e0%b9%80%e0%b8%a5%e0%b8%aa-2#primaryimage"},"image":{"@id":"https:\/\/www.dillerbottle.com\/th\/%e0%b8%aa%e0%b8%b4%e0%b8%99%e0%b8%84%e0%b9%89%e0%b8%b2\/%e0%b8%81%e0%b8%a3%e0%b8%b0%e0%b8%95%e0%b8%b4%e0%b8%81%e0%b8%99%e0%b9%89%e0%b8%b3%e0%b8%a3%e0%b9%89%e0%b8%ad%e0%b8%99%e0%b8%aa%e0%b9%81%e0%b8%95%e0%b8%99%e0%b9%80%e0%b8%a5%e0%b8%aa-2#primaryimage"},"thumbnailUrl":"https:\/\/www.dillerbottle.com\/wp-content\/uploads\/2024\/09\/stainless-thermos21041963025.jpg","datePublished":"2024-09-29T06:57:09+00:00","dateModified":"2025-07-09T05:59:44+00:00","description":"L\u00e0 m\u1ed9t trong nh\u1eefng nh\u00e0 s\u1ea3n xu\u1ea5t v\u00e0 cung c\u1ea5p ph\u00edch n\u01b0\u1edbc b\u1eb1ng th\u00e9p kh\u00f4ng g\u1ec9 t\u1ed1t nh\u1ea5t, ch\u00fang t\u00f4i tham gia s\u1ea3n xu\u1ea5t b\u00ecnh \u0111\u1ef1ng n\u01b0\u1edbc ch\u1ea5t l\u01b0\u1ee3ng t\u1ed1t. Ch\u00fang t\u00f4i n\u1ed3ng nhi\u1ec7t ch\u00e0o \u0111\u00f3n b\u1ea1n \u0111\u1ebfn b\u00e1n bu\u00f4n ho\u1eb7c mua ph\u00edch n\u01b0\u1edbc b\u1eb1ng th\u00e9p kh\u00f4ng g\u1ec9 t\u00f9y ch\u1ec9nh v\u1edbi gi\u00e1 c\u1ea3 c\u1ea1nh tranh t\u1eeb ch\u00fang t\u00f4i. Ngo\u00e0i ra, ch\u00fang t\u00f4i c\u0169ng ch\u1ea5p nh\u1eadn \u0111\u01a1n \u0111\u1eb7t h\u00e0ng s\u1ed1 l\u01b0\u1ee3ng nh\u1ecf.","breadcrumb":{"@id":"https:\/\/www.dillerbottle.com\/th\/%e0%b8%aa%e0%b8%b4%e0%b8%99%e0%b8%84%e0%b9%89%e0%b8%b2\/%e0%b8%81%e0%b8%a3%e0%b8%b0%e0%b8%95%e0%b8%b4%e0%b8%81%e0%b8%99%e0%b9%89%e0%b8%b3%e0%b8%a3%e0%b9%89%e0%b8%ad%e0%b8%99%e0%b8%aa%e0%b9%81%e0%b8%95%e0%b8%99%e0%b9%80%e0%b8%a5%e0%b8%aa-2#breadcrumb"},"inLanguage":"vi","potentialAction":[{"@type":"ReadAction","target":["https:\/\/www.dillerbottle.com\/th\/%e0%b8%aa%e0%b8%b4%e0%b8%99%e0%b8%84%e0%b9%89%e0%b8%b2\/%e0%b8%81%e0%b8%a3%e0%b8%b0%e0%b8%95%e0%b8%b4%e0%b8%81%e0%b8%99%e0%b9%89%e0%b8%b3%e0%b8%a3%e0%b9%89%e0%b8%ad%e0%b8%99%e0%b8%aa%e0%b9%81%e0%b8%95%e0%b8%99%e0%b9%80%e0%b8%a5%e0%b8%aa-2"]}]},{"@type":"ImageObject","inLanguage":"vi","@id":"https:\/\/www.dillerbottle.com\/th\/%e0%b8%aa%e0%b8%b4%e0%b8%99%e0%b8%84%e0%b9%89%e0%b8%b2\/%e0%b8%81%e0%b8%a3%e0%b8%b0%e0%b8%95%e0%b8%b4%e0%b8%81%e0%b8%99%e0%b9%89%e0%b8%b3%e0%b8%a3%e0%b9%89%e0%b8%ad%e0%b8%99%e0%b8%aa%e0%b9%81%e0%b8%95%e0%b8%99%e0%b9%80%e0%b8%a5%e0%b8%aa-2#primaryimage","url":"https:\/\/www.dillerbottle.com\/wp-content\/uploads\/2024\/09\/stainless-thermos21041963025.jpg","contentUrl":"https:\/\/www.dillerbottle.com\/wp-content\/uploads\/2024\/09\/stainless-thermos21041963025.jpg","width":730,"height":730},{"@type":"BreadcrumbList","@id":"https:\/\/www.dillerbottle.com\/th\/%e0%b8%aa%e0%b8%b4%e0%b8%99%e0%b8%84%e0%b9%89%e0%b8%b2\/%e0%b8%81%e0%b8%a3%e0%b8%b0%e0%b8%95%e0%b8%b4%e0%b8%81%e0%b8%99%e0%b9%89%e0%b8%b3%e0%b8%a3%e0%b9%89%e0%b8%ad%e0%b8%99%e0%b8%aa%e0%b9%81%e0%b8%95%e0%b8%99%e0%b9%80%e0%b8%a5%e0%b8%aa-2#breadcrumb","itemListElement":[{"@type":"ListItem","position":1,"name":"Home","item":"https:\/\/www.dillerbottle.com\/"},{"@type":"ListItem","position":2,"name":"Products","item":"https:\/\/www.dillerbottle.com\/shop"},{"@type":"ListItem","position":3,"name":"Stainless Thermos"}]},{"@type":"WebSite","@id":"https:\/\/www.dillerbottle.com\/#website","url":"https:\/\/www.dillerbottle.com\/","name":"Nh\u00e0 s\u1ea3n xu\u1ea5t b\u00ecnh n\u01b0\u1edbc Diller","description":"Nh\u00e0 s\u1ea3n xu\u1ea5t b\u00ecnh n\u01b0\u1edbc","publisher":{"@id":"https:\/\/www.dillerbottle.com\/#organization"},"potentialAction":[{"@type":"SearchAction","target":{"@type":"EntryPoint","urlTemplate":"https:\/\/www.dillerbottle.com\/?s={search_term_string}"},"query-input":{"@type":"PropertyValueSpecification","valueRequired":true,"valueName":"search_term_string"}}],"inLanguage":"vi"},{"@type":"Organization","@id":"https:\/\/www.dillerbottle.com\/#organization","name":"Nh\u00e0 s\u1ea3n xu\u1ea5t b\u00ecnh n\u01b0\u1edbc Diller","url":"https:\/\/www.dillerbottle.com\/","logo":{"@type":"ImageObject","inLanguage":"vi","@id":"https:\/\/www.dillerbottle.com\/#\/schema\/logo\/image\/","url":"https:\/\/www.dillerbottle.com\/wp-content\/uploads\/2024\/09\/49918bfa848dcc1e9f8b509933603ac.png","contentUrl":"https:\/\/www.dillerbottle.com\/wp-content\/uploads\/2024\/09\/49918bfa848dcc1e9f8b509933603ac.png","width":988,"height":198,"caption":"Diller Water Bottle Manufacturer"},"image":{"@id":"https:\/\/www.dillerbottle.com\/#\/schema\/logo\/image\/"}}]}},"_links":{"self":[{"href":"https:\/\/www.dillerbottle.com\/vn\/wp-json\/wp\/v2\/product\/11437","targetHints":{"allow":["GET"]}}],"collection":[{"href":"https:\/\/www.dillerbottle.com\/vn\/wp-json\/wp\/v2\/product"}],"about":[{"href":"https:\/\/www.dillerbottle.com\/vn\/wp-json\/wp\/v2\/types\/product"}],"replies":[{"embeddable":true,"href":"https:\/\/www.dillerbottle.com\/vn\/wp-json\/wp\/v2\/comments?post=11437"}],"wp:featuredmedia":[{"embeddable":true,"href":"https:\/\/www.dillerbottle.com\/vn\/wp-json\/wp\/v2\/media\/11438"}],"wp:attachment":[{"href":"https:\/\/www.dillerbottle.com\/vn\/wp-json\/wp\/v2\/media?parent=11437"}],"wp:term":[{"taxonomy":"product_brand","embeddable":true,"href":"https:\/\/www.dillerbottle.com\/vn\/wp-json\/wp\/v2\/product_brand?post=11437"},{"taxonomy":"product_cat","embeddable":true,"href":"https:\/\/www.dillerbottle.com\/vn\/wp-json\/wp\/v2\/product_cat?post=11437"},{"taxonomy":"product_tag","embeddable":true,"href":"https:\/\/www.dillerbottle.com\/vn\/wp-json\/wp\/v2\/product_tag?post=11437"}],"curies":[{"name":"wp","href":"https:\/\/api.w.org\/{rel}","templated":true}]}}