{"id":11509,"date":"2024-09-29T14:57:57","date_gmt":"2024-09-29T06:57:57","guid":{"rendered":"https:\/\/demo.dillerbottle.com\/products\/hot-and-cold-thermos"},"modified":"2026-02-05T21:00:53","modified_gmt":"2026-02-05T13:00:53","slug":"binh-giu-nhiet-nong-va-lanh","status":"publish","type":"product","link":"https:\/\/www.dillerbottle.com\/vn\/products\/hot-and-cold-thermos","title":{"rendered":"B\u00ecnh gi\u1eef nhi\u1ec7t n\u00f3ng l\u1ea1nh"},"content":{"rendered":"<p>B\u00ecnh gi\u1eef nhi\u1ec7t n\u00f3ng l\u1ea1nh \u0111\u01b0\u1ee3c l\u00e0m b\u1eb1ng th\u00e9p kh\u00f4ng g\u1ec9 316, k\u1ebft c\u1ea5u c\u00e1ch nhi\u1ec7t ch\u00e2n kh\u00f4ng hai l\u1edbp gi\u1eef \u0111\u1ed3 u\u1ed1ng l\u1ea1nh ho\u1eb7c n\u00f3ng trong 12~24 gi\u1edd, 100% kh\u00f4ng ch\u1ee9a BPA v\u00e0 kh\u00f4ng \u0111\u1ed9c h\u1ea1i. N\u00f3 s\u1ebd kh\u00f4ng bao gi\u1edd \u0111\u1ec3 l\u1ea1i m\u00f9i kim lo\u1ea1i ho\u1eb7c r\u1ec9 s\u00e9t.; Thi\u1ebft k\u1ebf b\u00ecnh gi\u1eef nhi\u1ec7t n\u00f3ng l\u1ea1nh hi\u1ec7n \u0111\u1ee7 nh\u1ecf g\u1ecdn \u0111\u1ec3 v\u1eeba v\u1edbi b\u00e0n tay nh\u1ecf, t\u00fai ba l\u00f4 v\u00e0 h\u1ed9p \u0111\u1ef1ng \u0111\u1ed3 \u0103n tr\u01b0a. 1.; B\u00ecnh gi\u1eef nhi\u1ec7t c\u1ee1 nh\u1ecf n\u00e0y \u0111\u01b0\u1ee3c l\u00e0m b\u1eb1ng th\u00e9p kh\u00f4ng g\u1ec9 316 b\u1ec1n v\u00e0 c\u00f3 hai l\u1edbp c\u00e1ch nhi\u1ec7t \u0111\u1ec3 gi\u1eef n\u01b0\u1edbc n\u00f3ng ho\u1eb7c l\u1ea1nh trong t\u1ed1i \u0111a 12~24 gi\u1edd.;<br \/>\n2.; K\u00edch th\u01b0\u1edbc nh\u1ecf v\u00e0 thi\u1ebft k\u1ebf nh\u1eb9 gi\u00fap b\u1ea1n d\u1ec5 d\u00e0ng c\u1ea5t gi\u1eef v\u00e0 mang theo b\u00ean m\u00ecnh, r\u1ea5t ph\u00f9 h\u1ee3p cho ng\u01b0\u1eddi l\u1edbn khi di chuy\u1ec3n trong khi \u0111\u1ee7 nh\u1ecf cho tr\u1ebb m\u1edbi bi\u1ebft \u0111i v\u00e0 tr\u1ebb em. B\u00ecnh gi\u1eef nhi\u1ec7t nh\u1ecf g\u1ecdn n\u00e0y c\u00f3 k\u00edch th\u01b0\u1edbc l\u00fd t\u01b0\u1edfng cho b\u00e0n tay nh\u1ecf c\u1ee7a tr\u1ebb. C\u00f3 th\u1ec3 \u0111\u1eb7t b\u00ecnh tr\u00ean b\u00e0n l\u00e0m vi\u1ec7c, t\u1ee7 \u0111\u1ea7u gi\u01b0\u1eddng ho\u1eb7c trong gi\u00e1 \u0111\u1ec3 c\u1ed1c tr\u00ean \u00f4 t\u00f4 \u0111\u1ec3 d\u1ec5 d\u00e0ng l\u1ea5y \u0111\u1ed3 u\u1ed1ng c\u1ee7a b\u1ea1n.<br \/>\n3. Thi\u1ebft k\u1ebf ch\u1ed1ng tr\u01b0\u1ee3t \u0111\u1ed9c \u0111\u00e1o c\u1ee7a n\u1eafp v\u00e0 v\u00f2ng \u0111\u1ec7m silicon c\u1ea5p th\u1ef1c ph\u1ea9m b\u00ean trong gi\u00fap c\u1ea3i thi\u1ec7n kh\u1ea3 n\u0103ng ch\u1ed1ng r\u00f2 r\u1ec9 c\u1ee7a b\u00ecnh.<\/p>","protected":false},"excerpt":{"rendered":"<p>B\u00ecnh gi\u1eef nhi\u1ec7t n\u00f3ng l\u1ea1nh \u0111\u01b0\u1ee3c l\u00e0m b\u1eb1ng th\u00e9p kh\u00f4ng g\u1ec9 316, k\u1ebft c\u1ea5u c\u00e1ch nhi\u1ec7t ch\u00e2n kh\u00f4ng hai l\u1edbp, gi\u1eef \u0111\u1ed3 u\u1ed1ng l\u1ea1nh ho\u1eb7c n\u00f3ng trong 12~24 gi\u1edd, 100% kh\u00f4ng ch\u1ee9a BPA v\u00e0 kh\u00f4ng \u0111\u1ed9c h\u1ea1i.<br \/>\nN\u00f3 s\u1ebd kh\u00f4ng bao gi\u1edd \u0111\u1ec3 l\u1ea1i m\u00f9i kim lo\u1ea1i ho\u1eb7c r\u1ec9 s\u00e9t.<br \/>\nThi\u1ebft k\u1ebf b\u00ecnh gi\u1eef nhi\u1ec7t n\u00f3ng l\u1ea1nh hi\u1ec7n nay \u0111\u1ee7 nh\u1ecf g\u1ecdn \u0111\u1ec3 v\u1eeba v\u1edbi b\u00e0n tay nh\u1ecf,\u2026<\/p>","protected":false},"featured_media":11510,"comment_status":"open","ping_status":"closed","template":"","meta":{"_acf_changed":false},"product_brand":[],"product_cat":[18],"product_tag":[32,214,209,36,33,849,31,39,38,974,29,37,34,35,538,28,510,842,30],"class_list":{"0":"post-11509","1":"product","2":"type-product","3":"status-publish","4":"has-post-thumbnail","6":"product_cat-insulated-water-bottle","7":"product_tag-best","8":"product_tag-blue-water-bottles","9":"product_tag-bpa-free-water-bottle-with-customized-printing","10":"product_tag-bulk","11":"product_tag-buy","12":"product_tag-ceramic-water-bottles","13":"product_tag-custom","14":"product_tag-for-sale","15":"product_tag-good-quality","16":"product_tag-hot-and-cold-thermos","17":"product_tag-manufacturers","18":"product_tag-manufacturing","19":"product_tag-price","20":"product_tag-small","21":"product_tag-sport-water-bottle","22":"product_tag-suppliers","23":"product_tag-thermos-water-bottle","24":"product_tag-water-bottle-new-design","25":"product_tag-wholesale","27":"first","28":"instock","29":"shipping-taxable","30":"product-type-simple"},"acf":[],"yoast_head":"<!-- This site is optimized with the Yoast SEO Premium plugin v27.5 (Yoast SEO v27.5) - https:\/\/yoast.com\/product\/yoast-seo-premium-wordpress\/ -->\n<title>Hot And Cold Thermos - Diller Water Bottle Manufacturer<\/title>\n<meta name=\"description\" content=\"As one of the best hot and cold thermos manufacturers and suppliers, we are engaged in manufacturing good quality water bottles. We warmly welcome you to wholesale or buy custom made hot and cold thermos at competitive price from us. Also, small quantity orders are acceptable.\" \/>\n<meta name=\"robots\" content=\"index, follow, max-snippet:-1, max-image-preview:large, max-video-preview:-1\" \/>\n<link rel=\"canonical\" href=\"https:\/\/www.dillerbottle.com\/vn\/cac-san-pham\/binh-giu-nhiet-nong-va-lanh\" \/>\n<meta property=\"og:locale\" content=\"vi_VN\" \/>\n<meta property=\"og:type\" content=\"article\" \/>\n<meta property=\"og:title\" content=\"Hot And Cold Thermos\" \/>\n<meta property=\"og:description\" content=\"As one of the best hot and cold thermos manufacturers and suppliers, we are engaged in manufacturing good quality water bottles. We warmly welcome you to wholesale or buy custom made hot and cold thermos at competitive price from us. Also, small quantity orders are acceptable.\" \/>\n<meta property=\"og:url\" content=\"https:\/\/www.dillerbottle.com\/vn\/cac-san-pham\/binh-giu-nhiet-nong-va-lanh\" \/>\n<meta property=\"og:site_name\" content=\"Diller Water Bottle Manufacturer\" \/>\n<meta property=\"article:modified_time\" content=\"2026-02-05T13:00:53+00:00\" \/>\n<meta property=\"og:image\" content=\"https:\/\/www.dillerbottle.com\/wp-content\/uploads\/2024\/09\/hot-and-cold-thermos01568943640.jpg\" \/>\n\t<meta property=\"og:image:width\" content=\"730\" \/>\n\t<meta property=\"og:image:height\" content=\"730\" \/>\n\t<meta property=\"og:image:type\" content=\"image\/jpeg\" \/>\n<meta name=\"twitter:card\" content=\"summary_large_image\" \/>\n<meta name=\"twitter:label1\" content=\"\u01af\u1edbc t\u00ednh th\u1eddi gian \u0111\u1ecdc\" \/>\n\t<meta name=\"twitter:data1\" content=\"3 ph\u00fat\" \/>\n<script type=\"application\/ld+json\" class=\"yoast-schema-graph\">{\"@context\":\"https:\\\/\\\/schema.org\",\"@graph\":[{\"@type\":\"WebPage\",\"@id\":\"https:\\\/\\\/www.dillerbottle.com\\\/id\\\/produk\\\/termos-panas-dan-dingin\",\"url\":\"https:\\\/\\\/www.dillerbottle.com\\\/id\\\/produk\\\/termos-panas-dan-dingin\",\"name\":\"Hot And Cold Thermos - Diller Water Bottle Manufacturer\",\"isPartOf\":{\"@id\":\"https:\\\/\\\/www.dillerbottle.com\\\/#website\"},\"primaryImageOfPage\":{\"@id\":\"https:\\\/\\\/www.dillerbottle.com\\\/id\\\/produk\\\/termos-panas-dan-dingin#primaryimage\"},\"image\":{\"@id\":\"https:\\\/\\\/www.dillerbottle.com\\\/id\\\/produk\\\/termos-panas-dan-dingin#primaryimage\"},\"thumbnailUrl\":\"https:\\\/\\\/www.dillerbottle.com\\\/wp-content\\\/uploads\\\/2024\\\/09\\\/hot-and-cold-thermos01568943640.jpg\",\"datePublished\":\"2024-09-29T06:57:57+00:00\",\"dateModified\":\"2026-02-05T13:00:53+00:00\",\"description\":\"As one of the best hot and cold thermos manufacturers and suppliers, we are engaged in manufacturing good quality water bottles. We warmly welcome you to wholesale or buy custom made hot and cold thermos at competitive price from us. Also, small quantity orders are acceptable.\",\"breadcrumb\":{\"@id\":\"https:\\\/\\\/www.dillerbottle.com\\\/id\\\/produk\\\/termos-panas-dan-dingin#breadcrumb\"},\"inLanguage\":\"vi\",\"potentialAction\":[{\"@type\":\"ReadAction\",\"target\":[\"https:\\\/\\\/www.dillerbottle.com\\\/id\\\/produk\\\/termos-panas-dan-dingin\"]}]},{\"@type\":\"ImageObject\",\"inLanguage\":\"vi\",\"@id\":\"https:\\\/\\\/www.dillerbottle.com\\\/id\\\/produk\\\/termos-panas-dan-dingin#primaryimage\",\"url\":\"https:\\\/\\\/www.dillerbottle.com\\\/wp-content\\\/uploads\\\/2024\\\/09\\\/hot-and-cold-thermos01568943640.jpg\",\"contentUrl\":\"https:\\\/\\\/www.dillerbottle.com\\\/wp-content\\\/uploads\\\/2024\\\/09\\\/hot-and-cold-thermos01568943640.jpg\",\"width\":730,\"height\":730},{\"@type\":\"BreadcrumbList\",\"@id\":\"https:\\\/\\\/www.dillerbottle.com\\\/id\\\/produk\\\/termos-panas-dan-dingin#breadcrumb\",\"itemListElement\":[{\"@type\":\"ListItem\",\"position\":1,\"name\":\"Home\",\"item\":\"https:\\\/\\\/www.dillerbottle.com\\\/\"},{\"@type\":\"ListItem\",\"position\":2,\"name\":\"Products\",\"item\":\"https:\\\/\\\/www.dillerbottle.com\\\/shop\"},{\"@type\":\"ListItem\",\"position\":3,\"name\":\"Hot And Cold Thermos\"}]},{\"@type\":\"WebSite\",\"@id\":\"https:\\\/\\\/www.dillerbottle.com\\\/#website\",\"url\":\"https:\\\/\\\/www.dillerbottle.com\\\/\",\"name\":\"Diller Water Bottle Manufacturer\",\"description\":\"Water Bottle Manufacturer\",\"publisher\":{\"@id\":\"https:\\\/\\\/www.dillerbottle.com\\\/#organization\"},\"potentialAction\":[{\"@type\":\"SearchAction\",\"target\":{\"@type\":\"EntryPoint\",\"urlTemplate\":\"https:\\\/\\\/www.dillerbottle.com\\\/?s={search_term_string}\"},\"query-input\":{\"@type\":\"PropertyValueSpecification\",\"valueRequired\":true,\"valueName\":\"search_term_string\"}}],\"inLanguage\":\"vi\"},{\"@type\":\"Organization\",\"@id\":\"https:\\\/\\\/www.dillerbottle.com\\\/#organization\",\"name\":\"Diller Water Bottle Manufacturer\",\"url\":\"https:\\\/\\\/www.dillerbottle.com\\\/\",\"logo\":{\"@type\":\"ImageObject\",\"inLanguage\":\"vi\",\"@id\":\"https:\\\/\\\/www.dillerbottle.com\\\/#\\\/schema\\\/logo\\\/image\\\/\",\"url\":\"https:\\\/\\\/www.dillerbottle.com\\\/wp-content\\\/uploads\\\/2024\\\/09\\\/49918bfa848dcc1e9f8b509933603ac.png\",\"contentUrl\":\"https:\\\/\\\/www.dillerbottle.com\\\/wp-content\\\/uploads\\\/2024\\\/09\\\/49918bfa848dcc1e9f8b509933603ac.png\",\"width\":988,\"height\":198,\"caption\":\"Diller Water Bottle Manufacturer\"},\"image\":{\"@id\":\"https:\\\/\\\/www.dillerbottle.com\\\/#\\\/schema\\\/logo\\\/image\\\/\"}}]}<\/script>\n<!-- \/ Yoast SEO Premium plugin. -->","yoast_head_json":{"title":"B\u00ecnh n\u01b0\u1edbc gi\u1eef nhi\u1ec7t n\u00f3ng l\u1ea1nh - Nh\u00e0 s\u1ea3n xu\u1ea5t b\u00ecnh n\u01b0\u1edbc Diller","description":"L\u00e0 m\u1ed9t trong nh\u1eefng nh\u00e0 s\u1ea3n xu\u1ea5t v\u00e0 cung c\u1ea5p b\u00ecnh gi\u1eef nhi\u1ec7t n\u00f3ng v\u00e0 l\u1ea1nh t\u1ed1t nh\u1ea5t, ch\u00fang t\u00f4i tham gia s\u1ea3n xu\u1ea5t b\u00ecnh \u0111\u1ef1ng n\u01b0\u1edbc ch\u1ea5t l\u01b0\u1ee3ng t\u1ed1t. Ch\u00fang t\u00f4i n\u1ed3ng nhi\u1ec7t ch\u00e0o \u0111\u00f3n b\u1ea1n \u0111\u1ebfn b\u00e1n bu\u00f4n ho\u1eb7c mua b\u00ecnh gi\u1eef nhi\u1ec7t n\u00f3ng v\u00e0 l\u1ea1nh t\u00f9y ch\u1ec9nh v\u1edbi gi\u00e1 c\u1ea3 c\u1ea1nh tranh t\u1eeb ch\u00fang t\u00f4i. Ngo\u00e0i ra, ch\u00fang t\u00f4i c\u0169ng ch\u1ea5p nh\u1eadn \u0111\u01a1n \u0111\u1eb7t h\u00e0ng s\u1ed1 l\u01b0\u1ee3ng nh\u1ecf.","robots":{"index":"index","follow":"follow","max-snippet":"max-snippet:-1","max-image-preview":"max-image-preview:large","max-video-preview":"max-video-preview:-1"},"canonical":"https:\/\/www.dillerbottle.com\/vn\/cac-san-pham\/binh-giu-nhiet-nong-va-lanh","og_locale":"vi_VN","og_type":"article","og_title":"Hot And Cold Thermos","og_description":"As one of the best hot and cold thermos manufacturers and suppliers, we are engaged in manufacturing good quality water bottles. We warmly welcome you to wholesale or buy custom made hot and cold thermos at competitive price from us. Also, small quantity orders are acceptable.","og_url":"https:\/\/www.dillerbottle.com\/vn\/cac-san-pham\/binh-giu-nhiet-nong-va-lanh","og_site_name":"Diller Water Bottle Manufacturer","article_modified_time":"2026-02-05T13:00:53+00:00","og_image":[{"width":730,"height":730,"url":"https:\/\/www.dillerbottle.com\/wp-content\/uploads\/2024\/09\/hot-and-cold-thermos01568943640.jpg","type":"image\/jpeg"}],"twitter_card":"summary_large_image","twitter_misc":{"\u01af\u1edbc t\u00ednh th\u1eddi gian \u0111\u1ecdc":"3 ph\u00fat"},"schema":{"@context":"https:\/\/schema.org","@graph":[{"@type":"WebPage","@id":"https:\/\/www.dillerbottle.com\/id\/produk\/termos-panas-dan-dingin","url":"https:\/\/www.dillerbottle.com\/id\/produk\/termos-panas-dan-dingin","name":"B\u00ecnh n\u01b0\u1edbc gi\u1eef nhi\u1ec7t n\u00f3ng l\u1ea1nh - Nh\u00e0 s\u1ea3n xu\u1ea5t b\u00ecnh n\u01b0\u1edbc Diller","isPartOf":{"@id":"https:\/\/www.dillerbottle.com\/#website"},"primaryImageOfPage":{"@id":"https:\/\/www.dillerbottle.com\/id\/produk\/termos-panas-dan-dingin#primaryimage"},"image":{"@id":"https:\/\/www.dillerbottle.com\/id\/produk\/termos-panas-dan-dingin#primaryimage"},"thumbnailUrl":"https:\/\/www.dillerbottle.com\/wp-content\/uploads\/2024\/09\/hot-and-cold-thermos01568943640.jpg","datePublished":"2024-09-29T06:57:57+00:00","dateModified":"2026-02-05T13:00:53+00:00","description":"L\u00e0 m\u1ed9t trong nh\u1eefng nh\u00e0 s\u1ea3n xu\u1ea5t v\u00e0 cung c\u1ea5p b\u00ecnh gi\u1eef nhi\u1ec7t n\u00f3ng v\u00e0 l\u1ea1nh t\u1ed1t nh\u1ea5t, ch\u00fang t\u00f4i tham gia s\u1ea3n xu\u1ea5t b\u00ecnh \u0111\u1ef1ng n\u01b0\u1edbc ch\u1ea5t l\u01b0\u1ee3ng t\u1ed1t. Ch\u00fang t\u00f4i n\u1ed3ng nhi\u1ec7t ch\u00e0o \u0111\u00f3n b\u1ea1n \u0111\u1ebfn b\u00e1n bu\u00f4n ho\u1eb7c mua b\u00ecnh gi\u1eef nhi\u1ec7t n\u00f3ng v\u00e0 l\u1ea1nh t\u00f9y ch\u1ec9nh v\u1edbi gi\u00e1 c\u1ea3 c\u1ea1nh tranh t\u1eeb ch\u00fang t\u00f4i. Ngo\u00e0i ra, ch\u00fang t\u00f4i c\u0169ng ch\u1ea5p nh\u1eadn \u0111\u01a1n \u0111\u1eb7t h\u00e0ng s\u1ed1 l\u01b0\u1ee3ng nh\u1ecf.","breadcrumb":{"@id":"https:\/\/www.dillerbottle.com\/id\/produk\/termos-panas-dan-dingin#breadcrumb"},"inLanguage":"vi","potentialAction":[{"@type":"ReadAction","target":["https:\/\/www.dillerbottle.com\/id\/produk\/termos-panas-dan-dingin"]}]},{"@type":"ImageObject","inLanguage":"vi","@id":"https:\/\/www.dillerbottle.com\/id\/produk\/termos-panas-dan-dingin#primaryimage","url":"https:\/\/www.dillerbottle.com\/wp-content\/uploads\/2024\/09\/hot-and-cold-thermos01568943640.jpg","contentUrl":"https:\/\/www.dillerbottle.com\/wp-content\/uploads\/2024\/09\/hot-and-cold-thermos01568943640.jpg","width":730,"height":730},{"@type":"BreadcrumbList","@id":"https:\/\/www.dillerbottle.com\/id\/produk\/termos-panas-dan-dingin#breadcrumb","itemListElement":[{"@type":"ListItem","position":1,"name":"Home","item":"https:\/\/www.dillerbottle.com\/"},{"@type":"ListItem","position":2,"name":"Products","item":"https:\/\/www.dillerbottle.com\/shop"},{"@type":"ListItem","position":3,"name":"Hot And Cold Thermos"}]},{"@type":"WebSite","@id":"https:\/\/www.dillerbottle.com\/#website","url":"https:\/\/www.dillerbottle.com\/","name":"Nh\u00e0 s\u1ea3n xu\u1ea5t b\u00ecnh n\u01b0\u1edbc Diller","description":"Nh\u00e0 s\u1ea3n xu\u1ea5t b\u00ecnh n\u01b0\u1edbc","publisher":{"@id":"https:\/\/www.dillerbottle.com\/#organization"},"potentialAction":[{"@type":"SearchAction","target":{"@type":"EntryPoint","urlTemplate":"https:\/\/www.dillerbottle.com\/?s={search_term_string}"},"query-input":{"@type":"PropertyValueSpecification","valueRequired":true,"valueName":"search_term_string"}}],"inLanguage":"vi"},{"@type":"Organization","@id":"https:\/\/www.dillerbottle.com\/#organization","name":"Nh\u00e0 s\u1ea3n xu\u1ea5t b\u00ecnh n\u01b0\u1edbc Diller","url":"https:\/\/www.dillerbottle.com\/","logo":{"@type":"ImageObject","inLanguage":"vi","@id":"https:\/\/www.dillerbottle.com\/#\/schema\/logo\/image\/","url":"https:\/\/www.dillerbottle.com\/wp-content\/uploads\/2024\/09\/49918bfa848dcc1e9f8b509933603ac.png","contentUrl":"https:\/\/www.dillerbottle.com\/wp-content\/uploads\/2024\/09\/49918bfa848dcc1e9f8b509933603ac.png","width":988,"height":198,"caption":"Diller Water Bottle Manufacturer"},"image":{"@id":"https:\/\/www.dillerbottle.com\/#\/schema\/logo\/image\/"}}]}},"_links":{"self":[{"href":"https:\/\/www.dillerbottle.com\/vn\/wp-json\/wp\/v2\/product\/11509","targetHints":{"allow":["GET"]}}],"collection":[{"href":"https:\/\/www.dillerbottle.com\/vn\/wp-json\/wp\/v2\/product"}],"about":[{"href":"https:\/\/www.dillerbottle.com\/vn\/wp-json\/wp\/v2\/types\/product"}],"replies":[{"embeddable":true,"href":"https:\/\/www.dillerbottle.com\/vn\/wp-json\/wp\/v2\/comments?post=11509"}],"wp:featuredmedia":[{"embeddable":true,"href":"https:\/\/www.dillerbottle.com\/vn\/wp-json\/wp\/v2\/media\/11510"}],"wp:attachment":[{"href":"https:\/\/www.dillerbottle.com\/vn\/wp-json\/wp\/v2\/media?parent=11509"}],"wp:term":[{"taxonomy":"product_brand","embeddable":true,"href":"https:\/\/www.dillerbottle.com\/vn\/wp-json\/wp\/v2\/product_brand?post=11509"},{"taxonomy":"product_cat","embeddable":true,"href":"https:\/\/www.dillerbottle.com\/vn\/wp-json\/wp\/v2\/product_cat?post=11509"},{"taxonomy":"product_tag","embeddable":true,"href":"https:\/\/www.dillerbottle.com\/vn\/wp-json\/wp\/v2\/product_tag?post=11509"}],"curies":[{"name":"wp","href":"https:\/\/api.w.org\/{rel}","templated":true}]}}