{"id":11578,"date":"2024-09-29T14:58:41","date_gmt":"2024-09-29T06:58:41","guid":{"rendered":"https:\/\/demo.dillerbottle.com\/products\/unbreakable-thermos-flask"},"modified":"2025-07-09T13:52:01","modified_gmt":"2025-07-09T05:52:01","slug":"binh-giu-nhiet-khong-vo","status":"publish","type":"product","link":"https:\/\/www.dillerbottle.com\/vn\/products\/unbreakable-thermos-flask","title":{"rendered":"B\u00ecnh gi\u1eef nhi\u1ec7t kh\u00f4ng v\u1ee1"},"content":{"rendered":"<p>\u0110\u1eb7c tr\u01b0ng:<br \/>\n1. B\u00ecnh gi\u1eef nhi\u1ec7t kh\u00f4ng v\u1ee1 \u0111\u01b0\u1ee3c l\u00e0m t\u1eeb v\u1eadt li\u1ec7u th\u00e9p kh\u00f4ng g\u1ec9 316 c\u1ea5p th\u1ef1c ph\u1ea9m; trong khi n\u1eafp c\u00f3 gio\u0103ng cao su silicon c\u1ea5p th\u1ef1c ph\u1ea9m \u0111\u1ec3 ch\u1ed1ng r\u00f2 r\u1ec9.<\/p>\n<p>2.; C\u00f4ng ngh\u1ec7 c\u00e1ch nhi\u1ec7t ch\u00e2n kh\u00f4ng hai l\u1edbp \u0111\u1ea3m b\u1ea3o \u0111\u1ed3 u\u1ed1ng y\u00eau th\u00edch c\u1ee7a b\u1ea1n (c\u00e0 ph\u00ea, s\u00fap, s\u1eefa, n\u01b0\u1edbc tr\u00e1i c\u00e2y, v.v.) s\u1ebd duy tr\u00ec nhi\u1ec7t \u0111\u1ed9 mong mu\u1ed1n trong v\u00e0i gi\u1edd t\u1edbi. \u0110\u1ed3 u\u1ed1ng n\u00f3ng c\u00f3 th\u1ec3 gi\u1eef \u0111\u01b0\u1ee3c t\u1edbi 24 gi\u1edd v\u00e0 \u0111\u1ed3 u\u1ed1ng l\u1ea1nh c\u00f3 th\u1ec3 gi\u1eef \u0111\u01b0\u1ee3c t\u1edbi 12 gi\u1edd.<\/p>\n<p>3. K\u00edch th\u01b0\u1edbc tho\u1ea3i m\u00e1i c\u1ee7a b\u00ecnh gi\u1eef nhi\u1ec7t m\u1ecfng nh\u1eb9 n\u00e0y gi\u00fap b\u1ea1n c\u1ea7m n\u1eafm b\u00ecnh d\u1ec5 d\u00e0ng.<\/p>\n<p>4.; Di \u0111\u1ed9ng v\u00e0 r\u1ea3nh tay. B\u00ecnh gi\u1eef nhi\u1ec7t n\u00e0y c\u00f3 h\u1ed9p \u0111\u1ef1ng b\u1eb1ng da th\u1eddi trang v\u00e0 \u0111\u1eb9p m\u1eaft c\u00f9ng d\u00e2y \u0111eo vai \u0111\u1ec3 mang theo b\u00ecnh n\u01b0\u1edbc m\u1ed9t c\u00e1ch an to\u00e0n v\u00e0 ti\u1ec7n l\u1ee3i.;<\/p>","protected":false},"excerpt":{"rendered":"<p>B\u00ecnh gi\u1eef nhi\u1ec7t kh\u00f4ng th\u1ec3 v\u1ee1 n\u00e0y \u0111\u01b0\u1ee3c l\u00e0m t\u1eeb th\u00e9p kh\u00f4ng g\u1ec9 316 b\u1ec1n ch\u1eafc.<br \/>\n\u0110\u01b0\u1ee3c c\u00e1ch nhi\u1ec7t ch\u00e2n kh\u00f4ng, b\u00ecnh gi\u1eef nhi\u1ec7t n\u00e0y c\u00f3 th\u1ec3 gi\u1eef \u0111\u1ed3 n\u00f3ng ho\u1eb7c l\u1ea1nh t\u1edbi 12-24 gi\u1edd.<br \/>\nB\u00ecnh gi\u1eef nhi\u1ec7t n\u00e0y c\u00f3 h\u1ed9p \u0111\u1ef1ng b\u1eb1ng da th\u1eddi trang v\u00e0 \u0111\u1eb9p m\u1eaft, c\u00f3 d\u00e2y \u0111eo vai.<br \/>\nOEM v\u00e0 OEM \u0111\u01b0\u1ee3c ch\u1ea5p nh\u1eadn.<br \/>\nCh\u00fang t\u00f4i c\u00f3 th\u1ec3 t\u00f9y ch\u1ec9nh b\u00ecnh c\u00e1ch nhi\u1ec7t theo y\u00eau c\u1ea7u c\u1ee7a b\u1ea1n.<br \/>\nCh\u00e0o m\u1eebng b\u1ea1n \u0111\u1ebfn mua s\u1ec9, h\u00e3y g\u1eedi y\u00eau c\u1ea7u ngay!<\/p>","protected":false},"featured_media":11579,"comment_status":"open","ping_status":"closed","template":"","meta":{"_acf_changed":false},"product_brand":[],"product_cat":[18],"product_tag":[32,809,36,33,31,39,38,29,37,523,34,725,35,505,28,735,980,559,30],"class_list":{"0":"post-11578","1":"product","2":"type-product","3":"status-publish","4":"has-post-thumbnail","6":"product_cat-insulated-water-bottle","7":"product_tag-best","8":"product_tag-bling-water-bottle","9":"product_tag-bulk","10":"product_tag-buy","11":"product_tag-custom","12":"product_tag-for-sale","13":"product_tag-good-quality","14":"product_tag-manufacturers","15":"product_tag-manufacturing","16":"product_tag-outdoor-water-bottle","17":"product_tag-price","18":"product_tag-simple-modern-water-bottle","19":"product_tag-small","20":"product_tag-sublimation-water-bottle","21":"product_tag-suppliers","22":"product_tag-temperature-display-smart-thermos-water-bottle","23":"product_tag-unbreakable-thermos-flask","24":"product_tag-water-bottles-with-handle","25":"product_tag-wholesale","27":"first","28":"instock","29":"shipping-taxable","30":"product-type-simple"},"acf":[],"yoast_head":"<!-- This site is optimized with the Yoast SEO Premium plugin v27.5 (Yoast SEO v27.5) - https:\/\/yoast.com\/product\/yoast-seo-premium-wordpress\/ -->\n<title>Unbreakable Thermos Flask - Diller Water Bottle Manufacturer<\/title>\n<meta name=\"description\" content=\"As one of the best unbreakable thermos flask manufacturers and suppliers, we are engaged in manufacturing good quality water bottles. We warmly welcome you to wholesale or buy custom made unbreakable thermos flask at competitive price from us. Also, small quantity orders are acceptable.\" \/>\n<meta name=\"robots\" content=\"index, follow, max-snippet:-1, max-image-preview:large, max-video-preview:-1\" \/>\n<link rel=\"canonical\" href=\"https:\/\/www.dillerbottle.com\/vn\/cac-san-pham\/binh-giu-nhiet-khong-vo\" \/>\n<meta property=\"og:locale\" content=\"vi_VN\" \/>\n<meta property=\"og:type\" content=\"article\" \/>\n<meta property=\"og:title\" content=\"Unbreakable Thermos Flask\" \/>\n<meta property=\"og:description\" content=\"As one of the best unbreakable thermos flask manufacturers and suppliers, we are engaged in manufacturing good quality water bottles. We warmly welcome you to wholesale or buy custom made unbreakable thermos flask at competitive price from us. Also, small quantity orders are acceptable.\" \/>\n<meta property=\"og:url\" content=\"https:\/\/www.dillerbottle.com\/vn\/cac-san-pham\/binh-giu-nhiet-khong-vo\" \/>\n<meta property=\"og:site_name\" content=\"Diller Water Bottle Manufacturer\" \/>\n<meta property=\"article:modified_time\" content=\"2025-07-09T05:52:01+00:00\" \/>\n<meta property=\"og:image\" content=\"https:\/\/www.dillerbottle.com\/wp-content\/uploads\/2024\/09\/unbreakable-thermos-flask54530649473.jpg\" \/>\n\t<meta property=\"og:image:width\" content=\"730\" \/>\n\t<meta property=\"og:image:height\" content=\"730\" \/>\n\t<meta property=\"og:image:type\" content=\"image\/jpeg\" \/>\n<meta name=\"twitter:card\" content=\"summary_large_image\" \/>\n<meta name=\"twitter:label1\" content=\"\u01af\u1edbc t\u00ednh th\u1eddi gian \u0111\u1ecdc\" \/>\n\t<meta name=\"twitter:data1\" content=\"2 ph\u00fat\" \/>\n<script type=\"application\/ld+json\" class=\"yoast-schema-graph\">{\"@context\":\"https:\\\/\\\/schema.org\",\"@graph\":[{\"@type\":\"WebPage\",\"@id\":\"https:\\\/\\\/www.dillerbottle.com\\\/fr\\\/produits\\\/bouteille-thermos-incassable\",\"url\":\"https:\\\/\\\/www.dillerbottle.com\\\/fr\\\/produits\\\/bouteille-thermos-incassable\",\"name\":\"Unbreakable Thermos Flask - Diller Water Bottle Manufacturer\",\"isPartOf\":{\"@id\":\"https:\\\/\\\/www.dillerbottle.com\\\/#website\"},\"primaryImageOfPage\":{\"@id\":\"https:\\\/\\\/www.dillerbottle.com\\\/fr\\\/produits\\\/bouteille-thermos-incassable#primaryimage\"},\"image\":{\"@id\":\"https:\\\/\\\/www.dillerbottle.com\\\/fr\\\/produits\\\/bouteille-thermos-incassable#primaryimage\"},\"thumbnailUrl\":\"https:\\\/\\\/www.dillerbottle.com\\\/wp-content\\\/uploads\\\/2024\\\/09\\\/unbreakable-thermos-flask54530649473.jpg\",\"datePublished\":\"2024-09-29T06:58:41+00:00\",\"dateModified\":\"2025-07-09T05:52:01+00:00\",\"description\":\"As one of the best unbreakable thermos flask manufacturers and suppliers, we are engaged in manufacturing good quality water bottles. We warmly welcome you to wholesale or buy custom made unbreakable thermos flask at competitive price from us. Also, small quantity orders are acceptable.\",\"breadcrumb\":{\"@id\":\"https:\\\/\\\/www.dillerbottle.com\\\/fr\\\/produits\\\/bouteille-thermos-incassable#breadcrumb\"},\"inLanguage\":\"vi\",\"potentialAction\":[{\"@type\":\"ReadAction\",\"target\":[\"https:\\\/\\\/www.dillerbottle.com\\\/fr\\\/produits\\\/bouteille-thermos-incassable\"]}]},{\"@type\":\"ImageObject\",\"inLanguage\":\"vi\",\"@id\":\"https:\\\/\\\/www.dillerbottle.com\\\/fr\\\/produits\\\/bouteille-thermos-incassable#primaryimage\",\"url\":\"https:\\\/\\\/www.dillerbottle.com\\\/wp-content\\\/uploads\\\/2024\\\/09\\\/unbreakable-thermos-flask54530649473.jpg\",\"contentUrl\":\"https:\\\/\\\/www.dillerbottle.com\\\/wp-content\\\/uploads\\\/2024\\\/09\\\/unbreakable-thermos-flask54530649473.jpg\",\"width\":730,\"height\":730},{\"@type\":\"BreadcrumbList\",\"@id\":\"https:\\\/\\\/www.dillerbottle.com\\\/fr\\\/produits\\\/bouteille-thermos-incassable#breadcrumb\",\"itemListElement\":[{\"@type\":\"ListItem\",\"position\":1,\"name\":\"Home\",\"item\":\"https:\\\/\\\/www.dillerbottle.com\\\/\"},{\"@type\":\"ListItem\",\"position\":2,\"name\":\"Products\",\"item\":\"https:\\\/\\\/www.dillerbottle.com\\\/shop\"},{\"@type\":\"ListItem\",\"position\":3,\"name\":\"Unbreakable Thermos Flask\"}]},{\"@type\":\"WebSite\",\"@id\":\"https:\\\/\\\/www.dillerbottle.com\\\/#website\",\"url\":\"https:\\\/\\\/www.dillerbottle.com\\\/\",\"name\":\"Diller Water Bottle Manufacturer\",\"description\":\"Water Bottle Manufacturer\",\"publisher\":{\"@id\":\"https:\\\/\\\/www.dillerbottle.com\\\/#organization\"},\"potentialAction\":[{\"@type\":\"SearchAction\",\"target\":{\"@type\":\"EntryPoint\",\"urlTemplate\":\"https:\\\/\\\/www.dillerbottle.com\\\/?s={search_term_string}\"},\"query-input\":{\"@type\":\"PropertyValueSpecification\",\"valueRequired\":true,\"valueName\":\"search_term_string\"}}],\"inLanguage\":\"vi\"},{\"@type\":\"Organization\",\"@id\":\"https:\\\/\\\/www.dillerbottle.com\\\/#organization\",\"name\":\"Diller Water Bottle Manufacturer\",\"url\":\"https:\\\/\\\/www.dillerbottle.com\\\/\",\"logo\":{\"@type\":\"ImageObject\",\"inLanguage\":\"vi\",\"@id\":\"https:\\\/\\\/www.dillerbottle.com\\\/#\\\/schema\\\/logo\\\/image\\\/\",\"url\":\"https:\\\/\\\/www.dillerbottle.com\\\/wp-content\\\/uploads\\\/2024\\\/09\\\/49918bfa848dcc1e9f8b509933603ac.png\",\"contentUrl\":\"https:\\\/\\\/www.dillerbottle.com\\\/wp-content\\\/uploads\\\/2024\\\/09\\\/49918bfa848dcc1e9f8b509933603ac.png\",\"width\":988,\"height\":198,\"caption\":\"Diller Water Bottle Manufacturer\"},\"image\":{\"@id\":\"https:\\\/\\\/www.dillerbottle.com\\\/#\\\/schema\\\/logo\\\/image\\\/\"}}]}<\/script>\n<!-- \/ Yoast SEO Premium plugin. -->","yoast_head_json":{"title":"B\u00ecnh gi\u1eef nhi\u1ec7t kh\u00f4ng v\u1ee1 - Nh\u00e0 s\u1ea3n xu\u1ea5t b\u00ecnh n\u01b0\u1edbc Diller","description":"L\u00e0 m\u1ed9t trong nh\u1eefng nh\u00e0 s\u1ea3n xu\u1ea5t v\u00e0 cung c\u1ea5p b\u00ecnh gi\u1eef nhi\u1ec7t kh\u00f4ng v\u1ee1 t\u1ed1t nh\u1ea5t, ch\u00fang t\u00f4i tham gia s\u1ea3n xu\u1ea5t b\u00ecnh \u0111\u1ef1ng n\u01b0\u1edbc ch\u1ea5t l\u01b0\u1ee3ng t\u1ed1t. Ch\u00fang t\u00f4i n\u1ed3ng nhi\u1ec7t ch\u00e0o \u0111\u00f3n b\u1ea1n \u0111\u1ebfn b\u00e1n bu\u00f4n ho\u1eb7c mua b\u00ecnh gi\u1eef nhi\u1ec7t kh\u00f4ng v\u1ee1 t\u00f9y ch\u1ec9nh v\u1edbi gi\u00e1 c\u1ea1nh tranh t\u1eeb ch\u00fang t\u00f4i. Ngo\u00e0i ra, ch\u00fang t\u00f4i c\u0169ng ch\u1ea5p nh\u1eadn \u0111\u01a1n \u0111\u1eb7t h\u00e0ng s\u1ed1 l\u01b0\u1ee3ng nh\u1ecf.","robots":{"index":"index","follow":"follow","max-snippet":"max-snippet:-1","max-image-preview":"max-image-preview:large","max-video-preview":"max-video-preview:-1"},"canonical":"https:\/\/www.dillerbottle.com\/vn\/cac-san-pham\/binh-giu-nhiet-khong-vo","og_locale":"vi_VN","og_type":"article","og_title":"Unbreakable Thermos Flask","og_description":"As one of the best unbreakable thermos flask manufacturers and suppliers, we are engaged in manufacturing good quality water bottles. We warmly welcome you to wholesale or buy custom made unbreakable thermos flask at competitive price from us. Also, small quantity orders are acceptable.","og_url":"https:\/\/www.dillerbottle.com\/vn\/cac-san-pham\/binh-giu-nhiet-khong-vo","og_site_name":"Diller Water Bottle Manufacturer","article_modified_time":"2025-07-09T05:52:01+00:00","og_image":[{"width":730,"height":730,"url":"https:\/\/www.dillerbottle.com\/wp-content\/uploads\/2024\/09\/unbreakable-thermos-flask54530649473.jpg","type":"image\/jpeg"}],"twitter_card":"summary_large_image","twitter_misc":{"\u01af\u1edbc t\u00ednh th\u1eddi gian \u0111\u1ecdc":"2 ph\u00fat"},"schema":{"@context":"https:\/\/schema.org","@graph":[{"@type":"WebPage","@id":"https:\/\/www.dillerbottle.com\/fr\/produits\/bouteille-thermos-incassable","url":"https:\/\/www.dillerbottle.com\/fr\/produits\/bouteille-thermos-incassable","name":"B\u00ecnh gi\u1eef nhi\u1ec7t kh\u00f4ng v\u1ee1 - Nh\u00e0 s\u1ea3n xu\u1ea5t b\u00ecnh n\u01b0\u1edbc Diller","isPartOf":{"@id":"https:\/\/www.dillerbottle.com\/#website"},"primaryImageOfPage":{"@id":"https:\/\/www.dillerbottle.com\/fr\/produits\/bouteille-thermos-incassable#primaryimage"},"image":{"@id":"https:\/\/www.dillerbottle.com\/fr\/produits\/bouteille-thermos-incassable#primaryimage"},"thumbnailUrl":"https:\/\/www.dillerbottle.com\/wp-content\/uploads\/2024\/09\/unbreakable-thermos-flask54530649473.jpg","datePublished":"2024-09-29T06:58:41+00:00","dateModified":"2025-07-09T05:52:01+00:00","description":"L\u00e0 m\u1ed9t trong nh\u1eefng nh\u00e0 s\u1ea3n xu\u1ea5t v\u00e0 cung c\u1ea5p b\u00ecnh gi\u1eef nhi\u1ec7t kh\u00f4ng v\u1ee1 t\u1ed1t nh\u1ea5t, ch\u00fang t\u00f4i tham gia s\u1ea3n xu\u1ea5t b\u00ecnh \u0111\u1ef1ng n\u01b0\u1edbc ch\u1ea5t l\u01b0\u1ee3ng t\u1ed1t. Ch\u00fang t\u00f4i n\u1ed3ng nhi\u1ec7t ch\u00e0o \u0111\u00f3n b\u1ea1n \u0111\u1ebfn b\u00e1n bu\u00f4n ho\u1eb7c mua b\u00ecnh gi\u1eef nhi\u1ec7t kh\u00f4ng v\u1ee1 t\u00f9y ch\u1ec9nh v\u1edbi gi\u00e1 c\u1ea1nh tranh t\u1eeb ch\u00fang t\u00f4i. Ngo\u00e0i ra, ch\u00fang t\u00f4i c\u0169ng ch\u1ea5p nh\u1eadn \u0111\u01a1n \u0111\u1eb7t h\u00e0ng s\u1ed1 l\u01b0\u1ee3ng nh\u1ecf.","breadcrumb":{"@id":"https:\/\/www.dillerbottle.com\/fr\/produits\/bouteille-thermos-incassable#breadcrumb"},"inLanguage":"vi","potentialAction":[{"@type":"ReadAction","target":["https:\/\/www.dillerbottle.com\/fr\/produits\/bouteille-thermos-incassable"]}]},{"@type":"ImageObject","inLanguage":"vi","@id":"https:\/\/www.dillerbottle.com\/fr\/produits\/bouteille-thermos-incassable#primaryimage","url":"https:\/\/www.dillerbottle.com\/wp-content\/uploads\/2024\/09\/unbreakable-thermos-flask54530649473.jpg","contentUrl":"https:\/\/www.dillerbottle.com\/wp-content\/uploads\/2024\/09\/unbreakable-thermos-flask54530649473.jpg","width":730,"height":730},{"@type":"BreadcrumbList","@id":"https:\/\/www.dillerbottle.com\/fr\/produits\/bouteille-thermos-incassable#breadcrumb","itemListElement":[{"@type":"ListItem","position":1,"name":"Home","item":"https:\/\/www.dillerbottle.com\/"},{"@type":"ListItem","position":2,"name":"Products","item":"https:\/\/www.dillerbottle.com\/shop"},{"@type":"ListItem","position":3,"name":"Unbreakable Thermos Flask"}]},{"@type":"WebSite","@id":"https:\/\/www.dillerbottle.com\/#website","url":"https:\/\/www.dillerbottle.com\/","name":"Nh\u00e0 s\u1ea3n xu\u1ea5t b\u00ecnh n\u01b0\u1edbc Diller","description":"Nh\u00e0 s\u1ea3n xu\u1ea5t b\u00ecnh n\u01b0\u1edbc","publisher":{"@id":"https:\/\/www.dillerbottle.com\/#organization"},"potentialAction":[{"@type":"SearchAction","target":{"@type":"EntryPoint","urlTemplate":"https:\/\/www.dillerbottle.com\/?s={search_term_string}"},"query-input":{"@type":"PropertyValueSpecification","valueRequired":true,"valueName":"search_term_string"}}],"inLanguage":"vi"},{"@type":"Organization","@id":"https:\/\/www.dillerbottle.com\/#organization","name":"Nh\u00e0 s\u1ea3n xu\u1ea5t b\u00ecnh n\u01b0\u1edbc Diller","url":"https:\/\/www.dillerbottle.com\/","logo":{"@type":"ImageObject","inLanguage":"vi","@id":"https:\/\/www.dillerbottle.com\/#\/schema\/logo\/image\/","url":"https:\/\/www.dillerbottle.com\/wp-content\/uploads\/2024\/09\/49918bfa848dcc1e9f8b509933603ac.png","contentUrl":"https:\/\/www.dillerbottle.com\/wp-content\/uploads\/2024\/09\/49918bfa848dcc1e9f8b509933603ac.png","width":988,"height":198,"caption":"Diller Water Bottle Manufacturer"},"image":{"@id":"https:\/\/www.dillerbottle.com\/#\/schema\/logo\/image\/"}}]}},"_links":{"self":[{"href":"https:\/\/www.dillerbottle.com\/vn\/wp-json\/wp\/v2\/product\/11578","targetHints":{"allow":["GET"]}}],"collection":[{"href":"https:\/\/www.dillerbottle.com\/vn\/wp-json\/wp\/v2\/product"}],"about":[{"href":"https:\/\/www.dillerbottle.com\/vn\/wp-json\/wp\/v2\/types\/product"}],"replies":[{"embeddable":true,"href":"https:\/\/www.dillerbottle.com\/vn\/wp-json\/wp\/v2\/comments?post=11578"}],"wp:featuredmedia":[{"embeddable":true,"href":"https:\/\/www.dillerbottle.com\/vn\/wp-json\/wp\/v2\/media\/11579"}],"wp:attachment":[{"href":"https:\/\/www.dillerbottle.com\/vn\/wp-json\/wp\/v2\/media?parent=11578"}],"wp:term":[{"taxonomy":"product_brand","embeddable":true,"href":"https:\/\/www.dillerbottle.com\/vn\/wp-json\/wp\/v2\/product_brand?post=11578"},{"taxonomy":"product_cat","embeddable":true,"href":"https:\/\/www.dillerbottle.com\/vn\/wp-json\/wp\/v2\/product_cat?post=11578"},{"taxonomy":"product_tag","embeddable":true,"href":"https:\/\/www.dillerbottle.com\/vn\/wp-json\/wp\/v2\/product_tag?post=11578"}],"curies":[{"name":"wp","href":"https:\/\/api.w.org\/{rel}","templated":true}]}}