{"id":11597,"date":"2024-09-29T14:58:56","date_gmt":"2024-09-29T06:58:56","guid":{"rendered":"https:\/\/demo.dillerbottle.com\/products\/insulated-tumbler-cup-with-lid"},"modified":"2025-07-09T13:51:47","modified_gmt":"2025-07-09T05:51:47","slug":"coc-thuy-tinh-cach-nhiet-co-nap","status":"publish","type":"product","link":"https:\/\/www.dillerbottle.com\/vn\/products\/insulated-tumbler-cup-with-lid","title":{"rendered":"C\u1ed1c th\u1ee7y tinh c\u00e1ch nhi\u1ec7t c\u00f3 n\u1eafp"},"content":{"rendered":"<p>1. M\u00e1y h\u00fat b\u1ee5i hai l\u1edbp, b\u1ea3o v\u1ec7 nhi\u1ec7t \u0111\u1ed9 tuy\u1ec7t v\u1eddi. Ch\u1ed1ng m\u1ed3 h\u00f4i gi\u00fap kh\u00f4ng b\u1ecb \u0111\u1ed5 m\u1ed3 h\u00f4i t\u1eeb b\u00ean ngo\u00e0i.<\/p>\n<p>2. C\u1ed1c th\u1ee7y tinh c\u00e1ch nhi\u1ec7t \u0111\u01b0\u1ee3c l\u00e0m b\u1eb1ng th\u00e9p kh\u00f4ng g\u1ec9 c\u1ea5p th\u1ef1c ph\u1ea9m 304 18\/8 ch\u1ea5t l\u01b0\u1ee3ng cao nh\u1ea5t, \u0111\u01b0\u1ee3c FDA ch\u1ea5p thu\u1eadn, kh\u00f4ng ch\u1ee9a BPA, kh\u00f4ng ch\u00ec. L\u1edbp ph\u1ee7 b\u1ed9t l\u00e2u d\u00e0i gi\u1eef cho l\u1edbp ho\u00e0n thi\u1ec7n \u0111\u1ea7y m\u00e0u s\u1eafc v\u00e0 tr\u00f4ng thanh l\u1ecbch v\u00e0 qu\u00fd ph\u00e1i h\u01a1n. L\u1edbp ho\u00e0n thi\u1ec7n \u0111\u1ea7y m\u00e0u s\u1eafc \u0111\u01b0\u1ee3c ph\u1ee7 b\u1ed9t si\u00eau b\u1ec1n v\u01b0\u1ee3t tr\u1ed9i h\u01a1n c\u00e1c thi\u1ebft k\u1ebf kh\u00e1c, b\u1ea3o v\u1ec7 ch\u1ed1ng l\u1ea1i v\u1ebft l\u00f5m v\u00e0 tr\u1ea7y x\u01b0\u1edbc.<\/p>\n<p>3. C\u1ed1c th\u1ee7y tinh n\u00e0y th\u00edch h\u1ee3p \u0111\u1ec3 u\u1ed1ng tr\u00e0, c\u00e0 ph\u00ea, n\u01b0\u1edbc, v.v. v\u1edbi k\u00edch th\u01b0\u1edbc ph\u00f9 h\u1ee3p, l\u00e0 l\u1ef1a ch\u1ecdn t\u1ed1t cho m\u1ee5c \u0111\u00edch Gi\u1ea3i tr\u00ed v\u00e0 s\u1eed d\u1ee5ng t\u1ea1i nh\u00e0, v\u0103n ph\u00f2ng, \u0111i \u0111\u01b0\u1eddng d\u00e0i, c\u1eafm tr\u1ea1i v\u00e0 du l\u1ecbch, \u0111i b\u1ed9 \u0111\u01b0\u1eddng d\u00e0i, ho\u1ea1t \u0111\u1ed9ng th\u1ec3 thao, d\u00e3 ngo\u1ea1i. Tay c\u1ea7m v\u1eeba v\u1eb7n v\u00e0 t\u1ea1o c\u1ea3m gi\u00e1c tho\u1ea3i m\u00e1i khi c\u1ea7m.<\/p>\n<p>Ch\u1ea5p nh\u1eadn OEM v\u00e0 ODM.<br \/>\nCh\u00fang t\u00f4i c\u00f3 th\u1ec3 t\u00f9y ch\u1ec9nh c\u1ed1c c\u00e0 ph\u00ea theo y\u00eau c\u1ea7u c\u1ee7a b\u1ea1n.<br \/>\nCh\u00e0o m\u1eebng b\u1ea1n \u0111\u1ebfn mua s\u1ec9, h\u00e3y g\u1eedi y\u00eau c\u1ea7u ngay!<\/p>","protected":false},"excerpt":{"rendered":"<p>M\u00e1y h\u00fat ch\u00e2n kh\u00f4ng hai l\u1edbp, gi\u1eef nhi\u1ec7t \u0111\u1ed9 tuy\u1ec7t v\u1eddi. Ch\u1ed1ng m\u1ed3 h\u00f4i gi\u00fap tho\u00e1t m\u1ed3 h\u00f4i t\u1eeb b\u00ean ngo\u00e0i.<br \/>\nC\u1ed1c gi\u1eef nhi\u1ec7t \u0111\u01b0\u1ee3c l\u00e0m b\u1eb1ng th\u00e9p kh\u00f4ng g\u1ec9 c\u1ea5p th\u1ef1c ph\u1ea9m 304 18\/8 ch\u1ea5t l\u01b0\u1ee3ng cao nh\u1ea5t, \u0111\u01b0\u1ee3c FDA ch\u1ea5p thu\u1eadn, kh\u00f4ng ch\u1ee9a BPA, kh\u00f4ng ch\u00ec. L\u1edbp ph\u1ee7 b\u1ed9t l\u00e2u d\u00e0i gi\u1eef cho l\u1edbp ho\u00e0n thi\u1ec7n m\u00e0u s\u1eafc c\u1ee7a n\u00f3 lu\u00f4n b\u1ec1n v\u00e0 tr\u00f4ng thanh l\u1ecbch v\u00e0 qu\u00fd ph\u00e1i h\u01a1n. L\u1edbp ho\u00e0n thi\u1ec7n m\u00e0u s\u1eafc \u0111\u01b0\u1ee3c ph\u1ee7 b\u1ed9t si\u00eau b\u1ec1n v\u01b0\u1ee3t tr\u1ed9i h\u01a1n c\u00e1c thi\u1ebft k\u1ebf kh\u00e1c, b\u1ea3o v\u1ec7 ch\u1ed1ng l\u1ea1i v\u1ebft l\u00f5m v\u00e0 tr\u1ea7y x\u01b0\u1edbc.<br \/>\nC\u1ed1c th\u1ee7y tinh n\u00e0y th\u00edch h\u1ee3p \u0111\u1ec3 u\u1ed1ng tr\u00e0, c\u00e0 ph\u00ea, n\u01b0\u1edbc, v.v. v\u1edbi k\u00edch th\u01b0\u1edbc ph\u00f9 h\u1ee3p, l\u00e0 l\u1ef1a ch\u1ecdn t\u1ed1t cho m\u1ee5c \u0111\u00edch Gi\u1ea3i tr\u00ed v\u00e0 s\u1eed d\u1ee5ng t\u1ea1i nh\u00e0, v\u0103n ph\u00f2ng, \u0111i \u0111\u01b0\u1eddng d\u00e0i, c\u1eafm tr\u1ea1i v\u00e0 du l\u1ecbch, \u0111i b\u1ed9 \u0111\u01b0\u1eddng d\u00e0i, ho\u1ea1t \u0111\u1ed9ng th\u1ec3 thao, d\u00e3 ngo\u1ea1i. Tay c\u1ea7m v\u1eeba v\u1eb7n v\u00e0 t\u1ea1o c\u1ea3m gi\u00e1c tho\u1ea3i m\u00e1i khi c\u1ea7m.<br \/>\nCh\u1ea5p nh\u1eadn OEM v\u00e0 ODM.<\/p>","protected":false},"featured_media":15015,"comment_status":"open","ping_status":"closed","template":"","meta":{"_acf_changed":false},"product_brand":[],"product_cat":[46,18],"product_tag":[32,36,33,849,31,733,39,38,982,774,29,37,831,34,35,28,703,313,30],"class_list":{"0":"post-11597","1":"product","2":"type-product","3":"status-publish","4":"has-post-thumbnail","6":"product_cat-cup","7":"product_cat-insulated-water-bottle","8":"product_tag-best","9":"product_tag-bulk","10":"product_tag-buy","11":"product_tag-ceramic-water-bottles","12":"product_tag-custom","13":"product_tag-custom-water-bottle-logo","14":"product_tag-for-sale","15":"product_tag-good-quality","16":"product_tag-insulated-tumbler-cup-with-lid","17":"product_tag-insulated-water-bottle-with-straw","18":"product_tag-manufacturers","19":"product_tag-manufacturing","20":"product_tag-mini-hot-water-bottle","21":"product_tag-price","22":"product_tag-small","23":"product_tag-suppliers","24":"product_tag-water-bottle-bamboo-lid","25":"product_tag-water-bottle-for-women","26":"product_tag-wholesale","28":"first","29":"instock","30":"shipping-taxable","31":"product-type-simple"},"acf":[],"yoast_head":"<!-- This site is optimized with the Yoast SEO Premium plugin v27.5 (Yoast SEO v27.5) - https:\/\/yoast.com\/product\/yoast-seo-premium-wordpress\/ -->\n<title>Insulated Tumbler Cup With Lid - Diller Water Bottle Manufacturer<\/title>\n<meta name=\"description\" content=\"As one of the best insulated tumbler cup with lid manufacturers and suppliers, we are engaged in manufacturing good quality water bottles. We warmly welcome you to wholesale or buy custom made insulated tumbler cup with lid at competitive price from us. Also, small quantity orders are acceptable.\" \/>\n<meta name=\"robots\" content=\"index, follow, max-snippet:-1, max-image-preview:large, max-video-preview:-1\" \/>\n<link rel=\"canonical\" href=\"https:\/\/www.dillerbottle.com\/vn\/cac-san-pham\/coc-thuy-tinh-cach-nhiet-co-nap\" \/>\n<meta property=\"og:locale\" content=\"vi_VN\" \/>\n<meta property=\"og:type\" content=\"article\" \/>\n<meta property=\"og:title\" content=\"Insulated Tumbler Cup With Lid\" \/>\n<meta property=\"og:description\" content=\"As one of the best insulated tumbler cup with lid manufacturers and suppliers, we are engaged in manufacturing good quality water bottles. We warmly welcome you to wholesale or buy custom made insulated tumbler cup with lid at competitive price from us. Also, small quantity orders are acceptable.\" \/>\n<meta property=\"og:url\" content=\"https:\/\/www.dillerbottle.com\/vn\/cac-san-pham\/coc-thuy-tinh-cach-nhiet-co-nap\" \/>\n<meta property=\"og:site_name\" content=\"Diller Water Bottle Manufacturer\" \/>\n<meta property=\"article:modified_time\" content=\"2025-07-09T05:51:47+00:00\" \/>\n<meta property=\"og:image\" content=\"https:\/\/www.dillerbottle.com\/wp-content\/uploads\/2024\/09\/insulated-tumbler-cup-with-lid.jpg\" \/>\n\t<meta property=\"og:image:width\" content=\"800\" \/>\n\t<meta property=\"og:image:height\" content=\"800\" \/>\n\t<meta property=\"og:image:type\" content=\"image\/jpeg\" \/>\n<meta name=\"twitter:card\" content=\"summary_large_image\" \/>\n<meta name=\"twitter:label1\" content=\"\u01af\u1edbc t\u00ednh th\u1eddi gian \u0111\u1ecdc\" \/>\n\t<meta name=\"twitter:data1\" content=\"3 ph\u00fat\" \/>\n<script type=\"application\/ld+json\" class=\"yoast-schema-graph\">{\"@context\":\"https:\\\/\\\/schema.org\",\"@graph\":[{\"@type\":\"WebPage\",\"@id\":\"https:\\\/\\\/www.dillerbottle.com\\\/vn\\\/cac-san-pham\\\/coc-thuy-tinh-cach-nhiet-co-nap\",\"url\":\"https:\\\/\\\/www.dillerbottle.com\\\/vn\\\/cac-san-pham\\\/coc-thuy-tinh-cach-nhiet-co-nap\",\"name\":\"Insulated Tumbler Cup With Lid - Diller Water Bottle Manufacturer\",\"isPartOf\":{\"@id\":\"https:\\\/\\\/www.dillerbottle.com\\\/#website\"},\"primaryImageOfPage\":{\"@id\":\"https:\\\/\\\/www.dillerbottle.com\\\/vn\\\/cac-san-pham\\\/coc-thuy-tinh-cach-nhiet-co-nap#primaryimage\"},\"image\":{\"@id\":\"https:\\\/\\\/www.dillerbottle.com\\\/vn\\\/cac-san-pham\\\/coc-thuy-tinh-cach-nhiet-co-nap#primaryimage\"},\"thumbnailUrl\":\"https:\\\/\\\/www.dillerbottle.com\\\/wp-content\\\/uploads\\\/2024\\\/09\\\/insulated-tumbler-cup-with-lid.jpg\",\"datePublished\":\"2024-09-29T06:58:56+00:00\",\"dateModified\":\"2025-07-09T05:51:47+00:00\",\"description\":\"As one of the best insulated tumbler cup with lid manufacturers and suppliers, we are engaged in manufacturing good quality water bottles. We warmly welcome you to wholesale or buy custom made insulated tumbler cup with lid at competitive price from us. Also, small quantity orders are acceptable.\",\"breadcrumb\":{\"@id\":\"https:\\\/\\\/www.dillerbottle.com\\\/vn\\\/cac-san-pham\\\/coc-thuy-tinh-cach-nhiet-co-nap#breadcrumb\"},\"inLanguage\":\"vi\",\"potentialAction\":[{\"@type\":\"ReadAction\",\"target\":[\"https:\\\/\\\/www.dillerbottle.com\\\/vn\\\/cac-san-pham\\\/coc-thuy-tinh-cach-nhiet-co-nap\"]}]},{\"@type\":\"ImageObject\",\"inLanguage\":\"vi\",\"@id\":\"https:\\\/\\\/www.dillerbottle.com\\\/vn\\\/cac-san-pham\\\/coc-thuy-tinh-cach-nhiet-co-nap#primaryimage\",\"url\":\"https:\\\/\\\/www.dillerbottle.com\\\/wp-content\\\/uploads\\\/2024\\\/09\\\/insulated-tumbler-cup-with-lid.jpg\",\"contentUrl\":\"https:\\\/\\\/www.dillerbottle.com\\\/wp-content\\\/uploads\\\/2024\\\/09\\\/insulated-tumbler-cup-with-lid.jpg\",\"width\":800,\"height\":800},{\"@type\":\"BreadcrumbList\",\"@id\":\"https:\\\/\\\/www.dillerbottle.com\\\/vn\\\/cac-san-pham\\\/coc-thuy-tinh-cach-nhiet-co-nap#breadcrumb\",\"itemListElement\":[{\"@type\":\"ListItem\",\"position\":1,\"name\":\"Home\",\"item\":\"https:\\\/\\\/www.dillerbottle.com\\\/\"},{\"@type\":\"ListItem\",\"position\":2,\"name\":\"Products\",\"item\":\"https:\\\/\\\/www.dillerbottle.com\\\/shop\"},{\"@type\":\"ListItem\",\"position\":3,\"name\":\"Insulated Tumbler Cup With Lid\"}]},{\"@type\":\"WebSite\",\"@id\":\"https:\\\/\\\/www.dillerbottle.com\\\/#website\",\"url\":\"https:\\\/\\\/www.dillerbottle.com\\\/\",\"name\":\"Diller Water Bottle Manufacturer\",\"description\":\"Water Bottle Manufacturer\",\"publisher\":{\"@id\":\"https:\\\/\\\/www.dillerbottle.com\\\/#organization\"},\"potentialAction\":[{\"@type\":\"SearchAction\",\"target\":{\"@type\":\"EntryPoint\",\"urlTemplate\":\"https:\\\/\\\/www.dillerbottle.com\\\/?s={search_term_string}\"},\"query-input\":{\"@type\":\"PropertyValueSpecification\",\"valueRequired\":true,\"valueName\":\"search_term_string\"}}],\"inLanguage\":\"vi\"},{\"@type\":\"Organization\",\"@id\":\"https:\\\/\\\/www.dillerbottle.com\\\/#organization\",\"name\":\"Diller Water Bottle Manufacturer\",\"url\":\"https:\\\/\\\/www.dillerbottle.com\\\/\",\"logo\":{\"@type\":\"ImageObject\",\"inLanguage\":\"vi\",\"@id\":\"https:\\\/\\\/www.dillerbottle.com\\\/#\\\/schema\\\/logo\\\/image\\\/\",\"url\":\"https:\\\/\\\/www.dillerbottle.com\\\/wp-content\\\/uploads\\\/2024\\\/09\\\/49918bfa848dcc1e9f8b509933603ac.png\",\"contentUrl\":\"https:\\\/\\\/www.dillerbottle.com\\\/wp-content\\\/uploads\\\/2024\\\/09\\\/49918bfa848dcc1e9f8b509933603ac.png\",\"width\":988,\"height\":198,\"caption\":\"Diller Water Bottle Manufacturer\"},\"image\":{\"@id\":\"https:\\\/\\\/www.dillerbottle.com\\\/#\\\/schema\\\/logo\\\/image\\\/\"}}]}<\/script>\n<!-- \/ Yoast SEO Premium plugin. -->","yoast_head_json":{"title":"C\u1ed1c gi\u1eef nhi\u1ec7t c\u00f3 n\u1eafp - Nh\u00e0 s\u1ea3n xu\u1ea5t b\u00ecnh n\u01b0\u1edbc Diller","description":"L\u00e0 m\u1ed9t trong nh\u1eefng nh\u00e0 s\u1ea3n xu\u1ea5t v\u00e0 cung c\u1ea5p c\u1ed1c th\u1ee7y tinh c\u00e1ch nhi\u1ec7t c\u00f3 n\u1eafp t\u1ed1t nh\u1ea5t, ch\u00fang t\u00f4i tham gia s\u1ea3n xu\u1ea5t c\u00e1c chai n\u01b0\u1edbc ch\u1ea5t l\u01b0\u1ee3ng t\u1ed1t. Ch\u00fang t\u00f4i n\u1ed3ng nhi\u1ec7t ch\u00e0o \u0111\u00f3n b\u1ea1n \u0111\u1ebfn b\u00e1n bu\u00f4n ho\u1eb7c mua c\u1ed1c th\u1ee7y tinh c\u00e1ch nhi\u1ec7t c\u00f3 n\u1eafp t\u00f9y ch\u1ec9nh v\u1edbi gi\u00e1 c\u1ea1nh tranh t\u1eeb ch\u00fang t\u00f4i. Ngo\u00e0i ra, ch\u00fang t\u00f4i c\u0169ng ch\u1ea5p nh\u1eadn \u0111\u01a1n \u0111\u1eb7t h\u00e0ng s\u1ed1 l\u01b0\u1ee3ng nh\u1ecf.","robots":{"index":"index","follow":"follow","max-snippet":"max-snippet:-1","max-image-preview":"max-image-preview:large","max-video-preview":"max-video-preview:-1"},"canonical":"https:\/\/www.dillerbottle.com\/vn\/cac-san-pham\/coc-thuy-tinh-cach-nhiet-co-nap","og_locale":"vi_VN","og_type":"article","og_title":"Insulated Tumbler Cup With Lid","og_description":"As one of the best insulated tumbler cup with lid manufacturers and suppliers, we are engaged in manufacturing good quality water bottles. We warmly welcome you to wholesale or buy custom made insulated tumbler cup with lid at competitive price from us. Also, small quantity orders are acceptable.","og_url":"https:\/\/www.dillerbottle.com\/vn\/cac-san-pham\/coc-thuy-tinh-cach-nhiet-co-nap","og_site_name":"Diller Water Bottle Manufacturer","article_modified_time":"2025-07-09T05:51:47+00:00","og_image":[{"width":800,"height":800,"url":"https:\/\/www.dillerbottle.com\/wp-content\/uploads\/2024\/09\/insulated-tumbler-cup-with-lid.jpg","type":"image\/jpeg"}],"twitter_card":"summary_large_image","twitter_misc":{"\u01af\u1edbc t\u00ednh th\u1eddi gian \u0111\u1ecdc":"3 ph\u00fat"},"schema":{"@context":"https:\/\/schema.org","@graph":[{"@type":"WebPage","@id":"https:\/\/www.dillerbottle.com\/vn\/cac-san-pham\/coc-thuy-tinh-cach-nhiet-co-nap","url":"https:\/\/www.dillerbottle.com\/vn\/cac-san-pham\/coc-thuy-tinh-cach-nhiet-co-nap","name":"C\u1ed1c gi\u1eef nhi\u1ec7t c\u00f3 n\u1eafp - Nh\u00e0 s\u1ea3n xu\u1ea5t b\u00ecnh n\u01b0\u1edbc Diller","isPartOf":{"@id":"https:\/\/www.dillerbottle.com\/#website"},"primaryImageOfPage":{"@id":"https:\/\/www.dillerbottle.com\/vn\/cac-san-pham\/coc-thuy-tinh-cach-nhiet-co-nap#primaryimage"},"image":{"@id":"https:\/\/www.dillerbottle.com\/vn\/cac-san-pham\/coc-thuy-tinh-cach-nhiet-co-nap#primaryimage"},"thumbnailUrl":"https:\/\/www.dillerbottle.com\/wp-content\/uploads\/2024\/09\/insulated-tumbler-cup-with-lid.jpg","datePublished":"2024-09-29T06:58:56+00:00","dateModified":"2025-07-09T05:51:47+00:00","description":"L\u00e0 m\u1ed9t trong nh\u1eefng nh\u00e0 s\u1ea3n xu\u1ea5t v\u00e0 cung c\u1ea5p c\u1ed1c th\u1ee7y tinh c\u00e1ch nhi\u1ec7t c\u00f3 n\u1eafp t\u1ed1t nh\u1ea5t, ch\u00fang t\u00f4i tham gia s\u1ea3n xu\u1ea5t c\u00e1c chai n\u01b0\u1edbc ch\u1ea5t l\u01b0\u1ee3ng t\u1ed1t. Ch\u00fang t\u00f4i n\u1ed3ng nhi\u1ec7t ch\u00e0o \u0111\u00f3n b\u1ea1n \u0111\u1ebfn b\u00e1n bu\u00f4n ho\u1eb7c mua c\u1ed1c th\u1ee7y tinh c\u00e1ch nhi\u1ec7t c\u00f3 n\u1eafp t\u00f9y ch\u1ec9nh v\u1edbi gi\u00e1 c\u1ea1nh tranh t\u1eeb ch\u00fang t\u00f4i. Ngo\u00e0i ra, ch\u00fang t\u00f4i c\u0169ng ch\u1ea5p nh\u1eadn \u0111\u01a1n \u0111\u1eb7t h\u00e0ng s\u1ed1 l\u01b0\u1ee3ng nh\u1ecf.","breadcrumb":{"@id":"https:\/\/www.dillerbottle.com\/vn\/cac-san-pham\/coc-thuy-tinh-cach-nhiet-co-nap#breadcrumb"},"inLanguage":"vi","potentialAction":[{"@type":"ReadAction","target":["https:\/\/www.dillerbottle.com\/vn\/cac-san-pham\/coc-thuy-tinh-cach-nhiet-co-nap"]}]},{"@type":"ImageObject","inLanguage":"vi","@id":"https:\/\/www.dillerbottle.com\/vn\/cac-san-pham\/coc-thuy-tinh-cach-nhiet-co-nap#primaryimage","url":"https:\/\/www.dillerbottle.com\/wp-content\/uploads\/2024\/09\/insulated-tumbler-cup-with-lid.jpg","contentUrl":"https:\/\/www.dillerbottle.com\/wp-content\/uploads\/2024\/09\/insulated-tumbler-cup-with-lid.jpg","width":800,"height":800},{"@type":"BreadcrumbList","@id":"https:\/\/www.dillerbottle.com\/vn\/cac-san-pham\/coc-thuy-tinh-cach-nhiet-co-nap#breadcrumb","itemListElement":[{"@type":"ListItem","position":1,"name":"Home","item":"https:\/\/www.dillerbottle.com\/"},{"@type":"ListItem","position":2,"name":"Products","item":"https:\/\/www.dillerbottle.com\/shop"},{"@type":"ListItem","position":3,"name":"Insulated Tumbler Cup With Lid"}]},{"@type":"WebSite","@id":"https:\/\/www.dillerbottle.com\/#website","url":"https:\/\/www.dillerbottle.com\/","name":"Nh\u00e0 s\u1ea3n xu\u1ea5t b\u00ecnh n\u01b0\u1edbc Diller","description":"Nh\u00e0 s\u1ea3n xu\u1ea5t b\u00ecnh n\u01b0\u1edbc","publisher":{"@id":"https:\/\/www.dillerbottle.com\/#organization"},"potentialAction":[{"@type":"SearchAction","target":{"@type":"EntryPoint","urlTemplate":"https:\/\/www.dillerbottle.com\/?s={search_term_string}"},"query-input":{"@type":"PropertyValueSpecification","valueRequired":true,"valueName":"search_term_string"}}],"inLanguage":"vi"},{"@type":"Organization","@id":"https:\/\/www.dillerbottle.com\/#organization","name":"Nh\u00e0 s\u1ea3n xu\u1ea5t b\u00ecnh n\u01b0\u1edbc Diller","url":"https:\/\/www.dillerbottle.com\/","logo":{"@type":"ImageObject","inLanguage":"vi","@id":"https:\/\/www.dillerbottle.com\/#\/schema\/logo\/image\/","url":"https:\/\/www.dillerbottle.com\/wp-content\/uploads\/2024\/09\/49918bfa848dcc1e9f8b509933603ac.png","contentUrl":"https:\/\/www.dillerbottle.com\/wp-content\/uploads\/2024\/09\/49918bfa848dcc1e9f8b509933603ac.png","width":988,"height":198,"caption":"Diller Water Bottle Manufacturer"},"image":{"@id":"https:\/\/www.dillerbottle.com\/#\/schema\/logo\/image\/"}}]}},"_links":{"self":[{"href":"https:\/\/www.dillerbottle.com\/vn\/wp-json\/wp\/v2\/product\/11597","targetHints":{"allow":["GET"]}}],"collection":[{"href":"https:\/\/www.dillerbottle.com\/vn\/wp-json\/wp\/v2\/product"}],"about":[{"href":"https:\/\/www.dillerbottle.com\/vn\/wp-json\/wp\/v2\/types\/product"}],"replies":[{"embeddable":true,"href":"https:\/\/www.dillerbottle.com\/vn\/wp-json\/wp\/v2\/comments?post=11597"}],"wp:featuredmedia":[{"embeddable":true,"href":"https:\/\/www.dillerbottle.com\/vn\/wp-json\/wp\/v2\/media\/15015"}],"wp:attachment":[{"href":"https:\/\/www.dillerbottle.com\/vn\/wp-json\/wp\/v2\/media?parent=11597"}],"wp:term":[{"taxonomy":"product_brand","embeddable":true,"href":"https:\/\/www.dillerbottle.com\/vn\/wp-json\/wp\/v2\/product_brand?post=11597"},{"taxonomy":"product_cat","embeddable":true,"href":"https:\/\/www.dillerbottle.com\/vn\/wp-json\/wp\/v2\/product_cat?post=11597"},{"taxonomy":"product_tag","embeddable":true,"href":"https:\/\/www.dillerbottle.com\/vn\/wp-json\/wp\/v2\/product_tag?post=11597"}],"curies":[{"name":"wp","href":"https:\/\/api.w.org\/{rel}","templated":true}]}}