{"id":11995,"date":"2024-09-29T15:03:19","date_gmt":"2024-09-29T07:03:19","guid":{"rendered":"https:\/\/demo.dillerbottle.com\/products\/thermos-bottle-for-baby"},"modified":"2025-09-12T16:23:56","modified_gmt":"2025-09-12T08:23:56","slug":"coc-cach-nhiet-chan-khong-nho-bang-thep-khong-gi-sus316","status":"publish","type":"product","link":"https:\/\/www.dillerbottle.com\/vn\/products\/sus316-stainless-steel-small-vacuum-insulated-cup","title":{"rendered":"C\u1ed1c c\u00e1ch nhi\u1ec7t ch\u00e2n kh\u00f4ng nh\u1ecf b\u1eb1ng th\u00e9p kh\u00f4ng g\u1ec9 SUS316"},"content":{"rendered":"<p data-start=\"1121\" data-end=\"1140\"><strong data-start=\"1121\" data-end=\"1137\">T\u00ednh n\u0103ng ch\u00ednh<\/strong>:<\/p>\n<ul data-start=\"1141\" data-end=\"1641\">\n<li data-start=\"1141\" data-end=\"1226\">\n<p data-start=\"1143\" data-end=\"1226\"><strong data-start=\"1143\" data-end=\"1169\">Th\u00e9p kh\u00f4ng g\u1ec9 SUS316<\/strong>V\u1eadt li\u1ec7u y t\u1ebf, an to\u00e0n v\u00e0 ch\u1ed1ng \u0103n m\u00f2n.<\/p>\n<\/li>\n<li data-start=\"1227\" data-end=\"1329\">\n<p data-start=\"1229\" data-end=\"1329\"><strong data-start=\"1229\" data-end=\"1271\">C\u00e1ch nhi\u1ec7t v\u00e0 b\u1ea3o qu\u1ea3n l\u1ea1nh<\/strong>: C\u1ea5u tr\u00fac hai l\u1edbp ch\u00e2n kh\u00f4ng gi\u00fap gi\u1eef \u0111\u1ed3 u\u1ed1ng n\u00f3ng ho\u1eb7c l\u1ea1nh trong nhi\u1ec1u gi\u1edd.<\/p>\n<\/li>\n<li data-start=\"1330\" data-end=\"1409\">\n<p data-start=\"1332\" data-end=\"1409\"><strong data-start=\"1332\" data-end=\"1359\">B\u1ea3ng m\u00e0u t\u1ed1i gi\u1ea3n<\/strong>: Sang tr\u1ecdng v\u00e0 \u0111a n\u0103ng cho nhi\u1ec1u d\u1ecbp kh\u00e1c nhau.<\/p>\n<\/li>\n<li data-start=\"1410\" data-end=\"1483\">\n<p data-start=\"1412\" data-end=\"1483\"><strong data-start=\"1412\" data-end=\"1435\">\u0110\u00f3ng k\u00edn v\u00e0 ch\u1ed1ng r\u00f2 r\u1ec9<\/strong>N\u1eafp v\u1eb7n gi\u00fap mang theo d\u1ec5 d\u00e0ng m\u00e0 kh\u00f4ng lo l\u1eafng.<\/p>\n<\/li>\n<li data-start=\"1484\" data-end=\"1561\">\n<p data-start=\"1486\" data-end=\"1561\"><strong data-start=\"1486\" data-end=\"1512\">B\u1ec1 m\u1eb7t s\u01a1n c\u00f3 k\u1ebft c\u1ea5u<\/strong>: B\u1ec1 m\u1eb7t m\u1ecbn m\u00e0ng, ch\u1ed1ng tr\u1ea7y x\u01b0\u1edbc v\u00e0 b\u1ec1n b\u1ec9.<\/p>\n<\/li>\n<li data-start=\"1562\" data-end=\"1641\">\n<p data-start=\"1564\" data-end=\"1641\"><strong data-start=\"1564\" data-end=\"1588\">Th\u00e2n c\u1ed1c nh\u1eb9<\/strong>: G\u1ecdn nh\u1eb9 v\u00e0 d\u1ec5 mang theo, ho\u00e0n h\u1ea3o cho s\u1eed d\u1ee5ng h\u00e0ng ng\u00e0y.<\/p>\n<\/li>\n<\/ul>\n<p data-start=\"1643\" data-end=\"1793\"><strong data-start=\"1643\" data-end=\"1659\">Ng\u01b0\u1eddi d\u00f9ng m\u1ee5c ti\u00eau<\/strong>: H\u1ecdc sinh, nh\u00e2n vi\u00ean v\u0103n ph\u00f2ng, du kh\u00e1ch v\u00e0 ng\u01b0\u1eddi mua qu\u00e0 t\u1eb7ng<br data-start=\"1713\" data-end=\"1716\" \/><strong data-start=\"1716\" data-end=\"1732\">\u1ee8ng d\u1ee5ng<\/strong>: \u0110i l\u1ea1i, v\u0103n ph\u00f2ng, du l\u1ecbch, th\u1ec3 thao v\u00e0 t\u00f9y ch\u1ec9nh qu\u00e0 t\u1eb7ng<\/p>","protected":false},"excerpt":{"rendered":"<p>C\u1ed1c c\u00e1ch nhi\u1ec7t mini nh\u1eb9 n\u00e0y \u0111\u01b0\u1ee3c l\u00e0m t\u1eeb th\u00e9p kh\u00f4ng g\u1ec9 c\u1ea5p y t\u1ebf SUS316, mang l\u1ea1i kh\u1ea3 n\u0103ng ch\u1ed1ng \u0103n m\u00f2n xu\u1ea5t s\u1eafc v\u00e0 an to\u00e0n cho s\u1ee9c kh\u1ecfe. V\u1edbi thi\u1ebft k\u1ebf nh\u1ecf g\u1ecdn v\u00e0 ti\u1ec7n l\u1ee3i, c\u1ed1c gi\u1eef nhi\u1ec7t \u0111\u1ed9 n\u00f3ng ho\u1eb7c l\u1ea1nh cho \u0111\u1ed3 u\u1ed1ng, trong khi b\u1ea3ng m\u00e0u t\u1ed1i gi\u1ea3n v\u00e0 l\u1edbp s\u01a1n nh\u00e1m mang l\u1ea1i c\u1ea3 t\u00ednh th\u1ef1c d\u1ee5ng l\u1eabn phong c\u00e1ch.<\/p>","protected":false},"featured_media":16775,"comment_status":"open","ping_status":"closed","template":"","meta":{"_acf_changed":false},"product_brand":[],"product_cat":[18],"product_tag":[29,732],"class_list":{"0":"post-11995","1":"product","2":"type-product","3":"status-publish","4":"has-post-thumbnail","6":"product_cat-insulated-water-bottle","7":"product_tag-manufacturers","8":"product_tag-portable-travel-water-bottle","10":"first","11":"instock","12":"shipping-taxable","13":"product-type-simple"},"acf":[],"yoast_head":"<!-- This site is optimized with the Yoast SEO Premium plugin v27.5 (Yoast SEO v27.5) - https:\/\/yoast.com\/product\/yoast-seo-premium-wordpress\/ -->\n<title>Diller Water Bottle Manufacturer - Diller Water Bottle Manufacturer<\/title>\n<meta name=\"description\" content=\"Experience the elegance of the SUS316 Stainless Steel Small Vacuum Insulated Cup. Enjoy your drinks at the perfect temperature for hours!\" \/>\n<meta name=\"robots\" content=\"index, follow, max-snippet:-1, max-image-preview:large, max-video-preview:-1\" \/>\n<link rel=\"canonical\" href=\"https:\/\/www.dillerbottle.com\/vn\/cac-san-pham\/coc-cach-nhiet-chan-khong-nho-bang-thep-khong-gi-sus316\" \/>\n<meta property=\"og:locale\" content=\"vi_VN\" \/>\n<meta property=\"og:type\" content=\"article\" \/>\n<meta property=\"og:title\" content=\"SUS316 Stainless Steel Small Vacuum Insulated Cup\" \/>\n<meta property=\"og:description\" content=\"Experience the elegance of the SUS316 Stainless Steel Small Vacuum Insulated Cup. Enjoy your drinks at the perfect temperature for hours!\" \/>\n<meta property=\"og:url\" content=\"https:\/\/www.dillerbottle.com\/vn\/cac-san-pham\/coc-cach-nhiet-chan-khong-nho-bang-thep-khong-gi-sus316\" \/>\n<meta property=\"og:site_name\" content=\"Diller Water Bottle Manufacturer\" \/>\n<meta property=\"article:modified_time\" content=\"2025-09-12T08:23:56+00:00\" \/>\n<meta property=\"og:image\" content=\"https:\/\/www.dillerbottle.com\/wp-content\/uploads\/2024\/09\/thermos-bottle-for-baby-9188-1.jpg\" \/>\n\t<meta property=\"og:image:width\" content=\"800\" \/>\n\t<meta property=\"og:image:height\" content=\"800\" \/>\n\t<meta property=\"og:image:type\" content=\"image\/jpeg\" \/>\n<meta name=\"twitter:card\" content=\"summary_large_image\" \/>\n<meta name=\"twitter:label1\" content=\"\u01af\u1edbc t\u00ednh th\u1eddi gian \u0111\u1ecdc\" \/>\n\t<meta name=\"twitter:data1\" content=\"1 ph\u00fat\" \/>\n<script type=\"application\/ld+json\" class=\"yoast-schema-graph\">{\"@context\":\"https:\\\/\\\/schema.org\",\"@graph\":[{\"@type\":\"WebPage\",\"@id\":\"https:\\\/\\\/www.dillerbottle.com\\\/products\\\/sus316-stainless-steel-small-vacuum-insulated-cup\",\"url\":\"https:\\\/\\\/www.dillerbottle.com\\\/products\\\/sus316-stainless-steel-small-vacuum-insulated-cup\",\"name\":\"Diller Water Bottle Manufacturer - Diller Water Bottle Manufacturer\",\"isPartOf\":{\"@id\":\"https:\\\/\\\/www.dillerbottle.com\\\/#website\"},\"primaryImageOfPage\":{\"@id\":\"https:\\\/\\\/www.dillerbottle.com\\\/products\\\/sus316-stainless-steel-small-vacuum-insulated-cup#primaryimage\"},\"image\":{\"@id\":\"https:\\\/\\\/www.dillerbottle.com\\\/products\\\/sus316-stainless-steel-small-vacuum-insulated-cup#primaryimage\"},\"thumbnailUrl\":\"https:\\\/\\\/www.dillerbottle.com\\\/wp-content\\\/uploads\\\/2024\\\/09\\\/thermos-bottle-for-baby-9188-1.jpg\",\"datePublished\":\"2024-09-29T07:03:19+00:00\",\"dateModified\":\"2025-09-12T08:23:56+00:00\",\"description\":\"Experience the elegance of the SUS316 Stainless Steel Small Vacuum Insulated Cup. Enjoy your drinks at the perfect temperature for hours!\",\"breadcrumb\":{\"@id\":\"https:\\\/\\\/www.dillerbottle.com\\\/products\\\/sus316-stainless-steel-small-vacuum-insulated-cup#breadcrumb\"},\"inLanguage\":\"vi\",\"potentialAction\":[{\"@type\":\"ReadAction\",\"target\":[\"https:\\\/\\\/www.dillerbottle.com\\\/products\\\/sus316-stainless-steel-small-vacuum-insulated-cup\"]}]},{\"@type\":\"ImageObject\",\"inLanguage\":\"vi\",\"@id\":\"https:\\\/\\\/www.dillerbottle.com\\\/products\\\/sus316-stainless-steel-small-vacuum-insulated-cup#primaryimage\",\"url\":\"https:\\\/\\\/www.dillerbottle.com\\\/wp-content\\\/uploads\\\/2024\\\/09\\\/thermos-bottle-for-baby-9188-1.jpg\",\"contentUrl\":\"https:\\\/\\\/www.dillerbottle.com\\\/wp-content\\\/uploads\\\/2024\\\/09\\\/thermos-bottle-for-baby-9188-1.jpg\",\"width\":800,\"height\":800},{\"@type\":\"BreadcrumbList\",\"@id\":\"https:\\\/\\\/www.dillerbottle.com\\\/products\\\/sus316-stainless-steel-small-vacuum-insulated-cup#breadcrumb\",\"itemListElement\":[{\"@type\":\"ListItem\",\"position\":1,\"name\":\"Home\",\"item\":\"https:\\\/\\\/www.dillerbottle.com\\\/\"},{\"@type\":\"ListItem\",\"position\":2,\"name\":\"Products\",\"item\":\"https:\\\/\\\/www.dillerbottle.com\\\/shop\"},{\"@type\":\"ListItem\",\"position\":3,\"name\":\"SUS316 Stainless Steel Small Vacuum Insulated Cup\"}]},{\"@type\":\"WebSite\",\"@id\":\"https:\\\/\\\/www.dillerbottle.com\\\/#website\",\"url\":\"https:\\\/\\\/www.dillerbottle.com\\\/\",\"name\":\"Diller Water Bottle Manufacturer\",\"description\":\"Water Bottle Manufacturer\",\"publisher\":{\"@id\":\"https:\\\/\\\/www.dillerbottle.com\\\/#organization\"},\"potentialAction\":[{\"@type\":\"SearchAction\",\"target\":{\"@type\":\"EntryPoint\",\"urlTemplate\":\"https:\\\/\\\/www.dillerbottle.com\\\/?s={search_term_string}\"},\"query-input\":{\"@type\":\"PropertyValueSpecification\",\"valueRequired\":true,\"valueName\":\"search_term_string\"}}],\"inLanguage\":\"vi\"},{\"@type\":\"Organization\",\"@id\":\"https:\\\/\\\/www.dillerbottle.com\\\/#organization\",\"name\":\"Diller Water Bottle Manufacturer\",\"url\":\"https:\\\/\\\/www.dillerbottle.com\\\/\",\"logo\":{\"@type\":\"ImageObject\",\"inLanguage\":\"vi\",\"@id\":\"https:\\\/\\\/www.dillerbottle.com\\\/#\\\/schema\\\/logo\\\/image\\\/\",\"url\":\"https:\\\/\\\/www.dillerbottle.com\\\/wp-content\\\/uploads\\\/2024\\\/09\\\/49918bfa848dcc1e9f8b509933603ac.png\",\"contentUrl\":\"https:\\\/\\\/www.dillerbottle.com\\\/wp-content\\\/uploads\\\/2024\\\/09\\\/49918bfa848dcc1e9f8b509933603ac.png\",\"width\":988,\"height\":198,\"caption\":\"Diller Water Bottle Manufacturer\"},\"image\":{\"@id\":\"https:\\\/\\\/www.dillerbottle.com\\\/#\\\/schema\\\/logo\\\/image\\\/\"}}]}<\/script>\n<!-- \/ Yoast SEO Premium plugin. -->","yoast_head_json":{"title":"Nh\u00e0 s\u1ea3n xu\u1ea5t b\u00ecnh n\u01b0\u1edbc Diller - Nh\u00e0 s\u1ea3n xu\u1ea5t b\u00ecnh n\u01b0\u1edbc Diller","description":"Tr\u1ea3i nghi\u1ec7m s\u1ef1 sang tr\u1ecdng c\u1ee7a ly gi\u1eef nhi\u1ec7t ch\u00e2n kh\u00f4ng nh\u1ecf b\u1eb1ng th\u00e9p kh\u00f4ng g\u1ec9 SUS316. Th\u01b0\u1edfng th\u1ee9c \u0111\u1ed3 u\u1ed1ng c\u1ee7a b\u1ea1n \u1edf nhi\u1ec7t \u0111\u1ed9 ho\u00e0n h\u1ea3o trong nhi\u1ec1u gi\u1edd!","robots":{"index":"index","follow":"follow","max-snippet":"max-snippet:-1","max-image-preview":"max-image-preview:large","max-video-preview":"max-video-preview:-1"},"canonical":"https:\/\/www.dillerbottle.com\/vn\/cac-san-pham\/coc-cach-nhiet-chan-khong-nho-bang-thep-khong-gi-sus316","og_locale":"vi_VN","og_type":"article","og_title":"SUS316 Stainless Steel Small Vacuum Insulated Cup","og_description":"Experience the elegance of the SUS316 Stainless Steel Small Vacuum Insulated Cup. Enjoy your drinks at the perfect temperature for hours!","og_url":"https:\/\/www.dillerbottle.com\/vn\/cac-san-pham\/coc-cach-nhiet-chan-khong-nho-bang-thep-khong-gi-sus316","og_site_name":"Diller Water Bottle Manufacturer","article_modified_time":"2025-09-12T08:23:56+00:00","og_image":[{"width":800,"height":800,"url":"https:\/\/www.dillerbottle.com\/wp-content\/uploads\/2024\/09\/thermos-bottle-for-baby-9188-1.jpg","type":"image\/jpeg"}],"twitter_card":"summary_large_image","twitter_misc":{"\u01af\u1edbc t\u00ednh th\u1eddi gian \u0111\u1ecdc":"1 ph\u00fat"},"schema":{"@context":"https:\/\/schema.org","@graph":[{"@type":"WebPage","@id":"https:\/\/www.dillerbottle.com\/products\/sus316-stainless-steel-small-vacuum-insulated-cup","url":"https:\/\/www.dillerbottle.com\/products\/sus316-stainless-steel-small-vacuum-insulated-cup","name":"Nh\u00e0 s\u1ea3n xu\u1ea5t b\u00ecnh n\u01b0\u1edbc Diller - Nh\u00e0 s\u1ea3n xu\u1ea5t b\u00ecnh n\u01b0\u1edbc Diller","isPartOf":{"@id":"https:\/\/www.dillerbottle.com\/#website"},"primaryImageOfPage":{"@id":"https:\/\/www.dillerbottle.com\/products\/sus316-stainless-steel-small-vacuum-insulated-cup#primaryimage"},"image":{"@id":"https:\/\/www.dillerbottle.com\/products\/sus316-stainless-steel-small-vacuum-insulated-cup#primaryimage"},"thumbnailUrl":"https:\/\/www.dillerbottle.com\/wp-content\/uploads\/2024\/09\/thermos-bottle-for-baby-9188-1.jpg","datePublished":"2024-09-29T07:03:19+00:00","dateModified":"2025-09-12T08:23:56+00:00","description":"Tr\u1ea3i nghi\u1ec7m s\u1ef1 sang tr\u1ecdng c\u1ee7a ly gi\u1eef nhi\u1ec7t ch\u00e2n kh\u00f4ng nh\u1ecf b\u1eb1ng th\u00e9p kh\u00f4ng g\u1ec9 SUS316. Th\u01b0\u1edfng th\u1ee9c \u0111\u1ed3 u\u1ed1ng c\u1ee7a b\u1ea1n \u1edf nhi\u1ec7t \u0111\u1ed9 ho\u00e0n h\u1ea3o trong nhi\u1ec1u gi\u1edd!","breadcrumb":{"@id":"https:\/\/www.dillerbottle.com\/products\/sus316-stainless-steel-small-vacuum-insulated-cup#breadcrumb"},"inLanguage":"vi","potentialAction":[{"@type":"ReadAction","target":["https:\/\/www.dillerbottle.com\/products\/sus316-stainless-steel-small-vacuum-insulated-cup"]}]},{"@type":"ImageObject","inLanguage":"vi","@id":"https:\/\/www.dillerbottle.com\/products\/sus316-stainless-steel-small-vacuum-insulated-cup#primaryimage","url":"https:\/\/www.dillerbottle.com\/wp-content\/uploads\/2024\/09\/thermos-bottle-for-baby-9188-1.jpg","contentUrl":"https:\/\/www.dillerbottle.com\/wp-content\/uploads\/2024\/09\/thermos-bottle-for-baby-9188-1.jpg","width":800,"height":800},{"@type":"BreadcrumbList","@id":"https:\/\/www.dillerbottle.com\/products\/sus316-stainless-steel-small-vacuum-insulated-cup#breadcrumb","itemListElement":[{"@type":"ListItem","position":1,"name":"Home","item":"https:\/\/www.dillerbottle.com\/"},{"@type":"ListItem","position":2,"name":"Products","item":"https:\/\/www.dillerbottle.com\/shop"},{"@type":"ListItem","position":3,"name":"SUS316 Stainless Steel Small Vacuum Insulated Cup"}]},{"@type":"WebSite","@id":"https:\/\/www.dillerbottle.com\/#website","url":"https:\/\/www.dillerbottle.com\/","name":"Nh\u00e0 s\u1ea3n xu\u1ea5t b\u00ecnh n\u01b0\u1edbc Diller","description":"Nh\u00e0 s\u1ea3n xu\u1ea5t b\u00ecnh n\u01b0\u1edbc","publisher":{"@id":"https:\/\/www.dillerbottle.com\/#organization"},"potentialAction":[{"@type":"SearchAction","target":{"@type":"EntryPoint","urlTemplate":"https:\/\/www.dillerbottle.com\/?s={search_term_string}"},"query-input":{"@type":"PropertyValueSpecification","valueRequired":true,"valueName":"search_term_string"}}],"inLanguage":"vi"},{"@type":"Organization","@id":"https:\/\/www.dillerbottle.com\/#organization","name":"Nh\u00e0 s\u1ea3n xu\u1ea5t b\u00ecnh n\u01b0\u1edbc Diller","url":"https:\/\/www.dillerbottle.com\/","logo":{"@type":"ImageObject","inLanguage":"vi","@id":"https:\/\/www.dillerbottle.com\/#\/schema\/logo\/image\/","url":"https:\/\/www.dillerbottle.com\/wp-content\/uploads\/2024\/09\/49918bfa848dcc1e9f8b509933603ac.png","contentUrl":"https:\/\/www.dillerbottle.com\/wp-content\/uploads\/2024\/09\/49918bfa848dcc1e9f8b509933603ac.png","width":988,"height":198,"caption":"Diller Water Bottle Manufacturer"},"image":{"@id":"https:\/\/www.dillerbottle.com\/#\/schema\/logo\/image\/"}}]}},"_links":{"self":[{"href":"https:\/\/www.dillerbottle.com\/vn\/wp-json\/wp\/v2\/product\/11995","targetHints":{"allow":["GET"]}}],"collection":[{"href":"https:\/\/www.dillerbottle.com\/vn\/wp-json\/wp\/v2\/product"}],"about":[{"href":"https:\/\/www.dillerbottle.com\/vn\/wp-json\/wp\/v2\/types\/product"}],"replies":[{"embeddable":true,"href":"https:\/\/www.dillerbottle.com\/vn\/wp-json\/wp\/v2\/comments?post=11995"}],"wp:featuredmedia":[{"embeddable":true,"href":"https:\/\/www.dillerbottle.com\/vn\/wp-json\/wp\/v2\/media\/16775"}],"wp:attachment":[{"href":"https:\/\/www.dillerbottle.com\/vn\/wp-json\/wp\/v2\/media?parent=11995"}],"wp:term":[{"taxonomy":"product_brand","embeddable":true,"href":"https:\/\/www.dillerbottle.com\/vn\/wp-json\/wp\/v2\/product_brand?post=11995"},{"taxonomy":"product_cat","embeddable":true,"href":"https:\/\/www.dillerbottle.com\/vn\/wp-json\/wp\/v2\/product_cat?post=11995"},{"taxonomy":"product_tag","embeddable":true,"href":"https:\/\/www.dillerbottle.com\/vn\/wp-json\/wp\/v2\/product_tag?post=11995"}],"curies":[{"name":"wp","href":"https:\/\/api.w.org\/{rel}","templated":true}]}}