{"id":12392,"date":"2024-09-29T15:07:40","date_gmt":"2024-09-29T07:07:40","guid":{"rendered":"https:\/\/demo.dillerbottle.com\/products\/bpa-free-insulated-water-bottles"},"modified":"2025-07-08T17:21:36","modified_gmt":"2025-07-08T09:21:36","slug":"binh-nuoc-cach-nhiet-khong-chua-bpa","status":"publish","type":"product","link":"https:\/\/www.dillerbottle.com\/vn\/products\/bpa-free-insulated-water-bottles","title":{"rendered":"B\u00ecnh n\u01b0\u1edbc c\u00e1ch nhi\u1ec7t kh\u00f4ng ch\u1ee9a BPA"},"content":{"rendered":"<p>1. B\u00ecnh n\u01b0\u1edbc c\u00e1ch nhi\u1ec7t kh\u00f4ng ch\u1ee9a BPA c\u00f3 d\u00e2y x\u00e1ch tay, d\u1ec5 d\u00e0ng mang theo khi \u0111i b\u1ed9 \u0111\u01b0\u1eddng d\u00e0i, leo n\u00fai, b\u01a1i l\u1ed9i, \u0111\u1ea1p xe, mua s\u1eafm ho\u1eb7c \u0111\u1ec3 \u1edf v\u0103n ph\u00f2ng v\u00e0 nh\u00e0.<br \/>\n2. \u0110\u01b0\u1ee3c thi\u1ebft k\u1ebf v\u1edbi mi\u1ec7ng b\u00ecnh r\u1ed9ng h\u01a1n gi\u00fap b\u1ea1n d\u1ec5 d\u00e0ng \u0111\u1ed5 \u0111\u1ea7y, v\u1ec7 sinh v\u00e0 u\u1ed1ng n\u01b0\u1edbc; b\u1ea1n c\u0169ng c\u00f3 th\u1ec3 d\u1ec5 d\u00e0ng th\u00eam \u0111\u00e1 vi\u00ean, g\u00f3i h\u01b0\u01a1ng v\u1ecb v\u00e0 nhi\u1ec1u th\u1ee9 kh\u00e1c.<br \/>\n3. Th\u00edch h\u1ee3p s\u1eed d\u1ee5ng trong nh\u00e0 v\u00e0 ngo\u00e0i tr\u1eddi.<br \/>\n4. Th\u00e9p kh\u00f4ng g\u1ec9 304 ch\u1ea5t l\u01b0\u1ee3ng cao, d\u00f9ng trong th\u1ef1c ph\u1ea9m.<\/p>","protected":false},"excerpt":{"rendered":"<p>\u0110\u1eb7c \u0111i\u1ec3m: 1. B\u00ecnh n\u01b0\u1edbc c\u00e1ch nhi\u1ec7t kh\u00f4ng ch\u1ee9a BPA c\u00f3 d\u00e2y x\u00e1ch tay, d\u1ec5 d\u00e0ng mang theo khi \u0111i b\u1ed9 \u0111\u01b0\u1eddng d\u00e0i, leo n\u00fai, b\u01a1i l\u1ed9i, \u0111\u1ea1p xe, mua s\u1eafm ho\u1eb7c \u0111\u1ec3 \u1edf v\u0103n ph\u00f2ng v\u00e0 nh\u00e0.<br \/>\n2. \u0110\u01b0\u1ee3c thi\u1ebft k\u1ebf v\u1edbi mi\u1ec7ng b\u00ecnh r\u1ed9ng h\u01a1n gi\u00fap b\u1ea1n d\u1ec5 d\u00e0ng \u0111\u1ed5 \u0111\u1ea7y, v\u1ec7 sinh v\u00e0 u\u1ed1ng n\u01b0\u1edbc; b\u1ea1n c\u0169ng c\u00f3 th\u1ec3 d\u1ec5 d\u00e0ng th\u00eam \u0111\u00e1 vi\u00ean,\u2026<\/p>","protected":false},"featured_media":12393,"comment_status":"open","ping_status":"closed","template":"","meta":{"_acf_changed":false},"product_brand":[],"product_cat":[18],"product_tag":[32,1058,36,33,31,752,39,38,835,511,29,37,34,815,35,28,837,530,30],"class_list":{"0":"post-12392","1":"product","2":"type-product","3":"status-publish","4":"has-post-thumbnail","6":"product_cat-insulated-water-bottle","7":"product_tag-best","8":"product_tag-bpa-free-insulated-water-bottles","9":"product_tag-bulk","10":"product_tag-buy","11":"product_tag-custom","12":"product_tag-eco-friendly-water-bottle-stainless-steel","13":"product_tag-for-sale","14":"product_tag-good-quality","15":"product_tag-hot-water-bottle","16":"product_tag-insulated-water-bottle-thermal-water-bottle","17":"product_tag-manufacturers","18":"product_tag-manufacturing","19":"product_tag-price","20":"product_tag-reusable-water-bottles","21":"product_tag-small","22":"product_tag-suppliers","23":"product_tag-water-bottle-stainless-steel-sublimation-bottle","24":"product_tag-water-bottle-with-sleeve-and-strap","25":"product_tag-wholesale","27":"first","28":"instock","29":"shipping-taxable","30":"product-type-simple"},"acf":[],"yoast_head":"<!-- This site is optimized with the Yoast SEO Premium plugin v27.5 (Yoast SEO v27.5) - https:\/\/yoast.com\/product\/yoast-seo-premium-wordpress\/ -->\n<title>BPA Free Insulated Water Bottles - Diller Water Bottle Manufacturer<\/title>\n<meta name=\"description\" content=\"As one of the best BPA free insulated water bottles manufacturers and suppliers, we are engaged in manufacturing good quality water bottles. We warmly welcome you to wholesale or buy custom made BPA free insulated water bottles at competitive price from us. Also, small quantity orders are acceptable.\" \/>\n<meta name=\"robots\" content=\"index, follow, max-snippet:-1, max-image-preview:large, max-video-preview:-1\" \/>\n<link rel=\"canonical\" href=\"https:\/\/www.dillerbottle.com\/vn\/cac-san-pham\/binh-nuoc-cach-nhiet-khong-chua-bpa\" \/>\n<meta property=\"og:locale\" content=\"vi_VN\" \/>\n<meta property=\"og:type\" content=\"article\" \/>\n<meta property=\"og:title\" content=\"BPA Free Insulated Water Bottles\" \/>\n<meta property=\"og:description\" content=\"As one of the best BPA free insulated water bottles manufacturers and suppliers, we are engaged in manufacturing good quality water bottles. We warmly welcome you to wholesale or buy custom made BPA free insulated water bottles at competitive price from us. Also, small quantity orders are acceptable.\" \/>\n<meta property=\"og:url\" content=\"https:\/\/www.dillerbottle.com\/vn\/cac-san-pham\/binh-nuoc-cach-nhiet-khong-chua-bpa\" \/>\n<meta property=\"og:site_name\" content=\"Diller Water Bottle Manufacturer\" \/>\n<meta property=\"article:modified_time\" content=\"2025-07-08T09:21:36+00:00\" \/>\n<meta property=\"og:image\" content=\"https:\/\/www.dillerbottle.com\/wp-content\/uploads\/2024\/09\/bpa-free-insulated-water-bottles20512726510.jpg\" \/>\n\t<meta property=\"og:image:width\" content=\"730\" \/>\n\t<meta property=\"og:image:height\" content=\"730\" \/>\n\t<meta property=\"og:image:type\" content=\"image\/jpeg\" \/>\n<meta name=\"twitter:card\" content=\"summary_large_image\" \/>\n<meta name=\"twitter:label1\" content=\"\u01af\u1edbc t\u00ednh th\u1eddi gian \u0111\u1ecdc\" \/>\n\t<meta name=\"twitter:data1\" content=\"2 ph\u00fat\" \/>\n<script type=\"application\/ld+json\" class=\"yoast-schema-graph\">{\"@context\":\"https:\\\/\\\/schema.org\",\"@graph\":[{\"@type\":\"WebPage\",\"@id\":\"https:\\\/\\\/www.dillerbottle.com\\\/ar\\\/products\\\/bpa-free-insulated-water-bottles\",\"url\":\"https:\\\/\\\/www.dillerbottle.com\\\/ar\\\/products\\\/bpa-free-insulated-water-bottles\",\"name\":\"BPA Free Insulated Water Bottles - Diller Water Bottle Manufacturer\",\"isPartOf\":{\"@id\":\"https:\\\/\\\/www.dillerbottle.com\\\/#website\"},\"primaryImageOfPage\":{\"@id\":\"https:\\\/\\\/www.dillerbottle.com\\\/ar\\\/products\\\/bpa-free-insulated-water-bottles#primaryimage\"},\"image\":{\"@id\":\"https:\\\/\\\/www.dillerbottle.com\\\/ar\\\/products\\\/bpa-free-insulated-water-bottles#primaryimage\"},\"thumbnailUrl\":\"https:\\\/\\\/www.dillerbottle.com\\\/wp-content\\\/uploads\\\/2024\\\/09\\\/bpa-free-insulated-water-bottles20512726510.jpg\",\"datePublished\":\"2024-09-29T07:07:40+00:00\",\"dateModified\":\"2025-07-08T09:21:36+00:00\",\"description\":\"As one of the best BPA free insulated water bottles manufacturers and suppliers, we are engaged in manufacturing good quality water bottles. We warmly welcome you to wholesale or buy custom made BPA free insulated water bottles at competitive price from us. Also, small quantity orders are acceptable.\",\"breadcrumb\":{\"@id\":\"https:\\\/\\\/www.dillerbottle.com\\\/ar\\\/products\\\/bpa-free-insulated-water-bottles#breadcrumb\"},\"inLanguage\":\"vi\",\"potentialAction\":[{\"@type\":\"ReadAction\",\"target\":[\"https:\\\/\\\/www.dillerbottle.com\\\/ar\\\/products\\\/bpa-free-insulated-water-bottles\"]}]},{\"@type\":\"ImageObject\",\"inLanguage\":\"vi\",\"@id\":\"https:\\\/\\\/www.dillerbottle.com\\\/ar\\\/products\\\/bpa-free-insulated-water-bottles#primaryimage\",\"url\":\"https:\\\/\\\/www.dillerbottle.com\\\/wp-content\\\/uploads\\\/2024\\\/09\\\/bpa-free-insulated-water-bottles20512726510.jpg\",\"contentUrl\":\"https:\\\/\\\/www.dillerbottle.com\\\/wp-content\\\/uploads\\\/2024\\\/09\\\/bpa-free-insulated-water-bottles20512726510.jpg\",\"width\":730,\"height\":730},{\"@type\":\"BreadcrumbList\",\"@id\":\"https:\\\/\\\/www.dillerbottle.com\\\/ar\\\/products\\\/bpa-free-insulated-water-bottles#breadcrumb\",\"itemListElement\":[{\"@type\":\"ListItem\",\"position\":1,\"name\":\"Home\",\"item\":\"https:\\\/\\\/www.dillerbottle.com\\\/\"},{\"@type\":\"ListItem\",\"position\":2,\"name\":\"Products\",\"item\":\"https:\\\/\\\/www.dillerbottle.com\\\/shop\"},{\"@type\":\"ListItem\",\"position\":3,\"name\":\"BPA Free Insulated Water Bottles\"}]},{\"@type\":\"WebSite\",\"@id\":\"https:\\\/\\\/www.dillerbottle.com\\\/#website\",\"url\":\"https:\\\/\\\/www.dillerbottle.com\\\/\",\"name\":\"Diller Water Bottle Manufacturer\",\"description\":\"Water Bottle Manufacturer\",\"publisher\":{\"@id\":\"https:\\\/\\\/www.dillerbottle.com\\\/#organization\"},\"potentialAction\":[{\"@type\":\"SearchAction\",\"target\":{\"@type\":\"EntryPoint\",\"urlTemplate\":\"https:\\\/\\\/www.dillerbottle.com\\\/?s={search_term_string}\"},\"query-input\":{\"@type\":\"PropertyValueSpecification\",\"valueRequired\":true,\"valueName\":\"search_term_string\"}}],\"inLanguage\":\"vi\"},{\"@type\":\"Organization\",\"@id\":\"https:\\\/\\\/www.dillerbottle.com\\\/#organization\",\"name\":\"Diller Water Bottle Manufacturer\",\"url\":\"https:\\\/\\\/www.dillerbottle.com\\\/\",\"logo\":{\"@type\":\"ImageObject\",\"inLanguage\":\"vi\",\"@id\":\"https:\\\/\\\/www.dillerbottle.com\\\/#\\\/schema\\\/logo\\\/image\\\/\",\"url\":\"https:\\\/\\\/www.dillerbottle.com\\\/wp-content\\\/uploads\\\/2024\\\/09\\\/49918bfa848dcc1e9f8b509933603ac.png\",\"contentUrl\":\"https:\\\/\\\/www.dillerbottle.com\\\/wp-content\\\/uploads\\\/2024\\\/09\\\/49918bfa848dcc1e9f8b509933603ac.png\",\"width\":988,\"height\":198,\"caption\":\"Diller Water Bottle Manufacturer\"},\"image\":{\"@id\":\"https:\\\/\\\/www.dillerbottle.com\\\/#\\\/schema\\\/logo\\\/image\\\/\"}}]}<\/script>\n<!-- \/ Yoast SEO Premium plugin. -->","yoast_head_json":{"title":"B\u00ecnh n\u01b0\u1edbc c\u00e1ch nhi\u1ec7t kh\u00f4ng ch\u1ee9a BPA - Nh\u00e0 s\u1ea3n xu\u1ea5t b\u00ecnh n\u01b0\u1edbc Diller","description":"L\u00e0 m\u1ed9t trong nh\u1eefng nh\u00e0 s\u1ea3n xu\u1ea5t v\u00e0 cung c\u1ea5p b\u00ecnh n\u01b0\u1edbc c\u00e1ch nhi\u1ec7t kh\u00f4ng ch\u1ee9a BPA t\u1ed1t nh\u1ea5t, ch\u00fang t\u00f4i tham gia s\u1ea3n xu\u1ea5t b\u00ecnh n\u01b0\u1edbc ch\u1ea5t l\u01b0\u1ee3ng t\u1ed1t. Ch\u00fang t\u00f4i n\u1ed3ng nhi\u1ec7t ch\u00e0o \u0111\u00f3n b\u1ea1n \u0111\u1ebfn b\u00e1n bu\u00f4n ho\u1eb7c mua b\u00ecnh n\u01b0\u1edbc c\u00e1ch nhi\u1ec7t kh\u00f4ng ch\u1ee9a BPA t\u00f9y ch\u1ec9nh v\u1edbi gi\u00e1 c\u1ea1nh tranh t\u1eeb ch\u00fang t\u00f4i. Ngo\u00e0i ra, ch\u00fang t\u00f4i c\u0169ng ch\u1ea5p nh\u1eadn \u0111\u01a1n \u0111\u1eb7t h\u00e0ng s\u1ed1 l\u01b0\u1ee3ng nh\u1ecf.","robots":{"index":"index","follow":"follow","max-snippet":"max-snippet:-1","max-image-preview":"max-image-preview:large","max-video-preview":"max-video-preview:-1"},"canonical":"https:\/\/www.dillerbottle.com\/vn\/cac-san-pham\/binh-nuoc-cach-nhiet-khong-chua-bpa","og_locale":"vi_VN","og_type":"article","og_title":"BPA Free Insulated Water Bottles","og_description":"As one of the best BPA free insulated water bottles manufacturers and suppliers, we are engaged in manufacturing good quality water bottles. We warmly welcome you to wholesale or buy custom made BPA free insulated water bottles at competitive price from us. Also, small quantity orders are acceptable.","og_url":"https:\/\/www.dillerbottle.com\/vn\/cac-san-pham\/binh-nuoc-cach-nhiet-khong-chua-bpa","og_site_name":"Diller Water Bottle Manufacturer","article_modified_time":"2025-07-08T09:21:36+00:00","og_image":[{"width":730,"height":730,"url":"https:\/\/www.dillerbottle.com\/wp-content\/uploads\/2024\/09\/bpa-free-insulated-water-bottles20512726510.jpg","type":"image\/jpeg"}],"twitter_card":"summary_large_image","twitter_misc":{"\u01af\u1edbc t\u00ednh th\u1eddi gian \u0111\u1ecdc":"2 ph\u00fat"},"schema":{"@context":"https:\/\/schema.org","@graph":[{"@type":"WebPage","@id":"https:\/\/www.dillerbottle.com\/ar\/products\/bpa-free-insulated-water-bottles","url":"https:\/\/www.dillerbottle.com\/ar\/products\/bpa-free-insulated-water-bottles","name":"B\u00ecnh n\u01b0\u1edbc c\u00e1ch nhi\u1ec7t kh\u00f4ng ch\u1ee9a BPA - Nh\u00e0 s\u1ea3n xu\u1ea5t b\u00ecnh n\u01b0\u1edbc Diller","isPartOf":{"@id":"https:\/\/www.dillerbottle.com\/#website"},"primaryImageOfPage":{"@id":"https:\/\/www.dillerbottle.com\/ar\/products\/bpa-free-insulated-water-bottles#primaryimage"},"image":{"@id":"https:\/\/www.dillerbottle.com\/ar\/products\/bpa-free-insulated-water-bottles#primaryimage"},"thumbnailUrl":"https:\/\/www.dillerbottle.com\/wp-content\/uploads\/2024\/09\/bpa-free-insulated-water-bottles20512726510.jpg","datePublished":"2024-09-29T07:07:40+00:00","dateModified":"2025-07-08T09:21:36+00:00","description":"L\u00e0 m\u1ed9t trong nh\u1eefng nh\u00e0 s\u1ea3n xu\u1ea5t v\u00e0 cung c\u1ea5p b\u00ecnh n\u01b0\u1edbc c\u00e1ch nhi\u1ec7t kh\u00f4ng ch\u1ee9a BPA t\u1ed1t nh\u1ea5t, ch\u00fang t\u00f4i tham gia s\u1ea3n xu\u1ea5t b\u00ecnh n\u01b0\u1edbc ch\u1ea5t l\u01b0\u1ee3ng t\u1ed1t. Ch\u00fang t\u00f4i n\u1ed3ng nhi\u1ec7t ch\u00e0o \u0111\u00f3n b\u1ea1n \u0111\u1ebfn b\u00e1n bu\u00f4n ho\u1eb7c mua b\u00ecnh n\u01b0\u1edbc c\u00e1ch nhi\u1ec7t kh\u00f4ng ch\u1ee9a BPA t\u00f9y ch\u1ec9nh v\u1edbi gi\u00e1 c\u1ea1nh tranh t\u1eeb ch\u00fang t\u00f4i. Ngo\u00e0i ra, ch\u00fang t\u00f4i c\u0169ng ch\u1ea5p nh\u1eadn \u0111\u01a1n \u0111\u1eb7t h\u00e0ng s\u1ed1 l\u01b0\u1ee3ng nh\u1ecf.","breadcrumb":{"@id":"https:\/\/www.dillerbottle.com\/ar\/products\/bpa-free-insulated-water-bottles#breadcrumb"},"inLanguage":"vi","potentialAction":[{"@type":"ReadAction","target":["https:\/\/www.dillerbottle.com\/ar\/products\/bpa-free-insulated-water-bottles"]}]},{"@type":"ImageObject","inLanguage":"vi","@id":"https:\/\/www.dillerbottle.com\/ar\/products\/bpa-free-insulated-water-bottles#primaryimage","url":"https:\/\/www.dillerbottle.com\/wp-content\/uploads\/2024\/09\/bpa-free-insulated-water-bottles20512726510.jpg","contentUrl":"https:\/\/www.dillerbottle.com\/wp-content\/uploads\/2024\/09\/bpa-free-insulated-water-bottles20512726510.jpg","width":730,"height":730},{"@type":"BreadcrumbList","@id":"https:\/\/www.dillerbottle.com\/ar\/products\/bpa-free-insulated-water-bottles#breadcrumb","itemListElement":[{"@type":"ListItem","position":1,"name":"Home","item":"https:\/\/www.dillerbottle.com\/"},{"@type":"ListItem","position":2,"name":"Products","item":"https:\/\/www.dillerbottle.com\/shop"},{"@type":"ListItem","position":3,"name":"BPA Free Insulated Water Bottles"}]},{"@type":"WebSite","@id":"https:\/\/www.dillerbottle.com\/#website","url":"https:\/\/www.dillerbottle.com\/","name":"Nh\u00e0 s\u1ea3n xu\u1ea5t b\u00ecnh n\u01b0\u1edbc Diller","description":"Nh\u00e0 s\u1ea3n xu\u1ea5t b\u00ecnh n\u01b0\u1edbc","publisher":{"@id":"https:\/\/www.dillerbottle.com\/#organization"},"potentialAction":[{"@type":"SearchAction","target":{"@type":"EntryPoint","urlTemplate":"https:\/\/www.dillerbottle.com\/?s={search_term_string}"},"query-input":{"@type":"PropertyValueSpecification","valueRequired":true,"valueName":"search_term_string"}}],"inLanguage":"vi"},{"@type":"Organization","@id":"https:\/\/www.dillerbottle.com\/#organization","name":"Nh\u00e0 s\u1ea3n xu\u1ea5t b\u00ecnh n\u01b0\u1edbc Diller","url":"https:\/\/www.dillerbottle.com\/","logo":{"@type":"ImageObject","inLanguage":"vi","@id":"https:\/\/www.dillerbottle.com\/#\/schema\/logo\/image\/","url":"https:\/\/www.dillerbottle.com\/wp-content\/uploads\/2024\/09\/49918bfa848dcc1e9f8b509933603ac.png","contentUrl":"https:\/\/www.dillerbottle.com\/wp-content\/uploads\/2024\/09\/49918bfa848dcc1e9f8b509933603ac.png","width":988,"height":198,"caption":"Diller Water Bottle Manufacturer"},"image":{"@id":"https:\/\/www.dillerbottle.com\/#\/schema\/logo\/image\/"}}]}},"_links":{"self":[{"href":"https:\/\/www.dillerbottle.com\/vn\/wp-json\/wp\/v2\/product\/12392","targetHints":{"allow":["GET"]}}],"collection":[{"href":"https:\/\/www.dillerbottle.com\/vn\/wp-json\/wp\/v2\/product"}],"about":[{"href":"https:\/\/www.dillerbottle.com\/vn\/wp-json\/wp\/v2\/types\/product"}],"replies":[{"embeddable":true,"href":"https:\/\/www.dillerbottle.com\/vn\/wp-json\/wp\/v2\/comments?post=12392"}],"wp:featuredmedia":[{"embeddable":true,"href":"https:\/\/www.dillerbottle.com\/vn\/wp-json\/wp\/v2\/media\/12393"}],"wp:attachment":[{"href":"https:\/\/www.dillerbottle.com\/vn\/wp-json\/wp\/v2\/media?parent=12392"}],"wp:term":[{"taxonomy":"product_brand","embeddable":true,"href":"https:\/\/www.dillerbottle.com\/vn\/wp-json\/wp\/v2\/product_brand?post=12392"},{"taxonomy":"product_cat","embeddable":true,"href":"https:\/\/www.dillerbottle.com\/vn\/wp-json\/wp\/v2\/product_cat?post=12392"},{"taxonomy":"product_tag","embeddable":true,"href":"https:\/\/www.dillerbottle.com\/vn\/wp-json\/wp\/v2\/product_tag?post=12392"}],"curies":[{"name":"wp","href":"https:\/\/api.w.org\/{rel}","templated":true}]}}