{"id":1724,"date":"2024-09-24T17:41:31","date_gmt":"2024-09-24T09:41:31","guid":{"rendered":"https:\/\/demo.dillerbottle.com\/product\/insulated-mug-with-straw"},"modified":"2025-07-10T16:11:42","modified_gmt":"2025-07-10T08:11:42","slug":"coc-cach-nhiet-co-ong-hut","status":"publish","type":"product","link":"https:\/\/www.dillerbottle.com\/vn\/products\/insulated-mug-with-straw","title":{"rendered":"C\u1ed1c gi\u1eef nhi\u1ec7t c\u00f3 \u1ed1ng h\u00fat"},"content":{"rendered":"<p>\u0110\u1eb7c tr\u01b0ng:<\/p>\n<p>1. C\u1ed1c c\u00e1ch nhi\u1ec7t c\u00f3 n\u1eafp \u0111\u1eady k\u00edn ho\u00e0n to\u00e0n v\u00e0 \u1ed1ng h\u00fat th\u00e9p kh\u00f4ng g\u1ec9, gi\u00fap u\u1ed1ng n\u01b0\u1edbc s\u1ea1ch s\u1ebd khi di chuy\u1ec3n.<\/p>\n<p>2. C\u1ed1c gi\u1eef nhi\u1ec7t \u0111\u01b0\u1ee3c l\u00e0m t\u1eeb th\u00e9p kh\u00f4ng g\u1ec9 304 (18\/8) cao c\u1ea5p, \u0111\u1ea1t ti\u00eau chu\u1ea9n an to\u00e0n th\u1ef1c ph\u1ea9m, c\u00f3 tr\u1ecdng l\u01b0\u1ee3ng nh\u1eb9, gi\u00fap gi\u1eef nhi\u1ec7t \u0111\u1ed9 n\u00f3ng v\u00e0 l\u1ea1nh hi\u1ec7u qu\u1ea3.<\/p>\n<p>3. C\u00e1ch nhi\u1ec7t ch\u00e2n kh\u00f4ng hai l\u1edbp gi\u00fap gi\u1eef \u0111\u1ed3 u\u1ed1ng l\u1ea1nh v\u00e0 n\u00f3ng trong v\u00f2ng 6-12 gi\u1edd.<\/p>\n<p>4. Th\u00e2n c\u1ed1c c\u00f3 tay c\u1ea7m r\u1ed9ng, thu\u1eadn ti\u1ec7n h\u01a1n khi mang theo khi ra ngo\u00e0i. Thi\u1ebft k\u1ebf v\u1edbi ph\u1ea7n tr\u00ean r\u1ed9ng v\u00e0 ph\u1ea7n d\u01b0\u1edbi h\u1eb9p ph\u00f9 h\u1ee3p v\u1edbi h\u1ea7u h\u1ebft c\u00e1c gi\u00e1 \u0111\u1ec3 c\u1ed1c tr\u00ean \u00f4 t\u00f4.<\/p>\n<p>5. Thi\u1ebft k\u1ebf ch\u1ed1ng m\u1ed3 h\u00f4i \u0111\u1ea3m b\u1ea3o m\u00e1y t\u00ednh \u0111\u1ec3 b\u00e0n v\u00e0 tay lu\u00f4n kh\u00f4 r\u00e1o.<\/p>\n<p>6. C\u1ed1c c\u00f3 h\u1ecda ti\u1ebft ch\u00f3 Dachshund nguy\u00ean b\u1ea3n tr\u00ean th\u00e2n, v\u00e0 n\u1eafp che \u1ed1ng h\u00fat c\u0169ng l\u00e0 h\u00ecnh \u0111\u1ea7u ch\u00f3 Dachshund \u0111\u00e1ng y\u00eau.<\/p>\n<p>Ch\u1ea5p nh\u1eadn OEM v\u00e0 ODM.<br \/>\nCh\u00fang t\u00f4i c\u00f3 th\u1ec3 t\u00f9y ch\u1ec9nh c\u1ed1c theo y\u00eau c\u1ea7u c\u1ee7a b\u1ea1n.<br \/>\nCh\u00e0o m\u1eebng b\u1ea1n \u0111\u1ebfn mua s\u1ec9, h\u00e3y g\u1eedi y\u00eau c\u1ea7u ngay!<\/p>","protected":false},"excerpt":{"rendered":"<p>Ly c\u00e1ch nhi\u1ec7t c\u00f3 n\u1eafp \u0111\u1eady k\u00edn ho\u00e0n to\u00e0n v\u00e0 \u1ed1ng h\u00fat b\u1eb1ng th\u00e9p kh\u00f4ng g\u1ec9, gi\u00fap u\u1ed1ng n\u01b0\u1edbc s\u1ea1ch s\u1ebd khi di chuy\u1ec3n.<br \/>\nC\u1ed1c gi\u1eef nhi\u1ec7t \u0111\u01b0\u1ee3c l\u00e0m t\u1eeb th\u00e9p kh\u00f4ng g\u1ec9 ch\u1ea5t l\u01b0\u1ee3ng cao c\u1ea5p 304 (18\/8) nh\u1eb9, c\u00f3 kh\u1ea3 n\u0103ng gi\u1eef nhi\u1ec7t t\u1ed1t c\u1ea3 n\u00f3ng v\u00e0 l\u1ea1nh.<br \/>\nC\u00f4ng ngh\u1ec7 c\u00e1ch nhi\u1ec7t ch\u00e2n kh\u00f4ng hai l\u1edbp gi\u00fap gi\u1eef \u0111\u1ed3 u\u1ed1ng l\u1ea1nh v\u00e0 n\u00f3ng trong v\u00f2ng 6-12 gi\u1edd.<br \/>\nTh\u00e2n c\u1ed1c c\u00f3 quai c\u1ea7m r\u1ed9ng, ti\u1ec7n l\u1ee3i h\u01a1n khi mang theo khi ra ngo\u00e0i. Thi\u1ebft k\u1ebf ph\u1ea7n tr\u00ean r\u1ed9ng, ph\u1ea7n d\u01b0\u1edbi h\u1eb9p ph\u00f9 h\u1ee3p v\u1edbi h\u1ea7u h\u1ebft c\u00e1c lo\u1ea1i gi\u00e1 \u0111\u1ec3 c\u1ed1c tr\u00ean \u00f4 t\u00f4.<br \/>\nThi\u1ebft k\u1ebf ch\u1ed1ng m\u1ed3 h\u00f4i \u0111\u1ea3m b\u1ea3o m\u00e1y t\u00ednh \u0111\u1ec3 b\u00e0n v\u00e0 tay lu\u00f4n kh\u00f4 r\u00e1o.<br \/>\nC\u1ed1c c\u00f3 h\u1ecda ti\u1ebft ch\u00f3 Dachshund \u0111\u1ed9c \u0111\u00e1o tr\u00ean th\u00e2n, v\u00e0 n\u1eafp che b\u1ee5i b\u1eb1ng \u1ed1ng h\u00fat c\u0169ng c\u00f3 h\u00ecnh \u0111\u1ea7u ch\u00f3 Dachshund \u0111\u00e1ng y\u00eau.<br \/>\nCh\u1ea5p nh\u1eadn OEM v\u00e0 ODM.<\/p>","protected":false},"featured_media":16175,"comment_status":"open","ping_status":"closed","template":"","meta":{"_acf_changed":false},"product_brand":[],"product_cat":[46,18],"product_tag":[32,36,33,31,39,38,48,29,37,34,35,28,30],"class_list":{"0":"post-1724","1":"product","2":"type-product","3":"status-publish","4":"has-post-thumbnail","6":"product_cat-cup","7":"product_cat-insulated-water-bottle","8":"product_tag-best","9":"product_tag-bulk","10":"product_tag-buy","11":"product_tag-custom","12":"product_tag-for-sale","13":"product_tag-good-quality","14":"product_tag-insulated-mug-with-straw","15":"product_tag-manufacturers","16":"product_tag-manufacturing","17":"product_tag-price","18":"product_tag-small","19":"product_tag-suppliers","20":"product_tag-wholesale","22":"first","23":"instock","24":"shipping-taxable","25":"product-type-simple"},"acf":[],"yoast_head":"<!-- This site is optimized with the Yoast SEO Premium plugin v27.5 (Yoast SEO v27.5) - https:\/\/yoast.com\/product\/yoast-seo-premium-wordpress\/ -->\n<title>Insulated Mug With Straw - Diller Water Bottle Manufacturer<\/title>\n<meta name=\"description\" content=\"As one of the best insulated mug with straw manufacturers and suppliers, we are engaged in manufacturing good quality water bottles. We warmly welcome you to wholesale or buy custom made insulated mug with straw at competitive price from us. Also, small quantity orders are acceptable.\" \/>\n<meta name=\"robots\" content=\"index, follow, max-snippet:-1, max-image-preview:large, max-video-preview:-1\" \/>\n<link rel=\"canonical\" href=\"https:\/\/www.dillerbottle.com\/vn\/cac-san-pham\/coc-cach-nhiet-co-ong-hut\" \/>\n<meta property=\"og:locale\" content=\"vi_VN\" \/>\n<meta property=\"og:type\" content=\"article\" \/>\n<meta property=\"og:title\" content=\"Insulated Mug With Straw\" \/>\n<meta property=\"og:description\" content=\"As one of the best insulated mug with straw manufacturers and suppliers, we are engaged in manufacturing good quality water bottles. We warmly welcome you to wholesale or buy custom made insulated mug with straw at competitive price from us. Also, small quantity orders are acceptable.\" \/>\n<meta property=\"og:url\" content=\"https:\/\/www.dillerbottle.com\/vn\/cac-san-pham\/coc-cach-nhiet-co-ong-hut\" \/>\n<meta property=\"og:site_name\" content=\"Diller Water Bottle Manufacturer\" \/>\n<meta property=\"article:modified_time\" content=\"2025-07-10T08:11:42+00:00\" \/>\n<meta property=\"og:image\" content=\"https:\/\/www.dillerbottle.com\/wp-content\/uploads\/2024\/09\/insulated-mug-with-straw.jpg\" \/>\n\t<meta property=\"og:image:width\" content=\"800\" \/>\n\t<meta property=\"og:image:height\" content=\"800\" \/>\n\t<meta property=\"og:image:type\" content=\"image\/jpeg\" \/>\n<meta name=\"twitter:card\" content=\"summary_large_image\" \/>\n<meta name=\"twitter:label1\" content=\"\u01af\u1edbc t\u00ednh th\u1eddi gian \u0111\u1ecdc\" \/>\n\t<meta name=\"twitter:data1\" content=\"3 ph\u00fat\" \/>\n<script type=\"application\/ld+json\" class=\"yoast-schema-graph\">{\"@context\":\"https:\\\/\\\/schema.org\",\"@graph\":[{\"@type\":\"WebPage\",\"@id\":\"https:\\\/\\\/www.dillerbottle.com\\\/id\\\/produk\\\/mug-terisolasi-dengan-sedotan\",\"url\":\"https:\\\/\\\/www.dillerbottle.com\\\/id\\\/produk\\\/mug-terisolasi-dengan-sedotan\",\"name\":\"Insulated Mug With Straw - Diller Water Bottle Manufacturer\",\"isPartOf\":{\"@id\":\"https:\\\/\\\/www.dillerbottle.com\\\/#website\"},\"primaryImageOfPage\":{\"@id\":\"https:\\\/\\\/www.dillerbottle.com\\\/id\\\/produk\\\/mug-terisolasi-dengan-sedotan#primaryimage\"},\"image\":{\"@id\":\"https:\\\/\\\/www.dillerbottle.com\\\/id\\\/produk\\\/mug-terisolasi-dengan-sedotan#primaryimage\"},\"thumbnailUrl\":\"https:\\\/\\\/www.dillerbottle.com\\\/wp-content\\\/uploads\\\/2024\\\/09\\\/insulated-mug-with-straw.jpg\",\"datePublished\":\"2024-09-24T09:41:31+00:00\",\"dateModified\":\"2025-07-10T08:11:42+00:00\",\"description\":\"As one of the best insulated mug with straw manufacturers and suppliers, we are engaged in manufacturing good quality water bottles. We warmly welcome you to wholesale or buy custom made insulated mug with straw at competitive price from us. Also, small quantity orders are acceptable.\",\"breadcrumb\":{\"@id\":\"https:\\\/\\\/www.dillerbottle.com\\\/id\\\/produk\\\/mug-terisolasi-dengan-sedotan#breadcrumb\"},\"inLanguage\":\"vi\",\"potentialAction\":[{\"@type\":\"ReadAction\",\"target\":[\"https:\\\/\\\/www.dillerbottle.com\\\/id\\\/produk\\\/mug-terisolasi-dengan-sedotan\"]}]},{\"@type\":\"ImageObject\",\"inLanguage\":\"vi\",\"@id\":\"https:\\\/\\\/www.dillerbottle.com\\\/id\\\/produk\\\/mug-terisolasi-dengan-sedotan#primaryimage\",\"url\":\"https:\\\/\\\/www.dillerbottle.com\\\/wp-content\\\/uploads\\\/2024\\\/09\\\/insulated-mug-with-straw.jpg\",\"contentUrl\":\"https:\\\/\\\/www.dillerbottle.com\\\/wp-content\\\/uploads\\\/2024\\\/09\\\/insulated-mug-with-straw.jpg\",\"width\":800,\"height\":800},{\"@type\":\"BreadcrumbList\",\"@id\":\"https:\\\/\\\/www.dillerbottle.com\\\/id\\\/produk\\\/mug-terisolasi-dengan-sedotan#breadcrumb\",\"itemListElement\":[{\"@type\":\"ListItem\",\"position\":1,\"name\":\"Home\",\"item\":\"https:\\\/\\\/www.dillerbottle.com\\\/\"},{\"@type\":\"ListItem\",\"position\":2,\"name\":\"Products\",\"item\":\"https:\\\/\\\/www.dillerbottle.com\\\/shop\"},{\"@type\":\"ListItem\",\"position\":3,\"name\":\"Insulated Mug With Straw\"}]},{\"@type\":\"WebSite\",\"@id\":\"https:\\\/\\\/www.dillerbottle.com\\\/#website\",\"url\":\"https:\\\/\\\/www.dillerbottle.com\\\/\",\"name\":\"Diller Water Bottle Manufacturer\",\"description\":\"Water Bottle Manufacturer\",\"publisher\":{\"@id\":\"https:\\\/\\\/www.dillerbottle.com\\\/#organization\"},\"potentialAction\":[{\"@type\":\"SearchAction\",\"target\":{\"@type\":\"EntryPoint\",\"urlTemplate\":\"https:\\\/\\\/www.dillerbottle.com\\\/?s={search_term_string}\"},\"query-input\":{\"@type\":\"PropertyValueSpecification\",\"valueRequired\":true,\"valueName\":\"search_term_string\"}}],\"inLanguage\":\"vi\"},{\"@type\":\"Organization\",\"@id\":\"https:\\\/\\\/www.dillerbottle.com\\\/#organization\",\"name\":\"Diller Water Bottle Manufacturer\",\"url\":\"https:\\\/\\\/www.dillerbottle.com\\\/\",\"logo\":{\"@type\":\"ImageObject\",\"inLanguage\":\"vi\",\"@id\":\"https:\\\/\\\/www.dillerbottle.com\\\/#\\\/schema\\\/logo\\\/image\\\/\",\"url\":\"https:\\\/\\\/www.dillerbottle.com\\\/wp-content\\\/uploads\\\/2024\\\/09\\\/49918bfa848dcc1e9f8b509933603ac.png\",\"contentUrl\":\"https:\\\/\\\/www.dillerbottle.com\\\/wp-content\\\/uploads\\\/2024\\\/09\\\/49918bfa848dcc1e9f8b509933603ac.png\",\"width\":988,\"height\":198,\"caption\":\"Diller Water Bottle Manufacturer\"},\"image\":{\"@id\":\"https:\\\/\\\/www.dillerbottle.com\\\/#\\\/schema\\\/logo\\\/image\\\/\"}}]}<\/script>\n<!-- \/ Yoast SEO Premium plugin. -->","yoast_head_json":{"title":"C\u1ed1c gi\u1eef nhi\u1ec7t c\u00f3 \u1ed1ng h\u00fat - Nh\u00e0 s\u1ea3n xu\u1ea5t b\u00ecnh n\u01b0\u1edbc Diller","description":"L\u00e0 m\u1ed9t trong nh\u1eefng nh\u00e0 s\u1ea3n xu\u1ea5t v\u00e0 cung c\u1ea5p c\u1ed1c c\u00e1ch nhi\u1ec7t c\u00f3 \u1ed1ng h\u00fat t\u1ed1t nh\u1ea5t, ch\u00fang t\u00f4i tham gia s\u1ea3n xu\u1ea5t b\u00ecnh \u0111\u1ef1ng n\u01b0\u1edbc ch\u1ea5t l\u01b0\u1ee3ng t\u1ed1t. Ch\u00fang t\u00f4i n\u1ed3ng nhi\u1ec7t ch\u00e0o \u0111\u00f3n b\u1ea1n \u0111\u1ebfn b\u00e1n bu\u00f4n ho\u1eb7c mua c\u1ed1c c\u00e1ch nhi\u1ec7t c\u00f3 \u1ed1ng h\u00fat t\u00f9y ch\u1ec9nh v\u1edbi gi\u00e1 c\u1ea1nh tranh t\u1eeb ch\u00fang t\u00f4i. Ngo\u00e0i ra, ch\u00fang t\u00f4i c\u0169ng ch\u1ea5p nh\u1eadn \u0111\u01a1n \u0111\u1eb7t h\u00e0ng s\u1ed1 l\u01b0\u1ee3ng nh\u1ecf.","robots":{"index":"index","follow":"follow","max-snippet":"max-snippet:-1","max-image-preview":"max-image-preview:large","max-video-preview":"max-video-preview:-1"},"canonical":"https:\/\/www.dillerbottle.com\/vn\/cac-san-pham\/coc-cach-nhiet-co-ong-hut","og_locale":"vi_VN","og_type":"article","og_title":"Insulated Mug With Straw","og_description":"As one of the best insulated mug with straw manufacturers and suppliers, we are engaged in manufacturing good quality water bottles. We warmly welcome you to wholesale or buy custom made insulated mug with straw at competitive price from us. Also, small quantity orders are acceptable.","og_url":"https:\/\/www.dillerbottle.com\/vn\/cac-san-pham\/coc-cach-nhiet-co-ong-hut","og_site_name":"Diller Water Bottle Manufacturer","article_modified_time":"2025-07-10T08:11:42+00:00","og_image":[{"width":800,"height":800,"url":"https:\/\/www.dillerbottle.com\/wp-content\/uploads\/2024\/09\/insulated-mug-with-straw.jpg","type":"image\/jpeg"}],"twitter_card":"summary_large_image","twitter_misc":{"\u01af\u1edbc t\u00ednh th\u1eddi gian \u0111\u1ecdc":"3 ph\u00fat"},"schema":{"@context":"https:\/\/schema.org","@graph":[{"@type":"WebPage","@id":"https:\/\/www.dillerbottle.com\/id\/produk\/mug-terisolasi-dengan-sedotan","url":"https:\/\/www.dillerbottle.com\/id\/produk\/mug-terisolasi-dengan-sedotan","name":"C\u1ed1c gi\u1eef nhi\u1ec7t c\u00f3 \u1ed1ng h\u00fat - Nh\u00e0 s\u1ea3n xu\u1ea5t b\u00ecnh n\u01b0\u1edbc Diller","isPartOf":{"@id":"https:\/\/www.dillerbottle.com\/#website"},"primaryImageOfPage":{"@id":"https:\/\/www.dillerbottle.com\/id\/produk\/mug-terisolasi-dengan-sedotan#primaryimage"},"image":{"@id":"https:\/\/www.dillerbottle.com\/id\/produk\/mug-terisolasi-dengan-sedotan#primaryimage"},"thumbnailUrl":"https:\/\/www.dillerbottle.com\/wp-content\/uploads\/2024\/09\/insulated-mug-with-straw.jpg","datePublished":"2024-09-24T09:41:31+00:00","dateModified":"2025-07-10T08:11:42+00:00","description":"L\u00e0 m\u1ed9t trong nh\u1eefng nh\u00e0 s\u1ea3n xu\u1ea5t v\u00e0 cung c\u1ea5p c\u1ed1c c\u00e1ch nhi\u1ec7t c\u00f3 \u1ed1ng h\u00fat t\u1ed1t nh\u1ea5t, ch\u00fang t\u00f4i tham gia s\u1ea3n xu\u1ea5t b\u00ecnh \u0111\u1ef1ng n\u01b0\u1edbc ch\u1ea5t l\u01b0\u1ee3ng t\u1ed1t. Ch\u00fang t\u00f4i n\u1ed3ng nhi\u1ec7t ch\u00e0o \u0111\u00f3n b\u1ea1n \u0111\u1ebfn b\u00e1n bu\u00f4n ho\u1eb7c mua c\u1ed1c c\u00e1ch nhi\u1ec7t c\u00f3 \u1ed1ng h\u00fat t\u00f9y ch\u1ec9nh v\u1edbi gi\u00e1 c\u1ea1nh tranh t\u1eeb ch\u00fang t\u00f4i. Ngo\u00e0i ra, ch\u00fang t\u00f4i c\u0169ng ch\u1ea5p nh\u1eadn \u0111\u01a1n \u0111\u1eb7t h\u00e0ng s\u1ed1 l\u01b0\u1ee3ng nh\u1ecf.","breadcrumb":{"@id":"https:\/\/www.dillerbottle.com\/id\/produk\/mug-terisolasi-dengan-sedotan#breadcrumb"},"inLanguage":"vi","potentialAction":[{"@type":"ReadAction","target":["https:\/\/www.dillerbottle.com\/id\/produk\/mug-terisolasi-dengan-sedotan"]}]},{"@type":"ImageObject","inLanguage":"vi","@id":"https:\/\/www.dillerbottle.com\/id\/produk\/mug-terisolasi-dengan-sedotan#primaryimage","url":"https:\/\/www.dillerbottle.com\/wp-content\/uploads\/2024\/09\/insulated-mug-with-straw.jpg","contentUrl":"https:\/\/www.dillerbottle.com\/wp-content\/uploads\/2024\/09\/insulated-mug-with-straw.jpg","width":800,"height":800},{"@type":"BreadcrumbList","@id":"https:\/\/www.dillerbottle.com\/id\/produk\/mug-terisolasi-dengan-sedotan#breadcrumb","itemListElement":[{"@type":"ListItem","position":1,"name":"Home","item":"https:\/\/www.dillerbottle.com\/"},{"@type":"ListItem","position":2,"name":"Products","item":"https:\/\/www.dillerbottle.com\/shop"},{"@type":"ListItem","position":3,"name":"Insulated Mug With Straw"}]},{"@type":"WebSite","@id":"https:\/\/www.dillerbottle.com\/#website","url":"https:\/\/www.dillerbottle.com\/","name":"Nh\u00e0 s\u1ea3n xu\u1ea5t b\u00ecnh n\u01b0\u1edbc Diller","description":"Nh\u00e0 s\u1ea3n xu\u1ea5t b\u00ecnh n\u01b0\u1edbc","publisher":{"@id":"https:\/\/www.dillerbottle.com\/#organization"},"potentialAction":[{"@type":"SearchAction","target":{"@type":"EntryPoint","urlTemplate":"https:\/\/www.dillerbottle.com\/?s={search_term_string}"},"query-input":{"@type":"PropertyValueSpecification","valueRequired":true,"valueName":"search_term_string"}}],"inLanguage":"vi"},{"@type":"Organization","@id":"https:\/\/www.dillerbottle.com\/#organization","name":"Nh\u00e0 s\u1ea3n xu\u1ea5t b\u00ecnh n\u01b0\u1edbc Diller","url":"https:\/\/www.dillerbottle.com\/","logo":{"@type":"ImageObject","inLanguage":"vi","@id":"https:\/\/www.dillerbottle.com\/#\/schema\/logo\/image\/","url":"https:\/\/www.dillerbottle.com\/wp-content\/uploads\/2024\/09\/49918bfa848dcc1e9f8b509933603ac.png","contentUrl":"https:\/\/www.dillerbottle.com\/wp-content\/uploads\/2024\/09\/49918bfa848dcc1e9f8b509933603ac.png","width":988,"height":198,"caption":"Diller Water Bottle Manufacturer"},"image":{"@id":"https:\/\/www.dillerbottle.com\/#\/schema\/logo\/image\/"}}]}},"_links":{"self":[{"href":"https:\/\/www.dillerbottle.com\/vn\/wp-json\/wp\/v2\/product\/1724","targetHints":{"allow":["GET"]}}],"collection":[{"href":"https:\/\/www.dillerbottle.com\/vn\/wp-json\/wp\/v2\/product"}],"about":[{"href":"https:\/\/www.dillerbottle.com\/vn\/wp-json\/wp\/v2\/types\/product"}],"replies":[{"embeddable":true,"href":"https:\/\/www.dillerbottle.com\/vn\/wp-json\/wp\/v2\/comments?post=1724"}],"wp:featuredmedia":[{"embeddable":true,"href":"https:\/\/www.dillerbottle.com\/vn\/wp-json\/wp\/v2\/media\/16175"}],"wp:attachment":[{"href":"https:\/\/www.dillerbottle.com\/vn\/wp-json\/wp\/v2\/media?parent=1724"}],"wp:term":[{"taxonomy":"product_brand","embeddable":true,"href":"https:\/\/www.dillerbottle.com\/vn\/wp-json\/wp\/v2\/product_brand?post=1724"},{"taxonomy":"product_cat","embeddable":true,"href":"https:\/\/www.dillerbottle.com\/vn\/wp-json\/wp\/v2\/product_cat?post=1724"},{"taxonomy":"product_tag","embeddable":true,"href":"https:\/\/www.dillerbottle.com\/vn\/wp-json\/wp\/v2\/product_tag?post=1724"}],"curies":[{"name":"wp","href":"https:\/\/api.w.org\/{rel}","templated":true}]}}