{"id":17561,"date":"2026-02-11T10:35:49","date_gmt":"2026-02-11T02:35:49","guid":{"rendered":"https:\/\/www.dillerbottle.com\/?post_type=product&#038;p=17561"},"modified":"2026-02-11T15:17:46","modified_gmt":"2026-02-11T07:17:46","slug":"chai-nuoc-bang-thuy-tinh-borosilicate-co-nap-ong-hut","status":"publish","type":"product","link":"https:\/\/www.dillerbottle.com\/vn\/products\/borosilicate-glass-water-bottle-with-straw-lid","title":{"rendered":"Chai n\u01b0\u1edbc b\u1eb1ng th\u1ee7y tinh borosilicate c\u00f3 n\u1eafp \u1ed1ng h\u00fat"},"content":{"rendered":"<p data-start=\"533\" data-end=\"813\">Chai n\u01b0\u1edbc b\u1eb1ng th\u1ee7y tinh borosilicate n\u00e0y \u0111\u01b0\u1ee3c thi\u1ebft k\u1ebf d\u00e0nh cho c\u00e1c th\u01b0\u01a1ng hi\u1ec7u v\u00e0 nh\u00e0 ph\u00e2n ph\u1ed1i \u0111ang t\u00ecm ki\u1ebfm gi\u1ea3i ph\u00e1p \u0111\u1ed3 u\u1ed1ng an to\u00e0n, ti\u1ec7n d\u1ee5ng v\u00e0 c\u00f3 th\u1ec3 t\u00f9y ch\u1ec9nh. \u0110\u01b0\u1ee3c l\u00e0m t\u1eeb th\u1ee7y tinh borosilicate ch\u1ecbu nhi\u1ec7t ch\u1ea5t l\u01b0\u1ee3ng cao, s\u1ea3n ph\u1ea9m mang l\u1ea1i \u0111\u1ed9 \u1ed5n \u0111\u1ecbnh nhi\u1ec7t tuy\u1ec7t v\u1eddi v\u00e0 tr\u1ea3i nghi\u1ec7m u\u1ed1ng n\u01b0\u1edbc s\u1ea1ch, kh\u00f4ng m\u00f9i.<\/p>\n<p data-start=\"815\" data-end=\"1142\">Chai c\u00f3 thi\u1ebft k\u1ebf n\u1eafp \u1ed1ng h\u00fat ti\u1ec7n l\u1ee3i cho vi\u1ec7c u\u1ed1ng, k\u1ebft h\u1ee3p v\u1edbi mi\u1ec7ng chai r\u1ed9ng h\u1ed7 tr\u1ee3 \u0111\u00e1 vi\u00ean, n\u01b0\u1edbc tr\u00e1i c\u00e2y v\u00e0 vi\u1ec7c v\u1ec7 sinh d\u1ec5 d\u00e0ng. C\u1ea5u tr\u00fac th\u00e2n chai c\u00e2n \u0111\u1ed1i mang l\u1ea1i c\u1ea3m gi\u00e1c c\u1ea7m n\u1eafm tho\u1ea3i m\u00e1i \u0111\u1ed3ng th\u1eddi duy tr\u00ec v\u1ebb ngo\u00e0i hi\u1ec7n \u0111\u1ea1i, t\u1ed1i gi\u1ea3n, ph\u00f9 h\u1ee3p v\u1edbi th\u1ecb tr\u01b0\u1eddng phong c\u00e1ch s\u1ed1ng, \u0111\u1ed3 gia d\u1ee5ng v\u00e0 qu\u1ea3ng c\u00e1o.<\/p>\n<p data-start=\"1144\" data-end=\"1495\">V\u1edbi dung t\u00edch ti\u00eau chu\u1ea9n 580ml, chai th\u1ee7y tinh n\u00e0y \u0111\u00e1p \u1ee9ng nhu c\u1ea7u hydrat h\u00f3a h\u00e0ng ng\u00e0y v\u00e0 ph\u00f9 h\u1ee3p cho s\u1eed d\u1ee5ng t\u1ea1i nh\u00e0, v\u0103n ph\u00f2ng, qu\u00e1n c\u00e0 ph\u00ea, ph\u00f2ng t\u1eadp gym v\u00e0 c\u00e1c ho\u1ea1t \u0111\u1ed9ng ngo\u00e0i tr\u1eddi. S\u1ea3n ph\u1ea9m h\u1ed7 tr\u1ee3 in logo t\u00f9y ch\u1ec9nh, t\u00f9y ch\u1ec9nh bao b\u00ec v\u00e0 ph\u00e1t tri\u1ec3n OEM\/ODM, l\u00e0 l\u1ef1a ch\u1ecdn l\u00fd t\u01b0\u1edfng cho c\u00e1c nh\u00e0 mua s\u1ec9, ch\u1ee7 s\u1edf h\u1eefu th\u01b0\u01a1ng hi\u1ec7u v\u00e0 ch\u01b0\u01a1ng tr\u00ecnh qu\u00e0 t\u1eb7ng doanh nghi\u1ec7p.<\/p>\n<p data-start=\"1497\" data-end=\"1649\">M\u1ed7i s\u1ea3n ph\u1ea9m \u0111\u01b0\u1ee3c s\u1ea3n xu\u1ea5t d\u01b0\u1edbi s\u1ef1 ki\u1ec3m so\u00e1t ch\u1ea5t l\u01b0\u1ee3ng nghi\u00eam ng\u1eb7t v\u00e0 c\u00e1c ti\u00eau chu\u1ea9n ki\u1ec3m tra v\u1eadt li\u1ec7u \u0111\u1ec3 \u0111\u1ea3m b\u1ea3o t\u00ednh nh\u1ea5t qu\u00e1n, \u0111\u1ed9 b\u1ec1n v\u00e0 an to\u00e0n l\u00e2u d\u00e0i cho vi\u1ec7c s\u1eed d\u1ee5ng h\u00e0ng ng\u00e0y.<\/p>","protected":false},"excerpt":{"rendered":"<p>Chai n\u01b0\u1edbc b\u1eb1ng th\u1ee7y tinh borosilicate cao c\u1ea5p dung t\u00edch 500ml, c\u00f3 n\u1eafp \u1ed1ng h\u00fat, v\u1edbi kh\u1ea3 n\u0103ng ch\u1ecbu nhi\u1ec7t, an to\u00e0n kh\u00f4ng m\u00f9i v\u00e0 thi\u1ebft k\u1ebf mi\u1ec7ng r\u1ed9ng. Ph\u00f9 h\u1ee3p cho c\u00e1c d\u1ef1 \u00e1n s\u1ea3n ph\u1ea9m \u0111\u1ed3 u\u1ed1ng b\u00e1n bu\u00f4n, nh\u00e3n hi\u1ec7u ri\u00eang v\u00e0 OEM.<\/p>\n<p>&nbsp;<\/p>","protected":false},"featured_media":17565,"comment_status":"open","ping_status":"closed","template":"","meta":{"_acf_changed":false},"product_brand":[],"product_cat":[309],"product_tag":[1170],"class_list":{"0":"post-17561","1":"product","2":"type-product","3":"status-publish","4":"has-post-thumbnail","6":"product_cat-plastic-water-bottle","7":"product_tag-plastic-water-bottle","9":"first","10":"instock","11":"shipping-taxable","12":"product-type-simple"},"acf":[],"yoast_head":"<!-- This site is optimized with the Yoast SEO Premium plugin v27.4 (Yoast SEO v27.4) - https:\/\/yoast.com\/product\/yoast-seo-premium-wordpress\/ -->\n<title>Borosilicate Glass Water Bottle with Straw Lid - Diller Water Bottle Manufacturer<\/title>\n<meta name=\"description\" content=\"Wholesale borosilicate glass water bottle with straw lid, 500ml capacity, heat-resistant, safe, and customizable for OEM and private label drinkware.\" \/>\n<meta name=\"robots\" content=\"index, follow, max-snippet:-1, max-image-preview:large, max-video-preview:-1\" \/>\n<link rel=\"canonical\" href=\"https:\/\/www.dillerbottle.com\/vn\/cac-san-pham\/chai-nuoc-bang-thuy-tinh-borosilicate-co-nap-ong-hut\" \/>\n<meta property=\"og:locale\" content=\"vi_VN\" \/>\n<meta property=\"og:type\" content=\"article\" \/>\n<meta property=\"og:title\" content=\"Borosilicate Glass Water Bottle with Straw Lid\" \/>\n<meta property=\"og:description\" content=\"Wholesale borosilicate glass water bottle with straw lid, 500ml capacity, heat-resistant, safe, and customizable for OEM and private label drinkware.\" \/>\n<meta property=\"og:url\" content=\"https:\/\/www.dillerbottle.com\/vn\/cac-san-pham\/chai-nuoc-bang-thuy-tinh-borosilicate-co-nap-ong-hut\" \/>\n<meta property=\"og:site_name\" content=\"Diller Water Bottle Manufacturer\" \/>\n<meta property=\"article:modified_time\" content=\"2026-02-11T07:17:46+00:00\" \/>\n<meta property=\"og:image\" content=\"https:\/\/www.dillerbottle.com\/wp-content\/uploads\/2026\/02\/panda-tritan-water-bottle-399mlh592-1.jpg\" \/>\n\t<meta property=\"og:image:width\" content=\"800\" \/>\n\t<meta property=\"og:image:height\" content=\"800\" \/>\n\t<meta property=\"og:image:type\" content=\"image\/jpeg\" \/>\n<meta name=\"twitter:card\" content=\"summary_large_image\" \/>\n<meta name=\"twitter:label1\" content=\"\u01af\u1edbc t\u00ednh th\u1eddi gian \u0111\u1ecdc\" \/>\n\t<meta name=\"twitter:data1\" content=\"4 ph\u00fat\" \/>\n<script type=\"application\/ld+json\" class=\"yoast-schema-graph\">{\"@context\":\"https:\\\/\\\/schema.org\",\"@graph\":[{\"@type\":\"WebPage\",\"@id\":\"https:\\\/\\\/www.dillerbottle.com\\\/products\\\/borosilicate-glass-water-bottle-with-straw-lid\",\"url\":\"https:\\\/\\\/www.dillerbottle.com\\\/products\\\/borosilicate-glass-water-bottle-with-straw-lid\",\"name\":\"Borosilicate Glass Water Bottle with Straw Lid - Diller Water Bottle Manufacturer\",\"isPartOf\":{\"@id\":\"https:\\\/\\\/www.dillerbottle.com\\\/#website\"},\"primaryImageOfPage\":{\"@id\":\"https:\\\/\\\/www.dillerbottle.com\\\/products\\\/borosilicate-glass-water-bottle-with-straw-lid#primaryimage\"},\"image\":{\"@id\":\"https:\\\/\\\/www.dillerbottle.com\\\/products\\\/borosilicate-glass-water-bottle-with-straw-lid#primaryimage\"},\"thumbnailUrl\":\"https:\\\/\\\/www.dillerbottle.com\\\/wp-content\\\/uploads\\\/2026\\\/02\\\/panda-tritan-water-bottle-399mlh592-1.jpg\",\"datePublished\":\"2026-02-11T02:35:49+00:00\",\"dateModified\":\"2026-02-11T07:17:46+00:00\",\"description\":\"Wholesale borosilicate glass water bottle with straw lid, 500ml capacity, heat-resistant, safe, and customizable for OEM and private label drinkware.\",\"breadcrumb\":{\"@id\":\"https:\\\/\\\/www.dillerbottle.com\\\/products\\\/borosilicate-glass-water-bottle-with-straw-lid#breadcrumb\"},\"inLanguage\":\"vi\",\"potentialAction\":[{\"@type\":\"ReadAction\",\"target\":[\"https:\\\/\\\/www.dillerbottle.com\\\/products\\\/borosilicate-glass-water-bottle-with-straw-lid\"]}]},{\"@type\":\"ImageObject\",\"inLanguage\":\"vi\",\"@id\":\"https:\\\/\\\/www.dillerbottle.com\\\/products\\\/borosilicate-glass-water-bottle-with-straw-lid#primaryimage\",\"url\":\"https:\\\/\\\/www.dillerbottle.com\\\/wp-content\\\/uploads\\\/2026\\\/02\\\/panda-tritan-water-bottle-399mlh592-1.jpg\",\"contentUrl\":\"https:\\\/\\\/www.dillerbottle.com\\\/wp-content\\\/uploads\\\/2026\\\/02\\\/panda-tritan-water-bottle-399mlh592-1.jpg\",\"width\":800,\"height\":800},{\"@type\":\"BreadcrumbList\",\"@id\":\"https:\\\/\\\/www.dillerbottle.com\\\/products\\\/borosilicate-glass-water-bottle-with-straw-lid#breadcrumb\",\"itemListElement\":[{\"@type\":\"ListItem\",\"position\":1,\"name\":\"Home\",\"item\":\"https:\\\/\\\/www.dillerbottle.com\\\/\"},{\"@type\":\"ListItem\",\"position\":2,\"name\":\"Products\",\"item\":\"https:\\\/\\\/www.dillerbottle.com\\\/shop\"},{\"@type\":\"ListItem\",\"position\":3,\"name\":\"Borosilicate Glass Water Bottle with Straw Lid\"}]},{\"@type\":\"WebSite\",\"@id\":\"https:\\\/\\\/www.dillerbottle.com\\\/#website\",\"url\":\"https:\\\/\\\/www.dillerbottle.com\\\/\",\"name\":\"Diller Water Bottle Manufacturer\",\"description\":\"Water Bottle Manufacturer\",\"publisher\":{\"@id\":\"https:\\\/\\\/www.dillerbottle.com\\\/#organization\"},\"potentialAction\":[{\"@type\":\"SearchAction\",\"target\":{\"@type\":\"EntryPoint\",\"urlTemplate\":\"https:\\\/\\\/www.dillerbottle.com\\\/?s={search_term_string}\"},\"query-input\":{\"@type\":\"PropertyValueSpecification\",\"valueRequired\":true,\"valueName\":\"search_term_string\"}}],\"inLanguage\":\"vi\"},{\"@type\":\"Organization\",\"@id\":\"https:\\\/\\\/www.dillerbottle.com\\\/#organization\",\"name\":\"Diller Water Bottle Manufacturer\",\"url\":\"https:\\\/\\\/www.dillerbottle.com\\\/\",\"logo\":{\"@type\":\"ImageObject\",\"inLanguage\":\"vi\",\"@id\":\"https:\\\/\\\/www.dillerbottle.com\\\/#\\\/schema\\\/logo\\\/image\\\/\",\"url\":\"https:\\\/\\\/www.dillerbottle.com\\\/wp-content\\\/uploads\\\/2024\\\/09\\\/49918bfa848dcc1e9f8b509933603ac.png\",\"contentUrl\":\"https:\\\/\\\/www.dillerbottle.com\\\/wp-content\\\/uploads\\\/2024\\\/09\\\/49918bfa848dcc1e9f8b509933603ac.png\",\"width\":988,\"height\":198,\"caption\":\"Diller Water Bottle Manufacturer\"},\"image\":{\"@id\":\"https:\\\/\\\/www.dillerbottle.com\\\/#\\\/schema\\\/logo\\\/image\\\/\"}}]}<\/script>\n<!-- \/ Yoast SEO Premium plugin. -->","yoast_head_json":{"title":"Chai n\u01b0\u1edbc b\u1eb1ng th\u1ee7y tinh borosilicate c\u00f3 n\u1eafp \u1ed1ng h\u00fat - Nh\u00e0 s\u1ea3n xu\u1ea5t chai n\u01b0\u1edbc Diller","description":"Chai n\u01b0\u1edbc b\u1eb1ng th\u1ee7y tinh borosilicate b\u00e1n bu\u00f4n c\u00f3 n\u1eafp \u1ed1ng h\u00fat, dung t\u00edch 500ml, ch\u1ecbu nhi\u1ec7t, an to\u00e0n v\u00e0 c\u00f3 th\u1ec3 t\u00f9y ch\u1ec9nh cho c\u00e1c s\u1ea3n ph\u1ea9m \u0111\u1ed3 u\u1ed1ng OEM v\u00e0 nh\u00e3n hi\u1ec7u ri\u00eang.","robots":{"index":"index","follow":"follow","max-snippet":"max-snippet:-1","max-image-preview":"max-image-preview:large","max-video-preview":"max-video-preview:-1"},"canonical":"https:\/\/www.dillerbottle.com\/vn\/cac-san-pham\/chai-nuoc-bang-thuy-tinh-borosilicate-co-nap-ong-hut","og_locale":"vi_VN","og_type":"article","og_title":"Borosilicate Glass Water Bottle with Straw Lid","og_description":"Wholesale borosilicate glass water bottle with straw lid, 500ml capacity, heat-resistant, safe, and customizable for OEM and private label drinkware.","og_url":"https:\/\/www.dillerbottle.com\/vn\/cac-san-pham\/chai-nuoc-bang-thuy-tinh-borosilicate-co-nap-ong-hut","og_site_name":"Diller Water Bottle Manufacturer","article_modified_time":"2026-02-11T07:17:46+00:00","og_image":[{"width":800,"height":800,"url":"https:\/\/www.dillerbottle.com\/wp-content\/uploads\/2026\/02\/panda-tritan-water-bottle-399mlh592-1.jpg","type":"image\/jpeg"}],"twitter_card":"summary_large_image","twitter_misc":{"\u01af\u1edbc t\u00ednh th\u1eddi gian \u0111\u1ecdc":"4 ph\u00fat"},"schema":{"@context":"https:\/\/schema.org","@graph":[{"@type":"WebPage","@id":"https:\/\/www.dillerbottle.com\/products\/borosilicate-glass-water-bottle-with-straw-lid","url":"https:\/\/www.dillerbottle.com\/products\/borosilicate-glass-water-bottle-with-straw-lid","name":"Chai n\u01b0\u1edbc b\u1eb1ng th\u1ee7y tinh borosilicate c\u00f3 n\u1eafp \u1ed1ng h\u00fat - Nh\u00e0 s\u1ea3n xu\u1ea5t chai n\u01b0\u1edbc Diller","isPartOf":{"@id":"https:\/\/www.dillerbottle.com\/#website"},"primaryImageOfPage":{"@id":"https:\/\/www.dillerbottle.com\/products\/borosilicate-glass-water-bottle-with-straw-lid#primaryimage"},"image":{"@id":"https:\/\/www.dillerbottle.com\/products\/borosilicate-glass-water-bottle-with-straw-lid#primaryimage"},"thumbnailUrl":"https:\/\/www.dillerbottle.com\/wp-content\/uploads\/2026\/02\/panda-tritan-water-bottle-399mlh592-1.jpg","datePublished":"2026-02-11T02:35:49+00:00","dateModified":"2026-02-11T07:17:46+00:00","description":"Chai n\u01b0\u1edbc b\u1eb1ng th\u1ee7y tinh borosilicate b\u00e1n bu\u00f4n c\u00f3 n\u1eafp \u1ed1ng h\u00fat, dung t\u00edch 500ml, ch\u1ecbu nhi\u1ec7t, an to\u00e0n v\u00e0 c\u00f3 th\u1ec3 t\u00f9y ch\u1ec9nh cho c\u00e1c s\u1ea3n ph\u1ea9m \u0111\u1ed3 u\u1ed1ng OEM v\u00e0 nh\u00e3n hi\u1ec7u ri\u00eang.","breadcrumb":{"@id":"https:\/\/www.dillerbottle.com\/products\/borosilicate-glass-water-bottle-with-straw-lid#breadcrumb"},"inLanguage":"vi","potentialAction":[{"@type":"ReadAction","target":["https:\/\/www.dillerbottle.com\/products\/borosilicate-glass-water-bottle-with-straw-lid"]}]},{"@type":"ImageObject","inLanguage":"vi","@id":"https:\/\/www.dillerbottle.com\/products\/borosilicate-glass-water-bottle-with-straw-lid#primaryimage","url":"https:\/\/www.dillerbottle.com\/wp-content\/uploads\/2026\/02\/panda-tritan-water-bottle-399mlh592-1.jpg","contentUrl":"https:\/\/www.dillerbottle.com\/wp-content\/uploads\/2026\/02\/panda-tritan-water-bottle-399mlh592-1.jpg","width":800,"height":800},{"@type":"BreadcrumbList","@id":"https:\/\/www.dillerbottle.com\/products\/borosilicate-glass-water-bottle-with-straw-lid#breadcrumb","itemListElement":[{"@type":"ListItem","position":1,"name":"Home","item":"https:\/\/www.dillerbottle.com\/"},{"@type":"ListItem","position":2,"name":"Products","item":"https:\/\/www.dillerbottle.com\/shop"},{"@type":"ListItem","position":3,"name":"Borosilicate Glass Water Bottle with Straw Lid"}]},{"@type":"WebSite","@id":"https:\/\/www.dillerbottle.com\/#website","url":"https:\/\/www.dillerbottle.com\/","name":"Nh\u00e0 s\u1ea3n xu\u1ea5t b\u00ecnh n\u01b0\u1edbc Diller","description":"Nh\u00e0 s\u1ea3n xu\u1ea5t b\u00ecnh n\u01b0\u1edbc","publisher":{"@id":"https:\/\/www.dillerbottle.com\/#organization"},"potentialAction":[{"@type":"SearchAction","target":{"@type":"EntryPoint","urlTemplate":"https:\/\/www.dillerbottle.com\/?s={search_term_string}"},"query-input":{"@type":"PropertyValueSpecification","valueRequired":true,"valueName":"search_term_string"}}],"inLanguage":"vi"},{"@type":"Organization","@id":"https:\/\/www.dillerbottle.com\/#organization","name":"Nh\u00e0 s\u1ea3n xu\u1ea5t b\u00ecnh n\u01b0\u1edbc Diller","url":"https:\/\/www.dillerbottle.com\/","logo":{"@type":"ImageObject","inLanguage":"vi","@id":"https:\/\/www.dillerbottle.com\/#\/schema\/logo\/image\/","url":"https:\/\/www.dillerbottle.com\/wp-content\/uploads\/2024\/09\/49918bfa848dcc1e9f8b509933603ac.png","contentUrl":"https:\/\/www.dillerbottle.com\/wp-content\/uploads\/2024\/09\/49918bfa848dcc1e9f8b509933603ac.png","width":988,"height":198,"caption":"Diller Water Bottle Manufacturer"},"image":{"@id":"https:\/\/www.dillerbottle.com\/#\/schema\/logo\/image\/"}}]}},"_links":{"self":[{"href":"https:\/\/www.dillerbottle.com\/vn\/wp-json\/wp\/v2\/product\/17561","targetHints":{"allow":["GET"]}}],"collection":[{"href":"https:\/\/www.dillerbottle.com\/vn\/wp-json\/wp\/v2\/product"}],"about":[{"href":"https:\/\/www.dillerbottle.com\/vn\/wp-json\/wp\/v2\/types\/product"}],"replies":[{"embeddable":true,"href":"https:\/\/www.dillerbottle.com\/vn\/wp-json\/wp\/v2\/comments?post=17561"}],"wp:featuredmedia":[{"embeddable":true,"href":"https:\/\/www.dillerbottle.com\/vn\/wp-json\/wp\/v2\/media\/17565"}],"wp:attachment":[{"href":"https:\/\/www.dillerbottle.com\/vn\/wp-json\/wp\/v2\/media?parent=17561"}],"wp:term":[{"taxonomy":"product_brand","embeddable":true,"href":"https:\/\/www.dillerbottle.com\/vn\/wp-json\/wp\/v2\/product_brand?post=17561"},{"taxonomy":"product_cat","embeddable":true,"href":"https:\/\/www.dillerbottle.com\/vn\/wp-json\/wp\/v2\/product_cat?post=17561"},{"taxonomy":"product_tag","embeddable":true,"href":"https:\/\/www.dillerbottle.com\/vn\/wp-json\/wp\/v2\/product_tag?post=17561"}],"curies":[{"name":"wp","href":"https:\/\/api.w.org\/{rel}","templated":true}]}}