{"id":17628,"date":"2026-02-11T16:33:08","date_gmt":"2026-02-11T08:33:08","guid":{"rendered":"https:\/\/www.dillerbottle.com\/?post_type=product&#038;p=17628"},"modified":"2026-02-11T16:59:19","modified_gmt":"2026-02-11T08:59:19","slug":"tach-tra-bang-thuy-tinh-borosilicate-oem-kem-nap-silicone","status":"publish","type":"product","link":"https:\/\/www.dillerbottle.com\/vn\/products\/oem-borosilicate-glass-tea-cup-with-silicone-lid","title":{"rendered":"T\u00e1ch tr\u00e0 b\u1eb1ng th\u1ee7y tinh borosilicate OEM k\u00e8m n\u1eafp silicone"},"content":{"rendered":"<p data-start=\"528\" data-end=\"682\">Chi\u1ebfc t\u00e1ch tr\u00e0 b\u1eb1ng th\u1ee7y tinh borosilicate s\u00e1ng t\u1ea1o n\u00e0y \u0111\u01b0\u1ee3c thi\u1ebft k\u1ebf d\u00e0nh cho c\u00e1c th\u01b0\u01a1ng hi\u1ec7u qu\u00e0 t\u1eb7ng, nh\u00e0 b\u00e1n l\u1ebb phong c\u00e1ch s\u1ed1ng v\u00e0 nh\u00e0 ph\u00e2n ph\u1ed1i \u0111\u1ed3 u\u1ed1ng \u0111ang t\u00ecm ki\u1ebfm c\u00e1c s\u1ea3n ph\u1ea9m OEM \u0111\u1ed9c \u0111\u00e1o.<\/p>\n<p data-start=\"684\" data-end=\"926\">\u0110\u01b0\u1ee3c l\u00e0m t\u1eeb th\u1ee7y tinh borosilicate cao c\u1ea5p, c\u1ed1c c\u00f3 kh\u1ea3 n\u0103ng ch\u1ecbu nhi\u1ec7t v\u00e0 ph\u00f9 h\u1ee3p cho c\u1ea3 \u0111\u1ed3 u\u1ed1ng n\u00f3ng v\u00e0 l\u1ea1nh. Th\u00e2n c\u1ed1c trong su\u1ed1t gi\u00fap t\u00f4n l\u00ean v\u1ebb \u0111\u1eb9p c\u1ee7a tr\u00e0, n\u01b0\u1edbc tr\u00e1i c\u00e2y ho\u1eb7c c\u00e0 ph\u00ea, l\u00e0m cho n\u00f3 tr\u1edf th\u00e0nh l\u1ef1a ch\u1ecdn l\u00fd t\u01b0\u1edfng cho phong c\u00e1ch tr\u00ecnh b\u00e0y c\u00e0 ph\u00ea v\u00e0 th\u1ecb tr\u01b0\u1eddng qu\u00e0 t\u1eb7ng.<\/p>\n<p data-start=\"928\" data-end=\"1174\">S\u1ea3n ph\u1ea9m \u0111\u01b0\u1ee3c trang b\u1ecb n\u1eafp silicone \u0111\u1ea1t ti\u00eau chu\u1ea9n an to\u00e0n th\u1ef1c ph\u1ea9m v\u00e0 tay c\u1ea7m trang tr\u00ed, k\u1ebft h\u1ee3p gi\u1eefa t\u00ednh ti\u1ec7n d\u1ee5ng v\u00e0 thi\u1ebft k\u1ebf th\u1ea9m m\u1ef9 \u0111\u1ed9c \u0111\u00e1o. C\u1ea5u tr\u00fac mi\u1ec7ng r\u1ed9ng gi\u00fap vi\u1ec7c \u0111\u1ed5 \u0111\u1ea7y v\u00e0 v\u1ec7 sinh tr\u1edf n\u00ean d\u1ec5 d\u00e0ng, trong khi \u0111\u1ebf \u1ed5n \u0111\u1ecbnh \u0111\u1ea3m b\u1ea3o t\u00ednh ti\u1ec7n d\u1ee5ng h\u00e0ng ng\u00e0y.<\/p>\n<p data-start=\"1176\" data-end=\"1277\">V\u1edbi thi\u1ebft k\u1ebf b\u1eaft m\u1eaft v\u00e0 c\u00e1c t\u00f9y ch\u1ecdn in \u1ea5n linh ho\u1ea1t, m\u1eabu n\u00e0y \u0111\u1eb7c bi\u1ec7t ph\u00f9 h\u1ee3p cho:<\/p>\n<ul data-start=\"1279\" data-end=\"1427\">\n<li data-start=\"1279\" data-end=\"1298\">\n<p data-start=\"1281\" data-end=\"1298\">Th\u01b0\u01a1ng hi\u1ec7u \u0111\u1ed3 l\u01b0u ni\u1ec7m<\/p>\n<\/li>\n<li data-start=\"1299\" data-end=\"1332\">\n<p data-start=\"1301\" data-end=\"1332\">C\u00e1c c\u00f4ng ty s\u1ea3n xu\u1ea5t s\u1ea3n ph\u1ea9m qu\u1ea3ng c\u00e1o<\/p>\n<\/li>\n<li data-start=\"1333\" data-end=\"1364\">\n<p data-start=\"1335\" data-end=\"1364\">Nh\u00e0 ph\u00e2n ph\u1ed1i \u0111\u1ed3 gia d\u1ee5ng v\u00e0 nh\u00e0 b\u1ebfp<\/p>\n<\/li>\n<li data-start=\"1365\" data-end=\"1392\">\n<p data-start=\"1367\" data-end=\"1392\">Nh\u00e0 cung c\u1ea5p ph\u1ee5 ki\u1ec7n tr\u00e0<\/p>\n<\/li>\n<li data-start=\"1393\" data-end=\"1427\">\n<p data-start=\"1395\" data-end=\"1427\">Th\u01b0\u01a1ng hi\u1ec7u phong c\u00e1ch s\u1ed1ng mang nh\u00e3n hi\u1ec7u ri\u00eang<\/p>\n<\/li>\n<\/ul>\n<p data-start=\"1429\" data-end=\"1562\">D\u1ecbch v\u1ee5 OEM v\u00e0 ODM \u0111\u01b0\u1ee3c cung c\u1ea5p, bao g\u1ed3m in logo, t\u00f9y ch\u1ec9nh bao b\u00ec, \u0111i\u1ec1u ch\u1ec9nh c\u1ea5u tr\u00fac v\u00e0 ph\u00e1t tri\u1ec3n m\u00e0u s\u1eafc.<\/p>","protected":false},"excerpt":{"rendered":"<p>T\u00e1ch tr\u00e0 b\u1eb1ng th\u1ee7y tinh borosilicate s\u00e1ng t\u1ea1o, \u0111i k\u00e8m n\u1eafp silicone v\u00e0 thi\u1ebft k\u1ebf trang tr\u00ed. Ph\u00f9 h\u1ee3p cho c\u00e1c d\u1ef1 \u00e1n OEM\/ODM, s\u1ea3n ph\u1ea9m qu\u00e0 t\u1eb7ng mang th\u01b0\u01a1ng hi\u1ec7u ri\u00eang v\u00e0 nh\u00e0 ph\u00e2n ph\u1ed1i \u0111\u1ed3 u\u1ed1ng s\u1ec9.<\/p>","protected":false},"featured_media":17631,"comment_status":"open","ping_status":"closed","template":"","meta":{"_acf_changed":false},"product_brand":[],"product_cat":[310],"product_tag":[1172],"class_list":{"0":"post-17628","1":"product","2":"type-product","3":"status-publish","4":"has-post-thumbnail","6":"product_cat-glass-water-bottle","7":"product_tag-borosilicate-glass-tea-cup","9":"first","10":"instock","11":"shipping-taxable","12":"product-type-simple"},"acf":[],"yoast_head":"<!-- This site is optimized with the Yoast SEO Premium plugin v27.6 (Yoast SEO v27.6) - https:\/\/yoast.com\/product\/yoast-seo-premium-wordpress\/ -->\n<title>OEM Borosilicate Glass Tea Cup with Silicone Lid - Diller Water Bottle Manufacturer<\/title>\n<meta name=\"description\" content=\"OEM borosilicate glass tea cup with silicone lid, creative design for wholesale giftware and private label drinkware brands.\" \/>\n<meta name=\"robots\" content=\"index, follow, max-snippet:-1, max-image-preview:large, max-video-preview:-1\" \/>\n<link rel=\"canonical\" href=\"https:\/\/www.dillerbottle.com\/vn\/cac-san-pham\/tach-tra-bang-thuy-tinh-borosilicate-oem-kem-nap-silicone\" \/>\n<meta property=\"og:locale\" content=\"vi_VN\" \/>\n<meta property=\"og:type\" content=\"article\" \/>\n<meta property=\"og:title\" content=\"OEM Borosilicate Glass Tea Cup with Silicone Lid\" \/>\n<meta property=\"og:description\" content=\"OEM borosilicate glass tea cup with silicone lid, creative design for wholesale giftware and private label drinkware brands.\" \/>\n<meta property=\"og:url\" content=\"https:\/\/www.dillerbottle.com\/vn\/cac-san-pham\/tach-tra-bang-thuy-tinh-borosilicate-oem-kem-nap-silicone\" \/>\n<meta property=\"og:site_name\" content=\"Diller Water Bottle Manufacturer\" \/>\n<meta property=\"article:modified_time\" content=\"2026-02-11T08:59:19+00:00\" \/>\n<meta property=\"og:image\" content=\"https:\/\/www.dillerbottle.com\/wp-content\/uploads\/2026\/02\/oem-borosilicate-glass-tea-cup-with-silicone-lid-9203-1.jpg\" \/>\n\t<meta property=\"og:image:width\" content=\"800\" \/>\n\t<meta property=\"og:image:height\" content=\"800\" \/>\n\t<meta property=\"og:image:type\" content=\"image\/jpeg\" \/>\n<meta name=\"twitter:card\" content=\"summary_large_image\" \/>\n<meta name=\"twitter:label1\" content=\"\u01af\u1edbc t\u00ednh th\u1eddi gian \u0111\u1ecdc\" \/>\n\t<meta name=\"twitter:data1\" content=\"1 ph\u00fat\" \/>\n<script type=\"application\/ld+json\" class=\"yoast-schema-graph\">{\"@context\":\"https:\\\/\\\/schema.org\",\"@graph\":[{\"@type\":\"WebPage\",\"@id\":\"https:\\\/\\\/www.dillerbottle.com\\\/products\\\/oem-borosilicate-glass-tea-cup-with-silicone-lid\",\"url\":\"https:\\\/\\\/www.dillerbottle.com\\\/products\\\/oem-borosilicate-glass-tea-cup-with-silicone-lid\",\"name\":\"OEM Borosilicate Glass Tea Cup with Silicone Lid - Diller Water Bottle Manufacturer\",\"isPartOf\":{\"@id\":\"https:\\\/\\\/www.dillerbottle.com\\\/#website\"},\"primaryImageOfPage\":{\"@id\":\"https:\\\/\\\/www.dillerbottle.com\\\/products\\\/oem-borosilicate-glass-tea-cup-with-silicone-lid#primaryimage\"},\"image\":{\"@id\":\"https:\\\/\\\/www.dillerbottle.com\\\/products\\\/oem-borosilicate-glass-tea-cup-with-silicone-lid#primaryimage\"},\"thumbnailUrl\":\"https:\\\/\\\/www.dillerbottle.com\\\/wp-content\\\/uploads\\\/2026\\\/02\\\/oem-borosilicate-glass-tea-cup-with-silicone-lid-9203-1.jpg\",\"datePublished\":\"2026-02-11T08:33:08+00:00\",\"dateModified\":\"2026-02-11T08:59:19+00:00\",\"description\":\"OEM borosilicate glass tea cup with silicone lid, creative design for wholesale giftware and private label drinkware brands.\",\"breadcrumb\":{\"@id\":\"https:\\\/\\\/www.dillerbottle.com\\\/products\\\/oem-borosilicate-glass-tea-cup-with-silicone-lid#breadcrumb\"},\"inLanguage\":\"vi\",\"potentialAction\":[{\"@type\":\"ReadAction\",\"target\":[\"https:\\\/\\\/www.dillerbottle.com\\\/products\\\/oem-borosilicate-glass-tea-cup-with-silicone-lid\"]}]},{\"@type\":\"ImageObject\",\"inLanguage\":\"vi\",\"@id\":\"https:\\\/\\\/www.dillerbottle.com\\\/products\\\/oem-borosilicate-glass-tea-cup-with-silicone-lid#primaryimage\",\"url\":\"https:\\\/\\\/www.dillerbottle.com\\\/wp-content\\\/uploads\\\/2026\\\/02\\\/oem-borosilicate-glass-tea-cup-with-silicone-lid-9203-1.jpg\",\"contentUrl\":\"https:\\\/\\\/www.dillerbottle.com\\\/wp-content\\\/uploads\\\/2026\\\/02\\\/oem-borosilicate-glass-tea-cup-with-silicone-lid-9203-1.jpg\",\"width\":800,\"height\":800},{\"@type\":\"BreadcrumbList\",\"@id\":\"https:\\\/\\\/www.dillerbottle.com\\\/products\\\/oem-borosilicate-glass-tea-cup-with-silicone-lid#breadcrumb\",\"itemListElement\":[{\"@type\":\"ListItem\",\"position\":1,\"name\":\"Home\",\"item\":\"https:\\\/\\\/www.dillerbottle.com\\\/\"},{\"@type\":\"ListItem\",\"position\":2,\"name\":\"Products\",\"item\":\"https:\\\/\\\/www.dillerbottle.com\\\/shop\"},{\"@type\":\"ListItem\",\"position\":3,\"name\":\"OEM Borosilicate Glass Tea Cup with Silicone Lid\"}]},{\"@type\":\"WebSite\",\"@id\":\"https:\\\/\\\/www.dillerbottle.com\\\/#website\",\"url\":\"https:\\\/\\\/www.dillerbottle.com\\\/\",\"name\":\"Diller Water Bottle Manufacturer\",\"description\":\"Water Bottle Manufacturer\",\"publisher\":{\"@id\":\"https:\\\/\\\/www.dillerbottle.com\\\/#organization\"},\"potentialAction\":[{\"@type\":\"SearchAction\",\"target\":{\"@type\":\"EntryPoint\",\"urlTemplate\":\"https:\\\/\\\/www.dillerbottle.com\\\/?s={search_term_string}\"},\"query-input\":{\"@type\":\"PropertyValueSpecification\",\"valueRequired\":true,\"valueName\":\"search_term_string\"}}],\"inLanguage\":\"vi\"},{\"@type\":\"Organization\",\"@id\":\"https:\\\/\\\/www.dillerbottle.com\\\/#organization\",\"name\":\"Diller Water Bottle Manufacturer\",\"url\":\"https:\\\/\\\/www.dillerbottle.com\\\/\",\"logo\":{\"@type\":\"ImageObject\",\"inLanguage\":\"vi\",\"@id\":\"https:\\\/\\\/www.dillerbottle.com\\\/#\\\/schema\\\/logo\\\/image\\\/\",\"url\":\"https:\\\/\\\/www.dillerbottle.com\\\/wp-content\\\/uploads\\\/2024\\\/09\\\/49918bfa848dcc1e9f8b509933603ac.png\",\"contentUrl\":\"https:\\\/\\\/www.dillerbottle.com\\\/wp-content\\\/uploads\\\/2024\\\/09\\\/49918bfa848dcc1e9f8b509933603ac.png\",\"width\":988,\"height\":198,\"caption\":\"Diller Water Bottle Manufacturer\"},\"image\":{\"@id\":\"https:\\\/\\\/www.dillerbottle.com\\\/#\\\/schema\\\/logo\\\/image\\\/\"}}]}<\/script>\n<!-- \/ Yoast SEO Premium plugin. -->","yoast_head_json":{"title":"Ly tr\u00e0 b\u1eb1ng th\u1ee7y tinh borosilicate OEM k\u00e8m n\u1eafp silicone - Nh\u00e0 s\u1ea3n xu\u1ea5t b\u00ecnh n\u01b0\u1edbc Diller","description":"T\u00e1ch tr\u00e0 b\u1eb1ng th\u1ee7y tinh borosilicate OEM k\u00e8m n\u1eafp silicone, thi\u1ebft k\u1ebf s\u00e1ng t\u1ea1o d\u00e0nh cho c\u00e1c th\u01b0\u01a1ng hi\u1ec7u \u0111\u1ed3 u\u1ed1ng nh\u00e3n hi\u1ec7u ri\u00eang v\u00e0 s\u1ea3n ph\u1ea9m qu\u00e0 t\u1eb7ng s\u1ec9.","robots":{"index":"index","follow":"follow","max-snippet":"max-snippet:-1","max-image-preview":"max-image-preview:large","max-video-preview":"max-video-preview:-1"},"canonical":"https:\/\/www.dillerbottle.com\/vn\/cac-san-pham\/tach-tra-bang-thuy-tinh-borosilicate-oem-kem-nap-silicone","og_locale":"vi_VN","og_type":"article","og_title":"OEM Borosilicate Glass Tea Cup with Silicone Lid","og_description":"OEM borosilicate glass tea cup with silicone lid, creative design for wholesale giftware and private label drinkware brands.","og_url":"https:\/\/www.dillerbottle.com\/vn\/cac-san-pham\/tach-tra-bang-thuy-tinh-borosilicate-oem-kem-nap-silicone","og_site_name":"Diller Water Bottle Manufacturer","article_modified_time":"2026-02-11T08:59:19+00:00","og_image":[{"width":800,"height":800,"url":"https:\/\/www.dillerbottle.com\/wp-content\/uploads\/2026\/02\/oem-borosilicate-glass-tea-cup-with-silicone-lid-9203-1.jpg","type":"image\/jpeg"}],"twitter_card":"summary_large_image","twitter_misc":{"\u01af\u1edbc t\u00ednh th\u1eddi gian \u0111\u1ecdc":"1 ph\u00fat"},"schema":{"@context":"https:\/\/schema.org","@graph":[{"@type":"WebPage","@id":"https:\/\/www.dillerbottle.com\/products\/oem-borosilicate-glass-tea-cup-with-silicone-lid","url":"https:\/\/www.dillerbottle.com\/products\/oem-borosilicate-glass-tea-cup-with-silicone-lid","name":"Ly tr\u00e0 b\u1eb1ng th\u1ee7y tinh borosilicate OEM k\u00e8m n\u1eafp silicone - Nh\u00e0 s\u1ea3n xu\u1ea5t b\u00ecnh n\u01b0\u1edbc Diller","isPartOf":{"@id":"https:\/\/www.dillerbottle.com\/#website"},"primaryImageOfPage":{"@id":"https:\/\/www.dillerbottle.com\/products\/oem-borosilicate-glass-tea-cup-with-silicone-lid#primaryimage"},"image":{"@id":"https:\/\/www.dillerbottle.com\/products\/oem-borosilicate-glass-tea-cup-with-silicone-lid#primaryimage"},"thumbnailUrl":"https:\/\/www.dillerbottle.com\/wp-content\/uploads\/2026\/02\/oem-borosilicate-glass-tea-cup-with-silicone-lid-9203-1.jpg","datePublished":"2026-02-11T08:33:08+00:00","dateModified":"2026-02-11T08:59:19+00:00","description":"T\u00e1ch tr\u00e0 b\u1eb1ng th\u1ee7y tinh borosilicate OEM k\u00e8m n\u1eafp silicone, thi\u1ebft k\u1ebf s\u00e1ng t\u1ea1o d\u00e0nh cho c\u00e1c th\u01b0\u01a1ng hi\u1ec7u \u0111\u1ed3 u\u1ed1ng nh\u00e3n hi\u1ec7u ri\u00eang v\u00e0 s\u1ea3n ph\u1ea9m qu\u00e0 t\u1eb7ng s\u1ec9.","breadcrumb":{"@id":"https:\/\/www.dillerbottle.com\/products\/oem-borosilicate-glass-tea-cup-with-silicone-lid#breadcrumb"},"inLanguage":"vi","potentialAction":[{"@type":"ReadAction","target":["https:\/\/www.dillerbottle.com\/products\/oem-borosilicate-glass-tea-cup-with-silicone-lid"]}]},{"@type":"ImageObject","inLanguage":"vi","@id":"https:\/\/www.dillerbottle.com\/products\/oem-borosilicate-glass-tea-cup-with-silicone-lid#primaryimage","url":"https:\/\/www.dillerbottle.com\/wp-content\/uploads\/2026\/02\/oem-borosilicate-glass-tea-cup-with-silicone-lid-9203-1.jpg","contentUrl":"https:\/\/www.dillerbottle.com\/wp-content\/uploads\/2026\/02\/oem-borosilicate-glass-tea-cup-with-silicone-lid-9203-1.jpg","width":800,"height":800},{"@type":"BreadcrumbList","@id":"https:\/\/www.dillerbottle.com\/products\/oem-borosilicate-glass-tea-cup-with-silicone-lid#breadcrumb","itemListElement":[{"@type":"ListItem","position":1,"name":"Home","item":"https:\/\/www.dillerbottle.com\/"},{"@type":"ListItem","position":2,"name":"Products","item":"https:\/\/www.dillerbottle.com\/shop"},{"@type":"ListItem","position":3,"name":"OEM Borosilicate Glass Tea Cup with Silicone Lid"}]},{"@type":"WebSite","@id":"https:\/\/www.dillerbottle.com\/#website","url":"https:\/\/www.dillerbottle.com\/","name":"Nh\u00e0 s\u1ea3n xu\u1ea5t b\u00ecnh n\u01b0\u1edbc Diller","description":"Nh\u00e0 s\u1ea3n xu\u1ea5t b\u00ecnh n\u01b0\u1edbc","publisher":{"@id":"https:\/\/www.dillerbottle.com\/#organization"},"potentialAction":[{"@type":"SearchAction","target":{"@type":"EntryPoint","urlTemplate":"https:\/\/www.dillerbottle.com\/?s={search_term_string}"},"query-input":{"@type":"PropertyValueSpecification","valueRequired":true,"valueName":"search_term_string"}}],"inLanguage":"vi"},{"@type":"Organization","@id":"https:\/\/www.dillerbottle.com\/#organization","name":"Nh\u00e0 s\u1ea3n xu\u1ea5t b\u00ecnh n\u01b0\u1edbc Diller","url":"https:\/\/www.dillerbottle.com\/","logo":{"@type":"ImageObject","inLanguage":"vi","@id":"https:\/\/www.dillerbottle.com\/#\/schema\/logo\/image\/","url":"https:\/\/www.dillerbottle.com\/wp-content\/uploads\/2024\/09\/49918bfa848dcc1e9f8b509933603ac.png","contentUrl":"https:\/\/www.dillerbottle.com\/wp-content\/uploads\/2024\/09\/49918bfa848dcc1e9f8b509933603ac.png","width":988,"height":198,"caption":"Diller Water Bottle Manufacturer"},"image":{"@id":"https:\/\/www.dillerbottle.com\/#\/schema\/logo\/image\/"}}]}},"_links":{"self":[{"href":"https:\/\/www.dillerbottle.com\/vn\/wp-json\/wp\/v2\/product\/17628","targetHints":{"allow":["GET"]}}],"collection":[{"href":"https:\/\/www.dillerbottle.com\/vn\/wp-json\/wp\/v2\/product"}],"about":[{"href":"https:\/\/www.dillerbottle.com\/vn\/wp-json\/wp\/v2\/types\/product"}],"replies":[{"embeddable":true,"href":"https:\/\/www.dillerbottle.com\/vn\/wp-json\/wp\/v2\/comments?post=17628"}],"wp:featuredmedia":[{"embeddable":true,"href":"https:\/\/www.dillerbottle.com\/vn\/wp-json\/wp\/v2\/media\/17631"}],"wp:attachment":[{"href":"https:\/\/www.dillerbottle.com\/vn\/wp-json\/wp\/v2\/media?parent=17628"}],"wp:term":[{"taxonomy":"product_brand","embeddable":true,"href":"https:\/\/www.dillerbottle.com\/vn\/wp-json\/wp\/v2\/product_brand?post=17628"},{"taxonomy":"product_cat","embeddable":true,"href":"https:\/\/www.dillerbottle.com\/vn\/wp-json\/wp\/v2\/product_cat?post=17628"},{"taxonomy":"product_tag","embeddable":true,"href":"https:\/\/www.dillerbottle.com\/vn\/wp-json\/wp\/v2\/product_tag?post=17628"}],"curies":[{"name":"wp","href":"https:\/\/api.w.org\/{rel}","templated":true}]}}