{"id":17652,"date":"2026-02-11T16:47:45","date_gmt":"2026-02-11T08:47:45","guid":{"rendered":"https:\/\/www.dillerbottle.com\/?post_type=product&#038;p=17652"},"modified":"2026-02-11T16:59:02","modified_gmt":"2026-02-11T08:59:02","slug":"tach-tra-bang-thuy-tinh-borosilicate-580ml-cua-oem-kem-nap-silicone","status":"publish","type":"product","link":"https:\/\/www.dillerbottle.com\/vn\/products\/oem-580ml-borosilicate-glass-tea-cup-with-silicone-lid","title":{"rendered":"Ly tr\u00e0 b\u1eb1ng th\u1ee7y tinh borosilicate 580ml OEM k\u00e8m n\u1eafp silicone"},"content":{"rendered":"<p data-start=\"519\" data-end=\"678\">C\u1ed1c tr\u00e0 b\u1eb1ng th\u1ee7y tinh borosilicate dung t\u00edch 580ml n\u00e0y \u0111\u01b0\u1ee3c thi\u1ebft k\u1ebf d\u00e0nh cho c\u00e1c th\u01b0\u01a1ng hi\u1ec7u v\u00e0 nh\u00e0 ph\u00e2n ph\u1ed1i \u0111ang t\u00ecm ki\u1ebfm s\u1ea3n ph\u1ea9m th\u1ee7y tinh u\u1ed1ng n\u01b0\u1edbc s\u00e1ng t\u1ea1o v\u00e0 c\u00f3 th\u1ec3 t\u00f9y ch\u1ec9nh cho th\u1ecb tr\u01b0\u1eddng qu\u00e0 t\u1eb7ng v\u00e0 phong c\u00e1ch s\u1ed1ng.<\/p>\n<p data-start=\"680\" data-end=\"934\">\u0110\u01b0\u1ee3c l\u00e0m t\u1eeb th\u1ee7y tinh borosilicate cao c\u1ea5p, c\u1ed1c c\u00f3 kh\u1ea3 n\u0103ng ch\u1ecbu nhi\u1ec7t t\u1ed1t v\u00e0 \u0111\u1ed9 b\u1ec1n cao, ph\u00f9 h\u1ee3p cho c\u1ea3 \u0111\u1ed3 u\u1ed1ng n\u00f3ng v\u00e0 l\u1ea1nh. Thi\u1ebft k\u1ebf trong su\u1ed1t gi\u00fap t\u00f4n l\u00ean v\u1ebb \u0111\u1eb9p c\u1ee7a s\u1ea3n ph\u1ea9m, l\u00e0m cho n\u00f3 tr\u1edf th\u00e0nh l\u1ef1a ch\u1ecdn l\u00fd t\u01b0\u1edfng cho tr\u00e0, n\u01b0\u1edbc tr\u00e1i c\u00e2y, c\u00e0 ph\u00ea v\u00e0 c\u00e1c lo\u1ea1i \u0111\u1ed3 u\u1ed1ng \u0111\u1eb7c bi\u1ec7t.<\/p>\n<p data-start=\"936\" data-end=\"1165\">N\u1eafp silicone \u0111\u1ea1t ti\u00eau chu\u1ea9n an to\u00e0n th\u1ef1c ph\u1ea9m gi\u00fap t\u0103ng t\u00ednh ti\u1ec7n d\u1ee5ng \u0111\u1ed3ng th\u1eddi gi\u1eef \u0111\u01b0\u1ee3c v\u1ebb \u0111\u1eb9p m\u1ec1m m\u1ea1i. Dung t\u00edch 580ml nh\u1ecf g\u1ecdn khi\u1ebfn s\u1ea3n ph\u1ea9m ph\u00f9 h\u1ee3p cho s\u1eed d\u1ee5ng h\u00e0ng ng\u00e0y t\u1ea1i v\u0103n ph\u00f2ng, d\u1ecbch v\u1ee5 c\u00e0 ph\u00ea, b\u1ed9 qu\u00e0 t\u1eb7ng khuy\u1ebfn m\u00e3i v\u00e0 b\u1ed9 s\u01b0u t\u1eadp b\u00e1n l\u1ebb theo m\u00f9a.<\/p>\n<p data-start=\"1167\" data-end=\"1267\">V\u1edbi nh\u1eadn di\u1ec7n th\u01b0\u01a1ng hi\u1ec7u m\u1ea1nh m\u1ebd v\u00e0 kh\u1ea3 n\u0103ng t\u00f9y ch\u1ec9nh OEM, m\u1eabu n\u00e0y \u0111\u1eb7c bi\u1ec7t ph\u00f9 h\u1ee3p cho:<\/p>\n<ul data-start=\"1269\" data-end=\"1417\">\n<li data-start=\"1269\" data-end=\"1288\">\n<p data-start=\"1271\" data-end=\"1288\">Th\u01b0\u01a1ng hi\u1ec7u \u0111\u1ed3 l\u01b0u ni\u1ec7m<\/p>\n<\/li>\n<li data-start=\"1289\" data-end=\"1320\">\n<p data-start=\"1291\" data-end=\"1320\">Nh\u00e0 ph\u00e2n ph\u1ed1i \u0111\u1ed3 gia d\u1ee5ng v\u00e0 nh\u00e0 b\u1ebfp<\/p>\n<\/li>\n<li data-start=\"1321\" data-end=\"1348\">\n<p data-start=\"1323\" data-end=\"1348\">Nh\u00e0 cung c\u1ea5p ph\u1ee5 ki\u1ec7n tr\u00e0<\/p>\n<\/li>\n<li data-start=\"1349\" data-end=\"1382\">\n<p data-start=\"1351\" data-end=\"1382\">C\u00e1c c\u00f4ng ty s\u1ea3n xu\u1ea5t s\u1ea3n ph\u1ea9m qu\u1ea3ng c\u00e1o<\/p>\n<\/li>\n<li data-start=\"1383\" data-end=\"1417\">\n<p data-start=\"1385\" data-end=\"1417\">Th\u01b0\u01a1ng hi\u1ec7u phong c\u00e1ch s\u1ed1ng mang nh\u00e3n hi\u1ec7u ri\u00eang<\/p>\n<\/li>\n<\/ul>\n<p data-start=\"1419\" data-end=\"1551\">D\u1ecbch v\u1ee5 OEM v\u00e0 ODM \u0111\u1ea7y \u0111\u1ee7 \u0111\u01b0\u1ee3c h\u1ed7 tr\u1ee3, bao g\u1ed3m in logo, thi\u1ebft k\u1ebf bao b\u00ec, \u0111i\u1ec1u ch\u1ec9nh c\u1ea5u tr\u00fac v\u00e0 t\u00f9y ch\u1ec9nh m\u00e0u s\u1eafc.<\/p>","protected":false},"excerpt":{"rendered":"<p>T\u00e1ch tr\u00e0 b\u1eb1ng th\u1ee7y tinh borosilicate cao c\u1ea5p dung t\u00edch 580ml, \u0111i k\u00e8m n\u1eafp silicone \u0111\u1ea1t ti\u00eau chu\u1ea9n an to\u00e0n th\u1ef1c ph\u1ea9m v\u00e0 thi\u1ebft k\u1ebf trang tr\u00ed s\u00e1ng t\u1ea1o. Ph\u00f9 h\u1ee3p cho c\u00e1c d\u1ef1 \u00e1n OEM, nh\u00e3n hi\u1ec7u ri\u00eang v\u00e0 qu\u00e0 t\u1eb7ng s\u1ec9.<\/p>","protected":false},"featured_media":17657,"comment_status":"open","ping_status":"closed","template":"","meta":{"_acf_changed":false},"product_brand":[],"product_cat":[310],"product_tag":[591],"class_list":{"0":"post-17652","1":"product","2":"type-product","3":"status-publish","4":"has-post-thumbnail","6":"product_cat-glass-water-bottle","7":"product_tag-glass-water-bottle","9":"first","10":"instock","11":"shipping-taxable","12":"product-type-simple"},"acf":[],"yoast_head":"<!-- This site is optimized with the Yoast SEO Premium plugin v27.6 (Yoast SEO v27.6) - https:\/\/yoast.com\/product\/yoast-seo-premium-wordpress\/ -->\n<title>OEM 580ml Borosilicate Glass Tea Cup with Silicone Lid - Diller Water Bottle Manufacturer<\/title>\n<meta name=\"description\" content=\"OEM 320ml borosilicate glass tea cup with silicone lid, custom logo drinkware for wholesale gift and lifestyle brands.\" \/>\n<meta name=\"robots\" content=\"index, follow, max-snippet:-1, max-image-preview:large, max-video-preview:-1\" \/>\n<link rel=\"canonical\" href=\"https:\/\/www.dillerbottle.com\/vn\/cac-san-pham\/tach-tra-bang-thuy-tinh-borosilicate-580ml-cua-oem-kem-nap-silicone\" \/>\n<meta property=\"og:locale\" content=\"vi_VN\" \/>\n<meta property=\"og:type\" content=\"article\" \/>\n<meta property=\"og:title\" content=\"OEM 580ml Borosilicate Glass Tea Cup with Silicone Lid\" \/>\n<meta property=\"og:description\" content=\"OEM 320ml borosilicate glass tea cup with silicone lid, custom logo drinkware for wholesale gift and lifestyle brands.\" \/>\n<meta property=\"og:url\" content=\"https:\/\/www.dillerbottle.com\/vn\/cac-san-pham\/tach-tra-bang-thuy-tinh-borosilicate-580ml-cua-oem-kem-nap-silicone\" \/>\n<meta property=\"og:site_name\" content=\"Diller Water Bottle Manufacturer\" \/>\n<meta property=\"article:modified_time\" content=\"2026-02-11T08:59:02+00:00\" \/>\n<meta property=\"og:image\" content=\"https:\/\/www.dillerbottle.com\/wp-content\/uploads\/2026\/02\/oem-320ml-borosilicate-glass-tea-cup-with-silicone-lid-9203-1.jpg\" \/>\n\t<meta property=\"og:image:width\" content=\"800\" \/>\n\t<meta property=\"og:image:height\" content=\"800\" \/>\n\t<meta property=\"og:image:type\" content=\"image\/jpeg\" \/>\n<meta name=\"twitter:card\" content=\"summary_large_image\" \/>\n<meta name=\"twitter:label1\" content=\"\u01af\u1edbc t\u00ednh th\u1eddi gian \u0111\u1ecdc\" \/>\n\t<meta name=\"twitter:data1\" content=\"4 ph\u00fat\" \/>\n<script type=\"application\/ld+json\" class=\"yoast-schema-graph\">{\"@context\":\"https:\\\/\\\/schema.org\",\"@graph\":[{\"@type\":\"WebPage\",\"@id\":\"https:\\\/\\\/www.dillerbottle.com\\\/products\\\/oem-580ml-borosilicate-glass-tea-cup-with-silicone-lid\",\"url\":\"https:\\\/\\\/www.dillerbottle.com\\\/products\\\/oem-580ml-borosilicate-glass-tea-cup-with-silicone-lid\",\"name\":\"OEM 580ml Borosilicate Glass Tea Cup with Silicone Lid - Diller Water Bottle Manufacturer\",\"isPartOf\":{\"@id\":\"https:\\\/\\\/www.dillerbottle.com\\\/#website\"},\"primaryImageOfPage\":{\"@id\":\"https:\\\/\\\/www.dillerbottle.com\\\/products\\\/oem-580ml-borosilicate-glass-tea-cup-with-silicone-lid#primaryimage\"},\"image\":{\"@id\":\"https:\\\/\\\/www.dillerbottle.com\\\/products\\\/oem-580ml-borosilicate-glass-tea-cup-with-silicone-lid#primaryimage\"},\"thumbnailUrl\":\"https:\\\/\\\/www.dillerbottle.com\\\/wp-content\\\/uploads\\\/2026\\\/02\\\/oem-320ml-borosilicate-glass-tea-cup-with-silicone-lid-9203-1.jpg\",\"datePublished\":\"2026-02-11T08:47:45+00:00\",\"dateModified\":\"2026-02-11T08:59:02+00:00\",\"description\":\"OEM 320ml borosilicate glass tea cup with silicone lid, custom logo drinkware for wholesale gift and lifestyle brands.\",\"breadcrumb\":{\"@id\":\"https:\\\/\\\/www.dillerbottle.com\\\/products\\\/oem-580ml-borosilicate-glass-tea-cup-with-silicone-lid#breadcrumb\"},\"inLanguage\":\"vi\",\"potentialAction\":[{\"@type\":\"ReadAction\",\"target\":[\"https:\\\/\\\/www.dillerbottle.com\\\/products\\\/oem-580ml-borosilicate-glass-tea-cup-with-silicone-lid\"]}]},{\"@type\":\"ImageObject\",\"inLanguage\":\"vi\",\"@id\":\"https:\\\/\\\/www.dillerbottle.com\\\/products\\\/oem-580ml-borosilicate-glass-tea-cup-with-silicone-lid#primaryimage\",\"url\":\"https:\\\/\\\/www.dillerbottle.com\\\/wp-content\\\/uploads\\\/2026\\\/02\\\/oem-320ml-borosilicate-glass-tea-cup-with-silicone-lid-9203-1.jpg\",\"contentUrl\":\"https:\\\/\\\/www.dillerbottle.com\\\/wp-content\\\/uploads\\\/2026\\\/02\\\/oem-320ml-borosilicate-glass-tea-cup-with-silicone-lid-9203-1.jpg\",\"width\":800,\"height\":800},{\"@type\":\"BreadcrumbList\",\"@id\":\"https:\\\/\\\/www.dillerbottle.com\\\/products\\\/oem-580ml-borosilicate-glass-tea-cup-with-silicone-lid#breadcrumb\",\"itemListElement\":[{\"@type\":\"ListItem\",\"position\":1,\"name\":\"Home\",\"item\":\"https:\\\/\\\/www.dillerbottle.com\\\/\"},{\"@type\":\"ListItem\",\"position\":2,\"name\":\"Products\",\"item\":\"https:\\\/\\\/www.dillerbottle.com\\\/shop\"},{\"@type\":\"ListItem\",\"position\":3,\"name\":\"OEM 580ml Borosilicate Glass Tea Cup with Silicone Lid\"}]},{\"@type\":\"WebSite\",\"@id\":\"https:\\\/\\\/www.dillerbottle.com\\\/#website\",\"url\":\"https:\\\/\\\/www.dillerbottle.com\\\/\",\"name\":\"Diller Water Bottle Manufacturer\",\"description\":\"Water Bottle Manufacturer\",\"publisher\":{\"@id\":\"https:\\\/\\\/www.dillerbottle.com\\\/#organization\"},\"potentialAction\":[{\"@type\":\"SearchAction\",\"target\":{\"@type\":\"EntryPoint\",\"urlTemplate\":\"https:\\\/\\\/www.dillerbottle.com\\\/?s={search_term_string}\"},\"query-input\":{\"@type\":\"PropertyValueSpecification\",\"valueRequired\":true,\"valueName\":\"search_term_string\"}}],\"inLanguage\":\"vi\"},{\"@type\":\"Organization\",\"@id\":\"https:\\\/\\\/www.dillerbottle.com\\\/#organization\",\"name\":\"Diller Water Bottle Manufacturer\",\"url\":\"https:\\\/\\\/www.dillerbottle.com\\\/\",\"logo\":{\"@type\":\"ImageObject\",\"inLanguage\":\"vi\",\"@id\":\"https:\\\/\\\/www.dillerbottle.com\\\/#\\\/schema\\\/logo\\\/image\\\/\",\"url\":\"https:\\\/\\\/www.dillerbottle.com\\\/wp-content\\\/uploads\\\/2024\\\/09\\\/49918bfa848dcc1e9f8b509933603ac.png\",\"contentUrl\":\"https:\\\/\\\/www.dillerbottle.com\\\/wp-content\\\/uploads\\\/2024\\\/09\\\/49918bfa848dcc1e9f8b509933603ac.png\",\"width\":988,\"height\":198,\"caption\":\"Diller Water Bottle Manufacturer\"},\"image\":{\"@id\":\"https:\\\/\\\/www.dillerbottle.com\\\/#\\\/schema\\\/logo\\\/image\\\/\"}}]}<\/script>\n<!-- \/ Yoast SEO Premium plugin. -->","yoast_head_json":{"title":"C\u1ed1c tr\u00e0 b\u1eb1ng th\u1ee7y tinh borosilicate 580ml OEM k\u00e8m n\u1eafp silicone - Nh\u00e0 s\u1ea3n xu\u1ea5t b\u00ecnh n\u01b0\u1edbc Diller","description":"T\u00e1ch tr\u00e0 b\u1eb1ng th\u1ee7y tinh borosilicate 320ml c\u1ee7a OEM k\u00e8m n\u1eafp silicone, s\u1ea3n ph\u1ea9m \u0111\u1ed3 u\u1ed1ng c\u00f3 logo t\u00f9y ch\u1ec9nh d\u00e0nh cho c\u00e1c th\u01b0\u01a1ng hi\u1ec7u qu\u00e0 t\u1eb7ng v\u00e0 phong c\u00e1ch s\u1ed1ng b\u00e1n bu\u00f4n.","robots":{"index":"index","follow":"follow","max-snippet":"max-snippet:-1","max-image-preview":"max-image-preview:large","max-video-preview":"max-video-preview:-1"},"canonical":"https:\/\/www.dillerbottle.com\/vn\/cac-san-pham\/tach-tra-bang-thuy-tinh-borosilicate-580ml-cua-oem-kem-nap-silicone","og_locale":"vi_VN","og_type":"article","og_title":"OEM 580ml Borosilicate Glass Tea Cup with Silicone Lid","og_description":"OEM 320ml borosilicate glass tea cup with silicone lid, custom logo drinkware for wholesale gift and lifestyle brands.","og_url":"https:\/\/www.dillerbottle.com\/vn\/cac-san-pham\/tach-tra-bang-thuy-tinh-borosilicate-580ml-cua-oem-kem-nap-silicone","og_site_name":"Diller Water Bottle Manufacturer","article_modified_time":"2026-02-11T08:59:02+00:00","og_image":[{"width":800,"height":800,"url":"https:\/\/www.dillerbottle.com\/wp-content\/uploads\/2026\/02\/oem-320ml-borosilicate-glass-tea-cup-with-silicone-lid-9203-1.jpg","type":"image\/jpeg"}],"twitter_card":"summary_large_image","twitter_misc":{"\u01af\u1edbc t\u00ednh th\u1eddi gian \u0111\u1ecdc":"4 ph\u00fat"},"schema":{"@context":"https:\/\/schema.org","@graph":[{"@type":"WebPage","@id":"https:\/\/www.dillerbottle.com\/products\/oem-580ml-borosilicate-glass-tea-cup-with-silicone-lid","url":"https:\/\/www.dillerbottle.com\/products\/oem-580ml-borosilicate-glass-tea-cup-with-silicone-lid","name":"C\u1ed1c tr\u00e0 b\u1eb1ng th\u1ee7y tinh borosilicate 580ml OEM k\u00e8m n\u1eafp silicone - Nh\u00e0 s\u1ea3n xu\u1ea5t b\u00ecnh n\u01b0\u1edbc Diller","isPartOf":{"@id":"https:\/\/www.dillerbottle.com\/#website"},"primaryImageOfPage":{"@id":"https:\/\/www.dillerbottle.com\/products\/oem-580ml-borosilicate-glass-tea-cup-with-silicone-lid#primaryimage"},"image":{"@id":"https:\/\/www.dillerbottle.com\/products\/oem-580ml-borosilicate-glass-tea-cup-with-silicone-lid#primaryimage"},"thumbnailUrl":"https:\/\/www.dillerbottle.com\/wp-content\/uploads\/2026\/02\/oem-320ml-borosilicate-glass-tea-cup-with-silicone-lid-9203-1.jpg","datePublished":"2026-02-11T08:47:45+00:00","dateModified":"2026-02-11T08:59:02+00:00","description":"T\u00e1ch tr\u00e0 b\u1eb1ng th\u1ee7y tinh borosilicate 320ml c\u1ee7a OEM k\u00e8m n\u1eafp silicone, s\u1ea3n ph\u1ea9m \u0111\u1ed3 u\u1ed1ng c\u00f3 logo t\u00f9y ch\u1ec9nh d\u00e0nh cho c\u00e1c th\u01b0\u01a1ng hi\u1ec7u qu\u00e0 t\u1eb7ng v\u00e0 phong c\u00e1ch s\u1ed1ng b\u00e1n bu\u00f4n.","breadcrumb":{"@id":"https:\/\/www.dillerbottle.com\/products\/oem-580ml-borosilicate-glass-tea-cup-with-silicone-lid#breadcrumb"},"inLanguage":"vi","potentialAction":[{"@type":"ReadAction","target":["https:\/\/www.dillerbottle.com\/products\/oem-580ml-borosilicate-glass-tea-cup-with-silicone-lid"]}]},{"@type":"ImageObject","inLanguage":"vi","@id":"https:\/\/www.dillerbottle.com\/products\/oem-580ml-borosilicate-glass-tea-cup-with-silicone-lid#primaryimage","url":"https:\/\/www.dillerbottle.com\/wp-content\/uploads\/2026\/02\/oem-320ml-borosilicate-glass-tea-cup-with-silicone-lid-9203-1.jpg","contentUrl":"https:\/\/www.dillerbottle.com\/wp-content\/uploads\/2026\/02\/oem-320ml-borosilicate-glass-tea-cup-with-silicone-lid-9203-1.jpg","width":800,"height":800},{"@type":"BreadcrumbList","@id":"https:\/\/www.dillerbottle.com\/products\/oem-580ml-borosilicate-glass-tea-cup-with-silicone-lid#breadcrumb","itemListElement":[{"@type":"ListItem","position":1,"name":"Home","item":"https:\/\/www.dillerbottle.com\/"},{"@type":"ListItem","position":2,"name":"Products","item":"https:\/\/www.dillerbottle.com\/shop"},{"@type":"ListItem","position":3,"name":"OEM 580ml Borosilicate Glass Tea Cup with Silicone Lid"}]},{"@type":"WebSite","@id":"https:\/\/www.dillerbottle.com\/#website","url":"https:\/\/www.dillerbottle.com\/","name":"Nh\u00e0 s\u1ea3n xu\u1ea5t b\u00ecnh n\u01b0\u1edbc Diller","description":"Nh\u00e0 s\u1ea3n xu\u1ea5t b\u00ecnh n\u01b0\u1edbc","publisher":{"@id":"https:\/\/www.dillerbottle.com\/#organization"},"potentialAction":[{"@type":"SearchAction","target":{"@type":"EntryPoint","urlTemplate":"https:\/\/www.dillerbottle.com\/?s={search_term_string}"},"query-input":{"@type":"PropertyValueSpecification","valueRequired":true,"valueName":"search_term_string"}}],"inLanguage":"vi"},{"@type":"Organization","@id":"https:\/\/www.dillerbottle.com\/#organization","name":"Nh\u00e0 s\u1ea3n xu\u1ea5t b\u00ecnh n\u01b0\u1edbc Diller","url":"https:\/\/www.dillerbottle.com\/","logo":{"@type":"ImageObject","inLanguage":"vi","@id":"https:\/\/www.dillerbottle.com\/#\/schema\/logo\/image\/","url":"https:\/\/www.dillerbottle.com\/wp-content\/uploads\/2024\/09\/49918bfa848dcc1e9f8b509933603ac.png","contentUrl":"https:\/\/www.dillerbottle.com\/wp-content\/uploads\/2024\/09\/49918bfa848dcc1e9f8b509933603ac.png","width":988,"height":198,"caption":"Diller Water Bottle Manufacturer"},"image":{"@id":"https:\/\/www.dillerbottle.com\/#\/schema\/logo\/image\/"}}]}},"_links":{"self":[{"href":"https:\/\/www.dillerbottle.com\/vn\/wp-json\/wp\/v2\/product\/17652","targetHints":{"allow":["GET"]}}],"collection":[{"href":"https:\/\/www.dillerbottle.com\/vn\/wp-json\/wp\/v2\/product"}],"about":[{"href":"https:\/\/www.dillerbottle.com\/vn\/wp-json\/wp\/v2\/types\/product"}],"replies":[{"embeddable":true,"href":"https:\/\/www.dillerbottle.com\/vn\/wp-json\/wp\/v2\/comments?post=17652"}],"wp:featuredmedia":[{"embeddable":true,"href":"https:\/\/www.dillerbottle.com\/vn\/wp-json\/wp\/v2\/media\/17657"}],"wp:attachment":[{"href":"https:\/\/www.dillerbottle.com\/vn\/wp-json\/wp\/v2\/media?parent=17652"}],"wp:term":[{"taxonomy":"product_brand","embeddable":true,"href":"https:\/\/www.dillerbottle.com\/vn\/wp-json\/wp\/v2\/product_brand?post=17652"},{"taxonomy":"product_cat","embeddable":true,"href":"https:\/\/www.dillerbottle.com\/vn\/wp-json\/wp\/v2\/product_cat?post=17652"},{"taxonomy":"product_tag","embeddable":true,"href":"https:\/\/www.dillerbottle.com\/vn\/wp-json\/wp\/v2\/product_tag?post=17652"}],"curies":[{"name":"wp","href":"https:\/\/api.w.org\/{rel}","templated":true}]}}