{"id":17676,"date":"2026-02-12T13:48:27","date_gmt":"2026-02-12T05:48:27","guid":{"rendered":"https:\/\/www.dillerbottle.com\/?post_type=product&#038;p=17676"},"modified":"2026-02-12T14:04:44","modified_gmt":"2026-02-12T06:04:44","slug":"chai-loc-tra-bang-thep-khong-gi-oem-sus316","status":"publish","type":"product","link":"https:\/\/www.dillerbottle.com\/vn\/products\/oem-sus316-stainless-steel-tea-infuser-bottle","title":{"rendered":"Chai l\u1ecdc tr\u00e0 b\u1eb1ng th\u00e9p kh\u00f4ng g\u1ec9 SUS316 OEM, dung t\u00edch 200ml \/ 280ml"},"content":{"rendered":"<p data-start=\"574\" data-end=\"754\">Chai gi\u1eef nhi\u1ec7t DILLER D9310 Sakura Panda \u0111\u01b0\u1ee3c thi\u1ebft k\u1ebf d\u00e0nh cho c\u00e1c th\u01b0\u01a1ng hi\u1ec7u, nh\u00e0 ph\u00e2n ph\u1ed1i v\u00e0 nh\u00e0 nh\u1eadp kh\u1ea9u \u0111ang t\u00ecm ki\u1ebfm s\u1ea3n ph\u1ea9m \u0111\u1ed3 u\u1ed1ng b\u1eb1ng th\u00e9p kh\u00f4ng g\u1ec9 ch\u1ea5t l\u01b0\u1ee3ng cao v\u1edbi kh\u1ea3 n\u0103ng t\u00f9y ch\u1ec9nh OEM.<\/p>\n<p data-start=\"756\" data-end=\"989\">\u0110\u01b0\u1ee3c ch\u1ebf t\u1ea1o v\u1edbi l\u1edbp l\u00f3t trong b\u1eb1ng th\u00e9p kh\u00f4ng g\u1ec9 SUS316, m\u1eabu s\u1ea3n ph\u1ea9m n\u00e0y \u0111\u1ea3m b\u1ea3o kh\u1ea3 n\u0103ng ch\u1ed1ng \u0103n m\u00f2n v\u01b0\u1ee3t tr\u1ed9i v\u00e0 an to\u00e0n khi ti\u1ebfp x\u00fac v\u1edbi th\u1ef1c ph\u1ea9m. C\u1ea5u tr\u00fac c\u00e1ch nhi\u1ec7t ch\u00e2n kh\u00f4ng hai l\u1edbp gi\u00fap duy tr\u00ec nhi\u1ec7t \u0111\u1ed9 \u0111\u1ed3 u\u1ed1ng cho c\u1ea3 \u0111\u1ed3 u\u1ed1ng n\u00f3ng v\u00e0 l\u1ea1nh.<\/p>\n<p data-start=\"991\" data-end=\"1272\">\u0110\u01b0\u1ee3c trang b\u1ecb m\u1ed9t b\u1ed9 l\u1ecdc tr\u00e0 c\u00f3 th\u1ec3 th\u00e1o r\u1eddi, chai n\u00e0y ph\u00f9 h\u1ee3p \u0111\u1ec3 pha tr\u00e0 l\u00e1 r\u1eddi, tr\u00e0 th\u1ea3o m\u1ed9c v\u00e0 c\u00e1c lo\u1ea1i \u0111\u1ed3 u\u1ed1ng pha tr\u00e0. N\u1eafp chai \u0111\u01b0\u1ee3c thi\u1ebft k\u1ebf k\u00edn \u0111\u00e1o v\u00e0 ch\u1ed1ng r\u00f2 r\u1ec9, \u0111\u1ea3m b\u1ea3o t\u00ednh ti\u1ec7n l\u1ee3i khi mang theo, trong khi v\u00f2ng n\u00e2ng \u1ea9n gi\u00fap t\u0103ng t\u00ednh ti\u1ec7n d\u1ee5ng m\u00e0 kh\u00f4ng \u1ea3nh h\u01b0\u1edfng \u0111\u1ebfn v\u1ebb ngo\u00e0i t\u1ed5ng th\u1ec3.<\/p>\n<p data-start=\"1274\" data-end=\"1445\">V\u1edbi dung t\u00edch nh\u1ecf g\u1ecdn 200ml v\u00e0 280ml, m\u1eabu s\u1ea3n ph\u1ea9m n\u00e0y l\u00e0 l\u1ef1a ch\u1ecdn l\u00fd t\u01b0\u1edfng cho \u0111\u1ed3 u\u1ed1ng du l\u1ecbch, b\u1ed9 qu\u00e0 t\u1eb7ng qu\u1ea3ng c\u00e1o, b\u1ed9 s\u01b0u t\u1eadp ph\u1ee5 ki\u1ec7n tr\u00e0 v\u00e0 c\u00e1c k\u00eanh b\u00e1n l\u1ebb phong c\u00e1ch s\u1ed1ng.<\/p>\n<p data-start=\"1447\" data-end=\"1581\">D\u1ecbch v\u1ee5 OEM v\u00e0 ODM \u0111\u01b0\u1ee3c cung c\u1ea5p, bao g\u1ed3m in logo, t\u00f9y ch\u1ec9nh bao b\u00ec, ph\u00e1t tri\u1ec3n m\u00e0u s\u1eafc v\u00e0 \u0111i\u1ec1u ch\u1ec9nh c\u1ea5u tr\u00fac.<\/p>\n<p data-start=\"1583\" data-end=\"1625\">S\u1ea3n ph\u1ea9m n\u00e0y \u0111\u1eb7c bi\u1ec7t ph\u00f9 h\u1ee3p cho:<\/p>\n<ul data-start=\"1627\" data-end=\"1803\">\n<li data-start=\"1627\" data-end=\"1651\">\n<p data-start=\"1629\" data-end=\"1651\">C\u00e1c th\u01b0\u01a1ng hi\u1ec7u ph\u1ee5 ki\u1ec7n tr\u00e0<\/p>\n<\/li>\n<li data-start=\"1652\" data-end=\"1682\">\n<p data-start=\"1654\" data-end=\"1682\">Nh\u00e0 cung c\u1ea5p qu\u00e0 t\u1eb7ng khuy\u1ebfn m\u00e3i<\/p>\n<\/li>\n<li data-start=\"1683\" data-end=\"1725\">\n<p data-start=\"1685\" data-end=\"1725\">Nh\u00e0 ph\u00e2n ph\u1ed1i \u0111\u1ed3 d\u00f9ng u\u1ed1ng b\u1eb1ng th\u00e9p kh\u00f4ng g\u1ec9<\/p>\n<\/li>\n<li data-start=\"1726\" data-end=\"1765\">\n<p data-start=\"1728\" data-end=\"1765\">Th\u01b0\u01a1ng hi\u1ec7u ri\u00eang cho \u0111\u1ed3 gia d\u1ee5ng v\u00e0 nh\u00e0 b\u1ebfp<\/p>\n<\/li>\n<li data-start=\"1766\" data-end=\"1803\">\n<p data-start=\"1768\" data-end=\"1803\">Nh\u00e0 nh\u1eadp kh\u1ea9u th\u01b0\u01a1ng m\u1ea1i \u0111i\u1ec7n t\u1eed xuy\u00ean bi\u00ean gi\u1edbi<\/p>\n<\/li>\n<\/ul>","protected":false},"excerpt":{"rendered":"<p>Chai tr\u00e0 c\u00e1ch nhi\u1ec7t nh\u1ecf g\u1ecdn v\u1edbi l\u1edbp l\u00f3t th\u00e9p kh\u00f4ng g\u1ec9 SUS316, b\u1ed9 l\u1ecdc tr\u00e0 t\u00edch h\u1ee3p, thi\u1ebft k\u1ebf ch\u1ed1ng r\u00f2 r\u1ec9 v\u00e0 v\u00f2ng n\u00e2ng \u1ea9n. Ph\u00f9 h\u1ee3p cho c\u00e1c d\u1ef1 \u00e1n OEM, nh\u00e3n hi\u1ec7u ri\u00eang v\u00e0 b\u00e1n bu\u00f4n.<\/p>","protected":false},"featured_media":17678,"comment_status":"open","ping_status":"closed","template":"","meta":{"_acf_changed":false},"product_brand":[],"product_cat":[18],"product_tag":[1029],"class_list":{"0":"post-17676","1":"product","2":"type-product","3":"status-publish","4":"has-post-thumbnail","6":"product_cat-insulated-water-bottle","7":"product_tag-stainless-vacuum-water-bottle","9":"first","10":"instock","11":"shipping-taxable","12":"product-type-simple"},"acf":[],"yoast_head":"<!-- This site is optimized with the Yoast SEO Premium plugin v27.6 (Yoast SEO v27.6) - https:\/\/yoast.com\/product\/yoast-seo-premium-wordpress\/ -->\n<title>OEM SUS316 Stainless Steel Tea Infuser Bottle 200ml \/ 280ml - Diller Water Bottle Manufacturer<\/title>\n<meta name=\"description\" content=\"OEM SUS316 insulated tea bottle with infuser, 200\/280ml leak-proof stainless steel thermo cup for wholesale and private label brands.\" \/>\n<meta name=\"robots\" content=\"index, follow, max-snippet:-1, max-image-preview:large, max-video-preview:-1\" \/>\n<link rel=\"canonical\" href=\"https:\/\/www.dillerbottle.com\/vn\/cac-san-pham\/chai-loc-tra-bang-thep-khong-gi-oem-sus316\" \/>\n<meta property=\"og:locale\" content=\"vi_VN\" \/>\n<meta property=\"og:type\" content=\"article\" \/>\n<meta property=\"og:title\" content=\"OEM SUS316 Stainless Steel Tea Infuser Bottle 200ml \/ 280ml\" \/>\n<meta property=\"og:description\" content=\"OEM SUS316 insulated tea bottle with infuser, 200\/280ml leak-proof stainless steel thermo cup for wholesale and private label brands.\" \/>\n<meta property=\"og:url\" content=\"https:\/\/www.dillerbottle.com\/vn\/cac-san-pham\/chai-loc-tra-bang-thep-khong-gi-oem-sus316\" \/>\n<meta property=\"og:site_name\" content=\"Diller Water Bottle Manufacturer\" \/>\n<meta property=\"article:modified_time\" content=\"2026-02-12T06:04:44+00:00\" \/>\n<meta property=\"og:image\" content=\"https:\/\/www.dillerbottle.com\/wp-content\/uploads\/2026\/02\/oemodm-520ml-insulated-food-jar-9310-3.jpg\" \/>\n\t<meta property=\"og:image:width\" content=\"800\" \/>\n\t<meta property=\"og:image:height\" content=\"800\" \/>\n\t<meta property=\"og:image:type\" content=\"image\/jpeg\" \/>\n<meta name=\"twitter:card\" content=\"summary_large_image\" \/>\n<meta name=\"twitter:label1\" content=\"\u01af\u1edbc t\u00ednh th\u1eddi gian \u0111\u1ecdc\" \/>\n\t<meta name=\"twitter:data1\" content=\"4 ph\u00fat\" \/>\n<script type=\"application\/ld+json\" class=\"yoast-schema-graph\">{\"@context\":\"https:\\\/\\\/schema.org\",\"@graph\":[{\"@type\":\"WebPage\",\"@id\":\"https:\\\/\\\/www.dillerbottle.com\\\/products\\\/oem-sus316-stainless-steel-tea-infuser-bottle\",\"url\":\"https:\\\/\\\/www.dillerbottle.com\\\/products\\\/oem-sus316-stainless-steel-tea-infuser-bottle\",\"name\":\"OEM SUS316 Stainless Steel Tea Infuser Bottle 200ml \\\/ 280ml - Diller Water Bottle Manufacturer\",\"isPartOf\":{\"@id\":\"https:\\\/\\\/www.dillerbottle.com\\\/#website\"},\"primaryImageOfPage\":{\"@id\":\"https:\\\/\\\/www.dillerbottle.com\\\/products\\\/oem-sus316-stainless-steel-tea-infuser-bottle#primaryimage\"},\"image\":{\"@id\":\"https:\\\/\\\/www.dillerbottle.com\\\/products\\\/oem-sus316-stainless-steel-tea-infuser-bottle#primaryimage\"},\"thumbnailUrl\":\"https:\\\/\\\/www.dillerbottle.com\\\/wp-content\\\/uploads\\\/2026\\\/02\\\/oemodm-520ml-insulated-food-jar-9310-3.jpg\",\"datePublished\":\"2026-02-12T05:48:27+00:00\",\"dateModified\":\"2026-02-12T06:04:44+00:00\",\"description\":\"OEM SUS316 insulated tea bottle with infuser, 200\\\/280ml leak-proof stainless steel thermo cup for wholesale and private label brands.\",\"breadcrumb\":{\"@id\":\"https:\\\/\\\/www.dillerbottle.com\\\/products\\\/oem-sus316-stainless-steel-tea-infuser-bottle#breadcrumb\"},\"inLanguage\":\"vi\",\"potentialAction\":[{\"@type\":\"ReadAction\",\"target\":[\"https:\\\/\\\/www.dillerbottle.com\\\/products\\\/oem-sus316-stainless-steel-tea-infuser-bottle\"]}]},{\"@type\":\"ImageObject\",\"inLanguage\":\"vi\",\"@id\":\"https:\\\/\\\/www.dillerbottle.com\\\/products\\\/oem-sus316-stainless-steel-tea-infuser-bottle#primaryimage\",\"url\":\"https:\\\/\\\/www.dillerbottle.com\\\/wp-content\\\/uploads\\\/2026\\\/02\\\/oemodm-520ml-insulated-food-jar-9310-3.jpg\",\"contentUrl\":\"https:\\\/\\\/www.dillerbottle.com\\\/wp-content\\\/uploads\\\/2026\\\/02\\\/oemodm-520ml-insulated-food-jar-9310-3.jpg\",\"width\":800,\"height\":800},{\"@type\":\"BreadcrumbList\",\"@id\":\"https:\\\/\\\/www.dillerbottle.com\\\/products\\\/oem-sus316-stainless-steel-tea-infuser-bottle#breadcrumb\",\"itemListElement\":[{\"@type\":\"ListItem\",\"position\":1,\"name\":\"Home\",\"item\":\"https:\\\/\\\/www.dillerbottle.com\\\/\"},{\"@type\":\"ListItem\",\"position\":2,\"name\":\"Products\",\"item\":\"https:\\\/\\\/www.dillerbottle.com\\\/shop\"},{\"@type\":\"ListItem\",\"position\":3,\"name\":\"OEM SUS316 Stainless Steel Tea Infuser Bottle 200ml \\\/ 280ml\"}]},{\"@type\":\"WebSite\",\"@id\":\"https:\\\/\\\/www.dillerbottle.com\\\/#website\",\"url\":\"https:\\\/\\\/www.dillerbottle.com\\\/\",\"name\":\"Diller Water Bottle Manufacturer\",\"description\":\"Water Bottle Manufacturer\",\"publisher\":{\"@id\":\"https:\\\/\\\/www.dillerbottle.com\\\/#organization\"},\"potentialAction\":[{\"@type\":\"SearchAction\",\"target\":{\"@type\":\"EntryPoint\",\"urlTemplate\":\"https:\\\/\\\/www.dillerbottle.com\\\/?s={search_term_string}\"},\"query-input\":{\"@type\":\"PropertyValueSpecification\",\"valueRequired\":true,\"valueName\":\"search_term_string\"}}],\"inLanguage\":\"vi\"},{\"@type\":\"Organization\",\"@id\":\"https:\\\/\\\/www.dillerbottle.com\\\/#organization\",\"name\":\"Diller Water Bottle Manufacturer\",\"url\":\"https:\\\/\\\/www.dillerbottle.com\\\/\",\"logo\":{\"@type\":\"ImageObject\",\"inLanguage\":\"vi\",\"@id\":\"https:\\\/\\\/www.dillerbottle.com\\\/#\\\/schema\\\/logo\\\/image\\\/\",\"url\":\"https:\\\/\\\/www.dillerbottle.com\\\/wp-content\\\/uploads\\\/2024\\\/09\\\/49918bfa848dcc1e9f8b509933603ac.png\",\"contentUrl\":\"https:\\\/\\\/www.dillerbottle.com\\\/wp-content\\\/uploads\\\/2024\\\/09\\\/49918bfa848dcc1e9f8b509933603ac.png\",\"width\":988,\"height\":198,\"caption\":\"Diller Water Bottle Manufacturer\"},\"image\":{\"@id\":\"https:\\\/\\\/www.dillerbottle.com\\\/#\\\/schema\\\/logo\\\/image\\\/\"}}]}<\/script>\n<!-- \/ Yoast SEO Premium plugin. -->","yoast_head_json":{"title":"Chai l\u1ecdc tr\u00e0 b\u1eb1ng th\u00e9p kh\u00f4ng g\u1ec9 SUS316 OEM 200ml \/ 280ml - Nh\u00e0 s\u1ea3n xu\u1ea5t chai n\u01b0\u1edbc Diller","description":"Chai tr\u00e0 c\u00e1ch nhi\u1ec7t OEM SUS316 k\u00e8m b\u1ed9 l\u1ecdc, c\u1ed1c gi\u1eef nhi\u1ec7t th\u00e9p kh\u00f4ng g\u1ec9 ch\u1ed1ng r\u00f2 r\u1ec9 dung t\u00edch 200\/280ml d\u00e0nh cho c\u00e1c th\u01b0\u01a1ng hi\u1ec7u b\u00e1n bu\u00f4n v\u00e0 nh\u00e3n hi\u1ec7u ri\u00eang.","robots":{"index":"index","follow":"follow","max-snippet":"max-snippet:-1","max-image-preview":"max-image-preview:large","max-video-preview":"max-video-preview:-1"},"canonical":"https:\/\/www.dillerbottle.com\/vn\/cac-san-pham\/chai-loc-tra-bang-thep-khong-gi-oem-sus316","og_locale":"vi_VN","og_type":"article","og_title":"OEM SUS316 Stainless Steel Tea Infuser Bottle 200ml \/ 280ml","og_description":"OEM SUS316 insulated tea bottle with infuser, 200\/280ml leak-proof stainless steel thermo cup for wholesale and private label brands.","og_url":"https:\/\/www.dillerbottle.com\/vn\/cac-san-pham\/chai-loc-tra-bang-thep-khong-gi-oem-sus316","og_site_name":"Diller Water Bottle Manufacturer","article_modified_time":"2026-02-12T06:04:44+00:00","og_image":[{"width":800,"height":800,"url":"https:\/\/www.dillerbottle.com\/wp-content\/uploads\/2026\/02\/oemodm-520ml-insulated-food-jar-9310-3.jpg","type":"image\/jpeg"}],"twitter_card":"summary_large_image","twitter_misc":{"\u01af\u1edbc t\u00ednh th\u1eddi gian \u0111\u1ecdc":"4 ph\u00fat"},"schema":{"@context":"https:\/\/schema.org","@graph":[{"@type":"WebPage","@id":"https:\/\/www.dillerbottle.com\/products\/oem-sus316-stainless-steel-tea-infuser-bottle","url":"https:\/\/www.dillerbottle.com\/products\/oem-sus316-stainless-steel-tea-infuser-bottle","name":"Chai l\u1ecdc tr\u00e0 b\u1eb1ng th\u00e9p kh\u00f4ng g\u1ec9 SUS316 OEM 200ml \/ 280ml - Nh\u00e0 s\u1ea3n xu\u1ea5t chai n\u01b0\u1edbc Diller","isPartOf":{"@id":"https:\/\/www.dillerbottle.com\/#website"},"primaryImageOfPage":{"@id":"https:\/\/www.dillerbottle.com\/products\/oem-sus316-stainless-steel-tea-infuser-bottle#primaryimage"},"image":{"@id":"https:\/\/www.dillerbottle.com\/products\/oem-sus316-stainless-steel-tea-infuser-bottle#primaryimage"},"thumbnailUrl":"https:\/\/www.dillerbottle.com\/wp-content\/uploads\/2026\/02\/oemodm-520ml-insulated-food-jar-9310-3.jpg","datePublished":"2026-02-12T05:48:27+00:00","dateModified":"2026-02-12T06:04:44+00:00","description":"Chai tr\u00e0 c\u00e1ch nhi\u1ec7t OEM SUS316 k\u00e8m b\u1ed9 l\u1ecdc, c\u1ed1c gi\u1eef nhi\u1ec7t th\u00e9p kh\u00f4ng g\u1ec9 ch\u1ed1ng r\u00f2 r\u1ec9 dung t\u00edch 200\/280ml d\u00e0nh cho c\u00e1c th\u01b0\u01a1ng hi\u1ec7u b\u00e1n bu\u00f4n v\u00e0 nh\u00e3n hi\u1ec7u ri\u00eang.","breadcrumb":{"@id":"https:\/\/www.dillerbottle.com\/products\/oem-sus316-stainless-steel-tea-infuser-bottle#breadcrumb"},"inLanguage":"vi","potentialAction":[{"@type":"ReadAction","target":["https:\/\/www.dillerbottle.com\/products\/oem-sus316-stainless-steel-tea-infuser-bottle"]}]},{"@type":"ImageObject","inLanguage":"vi","@id":"https:\/\/www.dillerbottle.com\/products\/oem-sus316-stainless-steel-tea-infuser-bottle#primaryimage","url":"https:\/\/www.dillerbottle.com\/wp-content\/uploads\/2026\/02\/oemodm-520ml-insulated-food-jar-9310-3.jpg","contentUrl":"https:\/\/www.dillerbottle.com\/wp-content\/uploads\/2026\/02\/oemodm-520ml-insulated-food-jar-9310-3.jpg","width":800,"height":800},{"@type":"BreadcrumbList","@id":"https:\/\/www.dillerbottle.com\/products\/oem-sus316-stainless-steel-tea-infuser-bottle#breadcrumb","itemListElement":[{"@type":"ListItem","position":1,"name":"Home","item":"https:\/\/www.dillerbottle.com\/"},{"@type":"ListItem","position":2,"name":"Products","item":"https:\/\/www.dillerbottle.com\/shop"},{"@type":"ListItem","position":3,"name":"OEM SUS316 Stainless Steel Tea Infuser Bottle 200ml \/ 280ml"}]},{"@type":"WebSite","@id":"https:\/\/www.dillerbottle.com\/#website","url":"https:\/\/www.dillerbottle.com\/","name":"Nh\u00e0 s\u1ea3n xu\u1ea5t b\u00ecnh n\u01b0\u1edbc Diller","description":"Nh\u00e0 s\u1ea3n xu\u1ea5t b\u00ecnh n\u01b0\u1edbc","publisher":{"@id":"https:\/\/www.dillerbottle.com\/#organization"},"potentialAction":[{"@type":"SearchAction","target":{"@type":"EntryPoint","urlTemplate":"https:\/\/www.dillerbottle.com\/?s={search_term_string}"},"query-input":{"@type":"PropertyValueSpecification","valueRequired":true,"valueName":"search_term_string"}}],"inLanguage":"vi"},{"@type":"Organization","@id":"https:\/\/www.dillerbottle.com\/#organization","name":"Nh\u00e0 s\u1ea3n xu\u1ea5t b\u00ecnh n\u01b0\u1edbc Diller","url":"https:\/\/www.dillerbottle.com\/","logo":{"@type":"ImageObject","inLanguage":"vi","@id":"https:\/\/www.dillerbottle.com\/#\/schema\/logo\/image\/","url":"https:\/\/www.dillerbottle.com\/wp-content\/uploads\/2024\/09\/49918bfa848dcc1e9f8b509933603ac.png","contentUrl":"https:\/\/www.dillerbottle.com\/wp-content\/uploads\/2024\/09\/49918bfa848dcc1e9f8b509933603ac.png","width":988,"height":198,"caption":"Diller Water Bottle Manufacturer"},"image":{"@id":"https:\/\/www.dillerbottle.com\/#\/schema\/logo\/image\/"}}]}},"_links":{"self":[{"href":"https:\/\/www.dillerbottle.com\/vn\/wp-json\/wp\/v2\/product\/17676","targetHints":{"allow":["GET"]}}],"collection":[{"href":"https:\/\/www.dillerbottle.com\/vn\/wp-json\/wp\/v2\/product"}],"about":[{"href":"https:\/\/www.dillerbottle.com\/vn\/wp-json\/wp\/v2\/types\/product"}],"replies":[{"embeddable":true,"href":"https:\/\/www.dillerbottle.com\/vn\/wp-json\/wp\/v2\/comments?post=17676"}],"wp:featuredmedia":[{"embeddable":true,"href":"https:\/\/www.dillerbottle.com\/vn\/wp-json\/wp\/v2\/media\/17678"}],"wp:attachment":[{"href":"https:\/\/www.dillerbottle.com\/vn\/wp-json\/wp\/v2\/media?parent=17676"}],"wp:term":[{"taxonomy":"product_brand","embeddable":true,"href":"https:\/\/www.dillerbottle.com\/vn\/wp-json\/wp\/v2\/product_brand?post=17676"},{"taxonomy":"product_cat","embeddable":true,"href":"https:\/\/www.dillerbottle.com\/vn\/wp-json\/wp\/v2\/product_cat?post=17676"},{"taxonomy":"product_tag","embeddable":true,"href":"https:\/\/www.dillerbottle.com\/vn\/wp-json\/wp\/v2\/product_tag?post=17676"}],"curies":[{"name":"wp","href":"https:\/\/api.w.org\/{rel}","templated":true}]}}