{"id":17709,"date":"2026-02-12T16:13:56","date_gmt":"2026-02-12T08:13:56","guid":{"rendered":"https:\/\/www.dillerbottle.com\/?post_type=product&#038;p=17709"},"modified":"2026-02-12T16:21:54","modified_gmt":"2026-02-12T08:21:54","slug":"chai-giu-nhiet-bang-thep-khong-gi-oem-600ml-voi-nap-uong-doi","status":"publish","type":"product","link":"https:\/\/www.dillerbottle.com\/vn\/products\/oem-600ml-stainless-steel-insulated-bottle-with-dual-drinking-lid","title":{"rendered":"Chai gi\u1eef nhi\u1ec7t b\u1eb1ng th\u00e9p kh\u00f4ng g\u1ec9 OEM 600ml v\u1edbi n\u1eafp u\u1ed1ng hai chi\u1ec1u"},"content":{"rendered":"<p data-start=\"581\" data-end=\"779\">Chai gi\u1eef nhi\u1ec7t DILLER D9312 l\u00e0 m\u1ed9t c\u1ed1c gi\u1eef nhi\u1ec7t b\u1eb1ng th\u00e9p kh\u00f4ng g\u1ec9 dung t\u00edch 600ml, \u0111\u01b0\u1ee3c thi\u1ebft k\u1ebf d\u00e0nh cho c\u00e1c th\u01b0\u01a1ng hi\u1ec7u v\u00e0 nh\u00e0 ph\u00e2n ph\u1ed1i \u0111ang t\u00ecm ki\u1ebfm gi\u1ea3i ph\u00e1p \u0111\u1ed3 u\u1ed1ng OEM \u0111\u00e1ng tin c\u1eady cho c\u00e1c th\u1ecb tr\u01b0\u1eddng phong c\u00e1ch s\u1ed1ng, sinh vi\u00ean v\u00e0 qu\u1ea3ng c\u00e1o.<\/p>\n<p data-start=\"781\" data-end=\"1051\">\u0110\u01b0\u1ee3c ch\u1ebf t\u1ea1o v\u1edbi l\u1edbp l\u00f3t trong b\u1eb1ng th\u00e9p kh\u00f4ng g\u1ec9 SUS304, m\u1eabu s\u1ea3n ph\u1ea9m n\u00e0y \u0111\u1ea3m b\u1ea3o an to\u00e0n khi ti\u1ebfp x\u00fac v\u1edbi th\u1ef1c ph\u1ea9m, kh\u1ea3 n\u0103ng ch\u1ed1ng \u0103n m\u00f2n v\u00e0 \u0111\u1ed9 b\u1ec1n l\u00e2u d\u00e0i. C\u1ea5u tr\u00fac c\u00e1ch nhi\u1ec7t ch\u00e2n kh\u00f4ng hai l\u1edbp gi\u00fap duy tr\u00ec nhi\u1ec7t \u0111\u1ed9 hi\u1ec7u qu\u1ea3 cho c\u1ea3 \u0111\u1ed3 u\u1ed1ng n\u00f3ng v\u00e0 l\u1ea1nh.<\/p>\n<p data-start=\"1053\" data-end=\"1330\">N\u1eafp chai c\u00f3 hai c\u00e1ch s\u1eed d\u1ee5ng, cho ph\u00e9p ng\u01b0\u1eddi d\u00f9ng u\u1ed1ng tr\u1ef1c ti\u1ebfp ho\u1eb7c s\u1eed d\u1ee5ng l\u1ed7 m\u1edf ki\u1ec3u \u1ed1ng h\u00fat, n\u00e2ng cao t\u00ednh n\u0103ng s\u1eed d\u1ee5ng trong c\u00e1c t\u00ecnh hu\u1ed1ng kh\u00e1c nhau. C\u1ea5u tr\u00fac k\u00edn gi\u00fap chai c\u00f3 th\u1ec3 l\u1eadt ng\u01b0\u1ee3c m\u00e0 kh\u00f4ng b\u1ecb r\u00f2 r\u1ec9, \u0111\u1ea3m b\u1ea3o an to\u00e0n khi mang theo trong t\u00fai x\u00e1ch v\u00e0 balo.<\/p>\n<p data-start=\"1332\" data-end=\"1574\">Thi\u1ebft k\u1ebf d\u00e2y \u0111eo ti\u1ec7n l\u1ee3i gi\u00fap t\u0103ng c\u01b0\u1eddng s\u1ef1 ti\u1ec7n l\u1ee3i cho c\u00e1c ho\u1ea1t \u0111\u1ed9ng du l\u1ecbch, h\u1ecdc t\u1eadp, ho\u1ea1t \u0111\u1ed9ng ngo\u00e0i tr\u1eddi v\u00e0 di chuy\u1ec3n h\u00e0ng ng\u00e0y. B\u1ec1 m\u1eb7t b\u00ean ngo\u00e0i h\u1ed7 tr\u1ee3 in logo v\u00e0 t\u00f9y ch\u1ec9nh m\u00e0u s\u1eafc, ph\u00f9 h\u1ee3p cho c\u00e1c d\u1ef1 \u00e1n ph\u00e1t tri\u1ec3n th\u01b0\u01a1ng hi\u1ec7u v\u00e0 nh\u00e3n hi\u1ec7u ri\u00eang.<\/p>\n<p data-start=\"1576\" data-end=\"1600\">M\u00f4 h\u00ecnh n\u00e0y l\u00fd t\u01b0\u1edfng cho:<\/p>\n<ul data-start=\"1602\" data-end=\"1769\">\n<li data-start=\"1602\" data-end=\"1630\">\n<p data-start=\"1604\" data-end=\"1630\">Th\u01b0\u01a1ng hi\u1ec7u \u0111\u1ed3 u\u1ed1ng d\u00e0nh cho sinh vi\u00ean<\/p>\n<\/li>\n<li data-start=\"1631\" data-end=\"1661\">\n<p data-start=\"1633\" data-end=\"1661\">Nh\u00e0 cung c\u1ea5p qu\u00e0 t\u1eb7ng khuy\u1ebfn m\u00e3i<\/p>\n<\/li>\n<li data-start=\"1662\" data-end=\"1695\">\n<p data-start=\"1664\" data-end=\"1695\">Nh\u00e0 ph\u00e2n ph\u1ed1i th\u1ec3 thao v\u00e0 ngo\u00e0i tr\u1eddi<\/p>\n<\/li>\n<li data-start=\"1696\" data-end=\"1732\">\n<p data-start=\"1698\" data-end=\"1732\">C\u00e1c th\u01b0\u01a1ng hi\u1ec7u d\u1ee5ng c\u1ee5 nh\u00e0 b\u1ebfp mang nh\u00e3n hi\u1ec7u ri\u00eang<\/p>\n<\/li>\n<li data-start=\"1733\" data-end=\"1769\">\n<p data-start=\"1735\" data-end=\"1769\">Nh\u00e0 nh\u1eadp kh\u1ea9u chai th\u00e9p kh\u00f4ng g\u1ec9<\/p>\n<\/li>\n<\/ul>\n<p data-start=\"1771\" data-end=\"1903\">D\u1ecbch v\u1ee5 OEM v\u00e0 ODM \u0111\u01b0\u1ee3c cung c\u1ea5p, bao g\u1ed3m in logo, t\u00f9y ch\u1ec9nh bao b\u00ec, \u0111i\u1ec1u ch\u1ec9nh c\u1ea5u tr\u00fac v\u00e0 ph\u00e1t tri\u1ec3n m\u00e0u s\u1eafc.<\/p>","protected":false},"excerpt":{"rendered":"<p>Chai th\u00e9p kh\u00f4ng g\u1ec9 c\u00e1ch nhi\u1ec7t 600ml v\u1edbi hai c\u00e1ch u\u1ed1ng, thi\u1ebft k\u1ebf ch\u1ed1ng r\u00f2 r\u1ec9 v\u00e0 d\u00e2y \u0111eo ti\u1ec7n l\u1ee3i. Ph\u00f9 h\u1ee3p cho c\u00e1c d\u1ef1 \u00e1n OEM, nh\u00e3n hi\u1ec7u ri\u00eang v\u00e0 b\u00e1n bu\u00f4n \u0111\u1ed3 u\u1ed1ng.<\/p>","protected":false},"featured_media":17710,"comment_status":"open","ping_status":"closed","template":"","meta":{"_acf_changed":false},"product_brand":[],"product_cat":[18],"product_tag":[1029],"class_list":{"0":"post-17709","1":"product","2":"type-product","3":"status-publish","4":"has-post-thumbnail","6":"product_cat-insulated-water-bottle","7":"product_tag-stainless-vacuum-water-bottle","9":"first","10":"instock","11":"shipping-taxable","12":"product-type-simple"},"acf":[],"yoast_head":"<!-- This site is optimized with the Yoast SEO Premium plugin v27.4 (Yoast SEO v27.4) - https:\/\/yoast.com\/product\/yoast-seo-premium-wordpress\/ -->\n<title>OEM 600ml Stainless Steel Insulated Bottle with Dual Drinking Lid - Diller Water Bottle Manufacturer<\/title>\n<meta name=\"description\" content=\"OEM 600ml stainless steel insulated bottle with dual drinking lid, leak-proof thermo cup for wholesale and private label brands.\" \/>\n<meta name=\"robots\" content=\"index, follow, max-snippet:-1, max-image-preview:large, max-video-preview:-1\" \/>\n<link rel=\"canonical\" href=\"https:\/\/www.dillerbottle.com\/vn\/cac-san-pham\/chai-giu-nhiet-bang-thep-khong-gi-oem-600ml-voi-nap-uong-doi\" \/>\n<meta property=\"og:locale\" content=\"vi_VN\" \/>\n<meta property=\"og:type\" content=\"article\" \/>\n<meta property=\"og:title\" content=\"OEM 600ml Stainless Steel Insulated Bottle with Dual Drinking Lid\" \/>\n<meta property=\"og:description\" content=\"OEM 600ml stainless steel insulated bottle with dual drinking lid, leak-proof thermo cup for wholesale and private label brands.\" \/>\n<meta property=\"og:url\" content=\"https:\/\/www.dillerbottle.com\/vn\/cac-san-pham\/chai-giu-nhiet-bang-thep-khong-gi-oem-600ml-voi-nap-uong-doi\" \/>\n<meta property=\"og:site_name\" content=\"Diller Water Bottle Manufacturer\" \/>\n<meta property=\"article:modified_time\" content=\"2026-02-12T08:21:54+00:00\" \/>\n<meta property=\"og:image\" content=\"https:\/\/www.dillerbottle.com\/wp-content\/uploads\/2026\/02\/oem-600ml-stainless-steel-insulated-bottle-with-dual-drinking-lid-9312-1.jpg\" \/>\n\t<meta property=\"og:image:width\" content=\"800\" \/>\n\t<meta property=\"og:image:height\" content=\"800\" \/>\n\t<meta property=\"og:image:type\" content=\"image\/jpeg\" \/>\n<meta name=\"twitter:card\" content=\"summary_large_image\" \/>\n<meta name=\"twitter:label1\" content=\"\u01af\u1edbc t\u00ednh th\u1eddi gian \u0111\u1ecdc\" \/>\n\t<meta name=\"twitter:data1\" content=\"4 ph\u00fat\" \/>\n<script type=\"application\/ld+json\" class=\"yoast-schema-graph\">{\"@context\":\"https:\\\/\\\/schema.org\",\"@graph\":[{\"@type\":\"WebPage\",\"@id\":\"https:\\\/\\\/www.dillerbottle.com\\\/products\\\/oem-600ml-stainless-steel-insulated-bottle-with-dual-drinking-lid\",\"url\":\"https:\\\/\\\/www.dillerbottle.com\\\/products\\\/oem-600ml-stainless-steel-insulated-bottle-with-dual-drinking-lid\",\"name\":\"OEM 600ml Stainless Steel Insulated Bottle with Dual Drinking Lid - Diller Water Bottle Manufacturer\",\"isPartOf\":{\"@id\":\"https:\\\/\\\/www.dillerbottle.com\\\/#website\"},\"primaryImageOfPage\":{\"@id\":\"https:\\\/\\\/www.dillerbottle.com\\\/products\\\/oem-600ml-stainless-steel-insulated-bottle-with-dual-drinking-lid#primaryimage\"},\"image\":{\"@id\":\"https:\\\/\\\/www.dillerbottle.com\\\/products\\\/oem-600ml-stainless-steel-insulated-bottle-with-dual-drinking-lid#primaryimage\"},\"thumbnailUrl\":\"https:\\\/\\\/www.dillerbottle.com\\\/wp-content\\\/uploads\\\/2026\\\/02\\\/oem-600ml-stainless-steel-insulated-bottle-with-dual-drinking-lid-9312-1.jpg\",\"datePublished\":\"2026-02-12T08:13:56+00:00\",\"dateModified\":\"2026-02-12T08:21:54+00:00\",\"description\":\"OEM 600ml stainless steel insulated bottle with dual drinking lid, leak-proof thermo cup for wholesale and private label brands.\",\"breadcrumb\":{\"@id\":\"https:\\\/\\\/www.dillerbottle.com\\\/products\\\/oem-600ml-stainless-steel-insulated-bottle-with-dual-drinking-lid#breadcrumb\"},\"inLanguage\":\"vi\",\"potentialAction\":[{\"@type\":\"ReadAction\",\"target\":[\"https:\\\/\\\/www.dillerbottle.com\\\/products\\\/oem-600ml-stainless-steel-insulated-bottle-with-dual-drinking-lid\"]}]},{\"@type\":\"ImageObject\",\"inLanguage\":\"vi\",\"@id\":\"https:\\\/\\\/www.dillerbottle.com\\\/products\\\/oem-600ml-stainless-steel-insulated-bottle-with-dual-drinking-lid#primaryimage\",\"url\":\"https:\\\/\\\/www.dillerbottle.com\\\/wp-content\\\/uploads\\\/2026\\\/02\\\/oem-600ml-stainless-steel-insulated-bottle-with-dual-drinking-lid-9312-1.jpg\",\"contentUrl\":\"https:\\\/\\\/www.dillerbottle.com\\\/wp-content\\\/uploads\\\/2026\\\/02\\\/oem-600ml-stainless-steel-insulated-bottle-with-dual-drinking-lid-9312-1.jpg\",\"width\":800,\"height\":800},{\"@type\":\"BreadcrumbList\",\"@id\":\"https:\\\/\\\/www.dillerbottle.com\\\/products\\\/oem-600ml-stainless-steel-insulated-bottle-with-dual-drinking-lid#breadcrumb\",\"itemListElement\":[{\"@type\":\"ListItem\",\"position\":1,\"name\":\"Home\",\"item\":\"https:\\\/\\\/www.dillerbottle.com\\\/\"},{\"@type\":\"ListItem\",\"position\":2,\"name\":\"Products\",\"item\":\"https:\\\/\\\/www.dillerbottle.com\\\/shop\"},{\"@type\":\"ListItem\",\"position\":3,\"name\":\"OEM 600ml Stainless Steel Insulated Bottle with Dual Drinking Lid\"}]},{\"@type\":\"WebSite\",\"@id\":\"https:\\\/\\\/www.dillerbottle.com\\\/#website\",\"url\":\"https:\\\/\\\/www.dillerbottle.com\\\/\",\"name\":\"Diller Water Bottle Manufacturer\",\"description\":\"Water Bottle Manufacturer\",\"publisher\":{\"@id\":\"https:\\\/\\\/www.dillerbottle.com\\\/#organization\"},\"potentialAction\":[{\"@type\":\"SearchAction\",\"target\":{\"@type\":\"EntryPoint\",\"urlTemplate\":\"https:\\\/\\\/www.dillerbottle.com\\\/?s={search_term_string}\"},\"query-input\":{\"@type\":\"PropertyValueSpecification\",\"valueRequired\":true,\"valueName\":\"search_term_string\"}}],\"inLanguage\":\"vi\"},{\"@type\":\"Organization\",\"@id\":\"https:\\\/\\\/www.dillerbottle.com\\\/#organization\",\"name\":\"Diller Water Bottle Manufacturer\",\"url\":\"https:\\\/\\\/www.dillerbottle.com\\\/\",\"logo\":{\"@type\":\"ImageObject\",\"inLanguage\":\"vi\",\"@id\":\"https:\\\/\\\/www.dillerbottle.com\\\/#\\\/schema\\\/logo\\\/image\\\/\",\"url\":\"https:\\\/\\\/www.dillerbottle.com\\\/wp-content\\\/uploads\\\/2024\\\/09\\\/49918bfa848dcc1e9f8b509933603ac.png\",\"contentUrl\":\"https:\\\/\\\/www.dillerbottle.com\\\/wp-content\\\/uploads\\\/2024\\\/09\\\/49918bfa848dcc1e9f8b509933603ac.png\",\"width\":988,\"height\":198,\"caption\":\"Diller Water Bottle Manufacturer\"},\"image\":{\"@id\":\"https:\\\/\\\/www.dillerbottle.com\\\/#\\\/schema\\\/logo\\\/image\\\/\"}}]}<\/script>\n<!-- \/ Yoast SEO Premium plugin. -->","yoast_head_json":{"title":"Chai n\u01b0\u1edbc inox c\u00e1ch nhi\u1ec7t OEM 600ml v\u1edbi n\u1eafp u\u1ed1ng \u0111\u00f4i - Nh\u00e0 s\u1ea3n xu\u1ea5t chai n\u01b0\u1edbc Diller","description":"Chai gi\u1eef nhi\u1ec7t b\u1eb1ng th\u00e9p kh\u00f4ng g\u1ec9 OEM 600ml v\u1edbi n\u1eafp u\u1ed1ng \u0111\u00f4i, c\u1ed1c gi\u1eef nhi\u1ec7t ch\u1ed1ng r\u00f2 r\u1ec9 d\u00e0nh cho c\u00e1c th\u01b0\u01a1ng hi\u1ec7u b\u00e1n bu\u00f4n v\u00e0 nh\u00e3n hi\u1ec7u ri\u00eang.","robots":{"index":"index","follow":"follow","max-snippet":"max-snippet:-1","max-image-preview":"max-image-preview:large","max-video-preview":"max-video-preview:-1"},"canonical":"https:\/\/www.dillerbottle.com\/vn\/cac-san-pham\/chai-giu-nhiet-bang-thep-khong-gi-oem-600ml-voi-nap-uong-doi","og_locale":"vi_VN","og_type":"article","og_title":"OEM 600ml Stainless Steel Insulated Bottle with Dual Drinking Lid","og_description":"OEM 600ml stainless steel insulated bottle with dual drinking lid, leak-proof thermo cup for wholesale and private label brands.","og_url":"https:\/\/www.dillerbottle.com\/vn\/cac-san-pham\/chai-giu-nhiet-bang-thep-khong-gi-oem-600ml-voi-nap-uong-doi","og_site_name":"Diller Water Bottle Manufacturer","article_modified_time":"2026-02-12T08:21:54+00:00","og_image":[{"width":800,"height":800,"url":"https:\/\/www.dillerbottle.com\/wp-content\/uploads\/2026\/02\/oem-600ml-stainless-steel-insulated-bottle-with-dual-drinking-lid-9312-1.jpg","type":"image\/jpeg"}],"twitter_card":"summary_large_image","twitter_misc":{"\u01af\u1edbc t\u00ednh th\u1eddi gian \u0111\u1ecdc":"4 ph\u00fat"},"schema":{"@context":"https:\/\/schema.org","@graph":[{"@type":"WebPage","@id":"https:\/\/www.dillerbottle.com\/products\/oem-600ml-stainless-steel-insulated-bottle-with-dual-drinking-lid","url":"https:\/\/www.dillerbottle.com\/products\/oem-600ml-stainless-steel-insulated-bottle-with-dual-drinking-lid","name":"Chai n\u01b0\u1edbc inox c\u00e1ch nhi\u1ec7t OEM 600ml v\u1edbi n\u1eafp u\u1ed1ng \u0111\u00f4i - Nh\u00e0 s\u1ea3n xu\u1ea5t chai n\u01b0\u1edbc Diller","isPartOf":{"@id":"https:\/\/www.dillerbottle.com\/#website"},"primaryImageOfPage":{"@id":"https:\/\/www.dillerbottle.com\/products\/oem-600ml-stainless-steel-insulated-bottle-with-dual-drinking-lid#primaryimage"},"image":{"@id":"https:\/\/www.dillerbottle.com\/products\/oem-600ml-stainless-steel-insulated-bottle-with-dual-drinking-lid#primaryimage"},"thumbnailUrl":"https:\/\/www.dillerbottle.com\/wp-content\/uploads\/2026\/02\/oem-600ml-stainless-steel-insulated-bottle-with-dual-drinking-lid-9312-1.jpg","datePublished":"2026-02-12T08:13:56+00:00","dateModified":"2026-02-12T08:21:54+00:00","description":"Chai gi\u1eef nhi\u1ec7t b\u1eb1ng th\u00e9p kh\u00f4ng g\u1ec9 OEM 600ml v\u1edbi n\u1eafp u\u1ed1ng \u0111\u00f4i, c\u1ed1c gi\u1eef nhi\u1ec7t ch\u1ed1ng r\u00f2 r\u1ec9 d\u00e0nh cho c\u00e1c th\u01b0\u01a1ng hi\u1ec7u b\u00e1n bu\u00f4n v\u00e0 nh\u00e3n hi\u1ec7u ri\u00eang.","breadcrumb":{"@id":"https:\/\/www.dillerbottle.com\/products\/oem-600ml-stainless-steel-insulated-bottle-with-dual-drinking-lid#breadcrumb"},"inLanguage":"vi","potentialAction":[{"@type":"ReadAction","target":["https:\/\/www.dillerbottle.com\/products\/oem-600ml-stainless-steel-insulated-bottle-with-dual-drinking-lid"]}]},{"@type":"ImageObject","inLanguage":"vi","@id":"https:\/\/www.dillerbottle.com\/products\/oem-600ml-stainless-steel-insulated-bottle-with-dual-drinking-lid#primaryimage","url":"https:\/\/www.dillerbottle.com\/wp-content\/uploads\/2026\/02\/oem-600ml-stainless-steel-insulated-bottle-with-dual-drinking-lid-9312-1.jpg","contentUrl":"https:\/\/www.dillerbottle.com\/wp-content\/uploads\/2026\/02\/oem-600ml-stainless-steel-insulated-bottle-with-dual-drinking-lid-9312-1.jpg","width":800,"height":800},{"@type":"BreadcrumbList","@id":"https:\/\/www.dillerbottle.com\/products\/oem-600ml-stainless-steel-insulated-bottle-with-dual-drinking-lid#breadcrumb","itemListElement":[{"@type":"ListItem","position":1,"name":"Home","item":"https:\/\/www.dillerbottle.com\/"},{"@type":"ListItem","position":2,"name":"Products","item":"https:\/\/www.dillerbottle.com\/shop"},{"@type":"ListItem","position":3,"name":"OEM 600ml Stainless Steel Insulated Bottle with Dual Drinking Lid"}]},{"@type":"WebSite","@id":"https:\/\/www.dillerbottle.com\/#website","url":"https:\/\/www.dillerbottle.com\/","name":"Nh\u00e0 s\u1ea3n xu\u1ea5t b\u00ecnh n\u01b0\u1edbc Diller","description":"Nh\u00e0 s\u1ea3n xu\u1ea5t b\u00ecnh n\u01b0\u1edbc","publisher":{"@id":"https:\/\/www.dillerbottle.com\/#organization"},"potentialAction":[{"@type":"SearchAction","target":{"@type":"EntryPoint","urlTemplate":"https:\/\/www.dillerbottle.com\/?s={search_term_string}"},"query-input":{"@type":"PropertyValueSpecification","valueRequired":true,"valueName":"search_term_string"}}],"inLanguage":"vi"},{"@type":"Organization","@id":"https:\/\/www.dillerbottle.com\/#organization","name":"Nh\u00e0 s\u1ea3n xu\u1ea5t b\u00ecnh n\u01b0\u1edbc Diller","url":"https:\/\/www.dillerbottle.com\/","logo":{"@type":"ImageObject","inLanguage":"vi","@id":"https:\/\/www.dillerbottle.com\/#\/schema\/logo\/image\/","url":"https:\/\/www.dillerbottle.com\/wp-content\/uploads\/2024\/09\/49918bfa848dcc1e9f8b509933603ac.png","contentUrl":"https:\/\/www.dillerbottle.com\/wp-content\/uploads\/2024\/09\/49918bfa848dcc1e9f8b509933603ac.png","width":988,"height":198,"caption":"Diller Water Bottle Manufacturer"},"image":{"@id":"https:\/\/www.dillerbottle.com\/#\/schema\/logo\/image\/"}}]}},"_links":{"self":[{"href":"https:\/\/www.dillerbottle.com\/vn\/wp-json\/wp\/v2\/product\/17709","targetHints":{"allow":["GET"]}}],"collection":[{"href":"https:\/\/www.dillerbottle.com\/vn\/wp-json\/wp\/v2\/product"}],"about":[{"href":"https:\/\/www.dillerbottle.com\/vn\/wp-json\/wp\/v2\/types\/product"}],"replies":[{"embeddable":true,"href":"https:\/\/www.dillerbottle.com\/vn\/wp-json\/wp\/v2\/comments?post=17709"}],"wp:featuredmedia":[{"embeddable":true,"href":"https:\/\/www.dillerbottle.com\/vn\/wp-json\/wp\/v2\/media\/17710"}],"wp:attachment":[{"href":"https:\/\/www.dillerbottle.com\/vn\/wp-json\/wp\/v2\/media?parent=17709"}],"wp:term":[{"taxonomy":"product_brand","embeddable":true,"href":"https:\/\/www.dillerbottle.com\/vn\/wp-json\/wp\/v2\/product_brand?post=17709"},{"taxonomy":"product_cat","embeddable":true,"href":"https:\/\/www.dillerbottle.com\/vn\/wp-json\/wp\/v2\/product_cat?post=17709"},{"taxonomy":"product_tag","embeddable":true,"href":"https:\/\/www.dillerbottle.com\/vn\/wp-json\/wp\/v2\/product_tag?post=17709"}],"curies":[{"name":"wp","href":"https:\/\/api.w.org\/{rel}","templated":true}]}}