{"id":1967,"date":"2024-09-24T17:44:41","date_gmt":"2024-09-24T09:44:41","guid":{"rendered":"https:\/\/demo.dillerbottle.com\/product\/thermos-coffee-mug"},"modified":"2025-07-10T16:09:04","modified_gmt":"2025-07-10T08:09:04","slug":"coc-ca-phe-giu-nhiet","status":"publish","type":"product","link":"https:\/\/www.dillerbottle.com\/vn\/products\/thermos-coffee-mug","title":{"rendered":"C\u1ed1c c\u00e0 ph\u00ea Thermos"},"content":{"rendered":"<p>\u0110\u1eb7c \u0111i\u1ec3m: 1. C\u1ed1c c\u00e0 ph\u00ea Thermos \u0111\u01b0\u1ee3c l\u00e0m b\u1eb1ng th\u00e9p kh\u00f4ng g\u1ec9 304 ch\u1ea5t l\u01b0\u1ee3ng cao, ho\u00e0n to\u00e0n kh\u00f4ng c\u00f3 m\u00f9i v\u1ecb, ch\u1ed1ng g\u1ec9, ch\u1ed1ng r\u00f2 r\u1ec9. N\u1eafp \u0111\u01b0\u1ee3c l\u00e0m b\u1eb1ng silicon c\u1ea5p th\u1ef1c ph\u1ea9m, kh\u00f4ng ch\u1ee9a BPA, \u0111\u1ea3m b\u1ea3o \u0111\u1ed9 b\u1ec1n cao.<br \/>\n2. N\u1eafp c\u1ed1c c\u00e0 ph\u00ea Thermos c\u00f3 l\u1edbp \u0111\u1ec7m silicon k\u00edn kh\u00ed gi\u00fap \u0111\u1ed3 u\u1ed1ng kh\u00f4ng b\u1ecb \u0111\u1ed5. L\u1ed7 th\u00f4ng h\u01a1i tr\u00ean n\u1eafp cho ph\u00e9p \u0111\u1ed3 u\u1ed1ng ch\u1ea3y ra d\u1ec5 d\u00e0ng, kh\u00f4ng b\u1ecb tr\u00e0o ra ngo\u00e0i. Thi\u1ebft k\u1ebf cao su \u1edf \u0111\u00e1y gi\u00fap c\u1ed1c kh\u00f4ng b\u1ecb tr\u01b0\u1ee3t ho\u1eb7c \u0111\u1ed5.<br \/>\n3. Dung t\u00edch 12oz \/ 15.2, nh\u1ecf v\u00e0 \u0111\u1eb9p, d\u1ec5 mang theo. Thi\u1ebft k\u1ebf th\u00e2n h\u1eb9p gi\u00fap d\u1ec5 d\u00e0ng c\u1ea7m n\u1eafm v\u00e0 mang \u0111i, c\u0169ng ph\u00f9 h\u1ee3p v\u1edbi h\u1ea7u h\u1ebft c\u00e1c gi\u00e1 \u0111\u1ec3 c\u1ed1c v\u00e0 m\u00e1y pha c\u00e0 ph\u00ea tr\u00ean \u00f4 t\u00f4.<br \/>\n4. L\u1edbp c\u00e1ch nhi\u1ec7t hai l\u1edbp duy tr\u00ec nhi\u1ec7t \u0111\u1ed9 b\u00ean trong b\u1ea5t k\u1ec3 nhi\u1ec7t \u0111\u1ed9 b\u00ean ngo\u00e0i. C\u1ed1c c\u00e0 ph\u00ea gi\u1eef nhi\u1ec7t ch\u1ed1ng r\u00f2 r\u1ec9 n\u00e0y \u0111\u1ea3m b\u1ea3o gi\u1eef \u0111\u1ed3 u\u1ed1ng c\u1ee7a b\u1ea1n N\u00d3NG trong 6 gi\u1edd ho\u1eb7c L\u1ea0NH trong 8 gi\u1edd.<\/p>","protected":false},"excerpt":{"rendered":"<p>C\u1ed1c \u0111\u1ef1ng c\u00e0 ph\u00ea Thermos \u0111\u01b0\u1ee3c l\u00e0m b\u1eb1ng th\u00e9p kh\u00f4ng g\u1ec9 304 ch\u1ea5t l\u01b0\u1ee3ng cao, ho\u00e0n to\u00e0n kh\u00f4ng c\u00f3 m\u00f9i v\u1ecb, ch\u1ed1ng g\u1ec9, ch\u1ed1ng r\u00f2 r\u1ec9.<br \/>\nL\u1edbp c\u00e1ch nhi\u1ec7t hai l\u1edbp gi\u00fap duy tr\u00ec nhi\u1ec7t \u0111\u1ed9 b\u00ean trong b\u1ea5t k\u1ec3 nhi\u1ec7t \u0111\u1ed9 b\u00ean ngo\u00e0i.<br \/>\nC\u1ed1c \u0111\u1ef1ng c\u00e0 ph\u00ea gi\u1eef nhi\u1ec7t ch\u1ed1ng r\u00f2 r\u1ec9 n\u00e0y \u0111\u1ea3m b\u1ea3o gi\u1eef \u0111\u01b0\u1ee3c \u0111\u1ed3 u\u1ed1ng N\u00d3NG trong 6 gi\u1edd ho\u1eb7c L\u1ea0NH trong 8 gi\u1edd.<br \/>\nDung t\u00edch 12oz \/ 15.2, nh\u1ecf v\u00e0 \u0111\u1eb9p, d\u1ec5 mang theo. Thi\u1ebft k\u1ebf th\u00e2n h\u1eb9p gi\u00fap d\u1ec5 d\u00e0ng c\u1ea7m v\u00e0 mang \u0111i, c\u0169ng ph\u00f9 h\u1ee3p v\u1edbi h\u1ea7u h\u1ebft c\u00e1c gi\u00e1 \u0111\u1ec3 c\u1ed1c v\u00e0 m\u00e1y pha c\u00e0 ph\u00ea tr\u00ean \u00f4 t\u00f4.<\/p>","protected":false},"featured_media":1968,"comment_status":"open","ping_status":"closed","template":"","meta":{"_acf_changed":false},"product_brand":[],"product_cat":[46],"product_tag":[32,36,33,31,39,38,29,37,34,35,28,58,30],"class_list":{"0":"post-1967","1":"product","2":"type-product","3":"status-publish","4":"has-post-thumbnail","6":"product_cat-cup","7":"product_tag-best","8":"product_tag-bulk","9":"product_tag-buy","10":"product_tag-custom","11":"product_tag-for-sale","12":"product_tag-good-quality","13":"product_tag-manufacturers","14":"product_tag-manufacturing","15":"product_tag-price","16":"product_tag-small","17":"product_tag-suppliers","18":"product_tag-thermos-coffee-mug","19":"product_tag-wholesale","21":"first","22":"instock","23":"shipping-taxable","24":"product-type-simple"},"acf":[],"yoast_head":"<!-- This site is optimized with the Yoast SEO Premium plugin v27.5 (Yoast SEO v27.5) - https:\/\/yoast.com\/product\/yoast-seo-premium-wordpress\/ -->\n<title>Thermos Coffee Mug - Diller Water Bottle Manufacturer<\/title>\n<meta name=\"description\" content=\"As one of the best Thermos Coffee Mug manufacturers and suppliers, we are engaged in manufacturing good quality water bottles. We warmly welcome you to wholesale or buy custom made Thermos Coffee Mug at competitive price from us. Also, small quantity orders are acceptable.\" \/>\n<meta name=\"robots\" content=\"index, follow, max-snippet:-1, max-image-preview:large, max-video-preview:-1\" \/>\n<link rel=\"canonical\" href=\"https:\/\/www.dillerbottle.com\/vn\/cac-san-pham\/coc-ca-phe-giu-nhiet\" \/>\n<meta property=\"og:locale\" content=\"vi_VN\" \/>\n<meta property=\"og:type\" content=\"article\" \/>\n<meta property=\"og:title\" content=\"Thermos Coffee Mug\" \/>\n<meta property=\"og:description\" content=\"As one of the best Thermos Coffee Mug manufacturers and suppliers, we are engaged in manufacturing good quality water bottles. We warmly welcome you to wholesale or buy custom made Thermos Coffee Mug at competitive price from us. Also, small quantity orders are acceptable.\" \/>\n<meta property=\"og:url\" content=\"https:\/\/www.dillerbottle.com\/vn\/cac-san-pham\/coc-ca-phe-giu-nhiet\" \/>\n<meta property=\"og:site_name\" content=\"Diller Water Bottle Manufacturer\" \/>\n<meta property=\"article:modified_time\" content=\"2025-07-10T08:09:04+00:00\" \/>\n<meta property=\"og:image\" content=\"https:\/\/www.dillerbottle.com\/wp-content\/uploads\/2024\/09\/kid-stainless-steel-mug10299814322.jpg\" \/>\n\t<meta property=\"og:image:width\" content=\"730\" \/>\n\t<meta property=\"og:image:height\" content=\"730\" \/>\n\t<meta property=\"og:image:type\" content=\"image\/jpeg\" \/>\n<meta name=\"twitter:card\" content=\"summary_large_image\" \/>\n<meta name=\"twitter:label1\" content=\"\u01af\u1edbc t\u00ednh th\u1eddi gian \u0111\u1ecdc\" \/>\n\t<meta name=\"twitter:data1\" content=\"2 ph\u00fat\" \/>\n<script type=\"application\/ld+json\" class=\"yoast-schema-graph\">{\"@context\":\"https:\\\/\\\/schema.org\",\"@graph\":[{\"@type\":\"WebPage\",\"@id\":\"https:\\\/\\\/www.dillerbottle.com\\\/products\\\/thermos-coffee-mug\",\"url\":\"https:\\\/\\\/www.dillerbottle.com\\\/products\\\/thermos-coffee-mug\",\"name\":\"Thermos Coffee Mug - Diller Water Bottle Manufacturer\",\"isPartOf\":{\"@id\":\"https:\\\/\\\/www.dillerbottle.com\\\/#website\"},\"primaryImageOfPage\":{\"@id\":\"https:\\\/\\\/www.dillerbottle.com\\\/products\\\/thermos-coffee-mug#primaryimage\"},\"image\":{\"@id\":\"https:\\\/\\\/www.dillerbottle.com\\\/products\\\/thermos-coffee-mug#primaryimage\"},\"thumbnailUrl\":\"https:\\\/\\\/www.dillerbottle.com\\\/wp-content\\\/uploads\\\/2024\\\/09\\\/kid-stainless-steel-mug10299814322.jpg\",\"datePublished\":\"2024-09-24T09:44:41+00:00\",\"dateModified\":\"2025-07-10T08:09:04+00:00\",\"description\":\"As one of the best Thermos Coffee Mug manufacturers and suppliers, we are engaged in manufacturing good quality water bottles. We warmly welcome you to wholesale or buy custom made Thermos Coffee Mug at competitive price from us. Also, small quantity orders are acceptable.\",\"breadcrumb\":{\"@id\":\"https:\\\/\\\/www.dillerbottle.com\\\/products\\\/thermos-coffee-mug#breadcrumb\"},\"inLanguage\":\"vi\",\"potentialAction\":[{\"@type\":\"ReadAction\",\"target\":[\"https:\\\/\\\/www.dillerbottle.com\\\/products\\\/thermos-coffee-mug\"]}]},{\"@type\":\"ImageObject\",\"inLanguage\":\"vi\",\"@id\":\"https:\\\/\\\/www.dillerbottle.com\\\/products\\\/thermos-coffee-mug#primaryimage\",\"url\":\"https:\\\/\\\/www.dillerbottle.com\\\/wp-content\\\/uploads\\\/2024\\\/09\\\/kid-stainless-steel-mug10299814322.jpg\",\"contentUrl\":\"https:\\\/\\\/www.dillerbottle.com\\\/wp-content\\\/uploads\\\/2024\\\/09\\\/kid-stainless-steel-mug10299814322.jpg\",\"width\":730,\"height\":730},{\"@type\":\"BreadcrumbList\",\"@id\":\"https:\\\/\\\/www.dillerbottle.com\\\/products\\\/thermos-coffee-mug#breadcrumb\",\"itemListElement\":[{\"@type\":\"ListItem\",\"position\":1,\"name\":\"Home\",\"item\":\"https:\\\/\\\/www.dillerbottle.com\\\/\"},{\"@type\":\"ListItem\",\"position\":2,\"name\":\"Products\",\"item\":\"https:\\\/\\\/www.dillerbottle.com\\\/shop\"},{\"@type\":\"ListItem\",\"position\":3,\"name\":\"Thermos Coffee Mug\"}]},{\"@type\":\"WebSite\",\"@id\":\"https:\\\/\\\/www.dillerbottle.com\\\/#website\",\"url\":\"https:\\\/\\\/www.dillerbottle.com\\\/\",\"name\":\"Diller Water Bottle Manufacturer\",\"description\":\"Water Bottle Manufacturer\",\"publisher\":{\"@id\":\"https:\\\/\\\/www.dillerbottle.com\\\/#organization\"},\"potentialAction\":[{\"@type\":\"SearchAction\",\"target\":{\"@type\":\"EntryPoint\",\"urlTemplate\":\"https:\\\/\\\/www.dillerbottle.com\\\/?s={search_term_string}\"},\"query-input\":{\"@type\":\"PropertyValueSpecification\",\"valueRequired\":true,\"valueName\":\"search_term_string\"}}],\"inLanguage\":\"vi\"},{\"@type\":\"Organization\",\"@id\":\"https:\\\/\\\/www.dillerbottle.com\\\/#organization\",\"name\":\"Diller Water Bottle Manufacturer\",\"url\":\"https:\\\/\\\/www.dillerbottle.com\\\/\",\"logo\":{\"@type\":\"ImageObject\",\"inLanguage\":\"vi\",\"@id\":\"https:\\\/\\\/www.dillerbottle.com\\\/#\\\/schema\\\/logo\\\/image\\\/\",\"url\":\"https:\\\/\\\/www.dillerbottle.com\\\/wp-content\\\/uploads\\\/2024\\\/09\\\/49918bfa848dcc1e9f8b509933603ac.png\",\"contentUrl\":\"https:\\\/\\\/www.dillerbottle.com\\\/wp-content\\\/uploads\\\/2024\\\/09\\\/49918bfa848dcc1e9f8b509933603ac.png\",\"width\":988,\"height\":198,\"caption\":\"Diller Water Bottle Manufacturer\"},\"image\":{\"@id\":\"https:\\\/\\\/www.dillerbottle.com\\\/#\\\/schema\\\/logo\\\/image\\\/\"}}]}<\/script>\n<!-- \/ Yoast SEO Premium plugin. -->","yoast_head_json":{"title":"C\u1ed1c c\u00e0 ph\u00ea Thermos - Nh\u00e0 s\u1ea3n xu\u1ea5t b\u00ecnh n\u01b0\u1edbc Diller","description":"L\u00e0 m\u1ed9t trong nh\u1eefng nh\u00e0 s\u1ea3n xu\u1ea5t v\u00e0 cung c\u1ea5p C\u1ed1c c\u00e0 ph\u00ea Thermos t\u1ed1t nh\u1ea5t, ch\u00fang t\u00f4i tham gia s\u1ea3n xu\u1ea5t b\u00ecnh \u0111\u1ef1ng n\u01b0\u1edbc ch\u1ea5t l\u01b0\u1ee3ng t\u1ed1t. Ch\u00fang t\u00f4i n\u1ed3ng nhi\u1ec7t ch\u00e0o \u0111\u00f3n b\u1ea1n \u0111\u1ebfn b\u00e1n bu\u00f4n ho\u1eb7c mua C\u1ed1c c\u00e0 ph\u00ea Thermos t\u00f9y ch\u1ec9nh v\u1edbi gi\u00e1 c\u1ea1nh tranh t\u1eeb ch\u00fang t\u00f4i. Ngo\u00e0i ra, ch\u00fang t\u00f4i c\u0169ng ch\u1ea5p nh\u1eadn \u0111\u01a1n \u0111\u1eb7t h\u00e0ng s\u1ed1 l\u01b0\u1ee3ng nh\u1ecf.","robots":{"index":"index","follow":"follow","max-snippet":"max-snippet:-1","max-image-preview":"max-image-preview:large","max-video-preview":"max-video-preview:-1"},"canonical":"https:\/\/www.dillerbottle.com\/vn\/cac-san-pham\/coc-ca-phe-giu-nhiet","og_locale":"vi_VN","og_type":"article","og_title":"Thermos Coffee Mug","og_description":"As one of the best Thermos Coffee Mug manufacturers and suppliers, we are engaged in manufacturing good quality water bottles. We warmly welcome you to wholesale or buy custom made Thermos Coffee Mug at competitive price from us. Also, small quantity orders are acceptable.","og_url":"https:\/\/www.dillerbottle.com\/vn\/cac-san-pham\/coc-ca-phe-giu-nhiet","og_site_name":"Diller Water Bottle Manufacturer","article_modified_time":"2025-07-10T08:09:04+00:00","og_image":[{"width":730,"height":730,"url":"https:\/\/www.dillerbottle.com\/wp-content\/uploads\/2024\/09\/kid-stainless-steel-mug10299814322.jpg","type":"image\/jpeg"}],"twitter_card":"summary_large_image","twitter_misc":{"\u01af\u1edbc t\u00ednh th\u1eddi gian \u0111\u1ecdc":"2 ph\u00fat"},"schema":{"@context":"https:\/\/schema.org","@graph":[{"@type":"WebPage","@id":"https:\/\/www.dillerbottle.com\/products\/thermos-coffee-mug","url":"https:\/\/www.dillerbottle.com\/products\/thermos-coffee-mug","name":"C\u1ed1c c\u00e0 ph\u00ea Thermos - Nh\u00e0 s\u1ea3n xu\u1ea5t b\u00ecnh n\u01b0\u1edbc Diller","isPartOf":{"@id":"https:\/\/www.dillerbottle.com\/#website"},"primaryImageOfPage":{"@id":"https:\/\/www.dillerbottle.com\/products\/thermos-coffee-mug#primaryimage"},"image":{"@id":"https:\/\/www.dillerbottle.com\/products\/thermos-coffee-mug#primaryimage"},"thumbnailUrl":"https:\/\/www.dillerbottle.com\/wp-content\/uploads\/2024\/09\/kid-stainless-steel-mug10299814322.jpg","datePublished":"2024-09-24T09:44:41+00:00","dateModified":"2025-07-10T08:09:04+00:00","description":"L\u00e0 m\u1ed9t trong nh\u1eefng nh\u00e0 s\u1ea3n xu\u1ea5t v\u00e0 cung c\u1ea5p C\u1ed1c c\u00e0 ph\u00ea Thermos t\u1ed1t nh\u1ea5t, ch\u00fang t\u00f4i tham gia s\u1ea3n xu\u1ea5t b\u00ecnh \u0111\u1ef1ng n\u01b0\u1edbc ch\u1ea5t l\u01b0\u1ee3ng t\u1ed1t. Ch\u00fang t\u00f4i n\u1ed3ng nhi\u1ec7t ch\u00e0o \u0111\u00f3n b\u1ea1n \u0111\u1ebfn b\u00e1n bu\u00f4n ho\u1eb7c mua C\u1ed1c c\u00e0 ph\u00ea Thermos t\u00f9y ch\u1ec9nh v\u1edbi gi\u00e1 c\u1ea1nh tranh t\u1eeb ch\u00fang t\u00f4i. Ngo\u00e0i ra, ch\u00fang t\u00f4i c\u0169ng ch\u1ea5p nh\u1eadn \u0111\u01a1n \u0111\u1eb7t h\u00e0ng s\u1ed1 l\u01b0\u1ee3ng nh\u1ecf.","breadcrumb":{"@id":"https:\/\/www.dillerbottle.com\/products\/thermos-coffee-mug#breadcrumb"},"inLanguage":"vi","potentialAction":[{"@type":"ReadAction","target":["https:\/\/www.dillerbottle.com\/products\/thermos-coffee-mug"]}]},{"@type":"ImageObject","inLanguage":"vi","@id":"https:\/\/www.dillerbottle.com\/products\/thermos-coffee-mug#primaryimage","url":"https:\/\/www.dillerbottle.com\/wp-content\/uploads\/2024\/09\/kid-stainless-steel-mug10299814322.jpg","contentUrl":"https:\/\/www.dillerbottle.com\/wp-content\/uploads\/2024\/09\/kid-stainless-steel-mug10299814322.jpg","width":730,"height":730},{"@type":"BreadcrumbList","@id":"https:\/\/www.dillerbottle.com\/products\/thermos-coffee-mug#breadcrumb","itemListElement":[{"@type":"ListItem","position":1,"name":"Home","item":"https:\/\/www.dillerbottle.com\/"},{"@type":"ListItem","position":2,"name":"Products","item":"https:\/\/www.dillerbottle.com\/shop"},{"@type":"ListItem","position":3,"name":"Thermos Coffee Mug"}]},{"@type":"WebSite","@id":"https:\/\/www.dillerbottle.com\/#website","url":"https:\/\/www.dillerbottle.com\/","name":"Nh\u00e0 s\u1ea3n xu\u1ea5t b\u00ecnh n\u01b0\u1edbc Diller","description":"Nh\u00e0 s\u1ea3n xu\u1ea5t b\u00ecnh n\u01b0\u1edbc","publisher":{"@id":"https:\/\/www.dillerbottle.com\/#organization"},"potentialAction":[{"@type":"SearchAction","target":{"@type":"EntryPoint","urlTemplate":"https:\/\/www.dillerbottle.com\/?s={search_term_string}"},"query-input":{"@type":"PropertyValueSpecification","valueRequired":true,"valueName":"search_term_string"}}],"inLanguage":"vi"},{"@type":"Organization","@id":"https:\/\/www.dillerbottle.com\/#organization","name":"Nh\u00e0 s\u1ea3n xu\u1ea5t b\u00ecnh n\u01b0\u1edbc Diller","url":"https:\/\/www.dillerbottle.com\/","logo":{"@type":"ImageObject","inLanguage":"vi","@id":"https:\/\/www.dillerbottle.com\/#\/schema\/logo\/image\/","url":"https:\/\/www.dillerbottle.com\/wp-content\/uploads\/2024\/09\/49918bfa848dcc1e9f8b509933603ac.png","contentUrl":"https:\/\/www.dillerbottle.com\/wp-content\/uploads\/2024\/09\/49918bfa848dcc1e9f8b509933603ac.png","width":988,"height":198,"caption":"Diller Water Bottle Manufacturer"},"image":{"@id":"https:\/\/www.dillerbottle.com\/#\/schema\/logo\/image\/"}}]}},"_links":{"self":[{"href":"https:\/\/www.dillerbottle.com\/vn\/wp-json\/wp\/v2\/product\/1967","targetHints":{"allow":["GET"]}}],"collection":[{"href":"https:\/\/www.dillerbottle.com\/vn\/wp-json\/wp\/v2\/product"}],"about":[{"href":"https:\/\/www.dillerbottle.com\/vn\/wp-json\/wp\/v2\/types\/product"}],"replies":[{"embeddable":true,"href":"https:\/\/www.dillerbottle.com\/vn\/wp-json\/wp\/v2\/comments?post=1967"}],"wp:featuredmedia":[{"embeddable":true,"href":"https:\/\/www.dillerbottle.com\/vn\/wp-json\/wp\/v2\/media\/1968"}],"wp:attachment":[{"href":"https:\/\/www.dillerbottle.com\/vn\/wp-json\/wp\/v2\/media?parent=1967"}],"wp:term":[{"taxonomy":"product_brand","embeddable":true,"href":"https:\/\/www.dillerbottle.com\/vn\/wp-json\/wp\/v2\/product_brand?post=1967"},{"taxonomy":"product_cat","embeddable":true,"href":"https:\/\/www.dillerbottle.com\/vn\/wp-json\/wp\/v2\/product_cat?post=1967"},{"taxonomy":"product_tag","embeddable":true,"href":"https:\/\/www.dillerbottle.com\/vn\/wp-json\/wp\/v2\/product_tag?post=1967"}],"curies":[{"name":"wp","href":"https:\/\/api.w.org\/{rel}","templated":true}]}}