{"id":2069,"date":"2024-09-24T17:45:46","date_gmt":"2024-09-24T09:45:46","guid":{"rendered":"https:\/\/demo.dillerbottle.com\/product\/stainless-steel-mug"},"modified":"2026-02-11T16:11:03","modified_gmt":"2026-02-11T08:11:03","slug":"coc-thep-khong-gi","status":"publish","type":"product","link":"https:\/\/www.dillerbottle.com\/vn\/products\/stainless-steel-mug","title":{"rendered":"C\u1ed1c th\u00e9p kh\u00f4ng g\u1ec9"},"content":{"rendered":"<p>\u0110\u1eb7c tr\u01b0ng:<\/p>\n<p>1. C\u1ed1c th\u00e9p kh\u00f4ng g\u1ec9 c\u00e1ch nhi\u1ec7t hai l\u1edbp gi\u1eef n\u01b0\u1edbc, c\u00e0 ph\u00ea ho\u1eb7c tr\u00e0 l\u1ea1nh ho\u1eb7c n\u00f3ng trong h\u01a1n 6 gi\u1edd.<\/p>\n<p>2. C\u1ed1c th\u00e9p kh\u00f4ng g\u1ec9 \u0111\u01b0\u1ee3c l\u00e0m b\u1eb1ng th\u00e9p kh\u00f4ng g\u1ec9 c\u1ea5p th\u1ef1c ph\u1ea9m 316, C\u1ed1c th\u00e9p kh\u00f4ng g\u1ec9 n\u00e0y kh\u00f4ng bao gi\u1edd \u0111\u1ed5 m\u1ed3 h\u00f4i do thi\u1ebft k\u1ebf c\u00e1ch nhi\u1ec7t ch\u00e2n kh\u00f4ng. L\u1edbp ph\u1ee7 b\u1ed9t b\u00ean ngo\u00e0i v\u1eeba v\u1eb7n tho\u1ea3i m\u00e1i h\u01a1n khi c\u1ea7m tr\u00ean tay v\u00e0 ch\u1ed1ng tr\u01b0\u1ee3t.<\/p>\n<p>3. C\u1ed1c th\u00e9p kh\u00f4ng g\u1ec9 c\u00f3 n\u1eafp ch\u1ed1ng v\u1ee1, trong su\u1ed1t. N\u1eafp \u1ed1ng h\u00fat ch\u1ed1ng b\u1ee5i b\u1eb1ng silicon h\u00ecnh g\u1ea5u tr\u00fac d\u1ec5 th\u01b0\u01a1ng, ti\u1ec7n d\u1ee5ng v\u00e0 th\u00fa v\u1ecb.<\/p>\n<p>Ch\u1ea5p nh\u1eadn OEM v\u00e0 ODM.<br \/>\nCh\u00fang t\u00f4i c\u00f3 th\u1ec3 t\u00f9y ch\u1ec9nh c\u1ed1c theo y\u00eau c\u1ea7u c\u1ee7a b\u1ea1n.<br \/>\nCh\u00e0o m\u1eebng b\u1ea1n \u0111\u1ebfn mua s\u1ec9, h\u00e3y g\u1eedi y\u00eau c\u1ea7u ngay!<\/p>","protected":false},"excerpt":{"rendered":"<p>C\u1ed1c th\u00e9p kh\u00f4ng g\u1ec9 c\u00e1ch nhi\u1ec7t hai l\u1edbp gi\u1eef n\u01b0\u1edbc, c\u00e0 ph\u00ea ho\u1eb7c tr\u00e0 l\u1ea1nh ho\u1eb7c n\u00f3ng trong h\u01a1n 6 gi\u1edd.<br \/>\nC\u1ed1c th\u00e9p kh\u00f4ng g\u1ec9 \u0111\u01b0\u1ee3c l\u00e0m b\u1eb1ng th\u00e9p kh\u00f4ng g\u1ec9 c\u1ea5p th\u1ef1c ph\u1ea9m 316, C\u1ed1c th\u00e9p kh\u00f4ng g\u1ec9 n\u00e0y kh\u00f4ng bao gi\u1edd \u0111\u1ed5 m\u1ed3 h\u00f4i do thi\u1ebft k\u1ebf c\u00e1ch nhi\u1ec7t ch\u00e2n kh\u00f4ng. L\u1edbp ph\u1ee7 b\u1ed9t b\u00ean ngo\u00e0i v\u1eeba v\u1eb7n tho\u1ea3i m\u00e1i h\u01a1n khi c\u1ea7m tr\u00ean tay v\u00e0 ch\u1ed1ng tr\u01b0\u1ee3t.<br \/>\nC\u1ed1c th\u00e9p kh\u00f4ng g\u1ec9 c\u00f3 n\u1eafp ch\u1ed1ng v\u1ee1, trong su\u1ed1t. N\u1eafp \u1ed1ng h\u00fat ch\u1ed1ng b\u1ee5i b\u1eb1ng silicon h\u00ecnh g\u1ea5u tr\u00fac d\u1ec5 th\u01b0\u01a1ng, ti\u1ec7n d\u1ee5ng v\u00e0 th\u00fa v\u1ecb.<br \/>\nCh\u1ea5p nh\u1eadn OEM v\u00e0 ODM.<\/p>","protected":false},"featured_media":15855,"comment_status":"open","ping_status":"closed","template":"","meta":{"_acf_changed":false},"product_brand":[],"product_cat":[46,18],"product_tag":[65],"class_list":{"0":"post-2069","1":"product","2":"type-product","3":"status-publish","4":"has-post-thumbnail","6":"product_cat-cup","7":"product_cat-insulated-water-bottle","8":"product_tag-stainless-steel-mug","10":"first","11":"instock","12":"shipping-taxable","13":"product-type-simple"},"acf":[],"yoast_head":"<!-- This site is optimized with the Yoast SEO Premium plugin v27.5 (Yoast SEO v27.5) - https:\/\/yoast.com\/product\/yoast-seo-premium-wordpress\/ -->\n<title>Stainless Steel Mug - Diller Water Bottle Manufacturer<\/title>\n<meta name=\"description\" content=\"Transform the way you drink with our innovative stainless steel mug! Keep your coffee hot and your hands cool with its comfortable grip.\" \/>\n<meta name=\"robots\" content=\"index, follow, max-snippet:-1, max-image-preview:large, max-video-preview:-1\" \/>\n<link rel=\"canonical\" href=\"https:\/\/www.dillerbottle.com\/vn\/cac-san-pham\/coc-thep-khong-gi\" \/>\n<meta property=\"og:locale\" content=\"vi_VN\" \/>\n<meta property=\"og:type\" content=\"article\" \/>\n<meta property=\"og:title\" content=\"Stainless Steel Mug\" \/>\n<meta property=\"og:description\" content=\"Transform the way you drink with our innovative stainless steel mug! Keep your coffee hot and your hands cool with its comfortable grip.\" \/>\n<meta property=\"og:url\" content=\"https:\/\/www.dillerbottle.com\/vn\/cac-san-pham\/coc-thep-khong-gi\" \/>\n<meta property=\"og:site_name\" content=\"Diller Water Bottle Manufacturer\" \/>\n<meta property=\"article:modified_time\" content=\"2026-02-11T08:11:03+00:00\" \/>\n<meta property=\"og:image\" content=\"https:\/\/www.dillerbottle.com\/wp-content\/uploads\/2024\/09\/stainless-steel-mug-9205.jpg\" \/>\n\t<meta property=\"og:image:width\" content=\"800\" \/>\n\t<meta property=\"og:image:height\" content=\"800\" \/>\n\t<meta property=\"og:image:type\" content=\"image\/jpeg\" \/>\n<meta name=\"twitter:card\" content=\"summary_large_image\" \/>\n<meta name=\"twitter:label1\" content=\"\u01af\u1edbc t\u00ednh th\u1eddi gian \u0111\u1ecdc\" \/>\n\t<meta name=\"twitter:data1\" content=\"3 ph\u00fat\" \/>\n<script type=\"application\/ld+json\" class=\"yoast-schema-graph\">{\"@context\":\"https:\\\/\\\/schema.org\",\"@graph\":[{\"@type\":\"WebPage\",\"@id\":\"https:\\\/\\\/www.dillerbottle.com\\\/products\\\/stainless-steel-mug\",\"url\":\"https:\\\/\\\/www.dillerbottle.com\\\/products\\\/stainless-steel-mug\",\"name\":\"Stainless Steel Mug - Diller Water Bottle Manufacturer\",\"isPartOf\":{\"@id\":\"https:\\\/\\\/www.dillerbottle.com\\\/#website\"},\"primaryImageOfPage\":{\"@id\":\"https:\\\/\\\/www.dillerbottle.com\\\/products\\\/stainless-steel-mug#primaryimage\"},\"image\":{\"@id\":\"https:\\\/\\\/www.dillerbottle.com\\\/products\\\/stainless-steel-mug#primaryimage\"},\"thumbnailUrl\":\"https:\\\/\\\/www.dillerbottle.com\\\/wp-content\\\/uploads\\\/2024\\\/09\\\/stainless-steel-mug-9205.jpg\",\"datePublished\":\"2024-09-24T09:45:46+00:00\",\"dateModified\":\"2026-02-11T08:11:03+00:00\",\"description\":\"Transform the way you drink with our innovative stainless steel mug! Keep your coffee hot and your hands cool with its comfortable grip.\",\"breadcrumb\":{\"@id\":\"https:\\\/\\\/www.dillerbottle.com\\\/products\\\/stainless-steel-mug#breadcrumb\"},\"inLanguage\":\"vi\",\"potentialAction\":[{\"@type\":\"ReadAction\",\"target\":[\"https:\\\/\\\/www.dillerbottle.com\\\/products\\\/stainless-steel-mug\"]}]},{\"@type\":\"ImageObject\",\"inLanguage\":\"vi\",\"@id\":\"https:\\\/\\\/www.dillerbottle.com\\\/products\\\/stainless-steel-mug#primaryimage\",\"url\":\"https:\\\/\\\/www.dillerbottle.com\\\/wp-content\\\/uploads\\\/2024\\\/09\\\/stainless-steel-mug-9205.jpg\",\"contentUrl\":\"https:\\\/\\\/www.dillerbottle.com\\\/wp-content\\\/uploads\\\/2024\\\/09\\\/stainless-steel-mug-9205.jpg\",\"width\":800,\"height\":800},{\"@type\":\"BreadcrumbList\",\"@id\":\"https:\\\/\\\/www.dillerbottle.com\\\/products\\\/stainless-steel-mug#breadcrumb\",\"itemListElement\":[{\"@type\":\"ListItem\",\"position\":1,\"name\":\"Home\",\"item\":\"https:\\\/\\\/www.dillerbottle.com\\\/\"},{\"@type\":\"ListItem\",\"position\":2,\"name\":\"Products\",\"item\":\"https:\\\/\\\/www.dillerbottle.com\\\/shop\"},{\"@type\":\"ListItem\",\"position\":3,\"name\":\"Stainless Steel Mug\"}]},{\"@type\":\"WebSite\",\"@id\":\"https:\\\/\\\/www.dillerbottle.com\\\/#website\",\"url\":\"https:\\\/\\\/www.dillerbottle.com\\\/\",\"name\":\"Diller Water Bottle Manufacturer\",\"description\":\"Water Bottle Manufacturer\",\"publisher\":{\"@id\":\"https:\\\/\\\/www.dillerbottle.com\\\/#organization\"},\"potentialAction\":[{\"@type\":\"SearchAction\",\"target\":{\"@type\":\"EntryPoint\",\"urlTemplate\":\"https:\\\/\\\/www.dillerbottle.com\\\/?s={search_term_string}\"},\"query-input\":{\"@type\":\"PropertyValueSpecification\",\"valueRequired\":true,\"valueName\":\"search_term_string\"}}],\"inLanguage\":\"vi\"},{\"@type\":\"Organization\",\"@id\":\"https:\\\/\\\/www.dillerbottle.com\\\/#organization\",\"name\":\"Diller Water Bottle Manufacturer\",\"url\":\"https:\\\/\\\/www.dillerbottle.com\\\/\",\"logo\":{\"@type\":\"ImageObject\",\"inLanguage\":\"vi\",\"@id\":\"https:\\\/\\\/www.dillerbottle.com\\\/#\\\/schema\\\/logo\\\/image\\\/\",\"url\":\"https:\\\/\\\/www.dillerbottle.com\\\/wp-content\\\/uploads\\\/2024\\\/09\\\/49918bfa848dcc1e9f8b509933603ac.png\",\"contentUrl\":\"https:\\\/\\\/www.dillerbottle.com\\\/wp-content\\\/uploads\\\/2024\\\/09\\\/49918bfa848dcc1e9f8b509933603ac.png\",\"width\":988,\"height\":198,\"caption\":\"Diller Water Bottle Manufacturer\"},\"image\":{\"@id\":\"https:\\\/\\\/www.dillerbottle.com\\\/#\\\/schema\\\/logo\\\/image\\\/\"}}]}<\/script>\n<!-- \/ Yoast SEO Premium plugin. -->","yoast_head_json":{"title":"C\u1ed1c th\u00e9p kh\u00f4ng g\u1ec9 - Nh\u00e0 s\u1ea3n xu\u1ea5t b\u00ecnh n\u01b0\u1edbc Diller","description":"H\u00e3y thay \u0111\u1ed5i c\u00e1ch b\u1ea1n th\u01b0\u1edfng th\u1ee9c \u0111\u1ed3 u\u1ed1ng v\u1edbi chi\u1ebfc c\u1ed1c th\u00e9p kh\u00f4ng g\u1ec9 s\u00e1ng t\u1ea1o c\u1ee7a ch\u00fang t\u00f4i! Gi\u1eef cho c\u00e0 ph\u00ea c\u1ee7a b\u1ea1n lu\u00f4n n\u00f3ng v\u00e0 tay b\u1ea1n lu\u00f4n m\u00e1t m\u1ebb v\u1edbi thi\u1ebft k\u1ebf tay c\u1ea7m tho\u1ea3i m\u00e1i.","robots":{"index":"index","follow":"follow","max-snippet":"max-snippet:-1","max-image-preview":"max-image-preview:large","max-video-preview":"max-video-preview:-1"},"canonical":"https:\/\/www.dillerbottle.com\/vn\/cac-san-pham\/coc-thep-khong-gi","og_locale":"vi_VN","og_type":"article","og_title":"Stainless Steel Mug","og_description":"Transform the way you drink with our innovative stainless steel mug! Keep your coffee hot and your hands cool with its comfortable grip.","og_url":"https:\/\/www.dillerbottle.com\/vn\/cac-san-pham\/coc-thep-khong-gi","og_site_name":"Diller Water Bottle Manufacturer","article_modified_time":"2026-02-11T08:11:03+00:00","og_image":[{"width":800,"height":800,"url":"https:\/\/www.dillerbottle.com\/wp-content\/uploads\/2024\/09\/stainless-steel-mug-9205.jpg","type":"image\/jpeg"}],"twitter_card":"summary_large_image","twitter_misc":{"\u01af\u1edbc t\u00ednh th\u1eddi gian \u0111\u1ecdc":"3 ph\u00fat"},"schema":{"@context":"https:\/\/schema.org","@graph":[{"@type":"WebPage","@id":"https:\/\/www.dillerbottle.com\/products\/stainless-steel-mug","url":"https:\/\/www.dillerbottle.com\/products\/stainless-steel-mug","name":"C\u1ed1c th\u00e9p kh\u00f4ng g\u1ec9 - Nh\u00e0 s\u1ea3n xu\u1ea5t b\u00ecnh n\u01b0\u1edbc Diller","isPartOf":{"@id":"https:\/\/www.dillerbottle.com\/#website"},"primaryImageOfPage":{"@id":"https:\/\/www.dillerbottle.com\/products\/stainless-steel-mug#primaryimage"},"image":{"@id":"https:\/\/www.dillerbottle.com\/products\/stainless-steel-mug#primaryimage"},"thumbnailUrl":"https:\/\/www.dillerbottle.com\/wp-content\/uploads\/2024\/09\/stainless-steel-mug-9205.jpg","datePublished":"2024-09-24T09:45:46+00:00","dateModified":"2026-02-11T08:11:03+00:00","description":"H\u00e3y thay \u0111\u1ed5i c\u00e1ch b\u1ea1n th\u01b0\u1edfng th\u1ee9c \u0111\u1ed3 u\u1ed1ng v\u1edbi chi\u1ebfc c\u1ed1c th\u00e9p kh\u00f4ng g\u1ec9 s\u00e1ng t\u1ea1o c\u1ee7a ch\u00fang t\u00f4i! Gi\u1eef cho c\u00e0 ph\u00ea c\u1ee7a b\u1ea1n lu\u00f4n n\u00f3ng v\u00e0 tay b\u1ea1n lu\u00f4n m\u00e1t m\u1ebb v\u1edbi thi\u1ebft k\u1ebf tay c\u1ea7m tho\u1ea3i m\u00e1i.","breadcrumb":{"@id":"https:\/\/www.dillerbottle.com\/products\/stainless-steel-mug#breadcrumb"},"inLanguage":"vi","potentialAction":[{"@type":"ReadAction","target":["https:\/\/www.dillerbottle.com\/products\/stainless-steel-mug"]}]},{"@type":"ImageObject","inLanguage":"vi","@id":"https:\/\/www.dillerbottle.com\/products\/stainless-steel-mug#primaryimage","url":"https:\/\/www.dillerbottle.com\/wp-content\/uploads\/2024\/09\/stainless-steel-mug-9205.jpg","contentUrl":"https:\/\/www.dillerbottle.com\/wp-content\/uploads\/2024\/09\/stainless-steel-mug-9205.jpg","width":800,"height":800},{"@type":"BreadcrumbList","@id":"https:\/\/www.dillerbottle.com\/products\/stainless-steel-mug#breadcrumb","itemListElement":[{"@type":"ListItem","position":1,"name":"Home","item":"https:\/\/www.dillerbottle.com\/"},{"@type":"ListItem","position":2,"name":"Products","item":"https:\/\/www.dillerbottle.com\/shop"},{"@type":"ListItem","position":3,"name":"Stainless Steel Mug"}]},{"@type":"WebSite","@id":"https:\/\/www.dillerbottle.com\/#website","url":"https:\/\/www.dillerbottle.com\/","name":"Nh\u00e0 s\u1ea3n xu\u1ea5t b\u00ecnh n\u01b0\u1edbc Diller","description":"Nh\u00e0 s\u1ea3n xu\u1ea5t b\u00ecnh n\u01b0\u1edbc","publisher":{"@id":"https:\/\/www.dillerbottle.com\/#organization"},"potentialAction":[{"@type":"SearchAction","target":{"@type":"EntryPoint","urlTemplate":"https:\/\/www.dillerbottle.com\/?s={search_term_string}"},"query-input":{"@type":"PropertyValueSpecification","valueRequired":true,"valueName":"search_term_string"}}],"inLanguage":"vi"},{"@type":"Organization","@id":"https:\/\/www.dillerbottle.com\/#organization","name":"Nh\u00e0 s\u1ea3n xu\u1ea5t b\u00ecnh n\u01b0\u1edbc Diller","url":"https:\/\/www.dillerbottle.com\/","logo":{"@type":"ImageObject","inLanguage":"vi","@id":"https:\/\/www.dillerbottle.com\/#\/schema\/logo\/image\/","url":"https:\/\/www.dillerbottle.com\/wp-content\/uploads\/2024\/09\/49918bfa848dcc1e9f8b509933603ac.png","contentUrl":"https:\/\/www.dillerbottle.com\/wp-content\/uploads\/2024\/09\/49918bfa848dcc1e9f8b509933603ac.png","width":988,"height":198,"caption":"Diller Water Bottle Manufacturer"},"image":{"@id":"https:\/\/www.dillerbottle.com\/#\/schema\/logo\/image\/"}}]}},"_links":{"self":[{"href":"https:\/\/www.dillerbottle.com\/vn\/wp-json\/wp\/v2\/product\/2069","targetHints":{"allow":["GET"]}}],"collection":[{"href":"https:\/\/www.dillerbottle.com\/vn\/wp-json\/wp\/v2\/product"}],"about":[{"href":"https:\/\/www.dillerbottle.com\/vn\/wp-json\/wp\/v2\/types\/product"}],"replies":[{"embeddable":true,"href":"https:\/\/www.dillerbottle.com\/vn\/wp-json\/wp\/v2\/comments?post=2069"}],"wp:featuredmedia":[{"embeddable":true,"href":"https:\/\/www.dillerbottle.com\/vn\/wp-json\/wp\/v2\/media\/15855"}],"wp:attachment":[{"href":"https:\/\/www.dillerbottle.com\/vn\/wp-json\/wp\/v2\/media?parent=2069"}],"wp:term":[{"taxonomy":"product_brand","embeddable":true,"href":"https:\/\/www.dillerbottle.com\/vn\/wp-json\/wp\/v2\/product_brand?post=2069"},{"taxonomy":"product_cat","embeddable":true,"href":"https:\/\/www.dillerbottle.com\/vn\/wp-json\/wp\/v2\/product_cat?post=2069"},{"taxonomy":"product_tag","embeddable":true,"href":"https:\/\/www.dillerbottle.com\/vn\/wp-json\/wp\/v2\/product_tag?post=2069"}],"curies":[{"name":"wp","href":"https:\/\/api.w.org\/{rel}","templated":true}]}}