{"id":2093,"date":"2024-09-24T17:46:01","date_gmt":"2024-09-24T09:46:01","guid":{"rendered":"https:\/\/demo.dillerbottle.com\/product\/double-wall-glass-mug-with-lid"},"modified":"2025-07-10T16:05:51","modified_gmt":"2025-07-10T08:05:51","slug":"coc-thuy-tinh-hai-lop-co-nap","status":"publish","type":"product","link":"https:\/\/www.dillerbottle.com\/vn\/products\/double-wall-glass-mug-with-lid","title":{"rendered":"C\u1ed1c th\u1ee7y tinh hai l\u1edbp c\u00f3 n\u1eafp"},"content":{"rendered":"<p>C\u1ed1c th\u1ee7y tinh hai l\u1edbp c\u00f3 n\u1eafp b\u1eb1ng th\u00e9p kh\u00f4ng g\u1ec9, \u0111\u01b0\u1ee3c l\u00e0m b\u1eb1ng; th\u1ee7y tinh borosilicate, kh\u00f4ng ch\u00ec, kh\u00f4ng c\u00f3 v\u1eadt li\u1ec7u silicon h\u00f3a h\u1ecdc, gi\u00fap \u0111\u1ed3 u\u1ed1ng c\u1ee7a b\u1ea1n l\u00e0nh m\u1ea1nh v\u00e0 an to\u00e0n h\u01a1n, ch\u1ecbu \u0111\u01b0\u1ee3c nhi\u1ec7t \u0111\u1ed9 t\u1eeb -20 \u00b0C \u0111\u1ebfn 150 \u00b0C.; Thi\u1ebft k\u1ebf hai l\u1edbp c\u00e1ch nhi\u1ec7t \u0111\u1ec3 duy tr\u00ec nhi\u1ec7t \u0111\u1ed9. C\u1ed1c th\u1ee7y tinh hai l\u1edbp c\u00f3 b\u1ed9 l\u1ecdc tr\u00e0\/b\u1ed9 l\u1ecdc tr\u00e0 b\u1eb1ng th\u00e9p kh\u00f4ng g\u1ec9 304 c\u00f3 th\u1ec3 th\u00e1o r\u1eddi. T\u00ednh n\u0103ng: 1. C\u1ed1c th\u1ee7y tinh hai l\u1edbp c\u00f3 n\u1eafp. Thi\u1ebft k\u1ebf hai l\u1edbp \u0111\u1eb9p m\u1eaft v\u00e0 phong c\u00e1ch c\u1ee7a c\u1ed1c th\u1ee7y tinh n\u00e0y gi\u00fap gi\u1eef \u0111\u1ed3 u\u1ed1ng c\u1ee7a b\u1ea1n n\u00f3ng ho\u1eb7c l\u1ea1nh \u0111\u1ed3ng th\u1eddi b\u1ea3o v\u1ec7 tay b\u1ea1n kh\u1ecfi nhi\u1ec7t \u0111\u1ed9 n\u00f3ng.<br \/>\n2.; \u0110i k\u00e8m v\u1edbi n\u1eafp b\u1eb1ng th\u00e9p kh\u00f4ng g\u1ec9 c\u00f3 vi\u1ec1n da. N\u1eafp gi\u1eef cho \u0111\u1ed3 u\u1ed1ng c\u1ee7a b\u1ea1n kh\u00f4ng b\u1ecb \u0111\u1ed5.<br \/>\n3.;D\u1ec5 v\u1ec7 sinh. Kh\u00f4ng c\u00f3 h\u01b0\u1edbng d\u1eabn v\u1ec7 sinh \u0111\u1eb7c bi\u1ec7t. C\u00f3 th\u1ec3 r\u1eeda b\u1eb1ng m\u00e1y r\u1eeda ch\u00e9n!<br \/>\n4.; B\u1ed9 l\u1ecdc tr\u00e0 b\u1eb1ng th\u00e9p kh\u00f4ng g\u1ec9 304 c\u00f3 th\u1ec3 th\u00e1o r\u1eddi l\u00e0m cho c\u1ed1c th\u1ee7y tinh hai l\u1edbp tr\u1edf n\u00ean \u0111a n\u0103ng, b\u1ea1n kh\u00f4ng ch\u1ec9 c\u00f3 th\u1ec3 s\u1eed d\u1ee5ng \u0111\u1ec3 \u0111\u1ef1ng tr\u00e0 l\u00e1\/tr\u00e0 hoa m\u00e0 c\u00f2n c\u00f3 th\u1ec3 s\u1eed d\u1ee5ng c\u1ed1c th\u1ee7y tinh n\u00e0y l\u00e0m c\u1ed1c bia\/c\u1ed1c latte\/c\u1ed1c c\u00e0 ph\u00ea, v.v.;<\/p>","protected":false},"excerpt":{"rendered":"<p>C\u1ed1c th\u1ee7y tinh hai l\u1edbp c\u00f3 n\u1eafp b\u1eb1ng th\u00e9p kh\u00f4ng g\u1ec9, l\u00e0m b\u1eb1ng th\u1ee7y tinh borosilicate, kh\u00f4ng ch\u00ec, kh\u00f4ng ch\u1ee9a ch\u1ea5t li\u1ec7u silicon h\u00f3a h\u1ecdc, gi\u00fap \u0111\u1ed3 u\u1ed1ng c\u1ee7a b\u1ea1n l\u00e0nh m\u1ea1nh v\u00e0 an to\u00e0n h\u01a1n, c\u00f3 th\u1ec3 ch\u1ecbu \u0111\u01b0\u1ee3c nhi\u1ec7t \u0111\u1ed9 t\u1eeb -20 \u00b0C \u0111\u1ebfn 150 \u00b0C.<br \/>\nThi\u1ebft k\u1ebf th\u00e0nh \u0111\u00f4i c\u00e1ch nhi\u1ec7t \u0111\u1ec3 duy tr\u00ec nhi\u1ec7t \u0111\u1ed9.<br \/>\nC\u1ed1c th\u1ee7y tinh hai l\u1edbp c\u00f3 th\u1ec3 th\u00e1o r\u1eddi\u2026<\/p>","protected":false},"featured_media":2094,"comment_status":"open","ping_status":"closed","template":"","meta":{"_acf_changed":false},"product_brand":[],"product_cat":[46],"product_tag":[32,36,33,31,67,39,38,29,37,34,35,28,30],"class_list":{"0":"post-2093","1":"product","2":"type-product","3":"status-publish","4":"has-post-thumbnail","6":"product_cat-cup","7":"product_tag-best","8":"product_tag-bulk","9":"product_tag-buy","10":"product_tag-custom","11":"product_tag-double-wall-glass-mug-with-lid","12":"product_tag-for-sale","13":"product_tag-good-quality","14":"product_tag-manufacturers","15":"product_tag-manufacturing","16":"product_tag-price","17":"product_tag-small","18":"product_tag-suppliers","19":"product_tag-wholesale","21":"first","22":"instock","23":"shipping-taxable","24":"product-type-simple"},"acf":[],"yoast_head":"<!-- This site is optimized with the Yoast SEO Premium plugin v27.5 (Yoast SEO v27.5) - https:\/\/yoast.com\/product\/yoast-seo-premium-wordpress\/ -->\n<title>Double Wall Glass Mug With Lid - Diller Water Bottle Manufacturer<\/title>\n<meta name=\"description\" content=\"As one of the best double wall glass mug with lid manufacturers and suppliers, we are engaged in manufacturing good quality water bottles. We warmly welcome you to wholesale or buy custom made double wall glass mug with lid at competitive price from us. Also, small quantity orders are acceptable.\" \/>\n<meta name=\"robots\" content=\"index, follow, max-snippet:-1, max-image-preview:large, max-video-preview:-1\" \/>\n<link rel=\"canonical\" href=\"https:\/\/www.dillerbottle.com\/vn\/cac-san-pham\/coc-thuy-tinh-hai-lop-co-nap\" \/>\n<meta property=\"og:locale\" content=\"vi_VN\" \/>\n<meta property=\"og:type\" content=\"article\" \/>\n<meta property=\"og:title\" content=\"Double Wall Glass Mug With Lid\" \/>\n<meta property=\"og:description\" content=\"As one of the best double wall glass mug with lid manufacturers and suppliers, we are engaged in manufacturing good quality water bottles. We warmly welcome you to wholesale or buy custom made double wall glass mug with lid at competitive price from us. Also, small quantity orders are acceptable.\" \/>\n<meta property=\"og:url\" content=\"https:\/\/www.dillerbottle.com\/vn\/cac-san-pham\/coc-thuy-tinh-hai-lop-co-nap\" \/>\n<meta property=\"og:site_name\" content=\"Diller Water Bottle Manufacturer\" \/>\n<meta property=\"article:modified_time\" content=\"2025-07-10T08:05:51+00:00\" \/>\n<meta property=\"og:image\" content=\"https:\/\/www.dillerbottle.com\/wp-content\/uploads\/2024\/09\/double-wall-glass-mug-with-lid40211281190.jpg\" \/>\n\t<meta property=\"og:image:width\" content=\"730\" \/>\n\t<meta property=\"og:image:height\" content=\"730\" \/>\n\t<meta property=\"og:image:type\" content=\"image\/jpeg\" \/>\n<meta name=\"twitter:card\" content=\"summary_large_image\" \/>\n<meta name=\"twitter:label1\" content=\"\u01af\u1edbc t\u00ednh th\u1eddi gian \u0111\u1ecdc\" \/>\n\t<meta name=\"twitter:data1\" content=\"3 ph\u00fat\" \/>\n<script type=\"application\/ld+json\" class=\"yoast-schema-graph\">{\"@context\":\"https:\\\/\\\/schema.org\",\"@graph\":[{\"@type\":\"WebPage\",\"@id\":\"https:\\\/\\\/www.dillerbottle.com\\\/nl\\\/producten\\\/dubbelwandige-glazen-mok-met-deksel\",\"url\":\"https:\\\/\\\/www.dillerbottle.com\\\/nl\\\/producten\\\/dubbelwandige-glazen-mok-met-deksel\",\"name\":\"Double Wall Glass Mug With Lid - Diller Water Bottle Manufacturer\",\"isPartOf\":{\"@id\":\"https:\\\/\\\/www.dillerbottle.com\\\/#website\"},\"primaryImageOfPage\":{\"@id\":\"https:\\\/\\\/www.dillerbottle.com\\\/nl\\\/producten\\\/dubbelwandige-glazen-mok-met-deksel#primaryimage\"},\"image\":{\"@id\":\"https:\\\/\\\/www.dillerbottle.com\\\/nl\\\/producten\\\/dubbelwandige-glazen-mok-met-deksel#primaryimage\"},\"thumbnailUrl\":\"https:\\\/\\\/www.dillerbottle.com\\\/wp-content\\\/uploads\\\/2024\\\/09\\\/double-wall-glass-mug-with-lid40211281190.jpg\",\"datePublished\":\"2024-09-24T09:46:01+00:00\",\"dateModified\":\"2025-07-10T08:05:51+00:00\",\"description\":\"As one of the best double wall glass mug with lid manufacturers and suppliers, we are engaged in manufacturing good quality water bottles. We warmly welcome you to wholesale or buy custom made double wall glass mug with lid at competitive price from us. Also, small quantity orders are acceptable.\",\"breadcrumb\":{\"@id\":\"https:\\\/\\\/www.dillerbottle.com\\\/nl\\\/producten\\\/dubbelwandige-glazen-mok-met-deksel#breadcrumb\"},\"inLanguage\":\"vi\",\"potentialAction\":[{\"@type\":\"ReadAction\",\"target\":[\"https:\\\/\\\/www.dillerbottle.com\\\/nl\\\/producten\\\/dubbelwandige-glazen-mok-met-deksel\"]}]},{\"@type\":\"ImageObject\",\"inLanguage\":\"vi\",\"@id\":\"https:\\\/\\\/www.dillerbottle.com\\\/nl\\\/producten\\\/dubbelwandige-glazen-mok-met-deksel#primaryimage\",\"url\":\"https:\\\/\\\/www.dillerbottle.com\\\/wp-content\\\/uploads\\\/2024\\\/09\\\/double-wall-glass-mug-with-lid40211281190.jpg\",\"contentUrl\":\"https:\\\/\\\/www.dillerbottle.com\\\/wp-content\\\/uploads\\\/2024\\\/09\\\/double-wall-glass-mug-with-lid40211281190.jpg\",\"width\":730,\"height\":730},{\"@type\":\"BreadcrumbList\",\"@id\":\"https:\\\/\\\/www.dillerbottle.com\\\/nl\\\/producten\\\/dubbelwandige-glazen-mok-met-deksel#breadcrumb\",\"itemListElement\":[{\"@type\":\"ListItem\",\"position\":1,\"name\":\"Home\",\"item\":\"https:\\\/\\\/www.dillerbottle.com\\\/\"},{\"@type\":\"ListItem\",\"position\":2,\"name\":\"Products\",\"item\":\"https:\\\/\\\/www.dillerbottle.com\\\/shop\"},{\"@type\":\"ListItem\",\"position\":3,\"name\":\"Double Wall Glass Mug With Lid\"}]},{\"@type\":\"WebSite\",\"@id\":\"https:\\\/\\\/www.dillerbottle.com\\\/#website\",\"url\":\"https:\\\/\\\/www.dillerbottle.com\\\/\",\"name\":\"Diller Water Bottle Manufacturer\",\"description\":\"Water Bottle Manufacturer\",\"publisher\":{\"@id\":\"https:\\\/\\\/www.dillerbottle.com\\\/#organization\"},\"potentialAction\":[{\"@type\":\"SearchAction\",\"target\":{\"@type\":\"EntryPoint\",\"urlTemplate\":\"https:\\\/\\\/www.dillerbottle.com\\\/?s={search_term_string}\"},\"query-input\":{\"@type\":\"PropertyValueSpecification\",\"valueRequired\":true,\"valueName\":\"search_term_string\"}}],\"inLanguage\":\"vi\"},{\"@type\":\"Organization\",\"@id\":\"https:\\\/\\\/www.dillerbottle.com\\\/#organization\",\"name\":\"Diller Water Bottle Manufacturer\",\"url\":\"https:\\\/\\\/www.dillerbottle.com\\\/\",\"logo\":{\"@type\":\"ImageObject\",\"inLanguage\":\"vi\",\"@id\":\"https:\\\/\\\/www.dillerbottle.com\\\/#\\\/schema\\\/logo\\\/image\\\/\",\"url\":\"https:\\\/\\\/www.dillerbottle.com\\\/wp-content\\\/uploads\\\/2024\\\/09\\\/49918bfa848dcc1e9f8b509933603ac.png\",\"contentUrl\":\"https:\\\/\\\/www.dillerbottle.com\\\/wp-content\\\/uploads\\\/2024\\\/09\\\/49918bfa848dcc1e9f8b509933603ac.png\",\"width\":988,\"height\":198,\"caption\":\"Diller Water Bottle Manufacturer\"},\"image\":{\"@id\":\"https:\\\/\\\/www.dillerbottle.com\\\/#\\\/schema\\\/logo\\\/image\\\/\"}}]}<\/script>\n<!-- \/ Yoast SEO Premium plugin. -->","yoast_head_json":{"title":"C\u1ed1c th\u1ee7y tinh hai l\u1edbp c\u00f3 n\u1eafp - Nh\u00e0 s\u1ea3n xu\u1ea5t b\u00ecnh n\u01b0\u1edbc Diller","description":"L\u00e0 m\u1ed9t trong nh\u1eefng nh\u00e0 s\u1ea3n xu\u1ea5t v\u00e0 cung c\u1ea5p c\u1ed1c th\u1ee7y tinh hai l\u1edbp c\u00f3 n\u1eafp t\u1ed1t nh\u1ea5t, ch\u00fang t\u00f4i tham gia s\u1ea3n xu\u1ea5t c\u00e1c chai n\u01b0\u1edbc ch\u1ea5t l\u01b0\u1ee3ng t\u1ed1t. Ch\u00fang t\u00f4i n\u1ed3ng nhi\u1ec7t ch\u00e0o \u0111\u00f3n b\u1ea1n \u0111\u1ebfn b\u00e1n bu\u00f4n ho\u1eb7c mua c\u1ed1c th\u1ee7y tinh hai l\u1edbp c\u00f3 n\u1eafp t\u00f9y ch\u1ec9nh v\u1edbi gi\u00e1 c\u1ea1nh tranh t\u1eeb ch\u00fang t\u00f4i. Ngo\u00e0i ra, ch\u00fang t\u00f4i c\u0169ng ch\u1ea5p nh\u1eadn \u0111\u01a1n \u0111\u1eb7t h\u00e0ng s\u1ed1 l\u01b0\u1ee3ng nh\u1ecf.","robots":{"index":"index","follow":"follow","max-snippet":"max-snippet:-1","max-image-preview":"max-image-preview:large","max-video-preview":"max-video-preview:-1"},"canonical":"https:\/\/www.dillerbottle.com\/vn\/cac-san-pham\/coc-thuy-tinh-hai-lop-co-nap","og_locale":"vi_VN","og_type":"article","og_title":"Double Wall Glass Mug With Lid","og_description":"As one of the best double wall glass mug with lid manufacturers and suppliers, we are engaged in manufacturing good quality water bottles. We warmly welcome you to wholesale or buy custom made double wall glass mug with lid at competitive price from us. Also, small quantity orders are acceptable.","og_url":"https:\/\/www.dillerbottle.com\/vn\/cac-san-pham\/coc-thuy-tinh-hai-lop-co-nap","og_site_name":"Diller Water Bottle Manufacturer","article_modified_time":"2025-07-10T08:05:51+00:00","og_image":[{"width":730,"height":730,"url":"https:\/\/www.dillerbottle.com\/wp-content\/uploads\/2024\/09\/double-wall-glass-mug-with-lid40211281190.jpg","type":"image\/jpeg"}],"twitter_card":"summary_large_image","twitter_misc":{"\u01af\u1edbc t\u00ednh th\u1eddi gian \u0111\u1ecdc":"3 ph\u00fat"},"schema":{"@context":"https:\/\/schema.org","@graph":[{"@type":"WebPage","@id":"https:\/\/www.dillerbottle.com\/nl\/producten\/dubbelwandige-glazen-mok-met-deksel","url":"https:\/\/www.dillerbottle.com\/nl\/producten\/dubbelwandige-glazen-mok-met-deksel","name":"C\u1ed1c th\u1ee7y tinh hai l\u1edbp c\u00f3 n\u1eafp - Nh\u00e0 s\u1ea3n xu\u1ea5t b\u00ecnh n\u01b0\u1edbc Diller","isPartOf":{"@id":"https:\/\/www.dillerbottle.com\/#website"},"primaryImageOfPage":{"@id":"https:\/\/www.dillerbottle.com\/nl\/producten\/dubbelwandige-glazen-mok-met-deksel#primaryimage"},"image":{"@id":"https:\/\/www.dillerbottle.com\/nl\/producten\/dubbelwandige-glazen-mok-met-deksel#primaryimage"},"thumbnailUrl":"https:\/\/www.dillerbottle.com\/wp-content\/uploads\/2024\/09\/double-wall-glass-mug-with-lid40211281190.jpg","datePublished":"2024-09-24T09:46:01+00:00","dateModified":"2025-07-10T08:05:51+00:00","description":"L\u00e0 m\u1ed9t trong nh\u1eefng nh\u00e0 s\u1ea3n xu\u1ea5t v\u00e0 cung c\u1ea5p c\u1ed1c th\u1ee7y tinh hai l\u1edbp c\u00f3 n\u1eafp t\u1ed1t nh\u1ea5t, ch\u00fang t\u00f4i tham gia s\u1ea3n xu\u1ea5t c\u00e1c chai n\u01b0\u1edbc ch\u1ea5t l\u01b0\u1ee3ng t\u1ed1t. Ch\u00fang t\u00f4i n\u1ed3ng nhi\u1ec7t ch\u00e0o \u0111\u00f3n b\u1ea1n \u0111\u1ebfn b\u00e1n bu\u00f4n ho\u1eb7c mua c\u1ed1c th\u1ee7y tinh hai l\u1edbp c\u00f3 n\u1eafp t\u00f9y ch\u1ec9nh v\u1edbi gi\u00e1 c\u1ea1nh tranh t\u1eeb ch\u00fang t\u00f4i. Ngo\u00e0i ra, ch\u00fang t\u00f4i c\u0169ng ch\u1ea5p nh\u1eadn \u0111\u01a1n \u0111\u1eb7t h\u00e0ng s\u1ed1 l\u01b0\u1ee3ng nh\u1ecf.","breadcrumb":{"@id":"https:\/\/www.dillerbottle.com\/nl\/producten\/dubbelwandige-glazen-mok-met-deksel#breadcrumb"},"inLanguage":"vi","potentialAction":[{"@type":"ReadAction","target":["https:\/\/www.dillerbottle.com\/nl\/producten\/dubbelwandige-glazen-mok-met-deksel"]}]},{"@type":"ImageObject","inLanguage":"vi","@id":"https:\/\/www.dillerbottle.com\/nl\/producten\/dubbelwandige-glazen-mok-met-deksel#primaryimage","url":"https:\/\/www.dillerbottle.com\/wp-content\/uploads\/2024\/09\/double-wall-glass-mug-with-lid40211281190.jpg","contentUrl":"https:\/\/www.dillerbottle.com\/wp-content\/uploads\/2024\/09\/double-wall-glass-mug-with-lid40211281190.jpg","width":730,"height":730},{"@type":"BreadcrumbList","@id":"https:\/\/www.dillerbottle.com\/nl\/producten\/dubbelwandige-glazen-mok-met-deksel#breadcrumb","itemListElement":[{"@type":"ListItem","position":1,"name":"Home","item":"https:\/\/www.dillerbottle.com\/"},{"@type":"ListItem","position":2,"name":"Products","item":"https:\/\/www.dillerbottle.com\/shop"},{"@type":"ListItem","position":3,"name":"Double Wall Glass Mug With Lid"}]},{"@type":"WebSite","@id":"https:\/\/www.dillerbottle.com\/#website","url":"https:\/\/www.dillerbottle.com\/","name":"Nh\u00e0 s\u1ea3n xu\u1ea5t b\u00ecnh n\u01b0\u1edbc Diller","description":"Nh\u00e0 s\u1ea3n xu\u1ea5t b\u00ecnh n\u01b0\u1edbc","publisher":{"@id":"https:\/\/www.dillerbottle.com\/#organization"},"potentialAction":[{"@type":"SearchAction","target":{"@type":"EntryPoint","urlTemplate":"https:\/\/www.dillerbottle.com\/?s={search_term_string}"},"query-input":{"@type":"PropertyValueSpecification","valueRequired":true,"valueName":"search_term_string"}}],"inLanguage":"vi"},{"@type":"Organization","@id":"https:\/\/www.dillerbottle.com\/#organization","name":"Nh\u00e0 s\u1ea3n xu\u1ea5t b\u00ecnh n\u01b0\u1edbc Diller","url":"https:\/\/www.dillerbottle.com\/","logo":{"@type":"ImageObject","inLanguage":"vi","@id":"https:\/\/www.dillerbottle.com\/#\/schema\/logo\/image\/","url":"https:\/\/www.dillerbottle.com\/wp-content\/uploads\/2024\/09\/49918bfa848dcc1e9f8b509933603ac.png","contentUrl":"https:\/\/www.dillerbottle.com\/wp-content\/uploads\/2024\/09\/49918bfa848dcc1e9f8b509933603ac.png","width":988,"height":198,"caption":"Diller Water Bottle Manufacturer"},"image":{"@id":"https:\/\/www.dillerbottle.com\/#\/schema\/logo\/image\/"}}]}},"_links":{"self":[{"href":"https:\/\/www.dillerbottle.com\/vn\/wp-json\/wp\/v2\/product\/2093","targetHints":{"allow":["GET"]}}],"collection":[{"href":"https:\/\/www.dillerbottle.com\/vn\/wp-json\/wp\/v2\/product"}],"about":[{"href":"https:\/\/www.dillerbottle.com\/vn\/wp-json\/wp\/v2\/types\/product"}],"replies":[{"embeddable":true,"href":"https:\/\/www.dillerbottle.com\/vn\/wp-json\/wp\/v2\/comments?post=2093"}],"wp:featuredmedia":[{"embeddable":true,"href":"https:\/\/www.dillerbottle.com\/vn\/wp-json\/wp\/v2\/media\/2094"}],"wp:attachment":[{"href":"https:\/\/www.dillerbottle.com\/vn\/wp-json\/wp\/v2\/media?parent=2093"}],"wp:term":[{"taxonomy":"product_brand","embeddable":true,"href":"https:\/\/www.dillerbottle.com\/vn\/wp-json\/wp\/v2\/product_brand?post=2093"},{"taxonomy":"product_cat","embeddable":true,"href":"https:\/\/www.dillerbottle.com\/vn\/wp-json\/wp\/v2\/product_cat?post=2093"},{"taxonomy":"product_tag","embeddable":true,"href":"https:\/\/www.dillerbottle.com\/vn\/wp-json\/wp\/v2\/product_tag?post=2093"}],"curies":[{"name":"wp","href":"https:\/\/api.w.org\/{rel}","templated":true}]}}