{"id":2297,"date":"2024-09-25T10:36:33","date_gmt":"2024-09-25T02:36:33","guid":{"rendered":"https:\/\/demo.dillerbottle.com\/uncategorized\/koala-shape-baby-bottles"},"modified":"2025-07-10T15:55:53","modified_gmt":"2025-07-10T07:55:53","slug":"binh-sua-hinh-gau-tui","status":"publish","type":"product","link":"https:\/\/www.dillerbottle.com\/vn\/products\/koala-shape-baby-bottles","title":{"rendered":"B\u00ecnh s\u1eefa h\u00ecnh Koala"},"content":{"rendered":"<p>1. B\u00ecnh s\u1eefa h\u00ecnh g\u1ea5u t\u00fai \u0111\u01b0\u1ee3c l\u00e0m t\u1eeb nh\u1ef1a PPSU si\u00eau b\u1ec1n, nh\u1eb9. B\u00ecnh s\u1eefa c\u00f3 tay c\u1ea7m c\u00f3 th\u1ec3 th\u00e1o r\u1eddi v\u00e0 \u1ed1ng h\u00fat b\u1eb1ng silicon m\u1ec1m, gi\u00fap b\u00e9 chuy\u1ec3n t\u1eeb b\u00ecnh sang c\u1ed1c n\u01b0\u1edbc.<\/p>\n<p>2. B\u00ecnh s\u1eefa cho b\u00e9 c\u00f3 tay c\u1ea7m ti\u1ec7n d\u1ee5ng, d\u1ec5 c\u1ea7m.<\/p>\n<p>3. V\u1ea1ch chia dung t\u00edch tr\u00ean b\u00ecnh cho ph\u00e9p b\u1ea1n bi\u1ebft \u0111\u01b0\u1ee3c l\u01b0\u1ee3ng ch\u1ea5t l\u1ecfng m\u00e0 b\u00e9 \u0111\u00e3 u\u1ed1ng.<\/p>\n<p>4. \u1ed0ng h\u00fat b\u00ecnh \u0111\u01b0\u1ee3c trang b\u1ecb qu\u1ea3 c\u1ea7u tr\u1ecdng l\u1ef1c, b\u1ea5t k\u1ec3 b\u00e9 di chuy\u1ec3n nh\u01b0 th\u1ebf n\u00e0o, b\u00e9 v\u1eabn c\u00f3 th\u1ec3 d\u1ec5 d\u00e0ng u\u1ed1ng ch\u1ea5t l\u1ecfng t\u1eeb m\u1ecdi g\u00f3c \u0111\u1ed9.<br \/>\n5. B\u00ecnh s\u1eefa cho b\u00e9 dung t\u00edch 300ML c\u00f3 n\u1eafp b\u00ecnh h\u00ecnh g\u1ea5u t\u00fai s\u1ed1ng \u0111\u1ed9ng v\u00e0 \u0111\u00e1ng y\u00eau c\u00f3 th\u1ec3 thu h\u00fat s\u1ef1 ch\u00fa \u00fd c\u1ee7a b\u00e9 v\u00e0 khi\u1ebfn b\u00e9 th\u00edch th\u00fa.<\/p>","protected":false},"excerpt":{"rendered":"<p>B\u00ecnh s\u1eefa h\u00ecnh g\u1ea5u t\u00fai n\u00e0y \u0111\u01b0\u1ee3c l\u00e0m t\u1eeb PPSU v\u00e0 v\u1eadt li\u1ec7u an to\u00e0n th\u1ef1c ph\u1ea9m.<br \/>\nB\u00ecnh s\u1eefa cho b\u00e9 dung t\u00edch 300ML c\u00f3 n\u1eafp b\u00ecnh h\u00ecnh g\u1ea5u t\u00fai s\u1ed1ng \u0111\u1ed9ng v\u00e0 \u0111\u00e1ng y\u00eau c\u00f3 th\u1ec3 thu h\u00fat s\u1ef1 ch\u00fa \u00fd c\u1ee7a b\u00e9 v\u00e0 khi\u1ebfn b\u00e9 y\u00eau th\u00edch.<br \/>\nTay c\u1ea7m ch\u1ed1ng tr\u01b0\u1ee3t, s\u1eed d\u1ee5ng r\u1ea5t tho\u1ea3i m\u00e1i. Ch\u1ea5p nh\u1eadn OEM v\u00e0 ODM.<br \/>\nCh\u00fang t\u00f4i c\u00f3 th\u1ec3 t\u00f9y ch\u1ec9nh b\u00ecnh s\u1eefa theo y\u00eau c\u1ea7u c\u1ee7a b\u1ea1n.<br \/>\nCh\u00e0o m\u1eebng b\u1ea1n \u0111\u1ebfn mua s\u1ec9, h\u00e3y g\u1eedi y\u00eau c\u1ea7u ngay!<\/p>","protected":false},"featured_media":2298,"comment_status":"open","ping_status":"closed","template":"","meta":{"_acf_changed":false},"product_brand":[],"product_cat":[77],"product_tag":[32,36,33,31,39,38,82,29,37,34,35,28,30],"class_list":{"0":"post-2297","1":"product","2":"type-product","3":"status-publish","4":"has-post-thumbnail","6":"product_cat-baby-bottles","7":"product_tag-best","8":"product_tag-bulk","9":"product_tag-buy","10":"product_tag-custom","11":"product_tag-for-sale","12":"product_tag-good-quality","13":"product_tag-koala-shape-baby-bottles","14":"product_tag-manufacturers","15":"product_tag-manufacturing","16":"product_tag-price","17":"product_tag-small","18":"product_tag-suppliers","19":"product_tag-wholesale","21":"first","22":"instock","23":"shipping-taxable","24":"product-type-simple"},"acf":[],"yoast_head":"<!-- This site is optimized with the Yoast SEO Premium plugin v27.5 (Yoast SEO v27.5) - https:\/\/yoast.com\/product\/yoast-seo-premium-wordpress\/ -->\n<title>Koala Shape Baby Bottles - Diller Water Bottle Manufacturer<\/title>\n<meta name=\"description\" content=\"As one of the best koala shape baby bottles manufacturers and suppliers, we are engaged in manufacturing good quality water bottles. We warmly welcome you to wholesale or buy custom made koala shape baby bottles at competitive price from us. Also, small quantity orders are acceptable.\" \/>\n<meta name=\"robots\" content=\"index, follow, max-snippet:-1, max-image-preview:large, max-video-preview:-1\" \/>\n<link rel=\"canonical\" href=\"https:\/\/www.dillerbottle.com\/vn\/cac-san-pham\/binh-sua-hinh-gau-tui\" \/>\n<meta property=\"og:locale\" content=\"vi_VN\" \/>\n<meta property=\"og:type\" content=\"article\" \/>\n<meta property=\"og:title\" content=\"Koala Shape Baby Bottles\" \/>\n<meta property=\"og:description\" content=\"As one of the best koala shape baby bottles manufacturers and suppliers, we are engaged in manufacturing good quality water bottles. We warmly welcome you to wholesale or buy custom made koala shape baby bottles at competitive price from us. Also, small quantity orders are acceptable.\" \/>\n<meta property=\"og:url\" content=\"https:\/\/www.dillerbottle.com\/vn\/cac-san-pham\/binh-sua-hinh-gau-tui\" \/>\n<meta property=\"og:site_name\" content=\"Diller Water Bottle Manufacturer\" \/>\n<meta property=\"article:modified_time\" content=\"2025-07-10T07:55:53+00:00\" \/>\n<meta property=\"og:image\" content=\"https:\/\/www.dillerbottle.com\/wp-content\/uploads\/2024\/09\/koala-shape-baby-bottles44001c48-7910-46ce-a1a1-3309d973d32e.jpg\" \/>\n\t<meta property=\"og:image:width\" content=\"730\" \/>\n\t<meta property=\"og:image:height\" content=\"730\" \/>\n\t<meta property=\"og:image:type\" content=\"image\/jpeg\" \/>\n<meta name=\"twitter:card\" content=\"summary_large_image\" \/>\n<meta name=\"twitter:label1\" content=\"\u01af\u1edbc t\u00ednh th\u1eddi gian \u0111\u1ecdc\" \/>\n\t<meta name=\"twitter:data1\" content=\"6 ph\u00fat\" \/>\n<script type=\"application\/ld+json\" class=\"yoast-schema-graph\">{\"@context\":\"https:\\\/\\\/schema.org\",\"@graph\":[{\"@type\":\"WebPage\",\"@id\":\"https:\\\/\\\/www.dillerbottle.com\\\/ko\\\/%ec%a0%9c%ed%92%88\\\/%ec%bd%94%ec%95%8c%eb%9d%bc-%eb%aa%a8%ec%96%91-%ec%95%84%ea%b8%b0%ec%9a%a9-%ec%a0%96%eb%b3%91\",\"url\":\"https:\\\/\\\/www.dillerbottle.com\\\/ko\\\/%ec%a0%9c%ed%92%88\\\/%ec%bd%94%ec%95%8c%eb%9d%bc-%eb%aa%a8%ec%96%91-%ec%95%84%ea%b8%b0%ec%9a%a9-%ec%a0%96%eb%b3%91\",\"name\":\"Koala Shape Baby Bottles - Diller Water Bottle Manufacturer\",\"isPartOf\":{\"@id\":\"https:\\\/\\\/www.dillerbottle.com\\\/#website\"},\"primaryImageOfPage\":{\"@id\":\"https:\\\/\\\/www.dillerbottle.com\\\/ko\\\/%ec%a0%9c%ed%92%88\\\/%ec%bd%94%ec%95%8c%eb%9d%bc-%eb%aa%a8%ec%96%91-%ec%95%84%ea%b8%b0%ec%9a%a9-%ec%a0%96%eb%b3%91#primaryimage\"},\"image\":{\"@id\":\"https:\\\/\\\/www.dillerbottle.com\\\/ko\\\/%ec%a0%9c%ed%92%88\\\/%ec%bd%94%ec%95%8c%eb%9d%bc-%eb%aa%a8%ec%96%91-%ec%95%84%ea%b8%b0%ec%9a%a9-%ec%a0%96%eb%b3%91#primaryimage\"},\"thumbnailUrl\":\"https:\\\/\\\/www.dillerbottle.com\\\/wp-content\\\/uploads\\\/2024\\\/09\\\/koala-shape-baby-bottles44001c48-7910-46ce-a1a1-3309d973d32e.jpg\",\"datePublished\":\"2024-09-25T02:36:33+00:00\",\"dateModified\":\"2025-07-10T07:55:53+00:00\",\"description\":\"As one of the best koala shape baby bottles manufacturers and suppliers, we are engaged in manufacturing good quality water bottles. We warmly welcome you to wholesale or buy custom made koala shape baby bottles at competitive price from us. Also, small quantity orders are acceptable.\",\"breadcrumb\":{\"@id\":\"https:\\\/\\\/www.dillerbottle.com\\\/ko\\\/%ec%a0%9c%ed%92%88\\\/%ec%bd%94%ec%95%8c%eb%9d%bc-%eb%aa%a8%ec%96%91-%ec%95%84%ea%b8%b0%ec%9a%a9-%ec%a0%96%eb%b3%91#breadcrumb\"},\"inLanguage\":\"vi\",\"potentialAction\":[{\"@type\":\"ReadAction\",\"target\":[\"https:\\\/\\\/www.dillerbottle.com\\\/ko\\\/%ec%a0%9c%ed%92%88\\\/%ec%bd%94%ec%95%8c%eb%9d%bc-%eb%aa%a8%ec%96%91-%ec%95%84%ea%b8%b0%ec%9a%a9-%ec%a0%96%eb%b3%91\"]}]},{\"@type\":\"ImageObject\",\"inLanguage\":\"vi\",\"@id\":\"https:\\\/\\\/www.dillerbottle.com\\\/ko\\\/%ec%a0%9c%ed%92%88\\\/%ec%bd%94%ec%95%8c%eb%9d%bc-%eb%aa%a8%ec%96%91-%ec%95%84%ea%b8%b0%ec%9a%a9-%ec%a0%96%eb%b3%91#primaryimage\",\"url\":\"https:\\\/\\\/www.dillerbottle.com\\\/wp-content\\\/uploads\\\/2024\\\/09\\\/koala-shape-baby-bottles44001c48-7910-46ce-a1a1-3309d973d32e.jpg\",\"contentUrl\":\"https:\\\/\\\/www.dillerbottle.com\\\/wp-content\\\/uploads\\\/2024\\\/09\\\/koala-shape-baby-bottles44001c48-7910-46ce-a1a1-3309d973d32e.jpg\",\"width\":730,\"height\":730},{\"@type\":\"BreadcrumbList\",\"@id\":\"https:\\\/\\\/www.dillerbottle.com\\\/ko\\\/%ec%a0%9c%ed%92%88\\\/%ec%bd%94%ec%95%8c%eb%9d%bc-%eb%aa%a8%ec%96%91-%ec%95%84%ea%b8%b0%ec%9a%a9-%ec%a0%96%eb%b3%91#breadcrumb\",\"itemListElement\":[{\"@type\":\"ListItem\",\"position\":1,\"name\":\"Home\",\"item\":\"https:\\\/\\\/www.dillerbottle.com\\\/\"},{\"@type\":\"ListItem\",\"position\":2,\"name\":\"Products\",\"item\":\"https:\\\/\\\/www.dillerbottle.com\\\/shop\"},{\"@type\":\"ListItem\",\"position\":3,\"name\":\"Koala Shape Baby Bottles\"}]},{\"@type\":\"WebSite\",\"@id\":\"https:\\\/\\\/www.dillerbottle.com\\\/#website\",\"url\":\"https:\\\/\\\/www.dillerbottle.com\\\/\",\"name\":\"Diller Water Bottle Manufacturer\",\"description\":\"Water Bottle Manufacturer\",\"publisher\":{\"@id\":\"https:\\\/\\\/www.dillerbottle.com\\\/#organization\"},\"potentialAction\":[{\"@type\":\"SearchAction\",\"target\":{\"@type\":\"EntryPoint\",\"urlTemplate\":\"https:\\\/\\\/www.dillerbottle.com\\\/?s={search_term_string}\"},\"query-input\":{\"@type\":\"PropertyValueSpecification\",\"valueRequired\":true,\"valueName\":\"search_term_string\"}}],\"inLanguage\":\"vi\"},{\"@type\":\"Organization\",\"@id\":\"https:\\\/\\\/www.dillerbottle.com\\\/#organization\",\"name\":\"Diller Water Bottle Manufacturer\",\"url\":\"https:\\\/\\\/www.dillerbottle.com\\\/\",\"logo\":{\"@type\":\"ImageObject\",\"inLanguage\":\"vi\",\"@id\":\"https:\\\/\\\/www.dillerbottle.com\\\/#\\\/schema\\\/logo\\\/image\\\/\",\"url\":\"https:\\\/\\\/www.dillerbottle.com\\\/wp-content\\\/uploads\\\/2024\\\/09\\\/49918bfa848dcc1e9f8b509933603ac.png\",\"contentUrl\":\"https:\\\/\\\/www.dillerbottle.com\\\/wp-content\\\/uploads\\\/2024\\\/09\\\/49918bfa848dcc1e9f8b509933603ac.png\",\"width\":988,\"height\":198,\"caption\":\"Diller Water Bottle Manufacturer\"},\"image\":{\"@id\":\"https:\\\/\\\/www.dillerbottle.com\\\/#\\\/schema\\\/logo\\\/image\\\/\"}}]}<\/script>\n<!-- \/ Yoast SEO Premium plugin. -->","yoast_head_json":{"title":"B\u00ecnh s\u1eefa h\u00ecnh Koala - Nh\u00e0 s\u1ea3n xu\u1ea5t b\u00ecnh n\u01b0\u1edbc Diller","description":"L\u00e0 m\u1ed9t trong nh\u1eefng nh\u00e0 s\u1ea3n xu\u1ea5t v\u00e0 cung c\u1ea5p b\u00ecnh s\u1eefa h\u00ecnh g\u1ea5u t\u00fai t\u1ed1t nh\u1ea5t, ch\u00fang t\u00f4i tham gia s\u1ea3n xu\u1ea5t b\u00ecnh n\u01b0\u1edbc ch\u1ea5t l\u01b0\u1ee3ng t\u1ed1t. Ch\u00fang t\u00f4i n\u1ed3ng nhi\u1ec7t ch\u00e0o \u0111\u00f3n b\u1ea1n \u0111\u1ebfn b\u00e1n bu\u00f4n ho\u1eb7c mua b\u00ecnh s\u1eefa h\u00ecnh g\u1ea5u t\u00fai t\u00f9y ch\u1ec9nh v\u1edbi gi\u00e1 c\u1ea1nh tranh t\u1eeb ch\u00fang t\u00f4i. Ngo\u00e0i ra, ch\u00fang t\u00f4i c\u0169ng ch\u1ea5p nh\u1eadn \u0111\u01a1n \u0111\u1eb7t h\u00e0ng s\u1ed1 l\u01b0\u1ee3ng nh\u1ecf.","robots":{"index":"index","follow":"follow","max-snippet":"max-snippet:-1","max-image-preview":"max-image-preview:large","max-video-preview":"max-video-preview:-1"},"canonical":"https:\/\/www.dillerbottle.com\/vn\/cac-san-pham\/binh-sua-hinh-gau-tui","og_locale":"vi_VN","og_type":"article","og_title":"Koala Shape Baby Bottles","og_description":"As one of the best koala shape baby bottles manufacturers and suppliers, we are engaged in manufacturing good quality water bottles. We warmly welcome you to wholesale or buy custom made koala shape baby bottles at competitive price from us. Also, small quantity orders are acceptable.","og_url":"https:\/\/www.dillerbottle.com\/vn\/cac-san-pham\/binh-sua-hinh-gau-tui","og_site_name":"Diller Water Bottle Manufacturer","article_modified_time":"2025-07-10T07:55:53+00:00","og_image":[{"width":730,"height":730,"url":"https:\/\/www.dillerbottle.com\/wp-content\/uploads\/2024\/09\/koala-shape-baby-bottles44001c48-7910-46ce-a1a1-3309d973d32e.jpg","type":"image\/jpeg"}],"twitter_card":"summary_large_image","twitter_misc":{"\u01af\u1edbc t\u00ednh th\u1eddi gian \u0111\u1ecdc":"6 ph\u00fat"},"schema":{"@context":"https:\/\/schema.org","@graph":[{"@type":"WebPage","@id":"https:\/\/www.dillerbottle.com\/ko\/%ec%a0%9c%ed%92%88\/%ec%bd%94%ec%95%8c%eb%9d%bc-%eb%aa%a8%ec%96%91-%ec%95%84%ea%b8%b0%ec%9a%a9-%ec%a0%96%eb%b3%91","url":"https:\/\/www.dillerbottle.com\/ko\/%ec%a0%9c%ed%92%88\/%ec%bd%94%ec%95%8c%eb%9d%bc-%eb%aa%a8%ec%96%91-%ec%95%84%ea%b8%b0%ec%9a%a9-%ec%a0%96%eb%b3%91","name":"B\u00ecnh s\u1eefa h\u00ecnh Koala - Nh\u00e0 s\u1ea3n xu\u1ea5t b\u00ecnh n\u01b0\u1edbc Diller","isPartOf":{"@id":"https:\/\/www.dillerbottle.com\/#website"},"primaryImageOfPage":{"@id":"https:\/\/www.dillerbottle.com\/ko\/%ec%a0%9c%ed%92%88\/%ec%bd%94%ec%95%8c%eb%9d%bc-%eb%aa%a8%ec%96%91-%ec%95%84%ea%b8%b0%ec%9a%a9-%ec%a0%96%eb%b3%91#primaryimage"},"image":{"@id":"https:\/\/www.dillerbottle.com\/ko\/%ec%a0%9c%ed%92%88\/%ec%bd%94%ec%95%8c%eb%9d%bc-%eb%aa%a8%ec%96%91-%ec%95%84%ea%b8%b0%ec%9a%a9-%ec%a0%96%eb%b3%91#primaryimage"},"thumbnailUrl":"https:\/\/www.dillerbottle.com\/wp-content\/uploads\/2024\/09\/koala-shape-baby-bottles44001c48-7910-46ce-a1a1-3309d973d32e.jpg","datePublished":"2024-09-25T02:36:33+00:00","dateModified":"2025-07-10T07:55:53+00:00","description":"L\u00e0 m\u1ed9t trong nh\u1eefng nh\u00e0 s\u1ea3n xu\u1ea5t v\u00e0 cung c\u1ea5p b\u00ecnh s\u1eefa h\u00ecnh g\u1ea5u t\u00fai t\u1ed1t nh\u1ea5t, ch\u00fang t\u00f4i tham gia s\u1ea3n xu\u1ea5t b\u00ecnh n\u01b0\u1edbc ch\u1ea5t l\u01b0\u1ee3ng t\u1ed1t. Ch\u00fang t\u00f4i n\u1ed3ng nhi\u1ec7t ch\u00e0o \u0111\u00f3n b\u1ea1n \u0111\u1ebfn b\u00e1n bu\u00f4n ho\u1eb7c mua b\u00ecnh s\u1eefa h\u00ecnh g\u1ea5u t\u00fai t\u00f9y ch\u1ec9nh v\u1edbi gi\u00e1 c\u1ea1nh tranh t\u1eeb ch\u00fang t\u00f4i. Ngo\u00e0i ra, ch\u00fang t\u00f4i c\u0169ng ch\u1ea5p nh\u1eadn \u0111\u01a1n \u0111\u1eb7t h\u00e0ng s\u1ed1 l\u01b0\u1ee3ng nh\u1ecf.","breadcrumb":{"@id":"https:\/\/www.dillerbottle.com\/ko\/%ec%a0%9c%ed%92%88\/%ec%bd%94%ec%95%8c%eb%9d%bc-%eb%aa%a8%ec%96%91-%ec%95%84%ea%b8%b0%ec%9a%a9-%ec%a0%96%eb%b3%91#breadcrumb"},"inLanguage":"vi","potentialAction":[{"@type":"ReadAction","target":["https:\/\/www.dillerbottle.com\/ko\/%ec%a0%9c%ed%92%88\/%ec%bd%94%ec%95%8c%eb%9d%bc-%eb%aa%a8%ec%96%91-%ec%95%84%ea%b8%b0%ec%9a%a9-%ec%a0%96%eb%b3%91"]}]},{"@type":"ImageObject","inLanguage":"vi","@id":"https:\/\/www.dillerbottle.com\/ko\/%ec%a0%9c%ed%92%88\/%ec%bd%94%ec%95%8c%eb%9d%bc-%eb%aa%a8%ec%96%91-%ec%95%84%ea%b8%b0%ec%9a%a9-%ec%a0%96%eb%b3%91#primaryimage","url":"https:\/\/www.dillerbottle.com\/wp-content\/uploads\/2024\/09\/koala-shape-baby-bottles44001c48-7910-46ce-a1a1-3309d973d32e.jpg","contentUrl":"https:\/\/www.dillerbottle.com\/wp-content\/uploads\/2024\/09\/koala-shape-baby-bottles44001c48-7910-46ce-a1a1-3309d973d32e.jpg","width":730,"height":730},{"@type":"BreadcrumbList","@id":"https:\/\/www.dillerbottle.com\/ko\/%ec%a0%9c%ed%92%88\/%ec%bd%94%ec%95%8c%eb%9d%bc-%eb%aa%a8%ec%96%91-%ec%95%84%ea%b8%b0%ec%9a%a9-%ec%a0%96%eb%b3%91#breadcrumb","itemListElement":[{"@type":"ListItem","position":1,"name":"Home","item":"https:\/\/www.dillerbottle.com\/"},{"@type":"ListItem","position":2,"name":"Products","item":"https:\/\/www.dillerbottle.com\/shop"},{"@type":"ListItem","position":3,"name":"Koala Shape Baby Bottles"}]},{"@type":"WebSite","@id":"https:\/\/www.dillerbottle.com\/#website","url":"https:\/\/www.dillerbottle.com\/","name":"Nh\u00e0 s\u1ea3n xu\u1ea5t b\u00ecnh n\u01b0\u1edbc Diller","description":"Nh\u00e0 s\u1ea3n xu\u1ea5t b\u00ecnh n\u01b0\u1edbc","publisher":{"@id":"https:\/\/www.dillerbottle.com\/#organization"},"potentialAction":[{"@type":"SearchAction","target":{"@type":"EntryPoint","urlTemplate":"https:\/\/www.dillerbottle.com\/?s={search_term_string}"},"query-input":{"@type":"PropertyValueSpecification","valueRequired":true,"valueName":"search_term_string"}}],"inLanguage":"vi"},{"@type":"Organization","@id":"https:\/\/www.dillerbottle.com\/#organization","name":"Nh\u00e0 s\u1ea3n xu\u1ea5t b\u00ecnh n\u01b0\u1edbc Diller","url":"https:\/\/www.dillerbottle.com\/","logo":{"@type":"ImageObject","inLanguage":"vi","@id":"https:\/\/www.dillerbottle.com\/#\/schema\/logo\/image\/","url":"https:\/\/www.dillerbottle.com\/wp-content\/uploads\/2024\/09\/49918bfa848dcc1e9f8b509933603ac.png","contentUrl":"https:\/\/www.dillerbottle.com\/wp-content\/uploads\/2024\/09\/49918bfa848dcc1e9f8b509933603ac.png","width":988,"height":198,"caption":"Diller Water Bottle Manufacturer"},"image":{"@id":"https:\/\/www.dillerbottle.com\/#\/schema\/logo\/image\/"}}]}},"_links":{"self":[{"href":"https:\/\/www.dillerbottle.com\/vn\/wp-json\/wp\/v2\/product\/2297","targetHints":{"allow":["GET"]}}],"collection":[{"href":"https:\/\/www.dillerbottle.com\/vn\/wp-json\/wp\/v2\/product"}],"about":[{"href":"https:\/\/www.dillerbottle.com\/vn\/wp-json\/wp\/v2\/types\/product"}],"replies":[{"embeddable":true,"href":"https:\/\/www.dillerbottle.com\/vn\/wp-json\/wp\/v2\/comments?post=2297"}],"wp:featuredmedia":[{"embeddable":true,"href":"https:\/\/www.dillerbottle.com\/vn\/wp-json\/wp\/v2\/media\/2298"}],"wp:attachment":[{"href":"https:\/\/www.dillerbottle.com\/vn\/wp-json\/wp\/v2\/media?parent=2297"}],"wp:term":[{"taxonomy":"product_brand","embeddable":true,"href":"https:\/\/www.dillerbottle.com\/vn\/wp-json\/wp\/v2\/product_brand?post=2297"},{"taxonomy":"product_cat","embeddable":true,"href":"https:\/\/www.dillerbottle.com\/vn\/wp-json\/wp\/v2\/product_cat?post=2297"},{"taxonomy":"product_tag","embeddable":true,"href":"https:\/\/www.dillerbottle.com\/vn\/wp-json\/wp\/v2\/product_tag?post=2297"}],"curies":[{"name":"wp","href":"https:\/\/api.w.org\/{rel}","templated":true}]}}