{"id":2518,"date":"2024-09-25T16:46:09","date_gmt":"2024-09-25T08:46:09","guid":{"rendered":"https:\/\/demo.dillerbottle.com\/uncategorized\/baby-bottle-with-straw"},"modified":"2025-07-10T15:50:33","modified_gmt":"2025-07-10T07:50:33","slug":"binh-sua-co-ong-hut","status":"publish","type":"product","link":"https:\/\/www.dillerbottle.com\/vn\/products\/baby-bottle-with-straw","title":{"rendered":"B\u00ecnh s\u1eefa c\u00f3 \u1ed1ng h\u00fat"},"content":{"rendered":"<p>1. Pipet ch\u1eef V, ch\u1ed1ng r\u00f2 r\u1ec9 v\u00e0 ch\u1ed1ng ngh\u1eb9t.; V\u00f2i h\u00fat c\u1ea7n ph\u1ea3i \u0111\u01b0\u1ee3c c\u1eafn xu\u1ed1ng \u0111\u1ec3 h\u00fat n\u01b0\u1edbc ra, \u0111\u1ec3 tr\u00e1nh b\u1ecb ngh\u1eb9t do t\u1ed1c \u0111\u1ed9 d\u00f2ng ch\u1ea3y qu\u00e1 m\u1ee9c.<br \/>\n2. Tay c\u1ea7m c\u00f3 th\u1ec3 th\u00e1o r\u1eddi, tho\u1ea3i m\u00e1i, ch\u1ed1ng tr\u01b0\u1ee3t gi\u00fap tr\u1ebb nh\u1ecf ki\u1ec3m so\u00e1t vi\u1ec7c u\u1ed1ng n\u01b0\u1edbc.<br \/>\n3. B\u00ecnh n\u01b0\u1edbc cho b\u00e9 c\u00f3 v\u1ea1ch chia \u0111\u1ed9 ti\u1ec7n l\u1ee3i.<br \/>\n4.; Thi\u1ebft k\u1ebf h\u00ecnh c\u1ea7u tr\u1ecdng l\u1ef1c \u0111\u1ed9c \u0111\u00e1o, d\u00f9 ng\u1ed3i hay n\u1eb1m, b\u00e9 \u0111\u1ec1u c\u00f3 th\u1ec3 d\u1ec5 d\u00e0ng u\u1ed1ng n\u01b0\u1edbc t\u1eeb m\u1ecdi g\u00f3c \u0111\u1ed9. 5.100% Ch\u1ea5t li\u1ec7u Tritan kh\u00f4ng ch\u1ee9a BPA.; Th\u00e2n thi\u1ec7n v\u1edbi m\u00f4i tr\u01b0\u1eddng, kh\u00f4ng m\u00f9i, ch\u1ed1ng r\u01a1i, ch\u1ea5t li\u1ec7u chuy\u00ean d\u1ee5ng cho \u0111\u1ed3 d\u00f9ng c\u1ee7a b\u00e9.<\/p>","protected":false},"excerpt":{"rendered":"<p>T\u00ednh n\u0103ng: 1. Pipet ch\u1eef V, ch\u1ed1ng r\u00f2 r\u1ec9 v\u00e0 ch\u1ed1ng ngh\u1eb9t.<br \/>\nV\u00f2i h\u00fat c\u1ea7n ph\u1ea3i \u0111\u01b0\u1ee3c c\u1eafn xu\u1ed1ng \u0111\u1ec3 h\u00fat n\u01b0\u1edbc ra, \u0111\u1ec3 tr\u00e1nh b\u1ecb ngh\u1eb9t do t\u1ed1c \u0111\u1ed9 d\u00f2ng ch\u1ea3y qu\u00e1 l\u1edbn.<br \/>\n2. Tay c\u1ea7m c\u00f3 th\u1ec3 th\u00e1o r\u1eddi, tho\u1ea3i m\u00e1i, ch\u1ed1ng tr\u01b0\u1ee3t gi\u00fap tr\u1ebb nh\u1ecf ki\u1ec3m so\u00e1t vi\u1ec7c u\u1ed1ng n\u01b0\u1edbc.<br \/>\n3. B\u00ecnh n\u01b0\u1edbc cho b\u00e9 c\u00f3 v\u1ea1ch chia \u0111\u1ed9 ti\u1ec7n l\u1ee3i.<br \/>\n4.<br \/>\nThi\u1ebft k\u1ebf qu\u1ea3 c\u1ea7u tr\u1ecdng l\u1ef1c \u0111\u1ed9c \u0111\u00e1o, d\u00f9 ng\u1ed3i hay n\u1eb1m, b\u00e9 \u0111\u1ec1u c\u00f3 th\u1ec3 d\u1ec5 d\u00e0ng u\u1ed1ng n\u01b0\u1edbc t\u1eeb m\u1ecdi g\u00f3c \u0111\u1ed9\u2026<\/p>","protected":false},"featured_media":2519,"comment_status":"open","ping_status":"closed","template":"","meta":{"_acf_changed":false},"product_brand":[],"product_cat":[77],"product_tag":[95,32,36,33,31,39,38,29,37,34,35,28,30],"class_list":{"0":"post-2518","1":"product","2":"type-product","3":"status-publish","4":"has-post-thumbnail","6":"product_cat-baby-bottles","7":"product_tag-baby-bottle-with-straw","8":"product_tag-best","9":"product_tag-bulk","10":"product_tag-buy","11":"product_tag-custom","12":"product_tag-for-sale","13":"product_tag-good-quality","14":"product_tag-manufacturers","15":"product_tag-manufacturing","16":"product_tag-price","17":"product_tag-small","18":"product_tag-suppliers","19":"product_tag-wholesale","21":"first","22":"instock","23":"shipping-taxable","24":"product-type-simple"},"acf":[],"yoast_head":"<!-- This site is optimized with the Yoast SEO Premium plugin v27.4 (Yoast SEO v27.4) - https:\/\/yoast.com\/product\/yoast-seo-premium-wordpress\/ -->\n<title>Baby Bottle With Straw - Diller Water Bottle Manufacturer<\/title>\n<meta name=\"description\" content=\"As one of the best baby bottle with straw manufacturers and suppliers, we are engaged in manufacturing good quality water bottles. We warmly welcome you to wholesale or buy custom made baby bottle with straw at competitive price from us. Also, small quantity orders are acceptable.\" \/>\n<meta name=\"robots\" content=\"index, follow, max-snippet:-1, max-image-preview:large, max-video-preview:-1\" \/>\n<link rel=\"canonical\" href=\"https:\/\/www.dillerbottle.com\/vn\/cac-san-pham\/binh-sua-co-ong-hut\" \/>\n<meta property=\"og:locale\" content=\"vi_VN\" \/>\n<meta property=\"og:type\" content=\"article\" \/>\n<meta property=\"og:title\" content=\"Baby Bottle With Straw\" \/>\n<meta property=\"og:description\" content=\"As one of the best baby bottle with straw manufacturers and suppliers, we are engaged in manufacturing good quality water bottles. We warmly welcome you to wholesale or buy custom made baby bottle with straw at competitive price from us. Also, small quantity orders are acceptable.\" \/>\n<meta property=\"og:url\" content=\"https:\/\/www.dillerbottle.com\/vn\/cac-san-pham\/binh-sua-co-ong-hut\" \/>\n<meta property=\"og:site_name\" content=\"Diller Water Bottle Manufacturer\" \/>\n<meta property=\"article:modified_time\" content=\"2025-07-10T07:50:33+00:00\" \/>\n<meta property=\"og:image\" content=\"https:\/\/www.dillerbottle.com\/wp-content\/uploads\/2024\/09\/kids-drink-bottle-with-straw22332344492.jpg\" \/>\n\t<meta property=\"og:image:width\" content=\"730\" \/>\n\t<meta property=\"og:image:height\" content=\"730\" \/>\n\t<meta property=\"og:image:type\" content=\"image\/jpeg\" \/>\n<meta name=\"twitter:card\" content=\"summary_large_image\" \/>\n<meta name=\"twitter:label1\" content=\"\u01af\u1edbc t\u00ednh th\u1eddi gian \u0111\u1ecdc\" \/>\n\t<meta name=\"twitter:data1\" content=\"3 ph\u00fat\" \/>\n<script type=\"application\/ld+json\" class=\"yoast-schema-graph\">{\"@context\":\"https:\\\/\\\/schema.org\",\"@graph\":[{\"@type\":\"WebPage\",\"@id\":\"https:\\\/\\\/www.dillerbottle.com\\\/products\\\/baby-bottle-with-straw\",\"url\":\"https:\\\/\\\/www.dillerbottle.com\\\/products\\\/baby-bottle-with-straw\",\"name\":\"Baby Bottle With Straw - Diller Water Bottle Manufacturer\",\"isPartOf\":{\"@id\":\"https:\\\/\\\/www.dillerbottle.com\\\/#website\"},\"primaryImageOfPage\":{\"@id\":\"https:\\\/\\\/www.dillerbottle.com\\\/products\\\/baby-bottle-with-straw#primaryimage\"},\"image\":{\"@id\":\"https:\\\/\\\/www.dillerbottle.com\\\/products\\\/baby-bottle-with-straw#primaryimage\"},\"thumbnailUrl\":\"https:\\\/\\\/www.dillerbottle.com\\\/wp-content\\\/uploads\\\/2024\\\/09\\\/kids-drink-bottle-with-straw22332344492.jpg\",\"datePublished\":\"2024-09-25T08:46:09+00:00\",\"dateModified\":\"2025-07-10T07:50:33+00:00\",\"description\":\"As one of the best baby bottle with straw manufacturers and suppliers, we are engaged in manufacturing good quality water bottles. We warmly welcome you to wholesale or buy custom made baby bottle with straw at competitive price from us. Also, small quantity orders are acceptable.\",\"breadcrumb\":{\"@id\":\"https:\\\/\\\/www.dillerbottle.com\\\/products\\\/baby-bottle-with-straw#breadcrumb\"},\"inLanguage\":\"vi\",\"potentialAction\":[{\"@type\":\"ReadAction\",\"target\":[\"https:\\\/\\\/www.dillerbottle.com\\\/products\\\/baby-bottle-with-straw\"]}]},{\"@type\":\"ImageObject\",\"inLanguage\":\"vi\",\"@id\":\"https:\\\/\\\/www.dillerbottle.com\\\/products\\\/baby-bottle-with-straw#primaryimage\",\"url\":\"https:\\\/\\\/www.dillerbottle.com\\\/wp-content\\\/uploads\\\/2024\\\/09\\\/kids-drink-bottle-with-straw22332344492.jpg\",\"contentUrl\":\"https:\\\/\\\/www.dillerbottle.com\\\/wp-content\\\/uploads\\\/2024\\\/09\\\/kids-drink-bottle-with-straw22332344492.jpg\",\"width\":730,\"height\":730},{\"@type\":\"BreadcrumbList\",\"@id\":\"https:\\\/\\\/www.dillerbottle.com\\\/products\\\/baby-bottle-with-straw#breadcrumb\",\"itemListElement\":[{\"@type\":\"ListItem\",\"position\":1,\"name\":\"Home\",\"item\":\"https:\\\/\\\/www.dillerbottle.com\\\/\"},{\"@type\":\"ListItem\",\"position\":2,\"name\":\"Products\",\"item\":\"https:\\\/\\\/www.dillerbottle.com\\\/shop\"},{\"@type\":\"ListItem\",\"position\":3,\"name\":\"Baby Bottle With Straw\"}]},{\"@type\":\"WebSite\",\"@id\":\"https:\\\/\\\/www.dillerbottle.com\\\/#website\",\"url\":\"https:\\\/\\\/www.dillerbottle.com\\\/\",\"name\":\"Diller Water Bottle Manufacturer\",\"description\":\"Water Bottle Manufacturer\",\"publisher\":{\"@id\":\"https:\\\/\\\/www.dillerbottle.com\\\/#organization\"},\"potentialAction\":[{\"@type\":\"SearchAction\",\"target\":{\"@type\":\"EntryPoint\",\"urlTemplate\":\"https:\\\/\\\/www.dillerbottle.com\\\/?s={search_term_string}\"},\"query-input\":{\"@type\":\"PropertyValueSpecification\",\"valueRequired\":true,\"valueName\":\"search_term_string\"}}],\"inLanguage\":\"vi\"},{\"@type\":\"Organization\",\"@id\":\"https:\\\/\\\/www.dillerbottle.com\\\/#organization\",\"name\":\"Diller Water Bottle Manufacturer\",\"url\":\"https:\\\/\\\/www.dillerbottle.com\\\/\",\"logo\":{\"@type\":\"ImageObject\",\"inLanguage\":\"vi\",\"@id\":\"https:\\\/\\\/www.dillerbottle.com\\\/#\\\/schema\\\/logo\\\/image\\\/\",\"url\":\"https:\\\/\\\/www.dillerbottle.com\\\/wp-content\\\/uploads\\\/2024\\\/09\\\/49918bfa848dcc1e9f8b509933603ac.png\",\"contentUrl\":\"https:\\\/\\\/www.dillerbottle.com\\\/wp-content\\\/uploads\\\/2024\\\/09\\\/49918bfa848dcc1e9f8b509933603ac.png\",\"width\":988,\"height\":198,\"caption\":\"Diller Water Bottle Manufacturer\"},\"image\":{\"@id\":\"https:\\\/\\\/www.dillerbottle.com\\\/#\\\/schema\\\/logo\\\/image\\\/\"}}]}<\/script>\n<!-- \/ Yoast SEO Premium plugin. -->","yoast_head_json":{"title":"B\u00ecnh s\u1eefa c\u00f3 \u1ed1ng h\u00fat - Nh\u00e0 s\u1ea3n xu\u1ea5t b\u00ecnh n\u01b0\u1edbc Diller","description":"L\u00e0 m\u1ed9t trong nh\u1eefng nh\u00e0 s\u1ea3n xu\u1ea5t v\u00e0 cung c\u1ea5p b\u00ecnh s\u1eefa c\u00f3 \u1ed1ng h\u00fat t\u1ed1t nh\u1ea5t, ch\u00fang t\u00f4i tham gia s\u1ea3n xu\u1ea5t b\u00ecnh n\u01b0\u1edbc ch\u1ea5t l\u01b0\u1ee3ng t\u1ed1t. Ch\u00fang t\u00f4i n\u1ed3ng nhi\u1ec7t ch\u00e0o \u0111\u00f3n b\u1ea1n \u0111\u1ebfn b\u00e1n bu\u00f4n ho\u1eb7c mua b\u00ecnh s\u1eefa c\u00f3 \u1ed1ng h\u00fat t\u00f9y ch\u1ec9nh v\u1edbi gi\u00e1 c\u1ea1nh tranh t\u1eeb ch\u00fang t\u00f4i. Ngo\u00e0i ra, ch\u00fang t\u00f4i c\u0169ng ch\u1ea5p nh\u1eadn \u0111\u01a1n \u0111\u1eb7t h\u00e0ng s\u1ed1 l\u01b0\u1ee3ng nh\u1ecf.","robots":{"index":"index","follow":"follow","max-snippet":"max-snippet:-1","max-image-preview":"max-image-preview:large","max-video-preview":"max-video-preview:-1"},"canonical":"https:\/\/www.dillerbottle.com\/vn\/cac-san-pham\/binh-sua-co-ong-hut","og_locale":"vi_VN","og_type":"article","og_title":"Baby Bottle With Straw","og_description":"As one of the best baby bottle with straw manufacturers and suppliers, we are engaged in manufacturing good quality water bottles. We warmly welcome you to wholesale or buy custom made baby bottle with straw at competitive price from us. Also, small quantity orders are acceptable.","og_url":"https:\/\/www.dillerbottle.com\/vn\/cac-san-pham\/binh-sua-co-ong-hut","og_site_name":"Diller Water Bottle Manufacturer","article_modified_time":"2025-07-10T07:50:33+00:00","og_image":[{"width":730,"height":730,"url":"https:\/\/www.dillerbottle.com\/wp-content\/uploads\/2024\/09\/kids-drink-bottle-with-straw22332344492.jpg","type":"image\/jpeg"}],"twitter_card":"summary_large_image","twitter_misc":{"\u01af\u1edbc t\u00ednh th\u1eddi gian \u0111\u1ecdc":"3 ph\u00fat"},"schema":{"@context":"https:\/\/schema.org","@graph":[{"@type":"WebPage","@id":"https:\/\/www.dillerbottle.com\/products\/baby-bottle-with-straw","url":"https:\/\/www.dillerbottle.com\/products\/baby-bottle-with-straw","name":"B\u00ecnh s\u1eefa c\u00f3 \u1ed1ng h\u00fat - Nh\u00e0 s\u1ea3n xu\u1ea5t b\u00ecnh n\u01b0\u1edbc Diller","isPartOf":{"@id":"https:\/\/www.dillerbottle.com\/#website"},"primaryImageOfPage":{"@id":"https:\/\/www.dillerbottle.com\/products\/baby-bottle-with-straw#primaryimage"},"image":{"@id":"https:\/\/www.dillerbottle.com\/products\/baby-bottle-with-straw#primaryimage"},"thumbnailUrl":"https:\/\/www.dillerbottle.com\/wp-content\/uploads\/2024\/09\/kids-drink-bottle-with-straw22332344492.jpg","datePublished":"2024-09-25T08:46:09+00:00","dateModified":"2025-07-10T07:50:33+00:00","description":"L\u00e0 m\u1ed9t trong nh\u1eefng nh\u00e0 s\u1ea3n xu\u1ea5t v\u00e0 cung c\u1ea5p b\u00ecnh s\u1eefa c\u00f3 \u1ed1ng h\u00fat t\u1ed1t nh\u1ea5t, ch\u00fang t\u00f4i tham gia s\u1ea3n xu\u1ea5t b\u00ecnh n\u01b0\u1edbc ch\u1ea5t l\u01b0\u1ee3ng t\u1ed1t. Ch\u00fang t\u00f4i n\u1ed3ng nhi\u1ec7t ch\u00e0o \u0111\u00f3n b\u1ea1n \u0111\u1ebfn b\u00e1n bu\u00f4n ho\u1eb7c mua b\u00ecnh s\u1eefa c\u00f3 \u1ed1ng h\u00fat t\u00f9y ch\u1ec9nh v\u1edbi gi\u00e1 c\u1ea1nh tranh t\u1eeb ch\u00fang t\u00f4i. Ngo\u00e0i ra, ch\u00fang t\u00f4i c\u0169ng ch\u1ea5p nh\u1eadn \u0111\u01a1n \u0111\u1eb7t h\u00e0ng s\u1ed1 l\u01b0\u1ee3ng nh\u1ecf.","breadcrumb":{"@id":"https:\/\/www.dillerbottle.com\/products\/baby-bottle-with-straw#breadcrumb"},"inLanguage":"vi","potentialAction":[{"@type":"ReadAction","target":["https:\/\/www.dillerbottle.com\/products\/baby-bottle-with-straw"]}]},{"@type":"ImageObject","inLanguage":"vi","@id":"https:\/\/www.dillerbottle.com\/products\/baby-bottle-with-straw#primaryimage","url":"https:\/\/www.dillerbottle.com\/wp-content\/uploads\/2024\/09\/kids-drink-bottle-with-straw22332344492.jpg","contentUrl":"https:\/\/www.dillerbottle.com\/wp-content\/uploads\/2024\/09\/kids-drink-bottle-with-straw22332344492.jpg","width":730,"height":730},{"@type":"BreadcrumbList","@id":"https:\/\/www.dillerbottle.com\/products\/baby-bottle-with-straw#breadcrumb","itemListElement":[{"@type":"ListItem","position":1,"name":"Home","item":"https:\/\/www.dillerbottle.com\/"},{"@type":"ListItem","position":2,"name":"Products","item":"https:\/\/www.dillerbottle.com\/shop"},{"@type":"ListItem","position":3,"name":"Baby Bottle With Straw"}]},{"@type":"WebSite","@id":"https:\/\/www.dillerbottle.com\/#website","url":"https:\/\/www.dillerbottle.com\/","name":"Nh\u00e0 s\u1ea3n xu\u1ea5t b\u00ecnh n\u01b0\u1edbc Diller","description":"Nh\u00e0 s\u1ea3n xu\u1ea5t b\u00ecnh n\u01b0\u1edbc","publisher":{"@id":"https:\/\/www.dillerbottle.com\/#organization"},"potentialAction":[{"@type":"SearchAction","target":{"@type":"EntryPoint","urlTemplate":"https:\/\/www.dillerbottle.com\/?s={search_term_string}"},"query-input":{"@type":"PropertyValueSpecification","valueRequired":true,"valueName":"search_term_string"}}],"inLanguage":"vi"},{"@type":"Organization","@id":"https:\/\/www.dillerbottle.com\/#organization","name":"Nh\u00e0 s\u1ea3n xu\u1ea5t b\u00ecnh n\u01b0\u1edbc Diller","url":"https:\/\/www.dillerbottle.com\/","logo":{"@type":"ImageObject","inLanguage":"vi","@id":"https:\/\/www.dillerbottle.com\/#\/schema\/logo\/image\/","url":"https:\/\/www.dillerbottle.com\/wp-content\/uploads\/2024\/09\/49918bfa848dcc1e9f8b509933603ac.png","contentUrl":"https:\/\/www.dillerbottle.com\/wp-content\/uploads\/2024\/09\/49918bfa848dcc1e9f8b509933603ac.png","width":988,"height":198,"caption":"Diller Water Bottle Manufacturer"},"image":{"@id":"https:\/\/www.dillerbottle.com\/#\/schema\/logo\/image\/"}}]}},"_links":{"self":[{"href":"https:\/\/www.dillerbottle.com\/vn\/wp-json\/wp\/v2\/product\/2518","targetHints":{"allow":["GET"]}}],"collection":[{"href":"https:\/\/www.dillerbottle.com\/vn\/wp-json\/wp\/v2\/product"}],"about":[{"href":"https:\/\/www.dillerbottle.com\/vn\/wp-json\/wp\/v2\/types\/product"}],"replies":[{"embeddable":true,"href":"https:\/\/www.dillerbottle.com\/vn\/wp-json\/wp\/v2\/comments?post=2518"}],"wp:featuredmedia":[{"embeddable":true,"href":"https:\/\/www.dillerbottle.com\/vn\/wp-json\/wp\/v2\/media\/2519"}],"wp:attachment":[{"href":"https:\/\/www.dillerbottle.com\/vn\/wp-json\/wp\/v2\/media?parent=2518"}],"wp:term":[{"taxonomy":"product_brand","embeddable":true,"href":"https:\/\/www.dillerbottle.com\/vn\/wp-json\/wp\/v2\/product_brand?post=2518"},{"taxonomy":"product_cat","embeddable":true,"href":"https:\/\/www.dillerbottle.com\/vn\/wp-json\/wp\/v2\/product_cat?post=2518"},{"taxonomy":"product_tag","embeddable":true,"href":"https:\/\/www.dillerbottle.com\/vn\/wp-json\/wp\/v2\/product_tag?post=2518"}],"curies":[{"name":"wp","href":"https:\/\/api.w.org\/{rel}","templated":true}]}}