{"id":2550,"date":"2024-09-25T16:46:28","date_gmt":"2024-09-25T08:46:28","guid":{"rendered":"https:\/\/demo.dillerbottle.com\/uncategorized\/bottle-feeding-newborn"},"modified":"2025-07-10T15:47:32","modified_gmt":"2025-07-10T07:47:32","slug":"cho-tre-so-sinh-bu-binh","status":"publish","type":"product","link":"https:\/\/www.dillerbottle.com\/vn\/products\/bottle-feeding-newborn","title":{"rendered":"Cho tr\u1ebb s\u01a1 sinh b\u00fa b\u00ecnh"},"content":{"rendered":"<p>1. B\u00ecnh s\u1eefa cho tr\u1ebb s\u01a1 sinh \u0111\u01b0\u1ee3c thi\u1ebft k\u1ebf m\u00f4 ph\u1ecfng g\u1ea7n nh\u1ea5t v\u1edbi vi\u1ec7c b\u00fa m\u1eb9 \u0111\u1ec3 gi\u1ea3m thi\u1ec3u t\u00ecnh tr\u1ea1ng tr\u1ebb t\u1eeb ch\u1ed1i b\u00ecnh s\u1eefa v\u00e0 nh\u1ea7m n\u00fam v\u00fa.<br \/>\n2. \u0110\u01b0\u1ee3c l\u00e0m b\u1eb1ng nh\u1ef1a PPSU an to\u00e0n, kh\u00f4ng ch\u1ee9a BPA.<br \/>\n3. B\u00ecnh s\u1eefa cho b\u00e9 u\u1ed1n cong nh\u01b0 v\u00fa m\u1eb9 v\u00e0 t\u1ea1o c\u1ea3m gi\u00e1c nh\u01b0 m\u1eb9 v\u00ec b\u00e9 th\u00edch nh\u01b0 v\u1eady. V\u1edbi kh\u1ea3 n\u0103ng ch\u1ea5p nh\u1eadn c\u1ee7a b\u00e9 \u0111\u01b0\u1ee3c \u0111\u1ea3m b\u1ea3o v\u00e0 van ch\u1ed1ng \u0111\u1ea7y h\u01a1i si\u00eau nh\u1ea1y, \u0111\u00e2y l\u00e0 s\u1ea3n ph\u1ea9m t\u1ed1t nh\u1ea5t cho b\u00e9.<br \/>\n4. Thi\u1ebft k\u1ebf mi\u1ec7ng b\u00ecnh si\u00eau r\u1ed9ng, d\u1ec5 v\u1ec7 sinh v\u00e0 r\u00f3t n\u01b0\u1edbc. 5. C\u00f3 tay c\u1ea7m ch\u1ed1ng tr\u01b0\u1ee3t c\u00f3 th\u1ec3 th\u00e1o r\u1eddi, thu\u1eadn ti\u1ec7n cho b\u00e9 c\u1ea7m n\u1eafm.<\/p>","protected":false},"excerpt":{"rendered":"<p>T\u00ednh n\u0103ng: 1. B\u00ecnh s\u1eefa cho tr\u1ebb s\u01a1 sinh \u0111\u01b0\u1ee3c thi\u1ebft k\u1ebf m\u00f4 ph\u1ecfng g\u1ea7n nh\u1ea5t v\u1edbi vi\u1ec7c b\u00fa m\u1eb9 \u0111\u1ec3 gi\u1ea3m thi\u1ec3u t\u00ecnh tr\u1ea1ng tr\u1ebb t\u1eeb ch\u1ed1i b\u00ecnh s\u1eefa v\u00e0 nh\u1ea7m n\u00fam v\u00fa.<br \/>\n2.<br \/>\n\u0110\u01b0\u1ee3c l\u00e0m b\u1eb1ng nh\u1ef1a PPSU an to\u00e0n, kh\u00f4ng ch\u1ee9a BPA.<br \/>\n3. B\u00ecnh s\u1eefa m\u1ec1m m\u1ea1i nh\u01b0 ng\u1ef1c m\u1eb9 v\u00e0 mang l\u1ea1i c\u1ea3m gi\u00e1c nh\u01b0 m\u1eb9 v\u00ec tr\u1ebb th\u00edch nh\u01b0 v\u1eady.<br \/>\nV\u1edbi s\u1ef1 \u0111\u1ea3m b\u1ea3o sinh con\u2026<\/p>","protected":false},"featured_media":2551,"comment_status":"open","ping_status":"closed","template":"","meta":{"_acf_changed":false},"product_brand":[],"product_cat":[77],"product_tag":[32,98,36,33,31,39,38,29,37,34,35,28,30],"class_list":{"0":"post-2550","1":"product","2":"type-product","3":"status-publish","4":"has-post-thumbnail","6":"product_cat-baby-bottles","7":"product_tag-best","8":"product_tag-bottle-feeding-newborn","9":"product_tag-bulk","10":"product_tag-buy","11":"product_tag-custom","12":"product_tag-for-sale","13":"product_tag-good-quality","14":"product_tag-manufacturers","15":"product_tag-manufacturing","16":"product_tag-price","17":"product_tag-small","18":"product_tag-suppliers","19":"product_tag-wholesale","21":"first","22":"instock","23":"shipping-taxable","24":"product-type-simple"},"acf":[],"yoast_head":"<!-- This site is optimized with the Yoast SEO Premium plugin v27.4 (Yoast SEO v27.4) - https:\/\/yoast.com\/product\/yoast-seo-premium-wordpress\/ -->\n<title>Bottle Feeding Newborn - Diller Water Bottle Manufacturer<\/title>\n<meta name=\"description\" content=\"As one of the best bottle feeding newborn manufacturers and suppliers, we are engaged in manufacturing good quality water bottles. We warmly welcome you to wholesale or buy custom made bottle feeding newborn at competitive price from us. Also, small quantity orders are acceptable.\" \/>\n<meta name=\"robots\" content=\"index, follow, max-snippet:-1, max-image-preview:large, max-video-preview:-1\" \/>\n<link rel=\"canonical\" href=\"https:\/\/www.dillerbottle.com\/vn\/cac-san-pham\/cho-tre-so-sinh-bu-binh\" \/>\n<meta property=\"og:locale\" content=\"vi_VN\" \/>\n<meta property=\"og:type\" content=\"article\" \/>\n<meta property=\"og:title\" content=\"Bottle Feeding Newborn\" \/>\n<meta property=\"og:description\" content=\"As one of the best bottle feeding newborn manufacturers and suppliers, we are engaged in manufacturing good quality water bottles. We warmly welcome you to wholesale or buy custom made bottle feeding newborn at competitive price from us. Also, small quantity orders are acceptable.\" \/>\n<meta property=\"og:url\" content=\"https:\/\/www.dillerbottle.com\/vn\/cac-san-pham\/cho-tre-so-sinh-bu-binh\" \/>\n<meta property=\"og:site_name\" content=\"Diller Water Bottle Manufacturer\" \/>\n<meta property=\"article:modified_time\" content=\"2025-07-10T07:47:32+00:00\" \/>\n<meta property=\"og:image\" content=\"https:\/\/www.dillerbottle.com\/wp-content\/uploads\/2024\/09\/bottle-feeding-newborn37311871557.jpg\" \/>\n\t<meta property=\"og:image:width\" content=\"730\" \/>\n\t<meta property=\"og:image:height\" content=\"730\" \/>\n\t<meta property=\"og:image:type\" content=\"image\/jpeg\" \/>\n<meta name=\"twitter:card\" content=\"summary_large_image\" \/>\n<meta name=\"twitter:label1\" content=\"\u01af\u1edbc t\u00ednh th\u1eddi gian \u0111\u1ecdc\" \/>\n\t<meta name=\"twitter:data1\" content=\"2 ph\u00fat\" \/>\n<script type=\"application\/ld+json\" class=\"yoast-schema-graph\">{\"@context\":\"https:\\\/\\\/schema.org\",\"@graph\":[{\"@type\":\"WebPage\",\"@id\":\"https:\\\/\\\/www.dillerbottle.com\\\/ja\\\/%e8%a3%bd%e5%93%81\\\/%e6%96%b0%e7%94%9f%e5%85%90%e3%81%ab%e5%93%ba%e4%b9%b3%e7%93%b6%e3%81%a7%e6%8e%88%e4%b9%b3%e3%81%99%e3%82%8b\",\"url\":\"https:\\\/\\\/www.dillerbottle.com\\\/ja\\\/%e8%a3%bd%e5%93%81\\\/%e6%96%b0%e7%94%9f%e5%85%90%e3%81%ab%e5%93%ba%e4%b9%b3%e7%93%b6%e3%81%a7%e6%8e%88%e4%b9%b3%e3%81%99%e3%82%8b\",\"name\":\"Bottle Feeding Newborn - Diller Water Bottle Manufacturer\",\"isPartOf\":{\"@id\":\"https:\\\/\\\/www.dillerbottle.com\\\/#website\"},\"primaryImageOfPage\":{\"@id\":\"https:\\\/\\\/www.dillerbottle.com\\\/ja\\\/%e8%a3%bd%e5%93%81\\\/%e6%96%b0%e7%94%9f%e5%85%90%e3%81%ab%e5%93%ba%e4%b9%b3%e7%93%b6%e3%81%a7%e6%8e%88%e4%b9%b3%e3%81%99%e3%82%8b#primaryimage\"},\"image\":{\"@id\":\"https:\\\/\\\/www.dillerbottle.com\\\/ja\\\/%e8%a3%bd%e5%93%81\\\/%e6%96%b0%e7%94%9f%e5%85%90%e3%81%ab%e5%93%ba%e4%b9%b3%e7%93%b6%e3%81%a7%e6%8e%88%e4%b9%b3%e3%81%99%e3%82%8b#primaryimage\"},\"thumbnailUrl\":\"https:\\\/\\\/www.dillerbottle.com\\\/wp-content\\\/uploads\\\/2024\\\/09\\\/bottle-feeding-newborn37311871557.jpg\",\"datePublished\":\"2024-09-25T08:46:28+00:00\",\"dateModified\":\"2025-07-10T07:47:32+00:00\",\"description\":\"As one of the best bottle feeding newborn manufacturers and suppliers, we are engaged in manufacturing good quality water bottles. We warmly welcome you to wholesale or buy custom made bottle feeding newborn at competitive price from us. Also, small quantity orders are acceptable.\",\"breadcrumb\":{\"@id\":\"https:\\\/\\\/www.dillerbottle.com\\\/ja\\\/%e8%a3%bd%e5%93%81\\\/%e6%96%b0%e7%94%9f%e5%85%90%e3%81%ab%e5%93%ba%e4%b9%b3%e7%93%b6%e3%81%a7%e6%8e%88%e4%b9%b3%e3%81%99%e3%82%8b#breadcrumb\"},\"inLanguage\":\"vi\",\"potentialAction\":[{\"@type\":\"ReadAction\",\"target\":[\"https:\\\/\\\/www.dillerbottle.com\\\/ja\\\/%e8%a3%bd%e5%93%81\\\/%e6%96%b0%e7%94%9f%e5%85%90%e3%81%ab%e5%93%ba%e4%b9%b3%e7%93%b6%e3%81%a7%e6%8e%88%e4%b9%b3%e3%81%99%e3%82%8b\"]}]},{\"@type\":\"ImageObject\",\"inLanguage\":\"vi\",\"@id\":\"https:\\\/\\\/www.dillerbottle.com\\\/ja\\\/%e8%a3%bd%e5%93%81\\\/%e6%96%b0%e7%94%9f%e5%85%90%e3%81%ab%e5%93%ba%e4%b9%b3%e7%93%b6%e3%81%a7%e6%8e%88%e4%b9%b3%e3%81%99%e3%82%8b#primaryimage\",\"url\":\"https:\\\/\\\/www.dillerbottle.com\\\/wp-content\\\/uploads\\\/2024\\\/09\\\/bottle-feeding-newborn37311871557.jpg\",\"contentUrl\":\"https:\\\/\\\/www.dillerbottle.com\\\/wp-content\\\/uploads\\\/2024\\\/09\\\/bottle-feeding-newborn37311871557.jpg\",\"width\":730,\"height\":730},{\"@type\":\"BreadcrumbList\",\"@id\":\"https:\\\/\\\/www.dillerbottle.com\\\/ja\\\/%e8%a3%bd%e5%93%81\\\/%e6%96%b0%e7%94%9f%e5%85%90%e3%81%ab%e5%93%ba%e4%b9%b3%e7%93%b6%e3%81%a7%e6%8e%88%e4%b9%b3%e3%81%99%e3%82%8b#breadcrumb\",\"itemListElement\":[{\"@type\":\"ListItem\",\"position\":1,\"name\":\"Home\",\"item\":\"https:\\\/\\\/www.dillerbottle.com\\\/\"},{\"@type\":\"ListItem\",\"position\":2,\"name\":\"Products\",\"item\":\"https:\\\/\\\/www.dillerbottle.com\\\/shop\"},{\"@type\":\"ListItem\",\"position\":3,\"name\":\"Bottle Feeding Newborn\"}]},{\"@type\":\"WebSite\",\"@id\":\"https:\\\/\\\/www.dillerbottle.com\\\/#website\",\"url\":\"https:\\\/\\\/www.dillerbottle.com\\\/\",\"name\":\"Diller Water Bottle Manufacturer\",\"description\":\"Water Bottle Manufacturer\",\"publisher\":{\"@id\":\"https:\\\/\\\/www.dillerbottle.com\\\/#organization\"},\"potentialAction\":[{\"@type\":\"SearchAction\",\"target\":{\"@type\":\"EntryPoint\",\"urlTemplate\":\"https:\\\/\\\/www.dillerbottle.com\\\/?s={search_term_string}\"},\"query-input\":{\"@type\":\"PropertyValueSpecification\",\"valueRequired\":true,\"valueName\":\"search_term_string\"}}],\"inLanguage\":\"vi\"},{\"@type\":\"Organization\",\"@id\":\"https:\\\/\\\/www.dillerbottle.com\\\/#organization\",\"name\":\"Diller Water Bottle Manufacturer\",\"url\":\"https:\\\/\\\/www.dillerbottle.com\\\/\",\"logo\":{\"@type\":\"ImageObject\",\"inLanguage\":\"vi\",\"@id\":\"https:\\\/\\\/www.dillerbottle.com\\\/#\\\/schema\\\/logo\\\/image\\\/\",\"url\":\"https:\\\/\\\/www.dillerbottle.com\\\/wp-content\\\/uploads\\\/2024\\\/09\\\/49918bfa848dcc1e9f8b509933603ac.png\",\"contentUrl\":\"https:\\\/\\\/www.dillerbottle.com\\\/wp-content\\\/uploads\\\/2024\\\/09\\\/49918bfa848dcc1e9f8b509933603ac.png\",\"width\":988,\"height\":198,\"caption\":\"Diller Water Bottle Manufacturer\"},\"image\":{\"@id\":\"https:\\\/\\\/www.dillerbottle.com\\\/#\\\/schema\\\/logo\\\/image\\\/\"}}]}<\/script>\n<!-- \/ Yoast SEO Premium plugin. -->","yoast_head_json":{"title":"B\u00ecnh s\u1eefa cho tr\u1ebb s\u01a1 sinh - Nh\u00e0 s\u1ea3n xu\u1ea5t b\u00ecnh n\u01b0\u1edbc Diller","description":"L\u00e0 m\u1ed9t trong nh\u1eefng nh\u00e0 s\u1ea3n xu\u1ea5t v\u00e0 cung c\u1ea5p b\u00ecnh s\u1eefa cho tr\u1ebb s\u01a1 sinh t\u1ed1t nh\u1ea5t, ch\u00fang t\u00f4i tham gia s\u1ea3n xu\u1ea5t b\u00ecnh n\u01b0\u1edbc ch\u1ea5t l\u01b0\u1ee3ng t\u1ed1t. Ch\u00fang t\u00f4i n\u1ed3ng nhi\u1ec7t ch\u00e0o \u0111\u00f3n b\u1ea1n \u0111\u1ebfn b\u00e1n bu\u00f4n ho\u1eb7c mua b\u00ecnh s\u1eefa cho tr\u1ebb s\u01a1 sinh theo y\u00eau c\u1ea7u v\u1edbi gi\u00e1 c\u1ea1nh tranh t\u1eeb ch\u00fang t\u00f4i. Ngo\u00e0i ra, ch\u00fang t\u00f4i c\u0169ng ch\u1ea5p nh\u1eadn \u0111\u01a1n \u0111\u1eb7t h\u00e0ng s\u1ed1 l\u01b0\u1ee3ng nh\u1ecf.","robots":{"index":"index","follow":"follow","max-snippet":"max-snippet:-1","max-image-preview":"max-image-preview:large","max-video-preview":"max-video-preview:-1"},"canonical":"https:\/\/www.dillerbottle.com\/vn\/cac-san-pham\/cho-tre-so-sinh-bu-binh","og_locale":"vi_VN","og_type":"article","og_title":"Bottle Feeding Newborn","og_description":"As one of the best bottle feeding newborn manufacturers and suppliers, we are engaged in manufacturing good quality water bottles. We warmly welcome you to wholesale or buy custom made bottle feeding newborn at competitive price from us. Also, small quantity orders are acceptable.","og_url":"https:\/\/www.dillerbottle.com\/vn\/cac-san-pham\/cho-tre-so-sinh-bu-binh","og_site_name":"Diller Water Bottle Manufacturer","article_modified_time":"2025-07-10T07:47:32+00:00","og_image":[{"width":730,"height":730,"url":"https:\/\/www.dillerbottle.com\/wp-content\/uploads\/2024\/09\/bottle-feeding-newborn37311871557.jpg","type":"image\/jpeg"}],"twitter_card":"summary_large_image","twitter_misc":{"\u01af\u1edbc t\u00ednh th\u1eddi gian \u0111\u1ecdc":"2 ph\u00fat"},"schema":{"@context":"https:\/\/schema.org","@graph":[{"@type":"WebPage","@id":"https:\/\/www.dillerbottle.com\/ja\/%e8%a3%bd%e5%93%81\/%e6%96%b0%e7%94%9f%e5%85%90%e3%81%ab%e5%93%ba%e4%b9%b3%e7%93%b6%e3%81%a7%e6%8e%88%e4%b9%b3%e3%81%99%e3%82%8b","url":"https:\/\/www.dillerbottle.com\/ja\/%e8%a3%bd%e5%93%81\/%e6%96%b0%e7%94%9f%e5%85%90%e3%81%ab%e5%93%ba%e4%b9%b3%e7%93%b6%e3%81%a7%e6%8e%88%e4%b9%b3%e3%81%99%e3%82%8b","name":"B\u00ecnh s\u1eefa cho tr\u1ebb s\u01a1 sinh - Nh\u00e0 s\u1ea3n xu\u1ea5t b\u00ecnh n\u01b0\u1edbc Diller","isPartOf":{"@id":"https:\/\/www.dillerbottle.com\/#website"},"primaryImageOfPage":{"@id":"https:\/\/www.dillerbottle.com\/ja\/%e8%a3%bd%e5%93%81\/%e6%96%b0%e7%94%9f%e5%85%90%e3%81%ab%e5%93%ba%e4%b9%b3%e7%93%b6%e3%81%a7%e6%8e%88%e4%b9%b3%e3%81%99%e3%82%8b#primaryimage"},"image":{"@id":"https:\/\/www.dillerbottle.com\/ja\/%e8%a3%bd%e5%93%81\/%e6%96%b0%e7%94%9f%e5%85%90%e3%81%ab%e5%93%ba%e4%b9%b3%e7%93%b6%e3%81%a7%e6%8e%88%e4%b9%b3%e3%81%99%e3%82%8b#primaryimage"},"thumbnailUrl":"https:\/\/www.dillerbottle.com\/wp-content\/uploads\/2024\/09\/bottle-feeding-newborn37311871557.jpg","datePublished":"2024-09-25T08:46:28+00:00","dateModified":"2025-07-10T07:47:32+00:00","description":"L\u00e0 m\u1ed9t trong nh\u1eefng nh\u00e0 s\u1ea3n xu\u1ea5t v\u00e0 cung c\u1ea5p b\u00ecnh s\u1eefa cho tr\u1ebb s\u01a1 sinh t\u1ed1t nh\u1ea5t, ch\u00fang t\u00f4i tham gia s\u1ea3n xu\u1ea5t b\u00ecnh n\u01b0\u1edbc ch\u1ea5t l\u01b0\u1ee3ng t\u1ed1t. Ch\u00fang t\u00f4i n\u1ed3ng nhi\u1ec7t ch\u00e0o \u0111\u00f3n b\u1ea1n \u0111\u1ebfn b\u00e1n bu\u00f4n ho\u1eb7c mua b\u00ecnh s\u1eefa cho tr\u1ebb s\u01a1 sinh theo y\u00eau c\u1ea7u v\u1edbi gi\u00e1 c\u1ea1nh tranh t\u1eeb ch\u00fang t\u00f4i. Ngo\u00e0i ra, ch\u00fang t\u00f4i c\u0169ng ch\u1ea5p nh\u1eadn \u0111\u01a1n \u0111\u1eb7t h\u00e0ng s\u1ed1 l\u01b0\u1ee3ng nh\u1ecf.","breadcrumb":{"@id":"https:\/\/www.dillerbottle.com\/ja\/%e8%a3%bd%e5%93%81\/%e6%96%b0%e7%94%9f%e5%85%90%e3%81%ab%e5%93%ba%e4%b9%b3%e7%93%b6%e3%81%a7%e6%8e%88%e4%b9%b3%e3%81%99%e3%82%8b#breadcrumb"},"inLanguage":"vi","potentialAction":[{"@type":"ReadAction","target":["https:\/\/www.dillerbottle.com\/ja\/%e8%a3%bd%e5%93%81\/%e6%96%b0%e7%94%9f%e5%85%90%e3%81%ab%e5%93%ba%e4%b9%b3%e7%93%b6%e3%81%a7%e6%8e%88%e4%b9%b3%e3%81%99%e3%82%8b"]}]},{"@type":"ImageObject","inLanguage":"vi","@id":"https:\/\/www.dillerbottle.com\/ja\/%e8%a3%bd%e5%93%81\/%e6%96%b0%e7%94%9f%e5%85%90%e3%81%ab%e5%93%ba%e4%b9%b3%e7%93%b6%e3%81%a7%e6%8e%88%e4%b9%b3%e3%81%99%e3%82%8b#primaryimage","url":"https:\/\/www.dillerbottle.com\/wp-content\/uploads\/2024\/09\/bottle-feeding-newborn37311871557.jpg","contentUrl":"https:\/\/www.dillerbottle.com\/wp-content\/uploads\/2024\/09\/bottle-feeding-newborn37311871557.jpg","width":730,"height":730},{"@type":"BreadcrumbList","@id":"https:\/\/www.dillerbottle.com\/ja\/%e8%a3%bd%e5%93%81\/%e6%96%b0%e7%94%9f%e5%85%90%e3%81%ab%e5%93%ba%e4%b9%b3%e7%93%b6%e3%81%a7%e6%8e%88%e4%b9%b3%e3%81%99%e3%82%8b#breadcrumb","itemListElement":[{"@type":"ListItem","position":1,"name":"Home","item":"https:\/\/www.dillerbottle.com\/"},{"@type":"ListItem","position":2,"name":"Products","item":"https:\/\/www.dillerbottle.com\/shop"},{"@type":"ListItem","position":3,"name":"Bottle Feeding Newborn"}]},{"@type":"WebSite","@id":"https:\/\/www.dillerbottle.com\/#website","url":"https:\/\/www.dillerbottle.com\/","name":"Nh\u00e0 s\u1ea3n xu\u1ea5t b\u00ecnh n\u01b0\u1edbc Diller","description":"Nh\u00e0 s\u1ea3n xu\u1ea5t b\u00ecnh n\u01b0\u1edbc","publisher":{"@id":"https:\/\/www.dillerbottle.com\/#organization"},"potentialAction":[{"@type":"SearchAction","target":{"@type":"EntryPoint","urlTemplate":"https:\/\/www.dillerbottle.com\/?s={search_term_string}"},"query-input":{"@type":"PropertyValueSpecification","valueRequired":true,"valueName":"search_term_string"}}],"inLanguage":"vi"},{"@type":"Organization","@id":"https:\/\/www.dillerbottle.com\/#organization","name":"Nh\u00e0 s\u1ea3n xu\u1ea5t b\u00ecnh n\u01b0\u1edbc Diller","url":"https:\/\/www.dillerbottle.com\/","logo":{"@type":"ImageObject","inLanguage":"vi","@id":"https:\/\/www.dillerbottle.com\/#\/schema\/logo\/image\/","url":"https:\/\/www.dillerbottle.com\/wp-content\/uploads\/2024\/09\/49918bfa848dcc1e9f8b509933603ac.png","contentUrl":"https:\/\/www.dillerbottle.com\/wp-content\/uploads\/2024\/09\/49918bfa848dcc1e9f8b509933603ac.png","width":988,"height":198,"caption":"Diller Water Bottle Manufacturer"},"image":{"@id":"https:\/\/www.dillerbottle.com\/#\/schema\/logo\/image\/"}}]}},"_links":{"self":[{"href":"https:\/\/www.dillerbottle.com\/vn\/wp-json\/wp\/v2\/product\/2550","targetHints":{"allow":["GET"]}}],"collection":[{"href":"https:\/\/www.dillerbottle.com\/vn\/wp-json\/wp\/v2\/product"}],"about":[{"href":"https:\/\/www.dillerbottle.com\/vn\/wp-json\/wp\/v2\/types\/product"}],"replies":[{"embeddable":true,"href":"https:\/\/www.dillerbottle.com\/vn\/wp-json\/wp\/v2\/comments?post=2550"}],"wp:featuredmedia":[{"embeddable":true,"href":"https:\/\/www.dillerbottle.com\/vn\/wp-json\/wp\/v2\/media\/2551"}],"wp:attachment":[{"href":"https:\/\/www.dillerbottle.com\/vn\/wp-json\/wp\/v2\/media?parent=2550"}],"wp:term":[{"taxonomy":"product_brand","embeddable":true,"href":"https:\/\/www.dillerbottle.com\/vn\/wp-json\/wp\/v2\/product_brand?post=2550"},{"taxonomy":"product_cat","embeddable":true,"href":"https:\/\/www.dillerbottle.com\/vn\/wp-json\/wp\/v2\/product_cat?post=2550"},{"taxonomy":"product_tag","embeddable":true,"href":"https:\/\/www.dillerbottle.com\/vn\/wp-json\/wp\/v2\/product_tag?post=2550"}],"curies":[{"name":"wp","href":"https:\/\/api.w.org\/{rel}","templated":true}]}}