{"id":2670,"date":"2024-09-26T09:37:08","date_gmt":"2024-09-26T01:37:08","guid":{"rendered":"https:\/\/demo.dillerbottle.com\/uncategorized\/panda-graffiti-insulated-food-jar"},"modified":"2024-09-26T09:37:33","modified_gmt":"2024-09-26T01:37:33","slug":"lo-dung-thuc-pham-cach-nhiet-hinh-gau-truc","status":"publish","type":"product","link":"https:\/\/www.dillerbottle.com\/vn\/products\/panda-graffiti-insulated-food-jar","title":{"rendered":"H\u0169 \u0111\u1ef1ng th\u1ef1c ph\u1ea9m c\u00e1ch nhi\u1ec7t Panda Graffiti"},"content":{"rendered":"<p>\u0110\u1eb7c tr\u01b0ng:<br \/>\n1. B\u00ecnh \u0111\u1ef1ng th\u1ef1c ph\u1ea9m c\u00e1ch nhi\u1ec7t Panda Graffiti \u0111\u01b0\u1ee3c l\u00e0m b\u1eb1ng th\u00e9p kh\u00f4ng g\u1ec9 c\u1ea5p th\u1ef1c ph\u1ea9m 316, an to\u00e0n, kh\u00f4ng \u0111\u1ed9c h\u1ea1i, ch\u1ed1ng \u0103n m\u00f2n v\u00e0 \u0111\u1ed9 b\u1ec1n cao. C\u00f3 th\u1ec3 duy tr\u00ec nhi\u1ec7t \u0111\u1ed9 v\u00e0 \u0111\u1ed9 t\u01b0\u01a1i c\u1ee7a th\u1ef1c ph\u1ea9m trong th\u1eddi gian d\u00e0i.<\/p>\n<p>2. N\u00fat ch\u1eb7n chai \u0111\u01b0\u1ee3c trang b\u1ecb th\u00eca th\u00e9p kh\u00f4ng g\u1ec9 c\u00f3 th\u1ec3 g\u1ea5p l\u1ea1i, thu\u1eadn ti\u1ec7n mang theo v\u00e0 kh\u00f4ng chi\u1ebfm b\u1ea5t k\u1ef3 kh\u00f4ng gian n\u00e0o.<\/p>\n<p>3. N\u1eafp l\u1ecd \u0111\u1ef1ng th\u1ef1c ph\u1ea9m c\u00f3 th\u1ec3 d\u00f9ng l\u00e0m b\u00e1t nh\u1ecf \u0111\u1ef1ng th\u1ef1c ph\u1ea9m. Mi\u1ec7ng l\u1ecd r\u1ed9ng gi\u00fap b\u1ea1n d\u1ec5 d\u00e0ng cho th\u1ef1c ph\u1ea9m v\u00e0o v\u00e0 \u0111\u1ed5 ra, \u0111\u1ed3ng th\u1eddi c\u0169ng ti\u1ec7n l\u1ee3i h\u01a1n khi v\u1ec7 sinh sau khi s\u1eed d\u1ee5ng.<\/p>\n<p>4. Th\u00e2n c\u1ed1c c\u00f3 h\u00ecnh v\u1ebd g\u1ea5u tr\u00fac \u0111\u1ed9c \u0111\u00e1o, t\u00f4 \u0111i\u1ec3m th\u00eam m\u00e0u s\u1eafc t\u01b0\u01a1i \u0111\u1eb9p cho cu\u1ed9c s\u1ed1ng.<\/p>","protected":false},"excerpt":{"rendered":"<p>H\u1ed9p \u0111\u1ef1ng th\u1ef1c ph\u1ea9m c\u00e1ch nhi\u1ec7t h\u00ecnh g\u1ea5u tr\u00fac n\u00e0y \u0111\u01b0\u1ee3c l\u00e0m t\u1eeb th\u00e9p kh\u00f4ng g\u1ec9 316 b\u1ec1n v\u00e0 v\u1eadt li\u1ec7u an to\u00e0n th\u1ef1c ph\u1ea9m.<br \/>\nB\u00ecnh \u0111\u1ef1ng th\u1ef1c ph\u1ea9m c\u00e1ch nhi\u1ec7t b\u1eb1ng th\u00e9p kh\u00f4ng g\u1ec9 n\u00e0y c\u00f3 th\u1ec3 gi\u1eef th\u1ef1c ph\u1ea9m n\u00f3ng t\u1edbi 12 gi\u1edd v\u00e0 l\u1ea1nh t\u1edbi 18 gi\u1edd.<br \/>\nB\u00ecnh \u0111\u1ef1ng th\u1ee9c \u0103n c\u00f3 th\u00eca c\u00f3 th\u1ec3 g\u1eadp l\u1ea1i, r\u1ea5t ti\u1ec7n l\u1ee3i v\u00e0 kh\u00f4ng chi\u1ebfm di\u1ec7n t\u00edch.<br \/>\nN\u1eafp c\u1ed1c c\u00f3 th\u1ec3 \u0111\u01b0\u1ee3c s\u1eed d\u1ee5ng nh\u01b0 m\u1ed9t chi\u1ebfc b\u00e1t nh\u1ecf.<br \/>\nCh\u1ea5p nh\u1eadn OEM v\u00e0 ODM.<br \/>\nCh\u1ea5p nh\u1eadn logo v\u00e0 hoa v\u0103n t\u00f9y ch\u1ec9nh.<br \/>\nCh\u00fang t\u00f4i c\u00f3 th\u1ec3 t\u00f9y ch\u1ec9nh l\u1ecd \u0111\u1ef1ng th\u1ef1c ph\u1ea9m theo y\u00eau c\u1ea7u c\u1ee7a b\u1ea1n.<\/p>","protected":false},"featured_media":2671,"comment_status":"open","ping_status":"closed","template":"","meta":{"_acf_changed":false},"product_brand":[],"product_cat":[108],"product_tag":[120,32,112,36,33,31,119,118,39,38,29,37,116,34,35,28,121,117,30],"class_list":{"0":"post-2670","1":"product","2":"type-product","3":"status-publish","4":"has-post-thumbnail","6":"product_cat-insulated-food-jar","7":"product_tag-316-thermal-food-jar","8":"product_tag-best","9":"product_tag-braised-beaker","10":"product_tag-bulk","11":"product_tag-buy","12":"product_tag-custom","13":"product_tag-food-flask","14":"product_tag-food-warmer-containers-thermal","15":"product_tag-for-sale","16":"product_tag-good-quality","17":"product_tag-manufacturers","18":"product_tag-manufacturing","19":"product_tag-panda-graffiti-insulated-food-jar","20":"product_tag-price","21":"product_tag-small","22":"product_tag-suppliers","23":"product_tag-thermal-food-jar","24":"product_tag-thermal-food-warmer","25":"product_tag-wholesale","27":"first","28":"instock","29":"shipping-taxable","30":"product-type-simple"},"acf":[],"yoast_head":"<!-- This site is optimized with the Yoast SEO Premium plugin v27.4 (Yoast SEO v27.4) - https:\/\/yoast.com\/product\/yoast-seo-premium-wordpress\/ -->\n<title>Panda Graffiti Insulated Food Jar - Diller Water Bottle Manufacturer<\/title>\n<meta name=\"description\" content=\"As one of the best panda graffiti insulated food jar manufacturers and suppliers, we are engaged in manufacturing good quality water bottles. We warmly welcome you to wholesale or buy custom made panda graffiti insulated food jar at competitive price from us. Also, small quantity orders are acceptable.\" \/>\n<meta name=\"robots\" content=\"index, follow, max-snippet:-1, max-image-preview:large, max-video-preview:-1\" \/>\n<link rel=\"canonical\" href=\"https:\/\/www.dillerbottle.com\/vn\/cac-san-pham\/lo-dung-thuc-pham-cach-nhiet-hinh-gau-truc\" \/>\n<meta property=\"og:locale\" content=\"vi_VN\" \/>\n<meta property=\"og:type\" content=\"article\" \/>\n<meta property=\"og:title\" content=\"Panda Graffiti Insulated Food Jar\" \/>\n<meta property=\"og:description\" content=\"As one of the best panda graffiti insulated food jar manufacturers and suppliers, we are engaged in manufacturing good quality water bottles. We warmly welcome you to wholesale or buy custom made panda graffiti insulated food jar at competitive price from us. Also, small quantity orders are acceptable.\" \/>\n<meta property=\"og:url\" content=\"https:\/\/www.dillerbottle.com\/vn\/cac-san-pham\/lo-dung-thuc-pham-cach-nhiet-hinh-gau-truc\" \/>\n<meta property=\"og:site_name\" content=\"Diller Water Bottle Manufacturer\" \/>\n<meta property=\"article:modified_time\" content=\"2024-09-26T01:37:33+00:00\" \/>\n<meta property=\"og:image\" content=\"https:\/\/www.dillerbottle.com\/wp-content\/uploads\/2024\/09\/panda-graffiti-insulated-food-jaraf59befe-f1fb-4080-b633-2680ded4408d.jpg\" \/>\n\t<meta property=\"og:image:width\" content=\"800\" \/>\n\t<meta property=\"og:image:height\" content=\"800\" \/>\n\t<meta property=\"og:image:type\" content=\"image\/jpeg\" \/>\n<meta name=\"twitter:card\" content=\"summary_large_image\" \/>\n<meta name=\"twitter:label1\" content=\"\u01af\u1edbc t\u00ednh th\u1eddi gian \u0111\u1ecdc\" \/>\n\t<meta name=\"twitter:data1\" content=\"1 ph\u00fat\" \/>\n<script type=\"application\/ld+json\" class=\"yoast-schema-graph\">{\"@context\":\"https:\\\/\\\/schema.org\",\"@graph\":[{\"@type\":\"WebPage\",\"@id\":\"https:\\\/\\\/www.dillerbottle.com\\\/products\\\/panda-graffiti-insulated-food-jar\",\"url\":\"https:\\\/\\\/www.dillerbottle.com\\\/products\\\/panda-graffiti-insulated-food-jar\",\"name\":\"Panda Graffiti Insulated Food Jar - Diller Water Bottle Manufacturer\",\"isPartOf\":{\"@id\":\"https:\\\/\\\/www.dillerbottle.com\\\/#website\"},\"primaryImageOfPage\":{\"@id\":\"https:\\\/\\\/www.dillerbottle.com\\\/products\\\/panda-graffiti-insulated-food-jar#primaryimage\"},\"image\":{\"@id\":\"https:\\\/\\\/www.dillerbottle.com\\\/products\\\/panda-graffiti-insulated-food-jar#primaryimage\"},\"thumbnailUrl\":\"https:\\\/\\\/www.dillerbottle.com\\\/wp-content\\\/uploads\\\/2024\\\/09\\\/panda-graffiti-insulated-food-jaraf59befe-f1fb-4080-b633-2680ded4408d.jpg\",\"datePublished\":\"2024-09-26T01:37:08+00:00\",\"dateModified\":\"2024-09-26T01:37:33+00:00\",\"description\":\"As one of the best panda graffiti insulated food jar manufacturers and suppliers, we are engaged in manufacturing good quality water bottles. We warmly welcome you to wholesale or buy custom made panda graffiti insulated food jar at competitive price from us. Also, small quantity orders are acceptable.\",\"breadcrumb\":{\"@id\":\"https:\\\/\\\/www.dillerbottle.com\\\/products\\\/panda-graffiti-insulated-food-jar#breadcrumb\"},\"inLanguage\":\"vi\",\"potentialAction\":[{\"@type\":\"ReadAction\",\"target\":[\"https:\\\/\\\/www.dillerbottle.com\\\/products\\\/panda-graffiti-insulated-food-jar\"]}]},{\"@type\":\"ImageObject\",\"inLanguage\":\"vi\",\"@id\":\"https:\\\/\\\/www.dillerbottle.com\\\/products\\\/panda-graffiti-insulated-food-jar#primaryimage\",\"url\":\"https:\\\/\\\/www.dillerbottle.com\\\/wp-content\\\/uploads\\\/2024\\\/09\\\/panda-graffiti-insulated-food-jaraf59befe-f1fb-4080-b633-2680ded4408d.jpg\",\"contentUrl\":\"https:\\\/\\\/www.dillerbottle.com\\\/wp-content\\\/uploads\\\/2024\\\/09\\\/panda-graffiti-insulated-food-jaraf59befe-f1fb-4080-b633-2680ded4408d.jpg\",\"width\":800,\"height\":800},{\"@type\":\"BreadcrumbList\",\"@id\":\"https:\\\/\\\/www.dillerbottle.com\\\/products\\\/panda-graffiti-insulated-food-jar#breadcrumb\",\"itemListElement\":[{\"@type\":\"ListItem\",\"position\":1,\"name\":\"Home\",\"item\":\"https:\\\/\\\/www.dillerbottle.com\\\/\"},{\"@type\":\"ListItem\",\"position\":2,\"name\":\"Products\",\"item\":\"https:\\\/\\\/www.dillerbottle.com\\\/shop\"},{\"@type\":\"ListItem\",\"position\":3,\"name\":\"Panda Graffiti Insulated Food Jar\"}]},{\"@type\":\"WebSite\",\"@id\":\"https:\\\/\\\/www.dillerbottle.com\\\/#website\",\"url\":\"https:\\\/\\\/www.dillerbottle.com\\\/\",\"name\":\"Diller Water Bottle Manufacturer\",\"description\":\"Water Bottle Manufacturer\",\"publisher\":{\"@id\":\"https:\\\/\\\/www.dillerbottle.com\\\/#organization\"},\"potentialAction\":[{\"@type\":\"SearchAction\",\"target\":{\"@type\":\"EntryPoint\",\"urlTemplate\":\"https:\\\/\\\/www.dillerbottle.com\\\/?s={search_term_string}\"},\"query-input\":{\"@type\":\"PropertyValueSpecification\",\"valueRequired\":true,\"valueName\":\"search_term_string\"}}],\"inLanguage\":\"vi\"},{\"@type\":\"Organization\",\"@id\":\"https:\\\/\\\/www.dillerbottle.com\\\/#organization\",\"name\":\"Diller Water Bottle Manufacturer\",\"url\":\"https:\\\/\\\/www.dillerbottle.com\\\/\",\"logo\":{\"@type\":\"ImageObject\",\"inLanguage\":\"vi\",\"@id\":\"https:\\\/\\\/www.dillerbottle.com\\\/#\\\/schema\\\/logo\\\/image\\\/\",\"url\":\"https:\\\/\\\/www.dillerbottle.com\\\/wp-content\\\/uploads\\\/2024\\\/09\\\/49918bfa848dcc1e9f8b509933603ac.png\",\"contentUrl\":\"https:\\\/\\\/www.dillerbottle.com\\\/wp-content\\\/uploads\\\/2024\\\/09\\\/49918bfa848dcc1e9f8b509933603ac.png\",\"width\":988,\"height\":198,\"caption\":\"Diller Water Bottle Manufacturer\"},\"image\":{\"@id\":\"https:\\\/\\\/www.dillerbottle.com\\\/#\\\/schema\\\/logo\\\/image\\\/\"}}]}<\/script>\n<!-- \/ Yoast SEO Premium plugin. -->","yoast_head_json":{"title":"B\u00ecnh \u0111\u1ef1ng th\u1ef1c ph\u1ea9m c\u00e1ch nhi\u1ec7t Panda Graffiti - Nh\u00e0 s\u1ea3n xu\u1ea5t b\u00ecnh n\u01b0\u1edbc Diller","description":"L\u00e0 m\u1ed9t trong nh\u1eefng nh\u00e0 s\u1ea3n xu\u1ea5t v\u00e0 cung c\u1ea5p b\u00ecnh \u0111\u1ef1ng th\u1ef1c ph\u1ea9m c\u00e1ch nhi\u1ec7t panda graffiti t\u1ed1t nh\u1ea5t, ch\u00fang t\u00f4i tham gia s\u1ea3n xu\u1ea5t b\u00ecnh \u0111\u1ef1ng n\u01b0\u1edbc ch\u1ea5t l\u01b0\u1ee3ng t\u1ed1t. Ch\u00fang t\u00f4i n\u1ed3ng nhi\u1ec7t ch\u00e0o \u0111\u00f3n b\u1ea1n \u0111\u1ebfn b\u00e1n bu\u00f4n ho\u1eb7c mua b\u00ecnh \u0111\u1ef1ng th\u1ef1c ph\u1ea9m c\u00e1ch nhi\u1ec7t panda graffiti t\u00f9y ch\u1ec9nh v\u1edbi gi\u00e1 c\u1ea1nh tranh t\u1eeb ch\u00fang t\u00f4i. Ngo\u00e0i ra, ch\u00fang t\u00f4i c\u0169ng ch\u1ea5p nh\u1eadn \u0111\u01a1n \u0111\u1eb7t h\u00e0ng s\u1ed1 l\u01b0\u1ee3ng nh\u1ecf.","robots":{"index":"index","follow":"follow","max-snippet":"max-snippet:-1","max-image-preview":"max-image-preview:large","max-video-preview":"max-video-preview:-1"},"canonical":"https:\/\/www.dillerbottle.com\/vn\/cac-san-pham\/lo-dung-thuc-pham-cach-nhiet-hinh-gau-truc","og_locale":"vi_VN","og_type":"article","og_title":"Panda Graffiti Insulated Food Jar","og_description":"As one of the best panda graffiti insulated food jar manufacturers and suppliers, we are engaged in manufacturing good quality water bottles. We warmly welcome you to wholesale or buy custom made panda graffiti insulated food jar at competitive price from us. Also, small quantity orders are acceptable.","og_url":"https:\/\/www.dillerbottle.com\/vn\/cac-san-pham\/lo-dung-thuc-pham-cach-nhiet-hinh-gau-truc","og_site_name":"Diller Water Bottle Manufacturer","article_modified_time":"2024-09-26T01:37:33+00:00","og_image":[{"width":800,"height":800,"url":"https:\/\/www.dillerbottle.com\/wp-content\/uploads\/2024\/09\/panda-graffiti-insulated-food-jaraf59befe-f1fb-4080-b633-2680ded4408d.jpg","type":"image\/jpeg"}],"twitter_card":"summary_large_image","twitter_misc":{"\u01af\u1edbc t\u00ednh th\u1eddi gian \u0111\u1ecdc":"1 ph\u00fat"},"schema":{"@context":"https:\/\/schema.org","@graph":[{"@type":"WebPage","@id":"https:\/\/www.dillerbottle.com\/products\/panda-graffiti-insulated-food-jar","url":"https:\/\/www.dillerbottle.com\/products\/panda-graffiti-insulated-food-jar","name":"B\u00ecnh \u0111\u1ef1ng th\u1ef1c ph\u1ea9m c\u00e1ch nhi\u1ec7t Panda Graffiti - Nh\u00e0 s\u1ea3n xu\u1ea5t b\u00ecnh n\u01b0\u1edbc Diller","isPartOf":{"@id":"https:\/\/www.dillerbottle.com\/#website"},"primaryImageOfPage":{"@id":"https:\/\/www.dillerbottle.com\/products\/panda-graffiti-insulated-food-jar#primaryimage"},"image":{"@id":"https:\/\/www.dillerbottle.com\/products\/panda-graffiti-insulated-food-jar#primaryimage"},"thumbnailUrl":"https:\/\/www.dillerbottle.com\/wp-content\/uploads\/2024\/09\/panda-graffiti-insulated-food-jaraf59befe-f1fb-4080-b633-2680ded4408d.jpg","datePublished":"2024-09-26T01:37:08+00:00","dateModified":"2024-09-26T01:37:33+00:00","description":"L\u00e0 m\u1ed9t trong nh\u1eefng nh\u00e0 s\u1ea3n xu\u1ea5t v\u00e0 cung c\u1ea5p b\u00ecnh \u0111\u1ef1ng th\u1ef1c ph\u1ea9m c\u00e1ch nhi\u1ec7t panda graffiti t\u1ed1t nh\u1ea5t, ch\u00fang t\u00f4i tham gia s\u1ea3n xu\u1ea5t b\u00ecnh \u0111\u1ef1ng n\u01b0\u1edbc ch\u1ea5t l\u01b0\u1ee3ng t\u1ed1t. Ch\u00fang t\u00f4i n\u1ed3ng nhi\u1ec7t ch\u00e0o \u0111\u00f3n b\u1ea1n \u0111\u1ebfn b\u00e1n bu\u00f4n ho\u1eb7c mua b\u00ecnh \u0111\u1ef1ng th\u1ef1c ph\u1ea9m c\u00e1ch nhi\u1ec7t panda graffiti t\u00f9y ch\u1ec9nh v\u1edbi gi\u00e1 c\u1ea1nh tranh t\u1eeb ch\u00fang t\u00f4i. Ngo\u00e0i ra, ch\u00fang t\u00f4i c\u0169ng ch\u1ea5p nh\u1eadn \u0111\u01a1n \u0111\u1eb7t h\u00e0ng s\u1ed1 l\u01b0\u1ee3ng nh\u1ecf.","breadcrumb":{"@id":"https:\/\/www.dillerbottle.com\/products\/panda-graffiti-insulated-food-jar#breadcrumb"},"inLanguage":"vi","potentialAction":[{"@type":"ReadAction","target":["https:\/\/www.dillerbottle.com\/products\/panda-graffiti-insulated-food-jar"]}]},{"@type":"ImageObject","inLanguage":"vi","@id":"https:\/\/www.dillerbottle.com\/products\/panda-graffiti-insulated-food-jar#primaryimage","url":"https:\/\/www.dillerbottle.com\/wp-content\/uploads\/2024\/09\/panda-graffiti-insulated-food-jaraf59befe-f1fb-4080-b633-2680ded4408d.jpg","contentUrl":"https:\/\/www.dillerbottle.com\/wp-content\/uploads\/2024\/09\/panda-graffiti-insulated-food-jaraf59befe-f1fb-4080-b633-2680ded4408d.jpg","width":800,"height":800},{"@type":"BreadcrumbList","@id":"https:\/\/www.dillerbottle.com\/products\/panda-graffiti-insulated-food-jar#breadcrumb","itemListElement":[{"@type":"ListItem","position":1,"name":"Home","item":"https:\/\/www.dillerbottle.com\/"},{"@type":"ListItem","position":2,"name":"Products","item":"https:\/\/www.dillerbottle.com\/shop"},{"@type":"ListItem","position":3,"name":"Panda Graffiti Insulated Food Jar"}]},{"@type":"WebSite","@id":"https:\/\/www.dillerbottle.com\/#website","url":"https:\/\/www.dillerbottle.com\/","name":"Nh\u00e0 s\u1ea3n xu\u1ea5t b\u00ecnh n\u01b0\u1edbc Diller","description":"Nh\u00e0 s\u1ea3n xu\u1ea5t b\u00ecnh n\u01b0\u1edbc","publisher":{"@id":"https:\/\/www.dillerbottle.com\/#organization"},"potentialAction":[{"@type":"SearchAction","target":{"@type":"EntryPoint","urlTemplate":"https:\/\/www.dillerbottle.com\/?s={search_term_string}"},"query-input":{"@type":"PropertyValueSpecification","valueRequired":true,"valueName":"search_term_string"}}],"inLanguage":"vi"},{"@type":"Organization","@id":"https:\/\/www.dillerbottle.com\/#organization","name":"Nh\u00e0 s\u1ea3n xu\u1ea5t b\u00ecnh n\u01b0\u1edbc Diller","url":"https:\/\/www.dillerbottle.com\/","logo":{"@type":"ImageObject","inLanguage":"vi","@id":"https:\/\/www.dillerbottle.com\/#\/schema\/logo\/image\/","url":"https:\/\/www.dillerbottle.com\/wp-content\/uploads\/2024\/09\/49918bfa848dcc1e9f8b509933603ac.png","contentUrl":"https:\/\/www.dillerbottle.com\/wp-content\/uploads\/2024\/09\/49918bfa848dcc1e9f8b509933603ac.png","width":988,"height":198,"caption":"Diller Water Bottle Manufacturer"},"image":{"@id":"https:\/\/www.dillerbottle.com\/#\/schema\/logo\/image\/"}}]}},"_links":{"self":[{"href":"https:\/\/www.dillerbottle.com\/vn\/wp-json\/wp\/v2\/product\/2670","targetHints":{"allow":["GET"]}}],"collection":[{"href":"https:\/\/www.dillerbottle.com\/vn\/wp-json\/wp\/v2\/product"}],"about":[{"href":"https:\/\/www.dillerbottle.com\/vn\/wp-json\/wp\/v2\/types\/product"}],"replies":[{"embeddable":true,"href":"https:\/\/www.dillerbottle.com\/vn\/wp-json\/wp\/v2\/comments?post=2670"}],"wp:featuredmedia":[{"embeddable":true,"href":"https:\/\/www.dillerbottle.com\/vn\/wp-json\/wp\/v2\/media\/2671"}],"wp:attachment":[{"href":"https:\/\/www.dillerbottle.com\/vn\/wp-json\/wp\/v2\/media?parent=2670"}],"wp:term":[{"taxonomy":"product_brand","embeddable":true,"href":"https:\/\/www.dillerbottle.com\/vn\/wp-json\/wp\/v2\/product_brand?post=2670"},{"taxonomy":"product_cat","embeddable":true,"href":"https:\/\/www.dillerbottle.com\/vn\/wp-json\/wp\/v2\/product_cat?post=2670"},{"taxonomy":"product_tag","embeddable":true,"href":"https:\/\/www.dillerbottle.com\/vn\/wp-json\/wp\/v2\/product_tag?post=2670"}],"curies":[{"name":"wp","href":"https:\/\/api.w.org\/{rel}","templated":true}]}}