{"id":2853,"date":"2024-09-26T09:39:39","date_gmt":"2024-09-26T01:39:39","guid":{"rendered":"https:\/\/demo.dillerbottle.com\/uncategorized\/stainless-steel-insulated-food-jar"},"modified":"2025-07-10T15:40:09","modified_gmt":"2025-07-10T07:40:09","slug":"lo-dung-thuc-pham-cach-nhiet-bang-thep-khong-gi","status":"publish","type":"product","link":"https:\/\/www.dillerbottle.com\/vn\/products\/stainless-steel-insulated-food-jar","title":{"rendered":"B\u00ecnh \u0111\u1ef1ng th\u1ef1c ph\u1ea9m c\u00e1ch nhi\u1ec7t b\u1eb1ng th\u00e9p kh\u00f4ng g\u1ec9"},"content":{"rendered":"<p>1. B\u00ecnh \u0111\u1ef1ng th\u1ef1c ph\u1ea9m c\u00e1ch nhi\u1ec7t b\u1eb1ng th\u00e9p kh\u00f4ng g\u1ec9 \u0111\u01b0\u1ee3c l\u00e0m b\u1eb1ng th\u00e9p kh\u00f4ng g\u1ec9 ch\u1ea5t l\u01b0\u1ee3ng cao v\u00e0 v\u1eadt li\u1ec7u c\u1ea5p th\u1ef1c ph\u1ea9m, s\u1eed d\u1ee5ng c\u1ea5u tr\u00fac ch\u00e2n kh\u00f4ng hai l\u1edbp, c\u00f3 hi\u1ec7u qu\u1ea3 c\u00e1ch nhi\u1ec7t v\u00e0 b\u1ea3o qu\u1ea3n tuy\u1ec7t v\u1eddi.<\/p>\n<p>2. Mi\u1ec7ng r\u1ed9ng cho ph\u00e9p b\u1ea1n \u0103n tr\u1ef1c ti\u1ebfp t\u1eeb b\u00ecnh \u0111\u1ef1ng th\u1ee9c \u0103n gi\u1eef nhi\u1ec7t. Vi\u1ec7c v\u1ec7 sinh sau khi \u0103n c\u0169ng r\u1ea5t ti\u1ec7n l\u1ee3i.<\/p>\n<p>3. B\u00ecnh \u0111\u1ef1ng th\u1ef1c ph\u1ea9m c\u00e1ch nhi\u1ec7t b\u1eb1ng th\u00e9p kh\u00f4ng g\u1ec9 \u0111i k\u00e8m v\u1edbi th\u00eca c\u00f3 th\u1ec3 g\u1eadp l\u1ea1i, B\u1ea1n kh\u00f4ng c\u1ea7n ph\u1ea3i mang theo \u0111\u1ed3 d\u00f9ng ho\u1eb7c s\u1eed d\u1ee5ng th\u00eca nh\u1ef1a khi \u0111i l\u00e0m n\u1eefa. V\u00e0 mi\u1ec7ng b\u00ecnh c\u1ef1c r\u1ed9ng c\u00f3 th\u1ec3 ch\u1ee9a \u0111\u01b0\u1ee3c nh\u1eefng th\u1ef1c ph\u1ea9m th\u00f4 d\u1ec5 v\u1ec7 sinh v\u00e0 tuy\u1ec7t v\u1eddi khi \u0111i l\u00e0m, \u0111i h\u1ecdc, v\u0103n ph\u00f2ng, du l\u1ecbch v\u00e0 c\u1eafm tr\u1ea1i.<\/p>\n<div style=\"width: 640px;\" class=\"wp-video\"><video class=\"wp-video-shortcode\" id=\"video-2853-1\" width=\"640\" height=\"360\" preload=\"metadata\" controls=\"controls\"><source type=\"video\/mp4\" src=\"\/wp-content\/uploads\/2024\/09\/66f4bb6085bc5-video202302131748571331685.mp4?_=1\" \/><a href=\"\/wp-content\/uploads\/2024\/09\/66f4bb6085bc5-video202302131748571331685.mp4\">\/wp-content\/uploads\/2024\/09\/66f4bb6085bc5-video202302131748571331685.mp4<\/a><\/video><\/div>","protected":false},"excerpt":{"rendered":"<p>B\u00ecnh \u0111\u1ef1ng th\u1ef1c ph\u1ea9m c\u00e1ch nhi\u1ec7t b\u1eb1ng th\u00e9p kh\u00f4ng g\u1ec9 n\u00e0y \u0111\u01b0\u1ee3c l\u00e0m t\u1eeb th\u00e9p kh\u00f4ng g\u1ec9 316 b\u1ec1n ch\u1eafc.<br \/>\nB\u00ecnh \u0111\u1ef1ng th\u1ef1c ph\u1ea9m c\u00e1ch nhi\u1ec7t n\u00e0y c\u00f3 th\u1ec3 gi\u1eef th\u1ef1c ph\u1ea9m n\u00f3ng t\u1edbi 12 gi\u1edd v\u00e0 l\u1ea1nh t\u1edbi 18 gi\u1edd.<br \/>\nH\u1ed9p \u0111\u1ef1ng th\u1ee9c \u0103n n\u00e0y c\u00f3 th\u00eca c\u00f3 th\u1ec3 g\u1eadp l\u1ea1i, r\u1ea5t ti\u1ec7n l\u1ee3i v\u00e0 kh\u00f4ng chi\u1ebfm di\u1ec7n t\u00edch.<br \/>\nN\u1eafp l\u1ecd c\u00f3 th\u1ec3 \u0111\u01b0\u1ee3c s\u1eed d\u1ee5ng nh\u01b0 m\u1ed9t c\u00e1i b\u00e1t.<br \/>\nCh\u1ea5p nh\u1eadn OEM v\u00e0 ODM.<br \/>\nCh\u00fang t\u00f4i c\u00f3 th\u1ec3 t\u00f9y ch\u1ec9nh l\u1ecd \u0111\u1ef1ng th\u1ef1c ph\u1ea9m theo y\u00eau c\u1ea7u c\u1ee7a b\u1ea1n.<br \/>\nCh\u00e0o m\u1eebng b\u1ea1n \u0111\u1ebfn mua s\u1ec9, h\u00e3y g\u1eedi y\u00eau c\u1ea7u ngay!<\/p>","protected":false},"featured_media":2854,"comment_status":"open","ping_status":"closed","template":"","meta":{"_acf_changed":false},"product_brand":[],"product_cat":[108],"product_tag":[32,36,33,31,150,149,39,38,29,37,34,35,123,145,28,148,147,146,30],"class_list":{"0":"post-2853","1":"product","2":"type-product","3":"status-publish","4":"has-post-thumbnail","6":"product_cat-insulated-food-jar","7":"product_tag-best","8":"product_tag-bulk","9":"product_tag-buy","10":"product_tag-custom","11":"product_tag-food-flask-food-warmer","12":"product_tag-food-thermal-container-double-wall","13":"product_tag-for-sale","14":"product_tag-good-quality","15":"product_tag-manufacturers","16":"product_tag-manufacturing","17":"product_tag-price","18":"product_tag-small","19":"product_tag-stainless-steel-food-thermal-storage","20":"product_tag-stainless-steel-insulated-food-jar","21":"product_tag-suppliers","22":"product_tag-thermal-flask-food","23":"product_tag-thermal-food-flask-vacuum","24":"product_tag-vacuum-flask-food-jar","25":"product_tag-wholesale","27":"first","28":"instock","29":"shipping-taxable","30":"product-type-simple"},"acf":[],"yoast_head":"<!-- This site is optimized with the Yoast SEO Premium plugin v27.4 (Yoast SEO v27.4) - https:\/\/yoast.com\/product\/yoast-seo-premium-wordpress\/ -->\n<title>Stainless Steel Insulated Food Jar - Diller Water Bottle Manufacturer<\/title>\n<meta name=\"description\" content=\"As one of the best stainless steel insulated food jar manufacturers and suppliers, we are engaged in manufacturing good quality water bottles. We warmly welcome you to wholesale or buy custom made stainless steel insulated food jar at competitive price from us. Also, small quantity orders are acceptable.\" \/>\n<meta name=\"robots\" content=\"index, follow, max-snippet:-1, max-image-preview:large, max-video-preview:-1\" \/>\n<link rel=\"canonical\" href=\"https:\/\/www.dillerbottle.com\/vn\/cac-san-pham\/lo-dung-thuc-pham-cach-nhiet-bang-thep-khong-gi\" \/>\n<meta property=\"og:locale\" content=\"vi_VN\" \/>\n<meta property=\"og:type\" content=\"article\" \/>\n<meta property=\"og:title\" content=\"Stainless Steel Insulated Food Jar\" \/>\n<meta property=\"og:description\" content=\"As one of the best stainless steel insulated food jar manufacturers and suppliers, we are engaged in manufacturing good quality water bottles. We warmly welcome you to wholesale or buy custom made stainless steel insulated food jar at competitive price from us. Also, small quantity orders are acceptable.\" \/>\n<meta property=\"og:url\" content=\"https:\/\/www.dillerbottle.com\/vn\/cac-san-pham\/lo-dung-thuc-pham-cach-nhiet-bang-thep-khong-gi\" \/>\n<meta property=\"og:site_name\" content=\"Diller Water Bottle Manufacturer\" \/>\n<meta property=\"article:modified_time\" content=\"2025-07-10T07:40:09+00:00\" \/>\n<meta property=\"og:image\" content=\"https:\/\/www.dillerbottle.com\/wp-content\/uploads\/2024\/09\/stainless-steel-insulated-food-jar7291967b-e0d2-465c-a1a4-3ade3d73137b.jpg\" \/>\n\t<meta property=\"og:image:width\" content=\"730\" \/>\n\t<meta property=\"og:image:height\" content=\"730\" \/>\n\t<meta property=\"og:image:type\" content=\"image\/jpeg\" \/>\n<meta name=\"twitter:card\" content=\"summary_large_image\" \/>\n<meta name=\"twitter:label1\" content=\"\u01af\u1edbc t\u00ednh th\u1eddi gian \u0111\u1ecdc\" \/>\n\t<meta name=\"twitter:data1\" content=\"6 ph\u00fat\" \/>\n<script type=\"application\/ld+json\" class=\"yoast-schema-graph\">{\"@context\":\"https:\\\/\\\/schema.org\",\"@graph\":[{\"@type\":\"WebPage\",\"@id\":\"https:\\\/\\\/www.dillerbottle.com\\\/ru\\\/%d0%bf%d1%80%d0%be%d0%b4%d1%83%d0%ba%d1%82%d1%8b\\\/%d0%bf%d0%b8%d1%89%d0%b5%d0%b2%d0%b0%d1%8f-%d0%b1%d0%b0%d0%bd%d0%ba%d0%b0-%d0%b8%d0%b7-%d0%bd%d0%b5%d1%80%d0%b6%d0%b0%d0%b2%d0%b5%d1%8e%d1%89%d0%b5%d0%b9-%d1%81%d1%82%d0%b0%d0%bb%d0%b8-%d1%81-%d0%b8\",\"url\":\"https:\\\/\\\/www.dillerbottle.com\\\/ru\\\/%d0%bf%d1%80%d0%be%d0%b4%d1%83%d0%ba%d1%82%d1%8b\\\/%d0%bf%d0%b8%d1%89%d0%b5%d0%b2%d0%b0%d1%8f-%d0%b1%d0%b0%d0%bd%d0%ba%d0%b0-%d0%b8%d0%b7-%d0%bd%d0%b5%d1%80%d0%b6%d0%b0%d0%b2%d0%b5%d1%8e%d1%89%d0%b5%d0%b9-%d1%81%d1%82%d0%b0%d0%bb%d0%b8-%d1%81-%d0%b8\",\"name\":\"Stainless Steel Insulated Food Jar - Diller Water Bottle Manufacturer\",\"isPartOf\":{\"@id\":\"https:\\\/\\\/www.dillerbottle.com\\\/#website\"},\"primaryImageOfPage\":{\"@id\":\"https:\\\/\\\/www.dillerbottle.com\\\/ru\\\/%d0%bf%d1%80%d0%be%d0%b4%d1%83%d0%ba%d1%82%d1%8b\\\/%d0%bf%d0%b8%d1%89%d0%b5%d0%b2%d0%b0%d1%8f-%d0%b1%d0%b0%d0%bd%d0%ba%d0%b0-%d0%b8%d0%b7-%d0%bd%d0%b5%d1%80%d0%b6%d0%b0%d0%b2%d0%b5%d1%8e%d1%89%d0%b5%d0%b9-%d1%81%d1%82%d0%b0%d0%bb%d0%b8-%d1%81-%d0%b8#primaryimage\"},\"image\":{\"@id\":\"https:\\\/\\\/www.dillerbottle.com\\\/ru\\\/%d0%bf%d1%80%d0%be%d0%b4%d1%83%d0%ba%d1%82%d1%8b\\\/%d0%bf%d0%b8%d1%89%d0%b5%d0%b2%d0%b0%d1%8f-%d0%b1%d0%b0%d0%bd%d0%ba%d0%b0-%d0%b8%d0%b7-%d0%bd%d0%b5%d1%80%d0%b6%d0%b0%d0%b2%d0%b5%d1%8e%d1%89%d0%b5%d0%b9-%d1%81%d1%82%d0%b0%d0%bb%d0%b8-%d1%81-%d0%b8#primaryimage\"},\"thumbnailUrl\":\"https:\\\/\\\/www.dillerbottle.com\\\/wp-content\\\/uploads\\\/2024\\\/09\\\/stainless-steel-insulated-food-jar7291967b-e0d2-465c-a1a4-3ade3d73137b.jpg\",\"datePublished\":\"2024-09-26T01:39:39+00:00\",\"dateModified\":\"2025-07-10T07:40:09+00:00\",\"description\":\"As one of the best stainless steel insulated food jar manufacturers and suppliers, we are engaged in manufacturing good quality water bottles. We warmly welcome you to wholesale or buy custom made stainless steel insulated food jar at competitive price from us. Also, small quantity orders are acceptable.\",\"breadcrumb\":{\"@id\":\"https:\\\/\\\/www.dillerbottle.com\\\/ru\\\/%d0%bf%d1%80%d0%be%d0%b4%d1%83%d0%ba%d1%82%d1%8b\\\/%d0%bf%d0%b8%d1%89%d0%b5%d0%b2%d0%b0%d1%8f-%d0%b1%d0%b0%d0%bd%d0%ba%d0%b0-%d0%b8%d0%b7-%d0%bd%d0%b5%d1%80%d0%b6%d0%b0%d0%b2%d0%b5%d1%8e%d1%89%d0%b5%d0%b9-%d1%81%d1%82%d0%b0%d0%bb%d0%b8-%d1%81-%d0%b8#breadcrumb\"},\"inLanguage\":\"vi\",\"potentialAction\":[{\"@type\":\"ReadAction\",\"target\":[\"https:\\\/\\\/www.dillerbottle.com\\\/ru\\\/%d0%bf%d1%80%d0%be%d0%b4%d1%83%d0%ba%d1%82%d1%8b\\\/%d0%bf%d0%b8%d1%89%d0%b5%d0%b2%d0%b0%d1%8f-%d0%b1%d0%b0%d0%bd%d0%ba%d0%b0-%d0%b8%d0%b7-%d0%bd%d0%b5%d1%80%d0%b6%d0%b0%d0%b2%d0%b5%d1%8e%d1%89%d0%b5%d0%b9-%d1%81%d1%82%d0%b0%d0%bb%d0%b8-%d1%81-%d0%b8\"]}]},{\"@type\":\"ImageObject\",\"inLanguage\":\"vi\",\"@id\":\"https:\\\/\\\/www.dillerbottle.com\\\/ru\\\/%d0%bf%d1%80%d0%be%d0%b4%d1%83%d0%ba%d1%82%d1%8b\\\/%d0%bf%d0%b8%d1%89%d0%b5%d0%b2%d0%b0%d1%8f-%d0%b1%d0%b0%d0%bd%d0%ba%d0%b0-%d0%b8%d0%b7-%d0%bd%d0%b5%d1%80%d0%b6%d0%b0%d0%b2%d0%b5%d1%8e%d1%89%d0%b5%d0%b9-%d1%81%d1%82%d0%b0%d0%bb%d0%b8-%d1%81-%d0%b8#primaryimage\",\"url\":\"https:\\\/\\\/www.dillerbottle.com\\\/wp-content\\\/uploads\\\/2024\\\/09\\\/stainless-steel-insulated-food-jar7291967b-e0d2-465c-a1a4-3ade3d73137b.jpg\",\"contentUrl\":\"https:\\\/\\\/www.dillerbottle.com\\\/wp-content\\\/uploads\\\/2024\\\/09\\\/stainless-steel-insulated-food-jar7291967b-e0d2-465c-a1a4-3ade3d73137b.jpg\",\"width\":730,\"height\":730},{\"@type\":\"BreadcrumbList\",\"@id\":\"https:\\\/\\\/www.dillerbottle.com\\\/ru\\\/%d0%bf%d1%80%d0%be%d0%b4%d1%83%d0%ba%d1%82%d1%8b\\\/%d0%bf%d0%b8%d1%89%d0%b5%d0%b2%d0%b0%d1%8f-%d0%b1%d0%b0%d0%bd%d0%ba%d0%b0-%d0%b8%d0%b7-%d0%bd%d0%b5%d1%80%d0%b6%d0%b0%d0%b2%d0%b5%d1%8e%d1%89%d0%b5%d0%b9-%d1%81%d1%82%d0%b0%d0%bb%d0%b8-%d1%81-%d0%b8#breadcrumb\",\"itemListElement\":[{\"@type\":\"ListItem\",\"position\":1,\"name\":\"Home\",\"item\":\"https:\\\/\\\/www.dillerbottle.com\\\/\"},{\"@type\":\"ListItem\",\"position\":2,\"name\":\"Products\",\"item\":\"https:\\\/\\\/www.dillerbottle.com\\\/shop\"},{\"@type\":\"ListItem\",\"position\":3,\"name\":\"Stainless Steel Insulated Food Jar\"}]},{\"@type\":\"WebSite\",\"@id\":\"https:\\\/\\\/www.dillerbottle.com\\\/#website\",\"url\":\"https:\\\/\\\/www.dillerbottle.com\\\/\",\"name\":\"Diller Water Bottle Manufacturer\",\"description\":\"Water Bottle Manufacturer\",\"publisher\":{\"@id\":\"https:\\\/\\\/www.dillerbottle.com\\\/#organization\"},\"potentialAction\":[{\"@type\":\"SearchAction\",\"target\":{\"@type\":\"EntryPoint\",\"urlTemplate\":\"https:\\\/\\\/www.dillerbottle.com\\\/?s={search_term_string}\"},\"query-input\":{\"@type\":\"PropertyValueSpecification\",\"valueRequired\":true,\"valueName\":\"search_term_string\"}}],\"inLanguage\":\"vi\"},{\"@type\":\"Organization\",\"@id\":\"https:\\\/\\\/www.dillerbottle.com\\\/#organization\",\"name\":\"Diller Water Bottle Manufacturer\",\"url\":\"https:\\\/\\\/www.dillerbottle.com\\\/\",\"logo\":{\"@type\":\"ImageObject\",\"inLanguage\":\"vi\",\"@id\":\"https:\\\/\\\/www.dillerbottle.com\\\/#\\\/schema\\\/logo\\\/image\\\/\",\"url\":\"https:\\\/\\\/www.dillerbottle.com\\\/wp-content\\\/uploads\\\/2024\\\/09\\\/49918bfa848dcc1e9f8b509933603ac.png\",\"contentUrl\":\"https:\\\/\\\/www.dillerbottle.com\\\/wp-content\\\/uploads\\\/2024\\\/09\\\/49918bfa848dcc1e9f8b509933603ac.png\",\"width\":988,\"height\":198,\"caption\":\"Diller Water Bottle Manufacturer\"},\"image\":{\"@id\":\"https:\\\/\\\/www.dillerbottle.com\\\/#\\\/schema\\\/logo\\\/image\\\/\"}}]}<\/script>\n<!-- \/ Yoast SEO Premium plugin. -->","yoast_head_json":{"title":"B\u00ecnh \u0111\u1ef1ng th\u1ef1c ph\u1ea9m c\u00e1ch nhi\u1ec7t b\u1eb1ng th\u00e9p kh\u00f4ng g\u1ec9 - Nh\u00e0 s\u1ea3n xu\u1ea5t b\u00ecnh n\u01b0\u1edbc Diller","description":"L\u00e0 m\u1ed9t trong nh\u1eefng nh\u00e0 s\u1ea3n xu\u1ea5t v\u00e0 cung c\u1ea5p b\u00ecnh \u0111\u1ef1ng th\u1ef1c ph\u1ea9m c\u00e1ch nhi\u1ec7t b\u1eb1ng th\u00e9p kh\u00f4ng g\u1ec9 t\u1ed1t nh\u1ea5t, ch\u00fang t\u00f4i tham gia s\u1ea3n xu\u1ea5t c\u00e1c chai n\u01b0\u1edbc ch\u1ea5t l\u01b0\u1ee3ng t\u1ed1t. Ch\u00fang t\u00f4i n\u1ed3ng nhi\u1ec7t ch\u00e0o \u0111\u00f3n b\u1ea1n \u0111\u1ebfn b\u00e1n bu\u00f4n ho\u1eb7c mua b\u00ecnh \u0111\u1ef1ng th\u1ef1c ph\u1ea9m c\u00e1ch nhi\u1ec7t b\u1eb1ng th\u00e9p kh\u00f4ng g\u1ec9 t\u00f9y ch\u1ec9nh v\u1edbi gi\u00e1 c\u1ea3 c\u1ea1nh tranh t\u1eeb ch\u00fang t\u00f4i. Ngo\u00e0i ra, ch\u00fang t\u00f4i c\u0169ng ch\u1ea5p nh\u1eadn \u0111\u01a1n \u0111\u1eb7t h\u00e0ng s\u1ed1 l\u01b0\u1ee3ng nh\u1ecf.","robots":{"index":"index","follow":"follow","max-snippet":"max-snippet:-1","max-image-preview":"max-image-preview:large","max-video-preview":"max-video-preview:-1"},"canonical":"https:\/\/www.dillerbottle.com\/vn\/cac-san-pham\/lo-dung-thuc-pham-cach-nhiet-bang-thep-khong-gi","og_locale":"vi_VN","og_type":"article","og_title":"Stainless Steel Insulated Food Jar","og_description":"As one of the best stainless steel insulated food jar manufacturers and suppliers, we are engaged in manufacturing good quality water bottles. We warmly welcome you to wholesale or buy custom made stainless steel insulated food jar at competitive price from us. Also, small quantity orders are acceptable.","og_url":"https:\/\/www.dillerbottle.com\/vn\/cac-san-pham\/lo-dung-thuc-pham-cach-nhiet-bang-thep-khong-gi","og_site_name":"Diller Water Bottle Manufacturer","article_modified_time":"2025-07-10T07:40:09+00:00","og_image":[{"width":730,"height":730,"url":"https:\/\/www.dillerbottle.com\/wp-content\/uploads\/2024\/09\/stainless-steel-insulated-food-jar7291967b-e0d2-465c-a1a4-3ade3d73137b.jpg","type":"image\/jpeg"}],"twitter_card":"summary_large_image","twitter_misc":{"\u01af\u1edbc t\u00ednh th\u1eddi gian \u0111\u1ecdc":"6 ph\u00fat"},"schema":{"@context":"https:\/\/schema.org","@graph":[{"@type":"WebPage","@id":"https:\/\/www.dillerbottle.com\/ru\/%d0%bf%d1%80%d0%be%d0%b4%d1%83%d0%ba%d1%82%d1%8b\/%d0%bf%d0%b8%d1%89%d0%b5%d0%b2%d0%b0%d1%8f-%d0%b1%d0%b0%d0%bd%d0%ba%d0%b0-%d0%b8%d0%b7-%d0%bd%d0%b5%d1%80%d0%b6%d0%b0%d0%b2%d0%b5%d1%8e%d1%89%d0%b5%d0%b9-%d1%81%d1%82%d0%b0%d0%bb%d0%b8-%d1%81-%d0%b8","url":"https:\/\/www.dillerbottle.com\/ru\/%d0%bf%d1%80%d0%be%d0%b4%d1%83%d0%ba%d1%82%d1%8b\/%d0%bf%d0%b8%d1%89%d0%b5%d0%b2%d0%b0%d1%8f-%d0%b1%d0%b0%d0%bd%d0%ba%d0%b0-%d0%b8%d0%b7-%d0%bd%d0%b5%d1%80%d0%b6%d0%b0%d0%b2%d0%b5%d1%8e%d1%89%d0%b5%d0%b9-%d1%81%d1%82%d0%b0%d0%bb%d0%b8-%d1%81-%d0%b8","name":"B\u00ecnh \u0111\u1ef1ng th\u1ef1c ph\u1ea9m c\u00e1ch nhi\u1ec7t b\u1eb1ng th\u00e9p kh\u00f4ng g\u1ec9 - Nh\u00e0 s\u1ea3n xu\u1ea5t b\u00ecnh n\u01b0\u1edbc Diller","isPartOf":{"@id":"https:\/\/www.dillerbottle.com\/#website"},"primaryImageOfPage":{"@id":"https:\/\/www.dillerbottle.com\/ru\/%d0%bf%d1%80%d0%be%d0%b4%d1%83%d0%ba%d1%82%d1%8b\/%d0%bf%d0%b8%d1%89%d0%b5%d0%b2%d0%b0%d1%8f-%d0%b1%d0%b0%d0%bd%d0%ba%d0%b0-%d0%b8%d0%b7-%d0%bd%d0%b5%d1%80%d0%b6%d0%b0%d0%b2%d0%b5%d1%8e%d1%89%d0%b5%d0%b9-%d1%81%d1%82%d0%b0%d0%bb%d0%b8-%d1%81-%d0%b8#primaryimage"},"image":{"@id":"https:\/\/www.dillerbottle.com\/ru\/%d0%bf%d1%80%d0%be%d0%b4%d1%83%d0%ba%d1%82%d1%8b\/%d0%bf%d0%b8%d1%89%d0%b5%d0%b2%d0%b0%d1%8f-%d0%b1%d0%b0%d0%bd%d0%ba%d0%b0-%d0%b8%d0%b7-%d0%bd%d0%b5%d1%80%d0%b6%d0%b0%d0%b2%d0%b5%d1%8e%d1%89%d0%b5%d0%b9-%d1%81%d1%82%d0%b0%d0%bb%d0%b8-%d1%81-%d0%b8#primaryimage"},"thumbnailUrl":"https:\/\/www.dillerbottle.com\/wp-content\/uploads\/2024\/09\/stainless-steel-insulated-food-jar7291967b-e0d2-465c-a1a4-3ade3d73137b.jpg","datePublished":"2024-09-26T01:39:39+00:00","dateModified":"2025-07-10T07:40:09+00:00","description":"L\u00e0 m\u1ed9t trong nh\u1eefng nh\u00e0 s\u1ea3n xu\u1ea5t v\u00e0 cung c\u1ea5p b\u00ecnh \u0111\u1ef1ng th\u1ef1c ph\u1ea9m c\u00e1ch nhi\u1ec7t b\u1eb1ng th\u00e9p kh\u00f4ng g\u1ec9 t\u1ed1t nh\u1ea5t, ch\u00fang t\u00f4i tham gia s\u1ea3n xu\u1ea5t c\u00e1c chai n\u01b0\u1edbc ch\u1ea5t l\u01b0\u1ee3ng t\u1ed1t. Ch\u00fang t\u00f4i n\u1ed3ng nhi\u1ec7t ch\u00e0o \u0111\u00f3n b\u1ea1n \u0111\u1ebfn b\u00e1n bu\u00f4n ho\u1eb7c mua b\u00ecnh \u0111\u1ef1ng th\u1ef1c ph\u1ea9m c\u00e1ch nhi\u1ec7t b\u1eb1ng th\u00e9p kh\u00f4ng g\u1ec9 t\u00f9y ch\u1ec9nh v\u1edbi gi\u00e1 c\u1ea3 c\u1ea1nh tranh t\u1eeb ch\u00fang t\u00f4i. Ngo\u00e0i ra, ch\u00fang t\u00f4i c\u0169ng ch\u1ea5p nh\u1eadn \u0111\u01a1n \u0111\u1eb7t h\u00e0ng s\u1ed1 l\u01b0\u1ee3ng nh\u1ecf.","breadcrumb":{"@id":"https:\/\/www.dillerbottle.com\/ru\/%d0%bf%d1%80%d0%be%d0%b4%d1%83%d0%ba%d1%82%d1%8b\/%d0%bf%d0%b8%d1%89%d0%b5%d0%b2%d0%b0%d1%8f-%d0%b1%d0%b0%d0%bd%d0%ba%d0%b0-%d0%b8%d0%b7-%d0%bd%d0%b5%d1%80%d0%b6%d0%b0%d0%b2%d0%b5%d1%8e%d1%89%d0%b5%d0%b9-%d1%81%d1%82%d0%b0%d0%bb%d0%b8-%d1%81-%d0%b8#breadcrumb"},"inLanguage":"vi","potentialAction":[{"@type":"ReadAction","target":["https:\/\/www.dillerbottle.com\/ru\/%d0%bf%d1%80%d0%be%d0%b4%d1%83%d0%ba%d1%82%d1%8b\/%d0%bf%d0%b8%d1%89%d0%b5%d0%b2%d0%b0%d1%8f-%d0%b1%d0%b0%d0%bd%d0%ba%d0%b0-%d0%b8%d0%b7-%d0%bd%d0%b5%d1%80%d0%b6%d0%b0%d0%b2%d0%b5%d1%8e%d1%89%d0%b5%d0%b9-%d1%81%d1%82%d0%b0%d0%bb%d0%b8-%d1%81-%d0%b8"]}]},{"@type":"ImageObject","inLanguage":"vi","@id":"https:\/\/www.dillerbottle.com\/ru\/%d0%bf%d1%80%d0%be%d0%b4%d1%83%d0%ba%d1%82%d1%8b\/%d0%bf%d0%b8%d1%89%d0%b5%d0%b2%d0%b0%d1%8f-%d0%b1%d0%b0%d0%bd%d0%ba%d0%b0-%d0%b8%d0%b7-%d0%bd%d0%b5%d1%80%d0%b6%d0%b0%d0%b2%d0%b5%d1%8e%d1%89%d0%b5%d0%b9-%d1%81%d1%82%d0%b0%d0%bb%d0%b8-%d1%81-%d0%b8#primaryimage","url":"https:\/\/www.dillerbottle.com\/wp-content\/uploads\/2024\/09\/stainless-steel-insulated-food-jar7291967b-e0d2-465c-a1a4-3ade3d73137b.jpg","contentUrl":"https:\/\/www.dillerbottle.com\/wp-content\/uploads\/2024\/09\/stainless-steel-insulated-food-jar7291967b-e0d2-465c-a1a4-3ade3d73137b.jpg","width":730,"height":730},{"@type":"BreadcrumbList","@id":"https:\/\/www.dillerbottle.com\/ru\/%d0%bf%d1%80%d0%be%d0%b4%d1%83%d0%ba%d1%82%d1%8b\/%d0%bf%d0%b8%d1%89%d0%b5%d0%b2%d0%b0%d1%8f-%d0%b1%d0%b0%d0%bd%d0%ba%d0%b0-%d0%b8%d0%b7-%d0%bd%d0%b5%d1%80%d0%b6%d0%b0%d0%b2%d0%b5%d1%8e%d1%89%d0%b5%d0%b9-%d1%81%d1%82%d0%b0%d0%bb%d0%b8-%d1%81-%d0%b8#breadcrumb","itemListElement":[{"@type":"ListItem","position":1,"name":"Home","item":"https:\/\/www.dillerbottle.com\/"},{"@type":"ListItem","position":2,"name":"Products","item":"https:\/\/www.dillerbottle.com\/shop"},{"@type":"ListItem","position":3,"name":"Stainless Steel Insulated Food Jar"}]},{"@type":"WebSite","@id":"https:\/\/www.dillerbottle.com\/#website","url":"https:\/\/www.dillerbottle.com\/","name":"Nh\u00e0 s\u1ea3n xu\u1ea5t b\u00ecnh n\u01b0\u1edbc Diller","description":"Nh\u00e0 s\u1ea3n xu\u1ea5t b\u00ecnh n\u01b0\u1edbc","publisher":{"@id":"https:\/\/www.dillerbottle.com\/#organization"},"potentialAction":[{"@type":"SearchAction","target":{"@type":"EntryPoint","urlTemplate":"https:\/\/www.dillerbottle.com\/?s={search_term_string}"},"query-input":{"@type":"PropertyValueSpecification","valueRequired":true,"valueName":"search_term_string"}}],"inLanguage":"vi"},{"@type":"Organization","@id":"https:\/\/www.dillerbottle.com\/#organization","name":"Nh\u00e0 s\u1ea3n xu\u1ea5t b\u00ecnh n\u01b0\u1edbc Diller","url":"https:\/\/www.dillerbottle.com\/","logo":{"@type":"ImageObject","inLanguage":"vi","@id":"https:\/\/www.dillerbottle.com\/#\/schema\/logo\/image\/","url":"https:\/\/www.dillerbottle.com\/wp-content\/uploads\/2024\/09\/49918bfa848dcc1e9f8b509933603ac.png","contentUrl":"https:\/\/www.dillerbottle.com\/wp-content\/uploads\/2024\/09\/49918bfa848dcc1e9f8b509933603ac.png","width":988,"height":198,"caption":"Diller Water Bottle Manufacturer"},"image":{"@id":"https:\/\/www.dillerbottle.com\/#\/schema\/logo\/image\/"}}]}},"_links":{"self":[{"href":"https:\/\/www.dillerbottle.com\/vn\/wp-json\/wp\/v2\/product\/2853","targetHints":{"allow":["GET"]}}],"collection":[{"href":"https:\/\/www.dillerbottle.com\/vn\/wp-json\/wp\/v2\/product"}],"about":[{"href":"https:\/\/www.dillerbottle.com\/vn\/wp-json\/wp\/v2\/types\/product"}],"replies":[{"embeddable":true,"href":"https:\/\/www.dillerbottle.com\/vn\/wp-json\/wp\/v2\/comments?post=2853"}],"wp:featuredmedia":[{"embeddable":true,"href":"https:\/\/www.dillerbottle.com\/vn\/wp-json\/wp\/v2\/media\/2854"}],"wp:attachment":[{"href":"https:\/\/www.dillerbottle.com\/vn\/wp-json\/wp\/v2\/media?parent=2853"}],"wp:term":[{"taxonomy":"product_brand","embeddable":true,"href":"https:\/\/www.dillerbottle.com\/vn\/wp-json\/wp\/v2\/product_brand?post=2853"},{"taxonomy":"product_cat","embeddable":true,"href":"https:\/\/www.dillerbottle.com\/vn\/wp-json\/wp\/v2\/product_cat?post=2853"},{"taxonomy":"product_tag","embeddable":true,"href":"https:\/\/www.dillerbottle.com\/vn\/wp-json\/wp\/v2\/product_tag?post=2853"}],"curies":[{"name":"wp","href":"https:\/\/api.w.org\/{rel}","templated":true}]}}