{"id":3004,"date":"2024-09-26T09:41:40","date_gmt":"2024-09-26T01:41:40","guid":{"rendered":"https:\/\/demo.dillerbottle.com\/uncategorized\/thermos-food-jar-with-spoon"},"modified":"2025-07-10T15:33:46","modified_gmt":"2025-07-10T07:33:46","slug":"binh-dung-thuc-an-giu-nhiet-kem-thia","status":"publish","type":"product","link":"https:\/\/www.dillerbottle.com\/vn\/products\/thermos-food-jar-with-spoon","title":{"rendered":"B\u00ecnh \u0111\u1ef1ng th\u1ee9c \u0103n Thermos k\u00e8m th\u00eca"},"content":{"rendered":"<p>\u0110\u1eb7c tr\u01b0ng:<br \/>\n1. B\u00ean trong v\u00e0 b\u00ean ngo\u00e0i b\u1eb1ng th\u00e9p kh\u00f4ng g\u1ec9 b\u1ec1n b\u1ec9, l\u1edbp c\u00e1ch nhi\u1ec7t ch\u00e2n kh\u00f4ng hai l\u1edbp gi\u1eef nhi\u1ec7t \u0111\u1ed9 n\u00f3ng ho\u1eb7c l\u1ea1nh.<\/p>\n<p>2. Mi\u1ec7ng r\u1ed9ng cho ph\u00e9p b\u1ea1n \u0103n tr\u1ef1c ti\u1ebfp t\u1eeb b\u00ecnh \u0111\u1ef1ng th\u1ee9c \u0103n gi\u1eef nhi\u1ec7t.<\/p>\n<p>3. Bao g\u1ed3m th\u00eca th\u00e9p kh\u00f4ng g\u1ec9 c\u00f3 th\u1ec3 g\u1ea5p l\u1ea1i k\u00edch th\u01b0\u1edbc \u0111\u1ea7y \u0111\u1ee7, c\u1ea5t gi\u1eef thu\u1eadn ti\u1ec7n trong n\u00fat ch\u1eb7n.<\/p>\n<p>4. B\u00ecnh \u0111\u1ef1ng th\u1ee9c \u0103n Thermos th\u00edch h\u1ee3p \u0111\u1ec3 \u0111\u1ef1ng c\u00e1c m\u00f3n \u0103n n\u00f3ng, s\u00fap, y\u1ebfn m\u1ea1ch, m\u00f3n tr\u00e1ng mi\u1ec7ng l\u1ea1nh v\u00e0 \u0111\u1ed3 u\u1ed1ng c\u00f9ng nhi\u1ec1u lo\u1ea1i kh\u00e1c.<\/p>","protected":false},"excerpt":{"rendered":"<p>N\u1ebfu b\u1ea1n \u0111ang t\u00ecm ki\u1ebfm B\u00ecnh \u0111\u1ef1ng th\u1ee9c \u0103n Thermos k\u00e8m th\u00eca ch\u1ea5t l\u01b0\u1ee3ng cao c\u00f3 th\u1ec3 t\u00f9y ch\u1ec9nh, ch\u00fang t\u00f4i s\u1ebd \u0111\u00e1p \u1ee9ng nhu c\u1ea7u c\u1ee7a b\u1ea1n.<br \/>\nV\u1edbi nhi\u1ec1u m\u00e0u s\u1eafc v\u00e0 hoa v\u0103n \u0111\u1ec3 l\u1ef1a ch\u1ecdn, c\u0169ng nh\u01b0 t\u00f9y ch\u1ecdn th\u00eam logo ho\u1eb7c thi\u1ebft k\u1ebf c\u1ee7a ri\u00eang b\u1ea1n, ch\u00fang t\u00f4i gi\u00fap b\u1ea1n d\u1ec5 d\u00e0ng t\u1ea1o ra B\u00ecnh \u0111\u1ef1ng th\u1ee9c \u0103n Thermos k\u00e8m th\u00eca ho\u00e0n h\u1ea3o d\u00e0nh cho b\u1ea1n.<br \/>\nV\u00e0 n\u1ebfu b\u1ea1n c\u1ea7n \u0111\u01a1n h\u00e0ng l\u1edbn, ch\u00fang t\u00f4i cung c\u1ea5p gi\u00e1 b\u00e1n bu\u00f4n \u0111\u1ec3 b\u1ea1n c\u00f3 th\u1ec3 mua \u0111\u01b0\u1ee3c gi\u00e1 ph\u1ea3i ch\u0103ng h\u01a1n.<br \/>\nC\u00f4ng ngh\u1ec7 c\u00e1ch nhi\u1ec7t ch\u00e2n kh\u00f4ng gi\u1eef nguy\u00ean nhi\u1ec7t \u0111\u1ed9 c\u1ee7a th\u1ee9c \u0103n n\u00f3ng ho\u1eb7c l\u1ea1nh.<br \/>\nB\u00ecnh \u0111\u1ef1ng th\u1ee9c \u0103n Thermos n\u00e0y c\u00f3 th\u1ec3 gi\u1eef th\u1ee9c \u0103n n\u00f3ng t\u1edbi 8 gi\u1edd v\u00e0 gi\u1eef l\u1ea1nh t\u1edbi 12 gi\u1edd.<br \/>\nK\u1ebft c\u1ea5u th\u00e9p kh\u00f4ng g\u1ec9 304 (18\/8) ch\u1ea5t l\u01b0\u1ee3ng cao b\u1ec1n b\u1ec9<\/p>","protected":false},"featured_media":3005,"comment_status":"open","ping_status":"closed","template":"","meta":{"_acf_changed":false},"product_brand":[],"product_cat":[108],"product_tag":[120,32,36,33,31,172,153,39,38,29,37,34,35,28,160,140,171,146,30],"class_list":{"0":"post-3004","1":"product","2":"type-product","3":"status-publish","4":"has-post-thumbnail","6":"product_cat-insulated-food-jar","7":"product_tag-316-thermal-food-jar","8":"product_tag-best","9":"product_tag-bulk","10":"product_tag-buy","11":"product_tag-custom","12":"product_tag-food-thermal-container","13":"product_tag-food-thermal-jar","14":"product_tag-for-sale","15":"product_tag-good-quality","16":"product_tag-manufacturers","17":"product_tag-manufacturing","18":"product_tag-price","19":"product_tag-small","20":"product_tag-suppliers","21":"product_tag-thermal-food-pot-with-lid","22":"product_tag-thermal-hot-food-container","23":"product_tag-thermos-food-jar-with-spoon","24":"product_tag-vacuum-flask-food-jar","25":"product_tag-wholesale","27":"first","28":"instock","29":"shipping-taxable","30":"product-type-simple"},"acf":[],"yoast_head":"<!-- This site is optimized with the Yoast SEO Premium plugin v27.5 (Yoast SEO v27.5) - https:\/\/yoast.com\/product\/yoast-seo-premium-wordpress\/ -->\n<title>Thermos Food Jar with Spoon - Diller Water Bottle Manufacturer<\/title>\n<meta name=\"description\" content=\"As one of the best thermos food jar with spoon manufacturers and suppliers, we are engaged in manufacturing good quality water bottles. We warmly welcome you to wholesale or buy custom made thermos food jar with spoon at competitive price from us. Also, small quantity orders are acceptable.\" \/>\n<meta name=\"robots\" content=\"index, follow, max-snippet:-1, max-image-preview:large, max-video-preview:-1\" \/>\n<link rel=\"canonical\" href=\"https:\/\/www.dillerbottle.com\/vn\/cac-san-pham\/binh-dung-thuc-an-giu-nhiet-kem-thia\" \/>\n<meta property=\"og:locale\" content=\"vi_VN\" \/>\n<meta property=\"og:type\" content=\"article\" \/>\n<meta property=\"og:title\" content=\"Thermos Food Jar with Spoon\" \/>\n<meta property=\"og:description\" content=\"As one of the best thermos food jar with spoon manufacturers and suppliers, we are engaged in manufacturing good quality water bottles. We warmly welcome you to wholesale or buy custom made thermos food jar with spoon at competitive price from us. Also, small quantity orders are acceptable.\" \/>\n<meta property=\"og:url\" content=\"https:\/\/www.dillerbottle.com\/vn\/cac-san-pham\/binh-dung-thuc-an-giu-nhiet-kem-thia\" \/>\n<meta property=\"og:site_name\" content=\"Diller Water Bottle Manufacturer\" \/>\n<meta property=\"article:modified_time\" content=\"2025-07-10T07:33:46+00:00\" \/>\n<meta property=\"og:image\" content=\"https:\/\/www.dillerbottle.com\/wp-content\/uploads\/2024\/09\/thermos-food-jar-with-spoon39486708367.jpg\" \/>\n\t<meta property=\"og:image:width\" content=\"730\" \/>\n\t<meta property=\"og:image:height\" content=\"730\" \/>\n\t<meta property=\"og:image:type\" content=\"image\/jpeg\" \/>\n<meta name=\"twitter:card\" content=\"summary_large_image\" \/>\n<meta name=\"twitter:label1\" content=\"\u01af\u1edbc t\u00ednh th\u1eddi gian \u0111\u1ecdc\" \/>\n\t<meta name=\"twitter:data1\" content=\"2 ph\u00fat\" \/>\n<script type=\"application\/ld+json\" class=\"yoast-schema-graph\">{\"@context\":\"https:\\\/\\\/schema.org\",\"@graph\":[{\"@type\":\"WebPage\",\"@id\":\"https:\\\/\\\/www.dillerbottle.com\\\/ko\\\/%ec%a0%9c%ed%92%88\\\/%ec%88%9f%ea%b0%80%eb%9d%bd%ec%9d%b4-%eb%8b%ac%eb%a6%b0-%eb%b3%b4%ec%98%a8%eb%b3%91-%ec%8b%9d%ed%92%88-%ec%9a%a9%ea%b8%b0\",\"url\":\"https:\\\/\\\/www.dillerbottle.com\\\/ko\\\/%ec%a0%9c%ed%92%88\\\/%ec%88%9f%ea%b0%80%eb%9d%bd%ec%9d%b4-%eb%8b%ac%eb%a6%b0-%eb%b3%b4%ec%98%a8%eb%b3%91-%ec%8b%9d%ed%92%88-%ec%9a%a9%ea%b8%b0\",\"name\":\"Thermos Food Jar with Spoon - Diller Water Bottle Manufacturer\",\"isPartOf\":{\"@id\":\"https:\\\/\\\/www.dillerbottle.com\\\/#website\"},\"primaryImageOfPage\":{\"@id\":\"https:\\\/\\\/www.dillerbottle.com\\\/ko\\\/%ec%a0%9c%ed%92%88\\\/%ec%88%9f%ea%b0%80%eb%9d%bd%ec%9d%b4-%eb%8b%ac%eb%a6%b0-%eb%b3%b4%ec%98%a8%eb%b3%91-%ec%8b%9d%ed%92%88-%ec%9a%a9%ea%b8%b0#primaryimage\"},\"image\":{\"@id\":\"https:\\\/\\\/www.dillerbottle.com\\\/ko\\\/%ec%a0%9c%ed%92%88\\\/%ec%88%9f%ea%b0%80%eb%9d%bd%ec%9d%b4-%eb%8b%ac%eb%a6%b0-%eb%b3%b4%ec%98%a8%eb%b3%91-%ec%8b%9d%ed%92%88-%ec%9a%a9%ea%b8%b0#primaryimage\"},\"thumbnailUrl\":\"https:\\\/\\\/www.dillerbottle.com\\\/wp-content\\\/uploads\\\/2024\\\/09\\\/thermos-food-jar-with-spoon39486708367.jpg\",\"datePublished\":\"2024-09-26T01:41:40+00:00\",\"dateModified\":\"2025-07-10T07:33:46+00:00\",\"description\":\"As one of the best thermos food jar with spoon manufacturers and suppliers, we are engaged in manufacturing good quality water bottles. We warmly welcome you to wholesale or buy custom made thermos food jar with spoon at competitive price from us. Also, small quantity orders are acceptable.\",\"breadcrumb\":{\"@id\":\"https:\\\/\\\/www.dillerbottle.com\\\/ko\\\/%ec%a0%9c%ed%92%88\\\/%ec%88%9f%ea%b0%80%eb%9d%bd%ec%9d%b4-%eb%8b%ac%eb%a6%b0-%eb%b3%b4%ec%98%a8%eb%b3%91-%ec%8b%9d%ed%92%88-%ec%9a%a9%ea%b8%b0#breadcrumb\"},\"inLanguage\":\"vi\",\"potentialAction\":[{\"@type\":\"ReadAction\",\"target\":[\"https:\\\/\\\/www.dillerbottle.com\\\/ko\\\/%ec%a0%9c%ed%92%88\\\/%ec%88%9f%ea%b0%80%eb%9d%bd%ec%9d%b4-%eb%8b%ac%eb%a6%b0-%eb%b3%b4%ec%98%a8%eb%b3%91-%ec%8b%9d%ed%92%88-%ec%9a%a9%ea%b8%b0\"]}]},{\"@type\":\"ImageObject\",\"inLanguage\":\"vi\",\"@id\":\"https:\\\/\\\/www.dillerbottle.com\\\/ko\\\/%ec%a0%9c%ed%92%88\\\/%ec%88%9f%ea%b0%80%eb%9d%bd%ec%9d%b4-%eb%8b%ac%eb%a6%b0-%eb%b3%b4%ec%98%a8%eb%b3%91-%ec%8b%9d%ed%92%88-%ec%9a%a9%ea%b8%b0#primaryimage\",\"url\":\"https:\\\/\\\/www.dillerbottle.com\\\/wp-content\\\/uploads\\\/2024\\\/09\\\/thermos-food-jar-with-spoon39486708367.jpg\",\"contentUrl\":\"https:\\\/\\\/www.dillerbottle.com\\\/wp-content\\\/uploads\\\/2024\\\/09\\\/thermos-food-jar-with-spoon39486708367.jpg\",\"width\":730,\"height\":730},{\"@type\":\"BreadcrumbList\",\"@id\":\"https:\\\/\\\/www.dillerbottle.com\\\/ko\\\/%ec%a0%9c%ed%92%88\\\/%ec%88%9f%ea%b0%80%eb%9d%bd%ec%9d%b4-%eb%8b%ac%eb%a6%b0-%eb%b3%b4%ec%98%a8%eb%b3%91-%ec%8b%9d%ed%92%88-%ec%9a%a9%ea%b8%b0#breadcrumb\",\"itemListElement\":[{\"@type\":\"ListItem\",\"position\":1,\"name\":\"Home\",\"item\":\"https:\\\/\\\/www.dillerbottle.com\\\/\"},{\"@type\":\"ListItem\",\"position\":2,\"name\":\"Products\",\"item\":\"https:\\\/\\\/www.dillerbottle.com\\\/shop\"},{\"@type\":\"ListItem\",\"position\":3,\"name\":\"Thermos Food Jar with Spoon\"}]},{\"@type\":\"WebSite\",\"@id\":\"https:\\\/\\\/www.dillerbottle.com\\\/#website\",\"url\":\"https:\\\/\\\/www.dillerbottle.com\\\/\",\"name\":\"Diller Water Bottle Manufacturer\",\"description\":\"Water Bottle Manufacturer\",\"publisher\":{\"@id\":\"https:\\\/\\\/www.dillerbottle.com\\\/#organization\"},\"potentialAction\":[{\"@type\":\"SearchAction\",\"target\":{\"@type\":\"EntryPoint\",\"urlTemplate\":\"https:\\\/\\\/www.dillerbottle.com\\\/?s={search_term_string}\"},\"query-input\":{\"@type\":\"PropertyValueSpecification\",\"valueRequired\":true,\"valueName\":\"search_term_string\"}}],\"inLanguage\":\"vi\"},{\"@type\":\"Organization\",\"@id\":\"https:\\\/\\\/www.dillerbottle.com\\\/#organization\",\"name\":\"Diller Water Bottle Manufacturer\",\"url\":\"https:\\\/\\\/www.dillerbottle.com\\\/\",\"logo\":{\"@type\":\"ImageObject\",\"inLanguage\":\"vi\",\"@id\":\"https:\\\/\\\/www.dillerbottle.com\\\/#\\\/schema\\\/logo\\\/image\\\/\",\"url\":\"https:\\\/\\\/www.dillerbottle.com\\\/wp-content\\\/uploads\\\/2024\\\/09\\\/49918bfa848dcc1e9f8b509933603ac.png\",\"contentUrl\":\"https:\\\/\\\/www.dillerbottle.com\\\/wp-content\\\/uploads\\\/2024\\\/09\\\/49918bfa848dcc1e9f8b509933603ac.png\",\"width\":988,\"height\":198,\"caption\":\"Diller Water Bottle Manufacturer\"},\"image\":{\"@id\":\"https:\\\/\\\/www.dillerbottle.com\\\/#\\\/schema\\\/logo\\\/image\\\/\"}}]}<\/script>\n<!-- \/ Yoast SEO Premium plugin. -->","yoast_head_json":{"title":"B\u00ecnh \u0111\u1ef1ng th\u1ee9c \u0103n Thermos k\u00e8m th\u00eca - Nh\u00e0 s\u1ea3n xu\u1ea5t b\u00ecnh n\u01b0\u1edbc Diller","description":"L\u00e0 m\u1ed9t trong nh\u1eefng nh\u00e0 s\u1ea3n xu\u1ea5t v\u00e0 cung c\u1ea5p b\u00ecnh \u0111\u1ef1ng th\u1ee9c \u0103n thermos c\u00f3 th\u00eca t\u1ed1t nh\u1ea5t, ch\u00fang t\u00f4i tham gia s\u1ea3n xu\u1ea5t b\u00ecnh \u0111\u1ef1ng n\u01b0\u1edbc ch\u1ea5t l\u01b0\u1ee3ng t\u1ed1t. Ch\u00fang t\u00f4i n\u1ed3ng nhi\u1ec7t ch\u00e0o \u0111\u00f3n b\u1ea1n \u0111\u1ebfn b\u00e1n bu\u00f4n ho\u1eb7c mua b\u00ecnh \u0111\u1ef1ng th\u1ee9c \u0103n thermos c\u00f3 th\u00eca t\u00f9y ch\u1ec9nh v\u1edbi gi\u00e1 c\u1ea1nh tranh t\u1eeb ch\u00fang t\u00f4i. Ngo\u00e0i ra, ch\u00fang t\u00f4i c\u0169ng ch\u1ea5p nh\u1eadn \u0111\u01a1n \u0111\u1eb7t h\u00e0ng s\u1ed1 l\u01b0\u1ee3ng nh\u1ecf.","robots":{"index":"index","follow":"follow","max-snippet":"max-snippet:-1","max-image-preview":"max-image-preview:large","max-video-preview":"max-video-preview:-1"},"canonical":"https:\/\/www.dillerbottle.com\/vn\/cac-san-pham\/binh-dung-thuc-an-giu-nhiet-kem-thia","og_locale":"vi_VN","og_type":"article","og_title":"Thermos Food Jar with Spoon","og_description":"As one of the best thermos food jar with spoon manufacturers and suppliers, we are engaged in manufacturing good quality water bottles. We warmly welcome you to wholesale or buy custom made thermos food jar with spoon at competitive price from us. Also, small quantity orders are acceptable.","og_url":"https:\/\/www.dillerbottle.com\/vn\/cac-san-pham\/binh-dung-thuc-an-giu-nhiet-kem-thia","og_site_name":"Diller Water Bottle Manufacturer","article_modified_time":"2025-07-10T07:33:46+00:00","og_image":[{"width":730,"height":730,"url":"https:\/\/www.dillerbottle.com\/wp-content\/uploads\/2024\/09\/thermos-food-jar-with-spoon39486708367.jpg","type":"image\/jpeg"}],"twitter_card":"summary_large_image","twitter_misc":{"\u01af\u1edbc t\u00ednh th\u1eddi gian \u0111\u1ecdc":"2 ph\u00fat"},"schema":{"@context":"https:\/\/schema.org","@graph":[{"@type":"WebPage","@id":"https:\/\/www.dillerbottle.com\/ko\/%ec%a0%9c%ed%92%88\/%ec%88%9f%ea%b0%80%eb%9d%bd%ec%9d%b4-%eb%8b%ac%eb%a6%b0-%eb%b3%b4%ec%98%a8%eb%b3%91-%ec%8b%9d%ed%92%88-%ec%9a%a9%ea%b8%b0","url":"https:\/\/www.dillerbottle.com\/ko\/%ec%a0%9c%ed%92%88\/%ec%88%9f%ea%b0%80%eb%9d%bd%ec%9d%b4-%eb%8b%ac%eb%a6%b0-%eb%b3%b4%ec%98%a8%eb%b3%91-%ec%8b%9d%ed%92%88-%ec%9a%a9%ea%b8%b0","name":"B\u00ecnh \u0111\u1ef1ng th\u1ee9c \u0103n Thermos k\u00e8m th\u00eca - Nh\u00e0 s\u1ea3n xu\u1ea5t b\u00ecnh n\u01b0\u1edbc Diller","isPartOf":{"@id":"https:\/\/www.dillerbottle.com\/#website"},"primaryImageOfPage":{"@id":"https:\/\/www.dillerbottle.com\/ko\/%ec%a0%9c%ed%92%88\/%ec%88%9f%ea%b0%80%eb%9d%bd%ec%9d%b4-%eb%8b%ac%eb%a6%b0-%eb%b3%b4%ec%98%a8%eb%b3%91-%ec%8b%9d%ed%92%88-%ec%9a%a9%ea%b8%b0#primaryimage"},"image":{"@id":"https:\/\/www.dillerbottle.com\/ko\/%ec%a0%9c%ed%92%88\/%ec%88%9f%ea%b0%80%eb%9d%bd%ec%9d%b4-%eb%8b%ac%eb%a6%b0-%eb%b3%b4%ec%98%a8%eb%b3%91-%ec%8b%9d%ed%92%88-%ec%9a%a9%ea%b8%b0#primaryimage"},"thumbnailUrl":"https:\/\/www.dillerbottle.com\/wp-content\/uploads\/2024\/09\/thermos-food-jar-with-spoon39486708367.jpg","datePublished":"2024-09-26T01:41:40+00:00","dateModified":"2025-07-10T07:33:46+00:00","description":"L\u00e0 m\u1ed9t trong nh\u1eefng nh\u00e0 s\u1ea3n xu\u1ea5t v\u00e0 cung c\u1ea5p b\u00ecnh \u0111\u1ef1ng th\u1ee9c \u0103n thermos c\u00f3 th\u00eca t\u1ed1t nh\u1ea5t, ch\u00fang t\u00f4i tham gia s\u1ea3n xu\u1ea5t b\u00ecnh \u0111\u1ef1ng n\u01b0\u1edbc ch\u1ea5t l\u01b0\u1ee3ng t\u1ed1t. Ch\u00fang t\u00f4i n\u1ed3ng nhi\u1ec7t ch\u00e0o \u0111\u00f3n b\u1ea1n \u0111\u1ebfn b\u00e1n bu\u00f4n ho\u1eb7c mua b\u00ecnh \u0111\u1ef1ng th\u1ee9c \u0103n thermos c\u00f3 th\u00eca t\u00f9y ch\u1ec9nh v\u1edbi gi\u00e1 c\u1ea1nh tranh t\u1eeb ch\u00fang t\u00f4i. Ngo\u00e0i ra, ch\u00fang t\u00f4i c\u0169ng ch\u1ea5p nh\u1eadn \u0111\u01a1n \u0111\u1eb7t h\u00e0ng s\u1ed1 l\u01b0\u1ee3ng nh\u1ecf.","breadcrumb":{"@id":"https:\/\/www.dillerbottle.com\/ko\/%ec%a0%9c%ed%92%88\/%ec%88%9f%ea%b0%80%eb%9d%bd%ec%9d%b4-%eb%8b%ac%eb%a6%b0-%eb%b3%b4%ec%98%a8%eb%b3%91-%ec%8b%9d%ed%92%88-%ec%9a%a9%ea%b8%b0#breadcrumb"},"inLanguage":"vi","potentialAction":[{"@type":"ReadAction","target":["https:\/\/www.dillerbottle.com\/ko\/%ec%a0%9c%ed%92%88\/%ec%88%9f%ea%b0%80%eb%9d%bd%ec%9d%b4-%eb%8b%ac%eb%a6%b0-%eb%b3%b4%ec%98%a8%eb%b3%91-%ec%8b%9d%ed%92%88-%ec%9a%a9%ea%b8%b0"]}]},{"@type":"ImageObject","inLanguage":"vi","@id":"https:\/\/www.dillerbottle.com\/ko\/%ec%a0%9c%ed%92%88\/%ec%88%9f%ea%b0%80%eb%9d%bd%ec%9d%b4-%eb%8b%ac%eb%a6%b0-%eb%b3%b4%ec%98%a8%eb%b3%91-%ec%8b%9d%ed%92%88-%ec%9a%a9%ea%b8%b0#primaryimage","url":"https:\/\/www.dillerbottle.com\/wp-content\/uploads\/2024\/09\/thermos-food-jar-with-spoon39486708367.jpg","contentUrl":"https:\/\/www.dillerbottle.com\/wp-content\/uploads\/2024\/09\/thermos-food-jar-with-spoon39486708367.jpg","width":730,"height":730},{"@type":"BreadcrumbList","@id":"https:\/\/www.dillerbottle.com\/ko\/%ec%a0%9c%ed%92%88\/%ec%88%9f%ea%b0%80%eb%9d%bd%ec%9d%b4-%eb%8b%ac%eb%a6%b0-%eb%b3%b4%ec%98%a8%eb%b3%91-%ec%8b%9d%ed%92%88-%ec%9a%a9%ea%b8%b0#breadcrumb","itemListElement":[{"@type":"ListItem","position":1,"name":"Home","item":"https:\/\/www.dillerbottle.com\/"},{"@type":"ListItem","position":2,"name":"Products","item":"https:\/\/www.dillerbottle.com\/shop"},{"@type":"ListItem","position":3,"name":"Thermos Food Jar with Spoon"}]},{"@type":"WebSite","@id":"https:\/\/www.dillerbottle.com\/#website","url":"https:\/\/www.dillerbottle.com\/","name":"Nh\u00e0 s\u1ea3n xu\u1ea5t b\u00ecnh n\u01b0\u1edbc Diller","description":"Nh\u00e0 s\u1ea3n xu\u1ea5t b\u00ecnh n\u01b0\u1edbc","publisher":{"@id":"https:\/\/www.dillerbottle.com\/#organization"},"potentialAction":[{"@type":"SearchAction","target":{"@type":"EntryPoint","urlTemplate":"https:\/\/www.dillerbottle.com\/?s={search_term_string}"},"query-input":{"@type":"PropertyValueSpecification","valueRequired":true,"valueName":"search_term_string"}}],"inLanguage":"vi"},{"@type":"Organization","@id":"https:\/\/www.dillerbottle.com\/#organization","name":"Nh\u00e0 s\u1ea3n xu\u1ea5t b\u00ecnh n\u01b0\u1edbc Diller","url":"https:\/\/www.dillerbottle.com\/","logo":{"@type":"ImageObject","inLanguage":"vi","@id":"https:\/\/www.dillerbottle.com\/#\/schema\/logo\/image\/","url":"https:\/\/www.dillerbottle.com\/wp-content\/uploads\/2024\/09\/49918bfa848dcc1e9f8b509933603ac.png","contentUrl":"https:\/\/www.dillerbottle.com\/wp-content\/uploads\/2024\/09\/49918bfa848dcc1e9f8b509933603ac.png","width":988,"height":198,"caption":"Diller Water Bottle Manufacturer"},"image":{"@id":"https:\/\/www.dillerbottle.com\/#\/schema\/logo\/image\/"}}]}},"_links":{"self":[{"href":"https:\/\/www.dillerbottle.com\/vn\/wp-json\/wp\/v2\/product\/3004","targetHints":{"allow":["GET"]}}],"collection":[{"href":"https:\/\/www.dillerbottle.com\/vn\/wp-json\/wp\/v2\/product"}],"about":[{"href":"https:\/\/www.dillerbottle.com\/vn\/wp-json\/wp\/v2\/types\/product"}],"replies":[{"embeddable":true,"href":"https:\/\/www.dillerbottle.com\/vn\/wp-json\/wp\/v2\/comments?post=3004"}],"wp:featuredmedia":[{"embeddable":true,"href":"https:\/\/www.dillerbottle.com\/vn\/wp-json\/wp\/v2\/media\/3005"}],"wp:attachment":[{"href":"https:\/\/www.dillerbottle.com\/vn\/wp-json\/wp\/v2\/media?parent=3004"}],"wp:term":[{"taxonomy":"product_brand","embeddable":true,"href":"https:\/\/www.dillerbottle.com\/vn\/wp-json\/wp\/v2\/product_brand?post=3004"},{"taxonomy":"product_cat","embeddable":true,"href":"https:\/\/www.dillerbottle.com\/vn\/wp-json\/wp\/v2\/product_cat?post=3004"},{"taxonomy":"product_tag","embeddable":true,"href":"https:\/\/www.dillerbottle.com\/vn\/wp-json\/wp\/v2\/product_tag?post=3004"}],"curies":[{"name":"wp","href":"https:\/\/api.w.org\/{rel}","templated":true}]}}