{"id":3029,"date":"2024-09-26T09:41:56","date_gmt":"2024-09-26T01:41:56","guid":{"rendered":"https:\/\/demo.dillerbottle.com\/uncategorized\/thermal-food-flask"},"modified":"2025-07-10T15:33:29","modified_gmt":"2025-07-10T07:33:29","slug":"binh-dung-thuc-an-giu-nhiet","status":"publish","type":"product","link":"https:\/\/www.dillerbottle.com\/vn\/products\/thermal-food-flask","title":{"rendered":"B\u00ecnh \u0111\u1ef1ng th\u1ee9c \u0103n gi\u1eef nhi\u1ec7t"},"content":{"rendered":"<p>B\u00ecnh \u0111\u1ef1ng th\u1ee9c \u0103n gi\u1eef nhi\u1ec7t DILLER \u0111\u01b0\u1ee3c s\u1ea3n xu\u1ea5t b\u1eb1ng th\u00e9p kh\u00f4ng g\u1ec9 18\/8 (304) ch\u1ea5t l\u01b0\u1ee3ng cao v\u00e0 kh\u00f4ng ch\u1ee9a BPA. Ho\u00e0n h\u1ea3o cho c\u1eafm tr\u1ea1i, c\u00e2u c\u00e1, \u0111i b\u1ed9 \u0111\u01b0\u1eddng d\u00e0i, v\u0103n ph\u00f2ng ho\u1eb7c tr\u01b0\u1eddng h\u1ecdc. B\u00ecnh \u0111\u1ef1ng th\u1ee9c \u0103n gi\u1eef nhi\u1ec7t n\u00e0y r\u1ea5t t\u1ed1t cho kh\u1ea3 n\u0103ng c\u00e1ch nhi\u1ec7t v\u00e0 ch\u1ed1ng r\u00f2 r\u1ec9, Gi\u1eef ch\u1ea5t l\u1ecfng n\u00f3ng v\u00e0 l\u1ea1nh trong 6-12 gi\u1edd. Th\u00e9p kh\u00f4ng g\u1ec9 hai l\u1edbp, b\u00ecnh \u0111\u1ef1ng th\u1ee9c \u0103n gi\u1eef nhi\u1ec7t thi\u1ebft k\u1ebf tuy\u1ec7t v\u1eddi cho th\u1ee9c \u0103n n\u00f3ng v\u00e0 th\u1ee9c \u0103n l\u1ea1nh. nh\u01b0 s\u00fap, c\u01a1m, b\u1eefa \u0103n t\u1ef1 l\u00e0m, v.v. ho\u1eb7c nh\u01b0 sinh t\u1ed1, salad, v.v. V\u1edbi dung t\u00edch 750ml \/ 650ml, b\u00ecnh \u0111\u1ef1ng th\u1ee9c \u0103n gi\u1eef nhi\u1ec7t n\u00e0y \u0111\u1ee7 l\u1edbn \u0111\u1ec3 \u0111\u1ef1ng to\u00e0n b\u1ed9 b\u1eefa \u0103n nh\u01b0ng \u0111\u1ee7 nh\u1ecf \u0111\u1ec3 v\u1eeba v\u1eb7n trong h\u1ed9p \u0111\u1ef1ng th\u1ee9c \u0103n tr\u01b0a c\u1ee7a tr\u1ebb em ho\u1eb7c t\u00fai \u0111\u1ef1ng th\u1ee9c \u0103n tr\u01b0a c\u1ee7a ng\u01b0\u1eddi l\u1edbn. T\u00ednh n\u0103ng:<br \/>\n1. B\u00ecnh \u0111\u1ef1ng th\u1ee9c \u0103n gi\u1eef nhi\u1ec7t an to\u00e0n v\u00e0 di \u0111\u1ed9ng. \u0110\u01b0\u1ee3c l\u00e0m b\u1eb1ng th\u00e9p kh\u00f4ng g\u1ec9 304 ch\u1ea5t l\u01b0\u1ee3ng cao, kh\u00f4ng ch\u1ee9a BPA v\u00e0 PVC. B\u00ean trong v\u00e0 b\u00ean ngo\u00e0i b\u1eb1ng th\u00e9p kh\u00f4ng g\u1ec9 b\u1ec1n.<\/p>\n<p>2. B\u00ecnh \u0111\u1ef1ng th\u1ef1c ph\u1ea9m gi\u1eef nhi\u1ec7t n\u00e0y c\u00f3 c\u00f4ng ngh\u1ec7 c\u00e1ch nhi\u1ec7t ch\u00e2n kh\u00f4ng hai l\u1edbp \u0111\u1ec3 gi\u1eef nhi\u1ec7t \u0111\u1ed9 t\u1ed1i \u0111a, gi\u1eef th\u1ef1c ph\u1ea9m l\u1ea1nh trong 12 gi\u1edd ho\u1eb7c n\u00f3ng trong 10 gi\u1edd v\u1edbi b\u00ecnh \u0111\u1ef1ng th\u1ef1c ph\u1ea9m c\u00e1ch nhi\u1ec7t \u0111\u01b0\u1ee3c \u0111\u00e1nh gi\u00e1 cao c\u1ee7a ch\u00fang t\u00f4i.;<\/p>\n<p>3. B\u00ecnh \u0111\u1ef1ng th\u1ee9c \u0103n gi\u1eef nhi\u1ec7t b\u1eb1ng th\u00e9p kh\u00f4ng g\u1ec9 n\u00e0y r\u1ea5t ph\u00f9 h\u1ee3p cho tr\u1ebb m\u1edbi bi\u1ebft \u0111i, tr\u1ebb em v\u00e0 ng\u01b0\u1eddi l\u1edbn. Mi\u1ec7ng r\u1ed9ng c\u1ee7a b\u00ecnh \u0111\u1ef1ng th\u1ee9c \u0103n hi\u1ec7n \u0111\u1ea1i n\u00e0y gi\u00fap vi\u1ec7c \u0111\u1ed5 \u0111\u1ea7y v\u00e0 v\u1ec7 sinh b\u00ecnh tr\u1edf n\u00ean \u0111\u01a1n gi\u1ea3n. S\u1eed d\u1ee5ng b\u00ecnh \u0111\u1ef1ng th\u1ee9c \u0103n gi\u1eef nhi\u1ec7t n\u00e0y cho c\u00e1c lo\u1ea1i th\u1ee9c \u0103n n\u00f3ng nh\u01b0 m\u00ec \u1ed1ng, s\u00fap ho\u1eb7c \u1edbt.<\/p>","protected":false},"excerpt":{"rendered":"<p>B\u00ecnh \u0111\u1ef1ng th\u1ee9c \u0103n gi\u1eef nhi\u1ec7t DILLER \u0111\u01b0\u1ee3c s\u1ea3n xu\u1ea5t b\u1eb1ng th\u00e9p kh\u00f4ng g\u1ec9 18\/8 (304) ch\u1ea5t l\u01b0\u1ee3ng cao v\u00e0 kh\u00f4ng ch\u1ee9a BPA.<br \/>\nTh\u00edch h\u1ee3p cho c\u1eafm tr\u1ea1i, c\u00e2u c\u00e1, \u0111i b\u1ed9 \u0111\u01b0\u1eddng d\u00e0i, v\u0103n ph\u00f2ng ho\u1eb7c tr\u01b0\u1eddng h\u1ecdc.<br \/>\nB\u00ecnh \u0111\u1ef1ng th\u1ee9c \u0103n gi\u1eef nhi\u1ec7t n\u00e0y c\u00f3 kh\u1ea3 n\u0103ng c\u00e1ch nhi\u1ec7t v\u00e0 ch\u1ed1ng r\u00f2 r\u1ec9 tuy\u1ec7t v\u1eddi, gi\u1eef ch\u1ea5t l\u1ecfng n\u00f3ng v\u00e0 l\u1ea1nh trong 6-12 gi\u1edd.<br \/>\nT\u01b0\u1eddng \u0111\u00f4i\u2026<\/p>","protected":false},"featured_media":3030,"comment_status":"open","ping_status":"closed","template":"","meta":{"_acf_changed":false},"product_brand":[],"product_cat":[108],"product_tag":[32,36,33,31,119,39,38,135,152,29,37,34,35,28,144,177,160,136,30],"class_list":{"0":"post-3029","1":"product","2":"type-product","3":"status-publish","4":"has-post-thumbnail","6":"product_cat-insulated-food-jar","7":"product_tag-best","8":"product_tag-bulk","9":"product_tag-buy","10":"product_tag-custom","11":"product_tag-food-flask","12":"product_tag-for-sale","13":"product_tag-good-quality","14":"product_tag-insulated-thermal-food-container","15":"product_tag-keep-food-warm-containers-steel-thermal-food","16":"product_tag-manufacturers","17":"product_tag-manufacturing","18":"product_tag-price","19":"product_tag-small","20":"product_tag-suppliers","21":"product_tag-thermal-food-container","22":"product_tag-thermal-food-flask","23":"product_tag-thermal-food-pot-with-lid","24":"product_tag-thermal-jar","25":"product_tag-wholesale","27":"first","28":"instock","29":"shipping-taxable","30":"product-type-simple"},"acf":[],"yoast_head":"<!-- This site is optimized with the Yoast SEO Premium plugin v27.4 (Yoast SEO v27.4) - https:\/\/yoast.com\/product\/yoast-seo-premium-wordpress\/ -->\n<title>Thermal Food Flask - Diller Water Bottle Manufacturer<\/title>\n<meta name=\"description\" content=\"As one of the best thermal food flask manufacturers and suppliers, we are engaged in manufacturing good quality water bottles. We warmly welcome you to wholesale or buy custom made thermal food flask at competitive price from us. Also, small quantity orders are acceptable.\" \/>\n<meta name=\"robots\" content=\"index, follow, max-snippet:-1, max-image-preview:large, max-video-preview:-1\" \/>\n<link rel=\"canonical\" href=\"https:\/\/www.dillerbottle.com\/vn\/cac-san-pham\/binh-dung-thuc-an-giu-nhiet\" \/>\n<meta property=\"og:locale\" content=\"vi_VN\" \/>\n<meta property=\"og:type\" content=\"article\" \/>\n<meta property=\"og:title\" content=\"Thermal Food Flask\" \/>\n<meta property=\"og:description\" content=\"As one of the best thermal food flask manufacturers and suppliers, we are engaged in manufacturing good quality water bottles. We warmly welcome you to wholesale or buy custom made thermal food flask at competitive price from us. Also, small quantity orders are acceptable.\" \/>\n<meta property=\"og:url\" content=\"https:\/\/www.dillerbottle.com\/vn\/cac-san-pham\/binh-dung-thuc-an-giu-nhiet\" \/>\n<meta property=\"og:site_name\" content=\"Diller Water Bottle Manufacturer\" \/>\n<meta property=\"article:modified_time\" content=\"2025-07-10T07:33:29+00:00\" \/>\n<meta property=\"og:image\" content=\"https:\/\/www.dillerbottle.com\/wp-content\/uploads\/2024\/09\/thermal-food-flask02491059064.jpg\" \/>\n\t<meta property=\"og:image:width\" content=\"730\" \/>\n\t<meta property=\"og:image:height\" content=\"730\" \/>\n\t<meta property=\"og:image:type\" content=\"image\/jpeg\" \/>\n<meta name=\"twitter:card\" content=\"summary_large_image\" \/>\n<meta name=\"twitter:label1\" content=\"\u01af\u1edbc t\u00ednh th\u1eddi gian \u0111\u1ecdc\" \/>\n\t<meta name=\"twitter:data1\" content=\"3 ph\u00fat\" \/>\n<script type=\"application\/ld+json\" class=\"yoast-schema-graph\">{\"@context\":\"https:\\\/\\\/schema.org\",\"@graph\":[{\"@type\":\"WebPage\",\"@id\":\"https:\\\/\\\/www.dillerbottle.com\\\/de\\\/produkte\\\/thermoskanne-fur-essen\",\"url\":\"https:\\\/\\\/www.dillerbottle.com\\\/de\\\/produkte\\\/thermoskanne-fur-essen\",\"name\":\"Thermal Food Flask - Diller Water Bottle Manufacturer\",\"isPartOf\":{\"@id\":\"https:\\\/\\\/www.dillerbottle.com\\\/#website\"},\"primaryImageOfPage\":{\"@id\":\"https:\\\/\\\/www.dillerbottle.com\\\/de\\\/produkte\\\/thermoskanne-fur-essen#primaryimage\"},\"image\":{\"@id\":\"https:\\\/\\\/www.dillerbottle.com\\\/de\\\/produkte\\\/thermoskanne-fur-essen#primaryimage\"},\"thumbnailUrl\":\"https:\\\/\\\/www.dillerbottle.com\\\/wp-content\\\/uploads\\\/2024\\\/09\\\/thermal-food-flask02491059064.jpg\",\"datePublished\":\"2024-09-26T01:41:56+00:00\",\"dateModified\":\"2025-07-10T07:33:29+00:00\",\"description\":\"As one of the best thermal food flask manufacturers and suppliers, we are engaged in manufacturing good quality water bottles. We warmly welcome you to wholesale or buy custom made thermal food flask at competitive price from us. Also, small quantity orders are acceptable.\",\"breadcrumb\":{\"@id\":\"https:\\\/\\\/www.dillerbottle.com\\\/de\\\/produkte\\\/thermoskanne-fur-essen#breadcrumb\"},\"inLanguage\":\"vi\",\"potentialAction\":[{\"@type\":\"ReadAction\",\"target\":[\"https:\\\/\\\/www.dillerbottle.com\\\/de\\\/produkte\\\/thermoskanne-fur-essen\"]}]},{\"@type\":\"ImageObject\",\"inLanguage\":\"vi\",\"@id\":\"https:\\\/\\\/www.dillerbottle.com\\\/de\\\/produkte\\\/thermoskanne-fur-essen#primaryimage\",\"url\":\"https:\\\/\\\/www.dillerbottle.com\\\/wp-content\\\/uploads\\\/2024\\\/09\\\/thermal-food-flask02491059064.jpg\",\"contentUrl\":\"https:\\\/\\\/www.dillerbottle.com\\\/wp-content\\\/uploads\\\/2024\\\/09\\\/thermal-food-flask02491059064.jpg\",\"width\":730,\"height\":730},{\"@type\":\"BreadcrumbList\",\"@id\":\"https:\\\/\\\/www.dillerbottle.com\\\/de\\\/produkte\\\/thermoskanne-fur-essen#breadcrumb\",\"itemListElement\":[{\"@type\":\"ListItem\",\"position\":1,\"name\":\"Home\",\"item\":\"https:\\\/\\\/www.dillerbottle.com\\\/\"},{\"@type\":\"ListItem\",\"position\":2,\"name\":\"Products\",\"item\":\"https:\\\/\\\/www.dillerbottle.com\\\/shop\"},{\"@type\":\"ListItem\",\"position\":3,\"name\":\"Thermal Food Flask\"}]},{\"@type\":\"WebSite\",\"@id\":\"https:\\\/\\\/www.dillerbottle.com\\\/#website\",\"url\":\"https:\\\/\\\/www.dillerbottle.com\\\/\",\"name\":\"Diller Water Bottle Manufacturer\",\"description\":\"Water Bottle Manufacturer\",\"publisher\":{\"@id\":\"https:\\\/\\\/www.dillerbottle.com\\\/#organization\"},\"potentialAction\":[{\"@type\":\"SearchAction\",\"target\":{\"@type\":\"EntryPoint\",\"urlTemplate\":\"https:\\\/\\\/www.dillerbottle.com\\\/?s={search_term_string}\"},\"query-input\":{\"@type\":\"PropertyValueSpecification\",\"valueRequired\":true,\"valueName\":\"search_term_string\"}}],\"inLanguage\":\"vi\"},{\"@type\":\"Organization\",\"@id\":\"https:\\\/\\\/www.dillerbottle.com\\\/#organization\",\"name\":\"Diller Water Bottle Manufacturer\",\"url\":\"https:\\\/\\\/www.dillerbottle.com\\\/\",\"logo\":{\"@type\":\"ImageObject\",\"inLanguage\":\"vi\",\"@id\":\"https:\\\/\\\/www.dillerbottle.com\\\/#\\\/schema\\\/logo\\\/image\\\/\",\"url\":\"https:\\\/\\\/www.dillerbottle.com\\\/wp-content\\\/uploads\\\/2024\\\/09\\\/49918bfa848dcc1e9f8b509933603ac.png\",\"contentUrl\":\"https:\\\/\\\/www.dillerbottle.com\\\/wp-content\\\/uploads\\\/2024\\\/09\\\/49918bfa848dcc1e9f8b509933603ac.png\",\"width\":988,\"height\":198,\"caption\":\"Diller Water Bottle Manufacturer\"},\"image\":{\"@id\":\"https:\\\/\\\/www.dillerbottle.com\\\/#\\\/schema\\\/logo\\\/image\\\/\"}}]}<\/script>\n<!-- \/ Yoast SEO Premium plugin. -->","yoast_head_json":{"title":"B\u00ecnh \u0111\u1ef1ng th\u1ee9c \u0103n gi\u1eef nhi\u1ec7t - Nh\u00e0 s\u1ea3n xu\u1ea5t b\u00ecnh n\u01b0\u1edbc Diller","description":"L\u00e0 m\u1ed9t trong nh\u1eefng nh\u00e0 s\u1ea3n xu\u1ea5t v\u00e0 cung c\u1ea5p b\u00ecnh \u0111\u1ef1ng th\u1ef1c ph\u1ea9m gi\u1eef nhi\u1ec7t t\u1ed1t nh\u1ea5t, ch\u00fang t\u00f4i tham gia s\u1ea3n xu\u1ea5t b\u00ecnh \u0111\u1ef1ng n\u01b0\u1edbc ch\u1ea5t l\u01b0\u1ee3ng t\u1ed1t. Ch\u00fang t\u00f4i n\u1ed3ng nhi\u1ec7t ch\u00e0o \u0111\u00f3n b\u1ea1n \u0111\u1ebfn b\u00e1n bu\u00f4n ho\u1eb7c mua b\u00ecnh \u0111\u1ef1ng th\u1ef1c ph\u1ea9m gi\u1eef nhi\u1ec7t t\u00f9y ch\u1ec9nh v\u1edbi gi\u00e1 c\u1ea1nh tranh t\u1eeb ch\u00fang t\u00f4i. Ngo\u00e0i ra, ch\u00fang t\u00f4i c\u0169ng ch\u1ea5p nh\u1eadn \u0111\u01a1n \u0111\u1eb7t h\u00e0ng s\u1ed1 l\u01b0\u1ee3ng nh\u1ecf.","robots":{"index":"index","follow":"follow","max-snippet":"max-snippet:-1","max-image-preview":"max-image-preview:large","max-video-preview":"max-video-preview:-1"},"canonical":"https:\/\/www.dillerbottle.com\/vn\/cac-san-pham\/binh-dung-thuc-an-giu-nhiet","og_locale":"vi_VN","og_type":"article","og_title":"Thermal Food Flask","og_description":"As one of the best thermal food flask manufacturers and suppliers, we are engaged in manufacturing good quality water bottles. We warmly welcome you to wholesale or buy custom made thermal food flask at competitive price from us. Also, small quantity orders are acceptable.","og_url":"https:\/\/www.dillerbottle.com\/vn\/cac-san-pham\/binh-dung-thuc-an-giu-nhiet","og_site_name":"Diller Water Bottle Manufacturer","article_modified_time":"2025-07-10T07:33:29+00:00","og_image":[{"width":730,"height":730,"url":"https:\/\/www.dillerbottle.com\/wp-content\/uploads\/2024\/09\/thermal-food-flask02491059064.jpg","type":"image\/jpeg"}],"twitter_card":"summary_large_image","twitter_misc":{"\u01af\u1edbc t\u00ednh th\u1eddi gian \u0111\u1ecdc":"3 ph\u00fat"},"schema":{"@context":"https:\/\/schema.org","@graph":[{"@type":"WebPage","@id":"https:\/\/www.dillerbottle.com\/de\/produkte\/thermoskanne-fur-essen","url":"https:\/\/www.dillerbottle.com\/de\/produkte\/thermoskanne-fur-essen","name":"B\u00ecnh \u0111\u1ef1ng th\u1ee9c \u0103n gi\u1eef nhi\u1ec7t - Nh\u00e0 s\u1ea3n xu\u1ea5t b\u00ecnh n\u01b0\u1edbc Diller","isPartOf":{"@id":"https:\/\/www.dillerbottle.com\/#website"},"primaryImageOfPage":{"@id":"https:\/\/www.dillerbottle.com\/de\/produkte\/thermoskanne-fur-essen#primaryimage"},"image":{"@id":"https:\/\/www.dillerbottle.com\/de\/produkte\/thermoskanne-fur-essen#primaryimage"},"thumbnailUrl":"https:\/\/www.dillerbottle.com\/wp-content\/uploads\/2024\/09\/thermal-food-flask02491059064.jpg","datePublished":"2024-09-26T01:41:56+00:00","dateModified":"2025-07-10T07:33:29+00:00","description":"L\u00e0 m\u1ed9t trong nh\u1eefng nh\u00e0 s\u1ea3n xu\u1ea5t v\u00e0 cung c\u1ea5p b\u00ecnh \u0111\u1ef1ng th\u1ef1c ph\u1ea9m gi\u1eef nhi\u1ec7t t\u1ed1t nh\u1ea5t, ch\u00fang t\u00f4i tham gia s\u1ea3n xu\u1ea5t b\u00ecnh \u0111\u1ef1ng n\u01b0\u1edbc ch\u1ea5t l\u01b0\u1ee3ng t\u1ed1t. Ch\u00fang t\u00f4i n\u1ed3ng nhi\u1ec7t ch\u00e0o \u0111\u00f3n b\u1ea1n \u0111\u1ebfn b\u00e1n bu\u00f4n ho\u1eb7c mua b\u00ecnh \u0111\u1ef1ng th\u1ef1c ph\u1ea9m gi\u1eef nhi\u1ec7t t\u00f9y ch\u1ec9nh v\u1edbi gi\u00e1 c\u1ea1nh tranh t\u1eeb ch\u00fang t\u00f4i. Ngo\u00e0i ra, ch\u00fang t\u00f4i c\u0169ng ch\u1ea5p nh\u1eadn \u0111\u01a1n \u0111\u1eb7t h\u00e0ng s\u1ed1 l\u01b0\u1ee3ng nh\u1ecf.","breadcrumb":{"@id":"https:\/\/www.dillerbottle.com\/de\/produkte\/thermoskanne-fur-essen#breadcrumb"},"inLanguage":"vi","potentialAction":[{"@type":"ReadAction","target":["https:\/\/www.dillerbottle.com\/de\/produkte\/thermoskanne-fur-essen"]}]},{"@type":"ImageObject","inLanguage":"vi","@id":"https:\/\/www.dillerbottle.com\/de\/produkte\/thermoskanne-fur-essen#primaryimage","url":"https:\/\/www.dillerbottle.com\/wp-content\/uploads\/2024\/09\/thermal-food-flask02491059064.jpg","contentUrl":"https:\/\/www.dillerbottle.com\/wp-content\/uploads\/2024\/09\/thermal-food-flask02491059064.jpg","width":730,"height":730},{"@type":"BreadcrumbList","@id":"https:\/\/www.dillerbottle.com\/de\/produkte\/thermoskanne-fur-essen#breadcrumb","itemListElement":[{"@type":"ListItem","position":1,"name":"Home","item":"https:\/\/www.dillerbottle.com\/"},{"@type":"ListItem","position":2,"name":"Products","item":"https:\/\/www.dillerbottle.com\/shop"},{"@type":"ListItem","position":3,"name":"Thermal Food Flask"}]},{"@type":"WebSite","@id":"https:\/\/www.dillerbottle.com\/#website","url":"https:\/\/www.dillerbottle.com\/","name":"Nh\u00e0 s\u1ea3n xu\u1ea5t b\u00ecnh n\u01b0\u1edbc Diller","description":"Nh\u00e0 s\u1ea3n xu\u1ea5t b\u00ecnh n\u01b0\u1edbc","publisher":{"@id":"https:\/\/www.dillerbottle.com\/#organization"},"potentialAction":[{"@type":"SearchAction","target":{"@type":"EntryPoint","urlTemplate":"https:\/\/www.dillerbottle.com\/?s={search_term_string}"},"query-input":{"@type":"PropertyValueSpecification","valueRequired":true,"valueName":"search_term_string"}}],"inLanguage":"vi"},{"@type":"Organization","@id":"https:\/\/www.dillerbottle.com\/#organization","name":"Nh\u00e0 s\u1ea3n xu\u1ea5t b\u00ecnh n\u01b0\u1edbc Diller","url":"https:\/\/www.dillerbottle.com\/","logo":{"@type":"ImageObject","inLanguage":"vi","@id":"https:\/\/www.dillerbottle.com\/#\/schema\/logo\/image\/","url":"https:\/\/www.dillerbottle.com\/wp-content\/uploads\/2024\/09\/49918bfa848dcc1e9f8b509933603ac.png","contentUrl":"https:\/\/www.dillerbottle.com\/wp-content\/uploads\/2024\/09\/49918bfa848dcc1e9f8b509933603ac.png","width":988,"height":198,"caption":"Diller Water Bottle Manufacturer"},"image":{"@id":"https:\/\/www.dillerbottle.com\/#\/schema\/logo\/image\/"}}]}},"_links":{"self":[{"href":"https:\/\/www.dillerbottle.com\/vn\/wp-json\/wp\/v2\/product\/3029","targetHints":{"allow":["GET"]}}],"collection":[{"href":"https:\/\/www.dillerbottle.com\/vn\/wp-json\/wp\/v2\/product"}],"about":[{"href":"https:\/\/www.dillerbottle.com\/vn\/wp-json\/wp\/v2\/types\/product"}],"replies":[{"embeddable":true,"href":"https:\/\/www.dillerbottle.com\/vn\/wp-json\/wp\/v2\/comments?post=3029"}],"wp:featuredmedia":[{"embeddable":true,"href":"https:\/\/www.dillerbottle.com\/vn\/wp-json\/wp\/v2\/media\/3030"}],"wp:attachment":[{"href":"https:\/\/www.dillerbottle.com\/vn\/wp-json\/wp\/v2\/media?parent=3029"}],"wp:term":[{"taxonomy":"product_brand","embeddable":true,"href":"https:\/\/www.dillerbottle.com\/vn\/wp-json\/wp\/v2\/product_brand?post=3029"},{"taxonomy":"product_cat","embeddable":true,"href":"https:\/\/www.dillerbottle.com\/vn\/wp-json\/wp\/v2\/product_cat?post=3029"},{"taxonomy":"product_tag","embeddable":true,"href":"https:\/\/www.dillerbottle.com\/vn\/wp-json\/wp\/v2\/product_tag?post=3029"}],"curies":[{"name":"wp","href":"https:\/\/api.w.org\/{rel}","templated":true}]}}