{"id":3119,"date":"2024-09-26T10:01:59","date_gmt":"2024-09-26T02:01:59","guid":{"rendered":"https:\/\/demo.dillerbottle.com\/uncategorized\/portable-household-thermo-jug"},"modified":"2025-07-10T15:24:19","modified_gmt":"2025-07-10T07:24:19","slug":"binh-giu-nhiet-gia-dung-di-dong","status":"publish","type":"product","link":"https:\/\/www.dillerbottle.com\/vn\/products\/portable-household-thermo-jug","title":{"rendered":"B\u00ecnh gi\u1eef nhi\u1ec7t gia d\u1ee5ng di \u0111\u1ed9ng"},"content":{"rendered":"<p>T\u00ednh n\u0103ng:<br \/>\n1. B\u00ecnh gi\u1eef nhi\u1ec7t gia d\u1ee5ng di \u0111\u1ed9ng \u0111\u01b0\u1ee3c l\u00e0m b\u1eb1ng th\u00e9p kh\u00f4ng g\u1ec9 ch\u1ea5t l\u01b0\u1ee3ng cao v\u1edbi c\u1ea5u tr\u00fac ch\u00e2n kh\u00f4ng hai l\u1edbp, c\u00f3 th\u1ec3 gi\u1eef \u0111\u1ed3 u\u1ed1ng l\u1ea1nh v\u00e0 n\u00f3ng trong th\u1eddi gian d\u00e0i.<\/p>\n<p>2. M\u1ed7i \u0111\u01b0\u1eddng cong, tay c\u1ea7m v\u00e0 n\u00fat b\u1ea5m tr\u00ean b\u00ecnh th\u1ee7y nhi\u1ec7t n\u00e0y \u0111\u1ec1u \u0111\u01b0\u1ee3c thi\u1ebft k\u1ebf v\u1edbi s\u1ef1 tho\u1ea3i m\u00e1i v\u00e0 d\u1ec5 d\u00e0ng. B\u00ecnh th\u1ee7y nhi\u1ec7t n\u00e0y k\u00edn n\u01b0\u1edbc v\u00e0 ch\u1ed1ng r\u00f2 r\u1ec9 v\u1edbi n\u00fat nh\u1ea5n \u0111\u1ec3 nh\u1ea3 n\u01b0\u1edbc ngay l\u1eadp t\u1ee9c.<\/p>\n<p>3. Thi\u1ebft k\u1ebf n\u00fat nh\u1ea5n, r\u00f3t d\u1ec5 d\u00e0ng \u2013 C\u00f3 tay c\u1ea7m c\u00e1ch nhi\u1ec7t ti\u1ec7n d\u1ee5ng, d\u1ec5 c\u1ea7m n\u1eafm, c\u00f9ng n\u00fat nh\u1ea5n \u0111\u01a1n gi\u1ea3n gi\u00fap vi\u1ec7c r\u00f3t b\u1eb1ng m\u1ed9t tay tr\u1edf n\u00ean thu\u1eadn ti\u1ec7n h\u01a1n.<\/p>","protected":false},"excerpt":{"rendered":"<p>B\u00ecnh gi\u1eef nhi\u1ec7t gia d\u1ee5ng di \u0111\u1ed9ng n\u00e0y \u0111\u01b0\u1ee3c l\u00e0m t\u1eeb th\u00e9p kh\u00f4ng g\u1ec9 304 v\u00e0 v\u1eadt li\u1ec7u an to\u00e0n th\u1ef1c ph\u1ea9m.<br \/>\n\u1ea4m \u0111un n\u01b0\u1edbc gi\u1eef nhi\u1ec7t n\u00e0y c\u00f3 th\u1ec3 gi\u1eef n\u01b0\u1edbc n\u00f3ng ho\u1eb7c l\u1ea1nh t\u1edbi 12-24 gi\u1edd.<br \/>\nThi\u1ebft k\u1ebf n\u00fat nh\u1ea5n, r\u00f3t d\u1ec5 d\u00e0ng \u2013 C\u00f3 tay c\u1ea7m c\u00e1ch nhi\u1ec7t d\u1ec5 c\u1ea7m n\u1eafm, c\u00f9ng n\u00fat nh\u1ea5n \u0111\u01a1n gi\u1ea3n gi\u00fap vi\u1ec7c r\u00f3t b\u1eb1ng m\u1ed9t tay tr\u1edf n\u00ean thu\u1eadn ti\u1ec7n h\u01a1n.<br \/>\n\u1ea4m \u0111un n\u01b0\u1edbc c\u00f3 v\u00f2ng \u0111\u1ec7m silicon k\u00edn, kh\u00f4ng b\u1ecb r\u00f2 r\u1ec9 ngay c\u1ea3 khi l\u1eadt ng\u01b0\u1ee3c 360\u00b0.<br \/>\nCh\u1ea5p nh\u1eadn OEM v\u00e0 ODM.<br \/>\nCh\u00fang t\u00f4i c\u00f3 th\u1ec3 t\u00f9y ch\u1ec9nh \u1ea5m \u0111un n\u01b0\u1edbc theo y\u00eau c\u1ea7u c\u1ee7a b\u1ea1n.<br \/>\nCh\u00e0o m\u1eebng b\u1ea1n \u0111\u1ebfn mua s\u1ec9, h\u00e3y g\u1eedi y\u00eau c\u1ea7u ngay!<\/p>","protected":false},"featured_media":3120,"comment_status":"open","ping_status":"closed","template":"","meta":{"_acf_changed":false},"product_brand":[],"product_cat":[1084],"product_tag":[32,36,33,31,39,38,190,29,37,189,34,35,28,30],"class_list":{"0":"post-3119","1":"product","2":"type-product","3":"status-publish","4":"has-post-thumbnail","6":"product_cat-kettle","7":"product_tag-best","8":"product_tag-bulk","9":"product_tag-buy","10":"product_tag-custom","11":"product_tag-for-sale","12":"product_tag-good-quality","13":"product_tag-kettle","14":"product_tag-manufacturers","15":"product_tag-manufacturing","16":"product_tag-portable-household-thermo-jug","17":"product_tag-price","18":"product_tag-small","19":"product_tag-suppliers","20":"product_tag-wholesale","22":"first","23":"instock","24":"shipping-taxable","25":"product-type-simple"},"acf":[],"yoast_head":"<!-- This site is optimized with the Yoast SEO Premium plugin v27.5 (Yoast SEO v27.5) - https:\/\/yoast.com\/product\/yoast-seo-premium-wordpress\/ -->\n<title>Portable Household Thermo Jug - Diller Water Bottle Manufacturer<\/title>\n<meta name=\"description\" content=\"As one of the best portable household thermo jug manufacturers and suppliers, we are engaged in manufacturing good quality water bottles. We warmly welcome you to wholesale or buy custom made portable household thermo jug at competitive price from us. Also, small quantity orders are acceptable.\" \/>\n<meta name=\"robots\" content=\"index, follow, max-snippet:-1, max-image-preview:large, max-video-preview:-1\" \/>\n<link rel=\"canonical\" href=\"https:\/\/www.dillerbottle.com\/vn\/cac-san-pham\/binh-giu-nhiet-gia-dung-di-dong\" \/>\n<meta property=\"og:locale\" content=\"vi_VN\" \/>\n<meta property=\"og:type\" content=\"article\" \/>\n<meta property=\"og:title\" content=\"Portable Household Thermo Jug\" \/>\n<meta property=\"og:description\" content=\"As one of the best portable household thermo jug manufacturers and suppliers, we are engaged in manufacturing good quality water bottles. We warmly welcome you to wholesale or buy custom made portable household thermo jug at competitive price from us. Also, small quantity orders are acceptable.\" \/>\n<meta property=\"og:url\" content=\"https:\/\/www.dillerbottle.com\/vn\/cac-san-pham\/binh-giu-nhiet-gia-dung-di-dong\" \/>\n<meta property=\"og:site_name\" content=\"Diller Water Bottle Manufacturer\" \/>\n<meta property=\"article:modified_time\" content=\"2025-07-10T07:24:19+00:00\" \/>\n<meta property=\"og:image\" content=\"https:\/\/www.dillerbottle.com\/wp-content\/uploads\/2024\/09\/portable-household-thermo-jug77550651-a7a2-44ff-933d-ddc111a1214f.jpg\" \/>\n\t<meta property=\"og:image:width\" content=\"730\" \/>\n\t<meta property=\"og:image:height\" content=\"730\" \/>\n\t<meta property=\"og:image:type\" content=\"image\/jpeg\" \/>\n<meta name=\"twitter:card\" content=\"summary_large_image\" \/>\n<meta name=\"twitter:label1\" content=\"\u01af\u1edbc t\u00ednh th\u1eddi gian \u0111\u1ecdc\" \/>\n\t<meta name=\"twitter:data1\" content=\"6 ph\u00fat\" \/>\n<script type=\"application\/ld+json\" class=\"yoast-schema-graph\">{\"@context\":\"https:\\\/\\\/schema.org\",\"@graph\":[{\"@type\":\"WebPage\",\"@id\":\"https:\\\/\\\/www.dillerbottle.com\\\/ru\\\/%d0%bf%d1%80%d0%be%d0%b4%d1%83%d0%ba%d1%82%d1%8b\\\/%d0%bf%d0%be%d1%80%d1%82%d0%b0%d1%82%d0%b8%d0%b2%d0%bd%d1%8b%d0%b9-%d0%b1%d1%8b%d1%82%d0%be%d0%b2%d0%be%d0%b9-%d1%82%d0%b5%d1%80%d0%bc%d0%be%d0%ba%d1%83%d0%b2%d1%88%d0%b8%d0%bd\",\"url\":\"https:\\\/\\\/www.dillerbottle.com\\\/ru\\\/%d0%bf%d1%80%d0%be%d0%b4%d1%83%d0%ba%d1%82%d1%8b\\\/%d0%bf%d0%be%d1%80%d1%82%d0%b0%d1%82%d0%b8%d0%b2%d0%bd%d1%8b%d0%b9-%d0%b1%d1%8b%d1%82%d0%be%d0%b2%d0%be%d0%b9-%d1%82%d0%b5%d1%80%d0%bc%d0%be%d0%ba%d1%83%d0%b2%d1%88%d0%b8%d0%bd\",\"name\":\"Portable Household Thermo Jug - Diller Water Bottle Manufacturer\",\"isPartOf\":{\"@id\":\"https:\\\/\\\/www.dillerbottle.com\\\/#website\"},\"primaryImageOfPage\":{\"@id\":\"https:\\\/\\\/www.dillerbottle.com\\\/ru\\\/%d0%bf%d1%80%d0%be%d0%b4%d1%83%d0%ba%d1%82%d1%8b\\\/%d0%bf%d0%be%d1%80%d1%82%d0%b0%d1%82%d0%b8%d0%b2%d0%bd%d1%8b%d0%b9-%d0%b1%d1%8b%d1%82%d0%be%d0%b2%d0%be%d0%b9-%d1%82%d0%b5%d1%80%d0%bc%d0%be%d0%ba%d1%83%d0%b2%d1%88%d0%b8%d0%bd#primaryimage\"},\"image\":{\"@id\":\"https:\\\/\\\/www.dillerbottle.com\\\/ru\\\/%d0%bf%d1%80%d0%be%d0%b4%d1%83%d0%ba%d1%82%d1%8b\\\/%d0%bf%d0%be%d1%80%d1%82%d0%b0%d1%82%d0%b8%d0%b2%d0%bd%d1%8b%d0%b9-%d0%b1%d1%8b%d1%82%d0%be%d0%b2%d0%be%d0%b9-%d1%82%d0%b5%d1%80%d0%bc%d0%be%d0%ba%d1%83%d0%b2%d1%88%d0%b8%d0%bd#primaryimage\"},\"thumbnailUrl\":\"https:\\\/\\\/www.dillerbottle.com\\\/wp-content\\\/uploads\\\/2024\\\/09\\\/portable-household-thermo-jug77550651-a7a2-44ff-933d-ddc111a1214f.jpg\",\"datePublished\":\"2024-09-26T02:01:59+00:00\",\"dateModified\":\"2025-07-10T07:24:19+00:00\",\"description\":\"As one of the best portable household thermo jug manufacturers and suppliers, we are engaged in manufacturing good quality water bottles. We warmly welcome you to wholesale or buy custom made portable household thermo jug at competitive price from us. Also, small quantity orders are acceptable.\",\"breadcrumb\":{\"@id\":\"https:\\\/\\\/www.dillerbottle.com\\\/ru\\\/%d0%bf%d1%80%d0%be%d0%b4%d1%83%d0%ba%d1%82%d1%8b\\\/%d0%bf%d0%be%d1%80%d1%82%d0%b0%d1%82%d0%b8%d0%b2%d0%bd%d1%8b%d0%b9-%d0%b1%d1%8b%d1%82%d0%be%d0%b2%d0%be%d0%b9-%d1%82%d0%b5%d1%80%d0%bc%d0%be%d0%ba%d1%83%d0%b2%d1%88%d0%b8%d0%bd#breadcrumb\"},\"inLanguage\":\"vi\",\"potentialAction\":[{\"@type\":\"ReadAction\",\"target\":[\"https:\\\/\\\/www.dillerbottle.com\\\/ru\\\/%d0%bf%d1%80%d0%be%d0%b4%d1%83%d0%ba%d1%82%d1%8b\\\/%d0%bf%d0%be%d1%80%d1%82%d0%b0%d1%82%d0%b8%d0%b2%d0%bd%d1%8b%d0%b9-%d0%b1%d1%8b%d1%82%d0%be%d0%b2%d0%be%d0%b9-%d1%82%d0%b5%d1%80%d0%bc%d0%be%d0%ba%d1%83%d0%b2%d1%88%d0%b8%d0%bd\"]}]},{\"@type\":\"ImageObject\",\"inLanguage\":\"vi\",\"@id\":\"https:\\\/\\\/www.dillerbottle.com\\\/ru\\\/%d0%bf%d1%80%d0%be%d0%b4%d1%83%d0%ba%d1%82%d1%8b\\\/%d0%bf%d0%be%d1%80%d1%82%d0%b0%d1%82%d0%b8%d0%b2%d0%bd%d1%8b%d0%b9-%d0%b1%d1%8b%d1%82%d0%be%d0%b2%d0%be%d0%b9-%d1%82%d0%b5%d1%80%d0%bc%d0%be%d0%ba%d1%83%d0%b2%d1%88%d0%b8%d0%bd#primaryimage\",\"url\":\"https:\\\/\\\/www.dillerbottle.com\\\/wp-content\\\/uploads\\\/2024\\\/09\\\/portable-household-thermo-jug77550651-a7a2-44ff-933d-ddc111a1214f.jpg\",\"contentUrl\":\"https:\\\/\\\/www.dillerbottle.com\\\/wp-content\\\/uploads\\\/2024\\\/09\\\/portable-household-thermo-jug77550651-a7a2-44ff-933d-ddc111a1214f.jpg\",\"width\":730,\"height\":730},{\"@type\":\"BreadcrumbList\",\"@id\":\"https:\\\/\\\/www.dillerbottle.com\\\/ru\\\/%d0%bf%d1%80%d0%be%d0%b4%d1%83%d0%ba%d1%82%d1%8b\\\/%d0%bf%d0%be%d1%80%d1%82%d0%b0%d1%82%d0%b8%d0%b2%d0%bd%d1%8b%d0%b9-%d0%b1%d1%8b%d1%82%d0%be%d0%b2%d0%be%d0%b9-%d1%82%d0%b5%d1%80%d0%bc%d0%be%d0%ba%d1%83%d0%b2%d1%88%d0%b8%d0%bd#breadcrumb\",\"itemListElement\":[{\"@type\":\"ListItem\",\"position\":1,\"name\":\"Home\",\"item\":\"https:\\\/\\\/www.dillerbottle.com\\\/\"},{\"@type\":\"ListItem\",\"position\":2,\"name\":\"Products\",\"item\":\"https:\\\/\\\/www.dillerbottle.com\\\/shop\"},{\"@type\":\"ListItem\",\"position\":3,\"name\":\"Portable Household Thermo Jug\"}]},{\"@type\":\"WebSite\",\"@id\":\"https:\\\/\\\/www.dillerbottle.com\\\/#website\",\"url\":\"https:\\\/\\\/www.dillerbottle.com\\\/\",\"name\":\"Diller Water Bottle Manufacturer\",\"description\":\"Water Bottle Manufacturer\",\"publisher\":{\"@id\":\"https:\\\/\\\/www.dillerbottle.com\\\/#organization\"},\"potentialAction\":[{\"@type\":\"SearchAction\",\"target\":{\"@type\":\"EntryPoint\",\"urlTemplate\":\"https:\\\/\\\/www.dillerbottle.com\\\/?s={search_term_string}\"},\"query-input\":{\"@type\":\"PropertyValueSpecification\",\"valueRequired\":true,\"valueName\":\"search_term_string\"}}],\"inLanguage\":\"vi\"},{\"@type\":\"Organization\",\"@id\":\"https:\\\/\\\/www.dillerbottle.com\\\/#organization\",\"name\":\"Diller Water Bottle Manufacturer\",\"url\":\"https:\\\/\\\/www.dillerbottle.com\\\/\",\"logo\":{\"@type\":\"ImageObject\",\"inLanguage\":\"vi\",\"@id\":\"https:\\\/\\\/www.dillerbottle.com\\\/#\\\/schema\\\/logo\\\/image\\\/\",\"url\":\"https:\\\/\\\/www.dillerbottle.com\\\/wp-content\\\/uploads\\\/2024\\\/09\\\/49918bfa848dcc1e9f8b509933603ac.png\",\"contentUrl\":\"https:\\\/\\\/www.dillerbottle.com\\\/wp-content\\\/uploads\\\/2024\\\/09\\\/49918bfa848dcc1e9f8b509933603ac.png\",\"width\":988,\"height\":198,\"caption\":\"Diller Water Bottle Manufacturer\"},\"image\":{\"@id\":\"https:\\\/\\\/www.dillerbottle.com\\\/#\\\/schema\\\/logo\\\/image\\\/\"}}]}<\/script>\n<!-- \/ Yoast SEO Premium plugin. -->","yoast_head_json":{"title":"B\u00ecnh gi\u1eef nhi\u1ec7t gia d\u1ee5ng di \u0111\u1ed9ng - Nh\u00e0 s\u1ea3n xu\u1ea5t b\u00ecnh n\u01b0\u1edbc Diller","description":"L\u00e0 m\u1ed9t trong nh\u1eefng nh\u00e0 s\u1ea3n xu\u1ea5t v\u00e0 cung c\u1ea5p b\u00ecnh gi\u1eef nhi\u1ec7t gia d\u1ee5ng di \u0111\u1ed9ng t\u1ed1t nh\u1ea5t, ch\u00fang t\u00f4i tham gia s\u1ea3n xu\u1ea5t b\u00ecnh \u0111\u1ef1ng n\u01b0\u1edbc ch\u1ea5t l\u01b0\u1ee3ng t\u1ed1t. Ch\u00fang t\u00f4i n\u1ed3ng nhi\u1ec7t ch\u00e0o \u0111\u00f3n b\u1ea1n \u0111\u1ebfn b\u00e1n bu\u00f4n ho\u1eb7c mua b\u00ecnh gi\u1eef nhi\u1ec7t gia d\u1ee5ng di \u0111\u1ed9ng t\u00f9y ch\u1ec9nh v\u1edbi gi\u00e1 c\u1ea3 c\u1ea1nh tranh t\u1eeb ch\u00fang t\u00f4i. Ngo\u00e0i ra, ch\u00fang t\u00f4i c\u0169ng ch\u1ea5p nh\u1eadn \u0111\u01a1n \u0111\u1eb7t h\u00e0ng s\u1ed1 l\u01b0\u1ee3ng nh\u1ecf.","robots":{"index":"index","follow":"follow","max-snippet":"max-snippet:-1","max-image-preview":"max-image-preview:large","max-video-preview":"max-video-preview:-1"},"canonical":"https:\/\/www.dillerbottle.com\/vn\/cac-san-pham\/binh-giu-nhiet-gia-dung-di-dong","og_locale":"vi_VN","og_type":"article","og_title":"Portable Household Thermo Jug","og_description":"As one of the best portable household thermo jug manufacturers and suppliers, we are engaged in manufacturing good quality water bottles. We warmly welcome you to wholesale or buy custom made portable household thermo jug at competitive price from us. Also, small quantity orders are acceptable.","og_url":"https:\/\/www.dillerbottle.com\/vn\/cac-san-pham\/binh-giu-nhiet-gia-dung-di-dong","og_site_name":"Diller Water Bottle Manufacturer","article_modified_time":"2025-07-10T07:24:19+00:00","og_image":[{"width":730,"height":730,"url":"https:\/\/www.dillerbottle.com\/wp-content\/uploads\/2024\/09\/portable-household-thermo-jug77550651-a7a2-44ff-933d-ddc111a1214f.jpg","type":"image\/jpeg"}],"twitter_card":"summary_large_image","twitter_misc":{"\u01af\u1edbc t\u00ednh th\u1eddi gian \u0111\u1ecdc":"6 ph\u00fat"},"schema":{"@context":"https:\/\/schema.org","@graph":[{"@type":"WebPage","@id":"https:\/\/www.dillerbottle.com\/ru\/%d0%bf%d1%80%d0%be%d0%b4%d1%83%d0%ba%d1%82%d1%8b\/%d0%bf%d0%be%d1%80%d1%82%d0%b0%d1%82%d0%b8%d0%b2%d0%bd%d1%8b%d0%b9-%d0%b1%d1%8b%d1%82%d0%be%d0%b2%d0%be%d0%b9-%d1%82%d0%b5%d1%80%d0%bc%d0%be%d0%ba%d1%83%d0%b2%d1%88%d0%b8%d0%bd","url":"https:\/\/www.dillerbottle.com\/ru\/%d0%bf%d1%80%d0%be%d0%b4%d1%83%d0%ba%d1%82%d1%8b\/%d0%bf%d0%be%d1%80%d1%82%d0%b0%d1%82%d0%b8%d0%b2%d0%bd%d1%8b%d0%b9-%d0%b1%d1%8b%d1%82%d0%be%d0%b2%d0%be%d0%b9-%d1%82%d0%b5%d1%80%d0%bc%d0%be%d0%ba%d1%83%d0%b2%d1%88%d0%b8%d0%bd","name":"B\u00ecnh gi\u1eef nhi\u1ec7t gia d\u1ee5ng di \u0111\u1ed9ng - Nh\u00e0 s\u1ea3n xu\u1ea5t b\u00ecnh n\u01b0\u1edbc Diller","isPartOf":{"@id":"https:\/\/www.dillerbottle.com\/#website"},"primaryImageOfPage":{"@id":"https:\/\/www.dillerbottle.com\/ru\/%d0%bf%d1%80%d0%be%d0%b4%d1%83%d0%ba%d1%82%d1%8b\/%d0%bf%d0%be%d1%80%d1%82%d0%b0%d1%82%d0%b8%d0%b2%d0%bd%d1%8b%d0%b9-%d0%b1%d1%8b%d1%82%d0%be%d0%b2%d0%be%d0%b9-%d1%82%d0%b5%d1%80%d0%bc%d0%be%d0%ba%d1%83%d0%b2%d1%88%d0%b8%d0%bd#primaryimage"},"image":{"@id":"https:\/\/www.dillerbottle.com\/ru\/%d0%bf%d1%80%d0%be%d0%b4%d1%83%d0%ba%d1%82%d1%8b\/%d0%bf%d0%be%d1%80%d1%82%d0%b0%d1%82%d0%b8%d0%b2%d0%bd%d1%8b%d0%b9-%d0%b1%d1%8b%d1%82%d0%be%d0%b2%d0%be%d0%b9-%d1%82%d0%b5%d1%80%d0%bc%d0%be%d0%ba%d1%83%d0%b2%d1%88%d0%b8%d0%bd#primaryimage"},"thumbnailUrl":"https:\/\/www.dillerbottle.com\/wp-content\/uploads\/2024\/09\/portable-household-thermo-jug77550651-a7a2-44ff-933d-ddc111a1214f.jpg","datePublished":"2024-09-26T02:01:59+00:00","dateModified":"2025-07-10T07:24:19+00:00","description":"L\u00e0 m\u1ed9t trong nh\u1eefng nh\u00e0 s\u1ea3n xu\u1ea5t v\u00e0 cung c\u1ea5p b\u00ecnh gi\u1eef nhi\u1ec7t gia d\u1ee5ng di \u0111\u1ed9ng t\u1ed1t nh\u1ea5t, ch\u00fang t\u00f4i tham gia s\u1ea3n xu\u1ea5t b\u00ecnh \u0111\u1ef1ng n\u01b0\u1edbc ch\u1ea5t l\u01b0\u1ee3ng t\u1ed1t. Ch\u00fang t\u00f4i n\u1ed3ng nhi\u1ec7t ch\u00e0o \u0111\u00f3n b\u1ea1n \u0111\u1ebfn b\u00e1n bu\u00f4n ho\u1eb7c mua b\u00ecnh gi\u1eef nhi\u1ec7t gia d\u1ee5ng di \u0111\u1ed9ng t\u00f9y ch\u1ec9nh v\u1edbi gi\u00e1 c\u1ea3 c\u1ea1nh tranh t\u1eeb ch\u00fang t\u00f4i. Ngo\u00e0i ra, ch\u00fang t\u00f4i c\u0169ng ch\u1ea5p nh\u1eadn \u0111\u01a1n \u0111\u1eb7t h\u00e0ng s\u1ed1 l\u01b0\u1ee3ng nh\u1ecf.","breadcrumb":{"@id":"https:\/\/www.dillerbottle.com\/ru\/%d0%bf%d1%80%d0%be%d0%b4%d1%83%d0%ba%d1%82%d1%8b\/%d0%bf%d0%be%d1%80%d1%82%d0%b0%d1%82%d0%b8%d0%b2%d0%bd%d1%8b%d0%b9-%d0%b1%d1%8b%d1%82%d0%be%d0%b2%d0%be%d0%b9-%d1%82%d0%b5%d1%80%d0%bc%d0%be%d0%ba%d1%83%d0%b2%d1%88%d0%b8%d0%bd#breadcrumb"},"inLanguage":"vi","potentialAction":[{"@type":"ReadAction","target":["https:\/\/www.dillerbottle.com\/ru\/%d0%bf%d1%80%d0%be%d0%b4%d1%83%d0%ba%d1%82%d1%8b\/%d0%bf%d0%be%d1%80%d1%82%d0%b0%d1%82%d0%b8%d0%b2%d0%bd%d1%8b%d0%b9-%d0%b1%d1%8b%d1%82%d0%be%d0%b2%d0%be%d0%b9-%d1%82%d0%b5%d1%80%d0%bc%d0%be%d0%ba%d1%83%d0%b2%d1%88%d0%b8%d0%bd"]}]},{"@type":"ImageObject","inLanguage":"vi","@id":"https:\/\/www.dillerbottle.com\/ru\/%d0%bf%d1%80%d0%be%d0%b4%d1%83%d0%ba%d1%82%d1%8b\/%d0%bf%d0%be%d1%80%d1%82%d0%b0%d1%82%d0%b8%d0%b2%d0%bd%d1%8b%d0%b9-%d0%b1%d1%8b%d1%82%d0%be%d0%b2%d0%be%d0%b9-%d1%82%d0%b5%d1%80%d0%bc%d0%be%d0%ba%d1%83%d0%b2%d1%88%d0%b8%d0%bd#primaryimage","url":"https:\/\/www.dillerbottle.com\/wp-content\/uploads\/2024\/09\/portable-household-thermo-jug77550651-a7a2-44ff-933d-ddc111a1214f.jpg","contentUrl":"https:\/\/www.dillerbottle.com\/wp-content\/uploads\/2024\/09\/portable-household-thermo-jug77550651-a7a2-44ff-933d-ddc111a1214f.jpg","width":730,"height":730},{"@type":"BreadcrumbList","@id":"https:\/\/www.dillerbottle.com\/ru\/%d0%bf%d1%80%d0%be%d0%b4%d1%83%d0%ba%d1%82%d1%8b\/%d0%bf%d0%be%d1%80%d1%82%d0%b0%d1%82%d0%b8%d0%b2%d0%bd%d1%8b%d0%b9-%d0%b1%d1%8b%d1%82%d0%be%d0%b2%d0%be%d0%b9-%d1%82%d0%b5%d1%80%d0%bc%d0%be%d0%ba%d1%83%d0%b2%d1%88%d0%b8%d0%bd#breadcrumb","itemListElement":[{"@type":"ListItem","position":1,"name":"Home","item":"https:\/\/www.dillerbottle.com\/"},{"@type":"ListItem","position":2,"name":"Products","item":"https:\/\/www.dillerbottle.com\/shop"},{"@type":"ListItem","position":3,"name":"Portable Household Thermo Jug"}]},{"@type":"WebSite","@id":"https:\/\/www.dillerbottle.com\/#website","url":"https:\/\/www.dillerbottle.com\/","name":"Nh\u00e0 s\u1ea3n xu\u1ea5t b\u00ecnh n\u01b0\u1edbc Diller","description":"Nh\u00e0 s\u1ea3n xu\u1ea5t b\u00ecnh n\u01b0\u1edbc","publisher":{"@id":"https:\/\/www.dillerbottle.com\/#organization"},"potentialAction":[{"@type":"SearchAction","target":{"@type":"EntryPoint","urlTemplate":"https:\/\/www.dillerbottle.com\/?s={search_term_string}"},"query-input":{"@type":"PropertyValueSpecification","valueRequired":true,"valueName":"search_term_string"}}],"inLanguage":"vi"},{"@type":"Organization","@id":"https:\/\/www.dillerbottle.com\/#organization","name":"Nh\u00e0 s\u1ea3n xu\u1ea5t b\u00ecnh n\u01b0\u1edbc Diller","url":"https:\/\/www.dillerbottle.com\/","logo":{"@type":"ImageObject","inLanguage":"vi","@id":"https:\/\/www.dillerbottle.com\/#\/schema\/logo\/image\/","url":"https:\/\/www.dillerbottle.com\/wp-content\/uploads\/2024\/09\/49918bfa848dcc1e9f8b509933603ac.png","contentUrl":"https:\/\/www.dillerbottle.com\/wp-content\/uploads\/2024\/09\/49918bfa848dcc1e9f8b509933603ac.png","width":988,"height":198,"caption":"Diller Water Bottle Manufacturer"},"image":{"@id":"https:\/\/www.dillerbottle.com\/#\/schema\/logo\/image\/"}}]}},"_links":{"self":[{"href":"https:\/\/www.dillerbottle.com\/vn\/wp-json\/wp\/v2\/product\/3119","targetHints":{"allow":["GET"]}}],"collection":[{"href":"https:\/\/www.dillerbottle.com\/vn\/wp-json\/wp\/v2\/product"}],"about":[{"href":"https:\/\/www.dillerbottle.com\/vn\/wp-json\/wp\/v2\/types\/product"}],"replies":[{"embeddable":true,"href":"https:\/\/www.dillerbottle.com\/vn\/wp-json\/wp\/v2\/comments?post=3119"}],"wp:featuredmedia":[{"embeddable":true,"href":"https:\/\/www.dillerbottle.com\/vn\/wp-json\/wp\/v2\/media\/3120"}],"wp:attachment":[{"href":"https:\/\/www.dillerbottle.com\/vn\/wp-json\/wp\/v2\/media?parent=3119"}],"wp:term":[{"taxonomy":"product_brand","embeddable":true,"href":"https:\/\/www.dillerbottle.com\/vn\/wp-json\/wp\/v2\/product_brand?post=3119"},{"taxonomy":"product_cat","embeddable":true,"href":"https:\/\/www.dillerbottle.com\/vn\/wp-json\/wp\/v2\/product_cat?post=3119"},{"taxonomy":"product_tag","embeddable":true,"href":"https:\/\/www.dillerbottle.com\/vn\/wp-json\/wp\/v2\/product_tag?post=3119"}],"curies":[{"name":"wp","href":"https:\/\/api.w.org\/{rel}","templated":true}]}}