{"id":3183,"date":"2024-09-26T10:02:54","date_gmt":"2024-09-26T02:02:54","guid":{"rendered":"https:\/\/demo.dillerbottle.com\/uncategorized\/household-insulated-kettle"},"modified":"2025-07-10T15:34:09","modified_gmt":"2025-07-10T07:34:09","slug":"am-dun-nuoc-giu-nhiet-gia-dung","status":"publish","type":"product","link":"https:\/\/www.dillerbottle.com\/vn\/products\/household-insulated-kettle","title":{"rendered":"\u1ea4m \u0111un n\u01b0\u1edbc c\u00e1ch nhi\u1ec7t gia d\u1ee5ng"},"content":{"rendered":"<p>\u0110\u1eb7c tr\u01b0ng:<br \/>\n1. \u1ea4m \u0111un n\u01b0\u1edbc gi\u1eef nhi\u1ec7t gia d\u1ee5ng \u0111\u01b0\u1ee3c l\u00e0m b\u1eb1ng th\u00e9p kh\u00f4ng g\u1ec9 hai l\u1edbp gi\u00fap gi\u1eef \u0111\u1ed3 u\u1ed1ng \u1edf nhi\u1ec7t \u0111\u1ed9 ho\u00e0n h\u1ea3o v\u00e0 tay c\u1ea7m tho\u1ea3i m\u00e1i, d\u1ec5 c\u1ea7m.<\/p>\n<p>2. M\u1ed7i \u0111\u01b0\u1eddng cong, tay c\u1ea7m v\u00e0 n\u00fat b\u1ea5m tr\u00ean \u1ea5m \u0111un n\u01b0\u1edbc c\u00e1ch nhi\u1ec7t gia d\u1ee5ng n\u00e0y \u0111\u1ec1u \u0111\u01b0\u1ee3c thi\u1ebft k\u1ebf v\u1edbi s\u1ef1 tho\u1ea3i m\u00e1i v\u00e0 d\u1ec5 d\u00e0ng. \u1ea4m \u0111un n\u01b0\u1edbc c\u00e1ch nhi\u1ec7t gia d\u1ee5ng n\u00e0y k\u00edn n\u01b0\u1edbc v\u00e0 ch\u1ed1ng r\u00f2 r\u1ec9 v\u1edbi n\u00fat nh\u1ea5n \u0111\u1ec3 nh\u1ea3 n\u01b0\u1edbc ngay l\u1eadp t\u1ee9c.<\/p>\n<p>3. Thi\u1ebft k\u1ebf n\u00fat nh\u1ea5n, r\u00f3t d\u1ec5 d\u00e0ng \u2013 C\u00f3 tay c\u1ea7m c\u00e1ch nhi\u1ec7t ti\u1ec7n d\u1ee5ng, d\u1ec5 c\u1ea7m n\u1eafm, c\u00f9ng n\u00fat nh\u1ea5n \u0111\u01a1n gi\u1ea3n gi\u00fap vi\u1ec7c r\u00f3t b\u1eb1ng m\u1ed9t tay tr\u1edf n\u00ean thu\u1eadn ti\u1ec7n h\u01a1n.<\/p>","protected":false},"excerpt":{"rendered":"<p>\u1ea4m \u0111un n\u01b0\u1edbc gi\u1eef nhi\u1ec7t gia d\u1ee5ng n\u00e0y \u0111\u01b0\u1ee3c l\u00e0m t\u1eeb th\u00e9p kh\u00f4ng g\u1ec9 316 v\u00e0 v\u1eadt li\u1ec7u an to\u00e0n th\u1ef1c ph\u1ea9m.<br \/>\n\u1ea4m \u0111un n\u01b0\u1edbc gi\u1eef nhi\u1ec7t n\u00e0y c\u00f3 th\u1ec3 gi\u1eef n\u01b0\u1edbc n\u00f3ng ho\u1eb7c l\u1ea1nh t\u1edbi 12-24 gi\u1edd.<br \/>\nThi\u1ebft k\u1ebf n\u00fat nh\u1ea5n, r\u00f3t d\u1ec5 d\u00e0ng \u2013 C\u00f3 tay c\u1ea7m c\u00e1ch nhi\u1ec7t d\u1ec5 c\u1ea7m n\u1eafm, c\u00f9ng n\u00fat nh\u1ea5n \u0111\u01a1n gi\u1ea3n gi\u00fap vi\u1ec7c r\u00f3t b\u1eb1ng m\u1ed9t tay tr\u1edf n\u00ean thu\u1eadn ti\u1ec7n h\u01a1n.<br \/>\nCh\u1ea5p nh\u1eadn OEM v\u00e0 ODM.<br \/>\nCh\u00fang t\u00f4i c\u00f3 th\u1ec3 t\u00f9y ch\u1ec9nh \u1ea5m \u0111un n\u01b0\u1edbc theo y\u00eau c\u1ea7u c\u1ee7a b\u1ea1n.<br \/>\nCh\u00e0o m\u1eebng b\u1ea1n \u0111\u1ebfn mua s\u1ec9, h\u00e3y g\u1eedi y\u00eau c\u1ea7u ngay!<\/p>","protected":false},"featured_media":3184,"comment_status":"open","ping_status":"closed","template":"","meta":{"_acf_changed":false},"product_brand":[],"product_cat":[1084],"product_tag":[32,36,33,31,39,38,192,190,29,37,34,35,28,30],"class_list":{"0":"post-3183","1":"product","2":"type-product","3":"status-publish","4":"has-post-thumbnail","6":"product_cat-kettle","7":"product_tag-best","8":"product_tag-bulk","9":"product_tag-buy","10":"product_tag-custom","11":"product_tag-for-sale","12":"product_tag-good-quality","13":"product_tag-household-insulated-kettle","14":"product_tag-kettle","15":"product_tag-manufacturers","16":"product_tag-manufacturing","17":"product_tag-price","18":"product_tag-small","19":"product_tag-suppliers","20":"product_tag-wholesale","22":"first","23":"instock","24":"shipping-taxable","25":"product-type-simple"},"acf":[],"yoast_head":"<!-- This site is optimized with the Yoast SEO Premium plugin v27.5 (Yoast SEO v27.5) - https:\/\/yoast.com\/product\/yoast-seo-premium-wordpress\/ -->\n<title>Household Insulated Kettle - Diller Water Bottle Manufacturer<\/title>\n<meta name=\"description\" content=\"As one of the best household insulated kettle manufacturers and suppliers, we are engaged in manufacturing good quality water bottles. We warmly welcome you to wholesale or buy custom made household insulated kettle at competitive price from us. Also, small quantity orders are acceptable.\" \/>\n<meta name=\"robots\" content=\"index, follow, max-snippet:-1, max-image-preview:large, max-video-preview:-1\" \/>\n<link rel=\"canonical\" href=\"https:\/\/www.dillerbottle.com\/vn\/cac-san-pham\/am-dun-nuoc-giu-nhiet-gia-dung\" \/>\n<meta property=\"og:locale\" content=\"vi_VN\" \/>\n<meta property=\"og:type\" content=\"article\" \/>\n<meta property=\"og:title\" content=\"Household Insulated Kettle\" \/>\n<meta property=\"og:description\" content=\"As one of the best household insulated kettle manufacturers and suppliers, we are engaged in manufacturing good quality water bottles. We warmly welcome you to wholesale or buy custom made household insulated kettle at competitive price from us. Also, small quantity orders are acceptable.\" \/>\n<meta property=\"og:url\" content=\"https:\/\/www.dillerbottle.com\/vn\/cac-san-pham\/am-dun-nuoc-giu-nhiet-gia-dung\" \/>\n<meta property=\"og:site_name\" content=\"Diller Water Bottle Manufacturer\" \/>\n<meta property=\"article:modified_time\" content=\"2025-07-10T07:34:09+00:00\" \/>\n<meta property=\"og:image\" content=\"https:\/\/www.dillerbottle.com\/wp-content\/uploads\/2024\/09\/household-insulated-bottle52679385-4bea-4aea-893e-ba029169f0f4.jpg\" \/>\n\t<meta property=\"og:image:width\" content=\"730\" \/>\n\t<meta property=\"og:image:height\" content=\"730\" \/>\n\t<meta property=\"og:image:type\" content=\"image\/jpeg\" \/>\n<meta name=\"twitter:card\" content=\"summary_large_image\" \/>\n<meta name=\"twitter:label1\" content=\"\u01af\u1edbc t\u00ednh th\u1eddi gian \u0111\u1ecdc\" \/>\n\t<meta name=\"twitter:data1\" content=\"5 ph\u00fat\" \/>\n<script type=\"application\/ld+json\" class=\"yoast-schema-graph\">{\"@context\":\"https:\\\/\\\/schema.org\",\"@graph\":[{\"@type\":\"WebPage\",\"@id\":\"https:\\\/\\\/www.dillerbottle.com\\\/pt\\\/produtos\\\/chaleira-isolada-para-uso-domestico\",\"url\":\"https:\\\/\\\/www.dillerbottle.com\\\/pt\\\/produtos\\\/chaleira-isolada-para-uso-domestico\",\"name\":\"Household Insulated Kettle - Diller Water Bottle Manufacturer\",\"isPartOf\":{\"@id\":\"https:\\\/\\\/www.dillerbottle.com\\\/#website\"},\"primaryImageOfPage\":{\"@id\":\"https:\\\/\\\/www.dillerbottle.com\\\/pt\\\/produtos\\\/chaleira-isolada-para-uso-domestico#primaryimage\"},\"image\":{\"@id\":\"https:\\\/\\\/www.dillerbottle.com\\\/pt\\\/produtos\\\/chaleira-isolada-para-uso-domestico#primaryimage\"},\"thumbnailUrl\":\"https:\\\/\\\/www.dillerbottle.com\\\/wp-content\\\/uploads\\\/2024\\\/09\\\/household-insulated-bottle52679385-4bea-4aea-893e-ba029169f0f4.jpg\",\"datePublished\":\"2024-09-26T02:02:54+00:00\",\"dateModified\":\"2025-07-10T07:34:09+00:00\",\"description\":\"As one of the best household insulated kettle manufacturers and suppliers, we are engaged in manufacturing good quality water bottles. We warmly welcome you to wholesale or buy custom made household insulated kettle at competitive price from us. Also, small quantity orders are acceptable.\",\"breadcrumb\":{\"@id\":\"https:\\\/\\\/www.dillerbottle.com\\\/pt\\\/produtos\\\/chaleira-isolada-para-uso-domestico#breadcrumb\"},\"inLanguage\":\"vi\",\"potentialAction\":[{\"@type\":\"ReadAction\",\"target\":[\"https:\\\/\\\/www.dillerbottle.com\\\/pt\\\/produtos\\\/chaleira-isolada-para-uso-domestico\"]}]},{\"@type\":\"ImageObject\",\"inLanguage\":\"vi\",\"@id\":\"https:\\\/\\\/www.dillerbottle.com\\\/pt\\\/produtos\\\/chaleira-isolada-para-uso-domestico#primaryimage\",\"url\":\"https:\\\/\\\/www.dillerbottle.com\\\/wp-content\\\/uploads\\\/2024\\\/09\\\/household-insulated-bottle52679385-4bea-4aea-893e-ba029169f0f4.jpg\",\"contentUrl\":\"https:\\\/\\\/www.dillerbottle.com\\\/wp-content\\\/uploads\\\/2024\\\/09\\\/household-insulated-bottle52679385-4bea-4aea-893e-ba029169f0f4.jpg\",\"width\":730,\"height\":730},{\"@type\":\"BreadcrumbList\",\"@id\":\"https:\\\/\\\/www.dillerbottle.com\\\/pt\\\/produtos\\\/chaleira-isolada-para-uso-domestico#breadcrumb\",\"itemListElement\":[{\"@type\":\"ListItem\",\"position\":1,\"name\":\"Home\",\"item\":\"https:\\\/\\\/www.dillerbottle.com\\\/\"},{\"@type\":\"ListItem\",\"position\":2,\"name\":\"Products\",\"item\":\"https:\\\/\\\/www.dillerbottle.com\\\/shop\"},{\"@type\":\"ListItem\",\"position\":3,\"name\":\"Household Insulated Kettle\"}]},{\"@type\":\"WebSite\",\"@id\":\"https:\\\/\\\/www.dillerbottle.com\\\/#website\",\"url\":\"https:\\\/\\\/www.dillerbottle.com\\\/\",\"name\":\"Diller Water Bottle Manufacturer\",\"description\":\"Water Bottle Manufacturer\",\"publisher\":{\"@id\":\"https:\\\/\\\/www.dillerbottle.com\\\/#organization\"},\"potentialAction\":[{\"@type\":\"SearchAction\",\"target\":{\"@type\":\"EntryPoint\",\"urlTemplate\":\"https:\\\/\\\/www.dillerbottle.com\\\/?s={search_term_string}\"},\"query-input\":{\"@type\":\"PropertyValueSpecification\",\"valueRequired\":true,\"valueName\":\"search_term_string\"}}],\"inLanguage\":\"vi\"},{\"@type\":\"Organization\",\"@id\":\"https:\\\/\\\/www.dillerbottle.com\\\/#organization\",\"name\":\"Diller Water Bottle Manufacturer\",\"url\":\"https:\\\/\\\/www.dillerbottle.com\\\/\",\"logo\":{\"@type\":\"ImageObject\",\"inLanguage\":\"vi\",\"@id\":\"https:\\\/\\\/www.dillerbottle.com\\\/#\\\/schema\\\/logo\\\/image\\\/\",\"url\":\"https:\\\/\\\/www.dillerbottle.com\\\/wp-content\\\/uploads\\\/2024\\\/09\\\/49918bfa848dcc1e9f8b509933603ac.png\",\"contentUrl\":\"https:\\\/\\\/www.dillerbottle.com\\\/wp-content\\\/uploads\\\/2024\\\/09\\\/49918bfa848dcc1e9f8b509933603ac.png\",\"width\":988,\"height\":198,\"caption\":\"Diller Water Bottle Manufacturer\"},\"image\":{\"@id\":\"https:\\\/\\\/www.dillerbottle.com\\\/#\\\/schema\\\/logo\\\/image\\\/\"}}]}<\/script>\n<!-- \/ Yoast SEO Premium plugin. -->","yoast_head_json":{"title":"\u1ea4m \u0111un n\u01b0\u1edbc gi\u1eef nhi\u1ec7t gia d\u1ee5ng - Nh\u00e0 s\u1ea3n xu\u1ea5t b\u00ecnh n\u01b0\u1edbc Diller","description":"L\u00e0 m\u1ed9t trong nh\u1eefng nh\u00e0 s\u1ea3n xu\u1ea5t v\u00e0 cung c\u1ea5p \u1ea5m \u0111un n\u01b0\u1edbc c\u00e1ch nhi\u1ec7t gia d\u1ee5ng t\u1ed1t nh\u1ea5t, ch\u00fang t\u00f4i tham gia s\u1ea3n xu\u1ea5t b\u00ecnh \u0111\u1ef1ng n\u01b0\u1edbc ch\u1ea5t l\u01b0\u1ee3ng t\u1ed1t. Ch\u00fang t\u00f4i n\u1ed3ng nhi\u1ec7t ch\u00e0o \u0111\u00f3n b\u1ea1n \u0111\u1ebfn b\u00e1n bu\u00f4n ho\u1eb7c mua \u1ea5m \u0111un n\u01b0\u1edbc c\u00e1ch nhi\u1ec7t gia d\u1ee5ng t\u00f9y ch\u1ec9nh v\u1edbi gi\u00e1 c\u1ea3 c\u1ea1nh tranh t\u1eeb ch\u00fang t\u00f4i. Ngo\u00e0i ra, ch\u00fang t\u00f4i c\u0169ng ch\u1ea5p nh\u1eadn \u0111\u01a1n \u0111\u1eb7t h\u00e0ng s\u1ed1 l\u01b0\u1ee3ng nh\u1ecf.","robots":{"index":"index","follow":"follow","max-snippet":"max-snippet:-1","max-image-preview":"max-image-preview:large","max-video-preview":"max-video-preview:-1"},"canonical":"https:\/\/www.dillerbottle.com\/vn\/cac-san-pham\/am-dun-nuoc-giu-nhiet-gia-dung","og_locale":"vi_VN","og_type":"article","og_title":"Household Insulated Kettle","og_description":"As one of the best household insulated kettle manufacturers and suppliers, we are engaged in manufacturing good quality water bottles. We warmly welcome you to wholesale or buy custom made household insulated kettle at competitive price from us. Also, small quantity orders are acceptable.","og_url":"https:\/\/www.dillerbottle.com\/vn\/cac-san-pham\/am-dun-nuoc-giu-nhiet-gia-dung","og_site_name":"Diller Water Bottle Manufacturer","article_modified_time":"2025-07-10T07:34:09+00:00","og_image":[{"width":730,"height":730,"url":"https:\/\/www.dillerbottle.com\/wp-content\/uploads\/2024\/09\/household-insulated-bottle52679385-4bea-4aea-893e-ba029169f0f4.jpg","type":"image\/jpeg"}],"twitter_card":"summary_large_image","twitter_misc":{"\u01af\u1edbc t\u00ednh th\u1eddi gian \u0111\u1ecdc":"5 ph\u00fat"},"schema":{"@context":"https:\/\/schema.org","@graph":[{"@type":"WebPage","@id":"https:\/\/www.dillerbottle.com\/pt\/produtos\/chaleira-isolada-para-uso-domestico","url":"https:\/\/www.dillerbottle.com\/pt\/produtos\/chaleira-isolada-para-uso-domestico","name":"\u1ea4m \u0111un n\u01b0\u1edbc gi\u1eef nhi\u1ec7t gia d\u1ee5ng - Nh\u00e0 s\u1ea3n xu\u1ea5t b\u00ecnh n\u01b0\u1edbc Diller","isPartOf":{"@id":"https:\/\/www.dillerbottle.com\/#website"},"primaryImageOfPage":{"@id":"https:\/\/www.dillerbottle.com\/pt\/produtos\/chaleira-isolada-para-uso-domestico#primaryimage"},"image":{"@id":"https:\/\/www.dillerbottle.com\/pt\/produtos\/chaleira-isolada-para-uso-domestico#primaryimage"},"thumbnailUrl":"https:\/\/www.dillerbottle.com\/wp-content\/uploads\/2024\/09\/household-insulated-bottle52679385-4bea-4aea-893e-ba029169f0f4.jpg","datePublished":"2024-09-26T02:02:54+00:00","dateModified":"2025-07-10T07:34:09+00:00","description":"L\u00e0 m\u1ed9t trong nh\u1eefng nh\u00e0 s\u1ea3n xu\u1ea5t v\u00e0 cung c\u1ea5p \u1ea5m \u0111un n\u01b0\u1edbc c\u00e1ch nhi\u1ec7t gia d\u1ee5ng t\u1ed1t nh\u1ea5t, ch\u00fang t\u00f4i tham gia s\u1ea3n xu\u1ea5t b\u00ecnh \u0111\u1ef1ng n\u01b0\u1edbc ch\u1ea5t l\u01b0\u1ee3ng t\u1ed1t. Ch\u00fang t\u00f4i n\u1ed3ng nhi\u1ec7t ch\u00e0o \u0111\u00f3n b\u1ea1n \u0111\u1ebfn b\u00e1n bu\u00f4n ho\u1eb7c mua \u1ea5m \u0111un n\u01b0\u1edbc c\u00e1ch nhi\u1ec7t gia d\u1ee5ng t\u00f9y ch\u1ec9nh v\u1edbi gi\u00e1 c\u1ea3 c\u1ea1nh tranh t\u1eeb ch\u00fang t\u00f4i. Ngo\u00e0i ra, ch\u00fang t\u00f4i c\u0169ng ch\u1ea5p nh\u1eadn \u0111\u01a1n \u0111\u1eb7t h\u00e0ng s\u1ed1 l\u01b0\u1ee3ng nh\u1ecf.","breadcrumb":{"@id":"https:\/\/www.dillerbottle.com\/pt\/produtos\/chaleira-isolada-para-uso-domestico#breadcrumb"},"inLanguage":"vi","potentialAction":[{"@type":"ReadAction","target":["https:\/\/www.dillerbottle.com\/pt\/produtos\/chaleira-isolada-para-uso-domestico"]}]},{"@type":"ImageObject","inLanguage":"vi","@id":"https:\/\/www.dillerbottle.com\/pt\/produtos\/chaleira-isolada-para-uso-domestico#primaryimage","url":"https:\/\/www.dillerbottle.com\/wp-content\/uploads\/2024\/09\/household-insulated-bottle52679385-4bea-4aea-893e-ba029169f0f4.jpg","contentUrl":"https:\/\/www.dillerbottle.com\/wp-content\/uploads\/2024\/09\/household-insulated-bottle52679385-4bea-4aea-893e-ba029169f0f4.jpg","width":730,"height":730},{"@type":"BreadcrumbList","@id":"https:\/\/www.dillerbottle.com\/pt\/produtos\/chaleira-isolada-para-uso-domestico#breadcrumb","itemListElement":[{"@type":"ListItem","position":1,"name":"Home","item":"https:\/\/www.dillerbottle.com\/"},{"@type":"ListItem","position":2,"name":"Products","item":"https:\/\/www.dillerbottle.com\/shop"},{"@type":"ListItem","position":3,"name":"Household Insulated Kettle"}]},{"@type":"WebSite","@id":"https:\/\/www.dillerbottle.com\/#website","url":"https:\/\/www.dillerbottle.com\/","name":"Nh\u00e0 s\u1ea3n xu\u1ea5t b\u00ecnh n\u01b0\u1edbc Diller","description":"Nh\u00e0 s\u1ea3n xu\u1ea5t b\u00ecnh n\u01b0\u1edbc","publisher":{"@id":"https:\/\/www.dillerbottle.com\/#organization"},"potentialAction":[{"@type":"SearchAction","target":{"@type":"EntryPoint","urlTemplate":"https:\/\/www.dillerbottle.com\/?s={search_term_string}"},"query-input":{"@type":"PropertyValueSpecification","valueRequired":true,"valueName":"search_term_string"}}],"inLanguage":"vi"},{"@type":"Organization","@id":"https:\/\/www.dillerbottle.com\/#organization","name":"Nh\u00e0 s\u1ea3n xu\u1ea5t b\u00ecnh n\u01b0\u1edbc Diller","url":"https:\/\/www.dillerbottle.com\/","logo":{"@type":"ImageObject","inLanguage":"vi","@id":"https:\/\/www.dillerbottle.com\/#\/schema\/logo\/image\/","url":"https:\/\/www.dillerbottle.com\/wp-content\/uploads\/2024\/09\/49918bfa848dcc1e9f8b509933603ac.png","contentUrl":"https:\/\/www.dillerbottle.com\/wp-content\/uploads\/2024\/09\/49918bfa848dcc1e9f8b509933603ac.png","width":988,"height":198,"caption":"Diller Water Bottle Manufacturer"},"image":{"@id":"https:\/\/www.dillerbottle.com\/#\/schema\/logo\/image\/"}}]}},"_links":{"self":[{"href":"https:\/\/www.dillerbottle.com\/vn\/wp-json\/wp\/v2\/product\/3183","targetHints":{"allow":["GET"]}}],"collection":[{"href":"https:\/\/www.dillerbottle.com\/vn\/wp-json\/wp\/v2\/product"}],"about":[{"href":"https:\/\/www.dillerbottle.com\/vn\/wp-json\/wp\/v2\/types\/product"}],"replies":[{"embeddable":true,"href":"https:\/\/www.dillerbottle.com\/vn\/wp-json\/wp\/v2\/comments?post=3183"}],"wp:featuredmedia":[{"embeddable":true,"href":"https:\/\/www.dillerbottle.com\/vn\/wp-json\/wp\/v2\/media\/3184"}],"wp:attachment":[{"href":"https:\/\/www.dillerbottle.com\/vn\/wp-json\/wp\/v2\/media?parent=3183"}],"wp:term":[{"taxonomy":"product_brand","embeddable":true,"href":"https:\/\/www.dillerbottle.com\/vn\/wp-json\/wp\/v2\/product_brand?post=3183"},{"taxonomy":"product_cat","embeddable":true,"href":"https:\/\/www.dillerbottle.com\/vn\/wp-json\/wp\/v2\/product_cat?post=3183"},{"taxonomy":"product_tag","embeddable":true,"href":"https:\/\/www.dillerbottle.com\/vn\/wp-json\/wp\/v2\/product_tag?post=3183"}],"curies":[{"name":"wp","href":"https:\/\/api.w.org\/{rel}","templated":true}]}}