{"id":3471,"date":"2024-09-26T16:27:18","date_gmt":"2024-09-26T08:27:18","guid":{"rendered":"https:\/\/demo.dillerbottle.com\/uncategorized\/lovely-rabbit-ear-water-bottle-for-kid"},"modified":"2025-07-10T15:15:15","modified_gmt":"2025-07-10T07:15:15","slug":"binh-nuoc-tai-tho-dang-yeu-cho-be","status":"publish","type":"product","link":"https:\/\/www.dillerbottle.com\/vn\/products\/lovely-rabbit-ear-water-bottle-for-kid","title":{"rendered":"B\u00ecnh n\u01b0\u1edbc tai th\u1ecf \u0111\u00e1ng y\u00eau cho b\u00e9"},"content":{"rendered":"<p>1. B\u00ecnh n\u01b0\u1edbc tai th\u1ecf \u0111\u00e1ng y\u00eau d\u00e0nh cho tr\u1ebb em \u0111\u01b0\u1ee3c l\u00e0m b\u1eb1ng ch\u1ea5t li\u1ec7u Tritan cao c\u1ea5p v\u00e0 v\u1eadt li\u1ec7u c\u1ea5p th\u1ef1c ph\u1ea9m, an to\u00e0n, kh\u00f4ng \u0111\u1ed9c h\u1ea1i v\u00e0 kh\u00f4ng m\u00f9i, cho ph\u00e9p c\u1ea3 ng\u01b0\u1eddi l\u1edbn v\u00e0 tr\u1ebb em s\u1eed d\u1ee5ng m\u1ed9t c\u00e1ch t\u1ef1 tin.<\/p>\n<p>2. Kh\u00f3a an to\u00e0n n\u1eafp c\u1ed1c ng\u0103n ng\u1eeba vi\u1ec7c m\u1edf n\u1eafp ngo\u00e0i \u00fd mu\u1ed1n. V\u00f2ng cao su silicon k\u00edn t\u00edch h\u1ee3p, kh\u00f3a ch\u1eb7t n\u01b0\u1edbc.<\/p>\n<p>3. D\u00e2y \u0111eo c\u00f3 th\u1ec3 th\u00e1o r\u1eddi v\u00e0 \u0111i\u1ec1u ch\u1ec9nh mi\u1ec5n ph\u00ed gi\u00fap thu\u1eadn ti\u1ec7n h\u01a1n khi mang theo khi ra ngo\u00e0i. Tai th\u1ecf ba chi\u1ec1u tr\u00ean n\u1eafp c\u1ed1c \u0111\u01b0\u1ee3c l\u00e0m b\u1eb1ng ch\u1ea5t li\u1ec7u silicon m\u1ec1m m\u1ea1i, t\u0103ng th\u00eam s\u1ef1 th\u00fa v\u1ecb cho vi\u1ec7c u\u1ed1ng n\u01b0\u1edbc c\u1ee7a tr\u1ebb em.<\/p>\n<p>4. Th\u00e2n b\u00ecnh \u0111\u01b0\u1ee3c thi\u1ebft k\u1ebf h\u00ecnh ch\u1eef nh\u1eadt ph\u1eb3ng, gi\u00fap tr\u1ebb d\u1ec5 d\u00e0ng c\u1ea7m n\u1eafm v\u00e0 u\u1ed1ng n\u01b0\u1edbc.<\/p>\n<p>Ch\u1ea5p nh\u1eadn OEM v\u00e0 ODM.<br \/>\nCh\u00fang t\u00f4i c\u00f3 th\u1ec3 t\u00f9y ch\u1ec9nh chai n\u01b0\u1edbc nh\u1ef1a theo y\u00eau c\u1ea7u c\u1ee7a b\u1ea1n.<br \/>\nCh\u00e0o m\u1eebng b\u1ea1n \u0111\u1ebfn mua s\u1ec9, h\u00e3y g\u1eedi y\u00eau c\u1ea7u ngay!<\/p>\n<p><iframe title=\"Chai n\u01b0\u1edbc b\u1eb1ng nh\u1ef1a Tritan ch\u1ed1ng r\u00f2 r\u1ec9 h\u00ecnh th\u1ecf d\u1ec5 th\u01b0\u01a1ng c\u00f3 logo t\u00f9y ch\u1ec9nh kh\u00f4ng ch\u1ee9a BPA cho tr\u1ebb em D2305\" width=\"800\" height=\"600\" src=\"https:\/\/www.youtube.com\/embed\/G6Pu9-jWlK4?feature=oembed\" frameborder=\"0\" allow=\"accelerometer; autoplay; clipboard-write; encrypted-media; gyroscope; picture-in-picture; web-share\" referrerpolicy=\"strict-origin-when-cross-origin\" allowfullscreen><\/iframe><\/p>","protected":false},"excerpt":{"rendered":"<p>B\u00ecnh n\u01b0\u1edbc tai th\u1ecf \u0111\u00e1ng y\u00eau d\u00e0nh cho tr\u1ebb em n\u00e0y \u0111\u01b0\u1ee3c l\u00e0m t\u1eeb v\u1eadt li\u1ec7u Tritan b\u1ec1n v\u00e0 an to\u00e0n th\u1ef1c ph\u1ea9m.<br \/>\nKh\u00f3a an to\u00e0n c\u1ee7a n\u1eafp c\u1ed1c gi\u00fap ng\u0103n ng\u1eeba vi\u1ec7c m\u1edf c\u1ed1c m\u1ed9t c\u00e1ch ng\u1eabu nhi\u00ean.<br \/>\nV\u00f2ng cao su silicon gio\u0103ng k\u00edn t\u00edch h\u1ee3p, kh\u00f3a ch\u1eb7t n\u01b0\u1edbc.<br \/>\nB\u00ecnh c\u00f3 d\u00e2y \u0111eo, thu\u1eadn ti\u1ec7n h\u01a1n khi mang theo.<br \/>\nCh\u1ea5p nh\u1eadn OEM v\u00e0 ODM.<br \/>\nCh\u00fang t\u00f4i c\u00f3 th\u1ec3 t\u00f9y ch\u1ec9nh b\u00ecnh \u0111\u1ef1ng n\u01b0\u1edbc th\u1ec3 thao b\u1eb1ng nh\u1ef1a theo y\u00eau c\u1ea7u c\u1ee7a b\u1ea1n.<br \/>\nCh\u00e0o m\u1eebng b\u1ea1n \u0111\u1ebfn mua s\u1ec9, h\u00e3y g\u1eedi y\u00eau c\u1ea7u ngay!<\/p>","protected":false},"featured_media":3472,"comment_status":"open","ping_status":"closed","template":"","meta":{"_acf_changed":false},"product_brand":[],"product_cat":[200,309],"product_tag":[96,32,36,33,234,31,39,38,233,232,29,37,34,35,221,28,204,216,30],"class_list":{"0":"post-3471","1":"product","2":"type-product","3":"status-publish","4":"has-post-thumbnail","6":"product_cat-kids-water-bottles","7":"product_cat-plastic-water-bottle","8":"product_tag-baby-water-bottle","9":"product_tag-best","10":"product_tag-bulk","11":"product_tag-buy","12":"product_tag-child-water-bottle","13":"product_tag-custom","14":"product_tag-for-sale","15":"product_tag-good-quality","16":"product_tag-kids-water-bottle-for-school","17":"product_tag-lovely-rabbit-ear-water-bottle-for-kid","18":"product_tag-manufacturers","19":"product_tag-manufacturing","20":"product_tag-price","21":"product_tag-small","22":"product_tag-stainless-steel-water-bottle-kids","23":"product_tag-suppliers","24":"product_tag-water-bottle-for-kids-cartoon","25":"product_tag-water-bottle-glass","26":"product_tag-wholesale","28":"first","29":"instock","30":"shipping-taxable","31":"product-type-simple"},"acf":[],"yoast_head":"<!-- This site is optimized with the Yoast SEO Premium plugin v27.5 (Yoast SEO v27.5) - https:\/\/yoast.com\/product\/yoast-seo-premium-wordpress\/ -->\n<title>Lovely Rabbit Ear Water Bottle For Kid - Diller Water Bottle Manufacturer<\/title>\n<meta name=\"description\" content=\"As one of the best lovely rabbit ear water bottle for kid manufacturers and suppliers, we are engaged in manufacturing good quality water bottles. We warmly welcome you to wholesale or buy custom made lovely rabbit ear water bottle for kid at competitive price from us. Also, small quantity orders are acceptable.\" \/>\n<meta name=\"robots\" content=\"index, follow, max-snippet:-1, max-image-preview:large, max-video-preview:-1\" \/>\n<link rel=\"canonical\" href=\"https:\/\/www.dillerbottle.com\/vn\/cac-san-pham\/binh-nuoc-tai-tho-dang-yeu-cho-be\" \/>\n<meta property=\"og:locale\" content=\"vi_VN\" \/>\n<meta property=\"og:type\" content=\"article\" \/>\n<meta property=\"og:title\" content=\"Lovely Rabbit Ear Water Bottle For Kid\" \/>\n<meta property=\"og:description\" content=\"As one of the best lovely rabbit ear water bottle for kid manufacturers and suppliers, we are engaged in manufacturing good quality water bottles. We warmly welcome you to wholesale or buy custom made lovely rabbit ear water bottle for kid at competitive price from us. Also, small quantity orders are acceptable.\" \/>\n<meta property=\"og:url\" content=\"https:\/\/www.dillerbottle.com\/vn\/cac-san-pham\/binh-nuoc-tai-tho-dang-yeu-cho-be\" \/>\n<meta property=\"og:site_name\" content=\"Diller Water Bottle Manufacturer\" \/>\n<meta property=\"article:modified_time\" content=\"2025-07-10T07:15:15+00:00\" \/>\n<meta property=\"og:image\" content=\"https:\/\/www.dillerbottle.com\/wp-content\/uploads\/2024\/09\/lovely-rabbit-ear-water-bottle-for-kid80b0e9f7-0d80-49ce-935f-4f0cfbf847a5.jpg\" \/>\n\t<meta property=\"og:image:width\" content=\"730\" \/>\n\t<meta property=\"og:image:height\" content=\"730\" \/>\n\t<meta property=\"og:image:type\" content=\"image\/jpeg\" \/>\n<meta name=\"twitter:card\" content=\"summary_large_image\" \/>\n<meta name=\"twitter:label1\" content=\"\u01af\u1edbc t\u00ednh th\u1eddi gian \u0111\u1ecdc\" \/>\n\t<meta name=\"twitter:data1\" content=\"6 ph\u00fat\" \/>\n<script type=\"application\/ld+json\" class=\"yoast-schema-graph\">{\"@context\":\"https:\\\/\\\/schema.org\",\"@graph\":[{\"@type\":\"WebPage\",\"@id\":\"https:\\\/\\\/www.dillerbottle.com\\\/ru\\\/%d0%bf%d1%80%d0%be%d0%b4%d1%83%d0%ba%d1%82%d1%8b\\\/%d0%bc%d0%b8%d0%bb%d0%b0%d1%8f-%d0%b1%d1%83%d1%82%d1%8b%d0%bb%d0%ba%d0%b0-%d0%b4%d0%bb%d1%8f-%d0%b2%d0%be%d0%b4%d1%8b-%d0%b2-%d1%84%d0%be%d1%80%d0%bc%d0%b5-%d0%ba%d1%80%d0%be%d0%bb%d0%b8%d1%87%d1%8c\",\"url\":\"https:\\\/\\\/www.dillerbottle.com\\\/ru\\\/%d0%bf%d1%80%d0%be%d0%b4%d1%83%d0%ba%d1%82%d1%8b\\\/%d0%bc%d0%b8%d0%bb%d0%b0%d1%8f-%d0%b1%d1%83%d1%82%d1%8b%d0%bb%d0%ba%d0%b0-%d0%b4%d0%bb%d1%8f-%d0%b2%d0%be%d0%b4%d1%8b-%d0%b2-%d1%84%d0%be%d1%80%d0%bc%d0%b5-%d0%ba%d1%80%d0%be%d0%bb%d0%b8%d1%87%d1%8c\",\"name\":\"Lovely Rabbit Ear Water Bottle For Kid - Diller Water Bottle Manufacturer\",\"isPartOf\":{\"@id\":\"https:\\\/\\\/www.dillerbottle.com\\\/#website\"},\"primaryImageOfPage\":{\"@id\":\"https:\\\/\\\/www.dillerbottle.com\\\/ru\\\/%d0%bf%d1%80%d0%be%d0%b4%d1%83%d0%ba%d1%82%d1%8b\\\/%d0%bc%d0%b8%d0%bb%d0%b0%d1%8f-%d0%b1%d1%83%d1%82%d1%8b%d0%bb%d0%ba%d0%b0-%d0%b4%d0%bb%d1%8f-%d0%b2%d0%be%d0%b4%d1%8b-%d0%b2-%d1%84%d0%be%d1%80%d0%bc%d0%b5-%d0%ba%d1%80%d0%be%d0%bb%d0%b8%d1%87%d1%8c#primaryimage\"},\"image\":{\"@id\":\"https:\\\/\\\/www.dillerbottle.com\\\/ru\\\/%d0%bf%d1%80%d0%be%d0%b4%d1%83%d0%ba%d1%82%d1%8b\\\/%d0%bc%d0%b8%d0%bb%d0%b0%d1%8f-%d0%b1%d1%83%d1%82%d1%8b%d0%bb%d0%ba%d0%b0-%d0%b4%d0%bb%d1%8f-%d0%b2%d0%be%d0%b4%d1%8b-%d0%b2-%d1%84%d0%be%d1%80%d0%bc%d0%b5-%d0%ba%d1%80%d0%be%d0%bb%d0%b8%d1%87%d1%8c#primaryimage\"},\"thumbnailUrl\":\"https:\\\/\\\/www.dillerbottle.com\\\/wp-content\\\/uploads\\\/2024\\\/09\\\/lovely-rabbit-ear-water-bottle-for-kid80b0e9f7-0d80-49ce-935f-4f0cfbf847a5.jpg\",\"datePublished\":\"2024-09-26T08:27:18+00:00\",\"dateModified\":\"2025-07-10T07:15:15+00:00\",\"description\":\"As one of the best lovely rabbit ear water bottle for kid manufacturers and suppliers, we are engaged in manufacturing good quality water bottles. We warmly welcome you to wholesale or buy custom made lovely rabbit ear water bottle for kid at competitive price from us. Also, small quantity orders are acceptable.\",\"breadcrumb\":{\"@id\":\"https:\\\/\\\/www.dillerbottle.com\\\/ru\\\/%d0%bf%d1%80%d0%be%d0%b4%d1%83%d0%ba%d1%82%d1%8b\\\/%d0%bc%d0%b8%d0%bb%d0%b0%d1%8f-%d0%b1%d1%83%d1%82%d1%8b%d0%bb%d0%ba%d0%b0-%d0%b4%d0%bb%d1%8f-%d0%b2%d0%be%d0%b4%d1%8b-%d0%b2-%d1%84%d0%be%d1%80%d0%bc%d0%b5-%d0%ba%d1%80%d0%be%d0%bb%d0%b8%d1%87%d1%8c#breadcrumb\"},\"inLanguage\":\"vi\",\"potentialAction\":[{\"@type\":\"ReadAction\",\"target\":[\"https:\\\/\\\/www.dillerbottle.com\\\/ru\\\/%d0%bf%d1%80%d0%be%d0%b4%d1%83%d0%ba%d1%82%d1%8b\\\/%d0%bc%d0%b8%d0%bb%d0%b0%d1%8f-%d0%b1%d1%83%d1%82%d1%8b%d0%bb%d0%ba%d0%b0-%d0%b4%d0%bb%d1%8f-%d0%b2%d0%be%d0%b4%d1%8b-%d0%b2-%d1%84%d0%be%d1%80%d0%bc%d0%b5-%d0%ba%d1%80%d0%be%d0%bb%d0%b8%d1%87%d1%8c\"]}]},{\"@type\":\"ImageObject\",\"inLanguage\":\"vi\",\"@id\":\"https:\\\/\\\/www.dillerbottle.com\\\/ru\\\/%d0%bf%d1%80%d0%be%d0%b4%d1%83%d0%ba%d1%82%d1%8b\\\/%d0%bc%d0%b8%d0%bb%d0%b0%d1%8f-%d0%b1%d1%83%d1%82%d1%8b%d0%bb%d0%ba%d0%b0-%d0%b4%d0%bb%d1%8f-%d0%b2%d0%be%d0%b4%d1%8b-%d0%b2-%d1%84%d0%be%d1%80%d0%bc%d0%b5-%d0%ba%d1%80%d0%be%d0%bb%d0%b8%d1%87%d1%8c#primaryimage\",\"url\":\"https:\\\/\\\/www.dillerbottle.com\\\/wp-content\\\/uploads\\\/2024\\\/09\\\/lovely-rabbit-ear-water-bottle-for-kid80b0e9f7-0d80-49ce-935f-4f0cfbf847a5.jpg\",\"contentUrl\":\"https:\\\/\\\/www.dillerbottle.com\\\/wp-content\\\/uploads\\\/2024\\\/09\\\/lovely-rabbit-ear-water-bottle-for-kid80b0e9f7-0d80-49ce-935f-4f0cfbf847a5.jpg\",\"width\":730,\"height\":730},{\"@type\":\"BreadcrumbList\",\"@id\":\"https:\\\/\\\/www.dillerbottle.com\\\/ru\\\/%d0%bf%d1%80%d0%be%d0%b4%d1%83%d0%ba%d1%82%d1%8b\\\/%d0%bc%d0%b8%d0%bb%d0%b0%d1%8f-%d0%b1%d1%83%d1%82%d1%8b%d0%bb%d0%ba%d0%b0-%d0%b4%d0%bb%d1%8f-%d0%b2%d0%be%d0%b4%d1%8b-%d0%b2-%d1%84%d0%be%d1%80%d0%bc%d0%b5-%d0%ba%d1%80%d0%be%d0%bb%d0%b8%d1%87%d1%8c#breadcrumb\",\"itemListElement\":[{\"@type\":\"ListItem\",\"position\":1,\"name\":\"Home\",\"item\":\"https:\\\/\\\/www.dillerbottle.com\\\/\"},{\"@type\":\"ListItem\",\"position\":2,\"name\":\"Products\",\"item\":\"https:\\\/\\\/www.dillerbottle.com\\\/shop\"},{\"@type\":\"ListItem\",\"position\":3,\"name\":\"Lovely Rabbit Ear Water Bottle For Kid\"}]},{\"@type\":\"WebSite\",\"@id\":\"https:\\\/\\\/www.dillerbottle.com\\\/#website\",\"url\":\"https:\\\/\\\/www.dillerbottle.com\\\/\",\"name\":\"Diller Water Bottle Manufacturer\",\"description\":\"Water Bottle Manufacturer\",\"publisher\":{\"@id\":\"https:\\\/\\\/www.dillerbottle.com\\\/#organization\"},\"potentialAction\":[{\"@type\":\"SearchAction\",\"target\":{\"@type\":\"EntryPoint\",\"urlTemplate\":\"https:\\\/\\\/www.dillerbottle.com\\\/?s={search_term_string}\"},\"query-input\":{\"@type\":\"PropertyValueSpecification\",\"valueRequired\":true,\"valueName\":\"search_term_string\"}}],\"inLanguage\":\"vi\"},{\"@type\":\"Organization\",\"@id\":\"https:\\\/\\\/www.dillerbottle.com\\\/#organization\",\"name\":\"Diller Water Bottle Manufacturer\",\"url\":\"https:\\\/\\\/www.dillerbottle.com\\\/\",\"logo\":{\"@type\":\"ImageObject\",\"inLanguage\":\"vi\",\"@id\":\"https:\\\/\\\/www.dillerbottle.com\\\/#\\\/schema\\\/logo\\\/image\\\/\",\"url\":\"https:\\\/\\\/www.dillerbottle.com\\\/wp-content\\\/uploads\\\/2024\\\/09\\\/49918bfa848dcc1e9f8b509933603ac.png\",\"contentUrl\":\"https:\\\/\\\/www.dillerbottle.com\\\/wp-content\\\/uploads\\\/2024\\\/09\\\/49918bfa848dcc1e9f8b509933603ac.png\",\"width\":988,\"height\":198,\"caption\":\"Diller Water Bottle Manufacturer\"},\"image\":{\"@id\":\"https:\\\/\\\/www.dillerbottle.com\\\/#\\\/schema\\\/logo\\\/image\\\/\"}}]}<\/script>\n<!-- \/ Yoast SEO Premium plugin. -->","yoast_head_json":{"title":"B\u00ecnh n\u01b0\u1edbc tai th\u1ecf \u0111\u00e1ng y\u00eau cho tr\u1ebb em - Nh\u00e0 s\u1ea3n xu\u1ea5t b\u00ecnh n\u01b0\u1edbc Diller","description":"L\u00e0 m\u1ed9t trong nh\u1eefng nh\u00e0 s\u1ea3n xu\u1ea5t v\u00e0 cung c\u1ea5p b\u00ecnh n\u01b0\u1edbc tai th\u1ecf \u0111\u00e1ng y\u00eau t\u1ed1t nh\u1ea5t cho tr\u1ebb em, ch\u00fang t\u00f4i tham gia s\u1ea3n xu\u1ea5t b\u00ecnh n\u01b0\u1edbc ch\u1ea5t l\u01b0\u1ee3ng t\u1ed1t. Ch\u00fang t\u00f4i n\u1ed3ng nhi\u1ec7t ch\u00e0o \u0111\u00f3n b\u1ea1n \u0111\u1ebfn b\u00e1n bu\u00f4n ho\u1eb7c mua b\u00ecnh n\u01b0\u1edbc tai th\u1ecf \u0111\u00e1ng y\u00eau t\u00f9y ch\u1ec9nh cho tr\u1ebb em v\u1edbi gi\u00e1 c\u1ea3 c\u1ea1nh tranh t\u1eeb ch\u00fang t\u00f4i. Ngo\u00e0i ra, \u0111\u01a1n \u0111\u1eb7t h\u00e0ng s\u1ed1 l\u01b0\u1ee3ng nh\u1ecf c\u0169ng \u0111\u01b0\u1ee3c ch\u1ea5p nh\u1eadn.","robots":{"index":"index","follow":"follow","max-snippet":"max-snippet:-1","max-image-preview":"max-image-preview:large","max-video-preview":"max-video-preview:-1"},"canonical":"https:\/\/www.dillerbottle.com\/vn\/cac-san-pham\/binh-nuoc-tai-tho-dang-yeu-cho-be","og_locale":"vi_VN","og_type":"article","og_title":"Lovely Rabbit Ear Water Bottle For Kid","og_description":"As one of the best lovely rabbit ear water bottle for kid manufacturers and suppliers, we are engaged in manufacturing good quality water bottles. We warmly welcome you to wholesale or buy custom made lovely rabbit ear water bottle for kid at competitive price from us. Also, small quantity orders are acceptable.","og_url":"https:\/\/www.dillerbottle.com\/vn\/cac-san-pham\/binh-nuoc-tai-tho-dang-yeu-cho-be","og_site_name":"Diller Water Bottle Manufacturer","article_modified_time":"2025-07-10T07:15:15+00:00","og_image":[{"width":730,"height":730,"url":"https:\/\/www.dillerbottle.com\/wp-content\/uploads\/2024\/09\/lovely-rabbit-ear-water-bottle-for-kid80b0e9f7-0d80-49ce-935f-4f0cfbf847a5.jpg","type":"image\/jpeg"}],"twitter_card":"summary_large_image","twitter_misc":{"\u01af\u1edbc t\u00ednh th\u1eddi gian \u0111\u1ecdc":"6 ph\u00fat"},"schema":{"@context":"https:\/\/schema.org","@graph":[{"@type":"WebPage","@id":"https:\/\/www.dillerbottle.com\/ru\/%d0%bf%d1%80%d0%be%d0%b4%d1%83%d0%ba%d1%82%d1%8b\/%d0%bc%d0%b8%d0%bb%d0%b0%d1%8f-%d0%b1%d1%83%d1%82%d1%8b%d0%bb%d0%ba%d0%b0-%d0%b4%d0%bb%d1%8f-%d0%b2%d0%be%d0%b4%d1%8b-%d0%b2-%d1%84%d0%be%d1%80%d0%bc%d0%b5-%d0%ba%d1%80%d0%be%d0%bb%d0%b8%d1%87%d1%8c","url":"https:\/\/www.dillerbottle.com\/ru\/%d0%bf%d1%80%d0%be%d0%b4%d1%83%d0%ba%d1%82%d1%8b\/%d0%bc%d0%b8%d0%bb%d0%b0%d1%8f-%d0%b1%d1%83%d1%82%d1%8b%d0%bb%d0%ba%d0%b0-%d0%b4%d0%bb%d1%8f-%d0%b2%d0%be%d0%b4%d1%8b-%d0%b2-%d1%84%d0%be%d1%80%d0%bc%d0%b5-%d0%ba%d1%80%d0%be%d0%bb%d0%b8%d1%87%d1%8c","name":"B\u00ecnh n\u01b0\u1edbc tai th\u1ecf \u0111\u00e1ng y\u00eau cho tr\u1ebb em - Nh\u00e0 s\u1ea3n xu\u1ea5t b\u00ecnh n\u01b0\u1edbc Diller","isPartOf":{"@id":"https:\/\/www.dillerbottle.com\/#website"},"primaryImageOfPage":{"@id":"https:\/\/www.dillerbottle.com\/ru\/%d0%bf%d1%80%d0%be%d0%b4%d1%83%d0%ba%d1%82%d1%8b\/%d0%bc%d0%b8%d0%bb%d0%b0%d1%8f-%d0%b1%d1%83%d1%82%d1%8b%d0%bb%d0%ba%d0%b0-%d0%b4%d0%bb%d1%8f-%d0%b2%d0%be%d0%b4%d1%8b-%d0%b2-%d1%84%d0%be%d1%80%d0%bc%d0%b5-%d0%ba%d1%80%d0%be%d0%bb%d0%b8%d1%87%d1%8c#primaryimage"},"image":{"@id":"https:\/\/www.dillerbottle.com\/ru\/%d0%bf%d1%80%d0%be%d0%b4%d1%83%d0%ba%d1%82%d1%8b\/%d0%bc%d0%b8%d0%bb%d0%b0%d1%8f-%d0%b1%d1%83%d1%82%d1%8b%d0%bb%d0%ba%d0%b0-%d0%b4%d0%bb%d1%8f-%d0%b2%d0%be%d0%b4%d1%8b-%d0%b2-%d1%84%d0%be%d1%80%d0%bc%d0%b5-%d0%ba%d1%80%d0%be%d0%bb%d0%b8%d1%87%d1%8c#primaryimage"},"thumbnailUrl":"https:\/\/www.dillerbottle.com\/wp-content\/uploads\/2024\/09\/lovely-rabbit-ear-water-bottle-for-kid80b0e9f7-0d80-49ce-935f-4f0cfbf847a5.jpg","datePublished":"2024-09-26T08:27:18+00:00","dateModified":"2025-07-10T07:15:15+00:00","description":"L\u00e0 m\u1ed9t trong nh\u1eefng nh\u00e0 s\u1ea3n xu\u1ea5t v\u00e0 cung c\u1ea5p b\u00ecnh n\u01b0\u1edbc tai th\u1ecf \u0111\u00e1ng y\u00eau t\u1ed1t nh\u1ea5t cho tr\u1ebb em, ch\u00fang t\u00f4i tham gia s\u1ea3n xu\u1ea5t b\u00ecnh n\u01b0\u1edbc ch\u1ea5t l\u01b0\u1ee3ng t\u1ed1t. Ch\u00fang t\u00f4i n\u1ed3ng nhi\u1ec7t ch\u00e0o \u0111\u00f3n b\u1ea1n \u0111\u1ebfn b\u00e1n bu\u00f4n ho\u1eb7c mua b\u00ecnh n\u01b0\u1edbc tai th\u1ecf \u0111\u00e1ng y\u00eau t\u00f9y ch\u1ec9nh cho tr\u1ebb em v\u1edbi gi\u00e1 c\u1ea3 c\u1ea1nh tranh t\u1eeb ch\u00fang t\u00f4i. Ngo\u00e0i ra, \u0111\u01a1n \u0111\u1eb7t h\u00e0ng s\u1ed1 l\u01b0\u1ee3ng nh\u1ecf c\u0169ng \u0111\u01b0\u1ee3c ch\u1ea5p nh\u1eadn.","breadcrumb":{"@id":"https:\/\/www.dillerbottle.com\/ru\/%d0%bf%d1%80%d0%be%d0%b4%d1%83%d0%ba%d1%82%d1%8b\/%d0%bc%d0%b8%d0%bb%d0%b0%d1%8f-%d0%b1%d1%83%d1%82%d1%8b%d0%bb%d0%ba%d0%b0-%d0%b4%d0%bb%d1%8f-%d0%b2%d0%be%d0%b4%d1%8b-%d0%b2-%d1%84%d0%be%d1%80%d0%bc%d0%b5-%d0%ba%d1%80%d0%be%d0%bb%d0%b8%d1%87%d1%8c#breadcrumb"},"inLanguage":"vi","potentialAction":[{"@type":"ReadAction","target":["https:\/\/www.dillerbottle.com\/ru\/%d0%bf%d1%80%d0%be%d0%b4%d1%83%d0%ba%d1%82%d1%8b\/%d0%bc%d0%b8%d0%bb%d0%b0%d1%8f-%d0%b1%d1%83%d1%82%d1%8b%d0%bb%d0%ba%d0%b0-%d0%b4%d0%bb%d1%8f-%d0%b2%d0%be%d0%b4%d1%8b-%d0%b2-%d1%84%d0%be%d1%80%d0%bc%d0%b5-%d0%ba%d1%80%d0%be%d0%bb%d0%b8%d1%87%d1%8c"]}]},{"@type":"ImageObject","inLanguage":"vi","@id":"https:\/\/www.dillerbottle.com\/ru\/%d0%bf%d1%80%d0%be%d0%b4%d1%83%d0%ba%d1%82%d1%8b\/%d0%bc%d0%b8%d0%bb%d0%b0%d1%8f-%d0%b1%d1%83%d1%82%d1%8b%d0%bb%d0%ba%d0%b0-%d0%b4%d0%bb%d1%8f-%d0%b2%d0%be%d0%b4%d1%8b-%d0%b2-%d1%84%d0%be%d1%80%d0%bc%d0%b5-%d0%ba%d1%80%d0%be%d0%bb%d0%b8%d1%87%d1%8c#primaryimage","url":"https:\/\/www.dillerbottle.com\/wp-content\/uploads\/2024\/09\/lovely-rabbit-ear-water-bottle-for-kid80b0e9f7-0d80-49ce-935f-4f0cfbf847a5.jpg","contentUrl":"https:\/\/www.dillerbottle.com\/wp-content\/uploads\/2024\/09\/lovely-rabbit-ear-water-bottle-for-kid80b0e9f7-0d80-49ce-935f-4f0cfbf847a5.jpg","width":730,"height":730},{"@type":"BreadcrumbList","@id":"https:\/\/www.dillerbottle.com\/ru\/%d0%bf%d1%80%d0%be%d0%b4%d1%83%d0%ba%d1%82%d1%8b\/%d0%bc%d0%b8%d0%bb%d0%b0%d1%8f-%d0%b1%d1%83%d1%82%d1%8b%d0%bb%d0%ba%d0%b0-%d0%b4%d0%bb%d1%8f-%d0%b2%d0%be%d0%b4%d1%8b-%d0%b2-%d1%84%d0%be%d1%80%d0%bc%d0%b5-%d0%ba%d1%80%d0%be%d0%bb%d0%b8%d1%87%d1%8c#breadcrumb","itemListElement":[{"@type":"ListItem","position":1,"name":"Home","item":"https:\/\/www.dillerbottle.com\/"},{"@type":"ListItem","position":2,"name":"Products","item":"https:\/\/www.dillerbottle.com\/shop"},{"@type":"ListItem","position":3,"name":"Lovely Rabbit Ear Water Bottle For Kid"}]},{"@type":"WebSite","@id":"https:\/\/www.dillerbottle.com\/#website","url":"https:\/\/www.dillerbottle.com\/","name":"Nh\u00e0 s\u1ea3n xu\u1ea5t b\u00ecnh n\u01b0\u1edbc Diller","description":"Nh\u00e0 s\u1ea3n xu\u1ea5t b\u00ecnh n\u01b0\u1edbc","publisher":{"@id":"https:\/\/www.dillerbottle.com\/#organization"},"potentialAction":[{"@type":"SearchAction","target":{"@type":"EntryPoint","urlTemplate":"https:\/\/www.dillerbottle.com\/?s={search_term_string}"},"query-input":{"@type":"PropertyValueSpecification","valueRequired":true,"valueName":"search_term_string"}}],"inLanguage":"vi"},{"@type":"Organization","@id":"https:\/\/www.dillerbottle.com\/#organization","name":"Nh\u00e0 s\u1ea3n xu\u1ea5t b\u00ecnh n\u01b0\u1edbc Diller","url":"https:\/\/www.dillerbottle.com\/","logo":{"@type":"ImageObject","inLanguage":"vi","@id":"https:\/\/www.dillerbottle.com\/#\/schema\/logo\/image\/","url":"https:\/\/www.dillerbottle.com\/wp-content\/uploads\/2024\/09\/49918bfa848dcc1e9f8b509933603ac.png","contentUrl":"https:\/\/www.dillerbottle.com\/wp-content\/uploads\/2024\/09\/49918bfa848dcc1e9f8b509933603ac.png","width":988,"height":198,"caption":"Diller Water Bottle Manufacturer"},"image":{"@id":"https:\/\/www.dillerbottle.com\/#\/schema\/logo\/image\/"}}]}},"_links":{"self":[{"href":"https:\/\/www.dillerbottle.com\/vn\/wp-json\/wp\/v2\/product\/3471","targetHints":{"allow":["GET"]}}],"collection":[{"href":"https:\/\/www.dillerbottle.com\/vn\/wp-json\/wp\/v2\/product"}],"about":[{"href":"https:\/\/www.dillerbottle.com\/vn\/wp-json\/wp\/v2\/types\/product"}],"replies":[{"embeddable":true,"href":"https:\/\/www.dillerbottle.com\/vn\/wp-json\/wp\/v2\/comments?post=3471"}],"wp:featuredmedia":[{"embeddable":true,"href":"https:\/\/www.dillerbottle.com\/vn\/wp-json\/wp\/v2\/media\/3472"}],"wp:attachment":[{"href":"https:\/\/www.dillerbottle.com\/vn\/wp-json\/wp\/v2\/media?parent=3471"}],"wp:term":[{"taxonomy":"product_brand","embeddable":true,"href":"https:\/\/www.dillerbottle.com\/vn\/wp-json\/wp\/v2\/product_brand?post=3471"},{"taxonomy":"product_cat","embeddable":true,"href":"https:\/\/www.dillerbottle.com\/vn\/wp-json\/wp\/v2\/product_cat?post=3471"},{"taxonomy":"product_tag","embeddable":true,"href":"https:\/\/www.dillerbottle.com\/vn\/wp-json\/wp\/v2\/product_tag?post=3471"}],"curies":[{"name":"wp","href":"https:\/\/api.w.org\/{rel}","templated":true}]}}