{"id":3614,"date":"2024-09-26T16:29:32","date_gmt":"2024-09-26T08:29:32","guid":{"rendered":"https:\/\/demo.dillerbottle.com\/uncategorized\/cartoon-bpa-free-plastic-water-bottle"},"modified":"2025-07-10T15:18:54","modified_gmt":"2025-07-10T07:18:54","slug":"chai-nuoc-nhua-khong-chua-bpa-hoat-hinh","status":"publish","type":"product","link":"https:\/\/www.dillerbottle.com\/vn\/products\/cartoon-bpa-free-plastic-water-bottle","title":{"rendered":"B\u00ecnh n\u01b0\u1edbc nh\u1ef1a BPA Free ho\u1ea1t h\u00ecnh"},"content":{"rendered":"<p>\u0110\u1eb7c tr\u01b0ng:<br \/>\n1. \u1ed0ng h\u00fat b\u1eb1ng silicon c\u1ea5p th\u1ef1c ph\u1ea9m. B\u00ecnh n\u01b0\u1edbc c\u00f3 \u1ed1ng h\u00fat cho tr\u1ebb em \u0111\u01b0\u1ee3c l\u00e0m t\u1eeb ch\u1ea5t li\u1ec7u Tritan c\u1ea5p \u0111\u1ed9 m\u1eb9 v\u00e0 b\u00e9 v\u00e0 \u1ed1ng h\u00fat b\u1eb1ng silicon c\u1ea5p th\u1ef1c ph\u1ea9m.<\/p>\n<p>2. Nh\u1ea5n \u0111\u1ec3 m\u1edf v\u1edbi kh\u00f3a an to\u00e0n ch\u1ed1ng r\u00f2 r\u1ec9. Thi\u1ebft k\u1ebf nh\u1ea5n \u0111\u1ec3 m\u1edf chai gi\u00fap ti\u1ebft ki\u1ec7m c\u00f4ng s\u1ee9c m\u1edf n\u1eafp, d\u1ec5 mang theo cho tr\u1ebb em, n\u00fat nh\u1ea5n m\u1edf c\u00f3 th\u1ec3 \u0111\u1ea9y l\u00ean \u0111\u1ec3 kh\u00f3a, ng\u0103n n\u01b0\u1edbc r\u00f2 r\u1ec9.<\/p>\n<p>3. Dung t\u00edch 500ml \u0111\u1ee7 \u0111\u00e1p \u1ee9ng nhu c\u1ea7u s\u1eed d\u1ee5ng ngo\u00e0i tr\u1eddi, tr\u01b0\u1eddng h\u1ecdc ho\u1eb7c gia \u0111\u00ecnh, k\u00edch th\u01b0\u1edbc tuy\u1ec7t v\u1eddi cho tr\u1ebb nh\u1ecf. Nh\u1eb9 v\u00e0 d\u1ec5 mang theo \u0111\u1ec3 tr\u1ebb em mang \u0111i kh\u1eafp m\u1ecdi n\u01a1i.<\/p>\n<p>4. N\u1eafp b\u1ea3o v\u1ec7 v\u00f2i gi\u00fap ng\u0103n ch\u1eb7n b\u1ee5i b\u1ea9n v\u00e0 vi khu\u1ea9n x\u00e2m nh\u1eadp.<\/p>","protected":false},"excerpt":{"rendered":"<p>B\u00ecnh n\u01b0\u1edbc nh\u1ef1a kh\u00f4ng ch\u1ee9a BPA ho\u1ea1t h\u00ecnh n\u00e0y \u0111\u01b0\u1ee3c l\u00e0m t\u1eeb Tritan v\u00e0 v\u1eadt li\u1ec7u an to\u00e0n th\u1ef1c ph\u1ea9m.<br \/>\nC\u00e1c v\u1eadt li\u1ec7u d\u00e0nh cho m\u1eb9 v\u00e0 b\u00e9 \u0111\u01b0\u1ee3c l\u1ef1a ch\u1ecdn an to\u00e0n h\u01a1n, l\u00e0nh m\u1ea1nh h\u01a1n v\u00e0 an t\u00e2m h\u01a1n cho tr\u1ebb em.<br \/>\nV\u00f2ng \u0111\u1ec7m c\u1ee7a n\u1eafp c\u1ed1c s\u1ebd kh\u00f4ng b\u1ecb r\u00f2 r\u1ec9 \u1edf nhi\u1ec7t \u0111\u1ed9 360\u2103.<br \/>\nCh\u1ea5p nh\u1eadn OEM v\u00e0 ODM.<br \/>\nCh\u00fang t\u00f4i c\u00f3 th\u1ec3 t\u00f9y ch\u1ec9nh b\u00ecnh \u0111\u1ef1ng n\u01b0\u1edbc th\u1ec3 thao b\u1eb1ng nh\u1ef1a theo y\u00eau c\u1ea7u c\u1ee7a b\u1ea1n.<br \/>\nCh\u00e0o m\u1eebng b\u1ea1n \u0111\u1ebfn mua s\u1ec9, h\u00e3y g\u1eedi y\u00eau c\u1ea7u ngay!<\/p>","protected":false},"featured_media":3615,"comment_status":"open","ping_status":"closed","template":"","meta":{"_acf_changed":false},"product_brand":[],"product_cat":[200],"product_tag":[32,36,33,249,234,31,39,38,240,248,237,231,29,37,34,35,28,225,30],"class_list":{"0":"post-3614","1":"product","2":"type-product","3":"status-publish","4":"has-post-thumbnail","6":"product_cat-kids-water-bottles","7":"product_tag-best","8":"product_tag-bulk","9":"product_tag-buy","10":"product_tag-cartoon-bpa-free-plastic-water-bottle","11":"product_tag-child-water-bottle","12":"product_tag-custom","13":"product_tag-for-sale","14":"product_tag-good-quality","15":"product_tag-insulated-water-bottles-for-kids","16":"product_tag-kids-insulated-water-bottle","17":"product_tag-kids-stainless-steel-water-bottle","18":"product_tag-kids-water-bottle-bpa-free","19":"product_tag-manufacturers","20":"product_tag-manufacturing","21":"product_tag-price","22":"product_tag-small","23":"product_tag-suppliers","24":"product_tag-water-bottle-stainless-steel-custom-logo","25":"product_tag-wholesale","27":"first","28":"instock","29":"shipping-taxable","30":"product-type-simple"},"acf":[],"yoast_head":"<!-- This site is optimized with the Yoast SEO Premium plugin v27.5 (Yoast SEO v27.5) - https:\/\/yoast.com\/product\/yoast-seo-premium-wordpress\/ -->\n<title>Cartoon BPA Free Plastic Water Bottle - Diller Water Bottle Manufacturer<\/title>\n<meta name=\"description\" content=\"As one of the best cartoon bpa free plastic water bottle manufacturers and suppliers, we are engaged in manufacturing good quality water bottles. We warmly welcome you to wholesale or buy custom made cartoon bpa free plastic water bottle at competitive price from us. Also, small quantity orders are acceptable.\" \/>\n<meta name=\"robots\" content=\"index, follow, max-snippet:-1, max-image-preview:large, max-video-preview:-1\" \/>\n<link rel=\"canonical\" href=\"https:\/\/www.dillerbottle.com\/vn\/cac-san-pham\/chai-nuoc-nhua-khong-chua-bpa-hoat-hinh\" \/>\n<meta property=\"og:locale\" content=\"vi_VN\" \/>\n<meta property=\"og:type\" content=\"article\" \/>\n<meta property=\"og:title\" content=\"Cartoon BPA Free Plastic Water Bottle\" \/>\n<meta property=\"og:description\" content=\"As one of the best cartoon bpa free plastic water bottle manufacturers and suppliers, we are engaged in manufacturing good quality water bottles. We warmly welcome you to wholesale or buy custom made cartoon bpa free plastic water bottle at competitive price from us. Also, small quantity orders are acceptable.\" \/>\n<meta property=\"og:url\" content=\"https:\/\/www.dillerbottle.com\/vn\/cac-san-pham\/chai-nuoc-nhua-khong-chua-bpa-hoat-hinh\" \/>\n<meta property=\"og:site_name\" content=\"Diller Water Bottle Manufacturer\" \/>\n<meta property=\"article:modified_time\" content=\"2025-07-10T07:18:54+00:00\" \/>\n<meta property=\"og:image\" content=\"https:\/\/www.dillerbottle.com\/wp-content\/uploads\/2024\/09\/cartoon-bpa-free-plastic-water-bottle9a351fba-aafa-463c-adec-de3dcf03813d.jpg\" \/>\n\t<meta property=\"og:image:width\" content=\"730\" \/>\n\t<meta property=\"og:image:height\" content=\"730\" \/>\n\t<meta property=\"og:image:type\" content=\"image\/jpeg\" \/>\n<meta name=\"twitter:card\" content=\"summary_large_image\" \/>\n<meta name=\"twitter:label1\" content=\"\u01af\u1edbc t\u00ednh th\u1eddi gian \u0111\u1ecdc\" \/>\n\t<meta name=\"twitter:data1\" content=\"5 ph\u00fat\" \/>\n<script type=\"application\/ld+json\" class=\"yoast-schema-graph\">{\"@context\":\"https:\\\/\\\/schema.org\",\"@graph\":[{\"@type\":\"WebPage\",\"@id\":\"https:\\\/\\\/www.dillerbottle.com\\\/ar\\\/%d9%85%d9%86%d8%aa%d8%ac%d8%a7%d8%aa\\\/%d8%b2%d8%ac%d8%a7%d8%ac%d8%a9-%d9%85%d9%8a%d8%a7%d9%87-%d8%a8%d9%84%d8%a7%d8%b3%d8%aa%d9%8a%d9%83%d9%8a%d8%a9-%d8%ae%d8%a7%d9%84%d9%8a%d8%a9-%d9%85%d9%86-%d9%85%d8%a7%d8%af%d8%a9-bpa-%d8%b9%d9%84\",\"url\":\"https:\\\/\\\/www.dillerbottle.com\\\/ar\\\/%d9%85%d9%86%d8%aa%d8%ac%d8%a7%d8%aa\\\/%d8%b2%d8%ac%d8%a7%d8%ac%d8%a9-%d9%85%d9%8a%d8%a7%d9%87-%d8%a8%d9%84%d8%a7%d8%b3%d8%aa%d9%8a%d9%83%d9%8a%d8%a9-%d8%ae%d8%a7%d9%84%d9%8a%d8%a9-%d9%85%d9%86-%d9%85%d8%a7%d8%af%d8%a9-bpa-%d8%b9%d9%84\",\"name\":\"Cartoon BPA Free Plastic Water Bottle - Diller Water Bottle Manufacturer\",\"isPartOf\":{\"@id\":\"https:\\\/\\\/www.dillerbottle.com\\\/#website\"},\"primaryImageOfPage\":{\"@id\":\"https:\\\/\\\/www.dillerbottle.com\\\/ar\\\/%d9%85%d9%86%d8%aa%d8%ac%d8%a7%d8%aa\\\/%d8%b2%d8%ac%d8%a7%d8%ac%d8%a9-%d9%85%d9%8a%d8%a7%d9%87-%d8%a8%d9%84%d8%a7%d8%b3%d8%aa%d9%8a%d9%83%d9%8a%d8%a9-%d8%ae%d8%a7%d9%84%d9%8a%d8%a9-%d9%85%d9%86-%d9%85%d8%a7%d8%af%d8%a9-bpa-%d8%b9%d9%84#primaryimage\"},\"image\":{\"@id\":\"https:\\\/\\\/www.dillerbottle.com\\\/ar\\\/%d9%85%d9%86%d8%aa%d8%ac%d8%a7%d8%aa\\\/%d8%b2%d8%ac%d8%a7%d8%ac%d8%a9-%d9%85%d9%8a%d8%a7%d9%87-%d8%a8%d9%84%d8%a7%d8%b3%d8%aa%d9%8a%d9%83%d9%8a%d8%a9-%d8%ae%d8%a7%d9%84%d9%8a%d8%a9-%d9%85%d9%86-%d9%85%d8%a7%d8%af%d8%a9-bpa-%d8%b9%d9%84#primaryimage\"},\"thumbnailUrl\":\"https:\\\/\\\/www.dillerbottle.com\\\/wp-content\\\/uploads\\\/2024\\\/09\\\/cartoon-bpa-free-plastic-water-bottle9a351fba-aafa-463c-adec-de3dcf03813d.jpg\",\"datePublished\":\"2024-09-26T08:29:32+00:00\",\"dateModified\":\"2025-07-10T07:18:54+00:00\",\"description\":\"As one of the best cartoon bpa free plastic water bottle manufacturers and suppliers, we are engaged in manufacturing good quality water bottles. We warmly welcome you to wholesale or buy custom made cartoon bpa free plastic water bottle at competitive price from us. Also, small quantity orders are acceptable.\",\"breadcrumb\":{\"@id\":\"https:\\\/\\\/www.dillerbottle.com\\\/ar\\\/%d9%85%d9%86%d8%aa%d8%ac%d8%a7%d8%aa\\\/%d8%b2%d8%ac%d8%a7%d8%ac%d8%a9-%d9%85%d9%8a%d8%a7%d9%87-%d8%a8%d9%84%d8%a7%d8%b3%d8%aa%d9%8a%d9%83%d9%8a%d8%a9-%d8%ae%d8%a7%d9%84%d9%8a%d8%a9-%d9%85%d9%86-%d9%85%d8%a7%d8%af%d8%a9-bpa-%d8%b9%d9%84#breadcrumb\"},\"inLanguage\":\"vi\",\"potentialAction\":[{\"@type\":\"ReadAction\",\"target\":[\"https:\\\/\\\/www.dillerbottle.com\\\/ar\\\/%d9%85%d9%86%d8%aa%d8%ac%d8%a7%d8%aa\\\/%d8%b2%d8%ac%d8%a7%d8%ac%d8%a9-%d9%85%d9%8a%d8%a7%d9%87-%d8%a8%d9%84%d8%a7%d8%b3%d8%aa%d9%8a%d9%83%d9%8a%d8%a9-%d8%ae%d8%a7%d9%84%d9%8a%d8%a9-%d9%85%d9%86-%d9%85%d8%a7%d8%af%d8%a9-bpa-%d8%b9%d9%84\"]}]},{\"@type\":\"ImageObject\",\"inLanguage\":\"vi\",\"@id\":\"https:\\\/\\\/www.dillerbottle.com\\\/ar\\\/%d9%85%d9%86%d8%aa%d8%ac%d8%a7%d8%aa\\\/%d8%b2%d8%ac%d8%a7%d8%ac%d8%a9-%d9%85%d9%8a%d8%a7%d9%87-%d8%a8%d9%84%d8%a7%d8%b3%d8%aa%d9%8a%d9%83%d9%8a%d8%a9-%d8%ae%d8%a7%d9%84%d9%8a%d8%a9-%d9%85%d9%86-%d9%85%d8%a7%d8%af%d8%a9-bpa-%d8%b9%d9%84#primaryimage\",\"url\":\"https:\\\/\\\/www.dillerbottle.com\\\/wp-content\\\/uploads\\\/2024\\\/09\\\/cartoon-bpa-free-plastic-water-bottle9a351fba-aafa-463c-adec-de3dcf03813d.jpg\",\"contentUrl\":\"https:\\\/\\\/www.dillerbottle.com\\\/wp-content\\\/uploads\\\/2024\\\/09\\\/cartoon-bpa-free-plastic-water-bottle9a351fba-aafa-463c-adec-de3dcf03813d.jpg\",\"width\":730,\"height\":730},{\"@type\":\"BreadcrumbList\",\"@id\":\"https:\\\/\\\/www.dillerbottle.com\\\/ar\\\/%d9%85%d9%86%d8%aa%d8%ac%d8%a7%d8%aa\\\/%d8%b2%d8%ac%d8%a7%d8%ac%d8%a9-%d9%85%d9%8a%d8%a7%d9%87-%d8%a8%d9%84%d8%a7%d8%b3%d8%aa%d9%8a%d9%83%d9%8a%d8%a9-%d8%ae%d8%a7%d9%84%d9%8a%d8%a9-%d9%85%d9%86-%d9%85%d8%a7%d8%af%d8%a9-bpa-%d8%b9%d9%84#breadcrumb\",\"itemListElement\":[{\"@type\":\"ListItem\",\"position\":1,\"name\":\"Home\",\"item\":\"https:\\\/\\\/www.dillerbottle.com\\\/\"},{\"@type\":\"ListItem\",\"position\":2,\"name\":\"Products\",\"item\":\"https:\\\/\\\/www.dillerbottle.com\\\/shop\"},{\"@type\":\"ListItem\",\"position\":3,\"name\":\"Cartoon BPA Free Plastic Water Bottle\"}]},{\"@type\":\"WebSite\",\"@id\":\"https:\\\/\\\/www.dillerbottle.com\\\/#website\",\"url\":\"https:\\\/\\\/www.dillerbottle.com\\\/\",\"name\":\"Diller Water Bottle Manufacturer\",\"description\":\"Water Bottle Manufacturer\",\"publisher\":{\"@id\":\"https:\\\/\\\/www.dillerbottle.com\\\/#organization\"},\"potentialAction\":[{\"@type\":\"SearchAction\",\"target\":{\"@type\":\"EntryPoint\",\"urlTemplate\":\"https:\\\/\\\/www.dillerbottle.com\\\/?s={search_term_string}\"},\"query-input\":{\"@type\":\"PropertyValueSpecification\",\"valueRequired\":true,\"valueName\":\"search_term_string\"}}],\"inLanguage\":\"vi\"},{\"@type\":\"Organization\",\"@id\":\"https:\\\/\\\/www.dillerbottle.com\\\/#organization\",\"name\":\"Diller Water Bottle Manufacturer\",\"url\":\"https:\\\/\\\/www.dillerbottle.com\\\/\",\"logo\":{\"@type\":\"ImageObject\",\"inLanguage\":\"vi\",\"@id\":\"https:\\\/\\\/www.dillerbottle.com\\\/#\\\/schema\\\/logo\\\/image\\\/\",\"url\":\"https:\\\/\\\/www.dillerbottle.com\\\/wp-content\\\/uploads\\\/2024\\\/09\\\/49918bfa848dcc1e9f8b509933603ac.png\",\"contentUrl\":\"https:\\\/\\\/www.dillerbottle.com\\\/wp-content\\\/uploads\\\/2024\\\/09\\\/49918bfa848dcc1e9f8b509933603ac.png\",\"width\":988,\"height\":198,\"caption\":\"Diller Water Bottle Manufacturer\"},\"image\":{\"@id\":\"https:\\\/\\\/www.dillerbottle.com\\\/#\\\/schema\\\/logo\\\/image\\\/\"}}]}<\/script>\n<!-- \/ Yoast SEO Premium plugin. -->","yoast_head_json":{"title":"B\u00ecnh n\u01b0\u1edbc nh\u1ef1a kh\u00f4ng ch\u1ee9a BPA ho\u1ea1t h\u00ecnh - Nh\u00e0 s\u1ea3n xu\u1ea5t b\u00ecnh n\u01b0\u1edbc Diller","description":"L\u00e0 m\u1ed9t trong nh\u1eefng nh\u00e0 s\u1ea3n xu\u1ea5t v\u00e0 cung c\u1ea5p chai n\u01b0\u1edbc nh\u1ef1a kh\u00f4ng ch\u1ee9a bpa ho\u1ea1t h\u00ecnh t\u1ed1t nh\u1ea5t, ch\u00fang t\u00f4i tham gia s\u1ea3n xu\u1ea5t chai n\u01b0\u1edbc ch\u1ea5t l\u01b0\u1ee3ng t\u1ed1t. Ch\u00fang t\u00f4i n\u1ed3ng nhi\u1ec7t ch\u00e0o \u0111\u00f3n b\u1ea1n \u0111\u1ebfn b\u00e1n bu\u00f4n ho\u1eb7c mua chai n\u01b0\u1edbc nh\u1ef1a kh\u00f4ng ch\u1ee9a bpa ho\u1ea1t h\u00ecnh t\u00f9y ch\u1ec9nh v\u1edbi gi\u00e1 c\u1ea1nh tranh t\u1eeb ch\u00fang t\u00f4i. Ngo\u00e0i ra, \u0111\u01a1n \u0111\u1eb7t h\u00e0ng s\u1ed1 l\u01b0\u1ee3ng nh\u1ecf c\u0169ng \u0111\u01b0\u1ee3c ch\u1ea5p nh\u1eadn.","robots":{"index":"index","follow":"follow","max-snippet":"max-snippet:-1","max-image-preview":"max-image-preview:large","max-video-preview":"max-video-preview:-1"},"canonical":"https:\/\/www.dillerbottle.com\/vn\/cac-san-pham\/chai-nuoc-nhua-khong-chua-bpa-hoat-hinh","og_locale":"vi_VN","og_type":"article","og_title":"Cartoon BPA Free Plastic Water Bottle","og_description":"As one of the best cartoon bpa free plastic water bottle manufacturers and suppliers, we are engaged in manufacturing good quality water bottles. We warmly welcome you to wholesale or buy custom made cartoon bpa free plastic water bottle at competitive price from us. Also, small quantity orders are acceptable.","og_url":"https:\/\/www.dillerbottle.com\/vn\/cac-san-pham\/chai-nuoc-nhua-khong-chua-bpa-hoat-hinh","og_site_name":"Diller Water Bottle Manufacturer","article_modified_time":"2025-07-10T07:18:54+00:00","og_image":[{"width":730,"height":730,"url":"https:\/\/www.dillerbottle.com\/wp-content\/uploads\/2024\/09\/cartoon-bpa-free-plastic-water-bottle9a351fba-aafa-463c-adec-de3dcf03813d.jpg","type":"image\/jpeg"}],"twitter_card":"summary_large_image","twitter_misc":{"\u01af\u1edbc t\u00ednh th\u1eddi gian \u0111\u1ecdc":"5 ph\u00fat"},"schema":{"@context":"https:\/\/schema.org","@graph":[{"@type":"WebPage","@id":"https:\/\/www.dillerbottle.com\/ar\/%d9%85%d9%86%d8%aa%d8%ac%d8%a7%d8%aa\/%d8%b2%d8%ac%d8%a7%d8%ac%d8%a9-%d9%85%d9%8a%d8%a7%d9%87-%d8%a8%d9%84%d8%a7%d8%b3%d8%aa%d9%8a%d9%83%d9%8a%d8%a9-%d8%ae%d8%a7%d9%84%d9%8a%d8%a9-%d9%85%d9%86-%d9%85%d8%a7%d8%af%d8%a9-bpa-%d8%b9%d9%84","url":"https:\/\/www.dillerbottle.com\/ar\/%d9%85%d9%86%d8%aa%d8%ac%d8%a7%d8%aa\/%d8%b2%d8%ac%d8%a7%d8%ac%d8%a9-%d9%85%d9%8a%d8%a7%d9%87-%d8%a8%d9%84%d8%a7%d8%b3%d8%aa%d9%8a%d9%83%d9%8a%d8%a9-%d8%ae%d8%a7%d9%84%d9%8a%d8%a9-%d9%85%d9%86-%d9%85%d8%a7%d8%af%d8%a9-bpa-%d8%b9%d9%84","name":"B\u00ecnh n\u01b0\u1edbc nh\u1ef1a kh\u00f4ng ch\u1ee9a BPA ho\u1ea1t h\u00ecnh - Nh\u00e0 s\u1ea3n xu\u1ea5t b\u00ecnh n\u01b0\u1edbc Diller","isPartOf":{"@id":"https:\/\/www.dillerbottle.com\/#website"},"primaryImageOfPage":{"@id":"https:\/\/www.dillerbottle.com\/ar\/%d9%85%d9%86%d8%aa%d8%ac%d8%a7%d8%aa\/%d8%b2%d8%ac%d8%a7%d8%ac%d8%a9-%d9%85%d9%8a%d8%a7%d9%87-%d8%a8%d9%84%d8%a7%d8%b3%d8%aa%d9%8a%d9%83%d9%8a%d8%a9-%d8%ae%d8%a7%d9%84%d9%8a%d8%a9-%d9%85%d9%86-%d9%85%d8%a7%d8%af%d8%a9-bpa-%d8%b9%d9%84#primaryimage"},"image":{"@id":"https:\/\/www.dillerbottle.com\/ar\/%d9%85%d9%86%d8%aa%d8%ac%d8%a7%d8%aa\/%d8%b2%d8%ac%d8%a7%d8%ac%d8%a9-%d9%85%d9%8a%d8%a7%d9%87-%d8%a8%d9%84%d8%a7%d8%b3%d8%aa%d9%8a%d9%83%d9%8a%d8%a9-%d8%ae%d8%a7%d9%84%d9%8a%d8%a9-%d9%85%d9%86-%d9%85%d8%a7%d8%af%d8%a9-bpa-%d8%b9%d9%84#primaryimage"},"thumbnailUrl":"https:\/\/www.dillerbottle.com\/wp-content\/uploads\/2024\/09\/cartoon-bpa-free-plastic-water-bottle9a351fba-aafa-463c-adec-de3dcf03813d.jpg","datePublished":"2024-09-26T08:29:32+00:00","dateModified":"2025-07-10T07:18:54+00:00","description":"L\u00e0 m\u1ed9t trong nh\u1eefng nh\u00e0 s\u1ea3n xu\u1ea5t v\u00e0 cung c\u1ea5p chai n\u01b0\u1edbc nh\u1ef1a kh\u00f4ng ch\u1ee9a bpa ho\u1ea1t h\u00ecnh t\u1ed1t nh\u1ea5t, ch\u00fang t\u00f4i tham gia s\u1ea3n xu\u1ea5t chai n\u01b0\u1edbc ch\u1ea5t l\u01b0\u1ee3ng t\u1ed1t. Ch\u00fang t\u00f4i n\u1ed3ng nhi\u1ec7t ch\u00e0o \u0111\u00f3n b\u1ea1n \u0111\u1ebfn b\u00e1n bu\u00f4n ho\u1eb7c mua chai n\u01b0\u1edbc nh\u1ef1a kh\u00f4ng ch\u1ee9a bpa ho\u1ea1t h\u00ecnh t\u00f9y ch\u1ec9nh v\u1edbi gi\u00e1 c\u1ea1nh tranh t\u1eeb ch\u00fang t\u00f4i. Ngo\u00e0i ra, \u0111\u01a1n \u0111\u1eb7t h\u00e0ng s\u1ed1 l\u01b0\u1ee3ng nh\u1ecf c\u0169ng \u0111\u01b0\u1ee3c ch\u1ea5p nh\u1eadn.","breadcrumb":{"@id":"https:\/\/www.dillerbottle.com\/ar\/%d9%85%d9%86%d8%aa%d8%ac%d8%a7%d8%aa\/%d8%b2%d8%ac%d8%a7%d8%ac%d8%a9-%d9%85%d9%8a%d8%a7%d9%87-%d8%a8%d9%84%d8%a7%d8%b3%d8%aa%d9%8a%d9%83%d9%8a%d8%a9-%d8%ae%d8%a7%d9%84%d9%8a%d8%a9-%d9%85%d9%86-%d9%85%d8%a7%d8%af%d8%a9-bpa-%d8%b9%d9%84#breadcrumb"},"inLanguage":"vi","potentialAction":[{"@type":"ReadAction","target":["https:\/\/www.dillerbottle.com\/ar\/%d9%85%d9%86%d8%aa%d8%ac%d8%a7%d8%aa\/%d8%b2%d8%ac%d8%a7%d8%ac%d8%a9-%d9%85%d9%8a%d8%a7%d9%87-%d8%a8%d9%84%d8%a7%d8%b3%d8%aa%d9%8a%d9%83%d9%8a%d8%a9-%d8%ae%d8%a7%d9%84%d9%8a%d8%a9-%d9%85%d9%86-%d9%85%d8%a7%d8%af%d8%a9-bpa-%d8%b9%d9%84"]}]},{"@type":"ImageObject","inLanguage":"vi","@id":"https:\/\/www.dillerbottle.com\/ar\/%d9%85%d9%86%d8%aa%d8%ac%d8%a7%d8%aa\/%d8%b2%d8%ac%d8%a7%d8%ac%d8%a9-%d9%85%d9%8a%d8%a7%d9%87-%d8%a8%d9%84%d8%a7%d8%b3%d8%aa%d9%8a%d9%83%d9%8a%d8%a9-%d8%ae%d8%a7%d9%84%d9%8a%d8%a9-%d9%85%d9%86-%d9%85%d8%a7%d8%af%d8%a9-bpa-%d8%b9%d9%84#primaryimage","url":"https:\/\/www.dillerbottle.com\/wp-content\/uploads\/2024\/09\/cartoon-bpa-free-plastic-water-bottle9a351fba-aafa-463c-adec-de3dcf03813d.jpg","contentUrl":"https:\/\/www.dillerbottle.com\/wp-content\/uploads\/2024\/09\/cartoon-bpa-free-plastic-water-bottle9a351fba-aafa-463c-adec-de3dcf03813d.jpg","width":730,"height":730},{"@type":"BreadcrumbList","@id":"https:\/\/www.dillerbottle.com\/ar\/%d9%85%d9%86%d8%aa%d8%ac%d8%a7%d8%aa\/%d8%b2%d8%ac%d8%a7%d8%ac%d8%a9-%d9%85%d9%8a%d8%a7%d9%87-%d8%a8%d9%84%d8%a7%d8%b3%d8%aa%d9%8a%d9%83%d9%8a%d8%a9-%d8%ae%d8%a7%d9%84%d9%8a%d8%a9-%d9%85%d9%86-%d9%85%d8%a7%d8%af%d8%a9-bpa-%d8%b9%d9%84#breadcrumb","itemListElement":[{"@type":"ListItem","position":1,"name":"Home","item":"https:\/\/www.dillerbottle.com\/"},{"@type":"ListItem","position":2,"name":"Products","item":"https:\/\/www.dillerbottle.com\/shop"},{"@type":"ListItem","position":3,"name":"Cartoon BPA Free Plastic Water Bottle"}]},{"@type":"WebSite","@id":"https:\/\/www.dillerbottle.com\/#website","url":"https:\/\/www.dillerbottle.com\/","name":"Nh\u00e0 s\u1ea3n xu\u1ea5t b\u00ecnh n\u01b0\u1edbc Diller","description":"Nh\u00e0 s\u1ea3n xu\u1ea5t b\u00ecnh n\u01b0\u1edbc","publisher":{"@id":"https:\/\/www.dillerbottle.com\/#organization"},"potentialAction":[{"@type":"SearchAction","target":{"@type":"EntryPoint","urlTemplate":"https:\/\/www.dillerbottle.com\/?s={search_term_string}"},"query-input":{"@type":"PropertyValueSpecification","valueRequired":true,"valueName":"search_term_string"}}],"inLanguage":"vi"},{"@type":"Organization","@id":"https:\/\/www.dillerbottle.com\/#organization","name":"Nh\u00e0 s\u1ea3n xu\u1ea5t b\u00ecnh n\u01b0\u1edbc Diller","url":"https:\/\/www.dillerbottle.com\/","logo":{"@type":"ImageObject","inLanguage":"vi","@id":"https:\/\/www.dillerbottle.com\/#\/schema\/logo\/image\/","url":"https:\/\/www.dillerbottle.com\/wp-content\/uploads\/2024\/09\/49918bfa848dcc1e9f8b509933603ac.png","contentUrl":"https:\/\/www.dillerbottle.com\/wp-content\/uploads\/2024\/09\/49918bfa848dcc1e9f8b509933603ac.png","width":988,"height":198,"caption":"Diller Water Bottle Manufacturer"},"image":{"@id":"https:\/\/www.dillerbottle.com\/#\/schema\/logo\/image\/"}}]}},"_links":{"self":[{"href":"https:\/\/www.dillerbottle.com\/vn\/wp-json\/wp\/v2\/product\/3614","targetHints":{"allow":["GET"]}}],"collection":[{"href":"https:\/\/www.dillerbottle.com\/vn\/wp-json\/wp\/v2\/product"}],"about":[{"href":"https:\/\/www.dillerbottle.com\/vn\/wp-json\/wp\/v2\/types\/product"}],"replies":[{"embeddable":true,"href":"https:\/\/www.dillerbottle.com\/vn\/wp-json\/wp\/v2\/comments?post=3614"}],"wp:featuredmedia":[{"embeddable":true,"href":"https:\/\/www.dillerbottle.com\/vn\/wp-json\/wp\/v2\/media\/3615"}],"wp:attachment":[{"href":"https:\/\/www.dillerbottle.com\/vn\/wp-json\/wp\/v2\/media?parent=3614"}],"wp:term":[{"taxonomy":"product_brand","embeddable":true,"href":"https:\/\/www.dillerbottle.com\/vn\/wp-json\/wp\/v2\/product_brand?post=3614"},{"taxonomy":"product_cat","embeddable":true,"href":"https:\/\/www.dillerbottle.com\/vn\/wp-json\/wp\/v2\/product_cat?post=3614"},{"taxonomy":"product_tag","embeddable":true,"href":"https:\/\/www.dillerbottle.com\/vn\/wp-json\/wp\/v2\/product_tag?post=3614"}],"curies":[{"name":"wp","href":"https:\/\/api.w.org\/{rel}","templated":true}]}}