{"id":3672,"date":"2024-09-26T16:30:15","date_gmt":"2024-09-26T08:30:15","guid":{"rendered":"https:\/\/demo.dillerbottle.com\/uncategorized\/kids-thermos-flask"},"modified":"2025-07-10T15:13:46","modified_gmt":"2025-07-10T07:13:46","slug":"binh-giu-nhiet-tre-em-6","status":"publish","type":"product","link":"https:\/\/www.dillerbottle.com\/vn\/products\/kids-thermos-flask","title":{"rendered":"B\u00ecnh gi\u1eef nhi\u1ec7t tr\u1ebb em"},"content":{"rendered":"<p>B\u00ecnh gi\u1eef nhi\u1ec7t tr\u1ebb em<br \/>\n\u0110\u1eb7c tr\u01b0ng:<br \/>\n1. Gi\u1eef \u0111\u1ed3 u\u1ed1ng l\u1ea1nh ho\u1eb7c n\u00f3ng. B\u00ecnh gi\u1eef nhi\u1ec7t ch\u00e2n kh\u00f4ng hai l\u1edbp, b\u00ecnh gi\u1eef nhi\u1ec7t cho tr\u1ebb em c\u00f3 th\u1ec3 gi\u1eef \u0111\u1ed3 u\u1ed1ng l\u1ea1nh ho\u1eb7c \u1ea5m l\u00ean \u0111\u1ebfn 18 gi\u1edd, ho\u00e0n h\u1ea3o cho nh\u1eefng ng\u00e0y h\u00e8 ho\u1eb7c m\u00f9a \u0111\u00f4ng. B\u00ecnh gi\u1eef nhi\u1ec7t 12 oz cho tr\u1ebb em n\u00e0y l\u00fd t\u01b0\u1edfng \u0111\u1ec3 gi\u1eef n\u01b0\u1edbc cho tr\u1ebb nh\u1ecf khi di chuy\u1ec3n ho\u1eb7c \u1edf nh\u00e0.<\/p>\n<p>2. B\u00ecnh gi\u1eef nhi\u1ec7t tr\u1ebb em \u0111\u01b0\u1ee3c l\u00e0m b\u1eb1ng th\u00e9p kh\u00f4ng g\u1ec9 316 cao c\u1ea5p, bao g\u1ed3m v\u1eadt li\u1ec7u kh\u00f4ng ch\u1ee9a BPA, an to\u00e0n v\u1edbi th\u1ef1c ph\u1ea9m, kh\u00f4ng \u0111\u1ed9c h\u1ea1i. Ch\u1ed1ng va \u0111\u1eadp v\u00e0 l\u00fd t\u01b0\u1edfng cho tr\u01b0\u1eddng h\u1ecdc. \u0110\u1ef1ng \u0111\u1ea7y n\u01b0\u1edbc, n\u01b0\u1edbc tr\u00e1i c\u00e2y v\u00e0 sinh t\u1ed1.<\/p>\n<p>3. B\u00ecnh gi\u1eef nhi\u1ec7t cho tr\u1ebb em n\u00e0y c\u00f3 n\u1eafp kh\u00f3a ch\u1ed1ng r\u00f2 r\u1ec9 gi\u00fap ng\u0103n ng\u1eeba vi\u1ec7c m\u1edf v\u00f4 t\u00ecnh. Th\u00edch h\u1ee3p cho ba l\u00f4, h\u1ed9p \u0111\u1ef1ng th\u1ee9c \u0103n tr\u01b0a v\u00e0 khi di chuy\u1ec3n.<\/p>\n<p>4. Thu\u1eadn ti\u1ec7n \u0111\u1ec3 mang theo v\u00e0 gi\u1eef n\u01b0\u1edbc cho tr\u1ebb em \u1edf b\u1ea5t c\u1ee9 \u0111\u00e2u. B\u00ecnh r\u1ea5t ph\u00f9 h\u1ee3p \u0111\u1ec3 tr\u1ebb em c\u1ea7m v\u00e0 \u0111\u01b0\u1ee3c thi\u1ebft k\u1ebf v\u1edbi d\u00e2y \u0111eo di \u0111\u1ed9ng.<\/p>","protected":false},"excerpt":{"rendered":"<p>C\u00f4ng ngh\u1ec7 c\u00e1ch nhi\u1ec7t ch\u00e2n kh\u00f4ng DILLER gi\u1eef \u0111\u1ed3 u\u1ed1ng l\u1ea1nh ho\u1eb7c \u1ea5m l\u00ean \u0111\u1ebfn 12 gi\u1edd.<br \/>\nB\u00ecnh gi\u1eef nhi\u1ec7t d\u00e0nh cho tr\u1ebb em n\u00e0y \u0111\u01b0\u1ee3c l\u00e0m t\u1eeb th\u00e9p kh\u00f4ng g\u1ec9 316 ch\u1ea5t l\u01b0\u1ee3ng cao.<br \/>\nCh\u1ecdn t\u1eeb nhi\u1ec1u m\u00e0u s\u1eafc v\u00e0 h\u1ecda ti\u1ebft vui nh\u1ed9n.<br \/>\nB\u00ecnh gi\u1eef nhi\u1ec7t d\u00e0nh cho tr\u1ebb em n\u00e0y nh\u1eb9 v\u00e0 nh\u1ecf g\u1ecdn v\u1edbi n\u1eafp c\u00f3 n\u00fat nh\u1ea5n n\u00ean d\u1ec5 d\u00e0ng mang theo v\u00e0 m\u1edf.<br \/>\nGi\u00fap ng\u0103n ng\u1eeba vi khu\u1ea9n b\u1eb1ng \u1ed1ng h\u00fat b\u1eadt l\u00ean c\u00f3 n\u1eafp \u0111\u1eady v\u1ec7 sinh v\u00e0 c\u00f3 th\u1ec3 th\u00e1o r\u1eddi \u0111\u1ec3 d\u1ec5 d\u00e0ng v\u1ec7 sinh.<br \/>\nCh\u00e0o m\u1eebng b\u1ea1n \u0111\u1ebfn mua s\u1ec9, h\u00e3y g\u1eedi y\u00eau c\u1ea7u ngay!<\/p>","protected":false},"featured_media":3673,"comment_status":"open","ping_status":"closed","template":"","meta":{"_acf_changed":false},"product_brand":[],"product_cat":[200],"product_tag":[32,36,33,226,31,39,38,255,254,247,29,37,34,35,239,28,216,224,30],"class_list":{"0":"post-3672","1":"product","2":"type-product","3":"status-publish","4":"has-post-thumbnail","6":"product_cat-kids-water-bottles","7":"product_tag-best","8":"product_tag-bulk","9":"product_tag-buy","10":"product_tag-clear-kids-water-bottles","11":"product_tag-custom","12":"product_tag-for-sale","13":"product_tag-good-quality","14":"product_tag-kids-sublimation-water-bottle","15":"product_tag-kids-thermos-flask","16":"product_tag-kids-water-bottle-stainless-steel","17":"product_tag-manufacturers","18":"product_tag-manufacturing","19":"product_tag-price","20":"product_tag-small","21":"product_tag-stainless-steel-water-bottle-for-kids","22":"product_tag-suppliers","23":"product_tag-water-bottle-glass","24":"product_tag-water-bottle-tritan","25":"product_tag-wholesale","27":"first","28":"instock","29":"shipping-taxable","30":"product-type-simple"},"acf":[],"yoast_head":"<!-- This site is optimized with the Yoast SEO Premium plugin v27.5 (Yoast SEO v27.5) - https:\/\/yoast.com\/product\/yoast-seo-premium-wordpress\/ -->\n<title>Kids Thermos Flask - Diller Water Bottle Manufacturer<\/title>\n<meta name=\"description\" content=\"As one of the best kids thermos flask manufacturers and suppliers, we are engaged in manufacturing good quality water bottles. We warmly welcome you to wholesale or buy custom made kids thermos flask at competitive price from us. Also, small quantity orders are acceptable.\" \/>\n<meta name=\"robots\" content=\"index, follow, max-snippet:-1, max-image-preview:large, max-video-preview:-1\" \/>\n<link rel=\"canonical\" href=\"https:\/\/www.dillerbottle.com\/vn\/cac-san-pham\/binh-giu-nhiet-tre-em-6\" \/>\n<meta property=\"og:locale\" content=\"vi_VN\" \/>\n<meta property=\"og:type\" content=\"article\" \/>\n<meta property=\"og:title\" content=\"Kids Thermos Flask\" \/>\n<meta property=\"og:description\" content=\"As one of the best kids thermos flask manufacturers and suppliers, we are engaged in manufacturing good quality water bottles. We warmly welcome you to wholesale or buy custom made kids thermos flask at competitive price from us. Also, small quantity orders are acceptable.\" \/>\n<meta property=\"og:url\" content=\"https:\/\/www.dillerbottle.com\/vn\/cac-san-pham\/binh-giu-nhiet-tre-em-6\" \/>\n<meta property=\"og:site_name\" content=\"Diller Water Bottle Manufacturer\" \/>\n<meta property=\"article:modified_time\" content=\"2025-07-10T07:13:46+00:00\" \/>\n<meta property=\"og:image\" content=\"https:\/\/www.dillerbottle.com\/wp-content\/uploads\/2024\/09\/kids-thermos-flask55544914022.jpg\" \/>\n\t<meta property=\"og:image:width\" content=\"730\" \/>\n\t<meta property=\"og:image:height\" content=\"730\" \/>\n\t<meta property=\"og:image:type\" content=\"image\/jpeg\" \/>\n<meta name=\"twitter:card\" content=\"summary_large_image\" \/>\n<meta name=\"twitter:label1\" content=\"\u01af\u1edbc t\u00ednh th\u1eddi gian \u0111\u1ecdc\" \/>\n\t<meta name=\"twitter:data1\" content=\"2 ph\u00fat\" \/>\n<script type=\"application\/ld+json\" class=\"yoast-schema-graph\">{\"@context\":\"https:\\\/\\\/schema.org\",\"@graph\":[{\"@type\":\"WebPage\",\"@id\":\"https:\\\/\\\/www.dillerbottle.com\\\/tr\\\/urunler\\\/cocuk-termosu-2\",\"url\":\"https:\\\/\\\/www.dillerbottle.com\\\/tr\\\/urunler\\\/cocuk-termosu-2\",\"name\":\"Kids Thermos Flask - Diller Water Bottle Manufacturer\",\"isPartOf\":{\"@id\":\"https:\\\/\\\/www.dillerbottle.com\\\/#website\"},\"primaryImageOfPage\":{\"@id\":\"https:\\\/\\\/www.dillerbottle.com\\\/tr\\\/urunler\\\/cocuk-termosu-2#primaryimage\"},\"image\":{\"@id\":\"https:\\\/\\\/www.dillerbottle.com\\\/tr\\\/urunler\\\/cocuk-termosu-2#primaryimage\"},\"thumbnailUrl\":\"https:\\\/\\\/www.dillerbottle.com\\\/wp-content\\\/uploads\\\/2024\\\/09\\\/kids-thermos-flask55544914022.jpg\",\"datePublished\":\"2024-09-26T08:30:15+00:00\",\"dateModified\":\"2025-07-10T07:13:46+00:00\",\"description\":\"As one of the best kids thermos flask manufacturers and suppliers, we are engaged in manufacturing good quality water bottles. We warmly welcome you to wholesale or buy custom made kids thermos flask at competitive price from us. Also, small quantity orders are acceptable.\",\"breadcrumb\":{\"@id\":\"https:\\\/\\\/www.dillerbottle.com\\\/tr\\\/urunler\\\/cocuk-termosu-2#breadcrumb\"},\"inLanguage\":\"vi\",\"potentialAction\":[{\"@type\":\"ReadAction\",\"target\":[\"https:\\\/\\\/www.dillerbottle.com\\\/tr\\\/urunler\\\/cocuk-termosu-2\"]}]},{\"@type\":\"ImageObject\",\"inLanguage\":\"vi\",\"@id\":\"https:\\\/\\\/www.dillerbottle.com\\\/tr\\\/urunler\\\/cocuk-termosu-2#primaryimage\",\"url\":\"https:\\\/\\\/www.dillerbottle.com\\\/wp-content\\\/uploads\\\/2024\\\/09\\\/kids-thermos-flask55544914022.jpg\",\"contentUrl\":\"https:\\\/\\\/www.dillerbottle.com\\\/wp-content\\\/uploads\\\/2024\\\/09\\\/kids-thermos-flask55544914022.jpg\",\"width\":730,\"height\":730},{\"@type\":\"BreadcrumbList\",\"@id\":\"https:\\\/\\\/www.dillerbottle.com\\\/tr\\\/urunler\\\/cocuk-termosu-2#breadcrumb\",\"itemListElement\":[{\"@type\":\"ListItem\",\"position\":1,\"name\":\"Home\",\"item\":\"https:\\\/\\\/www.dillerbottle.com\\\/\"},{\"@type\":\"ListItem\",\"position\":2,\"name\":\"Products\",\"item\":\"https:\\\/\\\/www.dillerbottle.com\\\/shop\"},{\"@type\":\"ListItem\",\"position\":3,\"name\":\"Kids Thermos Flask\"}]},{\"@type\":\"WebSite\",\"@id\":\"https:\\\/\\\/www.dillerbottle.com\\\/#website\",\"url\":\"https:\\\/\\\/www.dillerbottle.com\\\/\",\"name\":\"Diller Water Bottle Manufacturer\",\"description\":\"Water Bottle Manufacturer\",\"publisher\":{\"@id\":\"https:\\\/\\\/www.dillerbottle.com\\\/#organization\"},\"potentialAction\":[{\"@type\":\"SearchAction\",\"target\":{\"@type\":\"EntryPoint\",\"urlTemplate\":\"https:\\\/\\\/www.dillerbottle.com\\\/?s={search_term_string}\"},\"query-input\":{\"@type\":\"PropertyValueSpecification\",\"valueRequired\":true,\"valueName\":\"search_term_string\"}}],\"inLanguage\":\"vi\"},{\"@type\":\"Organization\",\"@id\":\"https:\\\/\\\/www.dillerbottle.com\\\/#organization\",\"name\":\"Diller Water Bottle Manufacturer\",\"url\":\"https:\\\/\\\/www.dillerbottle.com\\\/\",\"logo\":{\"@type\":\"ImageObject\",\"inLanguage\":\"vi\",\"@id\":\"https:\\\/\\\/www.dillerbottle.com\\\/#\\\/schema\\\/logo\\\/image\\\/\",\"url\":\"https:\\\/\\\/www.dillerbottle.com\\\/wp-content\\\/uploads\\\/2024\\\/09\\\/49918bfa848dcc1e9f8b509933603ac.png\",\"contentUrl\":\"https:\\\/\\\/www.dillerbottle.com\\\/wp-content\\\/uploads\\\/2024\\\/09\\\/49918bfa848dcc1e9f8b509933603ac.png\",\"width\":988,\"height\":198,\"caption\":\"Diller Water Bottle Manufacturer\"},\"image\":{\"@id\":\"https:\\\/\\\/www.dillerbottle.com\\\/#\\\/schema\\\/logo\\\/image\\\/\"}}]}<\/script>\n<!-- \/ Yoast SEO Premium plugin. -->","yoast_head_json":{"title":"B\u00ecnh gi\u1eef nhi\u1ec7t tr\u1ebb em - Nh\u00e0 s\u1ea3n xu\u1ea5t b\u00ecnh n\u01b0\u1edbc Diller","description":"L\u00e0 m\u1ed9t trong nh\u1eefng nh\u00e0 s\u1ea3n xu\u1ea5t v\u00e0 cung c\u1ea5p b\u00ecnh gi\u1eef nhi\u1ec7t tr\u1ebb em t\u1ed1t nh\u1ea5t, ch\u00fang t\u00f4i tham gia s\u1ea3n xu\u1ea5t b\u00ecnh n\u01b0\u1edbc ch\u1ea5t l\u01b0\u1ee3ng t\u1ed1t. Ch\u00fang t\u00f4i n\u1ed3ng nhi\u1ec7t ch\u00e0o \u0111\u00f3n b\u1ea1n \u0111\u1ebfn b\u00e1n bu\u00f4n ho\u1eb7c mua b\u00ecnh gi\u1eef nhi\u1ec7t tr\u1ebb em t\u00f9y ch\u1ec9nh v\u1edbi gi\u00e1 c\u1ea1nh tranh t\u1eeb ch\u00fang t\u00f4i. Ngo\u00e0i ra, ch\u00fang t\u00f4i c\u0169ng ch\u1ea5p nh\u1eadn \u0111\u01a1n \u0111\u1eb7t h\u00e0ng s\u1ed1 l\u01b0\u1ee3ng nh\u1ecf.","robots":{"index":"index","follow":"follow","max-snippet":"max-snippet:-1","max-image-preview":"max-image-preview:large","max-video-preview":"max-video-preview:-1"},"canonical":"https:\/\/www.dillerbottle.com\/vn\/cac-san-pham\/binh-giu-nhiet-tre-em-6","og_locale":"vi_VN","og_type":"article","og_title":"Kids Thermos Flask","og_description":"As one of the best kids thermos flask manufacturers and suppliers, we are engaged in manufacturing good quality water bottles. We warmly welcome you to wholesale or buy custom made kids thermos flask at competitive price from us. Also, small quantity orders are acceptable.","og_url":"https:\/\/www.dillerbottle.com\/vn\/cac-san-pham\/binh-giu-nhiet-tre-em-6","og_site_name":"Diller Water Bottle Manufacturer","article_modified_time":"2025-07-10T07:13:46+00:00","og_image":[{"width":730,"height":730,"url":"https:\/\/www.dillerbottle.com\/wp-content\/uploads\/2024\/09\/kids-thermos-flask55544914022.jpg","type":"image\/jpeg"}],"twitter_card":"summary_large_image","twitter_misc":{"\u01af\u1edbc t\u00ednh th\u1eddi gian \u0111\u1ecdc":"2 ph\u00fat"},"schema":{"@context":"https:\/\/schema.org","@graph":[{"@type":"WebPage","@id":"https:\/\/www.dillerbottle.com\/tr\/urunler\/cocuk-termosu-2","url":"https:\/\/www.dillerbottle.com\/tr\/urunler\/cocuk-termosu-2","name":"B\u00ecnh gi\u1eef nhi\u1ec7t tr\u1ebb em - Nh\u00e0 s\u1ea3n xu\u1ea5t b\u00ecnh n\u01b0\u1edbc Diller","isPartOf":{"@id":"https:\/\/www.dillerbottle.com\/#website"},"primaryImageOfPage":{"@id":"https:\/\/www.dillerbottle.com\/tr\/urunler\/cocuk-termosu-2#primaryimage"},"image":{"@id":"https:\/\/www.dillerbottle.com\/tr\/urunler\/cocuk-termosu-2#primaryimage"},"thumbnailUrl":"https:\/\/www.dillerbottle.com\/wp-content\/uploads\/2024\/09\/kids-thermos-flask55544914022.jpg","datePublished":"2024-09-26T08:30:15+00:00","dateModified":"2025-07-10T07:13:46+00:00","description":"L\u00e0 m\u1ed9t trong nh\u1eefng nh\u00e0 s\u1ea3n xu\u1ea5t v\u00e0 cung c\u1ea5p b\u00ecnh gi\u1eef nhi\u1ec7t tr\u1ebb em t\u1ed1t nh\u1ea5t, ch\u00fang t\u00f4i tham gia s\u1ea3n xu\u1ea5t b\u00ecnh n\u01b0\u1edbc ch\u1ea5t l\u01b0\u1ee3ng t\u1ed1t. Ch\u00fang t\u00f4i n\u1ed3ng nhi\u1ec7t ch\u00e0o \u0111\u00f3n b\u1ea1n \u0111\u1ebfn b\u00e1n bu\u00f4n ho\u1eb7c mua b\u00ecnh gi\u1eef nhi\u1ec7t tr\u1ebb em t\u00f9y ch\u1ec9nh v\u1edbi gi\u00e1 c\u1ea1nh tranh t\u1eeb ch\u00fang t\u00f4i. Ngo\u00e0i ra, ch\u00fang t\u00f4i c\u0169ng ch\u1ea5p nh\u1eadn \u0111\u01a1n \u0111\u1eb7t h\u00e0ng s\u1ed1 l\u01b0\u1ee3ng nh\u1ecf.","breadcrumb":{"@id":"https:\/\/www.dillerbottle.com\/tr\/urunler\/cocuk-termosu-2#breadcrumb"},"inLanguage":"vi","potentialAction":[{"@type":"ReadAction","target":["https:\/\/www.dillerbottle.com\/tr\/urunler\/cocuk-termosu-2"]}]},{"@type":"ImageObject","inLanguage":"vi","@id":"https:\/\/www.dillerbottle.com\/tr\/urunler\/cocuk-termosu-2#primaryimage","url":"https:\/\/www.dillerbottle.com\/wp-content\/uploads\/2024\/09\/kids-thermos-flask55544914022.jpg","contentUrl":"https:\/\/www.dillerbottle.com\/wp-content\/uploads\/2024\/09\/kids-thermos-flask55544914022.jpg","width":730,"height":730},{"@type":"BreadcrumbList","@id":"https:\/\/www.dillerbottle.com\/tr\/urunler\/cocuk-termosu-2#breadcrumb","itemListElement":[{"@type":"ListItem","position":1,"name":"Home","item":"https:\/\/www.dillerbottle.com\/"},{"@type":"ListItem","position":2,"name":"Products","item":"https:\/\/www.dillerbottle.com\/shop"},{"@type":"ListItem","position":3,"name":"Kids Thermos Flask"}]},{"@type":"WebSite","@id":"https:\/\/www.dillerbottle.com\/#website","url":"https:\/\/www.dillerbottle.com\/","name":"Nh\u00e0 s\u1ea3n xu\u1ea5t b\u00ecnh n\u01b0\u1edbc Diller","description":"Nh\u00e0 s\u1ea3n xu\u1ea5t b\u00ecnh n\u01b0\u1edbc","publisher":{"@id":"https:\/\/www.dillerbottle.com\/#organization"},"potentialAction":[{"@type":"SearchAction","target":{"@type":"EntryPoint","urlTemplate":"https:\/\/www.dillerbottle.com\/?s={search_term_string}"},"query-input":{"@type":"PropertyValueSpecification","valueRequired":true,"valueName":"search_term_string"}}],"inLanguage":"vi"},{"@type":"Organization","@id":"https:\/\/www.dillerbottle.com\/#organization","name":"Nh\u00e0 s\u1ea3n xu\u1ea5t b\u00ecnh n\u01b0\u1edbc Diller","url":"https:\/\/www.dillerbottle.com\/","logo":{"@type":"ImageObject","inLanguage":"vi","@id":"https:\/\/www.dillerbottle.com\/#\/schema\/logo\/image\/","url":"https:\/\/www.dillerbottle.com\/wp-content\/uploads\/2024\/09\/49918bfa848dcc1e9f8b509933603ac.png","contentUrl":"https:\/\/www.dillerbottle.com\/wp-content\/uploads\/2024\/09\/49918bfa848dcc1e9f8b509933603ac.png","width":988,"height":198,"caption":"Diller Water Bottle Manufacturer"},"image":{"@id":"https:\/\/www.dillerbottle.com\/#\/schema\/logo\/image\/"}}]}},"_links":{"self":[{"href":"https:\/\/www.dillerbottle.com\/vn\/wp-json\/wp\/v2\/product\/3672","targetHints":{"allow":["GET"]}}],"collection":[{"href":"https:\/\/www.dillerbottle.com\/vn\/wp-json\/wp\/v2\/product"}],"about":[{"href":"https:\/\/www.dillerbottle.com\/vn\/wp-json\/wp\/v2\/types\/product"}],"replies":[{"embeddable":true,"href":"https:\/\/www.dillerbottle.com\/vn\/wp-json\/wp\/v2\/comments?post=3672"}],"wp:featuredmedia":[{"embeddable":true,"href":"https:\/\/www.dillerbottle.com\/vn\/wp-json\/wp\/v2\/media\/3673"}],"wp:attachment":[{"href":"https:\/\/www.dillerbottle.com\/vn\/wp-json\/wp\/v2\/media?parent=3672"}],"wp:term":[{"taxonomy":"product_brand","embeddable":true,"href":"https:\/\/www.dillerbottle.com\/vn\/wp-json\/wp\/v2\/product_brand?post=3672"},{"taxonomy":"product_cat","embeddable":true,"href":"https:\/\/www.dillerbottle.com\/vn\/wp-json\/wp\/v2\/product_cat?post=3672"},{"taxonomy":"product_tag","embeddable":true,"href":"https:\/\/www.dillerbottle.com\/vn\/wp-json\/wp\/v2\/product_tag?post=3672"}],"curies":[{"name":"wp","href":"https:\/\/api.w.org\/{rel}","templated":true}]}}