{"id":3791,"date":"2024-09-26T16:31:37","date_gmt":"2024-09-26T08:31:37","guid":{"rendered":"https:\/\/demo.dillerbottle.com\/uncategorized\/steel-water-bottle-for-kids"},"modified":"2025-07-10T15:10:50","modified_gmt":"2025-07-10T07:10:50","slug":"binh-dung-nuoc-bang-thep-cho-tre-em","status":"publish","type":"product","link":"https:\/\/www.dillerbottle.com\/vn\/products\/steel-water-bottle-for-kids","title":{"rendered":"B\u00ecnh N\u01b0\u1edbc B\u1eb1ng Th\u00e9p Cho Tr\u1ebb Em"},"content":{"rendered":"<p>B\u00ecnh n\u01b0\u1edbc tr\u1ebb em b\u1eb1ng th\u00e9p \u0111\u01b0\u1ee3c l\u00e0m b\u1eb1ng th\u00e9p kh\u00f4ng g\u1ec9 304 18\/8. \u0110\u01b0\u1ee3c C\u1ee5c Qu\u1ea3n l\u00fd Th\u1ef1c ph\u1ea9m v\u00e0 D\u01b0\u1ee3c ph\u1ea9m ch\u1ea5p thu\u1eadn, kh\u00f4ng d\u1ec5 v\u1ee1, c\u00f3 th\u1ec3 t\u00e1i s\u1eed d\u1ee5ng, kh\u00f4ng b\u1ecb g\u1ec9 ho\u1eb7c \u0111\u1ec3 l\u1ea1i v\u1ecb kim lo\u1ea1i kh\u00f3 ch\u1ecbu trong mi\u1ec7ng, kh\u00f4ng bao gi\u1edd \u0111\u1ed5 m\u1ed3 h\u00f4i ho\u1eb7c ch\u1ea1m v\u00e0o tay n\u00f3ng. B\u00ecnh c\u00f3 n\u1eafp \u1ed1ng h\u00fat v\u00e0 n\u1eafp mi\u1ec7ng u\u1ed1ng tr\u1ef1c ti\u1ebfp, thi\u1ebft k\u1ebf \u0111\u1eb9p m\u1eaft ch\u1ee9a c\u00f9ng th\u1ec3 t\u00edch ch\u1ea5t l\u1ecfng nh\u01b0 c\u00e1c th\u01b0\u01a1ng hi\u1ec7u b\u00ecnh n\u01b0\u1edbc h\u00e0ng \u0111\u1ea7u kh\u00e1c. Thi\u1ebft k\u1ebf di \u0111\u1ed9ng, d\u1ec5 mang theo, c\u00e1ch nhi\u1ec7t ch\u00e2n kh\u00f4ng gi\u1eef \u0111\u1ed3 u\u1ed1ng n\u00f3ng ho\u1eb7c l\u1ea1nh l\u00ean \u0111\u1ebfn 12 ~ 24 gi\u1edd. B\u00ecnh n\u01b0\u1edbc c\u00e1ch nhi\u1ec7t 350ml l\u00e0 m\u1ed9t m\u00f3n qu\u00e0 tuy\u1ec7t v\u1eddi cho tr\u1ebb em.<br \/>\n\u0110\u1eb7c tr\u01b0ng:<br \/>\n1. B\u00ecnh n\u01b0\u1edbc b\u1eb1ng th\u00e9p c\u00e1ch nhi\u1ec7t d\u00e0nh cho tr\u1ebb em \u0111\u01b0\u1ee3c \u0111\u00e1nh gi\u00e1 cao c\u00f3 kh\u1ea3 n\u0103ng duy tr\u00ec nhi\u1ec7t \u0111\u1ed9 b\u00ean trong trong nhi\u1ec1u gi\u1edd, gi\u1eef \u0111\u1ed3 u\u1ed1ng l\u1ea1nh nh\u01b0 \u0111\u00e1 trong 24 gi\u1edd ho\u1eb7c n\u00f3ng trong 12 gi\u1edd.;<\/p>\n<p>2. B\u00ecnh n\u01b0\u1edbc tr\u1ebb em n\u00e0y \u0111\u1ee7 b\u1ec1n cho m\u1ecdi cu\u1ed9c phi\u00eau l\u01b0u. \u0110\u01b0\u1ee3c l\u00e0m t\u1eeb th\u00e9p kh\u00f4ng g\u1ec9 c\u1ea5p th\u1ef1c ph\u1ea9m 304 (18\/8), b\u00ecnh n\u01b0\u1edbc th\u00e9p c\u1ee7a ch\u00fang t\u00f4i lu\u00f4n mang \u0111\u1ebfn h\u01b0\u01a1ng v\u1ecb tinh khi\u1ebft, s\u1ea1ch s\u1ebd.<\/p>\n<p>3. Nh\u1eefng chi\u1ebfc b\u00ecnh \u0111\u1ef1ng n\u01b0\u1edbc b\u1eb1ng th\u00e9p n\u00e0y r\u1ea5t tuy\u1ec7t v\u1eddi cho tr\u1ebb m\u1edbi bi\u1ebft \u0111i v\u00e0 tr\u1ebb em u\u1ed1ng khi di chuy\u1ec3n. Tr\u1ebb em c\u00f3 th\u1ec3 s\u1eed d\u1ee5ng b\u00ecnh \u0111\u1ef1ng n\u01b0\u1edbc \u0111\u1ec3 \u0111\u1ef1ng n\u01b0\u1edbc l\u1ea1nh, n\u01b0\u1edbc tr\u00e1i c\u00e2y ho\u1eb7c s\u1eefa \u1ea5m. \u0110\u00f3ng g\u00f3i chi\u1ebfc b\u00ecnh \u0111\u1ef1ng n\u01b0\u1edbc m\u1ecfng ch\u1ed1ng r\u00f2 r\u1ec9, ch\u1ed1ng tr\u00e0n n\u00e0y v\u00e0o c\u1eb7p s\u00e1ch, h\u1ed9p \u0111\u1ef1ng \u0111\u1ed3 \u0103n tr\u01b0a, ba l\u00f4 ho\u1eb7c v\u00ed.<\/p>\n<p>4. B\u00ecnh n\u01b0\u1edbc tr\u1ebb em n\u00e0y c\u00f3 d\u00e2y \u0111eo b\u1eb1ng nylon c\u00f3 th\u1ec3 \u0111i\u1ec1u ch\u1ec9nh \u0111\u1ec3 d\u1ec5 d\u00e0ng mang theo.<br \/>\n5. B\u00ecnh n\u01b0\u1edbc n\u00e0y c\u00f3 hai n\u1eafp, n\u1eafp \u1ed1ng h\u00fat v\u00e0 n\u1eafp mi\u1ec7ng u\u1ed1ng tr\u1ef1c ti\u1ebfp.<\/p>","protected":false},"excerpt":{"rendered":"<p>B\u00ecnh n\u01b0\u1edbc b\u1eb1ng th\u00e9p cho tr\u1ebb em \u0111\u01b0\u1ee3c l\u00e0m b\u1eb1ng th\u00e9p kh\u00f4ng g\u1ec9 304 18\/8.<br \/>\n\u0110\u01b0\u1ee3c C\u1ee5c Qu\u1ea3n l\u00fd Th\u1ef1c ph\u1ea9m v\u00e0 D\u01b0\u1ee3c ph\u1ea9m ch\u1ea5p thu\u1eadn, kh\u00f4ng d\u1ec5 v\u1ee1, c\u00f3 th\u1ec3 t\u00e1i s\u1eed d\u1ee5ng, kh\u00f4ng b\u1ecb g\u1ec9 ho\u1eb7c \u0111\u1ec3 l\u1ea1i v\u1ecb kim lo\u1ea1i kh\u00f3 ch\u1ecbu trong mi\u1ec7ng, kh\u00f4ng bao gi\u1edd \u0111\u1ed5 m\u1ed3 h\u00f4i ho\u1eb7c ch\u1ea1m v\u00e0o tay n\u00f3ng.<br \/>\nB\u00ecnh c\u00f3 n\u1eafp \u1ed1ng h\u00fat v\u00e0 n\u1eafp u\u1ed1ng tr\u1ef1c ti\u1ebfp, thi\u1ebft k\u1ebf \u0111\u1eb9p m\u1eaft, c\u00f3 th\u1ec3 ch\u1ee9a c\u00f9ng m\u1ed9t l\u01b0\u1ee3ng ch\u1ea5t l\u1ecfng nh\u01b0 c\u00e1c th\u01b0\u01a1ng hi\u1ec7u b\u00ecnh n\u01b0\u1edbc h\u00e0ng \u0111\u1ea7u kh\u00e1c.<br \/>\nThi\u1ebft k\u1ebf di \u0111\u1ed9ng, d\u1ec5 mang theo, c\u00e1ch nhi\u1ec7t ch\u00e2n kh\u00f4ng gi\u1eef \u0111\u1ed3 u\u1ed1ng n\u00f3ng ho\u1eb7c l\u1ea1nh l\u00ean \u0111\u1ebfn 12~24 gi\u1edd.<br \/>\nB\u00ecnh n\u01b0\u1edbc gi\u1eef nhi\u1ec7t 350ml l\u00e0 m\u00f3n qu\u00e0 tuy\u1ec7t v\u1eddi cho tr\u1ebb em.<\/p>","protected":false},"featured_media":3792,"comment_status":"open","ping_status":"closed","template":"","meta":{"_acf_changed":false},"product_brand":[],"product_cat":[200],"product_tag":[32,36,33,234,226,31,39,38,260,233,29,37,34,35,221,266,28,225,30],"class_list":{"0":"post-3791","1":"product","2":"type-product","3":"status-publish","4":"has-post-thumbnail","6":"product_cat-kids-water-bottles","7":"product_tag-best","8":"product_tag-bulk","9":"product_tag-buy","10":"product_tag-child-water-bottle","11":"product_tag-clear-kids-water-bottles","12":"product_tag-custom","13":"product_tag-for-sale","14":"product_tag-good-quality","15":"product_tag-kids-water-bottle","16":"product_tag-kids-water-bottle-for-school","17":"product_tag-manufacturers","18":"product_tag-manufacturing","19":"product_tag-price","20":"product_tag-small","21":"product_tag-stainless-steel-water-bottle-kids","22":"product_tag-steel-water-bottle-for-kids","23":"product_tag-suppliers","24":"product_tag-water-bottle-stainless-steel-custom-logo","25":"product_tag-wholesale","27":"first","28":"instock","29":"shipping-taxable","30":"product-type-simple"},"acf":[],"yoast_head":"<!-- This site is optimized with the Yoast SEO Premium plugin v27.5 (Yoast SEO v27.5) - https:\/\/yoast.com\/product\/yoast-seo-premium-wordpress\/ -->\n<title>Steel Water Bottle For Kids - Diller Water Bottle Manufacturer<\/title>\n<meta name=\"description\" content=\"As one of the best steel water bottle for kids manufacturers and suppliers, we are engaged in manufacturing good quality water bottles. We warmly welcome you to wholesale or buy custom made steel water bottle for kids at competitive price from us. Also, small quantity orders are acceptable.\" \/>\n<meta name=\"robots\" content=\"index, follow, max-snippet:-1, max-image-preview:large, max-video-preview:-1\" \/>\n<link rel=\"canonical\" href=\"https:\/\/www.dillerbottle.com\/vn\/cac-san-pham\/binh-dung-nuoc-bang-thep-cho-tre-em\" \/>\n<meta property=\"og:locale\" content=\"vi_VN\" \/>\n<meta property=\"og:type\" content=\"article\" \/>\n<meta property=\"og:title\" content=\"Steel Water Bottle For Kids\" \/>\n<meta property=\"og:description\" content=\"As one of the best steel water bottle for kids manufacturers and suppliers, we are engaged in manufacturing good quality water bottles. We warmly welcome you to wholesale or buy custom made steel water bottle for kids at competitive price from us. Also, small quantity orders are acceptable.\" \/>\n<meta property=\"og:url\" content=\"https:\/\/www.dillerbottle.com\/vn\/cac-san-pham\/binh-dung-nuoc-bang-thep-cho-tre-em\" \/>\n<meta property=\"og:site_name\" content=\"Diller Water Bottle Manufacturer\" \/>\n<meta property=\"article:modified_time\" content=\"2025-07-10T07:10:50+00:00\" \/>\n<meta property=\"og:image\" content=\"https:\/\/www.dillerbottle.com\/wp-content\/uploads\/2024\/09\/steel-water-bottle-for-kidsbd1b2454-5539-4a19-a2ab-08fd2994767a.jpg\" \/>\n\t<meta property=\"og:image:width\" content=\"730\" \/>\n\t<meta property=\"og:image:height\" content=\"730\" \/>\n\t<meta property=\"og:image:type\" content=\"image\/jpeg\" \/>\n<meta name=\"twitter:card\" content=\"summary_large_image\" \/>\n<meta name=\"twitter:label1\" content=\"\u01af\u1edbc t\u00ednh th\u1eddi gian \u0111\u1ecdc\" \/>\n\t<meta name=\"twitter:data1\" content=\"7 ph\u00fat\" \/>\n<script type=\"application\/ld+json\" class=\"yoast-schema-graph\">{\"@context\":\"https:\\\/\\\/schema.org\",\"@graph\":[{\"@type\":\"WebPage\",\"@id\":\"https:\\\/\\\/www.dillerbottle.com\\\/products\\\/steel-water-bottle-for-kids\",\"url\":\"https:\\\/\\\/www.dillerbottle.com\\\/products\\\/steel-water-bottle-for-kids\",\"name\":\"Steel Water Bottle For Kids - Diller Water Bottle Manufacturer\",\"isPartOf\":{\"@id\":\"https:\\\/\\\/www.dillerbottle.com\\\/#website\"},\"primaryImageOfPage\":{\"@id\":\"https:\\\/\\\/www.dillerbottle.com\\\/products\\\/steel-water-bottle-for-kids#primaryimage\"},\"image\":{\"@id\":\"https:\\\/\\\/www.dillerbottle.com\\\/products\\\/steel-water-bottle-for-kids#primaryimage\"},\"thumbnailUrl\":\"https:\\\/\\\/www.dillerbottle.com\\\/wp-content\\\/uploads\\\/2024\\\/09\\\/steel-water-bottle-for-kidsbd1b2454-5539-4a19-a2ab-08fd2994767a.jpg\",\"datePublished\":\"2024-09-26T08:31:37+00:00\",\"dateModified\":\"2025-07-10T07:10:50+00:00\",\"description\":\"As one of the best steel water bottle for kids manufacturers and suppliers, we are engaged in manufacturing good quality water bottles. We warmly welcome you to wholesale or buy custom made steel water bottle for kids at competitive price from us. Also, small quantity orders are acceptable.\",\"breadcrumb\":{\"@id\":\"https:\\\/\\\/www.dillerbottle.com\\\/products\\\/steel-water-bottle-for-kids#breadcrumb\"},\"inLanguage\":\"vi\",\"potentialAction\":[{\"@type\":\"ReadAction\",\"target\":[\"https:\\\/\\\/www.dillerbottle.com\\\/products\\\/steel-water-bottle-for-kids\"]}]},{\"@type\":\"ImageObject\",\"inLanguage\":\"vi\",\"@id\":\"https:\\\/\\\/www.dillerbottle.com\\\/products\\\/steel-water-bottle-for-kids#primaryimage\",\"url\":\"https:\\\/\\\/www.dillerbottle.com\\\/wp-content\\\/uploads\\\/2024\\\/09\\\/steel-water-bottle-for-kidsbd1b2454-5539-4a19-a2ab-08fd2994767a.jpg\",\"contentUrl\":\"https:\\\/\\\/www.dillerbottle.com\\\/wp-content\\\/uploads\\\/2024\\\/09\\\/steel-water-bottle-for-kidsbd1b2454-5539-4a19-a2ab-08fd2994767a.jpg\",\"width\":730,\"height\":730},{\"@type\":\"BreadcrumbList\",\"@id\":\"https:\\\/\\\/www.dillerbottle.com\\\/products\\\/steel-water-bottle-for-kids#breadcrumb\",\"itemListElement\":[{\"@type\":\"ListItem\",\"position\":1,\"name\":\"Home\",\"item\":\"https:\\\/\\\/www.dillerbottle.com\\\/\"},{\"@type\":\"ListItem\",\"position\":2,\"name\":\"Products\",\"item\":\"https:\\\/\\\/www.dillerbottle.com\\\/shop\"},{\"@type\":\"ListItem\",\"position\":3,\"name\":\"Steel Water Bottle For Kids\"}]},{\"@type\":\"WebSite\",\"@id\":\"https:\\\/\\\/www.dillerbottle.com\\\/#website\",\"url\":\"https:\\\/\\\/www.dillerbottle.com\\\/\",\"name\":\"Diller Water Bottle Manufacturer\",\"description\":\"Water Bottle Manufacturer\",\"publisher\":{\"@id\":\"https:\\\/\\\/www.dillerbottle.com\\\/#organization\"},\"potentialAction\":[{\"@type\":\"SearchAction\",\"target\":{\"@type\":\"EntryPoint\",\"urlTemplate\":\"https:\\\/\\\/www.dillerbottle.com\\\/?s={search_term_string}\"},\"query-input\":{\"@type\":\"PropertyValueSpecification\",\"valueRequired\":true,\"valueName\":\"search_term_string\"}}],\"inLanguage\":\"vi\"},{\"@type\":\"Organization\",\"@id\":\"https:\\\/\\\/www.dillerbottle.com\\\/#organization\",\"name\":\"Diller Water Bottle Manufacturer\",\"url\":\"https:\\\/\\\/www.dillerbottle.com\\\/\",\"logo\":{\"@type\":\"ImageObject\",\"inLanguage\":\"vi\",\"@id\":\"https:\\\/\\\/www.dillerbottle.com\\\/#\\\/schema\\\/logo\\\/image\\\/\",\"url\":\"https:\\\/\\\/www.dillerbottle.com\\\/wp-content\\\/uploads\\\/2024\\\/09\\\/49918bfa848dcc1e9f8b509933603ac.png\",\"contentUrl\":\"https:\\\/\\\/www.dillerbottle.com\\\/wp-content\\\/uploads\\\/2024\\\/09\\\/49918bfa848dcc1e9f8b509933603ac.png\",\"width\":988,\"height\":198,\"caption\":\"Diller Water Bottle Manufacturer\"},\"image\":{\"@id\":\"https:\\\/\\\/www.dillerbottle.com\\\/#\\\/schema\\\/logo\\\/image\\\/\"}}]}<\/script>\n<!-- \/ Yoast SEO Premium plugin. -->","yoast_head_json":{"title":"B\u00ecnh n\u01b0\u1edbc b\u1eb1ng th\u00e9p cho tr\u1ebb em - Nh\u00e0 s\u1ea3n xu\u1ea5t b\u00ecnh n\u01b0\u1edbc Diller","description":"L\u00e0 m\u1ed9t trong nh\u1eefng nh\u00e0 s\u1ea3n xu\u1ea5t v\u00e0 cung c\u1ea5p b\u00ecnh n\u01b0\u1edbc b\u1eb1ng th\u00e9p t\u1ed1t nh\u1ea5t cho tr\u1ebb em, ch\u00fang t\u00f4i tham gia s\u1ea3n xu\u1ea5t b\u00ecnh n\u01b0\u1edbc ch\u1ea5t l\u01b0\u1ee3ng t\u1ed1t. Ch\u00fang t\u00f4i n\u1ed3ng nhi\u1ec7t ch\u00e0o \u0111\u00f3n b\u1ea1n \u0111\u1ebfn b\u00e1n bu\u00f4n ho\u1eb7c mua b\u00ecnh n\u01b0\u1edbc b\u1eb1ng th\u00e9p t\u00f9y ch\u1ec9nh cho tr\u1ebb em v\u1edbi gi\u00e1 c\u1ea1nh tranh t\u1eeb ch\u00fang t\u00f4i. Ngo\u00e0i ra, ch\u00fang t\u00f4i ch\u1ea5p nh\u1eadn \u0111\u01a1n \u0111\u1eb7t h\u00e0ng s\u1ed1 l\u01b0\u1ee3ng nh\u1ecf.","robots":{"index":"index","follow":"follow","max-snippet":"max-snippet:-1","max-image-preview":"max-image-preview:large","max-video-preview":"max-video-preview:-1"},"canonical":"https:\/\/www.dillerbottle.com\/vn\/cac-san-pham\/binh-dung-nuoc-bang-thep-cho-tre-em","og_locale":"vi_VN","og_type":"article","og_title":"Steel Water Bottle For Kids","og_description":"As one of the best steel water bottle for kids manufacturers and suppliers, we are engaged in manufacturing good quality water bottles. We warmly welcome you to wholesale or buy custom made steel water bottle for kids at competitive price from us. Also, small quantity orders are acceptable.","og_url":"https:\/\/www.dillerbottle.com\/vn\/cac-san-pham\/binh-dung-nuoc-bang-thep-cho-tre-em","og_site_name":"Diller Water Bottle Manufacturer","article_modified_time":"2025-07-10T07:10:50+00:00","og_image":[{"width":730,"height":730,"url":"https:\/\/www.dillerbottle.com\/wp-content\/uploads\/2024\/09\/steel-water-bottle-for-kidsbd1b2454-5539-4a19-a2ab-08fd2994767a.jpg","type":"image\/jpeg"}],"twitter_card":"summary_large_image","twitter_misc":{"\u01af\u1edbc t\u00ednh th\u1eddi gian \u0111\u1ecdc":"7 ph\u00fat"},"schema":{"@context":"https:\/\/schema.org","@graph":[{"@type":"WebPage","@id":"https:\/\/www.dillerbottle.com\/products\/steel-water-bottle-for-kids","url":"https:\/\/www.dillerbottle.com\/products\/steel-water-bottle-for-kids","name":"B\u00ecnh n\u01b0\u1edbc b\u1eb1ng th\u00e9p cho tr\u1ebb em - Nh\u00e0 s\u1ea3n xu\u1ea5t b\u00ecnh n\u01b0\u1edbc Diller","isPartOf":{"@id":"https:\/\/www.dillerbottle.com\/#website"},"primaryImageOfPage":{"@id":"https:\/\/www.dillerbottle.com\/products\/steel-water-bottle-for-kids#primaryimage"},"image":{"@id":"https:\/\/www.dillerbottle.com\/products\/steel-water-bottle-for-kids#primaryimage"},"thumbnailUrl":"https:\/\/www.dillerbottle.com\/wp-content\/uploads\/2024\/09\/steel-water-bottle-for-kidsbd1b2454-5539-4a19-a2ab-08fd2994767a.jpg","datePublished":"2024-09-26T08:31:37+00:00","dateModified":"2025-07-10T07:10:50+00:00","description":"L\u00e0 m\u1ed9t trong nh\u1eefng nh\u00e0 s\u1ea3n xu\u1ea5t v\u00e0 cung c\u1ea5p b\u00ecnh n\u01b0\u1edbc b\u1eb1ng th\u00e9p t\u1ed1t nh\u1ea5t cho tr\u1ebb em, ch\u00fang t\u00f4i tham gia s\u1ea3n xu\u1ea5t b\u00ecnh n\u01b0\u1edbc ch\u1ea5t l\u01b0\u1ee3ng t\u1ed1t. Ch\u00fang t\u00f4i n\u1ed3ng nhi\u1ec7t ch\u00e0o \u0111\u00f3n b\u1ea1n \u0111\u1ebfn b\u00e1n bu\u00f4n ho\u1eb7c mua b\u00ecnh n\u01b0\u1edbc b\u1eb1ng th\u00e9p t\u00f9y ch\u1ec9nh cho tr\u1ebb em v\u1edbi gi\u00e1 c\u1ea1nh tranh t\u1eeb ch\u00fang t\u00f4i. Ngo\u00e0i ra, ch\u00fang t\u00f4i ch\u1ea5p nh\u1eadn \u0111\u01a1n \u0111\u1eb7t h\u00e0ng s\u1ed1 l\u01b0\u1ee3ng nh\u1ecf.","breadcrumb":{"@id":"https:\/\/www.dillerbottle.com\/products\/steel-water-bottle-for-kids#breadcrumb"},"inLanguage":"vi","potentialAction":[{"@type":"ReadAction","target":["https:\/\/www.dillerbottle.com\/products\/steel-water-bottle-for-kids"]}]},{"@type":"ImageObject","inLanguage":"vi","@id":"https:\/\/www.dillerbottle.com\/products\/steel-water-bottle-for-kids#primaryimage","url":"https:\/\/www.dillerbottle.com\/wp-content\/uploads\/2024\/09\/steel-water-bottle-for-kidsbd1b2454-5539-4a19-a2ab-08fd2994767a.jpg","contentUrl":"https:\/\/www.dillerbottle.com\/wp-content\/uploads\/2024\/09\/steel-water-bottle-for-kidsbd1b2454-5539-4a19-a2ab-08fd2994767a.jpg","width":730,"height":730},{"@type":"BreadcrumbList","@id":"https:\/\/www.dillerbottle.com\/products\/steel-water-bottle-for-kids#breadcrumb","itemListElement":[{"@type":"ListItem","position":1,"name":"Home","item":"https:\/\/www.dillerbottle.com\/"},{"@type":"ListItem","position":2,"name":"Products","item":"https:\/\/www.dillerbottle.com\/shop"},{"@type":"ListItem","position":3,"name":"Steel Water Bottle For Kids"}]},{"@type":"WebSite","@id":"https:\/\/www.dillerbottle.com\/#website","url":"https:\/\/www.dillerbottle.com\/","name":"Nh\u00e0 s\u1ea3n xu\u1ea5t b\u00ecnh n\u01b0\u1edbc Diller","description":"Nh\u00e0 s\u1ea3n xu\u1ea5t b\u00ecnh n\u01b0\u1edbc","publisher":{"@id":"https:\/\/www.dillerbottle.com\/#organization"},"potentialAction":[{"@type":"SearchAction","target":{"@type":"EntryPoint","urlTemplate":"https:\/\/www.dillerbottle.com\/?s={search_term_string}"},"query-input":{"@type":"PropertyValueSpecification","valueRequired":true,"valueName":"search_term_string"}}],"inLanguage":"vi"},{"@type":"Organization","@id":"https:\/\/www.dillerbottle.com\/#organization","name":"Nh\u00e0 s\u1ea3n xu\u1ea5t b\u00ecnh n\u01b0\u1edbc Diller","url":"https:\/\/www.dillerbottle.com\/","logo":{"@type":"ImageObject","inLanguage":"vi","@id":"https:\/\/www.dillerbottle.com\/#\/schema\/logo\/image\/","url":"https:\/\/www.dillerbottle.com\/wp-content\/uploads\/2024\/09\/49918bfa848dcc1e9f8b509933603ac.png","contentUrl":"https:\/\/www.dillerbottle.com\/wp-content\/uploads\/2024\/09\/49918bfa848dcc1e9f8b509933603ac.png","width":988,"height":198,"caption":"Diller Water Bottle Manufacturer"},"image":{"@id":"https:\/\/www.dillerbottle.com\/#\/schema\/logo\/image\/"}}]}},"_links":{"self":[{"href":"https:\/\/www.dillerbottle.com\/vn\/wp-json\/wp\/v2\/product\/3791","targetHints":{"allow":["GET"]}}],"collection":[{"href":"https:\/\/www.dillerbottle.com\/vn\/wp-json\/wp\/v2\/product"}],"about":[{"href":"https:\/\/www.dillerbottle.com\/vn\/wp-json\/wp\/v2\/types\/product"}],"replies":[{"embeddable":true,"href":"https:\/\/www.dillerbottle.com\/vn\/wp-json\/wp\/v2\/comments?post=3791"}],"wp:featuredmedia":[{"embeddable":true,"href":"https:\/\/www.dillerbottle.com\/vn\/wp-json\/wp\/v2\/media\/3792"}],"wp:attachment":[{"href":"https:\/\/www.dillerbottle.com\/vn\/wp-json\/wp\/v2\/media?parent=3791"}],"wp:term":[{"taxonomy":"product_brand","embeddable":true,"href":"https:\/\/www.dillerbottle.com\/vn\/wp-json\/wp\/v2\/product_brand?post=3791"},{"taxonomy":"product_cat","embeddable":true,"href":"https:\/\/www.dillerbottle.com\/vn\/wp-json\/wp\/v2\/product_cat?post=3791"},{"taxonomy":"product_tag","embeddable":true,"href":"https:\/\/www.dillerbottle.com\/vn\/wp-json\/wp\/v2\/product_tag?post=3791"}],"curies":[{"name":"wp","href":"https:\/\/api.w.org\/{rel}","templated":true}]}}