{"id":3850,"date":"2024-09-26T16:32:25","date_gmt":"2024-09-26T08:32:25","guid":{"rendered":"https:\/\/demo.dillerbottle.com\/uncategorized\/kids-stainless-steel-water-bottle"},"modified":"2025-07-10T15:10:09","modified_gmt":"2025-07-10T07:10:09","slug":"binh-nuoc-bang-thep-khong-gi-cho-tre-em-2","status":"publish","type":"product","link":"https:\/\/www.dillerbottle.com\/vn\/products\/kids-stainless-steel-water-bottle","title":{"rendered":"B\u00ecnh n\u01b0\u1edbc b\u1eb1ng th\u00e9p kh\u00f4ng g\u1ec9 cho tr\u1ebb em"},"content":{"rendered":"<p>Th\u00f4ng tin s\u1ea3n ph\u1ea9m:<br \/>\n1. Nh\u1eefng b\u00ecnh th\u00e9p kh\u00f4ng g\u1ec9 c\u00e1ch nhi\u1ec7t ch\u00e2n kh\u00f4ng hai l\u1edbp n\u00e0y ng\u0103n kh\u00f4ng cho nhi\u1ec7t \u0111\u1ed9 b\u00ean ngo\u00e0i \u1ea3nh h\u01b0\u1edfng \u0111\u1ebfn nhi\u1ec7t \u0111\u1ed9 \u0111\u1ed3 u\u1ed1ng b\u00ean trong \u0111\u1ec3 \u0111\u1ed3 u\u1ed1ng c\u1ee7a b\u1ea1n lu\u00f4n gi\u1eef \u0111\u01b0\u1ee3c h\u01b0\u01a1ng v\u1ecb nh\u01b0 b\u1ea1n th\u00edch - su\u1ed1t c\u1ea3 ng\u00e0y.<\/p>\n<p>2. Th\u00edch h\u1ee3p cho c\u00e1c ho\u1ea1t \u0111\u1ed9ng \u1edf tr\u01b0\u1eddng ho\u1eb7c ngo\u00e0i tr\u1eddi nh\u01b0 th\u1ec3 thao, c\u1eafm tr\u1ea1i, \u0111\u1ea1p xe, v.v., nh\u1eefng b\u00ecnh n\u01b0\u1edbc b\u1eb1ng th\u00e9p kh\u00f4ng g\u1ec9 d\u00e0nh cho tr\u1ebb em n\u00e0y \u0111\u01b0\u1ee3c trang b\u1ecb tay c\u1ea7m ho\u1eb7c d\u00e2y \u0111eo vai, r\u1ea5t d\u1ec5 mang theo.<\/p>\n<p>3. B\u00ecnh n\u01b0\u1edbc b\u1eb1ng th\u00e9p kh\u00f4ng g\u1ec9 d\u00e0nh cho tr\u1ebb em \u0111\u01b0\u1ee3c l\u00e0m b\u1eb1ng th\u00e9p kh\u00f4ng g\u1ec9 c\u1ea5p th\u1ef1c ph\u1ea9m 316, nh\u1eefng b\u00ecnh n\u00e0y kh\u00f4ng ch\u1ee9a BPA, kh\u00f4ng \u0111\u1ed9c t\u1ed1 v\u00e0 kh\u00f4ng b\u1ecb g\u1ec9; B\u00ecnh c\u00f3 th\u1ec3 r\u1eeda b\u1eb1ng m\u00e1y r\u1eeda ch\u00e9n v\u00e0 c\u00f3 mi\u1ec7ng r\u1ed9ng gi\u00fap d\u1ec5 d\u00e0ng v\u1ec7 sinh \u2013 v\u00e0 cho \u0111\u00e1 vi\u00ean v\u00e0o.<\/p>\n<p>4. Th\u00edch h\u1ee3p cho c\u00e1c cu\u1ed9c phi\u00eau l\u01b0u h\u00e0ng ng\u00e0y: D\u1ec5 v\u1ec7 sinh, b\u00ecnh n\u01b0\u1edbc b\u1eb1ng th\u00e9p kh\u00f4ng g\u1ec9 d\u00e0nh cho tr\u1ebb em c\u00f3 th\u1ec3 gi\u1eef \u0111\u1ed3 u\u1ed1ng l\u1ea1nh t\u1edbi 24 gi\u1edd, n\u00f3ng t\u1edbi 12 gi\u1edd v\u00e0 cung c\u1ea5p n\u01b0\u1edbc cho b\u1ea1n trong su\u1ed1t qu\u00e1 tr\u00ecnh t\u1eadp luy\u1ec7n ho\u1eb7c phi\u00eau l\u01b0u.<\/p>","protected":false},"excerpt":{"rendered":"<p>B\u1ea1n \u0111ang t\u00ecm ki\u1ebfm m\u1ed9t c\u00e1ch \u0111\u1ed9c \u0111\u00e1o \u0111\u1ec3 qu\u1ea3ng b\u00e1 doanh nghi\u1ec7p c\u1ee7a m\u00ecnh? T\u1ea1i sao kh\u00f4ng t\u00f9y ch\u1ec9nh B\u00ecnh n\u01b0\u1edbc b\u1eb1ng th\u00e9p kh\u00f4ng g\u1ec9 cho tr\u1ebb em v\u1edbi logo, m\u00e0u s\u1eafc, hoa v\u0103n ho\u1eb7c thi\u1ebft k\u1ebf c\u1ee7a b\u1ea1n? Nh\u00f3m c\u1ee7a ch\u00fang t\u00f4i c\u00f3 th\u1ec3 l\u00e0m vi\u1ec7c v\u1edbi b\u1ea1n \u0111\u1ec3 t\u1ea1o ra m\u1ed9t thi\u1ebft k\u1ebf ho\u1eb7c hoa v\u0103n \u0111\u1ed9c \u0111\u00e1o ph\u1ea3n \u00e1nh ho\u00e0n h\u1ea3o th\u01b0\u01a1ng hi\u1ec7u c\u1ee7a b\u1ea1n.<br \/>\nCh\u00fang t\u00f4i c\u0169ng cung c\u1ea5p m\u1eabu mi\u1ec5n ph\u00ed \u0111\u1ec3 gi\u00fap b\u1ea1n b\u1eaft \u0111\u1ea7u v\u00e0 t\u00f9y ch\u1ecdn mua s\u1ed1 l\u01b0\u1ee3ng l\u1edbn gi\u00fap b\u1ea1n d\u1ec5 d\u00e0ng c\u00f3 \u0111\u01b0\u1ee3c s\u1ed1 l\u01b0\u1ee3ng b\u1ea1n c\u1ea7n.<br \/>\nB\u00ecnh n\u01b0\u1edbc b\u1eb1ng th\u00e9p kh\u00f4ng g\u1ec9 cho tr\u1ebb em \u0111\u01b0\u1ee3c l\u00e0m b\u1eb1ng th\u00e9p kh\u00f4ng g\u1ec9 316 c\u1ea5p th\u1ef1c ph\u1ea9m, kh\u00f4ng ch\u1ee9a BPA, kh\u00f4ng \u0111\u1ed9c t\u1ed1 v\u00e0 kh\u00f4ng b\u1ecb g\u1ec9.<br \/>\nTh\u00edch h\u1ee3p cho c\u00e1c cu\u1ed9c phi\u00eau l\u01b0u h\u00e0ng ng\u00e0y, d\u1ec5 v\u1ec7 sinh, b\u00ecnh n\u01b0\u1edbc b\u1eb1ng th\u00e9p kh\u00f4ng g\u1ec9 d\u00e0nh cho tr\u1ebb em c\u00f3 th\u1ec3 gi\u1eef \u0111\u1ed3 u\u1ed1ng l\u1ea1nh t\u1edbi 24 gi\u1edd, \u0111\u1ed3 u\u1ed1ng n\u00f3ng t\u1edbi 12 gi\u1edd v\u00e0 b\u1ea1n \u0111\u01b0\u1ee3c cung c\u1ea5p n\u01b0\u1edbc trong su\u1ed1t qu\u00e1 tr\u00ecnh t\u1eadp luy\u1ec7n ho\u1eb7c phi\u00eau l\u01b0u.<\/p>","protected":false},"featured_media":3851,"comment_status":"open","ping_status":"closed","template":"","meta":{"_acf_changed":false},"product_brand":[],"product_cat":[200],"product_tag":[258,32,36,33,234,31,39,38,248,237,231,29,37,34,35,28,204,229,30],"class_list":{"0":"post-3850","1":"product","2":"type-product","3":"status-publish","4":"has-post-thumbnail","6":"product_cat-kids-water-bottles","7":"product_tag-5-gallon-water-bottle","8":"product_tag-best","9":"product_tag-bulk","10":"product_tag-buy","11":"product_tag-child-water-bottle","12":"product_tag-custom","13":"product_tag-for-sale","14":"product_tag-good-quality","15":"product_tag-kids-insulated-water-bottle","16":"product_tag-kids-stainless-steel-water-bottle","17":"product_tag-kids-water-bottle-bpa-free","18":"product_tag-manufacturers","19":"product_tag-manufacturing","20":"product_tag-price","21":"product_tag-small","22":"product_tag-suppliers","23":"product_tag-water-bottle-for-kids-cartoon","24":"product_tag-water-bottle-kids","25":"product_tag-wholesale","27":"first","28":"instock","29":"shipping-taxable","30":"product-type-simple"},"acf":[],"yoast_head":"<!-- This site is optimized with the Yoast SEO Premium plugin v27.5 (Yoast SEO v27.5) - https:\/\/yoast.com\/product\/yoast-seo-premium-wordpress\/ -->\n<title>Kids Stainless Steel Water Bottle - Diller Water Bottle Manufacturer<\/title>\n<meta name=\"description\" content=\"As one of the best kids stainless steel water bottle manufacturers and suppliers, we are engaged in manufacturing good quality water bottles. We warmly welcome you to wholesale or buy custom made kids stainless steel water bottle at competitive price from us. Also, small quantity orders are acceptable.\" \/>\n<meta name=\"robots\" content=\"index, follow, max-snippet:-1, max-image-preview:large, max-video-preview:-1\" \/>\n<link rel=\"canonical\" href=\"https:\/\/www.dillerbottle.com\/vn\/cac-san-pham\/binh-nuoc-bang-thep-khong-gi-cho-tre-em-2\" \/>\n<meta property=\"og:locale\" content=\"vi_VN\" \/>\n<meta property=\"og:type\" content=\"article\" \/>\n<meta property=\"og:title\" content=\"Kids Stainless Steel Water Bottle\" \/>\n<meta property=\"og:description\" content=\"As one of the best kids stainless steel water bottle manufacturers and suppliers, we are engaged in manufacturing good quality water bottles. We warmly welcome you to wholesale or buy custom made kids stainless steel water bottle at competitive price from us. Also, small quantity orders are acceptable.\" \/>\n<meta property=\"og:url\" content=\"https:\/\/www.dillerbottle.com\/vn\/cac-san-pham\/binh-nuoc-bang-thep-khong-gi-cho-tre-em-2\" \/>\n<meta property=\"og:site_name\" content=\"Diller Water Bottle Manufacturer\" \/>\n<meta property=\"article:modified_time\" content=\"2025-07-10T07:10:09+00:00\" \/>\n<meta property=\"og:image\" content=\"https:\/\/www.dillerbottle.com\/wp-content\/uploads\/2024\/09\/kids-stainless-steel-water-bottle57072955443.jpg\" \/>\n\t<meta property=\"og:image:width\" content=\"730\" \/>\n\t<meta property=\"og:image:height\" content=\"730\" \/>\n\t<meta property=\"og:image:type\" content=\"image\/jpeg\" \/>\n<meta name=\"twitter:card\" content=\"summary_large_image\" \/>\n<meta name=\"twitter:label1\" content=\"\u01af\u1edbc t\u00ednh th\u1eddi gian \u0111\u1ecdc\" \/>\n\t<meta name=\"twitter:data1\" content=\"2 ph\u00fat\" \/>\n<script type=\"application\/ld+json\" class=\"yoast-schema-graph\">{\"@context\":\"https:\\\/\\\/schema.org\",\"@graph\":[{\"@type\":\"WebPage\",\"@id\":\"https:\\\/\\\/www.dillerbottle.com\\\/de\\\/produkte\\\/edelstahl-trinkflasche-fur-kinder\",\"url\":\"https:\\\/\\\/www.dillerbottle.com\\\/de\\\/produkte\\\/edelstahl-trinkflasche-fur-kinder\",\"name\":\"Kids Stainless Steel Water Bottle - Diller Water Bottle Manufacturer\",\"isPartOf\":{\"@id\":\"https:\\\/\\\/www.dillerbottle.com\\\/#website\"},\"primaryImageOfPage\":{\"@id\":\"https:\\\/\\\/www.dillerbottle.com\\\/de\\\/produkte\\\/edelstahl-trinkflasche-fur-kinder#primaryimage\"},\"image\":{\"@id\":\"https:\\\/\\\/www.dillerbottle.com\\\/de\\\/produkte\\\/edelstahl-trinkflasche-fur-kinder#primaryimage\"},\"thumbnailUrl\":\"https:\\\/\\\/www.dillerbottle.com\\\/wp-content\\\/uploads\\\/2024\\\/09\\\/kids-stainless-steel-water-bottle57072955443.jpg\",\"datePublished\":\"2024-09-26T08:32:25+00:00\",\"dateModified\":\"2025-07-10T07:10:09+00:00\",\"description\":\"As one of the best kids stainless steel water bottle manufacturers and suppliers, we are engaged in manufacturing good quality water bottles. We warmly welcome you to wholesale or buy custom made kids stainless steel water bottle at competitive price from us. Also, small quantity orders are acceptable.\",\"breadcrumb\":{\"@id\":\"https:\\\/\\\/www.dillerbottle.com\\\/de\\\/produkte\\\/edelstahl-trinkflasche-fur-kinder#breadcrumb\"},\"inLanguage\":\"vi\",\"potentialAction\":[{\"@type\":\"ReadAction\",\"target\":[\"https:\\\/\\\/www.dillerbottle.com\\\/de\\\/produkte\\\/edelstahl-trinkflasche-fur-kinder\"]}]},{\"@type\":\"ImageObject\",\"inLanguage\":\"vi\",\"@id\":\"https:\\\/\\\/www.dillerbottle.com\\\/de\\\/produkte\\\/edelstahl-trinkflasche-fur-kinder#primaryimage\",\"url\":\"https:\\\/\\\/www.dillerbottle.com\\\/wp-content\\\/uploads\\\/2024\\\/09\\\/kids-stainless-steel-water-bottle57072955443.jpg\",\"contentUrl\":\"https:\\\/\\\/www.dillerbottle.com\\\/wp-content\\\/uploads\\\/2024\\\/09\\\/kids-stainless-steel-water-bottle57072955443.jpg\",\"width\":730,\"height\":730},{\"@type\":\"BreadcrumbList\",\"@id\":\"https:\\\/\\\/www.dillerbottle.com\\\/de\\\/produkte\\\/edelstahl-trinkflasche-fur-kinder#breadcrumb\",\"itemListElement\":[{\"@type\":\"ListItem\",\"position\":1,\"name\":\"Home\",\"item\":\"https:\\\/\\\/www.dillerbottle.com\\\/\"},{\"@type\":\"ListItem\",\"position\":2,\"name\":\"Products\",\"item\":\"https:\\\/\\\/www.dillerbottle.com\\\/shop\"},{\"@type\":\"ListItem\",\"position\":3,\"name\":\"Kids Stainless Steel Water Bottle\"}]},{\"@type\":\"WebSite\",\"@id\":\"https:\\\/\\\/www.dillerbottle.com\\\/#website\",\"url\":\"https:\\\/\\\/www.dillerbottle.com\\\/\",\"name\":\"Diller Water Bottle Manufacturer\",\"description\":\"Water Bottle Manufacturer\",\"publisher\":{\"@id\":\"https:\\\/\\\/www.dillerbottle.com\\\/#organization\"},\"potentialAction\":[{\"@type\":\"SearchAction\",\"target\":{\"@type\":\"EntryPoint\",\"urlTemplate\":\"https:\\\/\\\/www.dillerbottle.com\\\/?s={search_term_string}\"},\"query-input\":{\"@type\":\"PropertyValueSpecification\",\"valueRequired\":true,\"valueName\":\"search_term_string\"}}],\"inLanguage\":\"vi\"},{\"@type\":\"Organization\",\"@id\":\"https:\\\/\\\/www.dillerbottle.com\\\/#organization\",\"name\":\"Diller Water Bottle Manufacturer\",\"url\":\"https:\\\/\\\/www.dillerbottle.com\\\/\",\"logo\":{\"@type\":\"ImageObject\",\"inLanguage\":\"vi\",\"@id\":\"https:\\\/\\\/www.dillerbottle.com\\\/#\\\/schema\\\/logo\\\/image\\\/\",\"url\":\"https:\\\/\\\/www.dillerbottle.com\\\/wp-content\\\/uploads\\\/2024\\\/09\\\/49918bfa848dcc1e9f8b509933603ac.png\",\"contentUrl\":\"https:\\\/\\\/www.dillerbottle.com\\\/wp-content\\\/uploads\\\/2024\\\/09\\\/49918bfa848dcc1e9f8b509933603ac.png\",\"width\":988,\"height\":198,\"caption\":\"Diller Water Bottle Manufacturer\"},\"image\":{\"@id\":\"https:\\\/\\\/www.dillerbottle.com\\\/#\\\/schema\\\/logo\\\/image\\\/\"}}]}<\/script>\n<!-- \/ Yoast SEO Premium plugin. -->","yoast_head_json":{"title":"B\u00ecnh n\u01b0\u1edbc b\u1eb1ng th\u00e9p kh\u00f4ng g\u1ec9 cho tr\u1ebb em - Nh\u00e0 s\u1ea3n xu\u1ea5t b\u00ecnh n\u01b0\u1edbc Diller","description":"L\u00e0 m\u1ed9t trong nh\u1eefng nh\u00e0 s\u1ea3n xu\u1ea5t v\u00e0 cung c\u1ea5p b\u00ecnh n\u01b0\u1edbc b\u1eb1ng th\u00e9p kh\u00f4ng g\u1ec9 cho tr\u1ebb em t\u1ed1t nh\u1ea5t, ch\u00fang t\u00f4i tham gia s\u1ea3n xu\u1ea5t b\u00ecnh n\u01b0\u1edbc ch\u1ea5t l\u01b0\u1ee3ng t\u1ed1t. Ch\u00fang t\u00f4i n\u1ed3ng nhi\u1ec7t ch\u00e0o \u0111\u00f3n b\u1ea1n \u0111\u1ebfn b\u00e1n bu\u00f4n ho\u1eb7c mua b\u00ecnh n\u01b0\u1edbc b\u1eb1ng th\u00e9p kh\u00f4ng g\u1ec9 cho tr\u1ebb em t\u00f9y ch\u1ec9nh v\u1edbi gi\u00e1 c\u1ea3 c\u1ea1nh tranh t\u1eeb ch\u00fang t\u00f4i. Ngo\u00e0i ra, ch\u00fang t\u00f4i c\u0169ng ch\u1ea5p nh\u1eadn \u0111\u01a1n \u0111\u1eb7t h\u00e0ng s\u1ed1 l\u01b0\u1ee3ng nh\u1ecf.","robots":{"index":"index","follow":"follow","max-snippet":"max-snippet:-1","max-image-preview":"max-image-preview:large","max-video-preview":"max-video-preview:-1"},"canonical":"https:\/\/www.dillerbottle.com\/vn\/cac-san-pham\/binh-nuoc-bang-thep-khong-gi-cho-tre-em-2","og_locale":"vi_VN","og_type":"article","og_title":"Kids Stainless Steel Water Bottle","og_description":"As one of the best kids stainless steel water bottle manufacturers and suppliers, we are engaged in manufacturing good quality water bottles. We warmly welcome you to wholesale or buy custom made kids stainless steel water bottle at competitive price from us. Also, small quantity orders are acceptable.","og_url":"https:\/\/www.dillerbottle.com\/vn\/cac-san-pham\/binh-nuoc-bang-thep-khong-gi-cho-tre-em-2","og_site_name":"Diller Water Bottle Manufacturer","article_modified_time":"2025-07-10T07:10:09+00:00","og_image":[{"width":730,"height":730,"url":"https:\/\/www.dillerbottle.com\/wp-content\/uploads\/2024\/09\/kids-stainless-steel-water-bottle57072955443.jpg","type":"image\/jpeg"}],"twitter_card":"summary_large_image","twitter_misc":{"\u01af\u1edbc t\u00ednh th\u1eddi gian \u0111\u1ecdc":"2 ph\u00fat"},"schema":{"@context":"https:\/\/schema.org","@graph":[{"@type":"WebPage","@id":"https:\/\/www.dillerbottle.com\/de\/produkte\/edelstahl-trinkflasche-fur-kinder","url":"https:\/\/www.dillerbottle.com\/de\/produkte\/edelstahl-trinkflasche-fur-kinder","name":"B\u00ecnh n\u01b0\u1edbc b\u1eb1ng th\u00e9p kh\u00f4ng g\u1ec9 cho tr\u1ebb em - Nh\u00e0 s\u1ea3n xu\u1ea5t b\u00ecnh n\u01b0\u1edbc Diller","isPartOf":{"@id":"https:\/\/www.dillerbottle.com\/#website"},"primaryImageOfPage":{"@id":"https:\/\/www.dillerbottle.com\/de\/produkte\/edelstahl-trinkflasche-fur-kinder#primaryimage"},"image":{"@id":"https:\/\/www.dillerbottle.com\/de\/produkte\/edelstahl-trinkflasche-fur-kinder#primaryimage"},"thumbnailUrl":"https:\/\/www.dillerbottle.com\/wp-content\/uploads\/2024\/09\/kids-stainless-steel-water-bottle57072955443.jpg","datePublished":"2024-09-26T08:32:25+00:00","dateModified":"2025-07-10T07:10:09+00:00","description":"L\u00e0 m\u1ed9t trong nh\u1eefng nh\u00e0 s\u1ea3n xu\u1ea5t v\u00e0 cung c\u1ea5p b\u00ecnh n\u01b0\u1edbc b\u1eb1ng th\u00e9p kh\u00f4ng g\u1ec9 cho tr\u1ebb em t\u1ed1t nh\u1ea5t, ch\u00fang t\u00f4i tham gia s\u1ea3n xu\u1ea5t b\u00ecnh n\u01b0\u1edbc ch\u1ea5t l\u01b0\u1ee3ng t\u1ed1t. Ch\u00fang t\u00f4i n\u1ed3ng nhi\u1ec7t ch\u00e0o \u0111\u00f3n b\u1ea1n \u0111\u1ebfn b\u00e1n bu\u00f4n ho\u1eb7c mua b\u00ecnh n\u01b0\u1edbc b\u1eb1ng th\u00e9p kh\u00f4ng g\u1ec9 cho tr\u1ebb em t\u00f9y ch\u1ec9nh v\u1edbi gi\u00e1 c\u1ea3 c\u1ea1nh tranh t\u1eeb ch\u00fang t\u00f4i. Ngo\u00e0i ra, ch\u00fang t\u00f4i c\u0169ng ch\u1ea5p nh\u1eadn \u0111\u01a1n \u0111\u1eb7t h\u00e0ng s\u1ed1 l\u01b0\u1ee3ng nh\u1ecf.","breadcrumb":{"@id":"https:\/\/www.dillerbottle.com\/de\/produkte\/edelstahl-trinkflasche-fur-kinder#breadcrumb"},"inLanguage":"vi","potentialAction":[{"@type":"ReadAction","target":["https:\/\/www.dillerbottle.com\/de\/produkte\/edelstahl-trinkflasche-fur-kinder"]}]},{"@type":"ImageObject","inLanguage":"vi","@id":"https:\/\/www.dillerbottle.com\/de\/produkte\/edelstahl-trinkflasche-fur-kinder#primaryimage","url":"https:\/\/www.dillerbottle.com\/wp-content\/uploads\/2024\/09\/kids-stainless-steel-water-bottle57072955443.jpg","contentUrl":"https:\/\/www.dillerbottle.com\/wp-content\/uploads\/2024\/09\/kids-stainless-steel-water-bottle57072955443.jpg","width":730,"height":730},{"@type":"BreadcrumbList","@id":"https:\/\/www.dillerbottle.com\/de\/produkte\/edelstahl-trinkflasche-fur-kinder#breadcrumb","itemListElement":[{"@type":"ListItem","position":1,"name":"Home","item":"https:\/\/www.dillerbottle.com\/"},{"@type":"ListItem","position":2,"name":"Products","item":"https:\/\/www.dillerbottle.com\/shop"},{"@type":"ListItem","position":3,"name":"Kids Stainless Steel Water Bottle"}]},{"@type":"WebSite","@id":"https:\/\/www.dillerbottle.com\/#website","url":"https:\/\/www.dillerbottle.com\/","name":"Nh\u00e0 s\u1ea3n xu\u1ea5t b\u00ecnh n\u01b0\u1edbc Diller","description":"Nh\u00e0 s\u1ea3n xu\u1ea5t b\u00ecnh n\u01b0\u1edbc","publisher":{"@id":"https:\/\/www.dillerbottle.com\/#organization"},"potentialAction":[{"@type":"SearchAction","target":{"@type":"EntryPoint","urlTemplate":"https:\/\/www.dillerbottle.com\/?s={search_term_string}"},"query-input":{"@type":"PropertyValueSpecification","valueRequired":true,"valueName":"search_term_string"}}],"inLanguage":"vi"},{"@type":"Organization","@id":"https:\/\/www.dillerbottle.com\/#organization","name":"Nh\u00e0 s\u1ea3n xu\u1ea5t b\u00ecnh n\u01b0\u1edbc Diller","url":"https:\/\/www.dillerbottle.com\/","logo":{"@type":"ImageObject","inLanguage":"vi","@id":"https:\/\/www.dillerbottle.com\/#\/schema\/logo\/image\/","url":"https:\/\/www.dillerbottle.com\/wp-content\/uploads\/2024\/09\/49918bfa848dcc1e9f8b509933603ac.png","contentUrl":"https:\/\/www.dillerbottle.com\/wp-content\/uploads\/2024\/09\/49918bfa848dcc1e9f8b509933603ac.png","width":988,"height":198,"caption":"Diller Water Bottle Manufacturer"},"image":{"@id":"https:\/\/www.dillerbottle.com\/#\/schema\/logo\/image\/"}}]}},"_links":{"self":[{"href":"https:\/\/www.dillerbottle.com\/vn\/wp-json\/wp\/v2\/product\/3850","targetHints":{"allow":["GET"]}}],"collection":[{"href":"https:\/\/www.dillerbottle.com\/vn\/wp-json\/wp\/v2\/product"}],"about":[{"href":"https:\/\/www.dillerbottle.com\/vn\/wp-json\/wp\/v2\/types\/product"}],"replies":[{"embeddable":true,"href":"https:\/\/www.dillerbottle.com\/vn\/wp-json\/wp\/v2\/comments?post=3850"}],"wp:featuredmedia":[{"embeddable":true,"href":"https:\/\/www.dillerbottle.com\/vn\/wp-json\/wp\/v2\/media\/3851"}],"wp:attachment":[{"href":"https:\/\/www.dillerbottle.com\/vn\/wp-json\/wp\/v2\/media?parent=3850"}],"wp:term":[{"taxonomy":"product_brand","embeddable":true,"href":"https:\/\/www.dillerbottle.com\/vn\/wp-json\/wp\/v2\/product_brand?post=3850"},{"taxonomy":"product_cat","embeddable":true,"href":"https:\/\/www.dillerbottle.com\/vn\/wp-json\/wp\/v2\/product_cat?post=3850"},{"taxonomy":"product_tag","embeddable":true,"href":"https:\/\/www.dillerbottle.com\/vn\/wp-json\/wp\/v2\/product_tag?post=3850"}],"curies":[{"name":"wp","href":"https:\/\/api.w.org\/{rel}","templated":true}]}}