{"id":4232,"date":"2024-09-26T16:36:28","date_gmt":"2024-09-26T08:36:28","guid":{"rendered":"https:\/\/demo.dillerbottle.com\/uncategorized\/kids-insulated-bottle"},"modified":"2025-07-10T14:27:21","modified_gmt":"2025-07-10T06:27:21","slug":"binh-giu-nhiet-tre-em-4","status":"publish","type":"product","link":"https:\/\/www.dillerbottle.com\/vn\/products\/kids-insulated-bottle","title":{"rendered":"B\u00ecnh gi\u1eef nhi\u1ec7t cho tr\u1ebb em"},"content":{"rendered":"<p>\u0110\u1eb7c tr\u01b0ng:<br \/>\n1. Ph\u1ea7n b\u00ean trong c\u1ee7a b\u00ecnh gi\u1eef nhi\u1ec7t d\u00e0nh cho tr\u1ebb em \u0111\u01b0\u1ee3c l\u00e0m b\u1eb1ng v\u1eadt li\u1ec7u th\u00e9p kh\u00f4ng g\u1ec9 316 ch\u1ea5t l\u01b0\u1ee3ng cao, c\u00f3 l\u1edbp c\u00e1ch nhi\u1ec7t ch\u00e2n kh\u00f4ng hai l\u1edbp, v\u1eadt li\u1ec7u t\u1ed5ng th\u1ec3 \u0111\u01b0\u1ee3c s\u1eed d\u1ee5ng trong b\u00ecnh n\u01b0\u1edbc l\u00e0 v\u1eadt li\u1ec7u an to\u00e0n kh\u00f4ng ch\u1ee9a BPA, c\u1ea5p th\u1ef1c ph\u1ea9m, gi\u00fap b\u00ecnh gi\u1eef nhi\u1ec7t d\u00e0nh cho tr\u1ebb em b\u1ec1n b\u1ec9.<\/p>\n<p>3. B\u00ecnh n\u01b0\u1edbc gi\u1eef nhi\u1ec7t tr\u1ebb em Diller c\u00f3 h\u1ecda ti\u1ebft d\u1ec5 th\u01b0\u01a1ng v\u00e0 \u0111\u1eb9p m\u1eaft, m\u00e0u s\u1eafc t\u01b0\u01a1i s\u00e1ng v\u00e0 r\u1ef1c r\u1ee1, c\u00f3 b\u00ecnh n\u01b0\u1edbc m\u00e0u xanh d\u00e0nh cho b\u00e9 trai v\u00e0 b\u00ecnh n\u01b0\u1edbc m\u00e0u h\u1ed3ng d\u00e0nh cho b\u00e9 g\u00e1i, tr\u1ebb em n\u00e0o s\u1edf h\u1eefu chi\u1ebfc c\u1ed1c n\u01b0\u1edbc n\u00e0y s\u1ebd r\u1ea5t th\u00edch. Khi m\u1edf b\u00ecnh n\u01b0\u1edbc: tr\u1ebb em s\u1ebd mu\u1ed1n u\u1ed1ng nhi\u1ec1u n\u01b0\u1edbc h\u01a1n v\u00ec \u0111i\u1ec1u n\u00e0y, khi \u0111\u00f3ng b\u00ecnh n\u01b0\u1edbc: tr\u1ebb em c\u0169ng r\u1ea5t th\u00edch th\u00fa khi nh\u1eadn bi\u1ebft c\u00e1c h\u1ecda ti\u1ebft d\u1ec5 th\u01b0\u01a1ng tr\u00ean b\u00ecnh gi\u1eef nhi\u1ec7t.<\/p>\n<p>4.; Di \u0111\u1ed9ng v\u00e0 d\u1ec5 s\u1eed d\u1ee5ng. N\u1eafp \u1ed1ng h\u00fat c\u00f3 th\u1ec3 d\u1ec5 d\u00e0ng l\u1eadt m\u1edf, d\u1ec5 m\u1edf v\u00e0 \u0111\u00f3ng, k\u00edch th\u01b0\u1edbc ho\u00e0n h\u1ea3o c\u1ee7a b\u00ecnh n\u01b0\u1edbc c\u00e1ch nhi\u1ec7t d\u00e0nh cho tr\u1ebb em \u0111\u01b0\u1ee3c thi\u1ebft k\u1ebf ri\u00eang cho b\u00e0n tay nh\u1ecf, d\u1ec5 c\u1ea7m v\u00e0 s\u1eed d\u1ee5ng, B\u00ecnh n\u01b0\u1edbc c\u00e1ch nhi\u1ec7t c\u00f3 \u1ed1ng h\u00fat d\u00e0nh cho tr\u1ebb em, tr\u1ebb m\u1edbi bi\u1ebft \u0111i mang theo.<\/p>","protected":false},"excerpt":{"rendered":"<p>T\u00f9y ch\u1ec9nh b\u00ecnh gi\u1eef nhi\u1ec7t cho tr\u1ebb em b\u1eb1ng logo, m\u00e0u s\u1eafc, hoa v\u0103n ho\u1eb7c thi\u1ebft k\u1ebf ri\u00eang c\u1ee7a b\u1ea1n.<br \/>\nMua s\u1ed1 l\u01b0\u1ee3ng l\u1edbn b\u00ecnh gi\u1eef nhi\u1ec7t cho tr\u1ebb em v\u1edbi gi\u00e1 b\u00e1n bu\u00f4n, 50-60 chi\u1ebfc, MOQ th\u1ea5p \u0111\u1ec3 h\u1ed7 tr\u1ee3 doanh nghi\u1ec7p nh\u1ecf.<br \/>\nC\u00f3 s\u1eb5n m\u1eabu mi\u1ec5n ph\u00ed.<br \/>\nPh\u1ea7n b\u00ean trong c\u1ee7a b\u00ecnh gi\u1eef nhi\u1ec7t d\u00e0nh cho tr\u1ebb em \u0111\u01b0\u1ee3c l\u00e0m b\u1eb1ng v\u1eadt li\u1ec7u th\u00e9p kh\u00f4ng g\u1ec9 316 ch\u1ea5t l\u01b0\u1ee3ng cao, c\u00f3 l\u1edbp c\u00e1ch nhi\u1ec7t ch\u00e2n kh\u00f4ng hai l\u1edbp, v\u1eadt li\u1ec7u t\u1ed5ng th\u1ec3 \u0111\u01b0\u1ee3c s\u1eed d\u1ee5ng trong b\u00ecnh n\u01b0\u1edbc l\u00e0 v\u1eadt li\u1ec7u an to\u00e0n kh\u00f4ng ch\u1ee9a BPA, c\u1ea5p th\u1ef1c ph\u1ea9m, gi\u00fap b\u00ecnh gi\u1eef nhi\u1ec7t d\u00e0nh cho tr\u1ebb em b\u1ec1n h\u01a1n.<br \/>\nCh\u1ed1ng g\u1ec9 v\u00e0 kh\u00f4ng ch\u1ee9a BPA, gi\u1eef \u0111\u1ed3 u\u1ed1ng t\u01b0\u01a1i ngon su\u1ed1t c\u1ea3 ng\u00e0y.<\/p>","protected":false},"featured_media":4233,"comment_status":"open","ping_status":"closed","template":"","meta":{"_acf_changed":false},"product_brand":[],"product_cat":[200],"product_tag":[32,36,33,31,39,38,207,300,248,260,231,29,37,34,35,251,28,225,30],"class_list":{"0":"post-4232","1":"product","2":"type-product","3":"status-publish","4":"has-post-thumbnail","6":"product_cat-kids-water-bottles","7":"product_tag-best","8":"product_tag-bulk","9":"product_tag-buy","10":"product_tag-custom","11":"product_tag-for-sale","12":"product_tag-good-quality","13":"product_tag-kids-custom-water-bottle","14":"product_tag-kids-insulated-bottle","15":"product_tag-kids-insulated-water-bottle","16":"product_tag-kids-water-bottle","17":"product_tag-kids-water-bottle-bpa-free","18":"product_tag-manufacturers","19":"product_tag-manufacturing","20":"product_tag-price","21":"product_tag-small","22":"product_tag-stainless-steel-sport-water-bottle-with-handle","23":"product_tag-suppliers","24":"product_tag-water-bottle-stainless-steel-custom-logo","25":"product_tag-wholesale","27":"first","28":"instock","29":"shipping-taxable","30":"product-type-simple"},"acf":[],"yoast_head":"<!-- This site is optimized with the Yoast SEO Premium plugin v27.5 (Yoast SEO v27.5) - https:\/\/yoast.com\/product\/yoast-seo-premium-wordpress\/ -->\n<title>Kids Insulated Bottle - Diller Water Bottle Manufacturer<\/title>\n<meta name=\"description\" content=\"As one of the best kids insulated bottle manufacturers and suppliers, we are engaged in manufacturing good quality water bottles. We warmly welcome you to wholesale or buy custom made kids insulated bottle at competitive price from us. Also, small quantity orders are acceptable.\" \/>\n<meta name=\"robots\" content=\"index, follow, max-snippet:-1, max-image-preview:large, max-video-preview:-1\" \/>\n<link rel=\"canonical\" href=\"https:\/\/www.dillerbottle.com\/vn\/cac-san-pham\/binh-giu-nhiet-tre-em-4\" \/>\n<meta property=\"og:locale\" content=\"vi_VN\" \/>\n<meta property=\"og:type\" content=\"article\" \/>\n<meta property=\"og:title\" content=\"Kids Insulated Bottle\" \/>\n<meta property=\"og:description\" content=\"As one of the best kids insulated bottle manufacturers and suppliers, we are engaged in manufacturing good quality water bottles. We warmly welcome you to wholesale or buy custom made kids insulated bottle at competitive price from us. Also, small quantity orders are acceptable.\" \/>\n<meta property=\"og:url\" content=\"https:\/\/www.dillerbottle.com\/vn\/cac-san-pham\/binh-giu-nhiet-tre-em-4\" \/>\n<meta property=\"og:site_name\" content=\"Diller Water Bottle Manufacturer\" \/>\n<meta property=\"article:modified_time\" content=\"2025-07-10T06:27:21+00:00\" \/>\n<meta property=\"og:image\" content=\"https:\/\/www.dillerbottle.com\/wp-content\/uploads\/2024\/09\/kids-insulated-bottle59066545194.jpg\" \/>\n\t<meta property=\"og:image:width\" content=\"730\" \/>\n\t<meta property=\"og:image:height\" content=\"730\" \/>\n\t<meta property=\"og:image:type\" content=\"image\/jpeg\" \/>\n<meta name=\"twitter:card\" content=\"summary_large_image\" \/>\n<meta name=\"twitter:label1\" content=\"\u01af\u1edbc t\u00ednh th\u1eddi gian \u0111\u1ecdc\" \/>\n\t<meta name=\"twitter:data1\" content=\"2 ph\u00fat\" \/>\n<script type=\"application\/ld+json\" class=\"yoast-schema-graph\">{\"@context\":\"https:\\\/\\\/schema.org\",\"@graph\":[{\"@type\":\"WebPage\",\"@id\":\"https:\\\/\\\/www.dillerbottle.com\\\/my\\\/produk\\\/botol-berpenebat-kanak-kanak\",\"url\":\"https:\\\/\\\/www.dillerbottle.com\\\/my\\\/produk\\\/botol-berpenebat-kanak-kanak\",\"name\":\"Kids Insulated Bottle - Diller Water Bottle Manufacturer\",\"isPartOf\":{\"@id\":\"https:\\\/\\\/www.dillerbottle.com\\\/#website\"},\"primaryImageOfPage\":{\"@id\":\"https:\\\/\\\/www.dillerbottle.com\\\/my\\\/produk\\\/botol-berpenebat-kanak-kanak#primaryimage\"},\"image\":{\"@id\":\"https:\\\/\\\/www.dillerbottle.com\\\/my\\\/produk\\\/botol-berpenebat-kanak-kanak#primaryimage\"},\"thumbnailUrl\":\"https:\\\/\\\/www.dillerbottle.com\\\/wp-content\\\/uploads\\\/2024\\\/09\\\/kids-insulated-bottle59066545194.jpg\",\"datePublished\":\"2024-09-26T08:36:28+00:00\",\"dateModified\":\"2025-07-10T06:27:21+00:00\",\"description\":\"As one of the best kids insulated bottle manufacturers and suppliers, we are engaged in manufacturing good quality water bottles. We warmly welcome you to wholesale or buy custom made kids insulated bottle at competitive price from us. Also, small quantity orders are acceptable.\",\"breadcrumb\":{\"@id\":\"https:\\\/\\\/www.dillerbottle.com\\\/my\\\/produk\\\/botol-berpenebat-kanak-kanak#breadcrumb\"},\"inLanguage\":\"vi\",\"potentialAction\":[{\"@type\":\"ReadAction\",\"target\":[\"https:\\\/\\\/www.dillerbottle.com\\\/my\\\/produk\\\/botol-berpenebat-kanak-kanak\"]}]},{\"@type\":\"ImageObject\",\"inLanguage\":\"vi\",\"@id\":\"https:\\\/\\\/www.dillerbottle.com\\\/my\\\/produk\\\/botol-berpenebat-kanak-kanak#primaryimage\",\"url\":\"https:\\\/\\\/www.dillerbottle.com\\\/wp-content\\\/uploads\\\/2024\\\/09\\\/kids-insulated-bottle59066545194.jpg\",\"contentUrl\":\"https:\\\/\\\/www.dillerbottle.com\\\/wp-content\\\/uploads\\\/2024\\\/09\\\/kids-insulated-bottle59066545194.jpg\",\"width\":730,\"height\":730},{\"@type\":\"BreadcrumbList\",\"@id\":\"https:\\\/\\\/www.dillerbottle.com\\\/my\\\/produk\\\/botol-berpenebat-kanak-kanak#breadcrumb\",\"itemListElement\":[{\"@type\":\"ListItem\",\"position\":1,\"name\":\"Home\",\"item\":\"https:\\\/\\\/www.dillerbottle.com\\\/\"},{\"@type\":\"ListItem\",\"position\":2,\"name\":\"Products\",\"item\":\"https:\\\/\\\/www.dillerbottle.com\\\/shop\"},{\"@type\":\"ListItem\",\"position\":3,\"name\":\"Kids Insulated Bottle\"}]},{\"@type\":\"WebSite\",\"@id\":\"https:\\\/\\\/www.dillerbottle.com\\\/#website\",\"url\":\"https:\\\/\\\/www.dillerbottle.com\\\/\",\"name\":\"Diller Water Bottle Manufacturer\",\"description\":\"Water Bottle Manufacturer\",\"publisher\":{\"@id\":\"https:\\\/\\\/www.dillerbottle.com\\\/#organization\"},\"potentialAction\":[{\"@type\":\"SearchAction\",\"target\":{\"@type\":\"EntryPoint\",\"urlTemplate\":\"https:\\\/\\\/www.dillerbottle.com\\\/?s={search_term_string}\"},\"query-input\":{\"@type\":\"PropertyValueSpecification\",\"valueRequired\":true,\"valueName\":\"search_term_string\"}}],\"inLanguage\":\"vi\"},{\"@type\":\"Organization\",\"@id\":\"https:\\\/\\\/www.dillerbottle.com\\\/#organization\",\"name\":\"Diller Water Bottle Manufacturer\",\"url\":\"https:\\\/\\\/www.dillerbottle.com\\\/\",\"logo\":{\"@type\":\"ImageObject\",\"inLanguage\":\"vi\",\"@id\":\"https:\\\/\\\/www.dillerbottle.com\\\/#\\\/schema\\\/logo\\\/image\\\/\",\"url\":\"https:\\\/\\\/www.dillerbottle.com\\\/wp-content\\\/uploads\\\/2024\\\/09\\\/49918bfa848dcc1e9f8b509933603ac.png\",\"contentUrl\":\"https:\\\/\\\/www.dillerbottle.com\\\/wp-content\\\/uploads\\\/2024\\\/09\\\/49918bfa848dcc1e9f8b509933603ac.png\",\"width\":988,\"height\":198,\"caption\":\"Diller Water Bottle Manufacturer\"},\"image\":{\"@id\":\"https:\\\/\\\/www.dillerbottle.com\\\/#\\\/schema\\\/logo\\\/image\\\/\"}}]}<\/script>\n<!-- \/ Yoast SEO Premium plugin. -->","yoast_head_json":{"title":"B\u00ecnh n\u01b0\u1edbc gi\u1eef nhi\u1ec7t cho tr\u1ebb em - Nh\u00e0 s\u1ea3n xu\u1ea5t b\u00ecnh n\u01b0\u1edbc Diller","description":"L\u00e0 m\u1ed9t trong nh\u1eefng nh\u00e0 s\u1ea3n xu\u1ea5t v\u00e0 cung c\u1ea5p b\u00ecnh gi\u1eef nhi\u1ec7t tr\u1ebb em t\u1ed1t nh\u1ea5t, ch\u00fang t\u00f4i tham gia s\u1ea3n xu\u1ea5t b\u00ecnh n\u01b0\u1edbc ch\u1ea5t l\u01b0\u1ee3ng t\u1ed1t. Ch\u00fang t\u00f4i n\u1ed3ng nhi\u1ec7t ch\u00e0o \u0111\u00f3n b\u1ea1n \u0111\u1ebfn b\u00e1n bu\u00f4n ho\u1eb7c mua b\u00ecnh gi\u1eef nhi\u1ec7t tr\u1ebb em t\u00f9y ch\u1ec9nh v\u1edbi gi\u00e1 c\u1ea1nh tranh t\u1eeb ch\u00fang t\u00f4i. Ngo\u00e0i ra, ch\u00fang t\u00f4i c\u0169ng ch\u1ea5p nh\u1eadn \u0111\u01a1n \u0111\u1eb7t h\u00e0ng s\u1ed1 l\u01b0\u1ee3ng nh\u1ecf.","robots":{"index":"index","follow":"follow","max-snippet":"max-snippet:-1","max-image-preview":"max-image-preview:large","max-video-preview":"max-video-preview:-1"},"canonical":"https:\/\/www.dillerbottle.com\/vn\/cac-san-pham\/binh-giu-nhiet-tre-em-4","og_locale":"vi_VN","og_type":"article","og_title":"Kids Insulated Bottle","og_description":"As one of the best kids insulated bottle manufacturers and suppliers, we are engaged in manufacturing good quality water bottles. We warmly welcome you to wholesale or buy custom made kids insulated bottle at competitive price from us. Also, small quantity orders are acceptable.","og_url":"https:\/\/www.dillerbottle.com\/vn\/cac-san-pham\/binh-giu-nhiet-tre-em-4","og_site_name":"Diller Water Bottle Manufacturer","article_modified_time":"2025-07-10T06:27:21+00:00","og_image":[{"width":730,"height":730,"url":"https:\/\/www.dillerbottle.com\/wp-content\/uploads\/2024\/09\/kids-insulated-bottle59066545194.jpg","type":"image\/jpeg"}],"twitter_card":"summary_large_image","twitter_misc":{"\u01af\u1edbc t\u00ednh th\u1eddi gian \u0111\u1ecdc":"2 ph\u00fat"},"schema":{"@context":"https:\/\/schema.org","@graph":[{"@type":"WebPage","@id":"https:\/\/www.dillerbottle.com\/my\/produk\/botol-berpenebat-kanak-kanak","url":"https:\/\/www.dillerbottle.com\/my\/produk\/botol-berpenebat-kanak-kanak","name":"B\u00ecnh n\u01b0\u1edbc gi\u1eef nhi\u1ec7t cho tr\u1ebb em - Nh\u00e0 s\u1ea3n xu\u1ea5t b\u00ecnh n\u01b0\u1edbc Diller","isPartOf":{"@id":"https:\/\/www.dillerbottle.com\/#website"},"primaryImageOfPage":{"@id":"https:\/\/www.dillerbottle.com\/my\/produk\/botol-berpenebat-kanak-kanak#primaryimage"},"image":{"@id":"https:\/\/www.dillerbottle.com\/my\/produk\/botol-berpenebat-kanak-kanak#primaryimage"},"thumbnailUrl":"https:\/\/www.dillerbottle.com\/wp-content\/uploads\/2024\/09\/kids-insulated-bottle59066545194.jpg","datePublished":"2024-09-26T08:36:28+00:00","dateModified":"2025-07-10T06:27:21+00:00","description":"L\u00e0 m\u1ed9t trong nh\u1eefng nh\u00e0 s\u1ea3n xu\u1ea5t v\u00e0 cung c\u1ea5p b\u00ecnh gi\u1eef nhi\u1ec7t tr\u1ebb em t\u1ed1t nh\u1ea5t, ch\u00fang t\u00f4i tham gia s\u1ea3n xu\u1ea5t b\u00ecnh n\u01b0\u1edbc ch\u1ea5t l\u01b0\u1ee3ng t\u1ed1t. Ch\u00fang t\u00f4i n\u1ed3ng nhi\u1ec7t ch\u00e0o \u0111\u00f3n b\u1ea1n \u0111\u1ebfn b\u00e1n bu\u00f4n ho\u1eb7c mua b\u00ecnh gi\u1eef nhi\u1ec7t tr\u1ebb em t\u00f9y ch\u1ec9nh v\u1edbi gi\u00e1 c\u1ea1nh tranh t\u1eeb ch\u00fang t\u00f4i. Ngo\u00e0i ra, ch\u00fang t\u00f4i c\u0169ng ch\u1ea5p nh\u1eadn \u0111\u01a1n \u0111\u1eb7t h\u00e0ng s\u1ed1 l\u01b0\u1ee3ng nh\u1ecf.","breadcrumb":{"@id":"https:\/\/www.dillerbottle.com\/my\/produk\/botol-berpenebat-kanak-kanak#breadcrumb"},"inLanguage":"vi","potentialAction":[{"@type":"ReadAction","target":["https:\/\/www.dillerbottle.com\/my\/produk\/botol-berpenebat-kanak-kanak"]}]},{"@type":"ImageObject","inLanguage":"vi","@id":"https:\/\/www.dillerbottle.com\/my\/produk\/botol-berpenebat-kanak-kanak#primaryimage","url":"https:\/\/www.dillerbottle.com\/wp-content\/uploads\/2024\/09\/kids-insulated-bottle59066545194.jpg","contentUrl":"https:\/\/www.dillerbottle.com\/wp-content\/uploads\/2024\/09\/kids-insulated-bottle59066545194.jpg","width":730,"height":730},{"@type":"BreadcrumbList","@id":"https:\/\/www.dillerbottle.com\/my\/produk\/botol-berpenebat-kanak-kanak#breadcrumb","itemListElement":[{"@type":"ListItem","position":1,"name":"Home","item":"https:\/\/www.dillerbottle.com\/"},{"@type":"ListItem","position":2,"name":"Products","item":"https:\/\/www.dillerbottle.com\/shop"},{"@type":"ListItem","position":3,"name":"Kids Insulated Bottle"}]},{"@type":"WebSite","@id":"https:\/\/www.dillerbottle.com\/#website","url":"https:\/\/www.dillerbottle.com\/","name":"Nh\u00e0 s\u1ea3n xu\u1ea5t b\u00ecnh n\u01b0\u1edbc Diller","description":"Nh\u00e0 s\u1ea3n xu\u1ea5t b\u00ecnh n\u01b0\u1edbc","publisher":{"@id":"https:\/\/www.dillerbottle.com\/#organization"},"potentialAction":[{"@type":"SearchAction","target":{"@type":"EntryPoint","urlTemplate":"https:\/\/www.dillerbottle.com\/?s={search_term_string}"},"query-input":{"@type":"PropertyValueSpecification","valueRequired":true,"valueName":"search_term_string"}}],"inLanguage":"vi"},{"@type":"Organization","@id":"https:\/\/www.dillerbottle.com\/#organization","name":"Nh\u00e0 s\u1ea3n xu\u1ea5t b\u00ecnh n\u01b0\u1edbc Diller","url":"https:\/\/www.dillerbottle.com\/","logo":{"@type":"ImageObject","inLanguage":"vi","@id":"https:\/\/www.dillerbottle.com\/#\/schema\/logo\/image\/","url":"https:\/\/www.dillerbottle.com\/wp-content\/uploads\/2024\/09\/49918bfa848dcc1e9f8b509933603ac.png","contentUrl":"https:\/\/www.dillerbottle.com\/wp-content\/uploads\/2024\/09\/49918bfa848dcc1e9f8b509933603ac.png","width":988,"height":198,"caption":"Diller Water Bottle Manufacturer"},"image":{"@id":"https:\/\/www.dillerbottle.com\/#\/schema\/logo\/image\/"}}]}},"_links":{"self":[{"href":"https:\/\/www.dillerbottle.com\/vn\/wp-json\/wp\/v2\/product\/4232","targetHints":{"allow":["GET"]}}],"collection":[{"href":"https:\/\/www.dillerbottle.com\/vn\/wp-json\/wp\/v2\/product"}],"about":[{"href":"https:\/\/www.dillerbottle.com\/vn\/wp-json\/wp\/v2\/types\/product"}],"replies":[{"embeddable":true,"href":"https:\/\/www.dillerbottle.com\/vn\/wp-json\/wp\/v2\/comments?post=4232"}],"wp:featuredmedia":[{"embeddable":true,"href":"https:\/\/www.dillerbottle.com\/vn\/wp-json\/wp\/v2\/media\/4233"}],"wp:attachment":[{"href":"https:\/\/www.dillerbottle.com\/vn\/wp-json\/wp\/v2\/media?parent=4232"}],"wp:term":[{"taxonomy":"product_brand","embeddable":true,"href":"https:\/\/www.dillerbottle.com\/vn\/wp-json\/wp\/v2\/product_brand?post=4232"},{"taxonomy":"product_cat","embeddable":true,"href":"https:\/\/www.dillerbottle.com\/vn\/wp-json\/wp\/v2\/product_cat?post=4232"},{"taxonomy":"product_tag","embeddable":true,"href":"https:\/\/www.dillerbottle.com\/vn\/wp-json\/wp\/v2\/product_tag?post=4232"}],"curies":[{"name":"wp","href":"https:\/\/api.w.org\/{rel}","templated":true}]}}