{"id":4240,"date":"2024-09-26T16:36:33","date_gmt":"2024-09-26T08:36:33","guid":{"rendered":"https:\/\/demo.dillerbottle.com\/uncategorized\/childrens-thermos-flask"},"modified":"2025-07-10T14:23:09","modified_gmt":"2025-07-10T06:23:09","slug":"binh-giu-nhiet-tre-em-3","status":"publish","type":"product","link":"https:\/\/www.dillerbottle.com\/vn\/products\/childrens-thermos-flask","title":{"rendered":"B\u00ecnh gi\u1eef nhi\u1ec7t cho tr\u1ebb em"},"content":{"rendered":"<p>B\u00ecnh gi\u1eef nhi\u1ec7t tr\u1ebb em n\u00e0y \u0111\u01b0\u1ee3c l\u00e0m b\u1eb1ng th\u00e9p kh\u00f4ng g\u1ec9 316 v\u00e0 c\u00e1ch nhi\u1ec7t ch\u00e2n kh\u00f4ng hai l\u1edbp, c\u00f3 th\u1ec3 gi\u1eef n\u01b0\u1edbc l\u1ea1nh v\u00e0 n\u00f3ng. Mi\u1ec7ng b\u00ecnh gi\u1eef nhi\u1ec7t tr\u1ebb em c\u00f3 3 thi\u1ebft k\u1ebf n\u1eafp ch\u1ed1ng r\u00f2 r\u1ec9 kh\u00e1c nhau, ph\u00f9 h\u1ee3p cho c\u00e1c d\u1ecbp kh\u00e1c nhau. \u0110\u1ea7u ti\u00ean l\u00e0 n\u1eafp c\u00f3 \u1ed1ng h\u00fat v\u00e0 bi tr\u1ecdng l\u1ef1c theo m\u1ecdi g\u00f3c \u0111\u1ed9 tr\u00ean \u0111\u00e1y, nh\u01b0 b\u00ecnh gi\u1eef nhi\u1ec7t tr\u1ebb em u\u1ed1ng tr\u1ef1c ti\u1ebfp. Th\u1ee9 hai l\u00e0 s\u1eed d\u1ee5ng n\u1eafp c\u1ed1c nh\u1ecf, ch\u1ec9 c\u1ea7n nh\u1ea5n n\u00fat chuy\u1ec3n \u0111\u1ed5i, thu\u1eadn ti\u1ec7n khi v\u1eadn h\u00e0nh. Th\u1ee9 ba l\u00e0 n\u1eafp u\u1ed1ng tr\u1ef1c ti\u1ebfp. Hoa v\u0103n 3D tr\u00ean b\u1ec1 m\u1eb7t b\u00ecnh v\u1edbi thi\u1ebft k\u1ebf ch\u1ed1ng m\u1ed3 h\u00f4i s\u1ebd kh\u00f4ng \u0111\u1ec3 l\u1ea1i v\u00f2ng n\u01b0\u1edbc v\u00e0 b\u00ecnh gi\u1eef nhi\u1ec7t tr\u1ebb em d\u1ec5 c\u1ea7m n\u1eafm v\u00e0 gi\u1eef. 3 h\u1ecda ti\u1ebft d\u1ec5 th\u01b0\u01a1ng cho b\u00ecnh n\u01b0\u1edbc d\u1ec5 th\u01b0\u01a1ng \u0111\u1ec3 l\u1ef1a ch\u1ecdn. Tay \u00e1o b\u00ecnh \u0111\u00e1ng y\u00eau c\u1ee7a b\u00ecnh gi\u1eef nhi\u1ec7t tr\u1ebb em c\u00f3 d\u00e2y \u0111eo c\u00f3 th\u1ec3 thu v\u00e0o.<br \/>\n\u0110\u1eb7c tr\u01b0ng:<br \/>\n1. B\u00ecnh n\u01b0\u1edbc c\u00f3 \u1ed1ng h\u00fat \u0111\u01b0\u1ee3c l\u00e0m b\u1eb1ng th\u00e9p kh\u00f4ng g\u1ec9 y t\u1ebf 316, r\u1ea5t kh\u00e1c bi\u1ec7t v\u1edbi th\u00e9p kh\u00f4ng g\u1ec9 18\/8 th\u00f4ng th\u01b0\u1eddng. B\u00ecnh gi\u1eef nhi\u1ec7t cho tr\u1ebb em c\u00f3 kh\u1ea3 n\u0103ng ch\u1ed1ng oxy h\u00f3a v\u00e0 \u0103n m\u00f2n ho\u00e0n to\u00e0n.<\/p>\n<p>2. 20,3 OZ (600 ml). B\u00ecnh gi\u1eef nhi\u1ec7t d\u00e0nh cho tr\u1ebb em ph\u00f9 h\u1ee3p v\u1edbi tr\u1ebb em, thanh thi\u1ebfu ni\u00ean. C\u1ea5u tr\u00fac ch\u00e2n kh\u00f4ng hai l\u1edbp gi\u00fap c\u00e1ch nhi\u1ec7t hi\u1ec7u qu\u1ea3 h\u01a1n, gi\u1eef n\u00f3ng t\u1edbi 24 gi\u1edd v\u00e0 gi\u1eef l\u1ea1nh h\u01a1n 12 gi\u1edd.<\/p>\n<p>3. B\u00ecnh gi\u1eef nhi\u1ec7t tr\u1ebb em c\u00f3 3 ki\u1ec3u n\u1eafp ph\u00f9 h\u1ee3p v\u1edbi tr\u1ebb em t\u1eeb 1 \u0111\u1ebfn 10 tu\u1ed5i.<\/p>\n<p>4. T\u00fai \u0111\u1ef1ng b\u00ecnh gi\u1eef nhi\u1ec7t xinh x\u1eafn d\u00e0nh cho tr\u1ebb em c\u00f3 d\u00e2y \u0111eo c\u00f3 th\u1ec3 thu v\u00e0o, t\u00fai \u0111\u1ef1ng c\u00f3 th\u1ec3 \u0111\u1ef1ng c\u00e1c v\u1eadt d\u1ee5ng nh\u1ecf.<\/p>","protected":false},"excerpt":{"rendered":"<p>B\u00ecnh gi\u1eef nhi\u1ec7t cho tr\u1ebb em n\u00e0y \u0111\u01b0\u1ee3c l\u00e0m t\u1eeb th\u00e9p kh\u00f4ng g\u1ec9 316 v\u00e0 c\u00f3 thi\u1ebft k\u1ebf hai l\u1edbp c\u00e1ch nhi\u1ec7t ch\u00e2n kh\u00f4ng, c\u00f3 th\u1ec3 gi\u1eef n\u01b0\u1edbc l\u1ea1nh v\u00e0 n\u00f3ng.<br \/>\nB\u00ecnh gi\u1eef nhi\u1ec7t cho tr\u1ebb em c\u00f3 mi\u1ec7ng b\u00ecnh v\u1edbi 3 n\u1eafp ch\u1ed1ng r\u00f2 r\u1ec9 kh\u00e1c nhau, ph\u00f9 h\u1ee3p cho nhi\u1ec1u d\u1ecbp kh\u00e1c nhau.<br \/>\n\u0110\u1ea7u ti\u00ean l\u00e0 n\u1eafp \u0111\u1eady b\u1eb1ng \u1ed1ng h\u00fat v\u00e0 qu\u1ea3 b\u00f3ng tr\u1ecdng l\u1ef1c\u2026<\/p>","protected":false},"featured_media":4241,"comment_status":"open","ping_status":"closed","template":"","meta":{"_acf_changed":false},"product_brand":[],"product_cat":[200],"product_tag":[32,36,33,301,31,39,38,219,240,29,37,34,35,239,28,229,217,224,30],"class_list":{"0":"post-4240","1":"product","2":"type-product","3":"status-publish","4":"has-post-thumbnail","6":"product_cat-kids-water-bottles","7":"product_tag-best","8":"product_tag-bulk","9":"product_tag-buy","10":"product_tag-childrens-thermos-flask","11":"product_tag-custom","12":"product_tag-for-sale","13":"product_tag-good-quality","14":"product_tag-hello-kitty-water-bottle","15":"product_tag-insulated-water-bottles-for-kids","16":"product_tag-manufacturers","17":"product_tag-manufacturing","18":"product_tag-price","19":"product_tag-small","20":"product_tag-stainless-steel-water-bottle-for-kids","21":"product_tag-suppliers","22":"product_tag-water-bottle-kids","23":"product_tag-water-bottle-plastic","24":"product_tag-water-bottle-tritan","25":"product_tag-wholesale","27":"first","28":"instock","29":"shipping-taxable","30":"product-type-simple"},"acf":[],"yoast_head":"<!-- This site is optimized with the Yoast SEO Premium plugin v27.5 (Yoast SEO v27.5) - https:\/\/yoast.com\/product\/yoast-seo-premium-wordpress\/ -->\n<title>Children&#039;s Thermos Flask - Diller Water Bottle Manufacturer<\/title>\n<meta name=\"description\" content=\"As one of the best children&#039;s thermos flask manufacturers and suppliers, we are engaged in manufacturing good quality water bottles. We warmly welcome you to wholesale or buy custom made children&#039;s thermos flask at competitive price from us. Also, small quantity orders are acceptable.\" \/>\n<meta name=\"robots\" content=\"index, follow, max-snippet:-1, max-image-preview:large, max-video-preview:-1\" \/>\n<link rel=\"canonical\" href=\"https:\/\/www.dillerbottle.com\/vn\/cac-san-pham\/binh-giu-nhiet-tre-em-3\" \/>\n<meta property=\"og:locale\" content=\"vi_VN\" \/>\n<meta property=\"og:type\" content=\"article\" \/>\n<meta property=\"og:title\" content=\"Children&#039;s Thermos Flask\" \/>\n<meta property=\"og:description\" content=\"As one of the best children&#039;s thermos flask manufacturers and suppliers, we are engaged in manufacturing good quality water bottles. We warmly welcome you to wholesale or buy custom made children&#039;s thermos flask at competitive price from us. Also, small quantity orders are acceptable.\" \/>\n<meta property=\"og:url\" content=\"https:\/\/www.dillerbottle.com\/vn\/cac-san-pham\/binh-giu-nhiet-tre-em-3\" \/>\n<meta property=\"og:site_name\" content=\"Diller Water Bottle Manufacturer\" \/>\n<meta property=\"article:modified_time\" content=\"2025-07-10T06:23:09+00:00\" \/>\n<meta property=\"og:image\" content=\"https:\/\/www.dillerbottle.com\/wp-content\/uploads\/2024\/09\/children-s-thermos-flask25338590984.jpg\" \/>\n\t<meta property=\"og:image:width\" content=\"730\" \/>\n\t<meta property=\"og:image:height\" content=\"730\" \/>\n\t<meta property=\"og:image:type\" content=\"image\/jpeg\" \/>\n<meta name=\"twitter:card\" content=\"summary_large_image\" \/>\n<meta name=\"twitter:label1\" content=\"\u01af\u1edbc t\u00ednh th\u1eddi gian \u0111\u1ecdc\" \/>\n\t<meta name=\"twitter:data1\" content=\"3 ph\u00fat\" \/>\n<script type=\"application\/ld+json\" class=\"yoast-schema-graph\">{\"@context\":\"https:\\\/\\\/schema.org\",\"@graph\":[{\"@type\":\"WebPage\",\"@id\":\"https:\\\/\\\/www.dillerbottle.com\\\/nl\\\/producten\\\/kinder-thermosfles-2\",\"url\":\"https:\\\/\\\/www.dillerbottle.com\\\/nl\\\/producten\\\/kinder-thermosfles-2\",\"name\":\"Children's Thermos Flask - Diller Water Bottle Manufacturer\",\"isPartOf\":{\"@id\":\"https:\\\/\\\/www.dillerbottle.com\\\/#website\"},\"primaryImageOfPage\":{\"@id\":\"https:\\\/\\\/www.dillerbottle.com\\\/nl\\\/producten\\\/kinder-thermosfles-2#primaryimage\"},\"image\":{\"@id\":\"https:\\\/\\\/www.dillerbottle.com\\\/nl\\\/producten\\\/kinder-thermosfles-2#primaryimage\"},\"thumbnailUrl\":\"https:\\\/\\\/www.dillerbottle.com\\\/wp-content\\\/uploads\\\/2024\\\/09\\\/children-s-thermos-flask25338590984.jpg\",\"datePublished\":\"2024-09-26T08:36:33+00:00\",\"dateModified\":\"2025-07-10T06:23:09+00:00\",\"description\":\"As one of the best children's thermos flask manufacturers and suppliers, we are engaged in manufacturing good quality water bottles. We warmly welcome you to wholesale or buy custom made children's thermos flask at competitive price from us. Also, small quantity orders are acceptable.\",\"breadcrumb\":{\"@id\":\"https:\\\/\\\/www.dillerbottle.com\\\/nl\\\/producten\\\/kinder-thermosfles-2#breadcrumb\"},\"inLanguage\":\"vi\",\"potentialAction\":[{\"@type\":\"ReadAction\",\"target\":[\"https:\\\/\\\/www.dillerbottle.com\\\/nl\\\/producten\\\/kinder-thermosfles-2\"]}]},{\"@type\":\"ImageObject\",\"inLanguage\":\"vi\",\"@id\":\"https:\\\/\\\/www.dillerbottle.com\\\/nl\\\/producten\\\/kinder-thermosfles-2#primaryimage\",\"url\":\"https:\\\/\\\/www.dillerbottle.com\\\/wp-content\\\/uploads\\\/2024\\\/09\\\/children-s-thermos-flask25338590984.jpg\",\"contentUrl\":\"https:\\\/\\\/www.dillerbottle.com\\\/wp-content\\\/uploads\\\/2024\\\/09\\\/children-s-thermos-flask25338590984.jpg\",\"width\":730,\"height\":730},{\"@type\":\"BreadcrumbList\",\"@id\":\"https:\\\/\\\/www.dillerbottle.com\\\/nl\\\/producten\\\/kinder-thermosfles-2#breadcrumb\",\"itemListElement\":[{\"@type\":\"ListItem\",\"position\":1,\"name\":\"Home\",\"item\":\"https:\\\/\\\/www.dillerbottle.com\\\/\"},{\"@type\":\"ListItem\",\"position\":2,\"name\":\"Products\",\"item\":\"https:\\\/\\\/www.dillerbottle.com\\\/shop\"},{\"@type\":\"ListItem\",\"position\":3,\"name\":\"Children&#8217;s Thermos Flask\"}]},{\"@type\":\"WebSite\",\"@id\":\"https:\\\/\\\/www.dillerbottle.com\\\/#website\",\"url\":\"https:\\\/\\\/www.dillerbottle.com\\\/\",\"name\":\"Diller Water Bottle Manufacturer\",\"description\":\"Water Bottle Manufacturer\",\"publisher\":{\"@id\":\"https:\\\/\\\/www.dillerbottle.com\\\/#organization\"},\"potentialAction\":[{\"@type\":\"SearchAction\",\"target\":{\"@type\":\"EntryPoint\",\"urlTemplate\":\"https:\\\/\\\/www.dillerbottle.com\\\/?s={search_term_string}\"},\"query-input\":{\"@type\":\"PropertyValueSpecification\",\"valueRequired\":true,\"valueName\":\"search_term_string\"}}],\"inLanguage\":\"vi\"},{\"@type\":\"Organization\",\"@id\":\"https:\\\/\\\/www.dillerbottle.com\\\/#organization\",\"name\":\"Diller Water Bottle Manufacturer\",\"url\":\"https:\\\/\\\/www.dillerbottle.com\\\/\",\"logo\":{\"@type\":\"ImageObject\",\"inLanguage\":\"vi\",\"@id\":\"https:\\\/\\\/www.dillerbottle.com\\\/#\\\/schema\\\/logo\\\/image\\\/\",\"url\":\"https:\\\/\\\/www.dillerbottle.com\\\/wp-content\\\/uploads\\\/2024\\\/09\\\/49918bfa848dcc1e9f8b509933603ac.png\",\"contentUrl\":\"https:\\\/\\\/www.dillerbottle.com\\\/wp-content\\\/uploads\\\/2024\\\/09\\\/49918bfa848dcc1e9f8b509933603ac.png\",\"width\":988,\"height\":198,\"caption\":\"Diller Water Bottle Manufacturer\"},\"image\":{\"@id\":\"https:\\\/\\\/www.dillerbottle.com\\\/#\\\/schema\\\/logo\\\/image\\\/\"}}]}<\/script>\n<!-- \/ Yoast SEO Premium plugin. -->","yoast_head_json":{"title":"B\u00ecnh gi\u1eef nhi\u1ec7t tr\u1ebb em - Nh\u00e0 s\u1ea3n xu\u1ea5t b\u00ecnh n\u01b0\u1edbc Diller","description":"L\u00e0 m\u1ed9t trong nh\u1eefng nh\u00e0 s\u1ea3n xu\u1ea5t v\u00e0 cung c\u1ea5p b\u00ecnh gi\u1eef nhi\u1ec7t tr\u1ebb em t\u1ed1t nh\u1ea5t, ch\u00fang t\u00f4i tham gia s\u1ea3n xu\u1ea5t b\u00ecnh n\u01b0\u1edbc ch\u1ea5t l\u01b0\u1ee3ng t\u1ed1t. Ch\u00fang t\u00f4i n\u1ed3ng nhi\u1ec7t ch\u00e0o \u0111\u00f3n b\u1ea1n \u0111\u1ebfn b\u00e1n bu\u00f4n ho\u1eb7c mua b\u00ecnh gi\u1eef nhi\u1ec7t tr\u1ebb em t\u00f9y ch\u1ec9nh v\u1edbi gi\u00e1 c\u1ea1nh tranh t\u1eeb ch\u00fang t\u00f4i. Ngo\u00e0i ra, ch\u00fang t\u00f4i c\u0169ng ch\u1ea5p nh\u1eadn \u0111\u01a1n \u0111\u1eb7t h\u00e0ng s\u1ed1 l\u01b0\u1ee3ng nh\u1ecf.","robots":{"index":"index","follow":"follow","max-snippet":"max-snippet:-1","max-image-preview":"max-image-preview:large","max-video-preview":"max-video-preview:-1"},"canonical":"https:\/\/www.dillerbottle.com\/vn\/cac-san-pham\/binh-giu-nhiet-tre-em-3","og_locale":"vi_VN","og_type":"article","og_title":"Children's Thermos Flask","og_description":"As one of the best children's thermos flask manufacturers and suppliers, we are engaged in manufacturing good quality water bottles. We warmly welcome you to wholesale or buy custom made children's thermos flask at competitive price from us. Also, small quantity orders are acceptable.","og_url":"https:\/\/www.dillerbottle.com\/vn\/cac-san-pham\/binh-giu-nhiet-tre-em-3","og_site_name":"Diller Water Bottle Manufacturer","article_modified_time":"2025-07-10T06:23:09+00:00","og_image":[{"width":730,"height":730,"url":"https:\/\/www.dillerbottle.com\/wp-content\/uploads\/2024\/09\/children-s-thermos-flask25338590984.jpg","type":"image\/jpeg"}],"twitter_card":"summary_large_image","twitter_misc":{"\u01af\u1edbc t\u00ednh th\u1eddi gian \u0111\u1ecdc":"3 ph\u00fat"},"schema":{"@context":"https:\/\/schema.org","@graph":[{"@type":"WebPage","@id":"https:\/\/www.dillerbottle.com\/nl\/producten\/kinder-thermosfles-2","url":"https:\/\/www.dillerbottle.com\/nl\/producten\/kinder-thermosfles-2","name":"B\u00ecnh gi\u1eef nhi\u1ec7t tr\u1ebb em - Nh\u00e0 s\u1ea3n xu\u1ea5t b\u00ecnh n\u01b0\u1edbc Diller","isPartOf":{"@id":"https:\/\/www.dillerbottle.com\/#website"},"primaryImageOfPage":{"@id":"https:\/\/www.dillerbottle.com\/nl\/producten\/kinder-thermosfles-2#primaryimage"},"image":{"@id":"https:\/\/www.dillerbottle.com\/nl\/producten\/kinder-thermosfles-2#primaryimage"},"thumbnailUrl":"https:\/\/www.dillerbottle.com\/wp-content\/uploads\/2024\/09\/children-s-thermos-flask25338590984.jpg","datePublished":"2024-09-26T08:36:33+00:00","dateModified":"2025-07-10T06:23:09+00:00","description":"L\u00e0 m\u1ed9t trong nh\u1eefng nh\u00e0 s\u1ea3n xu\u1ea5t v\u00e0 cung c\u1ea5p b\u00ecnh gi\u1eef nhi\u1ec7t tr\u1ebb em t\u1ed1t nh\u1ea5t, ch\u00fang t\u00f4i tham gia s\u1ea3n xu\u1ea5t b\u00ecnh n\u01b0\u1edbc ch\u1ea5t l\u01b0\u1ee3ng t\u1ed1t. Ch\u00fang t\u00f4i n\u1ed3ng nhi\u1ec7t ch\u00e0o \u0111\u00f3n b\u1ea1n \u0111\u1ebfn b\u00e1n bu\u00f4n ho\u1eb7c mua b\u00ecnh gi\u1eef nhi\u1ec7t tr\u1ebb em t\u00f9y ch\u1ec9nh v\u1edbi gi\u00e1 c\u1ea1nh tranh t\u1eeb ch\u00fang t\u00f4i. Ngo\u00e0i ra, ch\u00fang t\u00f4i c\u0169ng ch\u1ea5p nh\u1eadn \u0111\u01a1n \u0111\u1eb7t h\u00e0ng s\u1ed1 l\u01b0\u1ee3ng nh\u1ecf.","breadcrumb":{"@id":"https:\/\/www.dillerbottle.com\/nl\/producten\/kinder-thermosfles-2#breadcrumb"},"inLanguage":"vi","potentialAction":[{"@type":"ReadAction","target":["https:\/\/www.dillerbottle.com\/nl\/producten\/kinder-thermosfles-2"]}]},{"@type":"ImageObject","inLanguage":"vi","@id":"https:\/\/www.dillerbottle.com\/nl\/producten\/kinder-thermosfles-2#primaryimage","url":"https:\/\/www.dillerbottle.com\/wp-content\/uploads\/2024\/09\/children-s-thermos-flask25338590984.jpg","contentUrl":"https:\/\/www.dillerbottle.com\/wp-content\/uploads\/2024\/09\/children-s-thermos-flask25338590984.jpg","width":730,"height":730},{"@type":"BreadcrumbList","@id":"https:\/\/www.dillerbottle.com\/nl\/producten\/kinder-thermosfles-2#breadcrumb","itemListElement":[{"@type":"ListItem","position":1,"name":"Home","item":"https:\/\/www.dillerbottle.com\/"},{"@type":"ListItem","position":2,"name":"Products","item":"https:\/\/www.dillerbottle.com\/shop"},{"@type":"ListItem","position":3,"name":"Children&#8217;s Thermos Flask"}]},{"@type":"WebSite","@id":"https:\/\/www.dillerbottle.com\/#website","url":"https:\/\/www.dillerbottle.com\/","name":"Nh\u00e0 s\u1ea3n xu\u1ea5t b\u00ecnh n\u01b0\u1edbc Diller","description":"Nh\u00e0 s\u1ea3n xu\u1ea5t b\u00ecnh n\u01b0\u1edbc","publisher":{"@id":"https:\/\/www.dillerbottle.com\/#organization"},"potentialAction":[{"@type":"SearchAction","target":{"@type":"EntryPoint","urlTemplate":"https:\/\/www.dillerbottle.com\/?s={search_term_string}"},"query-input":{"@type":"PropertyValueSpecification","valueRequired":true,"valueName":"search_term_string"}}],"inLanguage":"vi"},{"@type":"Organization","@id":"https:\/\/www.dillerbottle.com\/#organization","name":"Nh\u00e0 s\u1ea3n xu\u1ea5t b\u00ecnh n\u01b0\u1edbc Diller","url":"https:\/\/www.dillerbottle.com\/","logo":{"@type":"ImageObject","inLanguage":"vi","@id":"https:\/\/www.dillerbottle.com\/#\/schema\/logo\/image\/","url":"https:\/\/www.dillerbottle.com\/wp-content\/uploads\/2024\/09\/49918bfa848dcc1e9f8b509933603ac.png","contentUrl":"https:\/\/www.dillerbottle.com\/wp-content\/uploads\/2024\/09\/49918bfa848dcc1e9f8b509933603ac.png","width":988,"height":198,"caption":"Diller Water Bottle Manufacturer"},"image":{"@id":"https:\/\/www.dillerbottle.com\/#\/schema\/logo\/image\/"}}]}},"_links":{"self":[{"href":"https:\/\/www.dillerbottle.com\/vn\/wp-json\/wp\/v2\/product\/4240","targetHints":{"allow":["GET"]}}],"collection":[{"href":"https:\/\/www.dillerbottle.com\/vn\/wp-json\/wp\/v2\/product"}],"about":[{"href":"https:\/\/www.dillerbottle.com\/vn\/wp-json\/wp\/v2\/types\/product"}],"replies":[{"embeddable":true,"href":"https:\/\/www.dillerbottle.com\/vn\/wp-json\/wp\/v2\/comments?post=4240"}],"wp:featuredmedia":[{"embeddable":true,"href":"https:\/\/www.dillerbottle.com\/vn\/wp-json\/wp\/v2\/media\/4241"}],"wp:attachment":[{"href":"https:\/\/www.dillerbottle.com\/vn\/wp-json\/wp\/v2\/media?parent=4240"}],"wp:term":[{"taxonomy":"product_brand","embeddable":true,"href":"https:\/\/www.dillerbottle.com\/vn\/wp-json\/wp\/v2\/product_brand?post=4240"},{"taxonomy":"product_cat","embeddable":true,"href":"https:\/\/www.dillerbottle.com\/vn\/wp-json\/wp\/v2\/product_cat?post=4240"},{"taxonomy":"product_tag","embeddable":true,"href":"https:\/\/www.dillerbottle.com\/vn\/wp-json\/wp\/v2\/product_tag?post=4240"}],"curies":[{"name":"wp","href":"https:\/\/api.w.org\/{rel}","templated":true}]}}