{"id":4251,"date":"2024-09-26T16:36:40","date_gmt":"2024-09-26T08:36:40","guid":{"rendered":"https:\/\/demo.dillerbottle.com\/uncategorized\/kids-thermal-water-bottle"},"modified":"2025-09-12T16:37:59","modified_gmt":"2025-09-12T08:37:59","slug":"coc-cach-nhiet-co-nap-uong-doi-tritan-600ml","status":"publish","type":"product","link":"https:\/\/www.dillerbottle.com\/vn\/products\/600ml-tritan-dual-drink-lid-insulated-cup","title":{"rendered":"C\u1ed1c c\u00e1ch nhi\u1ec7t 600ml Tritan n\u1eafp u\u1ed1ng \u0111\u00f4i"},"content":{"rendered":"<p data-start=\"1056\" data-end=\"1227\"><strong data-start=\"1071\" data-end=\"1087\">T\u00ean s\u1ea3n ph\u1ea9m<\/strong>C\u1ed1c c\u00e1ch nhi\u1ec7t n\u1eafp u\u1ed1ng \u0111\u00f4i Tritan 600ml<br data-start=\"1130\" data-end=\"1133\" \/><strong data-start=\"1133\" data-end=\"1145\">Dung t\u00edch<\/strong>600ml<br data-start=\"1152\" data-end=\"1155\" \/><strong data-start=\"1155\" data-end=\"1167\">V\u1eadt li\u1ec7u<\/strong>Th\u00e2n Tritan + Th\u00e9p kh\u00f4ng g\u1ec9 SUS304<br data-start=\"1205\" data-end=\"1208\" \/><strong data-start=\"1208\" data-end=\"1224\">T\u00ednh n\u0103ng ch\u00ednh<\/strong>:<\/p>\n<ul data-start=\"1228\" data-end=\"1695\">\n<li data-start=\"1228\" data-end=\"1297\">\n<p data-start=\"1230\" data-end=\"1297\"><strong data-start=\"1230\" data-end=\"1248\">N\u1eafp \u0111\u1eady hai ng\u0103n<\/strong>Th\u01b0\u1edfng th\u1ee9c c\u1ea3 hai l\u1ef1a ch\u1ecdn u\u1ed1ng b\u1eb1ng \u1ed1ng h\u00fat v\u00e0 u\u1ed1ng tr\u1ef1c ti\u1ebfp.<\/p>\n<\/li>\n<li data-start=\"1298\" data-end=\"1366\">\n<p data-start=\"1300\" data-end=\"1366\"><strong data-start=\"1300\" data-end=\"1320\">H\u00ecnh minh h\u1ecda vui nh\u1ed9n<\/strong>Thi\u1ebft k\u1ebf \u0111\u1ed9c \u0111\u00e1o v\u00e0 \u0111\u00e1ng y\u00eau mang \u0111\u1ebfn phong c\u00e1ch vui t\u01b0\u01a1i.<\/p>\n<\/li>\n<li data-start=\"1367\" data-end=\"1452\">\n<p data-start=\"1369\" data-end=\"1452\"><strong data-start=\"1369\" data-end=\"1390\">V\u1eadt li\u1ec7u an to\u00e0n cho s\u1ee9c kh\u1ecfe<\/strong>\u0110\u01b0\u1ee3c l\u00e0m t\u1eeb Tritan v\u00e0 th\u00e9p kh\u00f4ng g\u1ec9 SUS304 \u0111\u1ea1t ti\u00eau chu\u1ea9n an to\u00e0n th\u1ef1c ph\u1ea9m, an to\u00e0n v\u00e0 kh\u00f4ng m\u00f9i.<\/p>\n<\/li>\n<li data-start=\"1453\" data-end=\"1521\">\n<p data-start=\"1455\" data-end=\"1521\"><strong data-start=\"1455\" data-end=\"1482\">C\u00e1ch nhi\u1ec7t b\u1ec1n l\u00e2u<\/strong>Gi\u1eef \u0111\u1ed3 u\u1ed1ng n\u00f3ng ho\u1eb7c l\u1ea1nh trong nhi\u1ec1u gi\u1edd.<\/p>\n<\/li>\n<li data-start=\"1522\" data-end=\"1582\">\n<p data-start=\"1524\" data-end=\"1582\"><strong data-start=\"1524\" data-end=\"1547\">\u0110\u00f3ng k\u00edn v\u00e0 ch\u1ed1ng r\u00f2 r\u1ec9<\/strong>: Ho\u00e0n h\u1ea3o \u0111\u1ec3 mang theo khi di chuy\u1ec3n.<\/p>\n<\/li>\n<li data-start=\"1583\" data-end=\"1695\">\n<p data-start=\"1585\" data-end=\"1695\"><strong data-start=\"1585\" data-end=\"1609\">600ml Dung t\u00edch l\u1edbn<\/strong>Ph\u00f9 h\u1ee3p cho nhu c\u1ea7u c\u1ea5p n\u01b0\u1edbc h\u00e0ng ng\u00e0y, d\u00f9 l\u00e0 \u1edf v\u0103n ph\u00f2ng, tr\u01b0\u1eddng h\u1ecdc, ph\u00f2ng t\u1eadp gym hay khi \u0111i du l\u1ecbch.<\/p>\n<\/li>\n<\/ul>\n<p data-start=\"1697\" data-end=\"1766\"><strong data-start=\"1697\" data-end=\"1713\">\u1ee8ng d\u1ee5ng<\/strong>H\u1ecdc t\u1eadp, v\u0103n ph\u00f2ng, th\u1ec3 thao, du l\u1ecbch, t\u00f9y ch\u1ec9nh qu\u00e0 t\u1eb7ng<\/p>","protected":false},"excerpt":{"rendered":"<p>C\u1ed1c gi\u1eef nhi\u1ec7t 600ml n\u00e0y k\u1ebft h\u1ee3p th\u00e2n c\u1ed1c l\u00e0m t\u1eeb Tritan v\u00e0 l\u1edbp l\u00f3t th\u00e9p kh\u00f4ng g\u1ec9 SUS304, \u0111\u1ea3m b\u1ea3o an to\u00e0n v\u00e0 kh\u1ea3 n\u0103ng gi\u1eef nhi\u1ec7t l\u00e2u d\u00e0i. N\u1eafp c\u1ed1c hai ch\u1ebf \u0111\u1ed9 u\u1ed1ng mang l\u1ea1i nhi\u1ec1u l\u1ef1a ch\u1ecdn th\u01b0\u1edfng th\u1ee9c, trong khi nh\u1eefng h\u00ecnh v\u1ebd vui nh\u1ed9n t\u1ea1o \u0111i\u1ec3m nh\u1ea5n sinh \u0111\u1ed9ng. V\u1edbi thi\u1ebft k\u1ebf ch\u1ed1ng r\u00f2 r\u1ec9 v\u00e0 t\u00ednh di \u0111\u1ed9ng ti\u1ec7n l\u1ee3i, s\u1ea3n ph\u1ea9m n\u00e0y l\u00e0 l\u1ef1a ch\u1ecdn l\u00fd t\u01b0\u1edfng cho h\u1ecdc sinh, nh\u00e2n vi\u00ean v\u0103n ph\u00f2ng v\u00e0 du kh\u00e1ch.<\/p>","protected":false},"featured_media":16770,"comment_status":"open","ping_status":"closed","template":"","meta":{"_acf_changed":false},"product_brand":[],"product_cat":[309],"product_tag":[29,224],"class_list":{"0":"post-4251","1":"product","2":"type-product","3":"status-publish","4":"has-post-thumbnail","6":"product_cat-plastic-water-bottle","7":"product_tag-manufacturers","8":"product_tag-water-bottle-tritan","10":"first","11":"instock","12":"shipping-taxable","13":"product-type-simple"},"acf":[],"yoast_head":"<!-- This site is optimized with the Yoast SEO Premium plugin v27.4 (Yoast SEO v27.4) - https:\/\/yoast.com\/product\/yoast-seo-premium-wordpress\/ -->\n<title>600ml Tritan Dual-Drink Lid Insulated Cup - Diller Water Bottle Manufacturer<\/title>\n<meta name=\"description\" content=\"Stay refreshed with the 600ml Tritan Dual-Drink Lid Insulated Cup. Enjoy both straw and direct drinking options for ultimate convenience!\" \/>\n<meta name=\"robots\" content=\"index, follow, max-snippet:-1, max-image-preview:large, max-video-preview:-1\" \/>\n<link rel=\"canonical\" href=\"https:\/\/www.dillerbottle.com\/vn\/cac-san-pham\/coc-cach-nhiet-co-nap-uong-doi-tritan-600ml\" \/>\n<meta property=\"og:locale\" content=\"vi_VN\" \/>\n<meta property=\"og:type\" content=\"article\" \/>\n<meta property=\"og:title\" content=\"600ml Tritan Dual-Drink Lid Insulated Cup\" \/>\n<meta property=\"og:description\" content=\"Stay refreshed with the 600ml Tritan Dual-Drink Lid Insulated Cup. Enjoy both straw and direct drinking options for ultimate convenience!\" \/>\n<meta property=\"og:url\" content=\"https:\/\/www.dillerbottle.com\/vn\/cac-san-pham\/coc-cach-nhiet-co-nap-uong-doi-tritan-600ml\" \/>\n<meta property=\"og:site_name\" content=\"Diller Water Bottle Manufacturer\" \/>\n<meta property=\"article:modified_time\" content=\"2025-09-12T08:37:59+00:00\" \/>\n<meta property=\"og:image\" content=\"https:\/\/www.dillerbottle.com\/wp-content\/uploads\/2024\/09\/thermos-bottle-for-baby-1.jpg\" \/>\n\t<meta property=\"og:image:width\" content=\"800\" \/>\n\t<meta property=\"og:image:height\" content=\"800\" \/>\n\t<meta property=\"og:image:type\" content=\"image\/jpeg\" \/>\n<meta name=\"twitter:card\" content=\"summary_large_image\" \/>\n<meta name=\"twitter:label1\" content=\"\u01af\u1edbc t\u00ednh th\u1eddi gian \u0111\u1ecdc\" \/>\n\t<meta name=\"twitter:data1\" content=\"1 ph\u00fat\" \/>\n<script type=\"application\/ld+json\" class=\"yoast-schema-graph\">{\"@context\":\"https:\\\/\\\/schema.org\",\"@graph\":[{\"@type\":\"WebPage\",\"@id\":\"https:\\\/\\\/www.dillerbottle.com\\\/products\\\/600ml-tritan-dual-drink-lid-insulated-cup\",\"url\":\"https:\\\/\\\/www.dillerbottle.com\\\/products\\\/600ml-tritan-dual-drink-lid-insulated-cup\",\"name\":\"600ml Tritan Dual-Drink Lid Insulated Cup - Diller Water Bottle Manufacturer\",\"isPartOf\":{\"@id\":\"https:\\\/\\\/www.dillerbottle.com\\\/#website\"},\"primaryImageOfPage\":{\"@id\":\"https:\\\/\\\/www.dillerbottle.com\\\/products\\\/600ml-tritan-dual-drink-lid-insulated-cup#primaryimage\"},\"image\":{\"@id\":\"https:\\\/\\\/www.dillerbottle.com\\\/products\\\/600ml-tritan-dual-drink-lid-insulated-cup#primaryimage\"},\"thumbnailUrl\":\"https:\\\/\\\/www.dillerbottle.com\\\/wp-content\\\/uploads\\\/2024\\\/09\\\/thermos-bottle-for-baby-1.jpg\",\"datePublished\":\"2024-09-26T08:36:40+00:00\",\"dateModified\":\"2025-09-12T08:37:59+00:00\",\"description\":\"Stay refreshed with the 600ml Tritan Dual-Drink Lid Insulated Cup. Enjoy both straw and direct drinking options for ultimate convenience!\",\"breadcrumb\":{\"@id\":\"https:\\\/\\\/www.dillerbottle.com\\\/products\\\/600ml-tritan-dual-drink-lid-insulated-cup#breadcrumb\"},\"inLanguage\":\"vi\",\"potentialAction\":[{\"@type\":\"ReadAction\",\"target\":[\"https:\\\/\\\/www.dillerbottle.com\\\/products\\\/600ml-tritan-dual-drink-lid-insulated-cup\"]}]},{\"@type\":\"ImageObject\",\"inLanguage\":\"vi\",\"@id\":\"https:\\\/\\\/www.dillerbottle.com\\\/products\\\/600ml-tritan-dual-drink-lid-insulated-cup#primaryimage\",\"url\":\"https:\\\/\\\/www.dillerbottle.com\\\/wp-content\\\/uploads\\\/2024\\\/09\\\/thermos-bottle-for-baby-1.jpg\",\"contentUrl\":\"https:\\\/\\\/www.dillerbottle.com\\\/wp-content\\\/uploads\\\/2024\\\/09\\\/thermos-bottle-for-baby-1.jpg\",\"width\":800,\"height\":800},{\"@type\":\"BreadcrumbList\",\"@id\":\"https:\\\/\\\/www.dillerbottle.com\\\/products\\\/600ml-tritan-dual-drink-lid-insulated-cup#breadcrumb\",\"itemListElement\":[{\"@type\":\"ListItem\",\"position\":1,\"name\":\"Home\",\"item\":\"https:\\\/\\\/www.dillerbottle.com\\\/\"},{\"@type\":\"ListItem\",\"position\":2,\"name\":\"Products\",\"item\":\"https:\\\/\\\/www.dillerbottle.com\\\/shop\"},{\"@type\":\"ListItem\",\"position\":3,\"name\":\"600ml Tritan Dual-Drink Lid Insulated Cup\"}]},{\"@type\":\"WebSite\",\"@id\":\"https:\\\/\\\/www.dillerbottle.com\\\/#website\",\"url\":\"https:\\\/\\\/www.dillerbottle.com\\\/\",\"name\":\"Diller Water Bottle Manufacturer\",\"description\":\"Water Bottle Manufacturer\",\"publisher\":{\"@id\":\"https:\\\/\\\/www.dillerbottle.com\\\/#organization\"},\"potentialAction\":[{\"@type\":\"SearchAction\",\"target\":{\"@type\":\"EntryPoint\",\"urlTemplate\":\"https:\\\/\\\/www.dillerbottle.com\\\/?s={search_term_string}\"},\"query-input\":{\"@type\":\"PropertyValueSpecification\",\"valueRequired\":true,\"valueName\":\"search_term_string\"}}],\"inLanguage\":\"vi\"},{\"@type\":\"Organization\",\"@id\":\"https:\\\/\\\/www.dillerbottle.com\\\/#organization\",\"name\":\"Diller Water Bottle Manufacturer\",\"url\":\"https:\\\/\\\/www.dillerbottle.com\\\/\",\"logo\":{\"@type\":\"ImageObject\",\"inLanguage\":\"vi\",\"@id\":\"https:\\\/\\\/www.dillerbottle.com\\\/#\\\/schema\\\/logo\\\/image\\\/\",\"url\":\"https:\\\/\\\/www.dillerbottle.com\\\/wp-content\\\/uploads\\\/2024\\\/09\\\/49918bfa848dcc1e9f8b509933603ac.png\",\"contentUrl\":\"https:\\\/\\\/www.dillerbottle.com\\\/wp-content\\\/uploads\\\/2024\\\/09\\\/49918bfa848dcc1e9f8b509933603ac.png\",\"width\":988,\"height\":198,\"caption\":\"Diller Water Bottle Manufacturer\"},\"image\":{\"@id\":\"https:\\\/\\\/www.dillerbottle.com\\\/#\\\/schema\\\/logo\\\/image\\\/\"}}]}<\/script>\n<!-- \/ Yoast SEO Premium plugin. -->","yoast_head_json":{"title":"C\u1ed1c c\u00e1ch nhi\u1ec7t n\u1eafp u\u1ed1ng \u0111\u00f4i Tritan 600ml - Nh\u00e0 s\u1ea3n xu\u1ea5t b\u00ecnh n\u01b0\u1edbc Diller","description":"Gi\u1eef cho \u0111\u1ed3 u\u1ed1ng c\u1ee7a b\u1ea1n lu\u00f4n m\u00e1t l\u1ea1nh v\u1edbi c\u1ed1c c\u00e1ch nhi\u1ec7t Tritan 600ml c\u00f3 n\u1eafp u\u1ed1ng hai chi\u1ec1u. Th\u01b0\u1edfng th\u1ee9c c\u1ea3 hai c\u00e1ch u\u1ed1ng b\u1eb1ng \u1ed1ng h\u00fat v\u00e0 u\u1ed1ng tr\u1ef1c ti\u1ebfp cho s\u1ef1 ti\u1ec7n l\u1ee3i t\u1ed1i \u0111a!","robots":{"index":"index","follow":"follow","max-snippet":"max-snippet:-1","max-image-preview":"max-image-preview:large","max-video-preview":"max-video-preview:-1"},"canonical":"https:\/\/www.dillerbottle.com\/vn\/cac-san-pham\/coc-cach-nhiet-co-nap-uong-doi-tritan-600ml","og_locale":"vi_VN","og_type":"article","og_title":"600ml Tritan Dual-Drink Lid Insulated Cup","og_description":"Stay refreshed with the 600ml Tritan Dual-Drink Lid Insulated Cup. Enjoy both straw and direct drinking options for ultimate convenience!","og_url":"https:\/\/www.dillerbottle.com\/vn\/cac-san-pham\/coc-cach-nhiet-co-nap-uong-doi-tritan-600ml","og_site_name":"Diller Water Bottle Manufacturer","article_modified_time":"2025-09-12T08:37:59+00:00","og_image":[{"width":800,"height":800,"url":"https:\/\/www.dillerbottle.com\/wp-content\/uploads\/2024\/09\/thermos-bottle-for-baby-1.jpg","type":"image\/jpeg"}],"twitter_card":"summary_large_image","twitter_misc":{"\u01af\u1edbc t\u00ednh th\u1eddi gian \u0111\u1ecdc":"1 ph\u00fat"},"schema":{"@context":"https:\/\/schema.org","@graph":[{"@type":"WebPage","@id":"https:\/\/www.dillerbottle.com\/products\/600ml-tritan-dual-drink-lid-insulated-cup","url":"https:\/\/www.dillerbottle.com\/products\/600ml-tritan-dual-drink-lid-insulated-cup","name":"C\u1ed1c c\u00e1ch nhi\u1ec7t n\u1eafp u\u1ed1ng \u0111\u00f4i Tritan 600ml - Nh\u00e0 s\u1ea3n xu\u1ea5t b\u00ecnh n\u01b0\u1edbc Diller","isPartOf":{"@id":"https:\/\/www.dillerbottle.com\/#website"},"primaryImageOfPage":{"@id":"https:\/\/www.dillerbottle.com\/products\/600ml-tritan-dual-drink-lid-insulated-cup#primaryimage"},"image":{"@id":"https:\/\/www.dillerbottle.com\/products\/600ml-tritan-dual-drink-lid-insulated-cup#primaryimage"},"thumbnailUrl":"https:\/\/www.dillerbottle.com\/wp-content\/uploads\/2024\/09\/thermos-bottle-for-baby-1.jpg","datePublished":"2024-09-26T08:36:40+00:00","dateModified":"2025-09-12T08:37:59+00:00","description":"Gi\u1eef cho \u0111\u1ed3 u\u1ed1ng c\u1ee7a b\u1ea1n lu\u00f4n m\u00e1t l\u1ea1nh v\u1edbi c\u1ed1c c\u00e1ch nhi\u1ec7t Tritan 600ml c\u00f3 n\u1eafp u\u1ed1ng hai chi\u1ec1u. Th\u01b0\u1edfng th\u1ee9c c\u1ea3 hai c\u00e1ch u\u1ed1ng b\u1eb1ng \u1ed1ng h\u00fat v\u00e0 u\u1ed1ng tr\u1ef1c ti\u1ebfp cho s\u1ef1 ti\u1ec7n l\u1ee3i t\u1ed1i \u0111a!","breadcrumb":{"@id":"https:\/\/www.dillerbottle.com\/products\/600ml-tritan-dual-drink-lid-insulated-cup#breadcrumb"},"inLanguage":"vi","potentialAction":[{"@type":"ReadAction","target":["https:\/\/www.dillerbottle.com\/products\/600ml-tritan-dual-drink-lid-insulated-cup"]}]},{"@type":"ImageObject","inLanguage":"vi","@id":"https:\/\/www.dillerbottle.com\/products\/600ml-tritan-dual-drink-lid-insulated-cup#primaryimage","url":"https:\/\/www.dillerbottle.com\/wp-content\/uploads\/2024\/09\/thermos-bottle-for-baby-1.jpg","contentUrl":"https:\/\/www.dillerbottle.com\/wp-content\/uploads\/2024\/09\/thermos-bottle-for-baby-1.jpg","width":800,"height":800},{"@type":"BreadcrumbList","@id":"https:\/\/www.dillerbottle.com\/products\/600ml-tritan-dual-drink-lid-insulated-cup#breadcrumb","itemListElement":[{"@type":"ListItem","position":1,"name":"Home","item":"https:\/\/www.dillerbottle.com\/"},{"@type":"ListItem","position":2,"name":"Products","item":"https:\/\/www.dillerbottle.com\/shop"},{"@type":"ListItem","position":3,"name":"600ml Tritan Dual-Drink Lid Insulated Cup"}]},{"@type":"WebSite","@id":"https:\/\/www.dillerbottle.com\/#website","url":"https:\/\/www.dillerbottle.com\/","name":"Nh\u00e0 s\u1ea3n xu\u1ea5t b\u00ecnh n\u01b0\u1edbc Diller","description":"Nh\u00e0 s\u1ea3n xu\u1ea5t b\u00ecnh n\u01b0\u1edbc","publisher":{"@id":"https:\/\/www.dillerbottle.com\/#organization"},"potentialAction":[{"@type":"SearchAction","target":{"@type":"EntryPoint","urlTemplate":"https:\/\/www.dillerbottle.com\/?s={search_term_string}"},"query-input":{"@type":"PropertyValueSpecification","valueRequired":true,"valueName":"search_term_string"}}],"inLanguage":"vi"},{"@type":"Organization","@id":"https:\/\/www.dillerbottle.com\/#organization","name":"Nh\u00e0 s\u1ea3n xu\u1ea5t b\u00ecnh n\u01b0\u1edbc Diller","url":"https:\/\/www.dillerbottle.com\/","logo":{"@type":"ImageObject","inLanguage":"vi","@id":"https:\/\/www.dillerbottle.com\/#\/schema\/logo\/image\/","url":"https:\/\/www.dillerbottle.com\/wp-content\/uploads\/2024\/09\/49918bfa848dcc1e9f8b509933603ac.png","contentUrl":"https:\/\/www.dillerbottle.com\/wp-content\/uploads\/2024\/09\/49918bfa848dcc1e9f8b509933603ac.png","width":988,"height":198,"caption":"Diller Water Bottle Manufacturer"},"image":{"@id":"https:\/\/www.dillerbottle.com\/#\/schema\/logo\/image\/"}}]}},"_links":{"self":[{"href":"https:\/\/www.dillerbottle.com\/vn\/wp-json\/wp\/v2\/product\/4251","targetHints":{"allow":["GET"]}}],"collection":[{"href":"https:\/\/www.dillerbottle.com\/vn\/wp-json\/wp\/v2\/product"}],"about":[{"href":"https:\/\/www.dillerbottle.com\/vn\/wp-json\/wp\/v2\/types\/product"}],"replies":[{"embeddable":true,"href":"https:\/\/www.dillerbottle.com\/vn\/wp-json\/wp\/v2\/comments?post=4251"}],"wp:featuredmedia":[{"embeddable":true,"href":"https:\/\/www.dillerbottle.com\/vn\/wp-json\/wp\/v2\/media\/16770"}],"wp:attachment":[{"href":"https:\/\/www.dillerbottle.com\/vn\/wp-json\/wp\/v2\/media?parent=4251"}],"wp:term":[{"taxonomy":"product_brand","embeddable":true,"href":"https:\/\/www.dillerbottle.com\/vn\/wp-json\/wp\/v2\/product_brand?post=4251"},{"taxonomy":"product_cat","embeddable":true,"href":"https:\/\/www.dillerbottle.com\/vn\/wp-json\/wp\/v2\/product_cat?post=4251"},{"taxonomy":"product_tag","embeddable":true,"href":"https:\/\/www.dillerbottle.com\/vn\/wp-json\/wp\/v2\/product_tag?post=4251"}],"curies":[{"name":"wp","href":"https:\/\/api.w.org\/{rel}","templated":true}]}}