{"id":4615,"date":"2024-09-27T17:47:08","date_gmt":"2024-09-27T09:47:08","guid":{"rendered":"https:\/\/demo.dillerbottle.com\/uncategorized\/large-capacity-square-water-bottle"},"modified":"2025-07-10T14:09:25","modified_gmt":"2025-07-10T06:09:25","slug":"binh-nuoc-vuong-dung-tich-lon","status":"publish","type":"product","link":"https:\/\/www.dillerbottle.com\/vn\/products\/large-capacity-square-water-bottle","title":{"rendered":"B\u00ecnh n\u01b0\u1edbc vu\u00f4ng dung t\u00edch l\u1edbn"},"content":{"rendered":"<p>1. B\u00ecnh \u0111\u1ef1ng n\u01b0\u1edbc vu\u00f4ng dung t\u00edch l\u1edbn \u0111\u01b0\u1ee3c l\u00e0m b\u1eb1ng v\u1eadt li\u1ec7u Tritan v\u00e0 v\u1eadt li\u1ec7u c\u1ea5p th\u1ef1c ph\u1ea9m. Tritan c\u00f3 kh\u1ea3 n\u0103ng ch\u1ecbu nhi\u1ec7t v\u00e0 ch\u1ed1ng va \u0111\u1eadp cao. An to\u00e0n v\u00e0 v\u00f4 h\u1ea1i, kh\u00f4ng ch\u1ee9a c\u00e1c ch\u1ea5t \u0111\u1ed9c h\u1ea1i nh\u01b0 BPA.<\/p>\n<p>2. Ph\u01b0\u01a1ng ph\u00e1p u\u1ed1ng m\u1ed9t l\u1ea7n, c\u00f3 th\u1ec3 u\u1ed1ng qua \u1ed1ng h\u00fat ho\u1eb7c u\u1ed1ng tr\u1ef1c ti\u1ebfp. C\u1ed1c c\u00f3 v\u00f2ng silicon k\u00edn, ngay c\u1ea3 khi l\u1eadt ng\u01b0\u1ee3c 360 \u00b0 c\u0169ng kh\u00f4ng b\u1ecb r\u00f2 r\u1ec9.<\/p>\n<p>3. N\u1eafp c\u1ed1c v\u00e0 th\u00e2n c\u1ed1c \u0111\u1ec1u c\u00f3 tay c\u1ea7m, ngo\u00e0i ra c\u00f2n c\u00f3 d\u00e2y \u0111eo c\u00f3 th\u1ec3 \u0111i\u1ec1u ch\u1ec9nh mi\u1ec5n ph\u00ed, thu\u1eadn ti\u1ec7n khi mang theo v\u00e0 di chuy\u1ec3n. Th\u00e2n b\u00ecnh vu\u00f4ng tr\u00f4ng \u0111\u1eb7c bi\u1ec7t v\u00e0 \u0111\u1ea7y s\u1ee9c m\u1ea1nh h\u01a1n.<\/p>\n<p>Ch\u1ea5p nh\u1eadn OEM v\u00e0 ODM.<br \/>\nCh\u00fang t\u00f4i c\u00f3 th\u1ec3 t\u00f9y ch\u1ec9nh b\u00ecnh n\u01b0\u1edbc th\u1ec3 thao theo y\u00eau c\u1ea7u c\u1ee7a b\u1ea1n.<br \/>\nCh\u00e0o m\u1eebng b\u1ea1n \u0111\u1ebfn mua s\u1ec9, h\u00e3y g\u1eedi y\u00eau c\u1ea7u ngay!<\/p>\n<p><iframe title=\"B\u00ecnh n\u01b0\u1edbc th\u1ec3 thao vu\u00f4ng dung t\u00edch l\u1edbn b\u1eb1ng nh\u1ef1a Tritan kh\u00f4ng ch\u1ee9a BPA c\u00f3 tay c\u1ea7m D2311\" width=\"800\" height=\"600\" src=\"https:\/\/www.youtube.com\/embed\/nZmAbf5PKOA?feature=oembed\" frameborder=\"0\" allow=\"accelerometer; autoplay; clipboard-write; encrypted-media; gyroscope; picture-in-picture; web-share\" referrerpolicy=\"strict-origin-when-cross-origin\" allowfullscreen><\/iframe><\/p>","protected":false},"excerpt":{"rendered":"<p>B\u00ecnh \u0111\u1ef1ng n\u01b0\u1edbc vu\u00f4ng c\u00f3 dung t\u00edch l\u1edbn n\u00e0y \u0111\u01b0\u1ee3c l\u00e0m t\u1eeb v\u1eadt li\u1ec7u Tritan b\u1ec1n v\u00e0 an to\u00e0n th\u1ef1c ph\u1ea9m.<br \/>\nTh\u00e2n chai vu\u00f4ng tr\u00f4ng \u0111\u1eb7c bi\u1ec7t v\u00e0 \u0111\u1ea7y s\u1ee9c m\u1ea1nh h\u01a1n.<br \/>\nB\u1ea1n c\u00f3 th\u1ec3 d\u00f9ng \u1ed1ng h\u00fat \u0111\u1ec3 u\u1ed1ng n\u01b0\u1edbc ho\u1eb7c u\u1ed1ng tr\u1ef1c ti\u1ebfp.<br \/>\nN\u1eafp ch\u1ed1ng tr\u00e0n ch\u1ec9 c\u1ea7n m\u1ed9t c\u00fa nh\u1ea5p chu\u1ed9t s\u1ebd m\u1edf ra d\u1ec5 d\u00e0ng ch\u1ec9 b\u1eb1ng m\u1ed9t n\u00fat b\u1ea5m b\u1eb1ng m\u1ed9t tay.<br \/>\nCh\u1ea5p nh\u1eadn OEM v\u00e0 ODM.<br \/>\nCh\u00fang t\u00f4i c\u00f3 th\u1ec3 t\u00f9y ch\u1ec9nh b\u00ecnh \u0111\u1ef1ng n\u01b0\u1edbc th\u1ec3 thao b\u1eb1ng nh\u1ef1a theo y\u00eau c\u1ea7u c\u1ee7a b\u1ea1n.<br \/>\nCh\u00e0o m\u1eebng b\u1ea1n \u0111\u1ebfn mua s\u1ec9, h\u00e3y g\u1eedi y\u00eau c\u1ea7u ngay!<\/p>","protected":false},"featured_media":4616,"comment_status":"open","ping_status":"closed","template":"","meta":{"_acf_changed":false},"product_brand":[],"product_cat":[309],"product_tag":[32,36,33,361,360,31,363,39,38,359,29,37,362,324,34,35,28,331,30],"class_list":{"0":"post-4615","1":"product","2":"type-product","3":"status-publish","4":"has-post-thumbnail","6":"product_cat-plastic-water-bottle","7":"product_tag-best","8":"product_tag-bulk","9":"product_tag-buy","10":"product_tag-clear-plastic-water-bottle","11":"product_tag-cool-water-bottle","12":"product_tag-custom","13":"product_tag-eco-friendly-water-bottles-wholesale","14":"product_tag-for-sale","15":"product_tag-good-quality","16":"product_tag-large-capacity-square-water-bottle","17":"product_tag-manufacturers","18":"product_tag-manufacturing","19":"product_tag-mouth-plastic-water-bottle-sport-travel-bottle","20":"product_tag-plastic-water-bottle-700ml","21":"product_tag-price","22":"product_tag-small","23":"product_tag-suppliers","24":"product_tag-water-bottle-3-liter","25":"product_tag-wholesale","27":"first","28":"instock","29":"shipping-taxable","30":"product-type-simple"},"acf":[],"yoast_head":"<!-- This site is optimized with the Yoast SEO Premium plugin v27.5 (Yoast SEO v27.5) - https:\/\/yoast.com\/product\/yoast-seo-premium-wordpress\/ -->\n<title>Large Capacity Square Water Bottle - Diller Water Bottle Manufacturer<\/title>\n<meta name=\"description\" content=\"As one of the best large capacity square water bottle manufacturers and suppliers, we are engaged in manufacturing good quality water bottles. We warmly welcome you to wholesale or buy custom made large capacity square water bottle at competitive price from us. Also, small quantity orders are acceptable.\" \/>\n<meta name=\"robots\" content=\"index, follow, max-snippet:-1, max-image-preview:large, max-video-preview:-1\" \/>\n<link rel=\"canonical\" href=\"https:\/\/www.dillerbottle.com\/vn\/cac-san-pham\/binh-nuoc-vuong-dung-tich-lon\" \/>\n<meta property=\"og:locale\" content=\"vi_VN\" \/>\n<meta property=\"og:type\" content=\"article\" \/>\n<meta property=\"og:title\" content=\"Large Capacity Square Water Bottle\" \/>\n<meta property=\"og:description\" content=\"As one of the best large capacity square water bottle manufacturers and suppliers, we are engaged in manufacturing good quality water bottles. We warmly welcome you to wholesale or buy custom made large capacity square water bottle at competitive price from us. Also, small quantity orders are acceptable.\" \/>\n<meta property=\"og:url\" content=\"https:\/\/www.dillerbottle.com\/vn\/cac-san-pham\/binh-nuoc-vuong-dung-tich-lon\" \/>\n<meta property=\"og:site_name\" content=\"Diller Water Bottle Manufacturer\" \/>\n<meta property=\"article:modified_time\" content=\"2025-07-10T06:09:25+00:00\" \/>\n<meta property=\"og:image\" content=\"https:\/\/www.dillerbottle.com\/wp-content\/uploads\/2024\/09\/large-capacity-square-water-bottle75d158d1-71d1-4f1c-8219-0de2e327a65d.jpg\" \/>\n\t<meta property=\"og:image:width\" content=\"730\" \/>\n\t<meta property=\"og:image:height\" content=\"730\" \/>\n\t<meta property=\"og:image:type\" content=\"image\/jpeg\" \/>\n<meta name=\"twitter:card\" content=\"summary_large_image\" \/>\n<meta name=\"twitter:label1\" content=\"\u01af\u1edbc t\u00ednh th\u1eddi gian \u0111\u1ecdc\" \/>\n\t<meta name=\"twitter:data1\" content=\"7 ph\u00fat\" \/>\n<script type=\"application\/ld+json\" class=\"yoast-schema-graph\">{\"@context\":\"https:\\\/\\\/schema.org\",\"@graph\":[{\"@type\":\"WebPage\",\"@id\":\"https:\\\/\\\/www.dillerbottle.com\\\/products\\\/large-capacity-square-water-bottle\",\"url\":\"https:\\\/\\\/www.dillerbottle.com\\\/products\\\/large-capacity-square-water-bottle\",\"name\":\"Large Capacity Square Water Bottle - Diller Water Bottle Manufacturer\",\"isPartOf\":{\"@id\":\"https:\\\/\\\/www.dillerbottle.com\\\/#website\"},\"primaryImageOfPage\":{\"@id\":\"https:\\\/\\\/www.dillerbottle.com\\\/products\\\/large-capacity-square-water-bottle#primaryimage\"},\"image\":{\"@id\":\"https:\\\/\\\/www.dillerbottle.com\\\/products\\\/large-capacity-square-water-bottle#primaryimage\"},\"thumbnailUrl\":\"https:\\\/\\\/www.dillerbottle.com\\\/wp-content\\\/uploads\\\/2024\\\/09\\\/large-capacity-square-water-bottle75d158d1-71d1-4f1c-8219-0de2e327a65d.jpg\",\"datePublished\":\"2024-09-27T09:47:08+00:00\",\"dateModified\":\"2025-07-10T06:09:25+00:00\",\"description\":\"As one of the best large capacity square water bottle manufacturers and suppliers, we are engaged in manufacturing good quality water bottles. We warmly welcome you to wholesale or buy custom made large capacity square water bottle at competitive price from us. Also, small quantity orders are acceptable.\",\"breadcrumb\":{\"@id\":\"https:\\\/\\\/www.dillerbottle.com\\\/products\\\/large-capacity-square-water-bottle#breadcrumb\"},\"inLanguage\":\"vi\",\"potentialAction\":[{\"@type\":\"ReadAction\",\"target\":[\"https:\\\/\\\/www.dillerbottle.com\\\/products\\\/large-capacity-square-water-bottle\"]}]},{\"@type\":\"ImageObject\",\"inLanguage\":\"vi\",\"@id\":\"https:\\\/\\\/www.dillerbottle.com\\\/products\\\/large-capacity-square-water-bottle#primaryimage\",\"url\":\"https:\\\/\\\/www.dillerbottle.com\\\/wp-content\\\/uploads\\\/2024\\\/09\\\/large-capacity-square-water-bottle75d158d1-71d1-4f1c-8219-0de2e327a65d.jpg\",\"contentUrl\":\"https:\\\/\\\/www.dillerbottle.com\\\/wp-content\\\/uploads\\\/2024\\\/09\\\/large-capacity-square-water-bottle75d158d1-71d1-4f1c-8219-0de2e327a65d.jpg\",\"width\":730,\"height\":730},{\"@type\":\"BreadcrumbList\",\"@id\":\"https:\\\/\\\/www.dillerbottle.com\\\/products\\\/large-capacity-square-water-bottle#breadcrumb\",\"itemListElement\":[{\"@type\":\"ListItem\",\"position\":1,\"name\":\"Home\",\"item\":\"https:\\\/\\\/www.dillerbottle.com\\\/\"},{\"@type\":\"ListItem\",\"position\":2,\"name\":\"Products\",\"item\":\"https:\\\/\\\/www.dillerbottle.com\\\/shop\"},{\"@type\":\"ListItem\",\"position\":3,\"name\":\"Large Capacity Square Water Bottle\"}]},{\"@type\":\"WebSite\",\"@id\":\"https:\\\/\\\/www.dillerbottle.com\\\/#website\",\"url\":\"https:\\\/\\\/www.dillerbottle.com\\\/\",\"name\":\"Diller Water Bottle Manufacturer\",\"description\":\"Water Bottle Manufacturer\",\"publisher\":{\"@id\":\"https:\\\/\\\/www.dillerbottle.com\\\/#organization\"},\"potentialAction\":[{\"@type\":\"SearchAction\",\"target\":{\"@type\":\"EntryPoint\",\"urlTemplate\":\"https:\\\/\\\/www.dillerbottle.com\\\/?s={search_term_string}\"},\"query-input\":{\"@type\":\"PropertyValueSpecification\",\"valueRequired\":true,\"valueName\":\"search_term_string\"}}],\"inLanguage\":\"vi\"},{\"@type\":\"Organization\",\"@id\":\"https:\\\/\\\/www.dillerbottle.com\\\/#organization\",\"name\":\"Diller Water Bottle Manufacturer\",\"url\":\"https:\\\/\\\/www.dillerbottle.com\\\/\",\"logo\":{\"@type\":\"ImageObject\",\"inLanguage\":\"vi\",\"@id\":\"https:\\\/\\\/www.dillerbottle.com\\\/#\\\/schema\\\/logo\\\/image\\\/\",\"url\":\"https:\\\/\\\/www.dillerbottle.com\\\/wp-content\\\/uploads\\\/2024\\\/09\\\/49918bfa848dcc1e9f8b509933603ac.png\",\"contentUrl\":\"https:\\\/\\\/www.dillerbottle.com\\\/wp-content\\\/uploads\\\/2024\\\/09\\\/49918bfa848dcc1e9f8b509933603ac.png\",\"width\":988,\"height\":198,\"caption\":\"Diller Water Bottle Manufacturer\"},\"image\":{\"@id\":\"https:\\\/\\\/www.dillerbottle.com\\\/#\\\/schema\\\/logo\\\/image\\\/\"}}]}<\/script>\n<!-- \/ Yoast SEO Premium plugin. -->","yoast_head_json":{"title":"B\u00ecnh n\u01b0\u1edbc vu\u00f4ng dung t\u00edch l\u1edbn - Nh\u00e0 s\u1ea3n xu\u1ea5t b\u00ecnh n\u01b0\u1edbc Diller","description":"L\u00e0 m\u1ed9t trong nh\u1eefng nh\u00e0 s\u1ea3n xu\u1ea5t v\u00e0 cung c\u1ea5p b\u00ecnh \u0111\u1ef1ng n\u01b0\u1edbc vu\u00f4ng dung t\u00edch l\u1edbn t\u1ed1t nh\u1ea5t, ch\u00fang t\u00f4i tham gia s\u1ea3n xu\u1ea5t b\u00ecnh \u0111\u1ef1ng n\u01b0\u1edbc ch\u1ea5t l\u01b0\u1ee3ng t\u1ed1t. Ch\u00fang t\u00f4i n\u1ed3ng nhi\u1ec7t ch\u00e0o \u0111\u00f3n b\u1ea1n \u0111\u1ebfn b\u00e1n bu\u00f4n ho\u1eb7c mua b\u00ecnh \u0111\u1ef1ng n\u01b0\u1edbc vu\u00f4ng dung t\u00edch l\u1edbn t\u00f9y ch\u1ec9nh v\u1edbi gi\u00e1 c\u1ea3 c\u1ea1nh tranh t\u1eeb ch\u00fang t\u00f4i. Ngo\u00e0i ra, \u0111\u01a1n \u0111\u1eb7t h\u00e0ng s\u1ed1 l\u01b0\u1ee3ng nh\u1ecf c\u0169ng \u0111\u01b0\u1ee3c ch\u1ea5p nh\u1eadn.","robots":{"index":"index","follow":"follow","max-snippet":"max-snippet:-1","max-image-preview":"max-image-preview:large","max-video-preview":"max-video-preview:-1"},"canonical":"https:\/\/www.dillerbottle.com\/vn\/cac-san-pham\/binh-nuoc-vuong-dung-tich-lon","og_locale":"vi_VN","og_type":"article","og_title":"Large Capacity Square Water Bottle","og_description":"As one of the best large capacity square water bottle manufacturers and suppliers, we are engaged in manufacturing good quality water bottles. We warmly welcome you to wholesale or buy custom made large capacity square water bottle at competitive price from us. Also, small quantity orders are acceptable.","og_url":"https:\/\/www.dillerbottle.com\/vn\/cac-san-pham\/binh-nuoc-vuong-dung-tich-lon","og_site_name":"Diller Water Bottle Manufacturer","article_modified_time":"2025-07-10T06:09:25+00:00","og_image":[{"width":730,"height":730,"url":"https:\/\/www.dillerbottle.com\/wp-content\/uploads\/2024\/09\/large-capacity-square-water-bottle75d158d1-71d1-4f1c-8219-0de2e327a65d.jpg","type":"image\/jpeg"}],"twitter_card":"summary_large_image","twitter_misc":{"\u01af\u1edbc t\u00ednh th\u1eddi gian \u0111\u1ecdc":"7 ph\u00fat"},"schema":{"@context":"https:\/\/schema.org","@graph":[{"@type":"WebPage","@id":"https:\/\/www.dillerbottle.com\/products\/large-capacity-square-water-bottle","url":"https:\/\/www.dillerbottle.com\/products\/large-capacity-square-water-bottle","name":"B\u00ecnh n\u01b0\u1edbc vu\u00f4ng dung t\u00edch l\u1edbn - Nh\u00e0 s\u1ea3n xu\u1ea5t b\u00ecnh n\u01b0\u1edbc Diller","isPartOf":{"@id":"https:\/\/www.dillerbottle.com\/#website"},"primaryImageOfPage":{"@id":"https:\/\/www.dillerbottle.com\/products\/large-capacity-square-water-bottle#primaryimage"},"image":{"@id":"https:\/\/www.dillerbottle.com\/products\/large-capacity-square-water-bottle#primaryimage"},"thumbnailUrl":"https:\/\/www.dillerbottle.com\/wp-content\/uploads\/2024\/09\/large-capacity-square-water-bottle75d158d1-71d1-4f1c-8219-0de2e327a65d.jpg","datePublished":"2024-09-27T09:47:08+00:00","dateModified":"2025-07-10T06:09:25+00:00","description":"L\u00e0 m\u1ed9t trong nh\u1eefng nh\u00e0 s\u1ea3n xu\u1ea5t v\u00e0 cung c\u1ea5p b\u00ecnh \u0111\u1ef1ng n\u01b0\u1edbc vu\u00f4ng dung t\u00edch l\u1edbn t\u1ed1t nh\u1ea5t, ch\u00fang t\u00f4i tham gia s\u1ea3n xu\u1ea5t b\u00ecnh \u0111\u1ef1ng n\u01b0\u1edbc ch\u1ea5t l\u01b0\u1ee3ng t\u1ed1t. Ch\u00fang t\u00f4i n\u1ed3ng nhi\u1ec7t ch\u00e0o \u0111\u00f3n b\u1ea1n \u0111\u1ebfn b\u00e1n bu\u00f4n ho\u1eb7c mua b\u00ecnh \u0111\u1ef1ng n\u01b0\u1edbc vu\u00f4ng dung t\u00edch l\u1edbn t\u00f9y ch\u1ec9nh v\u1edbi gi\u00e1 c\u1ea3 c\u1ea1nh tranh t\u1eeb ch\u00fang t\u00f4i. Ngo\u00e0i ra, \u0111\u01a1n \u0111\u1eb7t h\u00e0ng s\u1ed1 l\u01b0\u1ee3ng nh\u1ecf c\u0169ng \u0111\u01b0\u1ee3c ch\u1ea5p nh\u1eadn.","breadcrumb":{"@id":"https:\/\/www.dillerbottle.com\/products\/large-capacity-square-water-bottle#breadcrumb"},"inLanguage":"vi","potentialAction":[{"@type":"ReadAction","target":["https:\/\/www.dillerbottle.com\/products\/large-capacity-square-water-bottle"]}]},{"@type":"ImageObject","inLanguage":"vi","@id":"https:\/\/www.dillerbottle.com\/products\/large-capacity-square-water-bottle#primaryimage","url":"https:\/\/www.dillerbottle.com\/wp-content\/uploads\/2024\/09\/large-capacity-square-water-bottle75d158d1-71d1-4f1c-8219-0de2e327a65d.jpg","contentUrl":"https:\/\/www.dillerbottle.com\/wp-content\/uploads\/2024\/09\/large-capacity-square-water-bottle75d158d1-71d1-4f1c-8219-0de2e327a65d.jpg","width":730,"height":730},{"@type":"BreadcrumbList","@id":"https:\/\/www.dillerbottle.com\/products\/large-capacity-square-water-bottle#breadcrumb","itemListElement":[{"@type":"ListItem","position":1,"name":"Home","item":"https:\/\/www.dillerbottle.com\/"},{"@type":"ListItem","position":2,"name":"Products","item":"https:\/\/www.dillerbottle.com\/shop"},{"@type":"ListItem","position":3,"name":"Large Capacity Square Water Bottle"}]},{"@type":"WebSite","@id":"https:\/\/www.dillerbottle.com\/#website","url":"https:\/\/www.dillerbottle.com\/","name":"Nh\u00e0 s\u1ea3n xu\u1ea5t b\u00ecnh n\u01b0\u1edbc Diller","description":"Nh\u00e0 s\u1ea3n xu\u1ea5t b\u00ecnh n\u01b0\u1edbc","publisher":{"@id":"https:\/\/www.dillerbottle.com\/#organization"},"potentialAction":[{"@type":"SearchAction","target":{"@type":"EntryPoint","urlTemplate":"https:\/\/www.dillerbottle.com\/?s={search_term_string}"},"query-input":{"@type":"PropertyValueSpecification","valueRequired":true,"valueName":"search_term_string"}}],"inLanguage":"vi"},{"@type":"Organization","@id":"https:\/\/www.dillerbottle.com\/#organization","name":"Nh\u00e0 s\u1ea3n xu\u1ea5t b\u00ecnh n\u01b0\u1edbc Diller","url":"https:\/\/www.dillerbottle.com\/","logo":{"@type":"ImageObject","inLanguage":"vi","@id":"https:\/\/www.dillerbottle.com\/#\/schema\/logo\/image\/","url":"https:\/\/www.dillerbottle.com\/wp-content\/uploads\/2024\/09\/49918bfa848dcc1e9f8b509933603ac.png","contentUrl":"https:\/\/www.dillerbottle.com\/wp-content\/uploads\/2024\/09\/49918bfa848dcc1e9f8b509933603ac.png","width":988,"height":198,"caption":"Diller Water Bottle Manufacturer"},"image":{"@id":"https:\/\/www.dillerbottle.com\/#\/schema\/logo\/image\/"}}]}},"_links":{"self":[{"href":"https:\/\/www.dillerbottle.com\/vn\/wp-json\/wp\/v2\/product\/4615","targetHints":{"allow":["GET"]}}],"collection":[{"href":"https:\/\/www.dillerbottle.com\/vn\/wp-json\/wp\/v2\/product"}],"about":[{"href":"https:\/\/www.dillerbottle.com\/vn\/wp-json\/wp\/v2\/types\/product"}],"replies":[{"embeddable":true,"href":"https:\/\/www.dillerbottle.com\/vn\/wp-json\/wp\/v2\/comments?post=4615"}],"wp:featuredmedia":[{"embeddable":true,"href":"https:\/\/www.dillerbottle.com\/vn\/wp-json\/wp\/v2\/media\/4616"}],"wp:attachment":[{"href":"https:\/\/www.dillerbottle.com\/vn\/wp-json\/wp\/v2\/media?parent=4615"}],"wp:term":[{"taxonomy":"product_brand","embeddable":true,"href":"https:\/\/www.dillerbottle.com\/vn\/wp-json\/wp\/v2\/product_brand?post=4615"},{"taxonomy":"product_cat","embeddable":true,"href":"https:\/\/www.dillerbottle.com\/vn\/wp-json\/wp\/v2\/product_cat?post=4615"},{"taxonomy":"product_tag","embeddable":true,"href":"https:\/\/www.dillerbottle.com\/vn\/wp-json\/wp\/v2\/product_tag?post=4615"}],"curies":[{"name":"wp","href":"https:\/\/api.w.org\/{rel}","templated":true}]}}