{"id":4897,"date":"2024-09-27T17:51:00","date_gmt":"2024-09-27T09:51:00","guid":{"rendered":"https:\/\/demo.dillerbottle.com\/uncategorized\/bpa-free-tritan-water-flask"},"modified":"2025-07-10T14:08:16","modified_gmt":"2025-07-10T06:08:16","slug":"binh-dung-nuoc-tritan-khong-chua-bpa","status":"publish","type":"product","link":"https:\/\/www.dillerbottle.com\/vn\/products\/bpa-free-tritan-water-flask","title":{"rendered":"B\u00ecnh \u0111\u1ef1ng n\u01b0\u1edbc Tritan kh\u00f4ng ch\u1ee9a BPA"},"content":{"rendered":"<p>1. B\u00ecnh \u0111\u1ef1ng n\u01b0\u1edbc tritan kh\u00f4ng ch\u1ee9a bpa n\u00e0y \u0111\u01b0\u1ee3c l\u00e0m t\u1eeb nh\u1ef1a Tritan ch\u1ea5t l\u01b0\u1ee3ng cao, d\u1ec5 v\u1ec7 sinh v\u00e0 \u0111\u01a1n gi\u1ea3n, b\u00ecnh n\u00e0y kh\u00f4ng ch\u1ee9a bpa 100% %.<\/p>\n<p>2. B\u00ecnh \u0111\u01b0\u1ee3c thi\u1ebft k\u1ebf c\u00f3 tay c\u1ea7m, c\u00f3 th\u1ec3 d\u1ec5 d\u00e0ng mang theo.<\/p>\n<p>3. B\u00ecnh n\u01b0\u1edbc n\u00e0y \u0111\u01b0\u1ee3c thi\u1ebft k\u1ebf v\u1edbi b\u1ed1n dung t\u00edch, dung t\u00edch nh\u1ecf v\u00e0 dung t\u00edch l\u1edbn t\u01b0\u01a1ng \u1ee9ng. Ph\u00f9 h\u1ee3p cho tr\u1ebb em, h\u1ecdc sinh v\u00e0 ng\u01b0\u1eddi l\u1edbn.<\/p>\n<p>4. B\u00ecnh n\u01b0\u1edbc tritan kh\u00f4ng ch\u1ee9a BPA ho\u00e0n h\u1ea3o cho vi\u1ec7c \u0111i du l\u1ecbch, c\u1eafm tr\u1ea1i, ch\u1ea1y b\u1ed9, \u0111\u1ea1p xe v\u00e0 c\u00e1c ho\u1ea1t \u0111\u1ed9ng ngo\u00e0i tr\u1eddi.<br \/>\n5. N\u1eafp l\u1eadt \u0111\u01b0\u1ee3c thi\u1ebft k\u1ebf v\u1edbi kh\u00f3a an to\u00e0n, hi\u1ec7u qu\u1ea3 v\u00e0 ch\u1ed1ng tr\u00e0n.<\/p>","protected":false},"excerpt":{"rendered":"<p>B\u00ecnh \u0111\u1ef1ng n\u01b0\u1edbc tritan kh\u00f4ng ch\u1ee9a BPA n\u00e0y \u0111\u01b0\u1ee3c l\u00e0m t\u1eeb v\u1eadt li\u1ec7u Tritan b\u1ec1n v\u00e0 an to\u00e0n th\u1ef1c ph\u1ea9m.<br \/>\nN\u1eafp c\u1ed1c c\u00f3 tay c\u1ea7m b\u1eb1ng silicon, thu\u1eadn ti\u1ec7n h\u01a1n khi mang theo.<br \/>\nN\u1eafp l\u1eadt \u0111\u01b0\u1ee3c thi\u1ebft k\u1ebf v\u1edbi kh\u00f3a an to\u00e0n, hi\u1ec7u qu\u1ea3 v\u00e0 ch\u1ed1ng tr\u00e0n.<br \/>\nB\u1ed1n m\u00e0u s\u1eafc v\u00e0 dung t\u00edch cho b\u1ea1n l\u1ef1a ch\u1ecdn.<br \/>\nCh\u1ea5p nh\u1eadn OEM v\u00e0 ODM.<br \/>\nCh\u00fang t\u00f4i c\u00f3 th\u1ec3 t\u00f9y ch\u1ec9nh b\u00ecnh \u0111\u1ef1ng n\u01b0\u1edbc th\u1ec3 thao b\u1eb1ng nh\u1ef1a theo y\u00eau c\u1ea7u c\u1ee7a b\u1ea1n.<br \/>\nCh\u00e0o m\u1eebng b\u1ea1n \u0111\u1ebfn mua s\u1ec9, h\u00e3y g\u1eedi y\u00eau c\u1ea7u ngay!<\/p>","protected":false},"featured_media":4898,"comment_status":"open","ping_status":"closed","template":"","meta":{"_acf_changed":false},"product_brand":[],"product_cat":[309],"product_tag":[32,392,36,33,379,31,335,39,38,29,37,34,373,35,393,28,345,375,30],"class_list":{"0":"post-4897","1":"product","2":"type-product","3":"status-publish","4":"has-post-thumbnail","6":"product_cat-plastic-water-bottle","7":"product_tag-best","8":"product_tag-bpa-free-tritan-water-flask","9":"product_tag-bulk","10":"product_tag-buy","11":"product_tag-clear-water-bottle-with-straw","12":"product_tag-custom","13":"product_tag-custom-sports-water-bottle","14":"product_tag-for-sale","15":"product_tag-good-quality","16":"product_tag-manufacturers","17":"product_tag-manufacturing","18":"product_tag-price","19":"product_tag-slim-water-bottle-with-straw","20":"product_tag-small","21":"product_tag-student-water-bottle","22":"product_tag-suppliers","23":"product_tag-water-bottle-2-litre","24":"product_tag-water-bottle-for-sports","25":"product_tag-wholesale","27":"first","28":"instock","29":"shipping-taxable","30":"product-type-simple"},"acf":[],"yoast_head":"<!-- This site is optimized with the Yoast SEO Premium plugin v27.4 (Yoast SEO v27.4) - https:\/\/yoast.com\/product\/yoast-seo-premium-wordpress\/ -->\n<title>BPA Free Tritan Water Flask - Diller Water Bottle Manufacturer<\/title>\n<meta name=\"description\" content=\"As one of the best bpa free tritan water flask manufacturers and suppliers, we are engaged in manufacturing good quality water bottles. We warmly welcome you to wholesale or buy custom made bpa free tritan water flask at competitive price from us. Also, small quantity orders are acceptable.\" \/>\n<meta name=\"robots\" content=\"index, follow, max-snippet:-1, max-image-preview:large, max-video-preview:-1\" \/>\n<link rel=\"canonical\" href=\"https:\/\/www.dillerbottle.com\/vn\/cac-san-pham\/binh-dung-nuoc-tritan-khong-chua-bpa\" \/>\n<meta property=\"og:locale\" content=\"vi_VN\" \/>\n<meta property=\"og:type\" content=\"article\" \/>\n<meta property=\"og:title\" content=\"BPA Free Tritan Water Flask\" \/>\n<meta property=\"og:description\" content=\"As one of the best bpa free tritan water flask manufacturers and suppliers, we are engaged in manufacturing good quality water bottles. We warmly welcome you to wholesale or buy custom made bpa free tritan water flask at competitive price from us. Also, small quantity orders are acceptable.\" \/>\n<meta property=\"og:url\" content=\"https:\/\/www.dillerbottle.com\/vn\/cac-san-pham\/binh-dung-nuoc-tritan-khong-chua-bpa\" \/>\n<meta property=\"og:site_name\" content=\"Diller Water Bottle Manufacturer\" \/>\n<meta property=\"article:modified_time\" content=\"2025-07-10T06:08:16+00:00\" \/>\n<meta property=\"og:image\" content=\"https:\/\/www.dillerbottle.com\/wp-content\/uploads\/2024\/09\/bpa-free-tritan-water-bottle9c2eca34-1638-457e-96f9-feabed302474.jpg\" \/>\n\t<meta property=\"og:image:width\" content=\"730\" \/>\n\t<meta property=\"og:image:height\" content=\"730\" \/>\n\t<meta property=\"og:image:type\" content=\"image\/jpeg\" \/>\n<meta name=\"twitter:card\" content=\"summary_large_image\" \/>\n<meta name=\"twitter:label1\" content=\"\u01af\u1edbc t\u00ednh th\u1eddi gian \u0111\u1ecdc\" \/>\n\t<meta name=\"twitter:data1\" content=\"5 ph\u00fat\" \/>\n<script type=\"application\/ld+json\" class=\"yoast-schema-graph\">{\"@context\":\"https:\\\/\\\/schema.org\",\"@graph\":[{\"@type\":\"WebPage\",\"@id\":\"https:\\\/\\\/www.dillerbottle.com\\\/de\\\/produkte\\\/bpa-freie-tritan-wasserflasche-2\",\"url\":\"https:\\\/\\\/www.dillerbottle.com\\\/de\\\/produkte\\\/bpa-freie-tritan-wasserflasche-2\",\"name\":\"BPA Free Tritan Water Flask - Diller Water Bottle Manufacturer\",\"isPartOf\":{\"@id\":\"https:\\\/\\\/www.dillerbottle.com\\\/#website\"},\"primaryImageOfPage\":{\"@id\":\"https:\\\/\\\/www.dillerbottle.com\\\/de\\\/produkte\\\/bpa-freie-tritan-wasserflasche-2#primaryimage\"},\"image\":{\"@id\":\"https:\\\/\\\/www.dillerbottle.com\\\/de\\\/produkte\\\/bpa-freie-tritan-wasserflasche-2#primaryimage\"},\"thumbnailUrl\":\"https:\\\/\\\/www.dillerbottle.com\\\/wp-content\\\/uploads\\\/2024\\\/09\\\/bpa-free-tritan-water-bottle9c2eca34-1638-457e-96f9-feabed302474.jpg\",\"datePublished\":\"2024-09-27T09:51:00+00:00\",\"dateModified\":\"2025-07-10T06:08:16+00:00\",\"description\":\"As one of the best bpa free tritan water flask manufacturers and suppliers, we are engaged in manufacturing good quality water bottles. We warmly welcome you to wholesale or buy custom made bpa free tritan water flask at competitive price from us. Also, small quantity orders are acceptable.\",\"breadcrumb\":{\"@id\":\"https:\\\/\\\/www.dillerbottle.com\\\/de\\\/produkte\\\/bpa-freie-tritan-wasserflasche-2#breadcrumb\"},\"inLanguage\":\"vi\",\"potentialAction\":[{\"@type\":\"ReadAction\",\"target\":[\"https:\\\/\\\/www.dillerbottle.com\\\/de\\\/produkte\\\/bpa-freie-tritan-wasserflasche-2\"]}]},{\"@type\":\"ImageObject\",\"inLanguage\":\"vi\",\"@id\":\"https:\\\/\\\/www.dillerbottle.com\\\/de\\\/produkte\\\/bpa-freie-tritan-wasserflasche-2#primaryimage\",\"url\":\"https:\\\/\\\/www.dillerbottle.com\\\/wp-content\\\/uploads\\\/2024\\\/09\\\/bpa-free-tritan-water-bottle9c2eca34-1638-457e-96f9-feabed302474.jpg\",\"contentUrl\":\"https:\\\/\\\/www.dillerbottle.com\\\/wp-content\\\/uploads\\\/2024\\\/09\\\/bpa-free-tritan-water-bottle9c2eca34-1638-457e-96f9-feabed302474.jpg\",\"width\":730,\"height\":730},{\"@type\":\"BreadcrumbList\",\"@id\":\"https:\\\/\\\/www.dillerbottle.com\\\/de\\\/produkte\\\/bpa-freie-tritan-wasserflasche-2#breadcrumb\",\"itemListElement\":[{\"@type\":\"ListItem\",\"position\":1,\"name\":\"Home\",\"item\":\"https:\\\/\\\/www.dillerbottle.com\\\/\"},{\"@type\":\"ListItem\",\"position\":2,\"name\":\"Products\",\"item\":\"https:\\\/\\\/www.dillerbottle.com\\\/shop\"},{\"@type\":\"ListItem\",\"position\":3,\"name\":\"BPA Free Tritan Water Flask\"}]},{\"@type\":\"WebSite\",\"@id\":\"https:\\\/\\\/www.dillerbottle.com\\\/#website\",\"url\":\"https:\\\/\\\/www.dillerbottle.com\\\/\",\"name\":\"Diller Water Bottle Manufacturer\",\"description\":\"Water Bottle Manufacturer\",\"publisher\":{\"@id\":\"https:\\\/\\\/www.dillerbottle.com\\\/#organization\"},\"potentialAction\":[{\"@type\":\"SearchAction\",\"target\":{\"@type\":\"EntryPoint\",\"urlTemplate\":\"https:\\\/\\\/www.dillerbottle.com\\\/?s={search_term_string}\"},\"query-input\":{\"@type\":\"PropertyValueSpecification\",\"valueRequired\":true,\"valueName\":\"search_term_string\"}}],\"inLanguage\":\"vi\"},{\"@type\":\"Organization\",\"@id\":\"https:\\\/\\\/www.dillerbottle.com\\\/#organization\",\"name\":\"Diller Water Bottle Manufacturer\",\"url\":\"https:\\\/\\\/www.dillerbottle.com\\\/\",\"logo\":{\"@type\":\"ImageObject\",\"inLanguage\":\"vi\",\"@id\":\"https:\\\/\\\/www.dillerbottle.com\\\/#\\\/schema\\\/logo\\\/image\\\/\",\"url\":\"https:\\\/\\\/www.dillerbottle.com\\\/wp-content\\\/uploads\\\/2024\\\/09\\\/49918bfa848dcc1e9f8b509933603ac.png\",\"contentUrl\":\"https:\\\/\\\/www.dillerbottle.com\\\/wp-content\\\/uploads\\\/2024\\\/09\\\/49918bfa848dcc1e9f8b509933603ac.png\",\"width\":988,\"height\":198,\"caption\":\"Diller Water Bottle Manufacturer\"},\"image\":{\"@id\":\"https:\\\/\\\/www.dillerbottle.com\\\/#\\\/schema\\\/logo\\\/image\\\/\"}}]}<\/script>\n<!-- \/ Yoast SEO Premium plugin. -->","yoast_head_json":{"title":"B\u00ecnh \u0111\u1ef1ng n\u01b0\u1edbc Tritan kh\u00f4ng ch\u1ee9a BPA - Nh\u00e0 s\u1ea3n xu\u1ea5t b\u00ecnh \u0111\u1ef1ng n\u01b0\u1edbc Diller","description":"L\u00e0 m\u1ed9t trong nh\u1eefng nh\u00e0 s\u1ea3n xu\u1ea5t v\u00e0 cung c\u1ea5p b\u00ecnh \u0111\u1ef1ng n\u01b0\u1edbc tritan kh\u00f4ng ch\u1ee9a bpa t\u1ed1t nh\u1ea5t, ch\u00fang t\u00f4i tham gia s\u1ea3n xu\u1ea5t b\u00ecnh \u0111\u1ef1ng n\u01b0\u1edbc ch\u1ea5t l\u01b0\u1ee3ng t\u1ed1t. Ch\u00fang t\u00f4i n\u1ed3ng nhi\u1ec7t ch\u00e0o \u0111\u00f3n b\u1ea1n \u0111\u1ebfn b\u00e1n bu\u00f4n ho\u1eb7c mua b\u00ecnh \u0111\u1ef1ng n\u01b0\u1edbc tritan kh\u00f4ng ch\u1ee9a bpa t\u00f9y ch\u1ec9nh v\u1edbi gi\u00e1 c\u1ea1nh tranh t\u1eeb ch\u00fang t\u00f4i. Ngo\u00e0i ra, ch\u00fang t\u00f4i c\u0169ng ch\u1ea5p nh\u1eadn \u0111\u01a1n \u0111\u1eb7t h\u00e0ng s\u1ed1 l\u01b0\u1ee3ng nh\u1ecf.","robots":{"index":"index","follow":"follow","max-snippet":"max-snippet:-1","max-image-preview":"max-image-preview:large","max-video-preview":"max-video-preview:-1"},"canonical":"https:\/\/www.dillerbottle.com\/vn\/cac-san-pham\/binh-dung-nuoc-tritan-khong-chua-bpa","og_locale":"vi_VN","og_type":"article","og_title":"BPA Free Tritan Water Flask","og_description":"As one of the best bpa free tritan water flask manufacturers and suppliers, we are engaged in manufacturing good quality water bottles. We warmly welcome you to wholesale or buy custom made bpa free tritan water flask at competitive price from us. Also, small quantity orders are acceptable.","og_url":"https:\/\/www.dillerbottle.com\/vn\/cac-san-pham\/binh-dung-nuoc-tritan-khong-chua-bpa","og_site_name":"Diller Water Bottle Manufacturer","article_modified_time":"2025-07-10T06:08:16+00:00","og_image":[{"width":730,"height":730,"url":"https:\/\/www.dillerbottle.com\/wp-content\/uploads\/2024\/09\/bpa-free-tritan-water-bottle9c2eca34-1638-457e-96f9-feabed302474.jpg","type":"image\/jpeg"}],"twitter_card":"summary_large_image","twitter_misc":{"\u01af\u1edbc t\u00ednh th\u1eddi gian \u0111\u1ecdc":"5 ph\u00fat"},"schema":{"@context":"https:\/\/schema.org","@graph":[{"@type":"WebPage","@id":"https:\/\/www.dillerbottle.com\/de\/produkte\/bpa-freie-tritan-wasserflasche-2","url":"https:\/\/www.dillerbottle.com\/de\/produkte\/bpa-freie-tritan-wasserflasche-2","name":"B\u00ecnh \u0111\u1ef1ng n\u01b0\u1edbc Tritan kh\u00f4ng ch\u1ee9a BPA - Nh\u00e0 s\u1ea3n xu\u1ea5t b\u00ecnh \u0111\u1ef1ng n\u01b0\u1edbc Diller","isPartOf":{"@id":"https:\/\/www.dillerbottle.com\/#website"},"primaryImageOfPage":{"@id":"https:\/\/www.dillerbottle.com\/de\/produkte\/bpa-freie-tritan-wasserflasche-2#primaryimage"},"image":{"@id":"https:\/\/www.dillerbottle.com\/de\/produkte\/bpa-freie-tritan-wasserflasche-2#primaryimage"},"thumbnailUrl":"https:\/\/www.dillerbottle.com\/wp-content\/uploads\/2024\/09\/bpa-free-tritan-water-bottle9c2eca34-1638-457e-96f9-feabed302474.jpg","datePublished":"2024-09-27T09:51:00+00:00","dateModified":"2025-07-10T06:08:16+00:00","description":"L\u00e0 m\u1ed9t trong nh\u1eefng nh\u00e0 s\u1ea3n xu\u1ea5t v\u00e0 cung c\u1ea5p b\u00ecnh \u0111\u1ef1ng n\u01b0\u1edbc tritan kh\u00f4ng ch\u1ee9a bpa t\u1ed1t nh\u1ea5t, ch\u00fang t\u00f4i tham gia s\u1ea3n xu\u1ea5t b\u00ecnh \u0111\u1ef1ng n\u01b0\u1edbc ch\u1ea5t l\u01b0\u1ee3ng t\u1ed1t. Ch\u00fang t\u00f4i n\u1ed3ng nhi\u1ec7t ch\u00e0o \u0111\u00f3n b\u1ea1n \u0111\u1ebfn b\u00e1n bu\u00f4n ho\u1eb7c mua b\u00ecnh \u0111\u1ef1ng n\u01b0\u1edbc tritan kh\u00f4ng ch\u1ee9a bpa t\u00f9y ch\u1ec9nh v\u1edbi gi\u00e1 c\u1ea1nh tranh t\u1eeb ch\u00fang t\u00f4i. Ngo\u00e0i ra, ch\u00fang t\u00f4i c\u0169ng ch\u1ea5p nh\u1eadn \u0111\u01a1n \u0111\u1eb7t h\u00e0ng s\u1ed1 l\u01b0\u1ee3ng nh\u1ecf.","breadcrumb":{"@id":"https:\/\/www.dillerbottle.com\/de\/produkte\/bpa-freie-tritan-wasserflasche-2#breadcrumb"},"inLanguage":"vi","potentialAction":[{"@type":"ReadAction","target":["https:\/\/www.dillerbottle.com\/de\/produkte\/bpa-freie-tritan-wasserflasche-2"]}]},{"@type":"ImageObject","inLanguage":"vi","@id":"https:\/\/www.dillerbottle.com\/de\/produkte\/bpa-freie-tritan-wasserflasche-2#primaryimage","url":"https:\/\/www.dillerbottle.com\/wp-content\/uploads\/2024\/09\/bpa-free-tritan-water-bottle9c2eca34-1638-457e-96f9-feabed302474.jpg","contentUrl":"https:\/\/www.dillerbottle.com\/wp-content\/uploads\/2024\/09\/bpa-free-tritan-water-bottle9c2eca34-1638-457e-96f9-feabed302474.jpg","width":730,"height":730},{"@type":"BreadcrumbList","@id":"https:\/\/www.dillerbottle.com\/de\/produkte\/bpa-freie-tritan-wasserflasche-2#breadcrumb","itemListElement":[{"@type":"ListItem","position":1,"name":"Home","item":"https:\/\/www.dillerbottle.com\/"},{"@type":"ListItem","position":2,"name":"Products","item":"https:\/\/www.dillerbottle.com\/shop"},{"@type":"ListItem","position":3,"name":"BPA Free Tritan Water Flask"}]},{"@type":"WebSite","@id":"https:\/\/www.dillerbottle.com\/#website","url":"https:\/\/www.dillerbottle.com\/","name":"Nh\u00e0 s\u1ea3n xu\u1ea5t b\u00ecnh n\u01b0\u1edbc Diller","description":"Nh\u00e0 s\u1ea3n xu\u1ea5t b\u00ecnh n\u01b0\u1edbc","publisher":{"@id":"https:\/\/www.dillerbottle.com\/#organization"},"potentialAction":[{"@type":"SearchAction","target":{"@type":"EntryPoint","urlTemplate":"https:\/\/www.dillerbottle.com\/?s={search_term_string}"},"query-input":{"@type":"PropertyValueSpecification","valueRequired":true,"valueName":"search_term_string"}}],"inLanguage":"vi"},{"@type":"Organization","@id":"https:\/\/www.dillerbottle.com\/#organization","name":"Nh\u00e0 s\u1ea3n xu\u1ea5t b\u00ecnh n\u01b0\u1edbc Diller","url":"https:\/\/www.dillerbottle.com\/","logo":{"@type":"ImageObject","inLanguage":"vi","@id":"https:\/\/www.dillerbottle.com\/#\/schema\/logo\/image\/","url":"https:\/\/www.dillerbottle.com\/wp-content\/uploads\/2024\/09\/49918bfa848dcc1e9f8b509933603ac.png","contentUrl":"https:\/\/www.dillerbottle.com\/wp-content\/uploads\/2024\/09\/49918bfa848dcc1e9f8b509933603ac.png","width":988,"height":198,"caption":"Diller Water Bottle Manufacturer"},"image":{"@id":"https:\/\/www.dillerbottle.com\/#\/schema\/logo\/image\/"}}]}},"_links":{"self":[{"href":"https:\/\/www.dillerbottle.com\/vn\/wp-json\/wp\/v2\/product\/4897","targetHints":{"allow":["GET"]}}],"collection":[{"href":"https:\/\/www.dillerbottle.com\/vn\/wp-json\/wp\/v2\/product"}],"about":[{"href":"https:\/\/www.dillerbottle.com\/vn\/wp-json\/wp\/v2\/types\/product"}],"replies":[{"embeddable":true,"href":"https:\/\/www.dillerbottle.com\/vn\/wp-json\/wp\/v2\/comments?post=4897"}],"wp:featuredmedia":[{"embeddable":true,"href":"https:\/\/www.dillerbottle.com\/vn\/wp-json\/wp\/v2\/media\/4898"}],"wp:attachment":[{"href":"https:\/\/www.dillerbottle.com\/vn\/wp-json\/wp\/v2\/media?parent=4897"}],"wp:term":[{"taxonomy":"product_brand","embeddable":true,"href":"https:\/\/www.dillerbottle.com\/vn\/wp-json\/wp\/v2\/product_brand?post=4897"},{"taxonomy":"product_cat","embeddable":true,"href":"https:\/\/www.dillerbottle.com\/vn\/wp-json\/wp\/v2\/product_cat?post=4897"},{"taxonomy":"product_tag","embeddable":true,"href":"https:\/\/www.dillerbottle.com\/vn\/wp-json\/wp\/v2\/product_tag?post=4897"}],"curies":[{"name":"wp","href":"https:\/\/api.w.org\/{rel}","templated":true}]}}