{"id":5356,"date":"2024-09-27T17:57:13","date_gmt":"2024-09-27T09:57:13","guid":{"rendered":"https:\/\/demo.dillerbottle.com\/uncategorized\/plastic-sports-water-bottles"},"modified":"2026-02-13T14:48:22","modified_gmt":"2026-02-13T06:48:22","slug":"binh-dung-nuoc-the-thao-bang-nhua-2","status":"publish","type":"product","link":"https:\/\/www.dillerbottle.com\/vn\/products\/plastic-sports-water-bottles","title":{"rendered":"B\u00ecnh n\u01b0\u1edbc th\u1ec3 thao b\u1eb1ng nh\u1ef1a"},"content":{"rendered":"<p>\u0110\u1eb7c tr\u01b0ng:<\/p>\n<p>1. Chai n\u01b0\u1edbc th\u1ec3 thao b\u1eb1ng nh\u1ef1a l\u00e0m t\u1eeb ch\u1ea5t li\u1ec7u Tritan b\u1ec1n b\u1ec9 v\u00e0 ch\u1ea5t l\u01b0\u1ee3ng cao, kh\u00f4ng ch\u1ee9a BPA, c\u00f3 kh\u1ea3 n\u0103ng ch\u1ecbu va \u0111\u1eadp m\u1ea1nh v\u00e0 ch\u1ecbu nhi\u1ec7t \u0111\u1ed9 cao, b\u1ec1n b\u1ec9.<\/p>\n<p>2. V\u1ecf b\u1ecdc c\u1ed1c silicone ch\u1ed1ng tr\u01b0\u1ee3t Sakura Panda, kh\u00f4ng d\u1ec5 tr\u01b0\u1ee3t khi c\u1ea7m c\u1ed1c, ti\u1ec7n d\u1ee5ng v\u00e0 \u0111\u00e1ng y\u00eau.<\/p>\n<p>3. Chai n\u01b0\u1edbc th\u1ec3 thao b\u1eb1ng nh\u1ef1a n\u00e0y c\u00f3 c\u00e1c d\u1ea5u m\u1ed1c th\u1eddi gian v\u00e0 \u0111\u01a1n v\u1ecb \u0111o l\u01b0\u1eddng theo gi\u1edd mang t\u00ednh \u0111\u1ed9ng vi\u00ean, gi\u00fap ng\u01b0\u1eddi d\u00f9ng theo d\u00f5i l\u01b0\u1ee3ng n\u01b0\u1edbc u\u1ed1ng h\u00e0ng ng\u00e0y v\u00e0 h\u00ecnh th\u00e0nh th\u00f3i quen u\u1ed1ng n\u01b0\u1edbc l\u00e0nh m\u1ea1nh.<\/p>\n<p>4. Thi\u1ebft k\u1ebf n\u1eafp hai ch\u1ebf \u0111\u1ed9 cho ph\u00e9p u\u1ed1ng tr\u1ef1c ti\u1ebfp ho\u1eb7c d\u00f9ng \u1ed1ng h\u00fat. Chai n\u01b0\u1edbc nh\u1ef1a n\u00e0y c\u00f3 c\u00e1c v\u1ea1ch chia \u0111\u1ed9 ch\u00ednh x\u00e1c.<\/p>\n<p>Ch\u1ea5p nh\u1eadn OEM v\u00e0 ODM.<br \/>\nCh\u00fang t\u00f4i c\u00f3 th\u1ec3 t\u00f9y ch\u1ec9nh b\u00ecnh \u0111\u1ef1ng n\u01b0\u1edbc th\u1ec3 thao b\u1eb1ng nh\u1ef1a theo y\u00eau c\u1ea7u c\u1ee7a b\u1ea1n.<br \/>\nCh\u00e0o m\u1eebng b\u1ea1n \u0111\u1ebfn mua s\u1ec9, h\u00e3y g\u1eedi y\u00eau c\u1ea7u ngay!<\/p>","protected":false},"excerpt":{"rendered":"<p>Chai n\u01b0\u1edbc th\u1ec3 thao b\u1eb1ng nh\u1ef1a \u0111\u01b0\u1ee3c l\u00e0m t\u1eeb ch\u1ea5t li\u1ec7u Tritan b\u1ec1n b\u1ec9 v\u00e0 ch\u1ea5t l\u01b0\u1ee3ng cao, kh\u00f4ng ch\u1ee9a BPA, c\u00f3 kh\u1ea3 n\u0103ng ch\u1ecbu va \u0111\u1eadp m\u1ea1nh v\u00e0 ch\u1ecbu nhi\u1ec7t \u0111\u1ed9 cao, b\u1ec1n b\u1ec9.<br \/>\nV\u1ecf c\u1ed1c silicone ch\u1ed1ng tr\u01b0\u1ee3t Sakura Panda, kh\u00f4ng d\u1ec5 tr\u01b0\u1ee3t khi c\u1ea7m c\u1ed1c, ti\u1ec7n d\u1ee5ng v\u00e0 \u0111\u00e1ng y\u00eau.<br \/>\nChai n\u01b0\u1edbc th\u1ec3 thao b\u1eb1ng nh\u1ef1a n\u00e0y c\u00f3 c\u00e1c d\u1ea5u m\u1ed1c th\u1eddi gian v\u00e0 \u0111\u01a1n v\u1ecb \u0111o l\u01b0\u1eddng theo gi\u1edd mang t\u00ednh \u0111\u1ed9ng vi\u00ean, gi\u00fap ng\u01b0\u1eddi d\u00f9ng theo d\u00f5i l\u01b0\u1ee3ng n\u01b0\u1edbc u\u1ed1ng h\u00e0ng ng\u00e0y v\u00e0 h\u00ecnh th\u00e0nh th\u00f3i quen u\u1ed1ng n\u01b0\u1edbc l\u00e0nh m\u1ea1nh.<br \/>\nThi\u1ebft k\u1ebf n\u1eafp hai ch\u1ebf \u0111\u1ed9 cho ph\u00e9p u\u1ed1ng tr\u1ef1c ti\u1ebfp ho\u1eb7c d\u00f9ng \u1ed1ng h\u00fat. Chai n\u01b0\u1edbc nh\u1ef1a n\u00e0y c\u00f3 c\u00e1c v\u1ea1ch chia \u0111\u1ed9 ch\u00ednh x\u00e1c.<br \/>\nCh\u1ea5p nh\u1eadn OEM v\u00e0 ODM.<\/p>","protected":false},"featured_media":16389,"comment_status":"open","ping_status":"closed","template":"","meta":{"_acf_changed":false},"product_brand":[],"product_cat":[309],"product_tag":[436],"class_list":{"0":"post-5356","1":"product","2":"type-product","3":"status-publish","4":"has-post-thumbnail","6":"product_cat-plastic-water-bottle","7":"product_tag-high-quality-water-bottle","9":"first","10":"instock","11":"shipping-taxable","12":"product-type-simple"},"acf":[],"yoast_head":"<!-- This site is optimized with the Yoast SEO Premium plugin v27.5 (Yoast SEO v27.5) - https:\/\/yoast.com\/product\/yoast-seo-premium-wordpress\/ -->\n<title>Plastic Sports Water Bottles - Diller Water Bottle Manufacturer<\/title>\n<meta name=\"description\" content=\"As one of the best plastic sports water bottles manufacturers and suppliers, we are engaged in manufacturing good quality water bottles. We warmly welcome you to wholesale or buy custom made plastic sports water bottles at competitive price from us. Also, small quantity orders are acceptable.\" \/>\n<meta name=\"robots\" content=\"index, follow, max-snippet:-1, max-image-preview:large, max-video-preview:-1\" \/>\n<link rel=\"canonical\" href=\"https:\/\/www.dillerbottle.com\/vn\/cac-san-pham\/binh-dung-nuoc-the-thao-bang-nhua-2\" \/>\n<meta property=\"og:locale\" content=\"vi_VN\" \/>\n<meta property=\"og:type\" content=\"article\" \/>\n<meta property=\"og:title\" content=\"Plastic Sports Water Bottles\" \/>\n<meta property=\"og:description\" content=\"As one of the best plastic sports water bottles manufacturers and suppliers, we are engaged in manufacturing good quality water bottles. We warmly welcome you to wholesale or buy custom made plastic sports water bottles at competitive price from us. Also, small quantity orders are acceptable.\" \/>\n<meta property=\"og:url\" content=\"https:\/\/www.dillerbottle.com\/vn\/cac-san-pham\/binh-dung-nuoc-the-thao-bang-nhua-2\" \/>\n<meta property=\"og:site_name\" content=\"Diller Water Bottle Manufacturer\" \/>\n<meta property=\"article:modified_time\" content=\"2026-02-13T06:48:22+00:00\" \/>\n<meta property=\"og:image\" content=\"https:\/\/www.dillerbottle.com\/wp-content\/uploads\/2024\/09\/plastic-sports-water-bottles-d2511-.jpg\" \/>\n\t<meta property=\"og:image:width\" content=\"800\" \/>\n\t<meta property=\"og:image:height\" content=\"800\" \/>\n\t<meta property=\"og:image:type\" content=\"image\/jpeg\" \/>\n<meta name=\"twitter:card\" content=\"summary_large_image\" \/>\n<meta name=\"twitter:label1\" content=\"\u01af\u1edbc t\u00ednh th\u1eddi gian \u0111\u1ecdc\" \/>\n\t<meta name=\"twitter:data1\" content=\"3 ph\u00fat\" \/>\n<script type=\"application\/ld+json\" class=\"yoast-schema-graph\">{\"@context\":\"https:\\\/\\\/schema.org\",\"@graph\":[{\"@type\":\"WebPage\",\"@id\":\"https:\\\/\\\/www.dillerbottle.com\\\/products\\\/plastic-sports-water-bottles\",\"url\":\"https:\\\/\\\/www.dillerbottle.com\\\/products\\\/plastic-sports-water-bottles\",\"name\":\"Plastic Sports Water Bottles - Diller Water Bottle Manufacturer\",\"isPartOf\":{\"@id\":\"https:\\\/\\\/www.dillerbottle.com\\\/#website\"},\"primaryImageOfPage\":{\"@id\":\"https:\\\/\\\/www.dillerbottle.com\\\/products\\\/plastic-sports-water-bottles#primaryimage\"},\"image\":{\"@id\":\"https:\\\/\\\/www.dillerbottle.com\\\/products\\\/plastic-sports-water-bottles#primaryimage\"},\"thumbnailUrl\":\"https:\\\/\\\/www.dillerbottle.com\\\/wp-content\\\/uploads\\\/2024\\\/09\\\/plastic-sports-water-bottles-d2511-.jpg\",\"datePublished\":\"2024-09-27T09:57:13+00:00\",\"dateModified\":\"2026-02-13T06:48:22+00:00\",\"description\":\"As one of the best plastic sports water bottles manufacturers and suppliers, we are engaged in manufacturing good quality water bottles. We warmly welcome you to wholesale or buy custom made plastic sports water bottles at competitive price from us. Also, small quantity orders are acceptable.\",\"breadcrumb\":{\"@id\":\"https:\\\/\\\/www.dillerbottle.com\\\/products\\\/plastic-sports-water-bottles#breadcrumb\"},\"inLanguage\":\"vi\",\"potentialAction\":[{\"@type\":\"ReadAction\",\"target\":[\"https:\\\/\\\/www.dillerbottle.com\\\/products\\\/plastic-sports-water-bottles\"]}]},{\"@type\":\"ImageObject\",\"inLanguage\":\"vi\",\"@id\":\"https:\\\/\\\/www.dillerbottle.com\\\/products\\\/plastic-sports-water-bottles#primaryimage\",\"url\":\"https:\\\/\\\/www.dillerbottle.com\\\/wp-content\\\/uploads\\\/2024\\\/09\\\/plastic-sports-water-bottles-d2511-.jpg\",\"contentUrl\":\"https:\\\/\\\/www.dillerbottle.com\\\/wp-content\\\/uploads\\\/2024\\\/09\\\/plastic-sports-water-bottles-d2511-.jpg\",\"width\":800,\"height\":800},{\"@type\":\"BreadcrumbList\",\"@id\":\"https:\\\/\\\/www.dillerbottle.com\\\/products\\\/plastic-sports-water-bottles#breadcrumb\",\"itemListElement\":[{\"@type\":\"ListItem\",\"position\":1,\"name\":\"Home\",\"item\":\"https:\\\/\\\/www.dillerbottle.com\\\/\"},{\"@type\":\"ListItem\",\"position\":2,\"name\":\"Products\",\"item\":\"https:\\\/\\\/www.dillerbottle.com\\\/shop\"},{\"@type\":\"ListItem\",\"position\":3,\"name\":\"Plastic Sports Water Bottles\"}]},{\"@type\":\"WebSite\",\"@id\":\"https:\\\/\\\/www.dillerbottle.com\\\/#website\",\"url\":\"https:\\\/\\\/www.dillerbottle.com\\\/\",\"name\":\"Diller Water Bottle Manufacturer\",\"description\":\"Water Bottle Manufacturer\",\"publisher\":{\"@id\":\"https:\\\/\\\/www.dillerbottle.com\\\/#organization\"},\"potentialAction\":[{\"@type\":\"SearchAction\",\"target\":{\"@type\":\"EntryPoint\",\"urlTemplate\":\"https:\\\/\\\/www.dillerbottle.com\\\/?s={search_term_string}\"},\"query-input\":{\"@type\":\"PropertyValueSpecification\",\"valueRequired\":true,\"valueName\":\"search_term_string\"}}],\"inLanguage\":\"vi\"},{\"@type\":\"Organization\",\"@id\":\"https:\\\/\\\/www.dillerbottle.com\\\/#organization\",\"name\":\"Diller Water Bottle Manufacturer\",\"url\":\"https:\\\/\\\/www.dillerbottle.com\\\/\",\"logo\":{\"@type\":\"ImageObject\",\"inLanguage\":\"vi\",\"@id\":\"https:\\\/\\\/www.dillerbottle.com\\\/#\\\/schema\\\/logo\\\/image\\\/\",\"url\":\"https:\\\/\\\/www.dillerbottle.com\\\/wp-content\\\/uploads\\\/2024\\\/09\\\/49918bfa848dcc1e9f8b509933603ac.png\",\"contentUrl\":\"https:\\\/\\\/www.dillerbottle.com\\\/wp-content\\\/uploads\\\/2024\\\/09\\\/49918bfa848dcc1e9f8b509933603ac.png\",\"width\":988,\"height\":198,\"caption\":\"Diller Water Bottle Manufacturer\"},\"image\":{\"@id\":\"https:\\\/\\\/www.dillerbottle.com\\\/#\\\/schema\\\/logo\\\/image\\\/\"}}]}<\/script>\n<!-- \/ Yoast SEO Premium plugin. -->","yoast_head_json":{"title":"B\u00ecnh n\u01b0\u1edbc th\u1ec3 thao b\u1eb1ng nh\u1ef1a - Nh\u00e0 s\u1ea3n xu\u1ea5t b\u00ecnh n\u01b0\u1edbc Diller","description":"L\u00e0 m\u1ed9t trong nh\u1eefng nh\u00e0 s\u1ea3n xu\u1ea5t v\u00e0 cung c\u1ea5p b\u00ecnh n\u01b0\u1edbc th\u1ec3 thao b\u1eb1ng nh\u1ef1a t\u1ed1t nh\u1ea5t, ch\u00fang t\u00f4i tham gia s\u1ea3n xu\u1ea5t b\u00ecnh n\u01b0\u1edbc ch\u1ea5t l\u01b0\u1ee3ng t\u1ed1t. Ch\u00fang t\u00f4i n\u1ed3ng nhi\u1ec7t ch\u00e0o \u0111\u00f3n b\u1ea1n \u0111\u1ebfn b\u00e1n bu\u00f4n ho\u1eb7c mua b\u00ecnh n\u01b0\u1edbc th\u1ec3 thao b\u1eb1ng nh\u1ef1a t\u00f9y ch\u1ec9nh v\u1edbi gi\u00e1 c\u1ea1nh tranh t\u1eeb ch\u00fang t\u00f4i. Ngo\u00e0i ra, ch\u00fang t\u00f4i c\u0169ng ch\u1ea5p nh\u1eadn \u0111\u01a1n \u0111\u1eb7t h\u00e0ng s\u1ed1 l\u01b0\u1ee3ng nh\u1ecf.","robots":{"index":"index","follow":"follow","max-snippet":"max-snippet:-1","max-image-preview":"max-image-preview:large","max-video-preview":"max-video-preview:-1"},"canonical":"https:\/\/www.dillerbottle.com\/vn\/cac-san-pham\/binh-dung-nuoc-the-thao-bang-nhua-2","og_locale":"vi_VN","og_type":"article","og_title":"Plastic Sports Water Bottles","og_description":"As one of the best plastic sports water bottles manufacturers and suppliers, we are engaged in manufacturing good quality water bottles. We warmly welcome you to wholesale or buy custom made plastic sports water bottles at competitive price from us. Also, small quantity orders are acceptable.","og_url":"https:\/\/www.dillerbottle.com\/vn\/cac-san-pham\/binh-dung-nuoc-the-thao-bang-nhua-2","og_site_name":"Diller Water Bottle Manufacturer","article_modified_time":"2026-02-13T06:48:22+00:00","og_image":[{"width":800,"height":800,"url":"https:\/\/www.dillerbottle.com\/wp-content\/uploads\/2024\/09\/plastic-sports-water-bottles-d2511-.jpg","type":"image\/jpeg"}],"twitter_card":"summary_large_image","twitter_misc":{"\u01af\u1edbc t\u00ednh th\u1eddi gian \u0111\u1ecdc":"3 ph\u00fat"},"schema":{"@context":"https:\/\/schema.org","@graph":[{"@type":"WebPage","@id":"https:\/\/www.dillerbottle.com\/products\/plastic-sports-water-bottles","url":"https:\/\/www.dillerbottle.com\/products\/plastic-sports-water-bottles","name":"B\u00ecnh n\u01b0\u1edbc th\u1ec3 thao b\u1eb1ng nh\u1ef1a - Nh\u00e0 s\u1ea3n xu\u1ea5t b\u00ecnh n\u01b0\u1edbc Diller","isPartOf":{"@id":"https:\/\/www.dillerbottle.com\/#website"},"primaryImageOfPage":{"@id":"https:\/\/www.dillerbottle.com\/products\/plastic-sports-water-bottles#primaryimage"},"image":{"@id":"https:\/\/www.dillerbottle.com\/products\/plastic-sports-water-bottles#primaryimage"},"thumbnailUrl":"https:\/\/www.dillerbottle.com\/wp-content\/uploads\/2024\/09\/plastic-sports-water-bottles-d2511-.jpg","datePublished":"2024-09-27T09:57:13+00:00","dateModified":"2026-02-13T06:48:22+00:00","description":"L\u00e0 m\u1ed9t trong nh\u1eefng nh\u00e0 s\u1ea3n xu\u1ea5t v\u00e0 cung c\u1ea5p b\u00ecnh n\u01b0\u1edbc th\u1ec3 thao b\u1eb1ng nh\u1ef1a t\u1ed1t nh\u1ea5t, ch\u00fang t\u00f4i tham gia s\u1ea3n xu\u1ea5t b\u00ecnh n\u01b0\u1edbc ch\u1ea5t l\u01b0\u1ee3ng t\u1ed1t. Ch\u00fang t\u00f4i n\u1ed3ng nhi\u1ec7t ch\u00e0o \u0111\u00f3n b\u1ea1n \u0111\u1ebfn b\u00e1n bu\u00f4n ho\u1eb7c mua b\u00ecnh n\u01b0\u1edbc th\u1ec3 thao b\u1eb1ng nh\u1ef1a t\u00f9y ch\u1ec9nh v\u1edbi gi\u00e1 c\u1ea1nh tranh t\u1eeb ch\u00fang t\u00f4i. Ngo\u00e0i ra, ch\u00fang t\u00f4i c\u0169ng ch\u1ea5p nh\u1eadn \u0111\u01a1n \u0111\u1eb7t h\u00e0ng s\u1ed1 l\u01b0\u1ee3ng nh\u1ecf.","breadcrumb":{"@id":"https:\/\/www.dillerbottle.com\/products\/plastic-sports-water-bottles#breadcrumb"},"inLanguage":"vi","potentialAction":[{"@type":"ReadAction","target":["https:\/\/www.dillerbottle.com\/products\/plastic-sports-water-bottles"]}]},{"@type":"ImageObject","inLanguage":"vi","@id":"https:\/\/www.dillerbottle.com\/products\/plastic-sports-water-bottles#primaryimage","url":"https:\/\/www.dillerbottle.com\/wp-content\/uploads\/2024\/09\/plastic-sports-water-bottles-d2511-.jpg","contentUrl":"https:\/\/www.dillerbottle.com\/wp-content\/uploads\/2024\/09\/plastic-sports-water-bottles-d2511-.jpg","width":800,"height":800},{"@type":"BreadcrumbList","@id":"https:\/\/www.dillerbottle.com\/products\/plastic-sports-water-bottles#breadcrumb","itemListElement":[{"@type":"ListItem","position":1,"name":"Home","item":"https:\/\/www.dillerbottle.com\/"},{"@type":"ListItem","position":2,"name":"Products","item":"https:\/\/www.dillerbottle.com\/shop"},{"@type":"ListItem","position":3,"name":"Plastic Sports Water Bottles"}]},{"@type":"WebSite","@id":"https:\/\/www.dillerbottle.com\/#website","url":"https:\/\/www.dillerbottle.com\/","name":"Nh\u00e0 s\u1ea3n xu\u1ea5t b\u00ecnh n\u01b0\u1edbc Diller","description":"Nh\u00e0 s\u1ea3n xu\u1ea5t b\u00ecnh n\u01b0\u1edbc","publisher":{"@id":"https:\/\/www.dillerbottle.com\/#organization"},"potentialAction":[{"@type":"SearchAction","target":{"@type":"EntryPoint","urlTemplate":"https:\/\/www.dillerbottle.com\/?s={search_term_string}"},"query-input":{"@type":"PropertyValueSpecification","valueRequired":true,"valueName":"search_term_string"}}],"inLanguage":"vi"},{"@type":"Organization","@id":"https:\/\/www.dillerbottle.com\/#organization","name":"Nh\u00e0 s\u1ea3n xu\u1ea5t b\u00ecnh n\u01b0\u1edbc Diller","url":"https:\/\/www.dillerbottle.com\/","logo":{"@type":"ImageObject","inLanguage":"vi","@id":"https:\/\/www.dillerbottle.com\/#\/schema\/logo\/image\/","url":"https:\/\/www.dillerbottle.com\/wp-content\/uploads\/2024\/09\/49918bfa848dcc1e9f8b509933603ac.png","contentUrl":"https:\/\/www.dillerbottle.com\/wp-content\/uploads\/2024\/09\/49918bfa848dcc1e9f8b509933603ac.png","width":988,"height":198,"caption":"Diller Water Bottle Manufacturer"},"image":{"@id":"https:\/\/www.dillerbottle.com\/#\/schema\/logo\/image\/"}}]}},"_links":{"self":[{"href":"https:\/\/www.dillerbottle.com\/vn\/wp-json\/wp\/v2\/product\/5356","targetHints":{"allow":["GET"]}}],"collection":[{"href":"https:\/\/www.dillerbottle.com\/vn\/wp-json\/wp\/v2\/product"}],"about":[{"href":"https:\/\/www.dillerbottle.com\/vn\/wp-json\/wp\/v2\/types\/product"}],"replies":[{"embeddable":true,"href":"https:\/\/www.dillerbottle.com\/vn\/wp-json\/wp\/v2\/comments?post=5356"}],"wp:featuredmedia":[{"embeddable":true,"href":"https:\/\/www.dillerbottle.com\/vn\/wp-json\/wp\/v2\/media\/16389"}],"wp:attachment":[{"href":"https:\/\/www.dillerbottle.com\/vn\/wp-json\/wp\/v2\/media?parent=5356"}],"wp:term":[{"taxonomy":"product_brand","embeddable":true,"href":"https:\/\/www.dillerbottle.com\/vn\/wp-json\/wp\/v2\/product_brand?post=5356"},{"taxonomy":"product_cat","embeddable":true,"href":"https:\/\/www.dillerbottle.com\/vn\/wp-json\/wp\/v2\/product_cat?post=5356"},{"taxonomy":"product_tag","embeddable":true,"href":"https:\/\/www.dillerbottle.com\/vn\/wp-json\/wp\/v2\/product_tag?post=5356"}],"curies":[{"name":"wp","href":"https:\/\/api.w.org\/{rel}","templated":true}]}}