{"id":5382,"date":"2024-09-27T17:57:30","date_gmt":"2024-09-27T09:57:30","guid":{"rendered":"https:\/\/demo.dillerbottle.com\/uncategorized\/plastic-drink-bottle-with-straw"},"modified":"2025-07-10T11:55:13","modified_gmt":"2025-07-10T03:55:13","slug":"chai-nuoc-nhua-co-ong-hut","status":"publish","type":"product","link":"https:\/\/www.dillerbottle.com\/vn\/products\/plastic-drink-bottle-with-straw","title":{"rendered":"Chai nh\u1ef1a \u0111\u1ef1ng n\u01b0\u1edbc u\u1ed1ng c\u00f3 \u1ed1ng h\u00fat"},"content":{"rendered":"<p>\u0110\u1eb7c \u0111i\u1ec3m c\u1ee7a b\u00ecnh \u0111\u1ef1ng n\u01b0\u1edbc b\u1eb1ng nh\u1ef1a c\u00f3 \u1ed1ng h\u00fat: 1. B\u00ecnh \u0111\u1ef1ng n\u01b0\u1edbc b\u1eb1ng nh\u1ef1a c\u00f3 \u1ed1ng h\u00fat \u0111\u01b0\u1ee3c l\u00e0m b\u1eb1ng nh\u1ef1a tritan c\u1ea5p th\u1ef1c ph\u1ea9m, kh\u00f4ng \u0111\u1ed9c h\u1ea1i, th\u00e2n thi\u1ec7n v\u1edbi m\u00f4i tr\u01b0\u1eddng v\u00e0 c\u00f3 th\u1ec3 t\u00e1i ch\u1ebf, 100% kh\u00f4ng ch\u1ee9a BPA, t\u1ed1t cho s\u1ee9c kh\u1ecfe \u0111\u1ec3 u\u1ed1ng n\u01b0\u1edbc h\u00e0ng ng\u00e0y.<br \/>\n2. B\u00ecnh \u0111\u1ef1ng n\u01b0\u1edbc b\u1eb1ng nh\u1ef1a c\u00f3 tay c\u1ea7m v\u00e0 \u0111\u01b0\u1ee3c l\u00e0m b\u1eb1ng silicone c\u1ea5p th\u1ef1c ph\u1ea9m \u0111\u1ec3 t\u1ea1o s\u1ef1 tho\u1ea3i m\u00e1i v\u00e0 \u0111\u1ed9 b\u1ec1n.<br \/>\n3. N\u1eafp l\u1eadt \u0111\u01b0\u1ee3c thi\u1ebft k\u1ebf v\u1edbi kh\u00f3a an to\u00e0n, ch\u1ed1ng b\u1ee5i v\u00e0 ch\u1ed1ng r\u00f2 r\u1ec9; N\u1eafp ch\u1ed1ng r\u00f2 r\u1ec9 t\u1ef1 \u0111\u1ed9ng c\u00f3 \u1ed1ng h\u00fat silicon b\u1eadt l\u00ean, ch\u1ec9 c\u1ea7n m\u1edf v\u00f2i b\u1eb1ng m\u1ed9t tay, gi\u00fap b\u1ea1n c\u00f3 th\u1ec3 nh\u00e2m nhi n\u01b0\u1edbc m\u00e0 kh\u00f4ng lo tr\u00e0n khi l\u00e0m vi\u1ec7c ho\u1eb7c khi th\u1eed nghi\u1ec7m.;<br \/>\n4.;Chai nh\u1ef1a \u0111\u1ef1ng \u0111\u1ed3 u\u1ed1ng tuy\u1ec7t v\u1eddi n\u00e0y c\u00f3 nhi\u1ec1u m\u00e0u s\u1eafc r\u1ef1c r\u1ee1 \u0111\u1ec3 l\u1ef1a ch\u1ecdn.;Chai nh\u1ef1a \u0111\u1ef1ng \u0111\u1ed3 u\u1ed1ng n\u00e0y c\u00f3 hai m\u1eabu, m\u1ed9t l\u00e0 th\u00e2n chai m\u1edd, m\u1ed9t l\u00e0 th\u00e2n chai trong su\u1ed1t.<\/p>","protected":false},"excerpt":{"rendered":"<p>\u0110\u1eb7c \u0111i\u1ec3m c\u1ee7a chai nh\u1ef1a \u0111\u1ef1ng n\u01b0\u1edbc c\u00f3 \u1ed1ng h\u00fat: 1.<br \/>\nB\u00ecnh \u0111\u1ef1ng n\u01b0\u1edbc b\u1eb1ng nh\u1ef1a c\u00f3 \u1ed1ng h\u00fat \u0111\u01b0\u1ee3c l\u00e0m t\u1eeb nh\u1ef1a tritan c\u1ea5p th\u1ef1c ph\u1ea9m, kh\u00f4ng \u0111\u1ed9c h\u1ea1i, th\u00e2n thi\u1ec7n v\u1edbi m\u00f4i tr\u01b0\u1eddng v\u00e0 c\u00f3 th\u1ec3 t\u00e1i ch\u1ebf, 100% kh\u00f4ng ch\u1ee9a BPA, t\u1ed1t cho s\u1ee9c kh\u1ecfe \u0111\u1ec3 u\u1ed1ng n\u01b0\u1edbc h\u00e0ng ng\u00e0y.<br \/>\n2.<br \/>\nChai \u0111\u1ef1ng n\u01b0\u1edbc b\u1eb1ng nh\u1ef1a c\u00f3 tay c\u1ea7m v\u00e0 \u0111\u01b0\u1ee3c l\u00e0m\u2026<\/p>","protected":false},"featured_media":5383,"comment_status":"open","ping_status":"closed","template":"","meta":{"_acf_changed":false},"product_brand":[],"product_cat":[309],"product_tag":[32,36,33,31,39,38,443,29,37,441,442,34,35,393,28,397,333,332,30],"class_list":{"0":"post-5382","1":"product","2":"type-product","3":"status-publish","4":"has-post-thumbnail","6":"product_cat-plastic-water-bottle","7":"product_tag-best","8":"product_tag-bulk","9":"product_tag-buy","10":"product_tag-custom","11":"product_tag-for-sale","12":"product_tag-good-quality","13":"product_tag-innovative-water-bottle","14":"product_tag-manufacturers","15":"product_tag-manufacturing","16":"product_tag-plastic-drink-bottle-with-straw","17":"product_tag-plastic-water-bottle-with-time-markers","18":"product_tag-price","19":"product_tag-small","20":"product_tag-student-water-bottle","21":"product_tag-suppliers","22":"product_tag-tritan-water-bottle","23":"product_tag-water-bottle-bpa-free-plastic","24":"product_tag-water-bottles-for-wholesale","25":"product_tag-wholesale","27":"first","28":"instock","29":"shipping-taxable","30":"product-type-simple"},"acf":[],"yoast_head":"<!-- This site is optimized with the Yoast SEO Premium plugin v27.5 (Yoast SEO v27.5) - https:\/\/yoast.com\/product\/yoast-seo-premium-wordpress\/ -->\n<title>Plastic Drink Bottle With Straw - Diller Water Bottle Manufacturer<\/title>\n<meta name=\"description\" content=\"As one of the best plastic drink bottle with straw manufacturers and suppliers, we are engaged in manufacturing good quality water bottles. We warmly welcome you to wholesale or buy custom made plastic drink bottle with straw at competitive price from us. Also, small quantity orders are acceptable.\" \/>\n<meta name=\"robots\" content=\"index, follow, max-snippet:-1, max-image-preview:large, max-video-preview:-1\" \/>\n<link rel=\"canonical\" href=\"https:\/\/www.dillerbottle.com\/vn\/cac-san-pham\/chai-nuoc-nhua-co-ong-hut\" \/>\n<meta property=\"og:locale\" content=\"vi_VN\" \/>\n<meta property=\"og:type\" content=\"article\" \/>\n<meta property=\"og:title\" content=\"Plastic Drink Bottle With Straw\" \/>\n<meta property=\"og:description\" content=\"As one of the best plastic drink bottle with straw manufacturers and suppliers, we are engaged in manufacturing good quality water bottles. We warmly welcome you to wholesale or buy custom made plastic drink bottle with straw at competitive price from us. Also, small quantity orders are acceptable.\" \/>\n<meta property=\"og:url\" content=\"https:\/\/www.dillerbottle.com\/vn\/cac-san-pham\/chai-nuoc-nhua-co-ong-hut\" \/>\n<meta property=\"og:site_name\" content=\"Diller Water Bottle Manufacturer\" \/>\n<meta property=\"article:modified_time\" content=\"2025-07-10T03:55:13+00:00\" \/>\n<meta property=\"og:image\" content=\"https:\/\/www.dillerbottle.com\/wp-content\/uploads\/2024\/09\/plastic-drink-bottle-with-straw07446131315.jpg\" \/>\n\t<meta property=\"og:image:width\" content=\"730\" \/>\n\t<meta property=\"og:image:height\" content=\"730\" \/>\n\t<meta property=\"og:image:type\" content=\"image\/jpeg\" \/>\n<meta name=\"twitter:card\" content=\"summary_large_image\" \/>\n<meta name=\"twitter:label1\" content=\"\u01af\u1edbc t\u00ednh th\u1eddi gian \u0111\u1ecdc\" \/>\n\t<meta name=\"twitter:data1\" content=\"2 ph\u00fat\" \/>\n<script type=\"application\/ld+json\" class=\"yoast-schema-graph\">{\"@context\":\"https:\\\/\\\/schema.org\",\"@graph\":[{\"@type\":\"WebPage\",\"@id\":\"https:\\\/\\\/www.dillerbottle.com\\\/my\\\/produk\\\/botol-minuman-plastik-dengan-straw\",\"url\":\"https:\\\/\\\/www.dillerbottle.com\\\/my\\\/produk\\\/botol-minuman-plastik-dengan-straw\",\"name\":\"Plastic Drink Bottle With Straw - Diller Water Bottle Manufacturer\",\"isPartOf\":{\"@id\":\"https:\\\/\\\/www.dillerbottle.com\\\/#website\"},\"primaryImageOfPage\":{\"@id\":\"https:\\\/\\\/www.dillerbottle.com\\\/my\\\/produk\\\/botol-minuman-plastik-dengan-straw#primaryimage\"},\"image\":{\"@id\":\"https:\\\/\\\/www.dillerbottle.com\\\/my\\\/produk\\\/botol-minuman-plastik-dengan-straw#primaryimage\"},\"thumbnailUrl\":\"https:\\\/\\\/www.dillerbottle.com\\\/wp-content\\\/uploads\\\/2024\\\/09\\\/plastic-drink-bottle-with-straw07446131315.jpg\",\"datePublished\":\"2024-09-27T09:57:30+00:00\",\"dateModified\":\"2025-07-10T03:55:13+00:00\",\"description\":\"As one of the best plastic drink bottle with straw manufacturers and suppliers, we are engaged in manufacturing good quality water bottles. We warmly welcome you to wholesale or buy custom made plastic drink bottle with straw at competitive price from us. Also, small quantity orders are acceptable.\",\"breadcrumb\":{\"@id\":\"https:\\\/\\\/www.dillerbottle.com\\\/my\\\/produk\\\/botol-minuman-plastik-dengan-straw#breadcrumb\"},\"inLanguage\":\"vi\",\"potentialAction\":[{\"@type\":\"ReadAction\",\"target\":[\"https:\\\/\\\/www.dillerbottle.com\\\/my\\\/produk\\\/botol-minuman-plastik-dengan-straw\"]}]},{\"@type\":\"ImageObject\",\"inLanguage\":\"vi\",\"@id\":\"https:\\\/\\\/www.dillerbottle.com\\\/my\\\/produk\\\/botol-minuman-plastik-dengan-straw#primaryimage\",\"url\":\"https:\\\/\\\/www.dillerbottle.com\\\/wp-content\\\/uploads\\\/2024\\\/09\\\/plastic-drink-bottle-with-straw07446131315.jpg\",\"contentUrl\":\"https:\\\/\\\/www.dillerbottle.com\\\/wp-content\\\/uploads\\\/2024\\\/09\\\/plastic-drink-bottle-with-straw07446131315.jpg\",\"width\":730,\"height\":730},{\"@type\":\"BreadcrumbList\",\"@id\":\"https:\\\/\\\/www.dillerbottle.com\\\/my\\\/produk\\\/botol-minuman-plastik-dengan-straw#breadcrumb\",\"itemListElement\":[{\"@type\":\"ListItem\",\"position\":1,\"name\":\"Home\",\"item\":\"https:\\\/\\\/www.dillerbottle.com\\\/\"},{\"@type\":\"ListItem\",\"position\":2,\"name\":\"Products\",\"item\":\"https:\\\/\\\/www.dillerbottle.com\\\/shop\"},{\"@type\":\"ListItem\",\"position\":3,\"name\":\"Plastic Drink Bottle With Straw\"}]},{\"@type\":\"WebSite\",\"@id\":\"https:\\\/\\\/www.dillerbottle.com\\\/#website\",\"url\":\"https:\\\/\\\/www.dillerbottle.com\\\/\",\"name\":\"Diller Water Bottle Manufacturer\",\"description\":\"Water Bottle Manufacturer\",\"publisher\":{\"@id\":\"https:\\\/\\\/www.dillerbottle.com\\\/#organization\"},\"potentialAction\":[{\"@type\":\"SearchAction\",\"target\":{\"@type\":\"EntryPoint\",\"urlTemplate\":\"https:\\\/\\\/www.dillerbottle.com\\\/?s={search_term_string}\"},\"query-input\":{\"@type\":\"PropertyValueSpecification\",\"valueRequired\":true,\"valueName\":\"search_term_string\"}}],\"inLanguage\":\"vi\"},{\"@type\":\"Organization\",\"@id\":\"https:\\\/\\\/www.dillerbottle.com\\\/#organization\",\"name\":\"Diller Water Bottle Manufacturer\",\"url\":\"https:\\\/\\\/www.dillerbottle.com\\\/\",\"logo\":{\"@type\":\"ImageObject\",\"inLanguage\":\"vi\",\"@id\":\"https:\\\/\\\/www.dillerbottle.com\\\/#\\\/schema\\\/logo\\\/image\\\/\",\"url\":\"https:\\\/\\\/www.dillerbottle.com\\\/wp-content\\\/uploads\\\/2024\\\/09\\\/49918bfa848dcc1e9f8b509933603ac.png\",\"contentUrl\":\"https:\\\/\\\/www.dillerbottle.com\\\/wp-content\\\/uploads\\\/2024\\\/09\\\/49918bfa848dcc1e9f8b509933603ac.png\",\"width\":988,\"height\":198,\"caption\":\"Diller Water Bottle Manufacturer\"},\"image\":{\"@id\":\"https:\\\/\\\/www.dillerbottle.com\\\/#\\\/schema\\\/logo\\\/image\\\/\"}}]}<\/script>\n<!-- \/ Yoast SEO Premium plugin. -->","yoast_head_json":{"title":"Chai N\u01b0\u1edbc Nh\u1ef1a C\u00f3 \u1ed0ng H\u00fat - Nh\u00e0 S\u1ea3n Xu\u1ea5t Chai N\u01b0\u1edbc Diller","description":"L\u00e0 m\u1ed9t trong nh\u1eefng nh\u00e0 s\u1ea3n xu\u1ea5t v\u00e0 cung c\u1ea5p chai \u0111\u1ef1ng n\u01b0\u1edbc b\u1eb1ng nh\u1ef1a c\u00f3 \u1ed1ng h\u00fat t\u1ed1t nh\u1ea5t, ch\u00fang t\u00f4i tham gia s\u1ea3n xu\u1ea5t chai \u0111\u1ef1ng n\u01b0\u1edbc ch\u1ea5t l\u01b0\u1ee3ng t\u1ed1t. Ch\u00fang t\u00f4i n\u1ed3ng nhi\u1ec7t ch\u00e0o \u0111\u00f3n b\u1ea1n \u0111\u1ebfn b\u00e1n bu\u00f4n ho\u1eb7c mua chai \u0111\u1ef1ng n\u01b0\u1edbc b\u1eb1ng nh\u1ef1a c\u00f3 \u1ed1ng h\u00fat t\u00f9y ch\u1ec9nh v\u1edbi gi\u00e1 c\u1ea3 c\u1ea1nh tranh t\u1eeb ch\u00fang t\u00f4i. Ngo\u00e0i ra, ch\u00fang t\u00f4i c\u0169ng ch\u1ea5p nh\u1eadn \u0111\u01a1n \u0111\u1eb7t h\u00e0ng s\u1ed1 l\u01b0\u1ee3ng nh\u1ecf.","robots":{"index":"index","follow":"follow","max-snippet":"max-snippet:-1","max-image-preview":"max-image-preview:large","max-video-preview":"max-video-preview:-1"},"canonical":"https:\/\/www.dillerbottle.com\/vn\/cac-san-pham\/chai-nuoc-nhua-co-ong-hut","og_locale":"vi_VN","og_type":"article","og_title":"Plastic Drink Bottle With Straw","og_description":"As one of the best plastic drink bottle with straw manufacturers and suppliers, we are engaged in manufacturing good quality water bottles. We warmly welcome you to wholesale or buy custom made plastic drink bottle with straw at competitive price from us. Also, small quantity orders are acceptable.","og_url":"https:\/\/www.dillerbottle.com\/vn\/cac-san-pham\/chai-nuoc-nhua-co-ong-hut","og_site_name":"Diller Water Bottle Manufacturer","article_modified_time":"2025-07-10T03:55:13+00:00","og_image":[{"width":730,"height":730,"url":"https:\/\/www.dillerbottle.com\/wp-content\/uploads\/2024\/09\/plastic-drink-bottle-with-straw07446131315.jpg","type":"image\/jpeg"}],"twitter_card":"summary_large_image","twitter_misc":{"\u01af\u1edbc t\u00ednh th\u1eddi gian \u0111\u1ecdc":"2 ph\u00fat"},"schema":{"@context":"https:\/\/schema.org","@graph":[{"@type":"WebPage","@id":"https:\/\/www.dillerbottle.com\/my\/produk\/botol-minuman-plastik-dengan-straw","url":"https:\/\/www.dillerbottle.com\/my\/produk\/botol-minuman-plastik-dengan-straw","name":"Chai N\u01b0\u1edbc Nh\u1ef1a C\u00f3 \u1ed0ng H\u00fat - Nh\u00e0 S\u1ea3n Xu\u1ea5t Chai N\u01b0\u1edbc Diller","isPartOf":{"@id":"https:\/\/www.dillerbottle.com\/#website"},"primaryImageOfPage":{"@id":"https:\/\/www.dillerbottle.com\/my\/produk\/botol-minuman-plastik-dengan-straw#primaryimage"},"image":{"@id":"https:\/\/www.dillerbottle.com\/my\/produk\/botol-minuman-plastik-dengan-straw#primaryimage"},"thumbnailUrl":"https:\/\/www.dillerbottle.com\/wp-content\/uploads\/2024\/09\/plastic-drink-bottle-with-straw07446131315.jpg","datePublished":"2024-09-27T09:57:30+00:00","dateModified":"2025-07-10T03:55:13+00:00","description":"L\u00e0 m\u1ed9t trong nh\u1eefng nh\u00e0 s\u1ea3n xu\u1ea5t v\u00e0 cung c\u1ea5p chai \u0111\u1ef1ng n\u01b0\u1edbc b\u1eb1ng nh\u1ef1a c\u00f3 \u1ed1ng h\u00fat t\u1ed1t nh\u1ea5t, ch\u00fang t\u00f4i tham gia s\u1ea3n xu\u1ea5t chai \u0111\u1ef1ng n\u01b0\u1edbc ch\u1ea5t l\u01b0\u1ee3ng t\u1ed1t. Ch\u00fang t\u00f4i n\u1ed3ng nhi\u1ec7t ch\u00e0o \u0111\u00f3n b\u1ea1n \u0111\u1ebfn b\u00e1n bu\u00f4n ho\u1eb7c mua chai \u0111\u1ef1ng n\u01b0\u1edbc b\u1eb1ng nh\u1ef1a c\u00f3 \u1ed1ng h\u00fat t\u00f9y ch\u1ec9nh v\u1edbi gi\u00e1 c\u1ea3 c\u1ea1nh tranh t\u1eeb ch\u00fang t\u00f4i. Ngo\u00e0i ra, ch\u00fang t\u00f4i c\u0169ng ch\u1ea5p nh\u1eadn \u0111\u01a1n \u0111\u1eb7t h\u00e0ng s\u1ed1 l\u01b0\u1ee3ng nh\u1ecf.","breadcrumb":{"@id":"https:\/\/www.dillerbottle.com\/my\/produk\/botol-minuman-plastik-dengan-straw#breadcrumb"},"inLanguage":"vi","potentialAction":[{"@type":"ReadAction","target":["https:\/\/www.dillerbottle.com\/my\/produk\/botol-minuman-plastik-dengan-straw"]}]},{"@type":"ImageObject","inLanguage":"vi","@id":"https:\/\/www.dillerbottle.com\/my\/produk\/botol-minuman-plastik-dengan-straw#primaryimage","url":"https:\/\/www.dillerbottle.com\/wp-content\/uploads\/2024\/09\/plastic-drink-bottle-with-straw07446131315.jpg","contentUrl":"https:\/\/www.dillerbottle.com\/wp-content\/uploads\/2024\/09\/plastic-drink-bottle-with-straw07446131315.jpg","width":730,"height":730},{"@type":"BreadcrumbList","@id":"https:\/\/www.dillerbottle.com\/my\/produk\/botol-minuman-plastik-dengan-straw#breadcrumb","itemListElement":[{"@type":"ListItem","position":1,"name":"Home","item":"https:\/\/www.dillerbottle.com\/"},{"@type":"ListItem","position":2,"name":"Products","item":"https:\/\/www.dillerbottle.com\/shop"},{"@type":"ListItem","position":3,"name":"Plastic Drink Bottle With Straw"}]},{"@type":"WebSite","@id":"https:\/\/www.dillerbottle.com\/#website","url":"https:\/\/www.dillerbottle.com\/","name":"Nh\u00e0 s\u1ea3n xu\u1ea5t b\u00ecnh n\u01b0\u1edbc Diller","description":"Nh\u00e0 s\u1ea3n xu\u1ea5t b\u00ecnh n\u01b0\u1edbc","publisher":{"@id":"https:\/\/www.dillerbottle.com\/#organization"},"potentialAction":[{"@type":"SearchAction","target":{"@type":"EntryPoint","urlTemplate":"https:\/\/www.dillerbottle.com\/?s={search_term_string}"},"query-input":{"@type":"PropertyValueSpecification","valueRequired":true,"valueName":"search_term_string"}}],"inLanguage":"vi"},{"@type":"Organization","@id":"https:\/\/www.dillerbottle.com\/#organization","name":"Nh\u00e0 s\u1ea3n xu\u1ea5t b\u00ecnh n\u01b0\u1edbc Diller","url":"https:\/\/www.dillerbottle.com\/","logo":{"@type":"ImageObject","inLanguage":"vi","@id":"https:\/\/www.dillerbottle.com\/#\/schema\/logo\/image\/","url":"https:\/\/www.dillerbottle.com\/wp-content\/uploads\/2024\/09\/49918bfa848dcc1e9f8b509933603ac.png","contentUrl":"https:\/\/www.dillerbottle.com\/wp-content\/uploads\/2024\/09\/49918bfa848dcc1e9f8b509933603ac.png","width":988,"height":198,"caption":"Diller Water Bottle Manufacturer"},"image":{"@id":"https:\/\/www.dillerbottle.com\/#\/schema\/logo\/image\/"}}]}},"_links":{"self":[{"href":"https:\/\/www.dillerbottle.com\/vn\/wp-json\/wp\/v2\/product\/5382","targetHints":{"allow":["GET"]}}],"collection":[{"href":"https:\/\/www.dillerbottle.com\/vn\/wp-json\/wp\/v2\/product"}],"about":[{"href":"https:\/\/www.dillerbottle.com\/vn\/wp-json\/wp\/v2\/types\/product"}],"replies":[{"embeddable":true,"href":"https:\/\/www.dillerbottle.com\/vn\/wp-json\/wp\/v2\/comments?post=5382"}],"wp:featuredmedia":[{"embeddable":true,"href":"https:\/\/www.dillerbottle.com\/vn\/wp-json\/wp\/v2\/media\/5383"}],"wp:attachment":[{"href":"https:\/\/www.dillerbottle.com\/vn\/wp-json\/wp\/v2\/media?parent=5382"}],"wp:term":[{"taxonomy":"product_brand","embeddable":true,"href":"https:\/\/www.dillerbottle.com\/vn\/wp-json\/wp\/v2\/product_brand?post=5382"},{"taxonomy":"product_cat","embeddable":true,"href":"https:\/\/www.dillerbottle.com\/vn\/wp-json\/wp\/v2\/product_cat?post=5382"},{"taxonomy":"product_tag","embeddable":true,"href":"https:\/\/www.dillerbottle.com\/vn\/wp-json\/wp\/v2\/product_tag?post=5382"}],"curies":[{"name":"wp","href":"https:\/\/api.w.org\/{rel}","templated":true}]}}