{"id":5649,"date":"2024-09-27T18:00:14","date_gmt":"2024-09-27T10:00:14","guid":{"rendered":"https:\/\/demo.dillerbottle.com\/uncategorized\/plastic-bpa-free-water-bottle"},"modified":"2025-07-10T09:20:39","modified_gmt":"2025-07-10T01:20:39","slug":"binh-dung-nuoc-bang-nhua-khong-chua-bpa","status":"publish","type":"product","link":"https:\/\/www.dillerbottle.com\/vn\/products\/plastic-bpa-free-water-bottle","title":{"rendered":"B\u00ecnh n\u01b0\u1edbc nh\u1ef1a kh\u00f4ng ch\u1ee9a BPA"},"content":{"rendered":"<p>1. Thi\u1ebft k\u1ebf l\u00f5m \u0111\u1ed9c \u0111\u00e1o v\u1eeba v\u1eb7n v\u1edbi b\u00e0n tay c\u1ee7a b\u1ea1n. \u0110\u01b0\u1eddng cong nh\u1ecf gi\u00fap b\u1ea1n c\u1ea7m b\u00ecnh n\u01b0\u1edbc d\u1ec5 d\u00e0ng b\u1eb1ng m\u1ed9t tay.;<br \/>\n2. Kh\u00f4ng ch\u1ee9a BPA &amp; Kh\u00f4ng c\u00f3 m\u00f9i nh\u1ef1a: Chai n\u01b0\u1edbc th\u1ec3 thao cao c\u1ea5p DILLER \u0111\u01b0\u1ee3c l\u00e0m t\u1eeb nh\u1ef1a Tritan kh\u00f4ng ch\u1ee9a BPA (100%), n\u1eafp chai b\u1eb1ng nh\u1ef1a PP \u0111\u1ea1t ti\u00eau chu\u1ea9n an to\u00e0n th\u1ef1c ph\u1ea9m v\u00e0 v\u00f2ng \u0111\u1ec7m silicone \u0111\u1ea1t ti\u00eau chu\u1ea9n an to\u00e0n th\u1ef1c ph\u1ea9m. \u0110\u00e2y l\u00e0 chai n\u01b0\u1edbc t\u1ed1t nh\u1ea5t kh\u00f4ng g\u00e2y h\u1ea1i cho c\u01a1 th\u1ec3 v\u00e0 th\u00e2n thi\u1ec7n v\u1edbi m\u00f4i tr\u01b0\u1eddng. K\u00edch th\u01b0\u1edbc th\u00e2n chai ti\u00eau chu\u1ea9n ph\u00f9 h\u1ee3p v\u1edbi h\u1ea7u h\u1ebft c\u00e1c gi\u00e1 \u0111\u1ee1 c\u1ed1c xe h\u01a1i v\u00e0 gi\u00e1 \u0111\u1ee1 xe \u0111\u1ea1p, d\u1ec5 d\u00e0ng mang theo m\u1ecdi n\u01a1i. \u0110\u00e2y l\u00e0 chai n\u01b0\u1edbc th\u1ec3 thao kh\u00f4ng th\u1ec3 thi\u1ebfu cho ph\u00f2ng t\u1eadp gym, yoga, ch\u1ea1y b\u1ed9, v\u1eadn \u0111\u1ed9ng vi\u00ean, crossfit, du l\u1ecbch, leo n\u00fai, \u0111\u1ea1p xe, tennis, c\u1eafm tr\u1ea1i, v\u0103n ph\u00f2ng, tr\u01b0\u1eddng h\u1ecdc v\u00e0 n\u01a1i l\u00e0m vi\u1ec7c.;<\/p>","protected":false},"excerpt":{"rendered":"<p>\u0110\u1eb7c \u0111i\u1ec3m: 1. Thi\u1ebft k\u1ebf l\u00f5m \u0111\u1ed9c \u0111\u00e1o v\u1eeba v\u1eb7n v\u1edbi b\u00e0n tay c\u1ee7a b\u1ea1n.<br \/>\n\u0110\u01b0\u1eddng cong nh\u1ecf gi\u00fap b\u1ea1n c\u1ea7m b\u00ecnh n\u01b0\u1edbc d\u1ec5 d\u00e0ng b\u1eb1ng m\u1ed9t tay.<br \/>\n2. Kh\u00f4ng ch\u1ee9a BPA &amp; Kh\u00f4ng c\u00f3 v\u1ecb &#039;nh\u1ef1a&#039;: B\u00ecnh n\u01b0\u1edbc th\u1ec3 thao cao c\u1ea5p DILLER l\u00e0m b\u1eb1ng nh\u1ef1a Tritan 100% kh\u00f4ng ch\u1ee9a BPA\u2026<\/p>","protected":false},"featured_media":5650,"comment_status":"open","ping_status":"closed","template":"","meta":{"_acf_changed":false},"product_brand":[],"product_cat":[309],"product_tag":[390,32,36,33,31,39,425,38,29,37,326,427,471,317,34,35,28,30,323],"class_list":{"0":"post-5649","1":"product","2":"type-product","3":"status-publish","4":"has-post-thumbnail","6":"product_cat-plastic-water-bottle","7":"product_tag-300ml-water-bottle","8":"product_tag-best","9":"product_tag-bulk","10":"product_tag-buy","11":"product_tag-custom","12":"product_tag-for-sale","13":"product_tag-gallon-water-bottle","14":"product_tag-good-quality","15":"product_tag-manufacturers","16":"product_tag-manufacturing","17":"product_tag-matte-black-water-bottle","18":"product_tag-oem-bpa-free-reusable-gym-sports-water-bottle","19":"product_tag-plastic-bpa-free-water-bottle","20":"product_tag-plastic-water-bottle-sports-bottle-with-straw","21":"product_tag-price","22":"product_tag-small","23":"product_tag-suppliers","24":"product_tag-wholesale","25":"product_tag-wholesale-cute-water-bottles","27":"first","28":"instock","29":"shipping-taxable","30":"product-type-simple"},"acf":[],"yoast_head":"<!-- This site is optimized with the Yoast SEO Premium plugin v27.5 (Yoast SEO v27.5) - https:\/\/yoast.com\/product\/yoast-seo-premium-wordpress\/ -->\n<title>Plastic Bpa Free Water Bottle - Diller Water Bottle Manufacturer<\/title>\n<meta name=\"description\" content=\"As one of the best plastic bpa free water bottle manufacturers and suppliers, we are engaged in manufacturing good quality water bottles. We warmly welcome you to wholesale or buy custom made plastic bpa free water bottle at competitive price from us. Also, small quantity orders are acceptable.\" \/>\n<meta name=\"robots\" content=\"index, follow, max-snippet:-1, max-image-preview:large, max-video-preview:-1\" \/>\n<link rel=\"canonical\" href=\"https:\/\/www.dillerbottle.com\/vn\/cac-san-pham\/binh-dung-nuoc-bang-nhua-khong-chua-bpa\" \/>\n<meta property=\"og:locale\" content=\"vi_VN\" \/>\n<meta property=\"og:type\" content=\"article\" \/>\n<meta property=\"og:title\" content=\"Plastic Bpa Free Water Bottle\" \/>\n<meta property=\"og:description\" content=\"As one of the best plastic bpa free water bottle manufacturers and suppliers, we are engaged in manufacturing good quality water bottles. We warmly welcome you to wholesale or buy custom made plastic bpa free water bottle at competitive price from us. Also, small quantity orders are acceptable.\" \/>\n<meta property=\"og:url\" content=\"https:\/\/www.dillerbottle.com\/vn\/cac-san-pham\/binh-dung-nuoc-bang-nhua-khong-chua-bpa\" \/>\n<meta property=\"og:site_name\" content=\"Diller Water Bottle Manufacturer\" \/>\n<meta property=\"article:modified_time\" content=\"2025-07-10T01:20:39+00:00\" \/>\n<meta property=\"og:image\" content=\"https:\/\/www.dillerbottle.com\/wp-content\/uploads\/2024\/09\/plastic-bpa-free-water-bottle20204510827.jpg\" \/>\n\t<meta property=\"og:image:width\" content=\"730\" \/>\n\t<meta property=\"og:image:height\" content=\"730\" \/>\n\t<meta property=\"og:image:type\" content=\"image\/jpeg\" \/>\n<meta name=\"twitter:card\" content=\"summary_large_image\" \/>\n<meta name=\"twitter:label1\" content=\"\u01af\u1edbc t\u00ednh th\u1eddi gian \u0111\u1ecdc\" \/>\n\t<meta name=\"twitter:data1\" content=\"3 ph\u00fat\" \/>\n<script type=\"application\/ld+json\" class=\"yoast-schema-graph\">{\"@context\":\"https:\\\/\\\/schema.org\",\"@graph\":[{\"@type\":\"WebPage\",\"@id\":\"https:\\\/\\\/www.dillerbottle.com\\\/ar\\\/%d9%85%d9%86%d8%aa%d8%ac%d8%a7%d8%aa\\\/%d8%b2%d8%ac%d8%a7%d8%ac%d8%a9-%d9%85%d8%a7%d8%a1-%d8%a8%d9%84%d8%a7%d8%b3%d8%aa%d9%8a%d9%83%d9%8a%d8%a9-%d8%ae%d8%a7%d9%84%d9%8a%d8%a9-%d9%85%d9%86-%d9%85%d8%a7%d8%af%d8%a9-bpa-2\",\"url\":\"https:\\\/\\\/www.dillerbottle.com\\\/ar\\\/%d9%85%d9%86%d8%aa%d8%ac%d8%a7%d8%aa\\\/%d8%b2%d8%ac%d8%a7%d8%ac%d8%a9-%d9%85%d8%a7%d8%a1-%d8%a8%d9%84%d8%a7%d8%b3%d8%aa%d9%8a%d9%83%d9%8a%d8%a9-%d8%ae%d8%a7%d9%84%d9%8a%d8%a9-%d9%85%d9%86-%d9%85%d8%a7%d8%af%d8%a9-bpa-2\",\"name\":\"Plastic Bpa Free Water Bottle - Diller Water Bottle Manufacturer\",\"isPartOf\":{\"@id\":\"https:\\\/\\\/www.dillerbottle.com\\\/#website\"},\"primaryImageOfPage\":{\"@id\":\"https:\\\/\\\/www.dillerbottle.com\\\/ar\\\/%d9%85%d9%86%d8%aa%d8%ac%d8%a7%d8%aa\\\/%d8%b2%d8%ac%d8%a7%d8%ac%d8%a9-%d9%85%d8%a7%d8%a1-%d8%a8%d9%84%d8%a7%d8%b3%d8%aa%d9%8a%d9%83%d9%8a%d8%a9-%d8%ae%d8%a7%d9%84%d9%8a%d8%a9-%d9%85%d9%86-%d9%85%d8%a7%d8%af%d8%a9-bpa-2#primaryimage\"},\"image\":{\"@id\":\"https:\\\/\\\/www.dillerbottle.com\\\/ar\\\/%d9%85%d9%86%d8%aa%d8%ac%d8%a7%d8%aa\\\/%d8%b2%d8%ac%d8%a7%d8%ac%d8%a9-%d9%85%d8%a7%d8%a1-%d8%a8%d9%84%d8%a7%d8%b3%d8%aa%d9%8a%d9%83%d9%8a%d8%a9-%d8%ae%d8%a7%d9%84%d9%8a%d8%a9-%d9%85%d9%86-%d9%85%d8%a7%d8%af%d8%a9-bpa-2#primaryimage\"},\"thumbnailUrl\":\"https:\\\/\\\/www.dillerbottle.com\\\/wp-content\\\/uploads\\\/2024\\\/09\\\/plastic-bpa-free-water-bottle20204510827.jpg\",\"datePublished\":\"2024-09-27T10:00:14+00:00\",\"dateModified\":\"2025-07-10T01:20:39+00:00\",\"description\":\"As one of the best plastic bpa free water bottle manufacturers and suppliers, we are engaged in manufacturing good quality water bottles. We warmly welcome you to wholesale or buy custom made plastic bpa free water bottle at competitive price from us. Also, small quantity orders are acceptable.\",\"breadcrumb\":{\"@id\":\"https:\\\/\\\/www.dillerbottle.com\\\/ar\\\/%d9%85%d9%86%d8%aa%d8%ac%d8%a7%d8%aa\\\/%d8%b2%d8%ac%d8%a7%d8%ac%d8%a9-%d9%85%d8%a7%d8%a1-%d8%a8%d9%84%d8%a7%d8%b3%d8%aa%d9%8a%d9%83%d9%8a%d8%a9-%d8%ae%d8%a7%d9%84%d9%8a%d8%a9-%d9%85%d9%86-%d9%85%d8%a7%d8%af%d8%a9-bpa-2#breadcrumb\"},\"inLanguage\":\"vi\",\"potentialAction\":[{\"@type\":\"ReadAction\",\"target\":[\"https:\\\/\\\/www.dillerbottle.com\\\/ar\\\/%d9%85%d9%86%d8%aa%d8%ac%d8%a7%d8%aa\\\/%d8%b2%d8%ac%d8%a7%d8%ac%d8%a9-%d9%85%d8%a7%d8%a1-%d8%a8%d9%84%d8%a7%d8%b3%d8%aa%d9%8a%d9%83%d9%8a%d8%a9-%d8%ae%d8%a7%d9%84%d9%8a%d8%a9-%d9%85%d9%86-%d9%85%d8%a7%d8%af%d8%a9-bpa-2\"]}]},{\"@type\":\"ImageObject\",\"inLanguage\":\"vi\",\"@id\":\"https:\\\/\\\/www.dillerbottle.com\\\/ar\\\/%d9%85%d9%86%d8%aa%d8%ac%d8%a7%d8%aa\\\/%d8%b2%d8%ac%d8%a7%d8%ac%d8%a9-%d9%85%d8%a7%d8%a1-%d8%a8%d9%84%d8%a7%d8%b3%d8%aa%d9%8a%d9%83%d9%8a%d8%a9-%d8%ae%d8%a7%d9%84%d9%8a%d8%a9-%d9%85%d9%86-%d9%85%d8%a7%d8%af%d8%a9-bpa-2#primaryimage\",\"url\":\"https:\\\/\\\/www.dillerbottle.com\\\/wp-content\\\/uploads\\\/2024\\\/09\\\/plastic-bpa-free-water-bottle20204510827.jpg\",\"contentUrl\":\"https:\\\/\\\/www.dillerbottle.com\\\/wp-content\\\/uploads\\\/2024\\\/09\\\/plastic-bpa-free-water-bottle20204510827.jpg\",\"width\":730,\"height\":730},{\"@type\":\"BreadcrumbList\",\"@id\":\"https:\\\/\\\/www.dillerbottle.com\\\/ar\\\/%d9%85%d9%86%d8%aa%d8%ac%d8%a7%d8%aa\\\/%d8%b2%d8%ac%d8%a7%d8%ac%d8%a9-%d9%85%d8%a7%d8%a1-%d8%a8%d9%84%d8%a7%d8%b3%d8%aa%d9%8a%d9%83%d9%8a%d8%a9-%d8%ae%d8%a7%d9%84%d9%8a%d8%a9-%d9%85%d9%86-%d9%85%d8%a7%d8%af%d8%a9-bpa-2#breadcrumb\",\"itemListElement\":[{\"@type\":\"ListItem\",\"position\":1,\"name\":\"Home\",\"item\":\"https:\\\/\\\/www.dillerbottle.com\\\/\"},{\"@type\":\"ListItem\",\"position\":2,\"name\":\"Products\",\"item\":\"https:\\\/\\\/www.dillerbottle.com\\\/shop\"},{\"@type\":\"ListItem\",\"position\":3,\"name\":\"Plastic Bpa Free Water Bottle\"}]},{\"@type\":\"WebSite\",\"@id\":\"https:\\\/\\\/www.dillerbottle.com\\\/#website\",\"url\":\"https:\\\/\\\/www.dillerbottle.com\\\/\",\"name\":\"Diller Water Bottle Manufacturer\",\"description\":\"Water Bottle Manufacturer\",\"publisher\":{\"@id\":\"https:\\\/\\\/www.dillerbottle.com\\\/#organization\"},\"potentialAction\":[{\"@type\":\"SearchAction\",\"target\":{\"@type\":\"EntryPoint\",\"urlTemplate\":\"https:\\\/\\\/www.dillerbottle.com\\\/?s={search_term_string}\"},\"query-input\":{\"@type\":\"PropertyValueSpecification\",\"valueRequired\":true,\"valueName\":\"search_term_string\"}}],\"inLanguage\":\"vi\"},{\"@type\":\"Organization\",\"@id\":\"https:\\\/\\\/www.dillerbottle.com\\\/#organization\",\"name\":\"Diller Water Bottle Manufacturer\",\"url\":\"https:\\\/\\\/www.dillerbottle.com\\\/\",\"logo\":{\"@type\":\"ImageObject\",\"inLanguage\":\"vi\",\"@id\":\"https:\\\/\\\/www.dillerbottle.com\\\/#\\\/schema\\\/logo\\\/image\\\/\",\"url\":\"https:\\\/\\\/www.dillerbottle.com\\\/wp-content\\\/uploads\\\/2024\\\/09\\\/49918bfa848dcc1e9f8b509933603ac.png\",\"contentUrl\":\"https:\\\/\\\/www.dillerbottle.com\\\/wp-content\\\/uploads\\\/2024\\\/09\\\/49918bfa848dcc1e9f8b509933603ac.png\",\"width\":988,\"height\":198,\"caption\":\"Diller Water Bottle Manufacturer\"},\"image\":{\"@id\":\"https:\\\/\\\/www.dillerbottle.com\\\/#\\\/schema\\\/logo\\\/image\\\/\"}}]}<\/script>\n<!-- \/ Yoast SEO Premium plugin. -->","yoast_head_json":{"title":"B\u00ecnh n\u01b0\u1edbc nh\u1ef1a kh\u00f4ng ch\u1ee9a BPA - Nh\u00e0 s\u1ea3n xu\u1ea5t b\u00ecnh n\u01b0\u1edbc Diller","description":"L\u00e0 m\u1ed9t trong nh\u1eefng nh\u00e0 s\u1ea3n xu\u1ea5t v\u00e0 cung c\u1ea5p chai n\u01b0\u1edbc nh\u1ef1a kh\u00f4ng ch\u1ee9a bpa t\u1ed1t nh\u1ea5t, ch\u00fang t\u00f4i tham gia s\u1ea3n xu\u1ea5t chai n\u01b0\u1edbc ch\u1ea5t l\u01b0\u1ee3ng t\u1ed1t. Ch\u00fang t\u00f4i n\u1ed3ng nhi\u1ec7t ch\u00e0o \u0111\u00f3n b\u1ea1n \u0111\u1ebfn b\u00e1n bu\u00f4n ho\u1eb7c mua chai n\u01b0\u1edbc nh\u1ef1a kh\u00f4ng ch\u1ee9a bpa t\u00f9y ch\u1ec9nh v\u1edbi gi\u00e1 c\u1ea1nh tranh t\u1eeb ch\u00fang t\u00f4i. Ngo\u00e0i ra, ch\u00fang t\u00f4i c\u0169ng ch\u1ea5p nh\u1eadn \u0111\u01a1n \u0111\u1eb7t h\u00e0ng s\u1ed1 l\u01b0\u1ee3ng nh\u1ecf.","robots":{"index":"index","follow":"follow","max-snippet":"max-snippet:-1","max-image-preview":"max-image-preview:large","max-video-preview":"max-video-preview:-1"},"canonical":"https:\/\/www.dillerbottle.com\/vn\/cac-san-pham\/binh-dung-nuoc-bang-nhua-khong-chua-bpa","og_locale":"vi_VN","og_type":"article","og_title":"Plastic Bpa Free Water Bottle","og_description":"As one of the best plastic bpa free water bottle manufacturers and suppliers, we are engaged in manufacturing good quality water bottles. We warmly welcome you to wholesale or buy custom made plastic bpa free water bottle at competitive price from us. Also, small quantity orders are acceptable.","og_url":"https:\/\/www.dillerbottle.com\/vn\/cac-san-pham\/binh-dung-nuoc-bang-nhua-khong-chua-bpa","og_site_name":"Diller Water Bottle Manufacturer","article_modified_time":"2025-07-10T01:20:39+00:00","og_image":[{"width":730,"height":730,"url":"https:\/\/www.dillerbottle.com\/wp-content\/uploads\/2024\/09\/plastic-bpa-free-water-bottle20204510827.jpg","type":"image\/jpeg"}],"twitter_card":"summary_large_image","twitter_misc":{"\u01af\u1edbc t\u00ednh th\u1eddi gian \u0111\u1ecdc":"3 ph\u00fat"},"schema":{"@context":"https:\/\/schema.org","@graph":[{"@type":"WebPage","@id":"https:\/\/www.dillerbottle.com\/ar\/%d9%85%d9%86%d8%aa%d8%ac%d8%a7%d8%aa\/%d8%b2%d8%ac%d8%a7%d8%ac%d8%a9-%d9%85%d8%a7%d8%a1-%d8%a8%d9%84%d8%a7%d8%b3%d8%aa%d9%8a%d9%83%d9%8a%d8%a9-%d8%ae%d8%a7%d9%84%d9%8a%d8%a9-%d9%85%d9%86-%d9%85%d8%a7%d8%af%d8%a9-bpa-2","url":"https:\/\/www.dillerbottle.com\/ar\/%d9%85%d9%86%d8%aa%d8%ac%d8%a7%d8%aa\/%d8%b2%d8%ac%d8%a7%d8%ac%d8%a9-%d9%85%d8%a7%d8%a1-%d8%a8%d9%84%d8%a7%d8%b3%d8%aa%d9%8a%d9%83%d9%8a%d8%a9-%d8%ae%d8%a7%d9%84%d9%8a%d8%a9-%d9%85%d9%86-%d9%85%d8%a7%d8%af%d8%a9-bpa-2","name":"B\u00ecnh n\u01b0\u1edbc nh\u1ef1a kh\u00f4ng ch\u1ee9a BPA - Nh\u00e0 s\u1ea3n xu\u1ea5t b\u00ecnh n\u01b0\u1edbc Diller","isPartOf":{"@id":"https:\/\/www.dillerbottle.com\/#website"},"primaryImageOfPage":{"@id":"https:\/\/www.dillerbottle.com\/ar\/%d9%85%d9%86%d8%aa%d8%ac%d8%a7%d8%aa\/%d8%b2%d8%ac%d8%a7%d8%ac%d8%a9-%d9%85%d8%a7%d8%a1-%d8%a8%d9%84%d8%a7%d8%b3%d8%aa%d9%8a%d9%83%d9%8a%d8%a9-%d8%ae%d8%a7%d9%84%d9%8a%d8%a9-%d9%85%d9%86-%d9%85%d8%a7%d8%af%d8%a9-bpa-2#primaryimage"},"image":{"@id":"https:\/\/www.dillerbottle.com\/ar\/%d9%85%d9%86%d8%aa%d8%ac%d8%a7%d8%aa\/%d8%b2%d8%ac%d8%a7%d8%ac%d8%a9-%d9%85%d8%a7%d8%a1-%d8%a8%d9%84%d8%a7%d8%b3%d8%aa%d9%8a%d9%83%d9%8a%d8%a9-%d8%ae%d8%a7%d9%84%d9%8a%d8%a9-%d9%85%d9%86-%d9%85%d8%a7%d8%af%d8%a9-bpa-2#primaryimage"},"thumbnailUrl":"https:\/\/www.dillerbottle.com\/wp-content\/uploads\/2024\/09\/plastic-bpa-free-water-bottle20204510827.jpg","datePublished":"2024-09-27T10:00:14+00:00","dateModified":"2025-07-10T01:20:39+00:00","description":"L\u00e0 m\u1ed9t trong nh\u1eefng nh\u00e0 s\u1ea3n xu\u1ea5t v\u00e0 cung c\u1ea5p chai n\u01b0\u1edbc nh\u1ef1a kh\u00f4ng ch\u1ee9a bpa t\u1ed1t nh\u1ea5t, ch\u00fang t\u00f4i tham gia s\u1ea3n xu\u1ea5t chai n\u01b0\u1edbc ch\u1ea5t l\u01b0\u1ee3ng t\u1ed1t. Ch\u00fang t\u00f4i n\u1ed3ng nhi\u1ec7t ch\u00e0o \u0111\u00f3n b\u1ea1n \u0111\u1ebfn b\u00e1n bu\u00f4n ho\u1eb7c mua chai n\u01b0\u1edbc nh\u1ef1a kh\u00f4ng ch\u1ee9a bpa t\u00f9y ch\u1ec9nh v\u1edbi gi\u00e1 c\u1ea1nh tranh t\u1eeb ch\u00fang t\u00f4i. Ngo\u00e0i ra, ch\u00fang t\u00f4i c\u0169ng ch\u1ea5p nh\u1eadn \u0111\u01a1n \u0111\u1eb7t h\u00e0ng s\u1ed1 l\u01b0\u1ee3ng nh\u1ecf.","breadcrumb":{"@id":"https:\/\/www.dillerbottle.com\/ar\/%d9%85%d9%86%d8%aa%d8%ac%d8%a7%d8%aa\/%d8%b2%d8%ac%d8%a7%d8%ac%d8%a9-%d9%85%d8%a7%d8%a1-%d8%a8%d9%84%d8%a7%d8%b3%d8%aa%d9%8a%d9%83%d9%8a%d8%a9-%d8%ae%d8%a7%d9%84%d9%8a%d8%a9-%d9%85%d9%86-%d9%85%d8%a7%d8%af%d8%a9-bpa-2#breadcrumb"},"inLanguage":"vi","potentialAction":[{"@type":"ReadAction","target":["https:\/\/www.dillerbottle.com\/ar\/%d9%85%d9%86%d8%aa%d8%ac%d8%a7%d8%aa\/%d8%b2%d8%ac%d8%a7%d8%ac%d8%a9-%d9%85%d8%a7%d8%a1-%d8%a8%d9%84%d8%a7%d8%b3%d8%aa%d9%8a%d9%83%d9%8a%d8%a9-%d8%ae%d8%a7%d9%84%d9%8a%d8%a9-%d9%85%d9%86-%d9%85%d8%a7%d8%af%d8%a9-bpa-2"]}]},{"@type":"ImageObject","inLanguage":"vi","@id":"https:\/\/www.dillerbottle.com\/ar\/%d9%85%d9%86%d8%aa%d8%ac%d8%a7%d8%aa\/%d8%b2%d8%ac%d8%a7%d8%ac%d8%a9-%d9%85%d8%a7%d8%a1-%d8%a8%d9%84%d8%a7%d8%b3%d8%aa%d9%8a%d9%83%d9%8a%d8%a9-%d8%ae%d8%a7%d9%84%d9%8a%d8%a9-%d9%85%d9%86-%d9%85%d8%a7%d8%af%d8%a9-bpa-2#primaryimage","url":"https:\/\/www.dillerbottle.com\/wp-content\/uploads\/2024\/09\/plastic-bpa-free-water-bottle20204510827.jpg","contentUrl":"https:\/\/www.dillerbottle.com\/wp-content\/uploads\/2024\/09\/plastic-bpa-free-water-bottle20204510827.jpg","width":730,"height":730},{"@type":"BreadcrumbList","@id":"https:\/\/www.dillerbottle.com\/ar\/%d9%85%d9%86%d8%aa%d8%ac%d8%a7%d8%aa\/%d8%b2%d8%ac%d8%a7%d8%ac%d8%a9-%d9%85%d8%a7%d8%a1-%d8%a8%d9%84%d8%a7%d8%b3%d8%aa%d9%8a%d9%83%d9%8a%d8%a9-%d8%ae%d8%a7%d9%84%d9%8a%d8%a9-%d9%85%d9%86-%d9%85%d8%a7%d8%af%d8%a9-bpa-2#breadcrumb","itemListElement":[{"@type":"ListItem","position":1,"name":"Home","item":"https:\/\/www.dillerbottle.com\/"},{"@type":"ListItem","position":2,"name":"Products","item":"https:\/\/www.dillerbottle.com\/shop"},{"@type":"ListItem","position":3,"name":"Plastic Bpa Free Water Bottle"}]},{"@type":"WebSite","@id":"https:\/\/www.dillerbottle.com\/#website","url":"https:\/\/www.dillerbottle.com\/","name":"Nh\u00e0 s\u1ea3n xu\u1ea5t b\u00ecnh n\u01b0\u1edbc Diller","description":"Nh\u00e0 s\u1ea3n xu\u1ea5t b\u00ecnh n\u01b0\u1edbc","publisher":{"@id":"https:\/\/www.dillerbottle.com\/#organization"},"potentialAction":[{"@type":"SearchAction","target":{"@type":"EntryPoint","urlTemplate":"https:\/\/www.dillerbottle.com\/?s={search_term_string}"},"query-input":{"@type":"PropertyValueSpecification","valueRequired":true,"valueName":"search_term_string"}}],"inLanguage":"vi"},{"@type":"Organization","@id":"https:\/\/www.dillerbottle.com\/#organization","name":"Nh\u00e0 s\u1ea3n xu\u1ea5t b\u00ecnh n\u01b0\u1edbc Diller","url":"https:\/\/www.dillerbottle.com\/","logo":{"@type":"ImageObject","inLanguage":"vi","@id":"https:\/\/www.dillerbottle.com\/#\/schema\/logo\/image\/","url":"https:\/\/www.dillerbottle.com\/wp-content\/uploads\/2024\/09\/49918bfa848dcc1e9f8b509933603ac.png","contentUrl":"https:\/\/www.dillerbottle.com\/wp-content\/uploads\/2024\/09\/49918bfa848dcc1e9f8b509933603ac.png","width":988,"height":198,"caption":"Diller Water Bottle Manufacturer"},"image":{"@id":"https:\/\/www.dillerbottle.com\/#\/schema\/logo\/image\/"}}]}},"_links":{"self":[{"href":"https:\/\/www.dillerbottle.com\/vn\/wp-json\/wp\/v2\/product\/5649","targetHints":{"allow":["GET"]}}],"collection":[{"href":"https:\/\/www.dillerbottle.com\/vn\/wp-json\/wp\/v2\/product"}],"about":[{"href":"https:\/\/www.dillerbottle.com\/vn\/wp-json\/wp\/v2\/types\/product"}],"replies":[{"embeddable":true,"href":"https:\/\/www.dillerbottle.com\/vn\/wp-json\/wp\/v2\/comments?post=5649"}],"wp:featuredmedia":[{"embeddable":true,"href":"https:\/\/www.dillerbottle.com\/vn\/wp-json\/wp\/v2\/media\/5650"}],"wp:attachment":[{"href":"https:\/\/www.dillerbottle.com\/vn\/wp-json\/wp\/v2\/media?parent=5649"}],"wp:term":[{"taxonomy":"product_brand","embeddable":true,"href":"https:\/\/www.dillerbottle.com\/vn\/wp-json\/wp\/v2\/product_brand?post=5649"},{"taxonomy":"product_cat","embeddable":true,"href":"https:\/\/www.dillerbottle.com\/vn\/wp-json\/wp\/v2\/product_cat?post=5649"},{"taxonomy":"product_tag","embeddable":true,"href":"https:\/\/www.dillerbottle.com\/vn\/wp-json\/wp\/v2\/product_tag?post=5649"}],"curies":[{"name":"wp","href":"https:\/\/api.w.org\/{rel}","templated":true}]}}