{"id":5676,"date":"2024-09-27T18:00:29","date_gmt":"2024-09-27T10:00:29","guid":{"rendered":"https:\/\/demo.dillerbottle.com\/uncategorized\/drinking-water-plastic-bottle"},"modified":"2025-07-10T09:20:19","modified_gmt":"2025-07-10T01:20:19","slug":"chai-nhua-dung-nuoc-uong","status":"publish","type":"product","link":"https:\/\/www.dillerbottle.com\/vn\/products\/drinking-water-plastic-bottle","title":{"rendered":"Chai nh\u1ef1a \u0111\u1ef1ng n\u01b0\u1edbc u\u1ed1ng"},"content":{"rendered":"<p>Chai nh\u1ef1a \u0111\u1ef1ng n\u01b0\u1edbc u\u1ed1ng<br \/>\n\u0110\u1eb7c tr\u01b0ng:<br \/>\n1. B\u00ecnh \u0111\u1ef1ng n\u01b0\u1edbc b\u1eb1ng nh\u1ef1a \u0111\u01b0\u1ee3c l\u00e0m b\u1eb1ng tritan c\u1ea5p th\u1ef1c ph\u1ea9m, kh\u00f4ng ch\u1ee9a BPA v\u00e0 kh\u00f4ng m\u00f9i, c\u00f3 kh\u1ea3 n\u0103ng s\u1eed d\u1ee5ng \u0111\u1ed3 u\u1ed1ng n\u00f3ng. \u0110\u01b0\u1ee3c ch\u1ebf t\u1ea1o b\u1eb1ng v\u1eadt li\u1ec7u th\u00e2n thi\u1ec7n v\u1edbi m\u00f4i tr\u01b0\u1eddng v\u00e0 an to\u00e0n, \u0111\u1ea3m b\u1ea3o n\u01b0\u1edbc b\u1ea1n u\u1ed1ng an to\u00e0n.<\/p>\n<p>2. M\u00e0u s\u1eafc trong su\u1ed1t c\u1ee7a b\u00ecnh n\u01b0\u1edbc, hi\u1ec3n th\u1ecb r\u00f5 l\u01b0\u1ee3ng n\u01b0\u1edbc, nh\u1eafc nh\u1edf b\u1ea1n u\u1ed1ng \u0111\u1ee7 n\u01b0\u1edbc \u0111\u1ec3 b\u1ed5 sung cho c\u01a1 th\u1ec3. \u0110\u1ed1i v\u1edbi nh\u1eefng ng\u01b0\u1eddi th\u00edch t\u1eadp th\u1ec3 d\u1ee5c, \u0111\u00e2y l\u00e0 c\u00e1ch tuy\u1ec7t v\u1eddi \u0111\u1ec3 theo d\u00f5i l\u01b0\u1ee3ng n\u01b0\u1edbc u\u1ed1ng v\u00e0o.<\/p>\n<p>3. N\u1eafp b\u1eadt b\u1eb1ng n\u00fat b\u1ea5m, cho ph\u00e9p u\u1ed1ng d\u1ec5 d\u00e0ng b\u1eb1ng m\u1ed9t tay ho\u1eb7c kh\u00f4ng c\u1ea7n d\u00f9ng tay ngay c\u1ea3 khi b\u1ea1n \u0111ang b\u1eadn r\u1ed9n. N\u1eafp chai \u0111\u01b0\u1ee3c trang b\u1ecb v\u00f2ng silicone v\u00e0 n\u00fat silicone, \u0111\u1ea3m b\u1ea3o ch\u1ed1ng r\u00f2 r\u1ec9 100%. Thi\u1ebft k\u1ebf mi\u1ec7ng r\u1ed9ng cho ph\u00e9p b\u1ea1n th\u00eam tr\u00e1i c\u00e2y ho\u1eb7c \u0111\u00e1 vi\u00ean.<\/p>","protected":false},"excerpt":{"rendered":"<p>B\u00ecnh \u0111\u1ef1ng n\u01b0\u1edbc b\u1eb1ng nh\u1ef1a \u0111\u01b0\u1ee3c l\u00e0m t\u1eeb nh\u1ef1a tritan c\u1ea5p th\u1ef1c ph\u1ea9m, kh\u00f4ng ch\u1ee9a BPA v\u00e0 kh\u00f4ng m\u00f9i, c\u00f3 th\u1ec3 \u0111\u1ef1ng \u0111\u01b0\u1ee3c \u0111\u1ed3 u\u1ed1ng n\u00f3ng.<br \/>\n\u0110\u01b0\u1ee3c ch\u1ebf t\u1ea1o b\u1eb1ng v\u1eadt li\u1ec7u an to\u00e0n v\u00e0 th\u00e2n thi\u1ec7n v\u1edbi m\u00f4i tr\u01b0\u1eddng, \u0111\u1ea3m b\u1ea3o ngu\u1ed3n n\u01b0\u1edbc b\u1ea1n u\u1ed1ng l\u00e0 an to\u00e0n.<br \/>\nN\u1eafp \u0111\u1eady d\u1ea1ng nh\u1ea5n n\u00fat, cho ph\u00e9p b\u1ea1n d\u1ec5 d\u00e0ng u\u1ed1ng b\u1eb1ng m\u1ed9t tay ho\u1eb7c r\u1ea3nh tay ngay c\u1ea3 khi b\u1ea1n b\u1eadn r\u1ed9n.<br \/>\nN\u1eafp b\u00ecnh c\u00f3 v\u00f2ng silicon v\u00e0 n\u00fat silicon ch\u1ed1ng r\u00f2 r\u1ec9 \u0111\u1ea1t chu\u1ea9n 100%.<br \/>\nOEM v\u00e0 OEM \u0111\u01b0\u1ee3c ch\u1ea5p nh\u1eadn.<br \/>\nCh\u00fang t\u00f4i c\u00f3 th\u1ec3 t\u00f9y ch\u1ec9nh chai nh\u1ef1a \u0111\u1ef1ng n\u01b0\u1edbc u\u1ed1ng theo y\u00eau c\u1ea7u c\u1ee7a b\u1ea1n.<br \/>\nCh\u00e0o m\u1eebng b\u1ea1n \u0111\u1ebfn mua s\u1ec9, h\u00e3y g\u1eedi y\u00eau c\u1ea7u ngay!<\/p>","protected":false},"featured_media":5677,"comment_status":"open","ping_status":"closed","template":"","meta":{"_acf_changed":false},"product_brand":[],"product_cat":[309],"product_tag":[434,32,36,33,360,31,473,39,38,398,29,37,34,373,35,470,28,447,30],"class_list":{"0":"post-5676","1":"product","2":"type-product","3":"status-publish","4":"has-post-thumbnail","6":"product_cat-plastic-water-bottle","7":"product_tag-1-litre-water-bottle","8":"product_tag-best","9":"product_tag-bulk","10":"product_tag-buy","11":"product_tag-cool-water-bottle","12":"product_tag-custom","13":"product_tag-drinking-water-plastic-bottle","14":"product_tag-for-sale","15":"product_tag-good-quality","16":"product_tag-leak-proof-water-bottle-with-carry-handle","17":"product_tag-manufacturers","18":"product_tag-manufacturing","19":"product_tag-price","20":"product_tag-slim-water-bottle-with-straw","21":"product_tag-small","22":"product_tag-sports-water-bottle-with-motivational-time-marker","23":"product_tag-suppliers","24":"product_tag-water-bottle-with-time-maker","25":"product_tag-wholesale","27":"first","28":"instock","29":"shipping-taxable","30":"product-type-simple"},"acf":[],"yoast_head":"<!-- This site is optimized with the Yoast SEO Premium plugin v27.5 (Yoast SEO v27.5) - https:\/\/yoast.com\/product\/yoast-seo-premium-wordpress\/ -->\n<title>Drinking Water Plastic Bottle - Diller Water Bottle Manufacturer<\/title>\n<meta name=\"description\" content=\"As one of the best drinking water plastic bottle manufacturers and suppliers, we are engaged in manufacturing good quality water bottles. We warmly welcome you to wholesale or buy custom made drinking water plastic bottle at competitive price from us. Also, small quantity orders are acceptable.\" \/>\n<meta name=\"robots\" content=\"index, follow, max-snippet:-1, max-image-preview:large, max-video-preview:-1\" \/>\n<link rel=\"canonical\" href=\"https:\/\/www.dillerbottle.com\/vn\/cac-san-pham\/chai-nhua-dung-nuoc-uong\" \/>\n<meta property=\"og:locale\" content=\"vi_VN\" \/>\n<meta property=\"og:type\" content=\"article\" \/>\n<meta property=\"og:title\" content=\"Drinking Water Plastic Bottle\" \/>\n<meta property=\"og:description\" content=\"As one of the best drinking water plastic bottle manufacturers and suppliers, we are engaged in manufacturing good quality water bottles. We warmly welcome you to wholesale or buy custom made drinking water plastic bottle at competitive price from us. Also, small quantity orders are acceptable.\" \/>\n<meta property=\"og:url\" content=\"https:\/\/www.dillerbottle.com\/vn\/cac-san-pham\/chai-nhua-dung-nuoc-uong\" \/>\n<meta property=\"og:site_name\" content=\"Diller Water Bottle Manufacturer\" \/>\n<meta property=\"article:modified_time\" content=\"2025-07-10T01:20:19+00:00\" \/>\n<meta property=\"og:image\" content=\"https:\/\/www.dillerbottle.com\/wp-content\/uploads\/2024\/09\/drinking-water-plastic-bottle08484727727.jpg\" \/>\n\t<meta property=\"og:image:width\" content=\"730\" \/>\n\t<meta property=\"og:image:height\" content=\"730\" \/>\n\t<meta property=\"og:image:type\" content=\"image\/jpeg\" \/>\n<meta name=\"twitter:card\" content=\"summary_large_image\" \/>\n<meta name=\"twitter:label1\" content=\"\u01af\u1edbc t\u00ednh th\u1eddi gian \u0111\u1ecdc\" \/>\n\t<meta name=\"twitter:data1\" content=\"2 ph\u00fat\" \/>\n<script type=\"application\/ld+json\" class=\"yoast-schema-graph\">{\"@context\":\"https:\\\/\\\/schema.org\",\"@graph\":[{\"@type\":\"WebPage\",\"@id\":\"https:\\\/\\\/www.dillerbottle.com\\\/es\\\/productos\\\/botella-de-plastico-para-agua-potable\",\"url\":\"https:\\\/\\\/www.dillerbottle.com\\\/es\\\/productos\\\/botella-de-plastico-para-agua-potable\",\"name\":\"Drinking Water Plastic Bottle - Diller Water Bottle Manufacturer\",\"isPartOf\":{\"@id\":\"https:\\\/\\\/www.dillerbottle.com\\\/#website\"},\"primaryImageOfPage\":{\"@id\":\"https:\\\/\\\/www.dillerbottle.com\\\/es\\\/productos\\\/botella-de-plastico-para-agua-potable#primaryimage\"},\"image\":{\"@id\":\"https:\\\/\\\/www.dillerbottle.com\\\/es\\\/productos\\\/botella-de-plastico-para-agua-potable#primaryimage\"},\"thumbnailUrl\":\"https:\\\/\\\/www.dillerbottle.com\\\/wp-content\\\/uploads\\\/2024\\\/09\\\/drinking-water-plastic-bottle08484727727.jpg\",\"datePublished\":\"2024-09-27T10:00:29+00:00\",\"dateModified\":\"2025-07-10T01:20:19+00:00\",\"description\":\"As one of the best drinking water plastic bottle manufacturers and suppliers, we are engaged in manufacturing good quality water bottles. We warmly welcome you to wholesale or buy custom made drinking water plastic bottle at competitive price from us. Also, small quantity orders are acceptable.\",\"breadcrumb\":{\"@id\":\"https:\\\/\\\/www.dillerbottle.com\\\/es\\\/productos\\\/botella-de-plastico-para-agua-potable#breadcrumb\"},\"inLanguage\":\"vi\",\"potentialAction\":[{\"@type\":\"ReadAction\",\"target\":[\"https:\\\/\\\/www.dillerbottle.com\\\/es\\\/productos\\\/botella-de-plastico-para-agua-potable\"]}]},{\"@type\":\"ImageObject\",\"inLanguage\":\"vi\",\"@id\":\"https:\\\/\\\/www.dillerbottle.com\\\/es\\\/productos\\\/botella-de-plastico-para-agua-potable#primaryimage\",\"url\":\"https:\\\/\\\/www.dillerbottle.com\\\/wp-content\\\/uploads\\\/2024\\\/09\\\/drinking-water-plastic-bottle08484727727.jpg\",\"contentUrl\":\"https:\\\/\\\/www.dillerbottle.com\\\/wp-content\\\/uploads\\\/2024\\\/09\\\/drinking-water-plastic-bottle08484727727.jpg\",\"width\":730,\"height\":730},{\"@type\":\"BreadcrumbList\",\"@id\":\"https:\\\/\\\/www.dillerbottle.com\\\/es\\\/productos\\\/botella-de-plastico-para-agua-potable#breadcrumb\",\"itemListElement\":[{\"@type\":\"ListItem\",\"position\":1,\"name\":\"Home\",\"item\":\"https:\\\/\\\/www.dillerbottle.com\\\/\"},{\"@type\":\"ListItem\",\"position\":2,\"name\":\"Products\",\"item\":\"https:\\\/\\\/www.dillerbottle.com\\\/shop\"},{\"@type\":\"ListItem\",\"position\":3,\"name\":\"Drinking Water Plastic Bottle\"}]},{\"@type\":\"WebSite\",\"@id\":\"https:\\\/\\\/www.dillerbottle.com\\\/#website\",\"url\":\"https:\\\/\\\/www.dillerbottle.com\\\/\",\"name\":\"Diller Water Bottle Manufacturer\",\"description\":\"Water Bottle Manufacturer\",\"publisher\":{\"@id\":\"https:\\\/\\\/www.dillerbottle.com\\\/#organization\"},\"potentialAction\":[{\"@type\":\"SearchAction\",\"target\":{\"@type\":\"EntryPoint\",\"urlTemplate\":\"https:\\\/\\\/www.dillerbottle.com\\\/?s={search_term_string}\"},\"query-input\":{\"@type\":\"PropertyValueSpecification\",\"valueRequired\":true,\"valueName\":\"search_term_string\"}}],\"inLanguage\":\"vi\"},{\"@type\":\"Organization\",\"@id\":\"https:\\\/\\\/www.dillerbottle.com\\\/#organization\",\"name\":\"Diller Water Bottle Manufacturer\",\"url\":\"https:\\\/\\\/www.dillerbottle.com\\\/\",\"logo\":{\"@type\":\"ImageObject\",\"inLanguage\":\"vi\",\"@id\":\"https:\\\/\\\/www.dillerbottle.com\\\/#\\\/schema\\\/logo\\\/image\\\/\",\"url\":\"https:\\\/\\\/www.dillerbottle.com\\\/wp-content\\\/uploads\\\/2024\\\/09\\\/49918bfa848dcc1e9f8b509933603ac.png\",\"contentUrl\":\"https:\\\/\\\/www.dillerbottle.com\\\/wp-content\\\/uploads\\\/2024\\\/09\\\/49918bfa848dcc1e9f8b509933603ac.png\",\"width\":988,\"height\":198,\"caption\":\"Diller Water Bottle Manufacturer\"},\"image\":{\"@id\":\"https:\\\/\\\/www.dillerbottle.com\\\/#\\\/schema\\\/logo\\\/image\\\/\"}}]}<\/script>\n<!-- \/ Yoast SEO Premium plugin. -->","yoast_head_json":{"title":"Chai nh\u1ef1a \u0111\u1ef1ng n\u01b0\u1edbc u\u1ed1ng - Nh\u00e0 s\u1ea3n xu\u1ea5t chai n\u01b0\u1edbc Diller","description":"L\u00e0 m\u1ed9t trong nh\u1eefng nh\u00e0 s\u1ea3n xu\u1ea5t v\u00e0 cung c\u1ea5p chai nh\u1ef1a \u0111\u1ef1ng n\u01b0\u1edbc u\u1ed1ng t\u1ed1t nh\u1ea5t, ch\u00fang t\u00f4i tham gia s\u1ea3n xu\u1ea5t chai n\u01b0\u1edbc ch\u1ea5t l\u01b0\u1ee3ng t\u1ed1t. Ch\u00fang t\u00f4i n\u1ed3ng nhi\u1ec7t ch\u00e0o \u0111\u00f3n b\u1ea1n \u0111\u1ebfn b\u00e1n bu\u00f4n ho\u1eb7c mua chai nh\u1ef1a \u0111\u1ef1ng n\u01b0\u1edbc u\u1ed1ng t\u00f9y ch\u1ec9nh v\u1edbi gi\u00e1 c\u1ea3 c\u1ea1nh tranh t\u1eeb ch\u00fang t\u00f4i. Ngo\u00e0i ra, ch\u00fang t\u00f4i c\u0169ng ch\u1ea5p nh\u1eadn \u0111\u01a1n \u0111\u1eb7t h\u00e0ng s\u1ed1 l\u01b0\u1ee3ng nh\u1ecf.","robots":{"index":"index","follow":"follow","max-snippet":"max-snippet:-1","max-image-preview":"max-image-preview:large","max-video-preview":"max-video-preview:-1"},"canonical":"https:\/\/www.dillerbottle.com\/vn\/cac-san-pham\/chai-nhua-dung-nuoc-uong","og_locale":"vi_VN","og_type":"article","og_title":"Drinking Water Plastic Bottle","og_description":"As one of the best drinking water plastic bottle manufacturers and suppliers, we are engaged in manufacturing good quality water bottles. We warmly welcome you to wholesale or buy custom made drinking water plastic bottle at competitive price from us. Also, small quantity orders are acceptable.","og_url":"https:\/\/www.dillerbottle.com\/vn\/cac-san-pham\/chai-nhua-dung-nuoc-uong","og_site_name":"Diller Water Bottle Manufacturer","article_modified_time":"2025-07-10T01:20:19+00:00","og_image":[{"width":730,"height":730,"url":"https:\/\/www.dillerbottle.com\/wp-content\/uploads\/2024\/09\/drinking-water-plastic-bottle08484727727.jpg","type":"image\/jpeg"}],"twitter_card":"summary_large_image","twitter_misc":{"\u01af\u1edbc t\u00ednh th\u1eddi gian \u0111\u1ecdc":"2 ph\u00fat"},"schema":{"@context":"https:\/\/schema.org","@graph":[{"@type":"WebPage","@id":"https:\/\/www.dillerbottle.com\/es\/productos\/botella-de-plastico-para-agua-potable","url":"https:\/\/www.dillerbottle.com\/es\/productos\/botella-de-plastico-para-agua-potable","name":"Chai nh\u1ef1a \u0111\u1ef1ng n\u01b0\u1edbc u\u1ed1ng - Nh\u00e0 s\u1ea3n xu\u1ea5t chai n\u01b0\u1edbc Diller","isPartOf":{"@id":"https:\/\/www.dillerbottle.com\/#website"},"primaryImageOfPage":{"@id":"https:\/\/www.dillerbottle.com\/es\/productos\/botella-de-plastico-para-agua-potable#primaryimage"},"image":{"@id":"https:\/\/www.dillerbottle.com\/es\/productos\/botella-de-plastico-para-agua-potable#primaryimage"},"thumbnailUrl":"https:\/\/www.dillerbottle.com\/wp-content\/uploads\/2024\/09\/drinking-water-plastic-bottle08484727727.jpg","datePublished":"2024-09-27T10:00:29+00:00","dateModified":"2025-07-10T01:20:19+00:00","description":"L\u00e0 m\u1ed9t trong nh\u1eefng nh\u00e0 s\u1ea3n xu\u1ea5t v\u00e0 cung c\u1ea5p chai nh\u1ef1a \u0111\u1ef1ng n\u01b0\u1edbc u\u1ed1ng t\u1ed1t nh\u1ea5t, ch\u00fang t\u00f4i tham gia s\u1ea3n xu\u1ea5t chai n\u01b0\u1edbc ch\u1ea5t l\u01b0\u1ee3ng t\u1ed1t. Ch\u00fang t\u00f4i n\u1ed3ng nhi\u1ec7t ch\u00e0o \u0111\u00f3n b\u1ea1n \u0111\u1ebfn b\u00e1n bu\u00f4n ho\u1eb7c mua chai nh\u1ef1a \u0111\u1ef1ng n\u01b0\u1edbc u\u1ed1ng t\u00f9y ch\u1ec9nh v\u1edbi gi\u00e1 c\u1ea3 c\u1ea1nh tranh t\u1eeb ch\u00fang t\u00f4i. Ngo\u00e0i ra, ch\u00fang t\u00f4i c\u0169ng ch\u1ea5p nh\u1eadn \u0111\u01a1n \u0111\u1eb7t h\u00e0ng s\u1ed1 l\u01b0\u1ee3ng nh\u1ecf.","breadcrumb":{"@id":"https:\/\/www.dillerbottle.com\/es\/productos\/botella-de-plastico-para-agua-potable#breadcrumb"},"inLanguage":"vi","potentialAction":[{"@type":"ReadAction","target":["https:\/\/www.dillerbottle.com\/es\/productos\/botella-de-plastico-para-agua-potable"]}]},{"@type":"ImageObject","inLanguage":"vi","@id":"https:\/\/www.dillerbottle.com\/es\/productos\/botella-de-plastico-para-agua-potable#primaryimage","url":"https:\/\/www.dillerbottle.com\/wp-content\/uploads\/2024\/09\/drinking-water-plastic-bottle08484727727.jpg","contentUrl":"https:\/\/www.dillerbottle.com\/wp-content\/uploads\/2024\/09\/drinking-water-plastic-bottle08484727727.jpg","width":730,"height":730},{"@type":"BreadcrumbList","@id":"https:\/\/www.dillerbottle.com\/es\/productos\/botella-de-plastico-para-agua-potable#breadcrumb","itemListElement":[{"@type":"ListItem","position":1,"name":"Home","item":"https:\/\/www.dillerbottle.com\/"},{"@type":"ListItem","position":2,"name":"Products","item":"https:\/\/www.dillerbottle.com\/shop"},{"@type":"ListItem","position":3,"name":"Drinking Water Plastic Bottle"}]},{"@type":"WebSite","@id":"https:\/\/www.dillerbottle.com\/#website","url":"https:\/\/www.dillerbottle.com\/","name":"Nh\u00e0 s\u1ea3n xu\u1ea5t b\u00ecnh n\u01b0\u1edbc Diller","description":"Nh\u00e0 s\u1ea3n xu\u1ea5t b\u00ecnh n\u01b0\u1edbc","publisher":{"@id":"https:\/\/www.dillerbottle.com\/#organization"},"potentialAction":[{"@type":"SearchAction","target":{"@type":"EntryPoint","urlTemplate":"https:\/\/www.dillerbottle.com\/?s={search_term_string}"},"query-input":{"@type":"PropertyValueSpecification","valueRequired":true,"valueName":"search_term_string"}}],"inLanguage":"vi"},{"@type":"Organization","@id":"https:\/\/www.dillerbottle.com\/#organization","name":"Nh\u00e0 s\u1ea3n xu\u1ea5t b\u00ecnh n\u01b0\u1edbc Diller","url":"https:\/\/www.dillerbottle.com\/","logo":{"@type":"ImageObject","inLanguage":"vi","@id":"https:\/\/www.dillerbottle.com\/#\/schema\/logo\/image\/","url":"https:\/\/www.dillerbottle.com\/wp-content\/uploads\/2024\/09\/49918bfa848dcc1e9f8b509933603ac.png","contentUrl":"https:\/\/www.dillerbottle.com\/wp-content\/uploads\/2024\/09\/49918bfa848dcc1e9f8b509933603ac.png","width":988,"height":198,"caption":"Diller Water Bottle Manufacturer"},"image":{"@id":"https:\/\/www.dillerbottle.com\/#\/schema\/logo\/image\/"}}]}},"_links":{"self":[{"href":"https:\/\/www.dillerbottle.com\/vn\/wp-json\/wp\/v2\/product\/5676","targetHints":{"allow":["GET"]}}],"collection":[{"href":"https:\/\/www.dillerbottle.com\/vn\/wp-json\/wp\/v2\/product"}],"about":[{"href":"https:\/\/www.dillerbottle.com\/vn\/wp-json\/wp\/v2\/types\/product"}],"replies":[{"embeddable":true,"href":"https:\/\/www.dillerbottle.com\/vn\/wp-json\/wp\/v2\/comments?post=5676"}],"wp:featuredmedia":[{"embeddable":true,"href":"https:\/\/www.dillerbottle.com\/vn\/wp-json\/wp\/v2\/media\/5677"}],"wp:attachment":[{"href":"https:\/\/www.dillerbottle.com\/vn\/wp-json\/wp\/v2\/media?parent=5676"}],"wp:term":[{"taxonomy":"product_brand","embeddable":true,"href":"https:\/\/www.dillerbottle.com\/vn\/wp-json\/wp\/v2\/product_brand?post=5676"},{"taxonomy":"product_cat","embeddable":true,"href":"https:\/\/www.dillerbottle.com\/vn\/wp-json\/wp\/v2\/product_cat?post=5676"},{"taxonomy":"product_tag","embeddable":true,"href":"https:\/\/www.dillerbottle.com\/vn\/wp-json\/wp\/v2\/product_tag?post=5676"}],"curies":[{"name":"wp","href":"https:\/\/api.w.org\/{rel}","templated":true}]}}