{"id":5780,"date":"2024-09-27T18:01:30","date_gmt":"2024-09-27T10:01:30","guid":{"rendered":"https:\/\/demo.dillerbottle.com\/uncategorized\/large-plastic-water-bottles"},"modified":"2025-07-09T18:02:17","modified_gmt":"2025-07-09T10:02:17","slug":"chai-nuoc-nhua-lon","status":"publish","type":"product","link":"https:\/\/www.dillerbottle.com\/vn\/products\/large-plastic-water-bottles","title":{"rendered":"Chai n\u01b0\u1edbc nh\u1ef1a l\u1edbn"},"content":{"rendered":"<p>1. B\u00ecnh n\u01b0\u1edbc nh\u1ef1a n\u00e0y \u0111\u01b0\u1ee3c l\u00e0m b\u1eb1ng nh\u1ef1a PC an to\u00e0n th\u1ef1c ph\u1ea9m ch\u1ea5t l\u01b0\u1ee3ng cao, kh\u00f4ng ch\u1ee9a BPA. C\u00f3 th\u1ec3 \u0111\u1ef1ng n\u01b0\u1edbc l\u1ea1nh v\u00e0 n\u01b0\u1edbc n\u00f3ng, ph\u1ea1m vi nhi\u1ec7t \u0111\u1ed9 l\u00e0 -20\u00b0C~+120\u00b0C.<br \/>\n2. Dung t\u00edch l\u1edbn. Thi\u1ebft k\u1ebf 1L \/ 1,5L \/ 2L, c\u00f3 th\u1ec3 ch\u1ee9a nhi\u1ec1u n\u01b0\u1edbc h\u01a1n v\u00e0 \u0111\u1ea3m b\u1ea3o \u0111\u1ee7 n\u01b0\u1edbc cho m\u1ed9t ng\u01b0\u1eddi l\u1edbn m\u1ed7i ng\u00e0y.<br \/>\n3. D\u1ec5 d\u00e0ng mang theo. Thi\u1ebft k\u1ebf v\u1edbi tay c\u1ea7m b\u1eb1ng silicon thi\u1ebft k\u1ebf d\u00e0nh cho ng\u01b0\u1eddi, ho\u00e0n h\u1ea3o \u0111\u1ec3 mang theo d\u1ea3i d\u00e0i khi \u0111i b\u1ed9 \u0111\u01b0\u1eddng d\u00e0i, c\u1eafm tr\u1ea1i, v.v.<br \/>\n4. D\u1ec5 v\u1ec7 sinh. Thi\u1ebft k\u1ebf mi\u1ec7ng r\u1ed9ng, d\u1ec5 v\u1ec7 sinh h\u01a1n.<\/p>","protected":false},"excerpt":{"rendered":"<p>\u0110\u1eb7c \u0111i\u1ec3m: 1. B\u00ecnh n\u01b0\u1edbc nh\u1ef1a n\u00e0y \u0111\u01b0\u1ee3c l\u00e0m b\u1eb1ng nh\u1ef1a PC an to\u00e0n th\u1ef1c ph\u1ea9m ch\u1ea5t l\u01b0\u1ee3ng cao, kh\u00f4ng ch\u1ee9a BPA. C\u00f3 th\u1ec3 \u0111\u1ef1ng n\u01b0\u1edbc l\u1ea1nh v\u00e0 n\u01b0\u1edbc n\u00f3ng, ph\u1ea1m vi nhi\u1ec7t \u0111\u1ed9 l\u00e0 -20\u00b0C~+120\u00b0C.<br \/>\n2. Dung t\u00edch l\u1edbn.<br \/>\nThi\u1ebft k\u1ebf 1L \/ 1.5L \/ 2L, c\u00f3 th\u1ec3 ch\u1ee9a nhi\u1ec1u n\u01b0\u1edbc h\u01a1n v\u00e0 \u0111\u1ea3m b\u1ea3o \u0111\u1ee7 n\u01b0\u1edbc cho m\u1ed9t ng\u01b0\u1eddi l\u1edbn m\u1ed7i ng\u00e0y.<br \/>\n3. D\u1ec5 d\u00e0ng mang theo.<br \/>\nThi\u1ebft k\u1ebf v\u1edbi tay c\u1ea7m b\u1eb1ng silicon th\u00edch h\u1ee3p cho ng\u01b0\u1eddi d\u00f9ng, ho\u00e0n h\u1ea3o \u0111\u1ec3 mang theo d\u1ea3i d\u00e0i khi \u0111i b\u1ed9 \u0111\u01b0\u1eddng d\u00e0i, c\u1eafm tr\u1ea1i, v.v.<br \/>\n4. D\u1ec5 d\u00e0ng v\u1ec7 sinh.<br \/>\nThi\u1ebft k\u1ebf mi\u1ec7ng r\u1ed9ng, d\u1ec5 v\u1ec7 sinh h\u01a1n\u2026..<\/p>","protected":false},"featured_media":5781,"comment_status":"open","ping_status":"closed","template":"","meta":{"_acf_changed":false},"product_brand":[],"product_cat":[309],"product_tag":[32,36,33,31,403,39,38,481,29,37,458,387,317,34,35,41,28,314,30],"class_list":{"0":"post-5780","1":"product","2":"type-product","3":"status-publish","4":"has-post-thumbnail","6":"product_cat-plastic-water-bottle","7":"product_tag-best","8":"product_tag-bulk","9":"product_tag-buy","10":"product_tag-custom","11":"product_tag-custom-branded-water-bottle","12":"product_tag-for-sale","13":"product_tag-good-quality","14":"product_tag-large-plastic-water-bottles","15":"product_tag-manufacturers","16":"product_tag-manufacturing","17":"product_tag-mini-clear-plastic-water-bottle","18":"product_tag-plastic-water-bottle-direct-drinking","19":"product_tag-plastic-water-bottle-sports-bottle-with-straw","20":"product_tag-price","21":"product_tag-small","22":"product_tag-strap-gym-motivational-sports-water-bottle","23":"product_tag-suppliers","24":"product_tag-tea-water-bottle","25":"product_tag-wholesale","27":"first","28":"instock","29":"shipping-taxable","30":"product-type-simple"},"acf":[],"yoast_head":"<!-- This site is optimized with the Yoast SEO Premium plugin v27.5 (Yoast SEO v27.5) - https:\/\/yoast.com\/product\/yoast-seo-premium-wordpress\/ -->\n<title>Large Plastic Water Bottles - Diller Water Bottle Manufacturer<\/title>\n<meta name=\"description\" content=\"As one of the best large plastic water bottles manufacturers and suppliers, we are engaged in manufacturing good quality water bottles. We warmly welcome you to wholesale or buy custom made large plastic water bottles at competitive price from us. Also, small quantity orders are acceptable.\" \/>\n<meta name=\"robots\" content=\"index, follow, max-snippet:-1, max-image-preview:large, max-video-preview:-1\" \/>\n<link rel=\"canonical\" href=\"https:\/\/www.dillerbottle.com\/vn\/cac-san-pham\/chai-nuoc-nhua-lon\" \/>\n<meta property=\"og:locale\" content=\"vi_VN\" \/>\n<meta property=\"og:type\" content=\"article\" \/>\n<meta property=\"og:title\" content=\"Large Plastic Water Bottles\" \/>\n<meta property=\"og:description\" content=\"As one of the best large plastic water bottles manufacturers and suppliers, we are engaged in manufacturing good quality water bottles. We warmly welcome you to wholesale or buy custom made large plastic water bottles at competitive price from us. Also, small quantity orders are acceptable.\" \/>\n<meta property=\"og:url\" content=\"https:\/\/www.dillerbottle.com\/vn\/cac-san-pham\/chai-nuoc-nhua-lon\" \/>\n<meta property=\"og:site_name\" content=\"Diller Water Bottle Manufacturer\" \/>\n<meta property=\"article:modified_time\" content=\"2025-07-09T10:02:17+00:00\" \/>\n<meta property=\"og:image\" content=\"https:\/\/www.dillerbottle.com\/wp-content\/uploads\/2024\/09\/large-plastic-water-bottles45267022515.jpg\" \/>\n\t<meta property=\"og:image:width\" content=\"730\" \/>\n\t<meta property=\"og:image:height\" content=\"730\" \/>\n\t<meta property=\"og:image:type\" content=\"image\/jpeg\" \/>\n<meta name=\"twitter:card\" content=\"summary_large_image\" \/>\n<meta name=\"twitter:label1\" content=\"\u01af\u1edbc t\u00ednh th\u1eddi gian \u0111\u1ecdc\" \/>\n\t<meta name=\"twitter:data1\" content=\"3 ph\u00fat\" \/>\n<script type=\"application\/ld+json\" class=\"yoast-schema-graph\">{\"@context\":\"https:\\\/\\\/schema.org\",\"@graph\":[{\"@type\":\"WebPage\",\"@id\":\"https:\\\/\\\/www.dillerbottle.com\\\/products\\\/large-plastic-water-bottles\",\"url\":\"https:\\\/\\\/www.dillerbottle.com\\\/products\\\/large-plastic-water-bottles\",\"name\":\"Large Plastic Water Bottles - Diller Water Bottle Manufacturer\",\"isPartOf\":{\"@id\":\"https:\\\/\\\/www.dillerbottle.com\\\/#website\"},\"primaryImageOfPage\":{\"@id\":\"https:\\\/\\\/www.dillerbottle.com\\\/products\\\/large-plastic-water-bottles#primaryimage\"},\"image\":{\"@id\":\"https:\\\/\\\/www.dillerbottle.com\\\/products\\\/large-plastic-water-bottles#primaryimage\"},\"thumbnailUrl\":\"https:\\\/\\\/www.dillerbottle.com\\\/wp-content\\\/uploads\\\/2024\\\/09\\\/large-plastic-water-bottles45267022515.jpg\",\"datePublished\":\"2024-09-27T10:01:30+00:00\",\"dateModified\":\"2025-07-09T10:02:17+00:00\",\"description\":\"As one of the best large plastic water bottles manufacturers and suppliers, we are engaged in manufacturing good quality water bottles. We warmly welcome you to wholesale or buy custom made large plastic water bottles at competitive price from us. Also, small quantity orders are acceptable.\",\"breadcrumb\":{\"@id\":\"https:\\\/\\\/www.dillerbottle.com\\\/products\\\/large-plastic-water-bottles#breadcrumb\"},\"inLanguage\":\"vi\",\"potentialAction\":[{\"@type\":\"ReadAction\",\"target\":[\"https:\\\/\\\/www.dillerbottle.com\\\/products\\\/large-plastic-water-bottles\"]}]},{\"@type\":\"ImageObject\",\"inLanguage\":\"vi\",\"@id\":\"https:\\\/\\\/www.dillerbottle.com\\\/products\\\/large-plastic-water-bottles#primaryimage\",\"url\":\"https:\\\/\\\/www.dillerbottle.com\\\/wp-content\\\/uploads\\\/2024\\\/09\\\/large-plastic-water-bottles45267022515.jpg\",\"contentUrl\":\"https:\\\/\\\/www.dillerbottle.com\\\/wp-content\\\/uploads\\\/2024\\\/09\\\/large-plastic-water-bottles45267022515.jpg\",\"width\":730,\"height\":730},{\"@type\":\"BreadcrumbList\",\"@id\":\"https:\\\/\\\/www.dillerbottle.com\\\/products\\\/large-plastic-water-bottles#breadcrumb\",\"itemListElement\":[{\"@type\":\"ListItem\",\"position\":1,\"name\":\"Home\",\"item\":\"https:\\\/\\\/www.dillerbottle.com\\\/\"},{\"@type\":\"ListItem\",\"position\":2,\"name\":\"Products\",\"item\":\"https:\\\/\\\/www.dillerbottle.com\\\/shop\"},{\"@type\":\"ListItem\",\"position\":3,\"name\":\"Large Plastic Water Bottles\"}]},{\"@type\":\"WebSite\",\"@id\":\"https:\\\/\\\/www.dillerbottle.com\\\/#website\",\"url\":\"https:\\\/\\\/www.dillerbottle.com\\\/\",\"name\":\"Diller Water Bottle Manufacturer\",\"description\":\"Water Bottle Manufacturer\",\"publisher\":{\"@id\":\"https:\\\/\\\/www.dillerbottle.com\\\/#organization\"},\"potentialAction\":[{\"@type\":\"SearchAction\",\"target\":{\"@type\":\"EntryPoint\",\"urlTemplate\":\"https:\\\/\\\/www.dillerbottle.com\\\/?s={search_term_string}\"},\"query-input\":{\"@type\":\"PropertyValueSpecification\",\"valueRequired\":true,\"valueName\":\"search_term_string\"}}],\"inLanguage\":\"vi\"},{\"@type\":\"Organization\",\"@id\":\"https:\\\/\\\/www.dillerbottle.com\\\/#organization\",\"name\":\"Diller Water Bottle Manufacturer\",\"url\":\"https:\\\/\\\/www.dillerbottle.com\\\/\",\"logo\":{\"@type\":\"ImageObject\",\"inLanguage\":\"vi\",\"@id\":\"https:\\\/\\\/www.dillerbottle.com\\\/#\\\/schema\\\/logo\\\/image\\\/\",\"url\":\"https:\\\/\\\/www.dillerbottle.com\\\/wp-content\\\/uploads\\\/2024\\\/09\\\/49918bfa848dcc1e9f8b509933603ac.png\",\"contentUrl\":\"https:\\\/\\\/www.dillerbottle.com\\\/wp-content\\\/uploads\\\/2024\\\/09\\\/49918bfa848dcc1e9f8b509933603ac.png\",\"width\":988,\"height\":198,\"caption\":\"Diller Water Bottle Manufacturer\"},\"image\":{\"@id\":\"https:\\\/\\\/www.dillerbottle.com\\\/#\\\/schema\\\/logo\\\/image\\\/\"}}]}<\/script>\n<!-- \/ Yoast SEO Premium plugin. -->","yoast_head_json":{"title":"Chai n\u01b0\u1edbc nh\u1ef1a l\u1edbn - Nh\u00e0 s\u1ea3n xu\u1ea5t chai n\u01b0\u1edbc Diller","description":"L\u00e0 m\u1ed9t trong nh\u1eefng nh\u00e0 s\u1ea3n xu\u1ea5t v\u00e0 cung c\u1ea5p chai n\u01b0\u1edbc nh\u1ef1a l\u1edbn t\u1ed1t nh\u1ea5t, ch\u00fang t\u00f4i tham gia s\u1ea3n xu\u1ea5t chai n\u01b0\u1edbc ch\u1ea5t l\u01b0\u1ee3ng t\u1ed1t. Ch\u00fang t\u00f4i n\u1ed3ng nhi\u1ec7t ch\u00e0o \u0111\u00f3n b\u1ea1n \u0111\u1ebfn b\u00e1n bu\u00f4n ho\u1eb7c mua chai n\u01b0\u1edbc nh\u1ef1a l\u1edbn t\u00f9y ch\u1ec9nh v\u1edbi gi\u00e1 c\u1ea1nh tranh t\u1eeb ch\u00fang t\u00f4i. Ngo\u00e0i ra, ch\u00fang t\u00f4i c\u0169ng ch\u1ea5p nh\u1eadn \u0111\u01a1n \u0111\u1eb7t h\u00e0ng s\u1ed1 l\u01b0\u1ee3ng nh\u1ecf.","robots":{"index":"index","follow":"follow","max-snippet":"max-snippet:-1","max-image-preview":"max-image-preview:large","max-video-preview":"max-video-preview:-1"},"canonical":"https:\/\/www.dillerbottle.com\/vn\/cac-san-pham\/chai-nuoc-nhua-lon","og_locale":"vi_VN","og_type":"article","og_title":"Large Plastic Water Bottles","og_description":"As one of the best large plastic water bottles manufacturers and suppliers, we are engaged in manufacturing good quality water bottles. We warmly welcome you to wholesale or buy custom made large plastic water bottles at competitive price from us. Also, small quantity orders are acceptable.","og_url":"https:\/\/www.dillerbottle.com\/vn\/cac-san-pham\/chai-nuoc-nhua-lon","og_site_name":"Diller Water Bottle Manufacturer","article_modified_time":"2025-07-09T10:02:17+00:00","og_image":[{"width":730,"height":730,"url":"https:\/\/www.dillerbottle.com\/wp-content\/uploads\/2024\/09\/large-plastic-water-bottles45267022515.jpg","type":"image\/jpeg"}],"twitter_card":"summary_large_image","twitter_misc":{"\u01af\u1edbc t\u00ednh th\u1eddi gian \u0111\u1ecdc":"3 ph\u00fat"},"schema":{"@context":"https:\/\/schema.org","@graph":[{"@type":"WebPage","@id":"https:\/\/www.dillerbottle.com\/products\/large-plastic-water-bottles","url":"https:\/\/www.dillerbottle.com\/products\/large-plastic-water-bottles","name":"Chai n\u01b0\u1edbc nh\u1ef1a l\u1edbn - Nh\u00e0 s\u1ea3n xu\u1ea5t chai n\u01b0\u1edbc Diller","isPartOf":{"@id":"https:\/\/www.dillerbottle.com\/#website"},"primaryImageOfPage":{"@id":"https:\/\/www.dillerbottle.com\/products\/large-plastic-water-bottles#primaryimage"},"image":{"@id":"https:\/\/www.dillerbottle.com\/products\/large-plastic-water-bottles#primaryimage"},"thumbnailUrl":"https:\/\/www.dillerbottle.com\/wp-content\/uploads\/2024\/09\/large-plastic-water-bottles45267022515.jpg","datePublished":"2024-09-27T10:01:30+00:00","dateModified":"2025-07-09T10:02:17+00:00","description":"L\u00e0 m\u1ed9t trong nh\u1eefng nh\u00e0 s\u1ea3n xu\u1ea5t v\u00e0 cung c\u1ea5p chai n\u01b0\u1edbc nh\u1ef1a l\u1edbn t\u1ed1t nh\u1ea5t, ch\u00fang t\u00f4i tham gia s\u1ea3n xu\u1ea5t chai n\u01b0\u1edbc ch\u1ea5t l\u01b0\u1ee3ng t\u1ed1t. Ch\u00fang t\u00f4i n\u1ed3ng nhi\u1ec7t ch\u00e0o \u0111\u00f3n b\u1ea1n \u0111\u1ebfn b\u00e1n bu\u00f4n ho\u1eb7c mua chai n\u01b0\u1edbc nh\u1ef1a l\u1edbn t\u00f9y ch\u1ec9nh v\u1edbi gi\u00e1 c\u1ea1nh tranh t\u1eeb ch\u00fang t\u00f4i. Ngo\u00e0i ra, ch\u00fang t\u00f4i c\u0169ng ch\u1ea5p nh\u1eadn \u0111\u01a1n \u0111\u1eb7t h\u00e0ng s\u1ed1 l\u01b0\u1ee3ng nh\u1ecf.","breadcrumb":{"@id":"https:\/\/www.dillerbottle.com\/products\/large-plastic-water-bottles#breadcrumb"},"inLanguage":"vi","potentialAction":[{"@type":"ReadAction","target":["https:\/\/www.dillerbottle.com\/products\/large-plastic-water-bottles"]}]},{"@type":"ImageObject","inLanguage":"vi","@id":"https:\/\/www.dillerbottle.com\/products\/large-plastic-water-bottles#primaryimage","url":"https:\/\/www.dillerbottle.com\/wp-content\/uploads\/2024\/09\/large-plastic-water-bottles45267022515.jpg","contentUrl":"https:\/\/www.dillerbottle.com\/wp-content\/uploads\/2024\/09\/large-plastic-water-bottles45267022515.jpg","width":730,"height":730},{"@type":"BreadcrumbList","@id":"https:\/\/www.dillerbottle.com\/products\/large-plastic-water-bottles#breadcrumb","itemListElement":[{"@type":"ListItem","position":1,"name":"Home","item":"https:\/\/www.dillerbottle.com\/"},{"@type":"ListItem","position":2,"name":"Products","item":"https:\/\/www.dillerbottle.com\/shop"},{"@type":"ListItem","position":3,"name":"Large Plastic Water Bottles"}]},{"@type":"WebSite","@id":"https:\/\/www.dillerbottle.com\/#website","url":"https:\/\/www.dillerbottle.com\/","name":"Nh\u00e0 s\u1ea3n xu\u1ea5t b\u00ecnh n\u01b0\u1edbc Diller","description":"Nh\u00e0 s\u1ea3n xu\u1ea5t b\u00ecnh n\u01b0\u1edbc","publisher":{"@id":"https:\/\/www.dillerbottle.com\/#organization"},"potentialAction":[{"@type":"SearchAction","target":{"@type":"EntryPoint","urlTemplate":"https:\/\/www.dillerbottle.com\/?s={search_term_string}"},"query-input":{"@type":"PropertyValueSpecification","valueRequired":true,"valueName":"search_term_string"}}],"inLanguage":"vi"},{"@type":"Organization","@id":"https:\/\/www.dillerbottle.com\/#organization","name":"Nh\u00e0 s\u1ea3n xu\u1ea5t b\u00ecnh n\u01b0\u1edbc Diller","url":"https:\/\/www.dillerbottle.com\/","logo":{"@type":"ImageObject","inLanguage":"vi","@id":"https:\/\/www.dillerbottle.com\/#\/schema\/logo\/image\/","url":"https:\/\/www.dillerbottle.com\/wp-content\/uploads\/2024\/09\/49918bfa848dcc1e9f8b509933603ac.png","contentUrl":"https:\/\/www.dillerbottle.com\/wp-content\/uploads\/2024\/09\/49918bfa848dcc1e9f8b509933603ac.png","width":988,"height":198,"caption":"Diller Water Bottle Manufacturer"},"image":{"@id":"https:\/\/www.dillerbottle.com\/#\/schema\/logo\/image\/"}}]}},"_links":{"self":[{"href":"https:\/\/www.dillerbottle.com\/vn\/wp-json\/wp\/v2\/product\/5780","targetHints":{"allow":["GET"]}}],"collection":[{"href":"https:\/\/www.dillerbottle.com\/vn\/wp-json\/wp\/v2\/product"}],"about":[{"href":"https:\/\/www.dillerbottle.com\/vn\/wp-json\/wp\/v2\/types\/product"}],"replies":[{"embeddable":true,"href":"https:\/\/www.dillerbottle.com\/vn\/wp-json\/wp\/v2\/comments?post=5780"}],"wp:featuredmedia":[{"embeddable":true,"href":"https:\/\/www.dillerbottle.com\/vn\/wp-json\/wp\/v2\/media\/5781"}],"wp:attachment":[{"href":"https:\/\/www.dillerbottle.com\/vn\/wp-json\/wp\/v2\/media?parent=5780"}],"wp:term":[{"taxonomy":"product_brand","embeddable":true,"href":"https:\/\/www.dillerbottle.com\/vn\/wp-json\/wp\/v2\/product_brand?post=5780"},{"taxonomy":"product_cat","embeddable":true,"href":"https:\/\/www.dillerbottle.com\/vn\/wp-json\/wp\/v2\/product_cat?post=5780"},{"taxonomy":"product_tag","embeddable":true,"href":"https:\/\/www.dillerbottle.com\/vn\/wp-json\/wp\/v2\/product_tag?post=5780"}],"curies":[{"name":"wp","href":"https:\/\/api.w.org\/{rel}","templated":true}]}}