{"id":5895,"date":"2024-09-27T18:02:41","date_gmt":"2024-09-27T10:02:41","guid":{"rendered":"https:\/\/demo.dillerbottle.com\/uncategorized\/small-plastic-water-bottles"},"modified":"2025-07-09T18:01:07","modified_gmt":"2025-07-09T10:01:07","slug":"chai-nuoc-nhua-nho","status":"publish","type":"product","link":"https:\/\/www.dillerbottle.com\/vn\/products\/small-plastic-water-bottles","title":{"rendered":"Chai n\u01b0\u1edbc nh\u1ef1a nh\u1ecf"},"content":{"rendered":"<p>\u0110\u1eb7c \u0111i\u1ec3m c\u1ee7a b\u00ecnh \u0111\u1ef1ng n\u01b0\u1edbc nh\u1ef1a nh\u1ecf: 1. B\u00ecnh \u0111\u1ef1ng n\u01b0\u1edbc nh\u1ef1a nh\u1ecf n\u00e0y \u0111\u01b0\u1ee3c l\u00e0m b\u1eb1ng nh\u1ef1a tritan c\u1ea5p th\u1ef1c ph\u1ea9m, v\u1eadt li\u1ec7u kh\u00f4ng \u0111\u1ed9c h\u1ea1i v\u00e0 th\u00e2n thi\u1ec7n v\u1edbi m\u00f4i tr\u01b0\u1eddng, l\u00fd t\u01b0\u1edfng \u0111\u1ec3 thay th\u1ebf cho h\u1ed9p \u0111\u1ef1ng n\u01b0\u1edbc \u0111\u00f3ng chai ho\u1eb7c n\u01b0\u1edbc tr\u00e1i c\u00e2y d\u00f9ng m\u1ed9t l\u1ea7n g\u00e2y l\u00e3ng ph\u00ed.<br \/>\n2.;Nh\u1eefng chai n\u01b0\u1edbc nh\u1ef1a nh\u1ecf n\u00e0y bao g\u1ed3m 6 m\u00e0u s\u1eafc t\u01b0\u01a1i s\u00e1ng.;<br \/>\n3.; \u0110\u1ed5 \u0111\u1ea7y n\u01b0\u1edbc, n\u01b0\u1edbc tr\u00e1i c\u00e2y ho\u1eb7c s\u1eefa v\u00e0o m\u1ed7i chai n\u01b0\u1edbc nh\u1ecf 300ML. V\u1eb7n ch\u1eb7t n\u1eafp ch\u1ed1ng r\u00f2 r\u1ec9 v\u00e0 c\u1ea5t trong t\u1ee7 l\u1ea1nh. L\u1ea5y ra v\u00e0 mang \u0111i khi c\u1ea7n.<br \/>\n4.;B\u00ecnh n\u01b0\u1edbc nh\u1ef1a nh\u1ecf 300ML c\u00f3 h\u00ecnh d\u1ea1ng h\u1ee3p l\u00fd, ho\u00e0n h\u1ea3o cho tr\u1ebb em, ng\u01b0\u1eddi l\u1edbn, b\u00e9 trai v\u00e0 b\u00e9 g\u00e1i. Mi\u1ec7ng b\u00ecnh r\u1ed9ng d\u1ec5 d\u00e0ng \u0111\u1ed5 \u0111\u1ea7y \u0111\u00e1\/tr\u00e1i c\u00e2y v\u00e0 d\u1ec5 v\u1ec7 sinh h\u01a1n nhi\u1ec1u.<\/p>","protected":false},"excerpt":{"rendered":"<p>\u0110\u1eb7c \u0111i\u1ec3m c\u1ee7a chai n\u01b0\u1edbc nh\u1ef1a nh\u1ecf: 1.<br \/>\nB\u00ecnh \u0111\u1ef1ng n\u01b0\u1edbc b\u1eb1ng nh\u1ef1a nh\u1ecf n\u00e0y \u0111\u01b0\u1ee3c l\u00e0m b\u1eb1ng nh\u1ef1a tritan c\u1ea5p th\u1ef1c ph\u1ea9m, kh\u00f4ng \u0111\u1ed9c h\u1ea1i v\u00e0 th\u00e2n thi\u1ec7n v\u1edbi m\u00f4i tr\u01b0\u1eddng, l\u00e0 s\u1ea3n ph\u1ea9m l\u00fd t\u01b0\u1edfng \u0111\u1ec3 thay th\u1ebf cho h\u1ed9p \u0111\u1ef1ng n\u01b0\u1edbc \u0111\u00f3ng chai ho\u1eb7c n\u01b0\u1edbc tr\u00e1i c\u00e2y d\u00f9ng m\u1ed9t l\u1ea7n g\u00e2y l\u00e3ng ph\u00ed.<br \/>\n2.<br \/>\nNh\u1eefng chai n\u01b0\u1edbc nh\u1ef1a nh\u1ecf n\u00e0y bao g\u1ed3m 6 m\u00e0u s\u1eafc t\u01b0\u01a1i s\u00e1ng.<\/p>","protected":false},"featured_media":5896,"comment_status":"open","ping_status":"closed","template":"","meta":{"_acf_changed":false},"product_brand":[],"product_cat":[309],"product_tag":[32,36,33,388,31,39,395,38,29,37,362,401,329,34,35,490,28,491,30],"class_list":{"0":"post-5895","1":"product","2":"type-product","3":"status-publish","4":"has-post-thumbnail","6":"product_cat-plastic-water-bottle","7":"product_tag-best","8":"product_tag-bulk","9":"product_tag-buy","10":"product_tag-creative-water-bottle","11":"product_tag-custom","12":"product_tag-for-sale","13":"product_tag-gallon-water-bottle-motivational","14":"product_tag-good-quality","15":"product_tag-manufacturers","16":"product_tag-manufacturing","17":"product_tag-mouth-plastic-water-bottle-sport-travel-bottle","18":"product_tag-plastic-water-bottle-cute-plastic-water-bottle","19":"product_tag-plastic-wide-mouth-pink-water-bottle-sports-bottle","20":"product_tag-price","21":"product_tag-small","22":"product_tag-small-plastic-water-bottles","23":"product_tag-suppliers","24":"product_tag-tritan-water-bottle-with-straw","25":"product_tag-wholesale","27":"first","28":"instock","29":"shipping-taxable","30":"product-type-simple"},"acf":[],"yoast_head":"<!-- This site is optimized with the Yoast SEO Premium plugin v27.5 (Yoast SEO v27.5) - https:\/\/yoast.com\/product\/yoast-seo-premium-wordpress\/ -->\n<title>Small Plastic Water Bottles - Diller Water Bottle Manufacturer<\/title>\n<meta name=\"description\" content=\"As one of the best small plastic water bottles manufacturers and suppliers, we are engaged in manufacturing good quality water bottles. We warmly welcome you to wholesale or buy custom made small plastic water bottles at competitive price from us. Also, small quantity orders are acceptable.\" \/>\n<meta name=\"robots\" content=\"index, follow, max-snippet:-1, max-image-preview:large, max-video-preview:-1\" \/>\n<link rel=\"canonical\" href=\"https:\/\/www.dillerbottle.com\/vn\/cac-san-pham\/chai-nuoc-nhua-nho\" \/>\n<meta property=\"og:locale\" content=\"vi_VN\" \/>\n<meta property=\"og:type\" content=\"article\" \/>\n<meta property=\"og:title\" content=\"Small Plastic Water Bottles\" \/>\n<meta property=\"og:description\" content=\"As one of the best small plastic water bottles manufacturers and suppliers, we are engaged in manufacturing good quality water bottles. We warmly welcome you to wholesale or buy custom made small plastic water bottles at competitive price from us. Also, small quantity orders are acceptable.\" \/>\n<meta property=\"og:url\" content=\"https:\/\/www.dillerbottle.com\/vn\/cac-san-pham\/chai-nuoc-nhua-nho\" \/>\n<meta property=\"og:site_name\" content=\"Diller Water Bottle Manufacturer\" \/>\n<meta property=\"article:modified_time\" content=\"2025-07-09T10:01:07+00:00\" \/>\n<meta property=\"og:image\" content=\"https:\/\/www.dillerbottle.com\/wp-content\/uploads\/2024\/09\/small-plastic-water-bottles3f36cc4a-32fe-4af0-af02-097765f570dc.jpg\" \/>\n\t<meta property=\"og:image:width\" content=\"730\" \/>\n\t<meta property=\"og:image:height\" content=\"730\" \/>\n\t<meta property=\"og:image:type\" content=\"image\/jpeg\" \/>\n<meta name=\"twitter:card\" content=\"summary_large_image\" \/>\n<meta name=\"twitter:label1\" content=\"\u01af\u1edbc t\u00ednh th\u1eddi gian \u0111\u1ecdc\" \/>\n\t<meta name=\"twitter:data1\" content=\"4 ph\u00fat\" \/>\n<script type=\"application\/ld+json\" class=\"yoast-schema-graph\">{\"@context\":\"https:\\\/\\\/schema.org\",\"@graph\":[{\"@type\":\"WebPage\",\"@id\":\"https:\\\/\\\/www.dillerbottle.com\\\/my\\\/produk\\\/botol-air-plastik-kecil\",\"url\":\"https:\\\/\\\/www.dillerbottle.com\\\/my\\\/produk\\\/botol-air-plastik-kecil\",\"name\":\"Small Plastic Water Bottles - Diller Water Bottle Manufacturer\",\"isPartOf\":{\"@id\":\"https:\\\/\\\/www.dillerbottle.com\\\/#website\"},\"primaryImageOfPage\":{\"@id\":\"https:\\\/\\\/www.dillerbottle.com\\\/my\\\/produk\\\/botol-air-plastik-kecil#primaryimage\"},\"image\":{\"@id\":\"https:\\\/\\\/www.dillerbottle.com\\\/my\\\/produk\\\/botol-air-plastik-kecil#primaryimage\"},\"thumbnailUrl\":\"https:\\\/\\\/www.dillerbottle.com\\\/wp-content\\\/uploads\\\/2024\\\/09\\\/small-plastic-water-bottles3f36cc4a-32fe-4af0-af02-097765f570dc.jpg\",\"datePublished\":\"2024-09-27T10:02:41+00:00\",\"dateModified\":\"2025-07-09T10:01:07+00:00\",\"description\":\"As one of the best small plastic water bottles manufacturers and suppliers, we are engaged in manufacturing good quality water bottles. We warmly welcome you to wholesale or buy custom made small plastic water bottles at competitive price from us. Also, small quantity orders are acceptable.\",\"breadcrumb\":{\"@id\":\"https:\\\/\\\/www.dillerbottle.com\\\/my\\\/produk\\\/botol-air-plastik-kecil#breadcrumb\"},\"inLanguage\":\"vi\",\"potentialAction\":[{\"@type\":\"ReadAction\",\"target\":[\"https:\\\/\\\/www.dillerbottle.com\\\/my\\\/produk\\\/botol-air-plastik-kecil\"]}]},{\"@type\":\"ImageObject\",\"inLanguage\":\"vi\",\"@id\":\"https:\\\/\\\/www.dillerbottle.com\\\/my\\\/produk\\\/botol-air-plastik-kecil#primaryimage\",\"url\":\"https:\\\/\\\/www.dillerbottle.com\\\/wp-content\\\/uploads\\\/2024\\\/09\\\/small-plastic-water-bottles3f36cc4a-32fe-4af0-af02-097765f570dc.jpg\",\"contentUrl\":\"https:\\\/\\\/www.dillerbottle.com\\\/wp-content\\\/uploads\\\/2024\\\/09\\\/small-plastic-water-bottles3f36cc4a-32fe-4af0-af02-097765f570dc.jpg\",\"width\":730,\"height\":730},{\"@type\":\"BreadcrumbList\",\"@id\":\"https:\\\/\\\/www.dillerbottle.com\\\/my\\\/produk\\\/botol-air-plastik-kecil#breadcrumb\",\"itemListElement\":[{\"@type\":\"ListItem\",\"position\":1,\"name\":\"Home\",\"item\":\"https:\\\/\\\/www.dillerbottle.com\\\/\"},{\"@type\":\"ListItem\",\"position\":2,\"name\":\"Products\",\"item\":\"https:\\\/\\\/www.dillerbottle.com\\\/shop\"},{\"@type\":\"ListItem\",\"position\":3,\"name\":\"Small Plastic Water Bottles\"}]},{\"@type\":\"WebSite\",\"@id\":\"https:\\\/\\\/www.dillerbottle.com\\\/#website\",\"url\":\"https:\\\/\\\/www.dillerbottle.com\\\/\",\"name\":\"Diller Water Bottle Manufacturer\",\"description\":\"Water Bottle Manufacturer\",\"publisher\":{\"@id\":\"https:\\\/\\\/www.dillerbottle.com\\\/#organization\"},\"potentialAction\":[{\"@type\":\"SearchAction\",\"target\":{\"@type\":\"EntryPoint\",\"urlTemplate\":\"https:\\\/\\\/www.dillerbottle.com\\\/?s={search_term_string}\"},\"query-input\":{\"@type\":\"PropertyValueSpecification\",\"valueRequired\":true,\"valueName\":\"search_term_string\"}}],\"inLanguage\":\"vi\"},{\"@type\":\"Organization\",\"@id\":\"https:\\\/\\\/www.dillerbottle.com\\\/#organization\",\"name\":\"Diller Water Bottle Manufacturer\",\"url\":\"https:\\\/\\\/www.dillerbottle.com\\\/\",\"logo\":{\"@type\":\"ImageObject\",\"inLanguage\":\"vi\",\"@id\":\"https:\\\/\\\/www.dillerbottle.com\\\/#\\\/schema\\\/logo\\\/image\\\/\",\"url\":\"https:\\\/\\\/www.dillerbottle.com\\\/wp-content\\\/uploads\\\/2024\\\/09\\\/49918bfa848dcc1e9f8b509933603ac.png\",\"contentUrl\":\"https:\\\/\\\/www.dillerbottle.com\\\/wp-content\\\/uploads\\\/2024\\\/09\\\/49918bfa848dcc1e9f8b509933603ac.png\",\"width\":988,\"height\":198,\"caption\":\"Diller Water Bottle Manufacturer\"},\"image\":{\"@id\":\"https:\\\/\\\/www.dillerbottle.com\\\/#\\\/schema\\\/logo\\\/image\\\/\"}}]}<\/script>\n<!-- \/ Yoast SEO Premium plugin. -->","yoast_head_json":{"title":"Chai n\u01b0\u1edbc nh\u1ef1a nh\u1ecf - Nh\u00e0 s\u1ea3n xu\u1ea5t chai n\u01b0\u1edbc Diller","description":"L\u00e0 m\u1ed9t trong nh\u1eefng nh\u00e0 s\u1ea3n xu\u1ea5t v\u00e0 cung c\u1ea5p chai n\u01b0\u1edbc nh\u1ef1a nh\u1ecf t\u1ed1t nh\u1ea5t, ch\u00fang t\u00f4i tham gia s\u1ea3n xu\u1ea5t chai n\u01b0\u1edbc ch\u1ea5t l\u01b0\u1ee3ng t\u1ed1t. Ch\u00fang t\u00f4i n\u1ed3ng nhi\u1ec7t ch\u00e0o \u0111\u00f3n b\u1ea1n \u0111\u1ebfn b\u00e1n bu\u00f4n ho\u1eb7c mua chai n\u01b0\u1edbc nh\u1ef1a nh\u1ecf t\u00f9y ch\u1ec9nh v\u1edbi gi\u00e1 c\u1ea1nh tranh t\u1eeb ch\u00fang t\u00f4i. Ngo\u00e0i ra, ch\u00fang t\u00f4i ch\u1ea5p nh\u1eadn \u0111\u01a1n \u0111\u1eb7t h\u00e0ng s\u1ed1 l\u01b0\u1ee3ng nh\u1ecf.","robots":{"index":"index","follow":"follow","max-snippet":"max-snippet:-1","max-image-preview":"max-image-preview:large","max-video-preview":"max-video-preview:-1"},"canonical":"https:\/\/www.dillerbottle.com\/vn\/cac-san-pham\/chai-nuoc-nhua-nho","og_locale":"vi_VN","og_type":"article","og_title":"Small Plastic Water Bottles","og_description":"As one of the best small plastic water bottles manufacturers and suppliers, we are engaged in manufacturing good quality water bottles. We warmly welcome you to wholesale or buy custom made small plastic water bottles at competitive price from us. Also, small quantity orders are acceptable.","og_url":"https:\/\/www.dillerbottle.com\/vn\/cac-san-pham\/chai-nuoc-nhua-nho","og_site_name":"Diller Water Bottle Manufacturer","article_modified_time":"2025-07-09T10:01:07+00:00","og_image":[{"width":730,"height":730,"url":"https:\/\/www.dillerbottle.com\/wp-content\/uploads\/2024\/09\/small-plastic-water-bottles3f36cc4a-32fe-4af0-af02-097765f570dc.jpg","type":"image\/jpeg"}],"twitter_card":"summary_large_image","twitter_misc":{"\u01af\u1edbc t\u00ednh th\u1eddi gian \u0111\u1ecdc":"4 ph\u00fat"},"schema":{"@context":"https:\/\/schema.org","@graph":[{"@type":"WebPage","@id":"https:\/\/www.dillerbottle.com\/my\/produk\/botol-air-plastik-kecil","url":"https:\/\/www.dillerbottle.com\/my\/produk\/botol-air-plastik-kecil","name":"Chai n\u01b0\u1edbc nh\u1ef1a nh\u1ecf - Nh\u00e0 s\u1ea3n xu\u1ea5t chai n\u01b0\u1edbc Diller","isPartOf":{"@id":"https:\/\/www.dillerbottle.com\/#website"},"primaryImageOfPage":{"@id":"https:\/\/www.dillerbottle.com\/my\/produk\/botol-air-plastik-kecil#primaryimage"},"image":{"@id":"https:\/\/www.dillerbottle.com\/my\/produk\/botol-air-plastik-kecil#primaryimage"},"thumbnailUrl":"https:\/\/www.dillerbottle.com\/wp-content\/uploads\/2024\/09\/small-plastic-water-bottles3f36cc4a-32fe-4af0-af02-097765f570dc.jpg","datePublished":"2024-09-27T10:02:41+00:00","dateModified":"2025-07-09T10:01:07+00:00","description":"L\u00e0 m\u1ed9t trong nh\u1eefng nh\u00e0 s\u1ea3n xu\u1ea5t v\u00e0 cung c\u1ea5p chai n\u01b0\u1edbc nh\u1ef1a nh\u1ecf t\u1ed1t nh\u1ea5t, ch\u00fang t\u00f4i tham gia s\u1ea3n xu\u1ea5t chai n\u01b0\u1edbc ch\u1ea5t l\u01b0\u1ee3ng t\u1ed1t. Ch\u00fang t\u00f4i n\u1ed3ng nhi\u1ec7t ch\u00e0o \u0111\u00f3n b\u1ea1n \u0111\u1ebfn b\u00e1n bu\u00f4n ho\u1eb7c mua chai n\u01b0\u1edbc nh\u1ef1a nh\u1ecf t\u00f9y ch\u1ec9nh v\u1edbi gi\u00e1 c\u1ea1nh tranh t\u1eeb ch\u00fang t\u00f4i. Ngo\u00e0i ra, ch\u00fang t\u00f4i ch\u1ea5p nh\u1eadn \u0111\u01a1n \u0111\u1eb7t h\u00e0ng s\u1ed1 l\u01b0\u1ee3ng nh\u1ecf.","breadcrumb":{"@id":"https:\/\/www.dillerbottle.com\/my\/produk\/botol-air-plastik-kecil#breadcrumb"},"inLanguage":"vi","potentialAction":[{"@type":"ReadAction","target":["https:\/\/www.dillerbottle.com\/my\/produk\/botol-air-plastik-kecil"]}]},{"@type":"ImageObject","inLanguage":"vi","@id":"https:\/\/www.dillerbottle.com\/my\/produk\/botol-air-plastik-kecil#primaryimage","url":"https:\/\/www.dillerbottle.com\/wp-content\/uploads\/2024\/09\/small-plastic-water-bottles3f36cc4a-32fe-4af0-af02-097765f570dc.jpg","contentUrl":"https:\/\/www.dillerbottle.com\/wp-content\/uploads\/2024\/09\/small-plastic-water-bottles3f36cc4a-32fe-4af0-af02-097765f570dc.jpg","width":730,"height":730},{"@type":"BreadcrumbList","@id":"https:\/\/www.dillerbottle.com\/my\/produk\/botol-air-plastik-kecil#breadcrumb","itemListElement":[{"@type":"ListItem","position":1,"name":"Home","item":"https:\/\/www.dillerbottle.com\/"},{"@type":"ListItem","position":2,"name":"Products","item":"https:\/\/www.dillerbottle.com\/shop"},{"@type":"ListItem","position":3,"name":"Small Plastic Water Bottles"}]},{"@type":"WebSite","@id":"https:\/\/www.dillerbottle.com\/#website","url":"https:\/\/www.dillerbottle.com\/","name":"Nh\u00e0 s\u1ea3n xu\u1ea5t b\u00ecnh n\u01b0\u1edbc Diller","description":"Nh\u00e0 s\u1ea3n xu\u1ea5t b\u00ecnh n\u01b0\u1edbc","publisher":{"@id":"https:\/\/www.dillerbottle.com\/#organization"},"potentialAction":[{"@type":"SearchAction","target":{"@type":"EntryPoint","urlTemplate":"https:\/\/www.dillerbottle.com\/?s={search_term_string}"},"query-input":{"@type":"PropertyValueSpecification","valueRequired":true,"valueName":"search_term_string"}}],"inLanguage":"vi"},{"@type":"Organization","@id":"https:\/\/www.dillerbottle.com\/#organization","name":"Nh\u00e0 s\u1ea3n xu\u1ea5t b\u00ecnh n\u01b0\u1edbc Diller","url":"https:\/\/www.dillerbottle.com\/","logo":{"@type":"ImageObject","inLanguage":"vi","@id":"https:\/\/www.dillerbottle.com\/#\/schema\/logo\/image\/","url":"https:\/\/www.dillerbottle.com\/wp-content\/uploads\/2024\/09\/49918bfa848dcc1e9f8b509933603ac.png","contentUrl":"https:\/\/www.dillerbottle.com\/wp-content\/uploads\/2024\/09\/49918bfa848dcc1e9f8b509933603ac.png","width":988,"height":198,"caption":"Diller Water Bottle Manufacturer"},"image":{"@id":"https:\/\/www.dillerbottle.com\/#\/schema\/logo\/image\/"}}]}},"_links":{"self":[{"href":"https:\/\/www.dillerbottle.com\/vn\/wp-json\/wp\/v2\/product\/5895","targetHints":{"allow":["GET"]}}],"collection":[{"href":"https:\/\/www.dillerbottle.com\/vn\/wp-json\/wp\/v2\/product"}],"about":[{"href":"https:\/\/www.dillerbottle.com\/vn\/wp-json\/wp\/v2\/types\/product"}],"replies":[{"embeddable":true,"href":"https:\/\/www.dillerbottle.com\/vn\/wp-json\/wp\/v2\/comments?post=5895"}],"wp:featuredmedia":[{"embeddable":true,"href":"https:\/\/www.dillerbottle.com\/vn\/wp-json\/wp\/v2\/media\/5896"}],"wp:attachment":[{"href":"https:\/\/www.dillerbottle.com\/vn\/wp-json\/wp\/v2\/media?parent=5895"}],"wp:term":[{"taxonomy":"product_brand","embeddable":true,"href":"https:\/\/www.dillerbottle.com\/vn\/wp-json\/wp\/v2\/product_brand?post=5895"},{"taxonomy":"product_cat","embeddable":true,"href":"https:\/\/www.dillerbottle.com\/vn\/wp-json\/wp\/v2\/product_cat?post=5895"},{"taxonomy":"product_tag","embeddable":true,"href":"https:\/\/www.dillerbottle.com\/vn\/wp-json\/wp\/v2\/product_tag?post=5895"}],"curies":[{"name":"wp","href":"https:\/\/api.w.org\/{rel}","templated":true}]}}