{"id":6006,"date":"2024-09-27T18:03:49","date_gmt":"2024-09-27T10:03:49","guid":{"rendered":"https:\/\/demo.dillerbottle.com\/uncategorized\/square-frosted-water-bottle"},"modified":"2025-07-09T17:56:33","modified_gmt":"2025-07-09T09:56:33","slug":"binh-dung-nuoc-vuong-mo","status":"publish","type":"product","link":"https:\/\/www.dillerbottle.com\/vn\/products\/square-frosted-water-bottle","title":{"rendered":"B\u00ecnh n\u01b0\u1edbc vu\u00f4ng m\u1edd"},"content":{"rendered":"<p>Ch\u00fa \u00fd<\/p>\n<p>1. Kh\u00f4ng ti\u1ec7t tr\u00f9ng b\u1eb1ng h\u01a1i n\u01b0\u1edbc ho\u1eb7c \u0111un s\u00f4i v\u00ec s\u1ebd l\u00e0m bi\u1ebfn d\u1ea1ng n\u1eafp c\u1ed1c.<\/p>\n<p>2. Ng\u00e2m trong n\u01b0\u1edbc mu\u1ed1i \u1ea5m 70 \u00b0C ho\u1eb7c r\u1eeda b\u1eb1ng kem \u0111\u00e1nh r\u0103ng.<\/p>\n<p>3. Kh\u00f4ng n\u00ean cho chai n\u01b0\u1edbc c\u00f3 n\u1eafp \u0111\u1eady b\u1eb1ng nh\u1ef1a v\u00e0o l\u00f2 vi s\u00f3ng \u0111\u1ec3 h\u00e2m n\u00f3ng, v\u00ec \u0111i\u1ec1u n\u00e0y c\u00f3 th\u1ec3 g\u00e2y h\u01b0 h\u1ecfng cho chai.<\/p>\n<p>4. Vui l\u00f2ng tu\u00e2n th\u1ee7 nghi\u00eam ng\u1eb7t c\u00e1c h\u01b0\u1edbng d\u1eabn trong s\u00e1ch h\u01b0\u1edbng d\u1eabn s\u1ea3n ph\u1ea9m.<\/p>\n<p>1. PC c\u1ea5p th\u1ef1c ph\u1ea9m kh\u00f4ng ch\u1ee9a BPA mang l\u1ea1i s\u1ef1 an to\u00e0n v\u00e0 \u0111\u1ed9 b\u1ec1n c\u01a1 h\u1ecdc cao. V\u00f2ng silicon c\u1ea5p th\u1ef1c ph\u1ea9m trong n\u1eafp c\u00f3 kh\u1ea3 n\u0103ng ch\u1ed1ng r\u00f2 r\u1ec9 360 \u0111\u1ed9.<\/p>\n<p>2. V\u1edbi d\u00e2y nylon g\u1ea5p g\u1ecdn, vi\u1ec7c mang theo khi \u0111i ra ngo\u00e0i ho\u1eb7c tham gia c\u00e1c ho\u1ea1t \u0111\u1ed9ng th\u1ec3 thao tr\u1edf n\u00ean d\u1ec5 d\u00e0ng. Ph\u00f9 h\u1ee3p cho m\u1ecdi lo\u1ea1i ho\u1ea1t \u0111\u1ed9ng ngo\u00e0i tr\u1eddi v\u00e0 trong nh\u00e0.<\/p>\n<p>3. B\u00ecnh \u0111\u1ef1ng n\u01b0\u1edbc vu\u00f4ng c\u00f3 v\u1ea1ch chia dung t\u00edch ch\u00ednh x\u00e1c.<\/p>\n<p>4. B\u1ec1 m\u1eb7t m\u1edd t\u1ea1o c\u1ea3m gi\u00e1c c\u1ea7m n\u1eafm ch\u1ed1ng tr\u01b0\u1ee3t v\u00e0 tho\u1ea3i m\u00e1i h\u01a1n.<\/p>\n<p>B\u1ea1n c\u00f3 mu\u1ed1n mua b\u00ecnh \u0111\u1ef1ng n\u01b0\u1edbc h\u00ecnh vu\u00f4ng c\u00f3 ph\u1ee7 s\u01b0\u01a1ng kh\u00f4ng? B\u1ea1n c\u00f3 th\u1ec3 ch\u1ecdn c\u00f4ng ty ch\u00fang t\u00f4i.<\/p>","protected":false},"excerpt":{"rendered":"<p>B\u00ecnh \u0111\u1ef1ng n\u01b0\u1edbc vu\u00f4ng m\u1edd n\u00e0y \u0111\u01b0\u1ee3c l\u00e0m t\u1eeb v\u1eadt li\u1ec7u PC b\u1ec1n v\u00e0 v\u1eadt li\u1ec7u an to\u00e0n th\u1ef1c ph\u1ea9m.<br \/>\nD\u00e2y c\u1ee7a n\u1eafp c\u1ed1c ti\u1ec7n l\u1ee3i h\u01a1n khi mang ra ngo\u00e0i.<br \/>\nV\u00f2ng \u0111\u1ec7m c\u1ee7a n\u1eafp c\u1ed1c s\u1ebd kh\u00f4ng b\u1ecb r\u00f2 r\u1ec9 \u1edf nhi\u1ec7t \u0111\u1ed9 360\u2103.<br \/>\nB\u1ec1 m\u1eb7t m\u1edd t\u1ea1o c\u1ea3m gi\u00e1c c\u1ea7m n\u1eafm ch\u1ed1ng tr\u01b0\u1ee3t v\u00e0 tho\u1ea3i m\u00e1i h\u01a1n.<br \/>\nTh\u00edch h\u1ee3p cho m\u1ecdi ho\u1ea1t \u0111\u1ed9ng ngo\u00e0i tr\u1eddi v\u00e0 trong nh\u00e0.<br \/>\nCh\u1ea5p nh\u1eadn OEM v\u00e0 ODM.<br \/>\nCh\u00fang t\u00f4i c\u00f3 th\u1ec3 t\u00f9y ch\u1ec9nh b\u00ecnh \u0111\u1ef1ng n\u01b0\u1edbc th\u1ec3 thao b\u1eb1ng nh\u1ef1a theo y\u00eau c\u1ea7u c\u1ee7a b\u1ea1n.<br \/>\nCh\u00e0o m\u1eebng b\u1ea1n \u0111\u1ebfn mua s\u1ec9, h\u00e3y g\u1eedi y\u00eau c\u1ea7u ngay!<\/p>","protected":false},"featured_media":6007,"comment_status":"open","ping_status":"closed","template":"","meta":{"_acf_changed":false},"product_brand":[],"product_cat":[309],"product_tag":[32,36,33,31,39,43,38,29,37,42,45,34,35,27,41,28,44,40,30],"class_list":{"0":"post-6006","1":"product","2":"type-product","3":"status-publish","4":"has-post-thumbnail","6":"product_cat-plastic-water-bottle","7":"product_tag-best","8":"product_tag-bulk","9":"product_tag-buy","10":"product_tag-custom","11":"product_tag-for-sale","12":"product_tag-fruit-infuser-water-bottle","13":"product_tag-good-quality","14":"product_tag-manufacturers","15":"product_tag-manufacturing","16":"product_tag-plastic-water-bottles","17":"product_tag-plastic-water-drinking-bottle","18":"product_tag-price","19":"product_tag-small","20":"product_tag-square-frosted-water-bottle","21":"product_tag-strap-gym-motivational-sports-water-bottle","22":"product_tag-suppliers","23":"product_tag-transparent-with-time-scale-water-bottle","24":"product_tag-water-bottle-gym","25":"product_tag-wholesale","27":"first","28":"instock","29":"shipping-taxable","30":"product-type-simple"},"acf":[],"yoast_head":"<!-- This site is optimized with the Yoast SEO Premium plugin v27.5 (Yoast SEO v27.5) - https:\/\/yoast.com\/product\/yoast-seo-premium-wordpress\/ -->\n<title>Square Frosted Water Bottle - Diller Water Bottle Manufacturer<\/title>\n<meta name=\"description\" content=\"As one of the best Square Frosted Water Bottle manufacturers and suppliers, we are engaged in manufacturing good quality water bottles. We warmly welcome you to wholesale or buy custom made Square Frosted Water Bottle at competitive price from us. Also, small quantity orders are acceptable.\" \/>\n<meta name=\"robots\" content=\"index, follow, max-snippet:-1, max-image-preview:large, max-video-preview:-1\" \/>\n<link rel=\"canonical\" href=\"https:\/\/www.dillerbottle.com\/vn\/cac-san-pham\/binh-dung-nuoc-vuong-mo\" \/>\n<meta property=\"og:locale\" content=\"vi_VN\" \/>\n<meta property=\"og:type\" content=\"article\" \/>\n<meta property=\"og:title\" content=\"Square Frosted Water Bottle\" \/>\n<meta property=\"og:description\" content=\"As one of the best Square Frosted Water Bottle manufacturers and suppliers, we are engaged in manufacturing good quality water bottles. We warmly welcome you to wholesale or buy custom made Square Frosted Water Bottle at competitive price from us. Also, small quantity orders are acceptable.\" \/>\n<meta property=\"og:url\" content=\"https:\/\/www.dillerbottle.com\/vn\/cac-san-pham\/binh-dung-nuoc-vuong-mo\" \/>\n<meta property=\"og:site_name\" content=\"Diller Water Bottle Manufacturer\" \/>\n<meta property=\"article:modified_time\" content=\"2025-07-09T09:56:33+00:00\" \/>\n<meta property=\"og:image\" content=\"https:\/\/www.dillerbottle.com\/wp-content\/uploads\/2024\/09\/frosted-square-water-bottle5f0b53ec-cc97-461a-ab42-0d4f5496ce4b.jpg\" \/>\n\t<meta property=\"og:image:width\" content=\"730\" \/>\n\t<meta property=\"og:image:height\" content=\"730\" \/>\n\t<meta property=\"og:image:type\" content=\"image\/jpeg\" \/>\n<meta name=\"twitter:card\" content=\"summary_large_image\" \/>\n<meta name=\"twitter:label1\" content=\"\u01af\u1edbc t\u00ednh th\u1eddi gian \u0111\u1ecdc\" \/>\n\t<meta name=\"twitter:data1\" content=\"4 ph\u00fat\" \/>\n<script type=\"application\/ld+json\" class=\"yoast-schema-graph\">{\"@context\":\"https:\\\/\\\/schema.org\",\"@graph\":[{\"@type\":\"WebPage\",\"@id\":\"https:\\\/\\\/www.dillerbottle.com\\\/vn\\\/cac-san-pham\\\/binh-dung-nuoc-vuong-mo\",\"url\":\"https:\\\/\\\/www.dillerbottle.com\\\/vn\\\/cac-san-pham\\\/binh-dung-nuoc-vuong-mo\",\"name\":\"Square Frosted Water Bottle - Diller Water Bottle Manufacturer\",\"isPartOf\":{\"@id\":\"https:\\\/\\\/www.dillerbottle.com\\\/#website\"},\"primaryImageOfPage\":{\"@id\":\"https:\\\/\\\/www.dillerbottle.com\\\/vn\\\/cac-san-pham\\\/binh-dung-nuoc-vuong-mo#primaryimage\"},\"image\":{\"@id\":\"https:\\\/\\\/www.dillerbottle.com\\\/vn\\\/cac-san-pham\\\/binh-dung-nuoc-vuong-mo#primaryimage\"},\"thumbnailUrl\":\"https:\\\/\\\/www.dillerbottle.com\\\/wp-content\\\/uploads\\\/2024\\\/09\\\/frosted-square-water-bottle5f0b53ec-cc97-461a-ab42-0d4f5496ce4b.jpg\",\"datePublished\":\"2024-09-27T10:03:49+00:00\",\"dateModified\":\"2025-07-09T09:56:33+00:00\",\"description\":\"As one of the best Square Frosted Water Bottle manufacturers and suppliers, we are engaged in manufacturing good quality water bottles. We warmly welcome you to wholesale or buy custom made Square Frosted Water Bottle at competitive price from us. Also, small quantity orders are acceptable.\",\"breadcrumb\":{\"@id\":\"https:\\\/\\\/www.dillerbottle.com\\\/vn\\\/cac-san-pham\\\/binh-dung-nuoc-vuong-mo#breadcrumb\"},\"inLanguage\":\"vi\",\"potentialAction\":[{\"@type\":\"ReadAction\",\"target\":[\"https:\\\/\\\/www.dillerbottle.com\\\/vn\\\/cac-san-pham\\\/binh-dung-nuoc-vuong-mo\"]}]},{\"@type\":\"ImageObject\",\"inLanguage\":\"vi\",\"@id\":\"https:\\\/\\\/www.dillerbottle.com\\\/vn\\\/cac-san-pham\\\/binh-dung-nuoc-vuong-mo#primaryimage\",\"url\":\"https:\\\/\\\/www.dillerbottle.com\\\/wp-content\\\/uploads\\\/2024\\\/09\\\/frosted-square-water-bottle5f0b53ec-cc97-461a-ab42-0d4f5496ce4b.jpg\",\"contentUrl\":\"https:\\\/\\\/www.dillerbottle.com\\\/wp-content\\\/uploads\\\/2024\\\/09\\\/frosted-square-water-bottle5f0b53ec-cc97-461a-ab42-0d4f5496ce4b.jpg\",\"width\":730,\"height\":730},{\"@type\":\"BreadcrumbList\",\"@id\":\"https:\\\/\\\/www.dillerbottle.com\\\/vn\\\/cac-san-pham\\\/binh-dung-nuoc-vuong-mo#breadcrumb\",\"itemListElement\":[{\"@type\":\"ListItem\",\"position\":1,\"name\":\"Home\",\"item\":\"https:\\\/\\\/www.dillerbottle.com\\\/\"},{\"@type\":\"ListItem\",\"position\":2,\"name\":\"Products\",\"item\":\"https:\\\/\\\/www.dillerbottle.com\\\/shop\"},{\"@type\":\"ListItem\",\"position\":3,\"name\":\"Square Frosted Water Bottle\"}]},{\"@type\":\"WebSite\",\"@id\":\"https:\\\/\\\/www.dillerbottle.com\\\/#website\",\"url\":\"https:\\\/\\\/www.dillerbottle.com\\\/\",\"name\":\"Diller Water Bottle Manufacturer\",\"description\":\"Water Bottle Manufacturer\",\"publisher\":{\"@id\":\"https:\\\/\\\/www.dillerbottle.com\\\/#organization\"},\"potentialAction\":[{\"@type\":\"SearchAction\",\"target\":{\"@type\":\"EntryPoint\",\"urlTemplate\":\"https:\\\/\\\/www.dillerbottle.com\\\/?s={search_term_string}\"},\"query-input\":{\"@type\":\"PropertyValueSpecification\",\"valueRequired\":true,\"valueName\":\"search_term_string\"}}],\"inLanguage\":\"vi\"},{\"@type\":\"Organization\",\"@id\":\"https:\\\/\\\/www.dillerbottle.com\\\/#organization\",\"name\":\"Diller Water Bottle Manufacturer\",\"url\":\"https:\\\/\\\/www.dillerbottle.com\\\/\",\"logo\":{\"@type\":\"ImageObject\",\"inLanguage\":\"vi\",\"@id\":\"https:\\\/\\\/www.dillerbottle.com\\\/#\\\/schema\\\/logo\\\/image\\\/\",\"url\":\"https:\\\/\\\/www.dillerbottle.com\\\/wp-content\\\/uploads\\\/2024\\\/09\\\/49918bfa848dcc1e9f8b509933603ac.png\",\"contentUrl\":\"https:\\\/\\\/www.dillerbottle.com\\\/wp-content\\\/uploads\\\/2024\\\/09\\\/49918bfa848dcc1e9f8b509933603ac.png\",\"width\":988,\"height\":198,\"caption\":\"Diller Water Bottle Manufacturer\"},\"image\":{\"@id\":\"https:\\\/\\\/www.dillerbottle.com\\\/#\\\/schema\\\/logo\\\/image\\\/\"}}]}<\/script>\n<!-- \/ Yoast SEO Premium plugin. -->","yoast_head_json":{"title":"B\u00ecnh n\u01b0\u1edbc Square Frosted - Nh\u00e0 s\u1ea3n xu\u1ea5t b\u00ecnh n\u01b0\u1edbc Diller","description":"L\u00e0 m\u1ed9t trong nh\u1eefng nh\u00e0 s\u1ea3n xu\u1ea5t v\u00e0 cung c\u1ea5p B\u00ecnh n\u01b0\u1edbc Square Frosted t\u1ed1t nh\u1ea5t, ch\u00fang t\u00f4i tham gia s\u1ea3n xu\u1ea5t b\u00ecnh n\u01b0\u1edbc ch\u1ea5t l\u01b0\u1ee3ng t\u1ed1t. Ch\u00fang t\u00f4i n\u1ed3ng nhi\u1ec7t ch\u00e0o \u0111\u00f3n b\u1ea1n \u0111\u1ebfn b\u00e1n bu\u00f4n ho\u1eb7c mua B\u00ecnh n\u01b0\u1edbc Square Frosted t\u00f9y ch\u1ec9nh v\u1edbi gi\u00e1 c\u1ea1nh tranh t\u1eeb ch\u00fang t\u00f4i. Ngo\u00e0i ra, ch\u00fang t\u00f4i c\u0169ng ch\u1ea5p nh\u1eadn \u0111\u01a1n \u0111\u1eb7t h\u00e0ng s\u1ed1 l\u01b0\u1ee3ng nh\u1ecf.","robots":{"index":"index","follow":"follow","max-snippet":"max-snippet:-1","max-image-preview":"max-image-preview:large","max-video-preview":"max-video-preview:-1"},"canonical":"https:\/\/www.dillerbottle.com\/vn\/cac-san-pham\/binh-dung-nuoc-vuong-mo","og_locale":"vi_VN","og_type":"article","og_title":"Square Frosted Water Bottle","og_description":"As one of the best Square Frosted Water Bottle manufacturers and suppliers, we are engaged in manufacturing good quality water bottles. We warmly welcome you to wholesale or buy custom made Square Frosted Water Bottle at competitive price from us. Also, small quantity orders are acceptable.","og_url":"https:\/\/www.dillerbottle.com\/vn\/cac-san-pham\/binh-dung-nuoc-vuong-mo","og_site_name":"Diller Water Bottle Manufacturer","article_modified_time":"2025-07-09T09:56:33+00:00","og_image":[{"width":730,"height":730,"url":"https:\/\/www.dillerbottle.com\/wp-content\/uploads\/2024\/09\/frosted-square-water-bottle5f0b53ec-cc97-461a-ab42-0d4f5496ce4b.jpg","type":"image\/jpeg"}],"twitter_card":"summary_large_image","twitter_misc":{"\u01af\u1edbc t\u00ednh th\u1eddi gian \u0111\u1ecdc":"4 ph\u00fat"},"schema":{"@context":"https:\/\/schema.org","@graph":[{"@type":"WebPage","@id":"https:\/\/www.dillerbottle.com\/vn\/cac-san-pham\/binh-dung-nuoc-vuong-mo","url":"https:\/\/www.dillerbottle.com\/vn\/cac-san-pham\/binh-dung-nuoc-vuong-mo","name":"B\u00ecnh n\u01b0\u1edbc Square Frosted - Nh\u00e0 s\u1ea3n xu\u1ea5t b\u00ecnh n\u01b0\u1edbc Diller","isPartOf":{"@id":"https:\/\/www.dillerbottle.com\/#website"},"primaryImageOfPage":{"@id":"https:\/\/www.dillerbottle.com\/vn\/cac-san-pham\/binh-dung-nuoc-vuong-mo#primaryimage"},"image":{"@id":"https:\/\/www.dillerbottle.com\/vn\/cac-san-pham\/binh-dung-nuoc-vuong-mo#primaryimage"},"thumbnailUrl":"https:\/\/www.dillerbottle.com\/wp-content\/uploads\/2024\/09\/frosted-square-water-bottle5f0b53ec-cc97-461a-ab42-0d4f5496ce4b.jpg","datePublished":"2024-09-27T10:03:49+00:00","dateModified":"2025-07-09T09:56:33+00:00","description":"L\u00e0 m\u1ed9t trong nh\u1eefng nh\u00e0 s\u1ea3n xu\u1ea5t v\u00e0 cung c\u1ea5p B\u00ecnh n\u01b0\u1edbc Square Frosted t\u1ed1t nh\u1ea5t, ch\u00fang t\u00f4i tham gia s\u1ea3n xu\u1ea5t b\u00ecnh n\u01b0\u1edbc ch\u1ea5t l\u01b0\u1ee3ng t\u1ed1t. Ch\u00fang t\u00f4i n\u1ed3ng nhi\u1ec7t ch\u00e0o \u0111\u00f3n b\u1ea1n \u0111\u1ebfn b\u00e1n bu\u00f4n ho\u1eb7c mua B\u00ecnh n\u01b0\u1edbc Square Frosted t\u00f9y ch\u1ec9nh v\u1edbi gi\u00e1 c\u1ea1nh tranh t\u1eeb ch\u00fang t\u00f4i. Ngo\u00e0i ra, ch\u00fang t\u00f4i c\u0169ng ch\u1ea5p nh\u1eadn \u0111\u01a1n \u0111\u1eb7t h\u00e0ng s\u1ed1 l\u01b0\u1ee3ng nh\u1ecf.","breadcrumb":{"@id":"https:\/\/www.dillerbottle.com\/vn\/cac-san-pham\/binh-dung-nuoc-vuong-mo#breadcrumb"},"inLanguage":"vi","potentialAction":[{"@type":"ReadAction","target":["https:\/\/www.dillerbottle.com\/vn\/cac-san-pham\/binh-dung-nuoc-vuong-mo"]}]},{"@type":"ImageObject","inLanguage":"vi","@id":"https:\/\/www.dillerbottle.com\/vn\/cac-san-pham\/binh-dung-nuoc-vuong-mo#primaryimage","url":"https:\/\/www.dillerbottle.com\/wp-content\/uploads\/2024\/09\/frosted-square-water-bottle5f0b53ec-cc97-461a-ab42-0d4f5496ce4b.jpg","contentUrl":"https:\/\/www.dillerbottle.com\/wp-content\/uploads\/2024\/09\/frosted-square-water-bottle5f0b53ec-cc97-461a-ab42-0d4f5496ce4b.jpg","width":730,"height":730},{"@type":"BreadcrumbList","@id":"https:\/\/www.dillerbottle.com\/vn\/cac-san-pham\/binh-dung-nuoc-vuong-mo#breadcrumb","itemListElement":[{"@type":"ListItem","position":1,"name":"Home","item":"https:\/\/www.dillerbottle.com\/"},{"@type":"ListItem","position":2,"name":"Products","item":"https:\/\/www.dillerbottle.com\/shop"},{"@type":"ListItem","position":3,"name":"Square Frosted Water Bottle"}]},{"@type":"WebSite","@id":"https:\/\/www.dillerbottle.com\/#website","url":"https:\/\/www.dillerbottle.com\/","name":"Nh\u00e0 s\u1ea3n xu\u1ea5t b\u00ecnh n\u01b0\u1edbc Diller","description":"Nh\u00e0 s\u1ea3n xu\u1ea5t b\u00ecnh n\u01b0\u1edbc","publisher":{"@id":"https:\/\/www.dillerbottle.com\/#organization"},"potentialAction":[{"@type":"SearchAction","target":{"@type":"EntryPoint","urlTemplate":"https:\/\/www.dillerbottle.com\/?s={search_term_string}"},"query-input":{"@type":"PropertyValueSpecification","valueRequired":true,"valueName":"search_term_string"}}],"inLanguage":"vi"},{"@type":"Organization","@id":"https:\/\/www.dillerbottle.com\/#organization","name":"Nh\u00e0 s\u1ea3n xu\u1ea5t b\u00ecnh n\u01b0\u1edbc Diller","url":"https:\/\/www.dillerbottle.com\/","logo":{"@type":"ImageObject","inLanguage":"vi","@id":"https:\/\/www.dillerbottle.com\/#\/schema\/logo\/image\/","url":"https:\/\/www.dillerbottle.com\/wp-content\/uploads\/2024\/09\/49918bfa848dcc1e9f8b509933603ac.png","contentUrl":"https:\/\/www.dillerbottle.com\/wp-content\/uploads\/2024\/09\/49918bfa848dcc1e9f8b509933603ac.png","width":988,"height":198,"caption":"Diller Water Bottle Manufacturer"},"image":{"@id":"https:\/\/www.dillerbottle.com\/#\/schema\/logo\/image\/"}}]}},"_links":{"self":[{"href":"https:\/\/www.dillerbottle.com\/vn\/wp-json\/wp\/v2\/product\/6006","targetHints":{"allow":["GET"]}}],"collection":[{"href":"https:\/\/www.dillerbottle.com\/vn\/wp-json\/wp\/v2\/product"}],"about":[{"href":"https:\/\/www.dillerbottle.com\/vn\/wp-json\/wp\/v2\/types\/product"}],"replies":[{"embeddable":true,"href":"https:\/\/www.dillerbottle.com\/vn\/wp-json\/wp\/v2\/comments?post=6006"}],"wp:featuredmedia":[{"embeddable":true,"href":"https:\/\/www.dillerbottle.com\/vn\/wp-json\/wp\/v2\/media\/6007"}],"wp:attachment":[{"href":"https:\/\/www.dillerbottle.com\/vn\/wp-json\/wp\/v2\/media?parent=6006"}],"wp:term":[{"taxonomy":"product_brand","embeddable":true,"href":"https:\/\/www.dillerbottle.com\/vn\/wp-json\/wp\/v2\/product_brand?post=6006"},{"taxonomy":"product_cat","embeddable":true,"href":"https:\/\/www.dillerbottle.com\/vn\/wp-json\/wp\/v2\/product_cat?post=6006"},{"taxonomy":"product_tag","embeddable":true,"href":"https:\/\/www.dillerbottle.com\/vn\/wp-json\/wp\/v2\/product_tag?post=6006"}],"curies":[{"name":"wp","href":"https:\/\/api.w.org\/{rel}","templated":true}]}}