{"id":6666,"date":"2024-09-29T09:50:06","date_gmt":"2024-09-29T01:50:06","guid":{"rendered":"https:\/\/demo.dillerbottle.com\/uncategorized\/glass-cups-with-magnetic-suction-tea-infuser"},"modified":"2025-07-09T17:49:59","modified_gmt":"2025-07-09T09:49:59","slug":"coc-thuy-tinh-co-bo-loc-tra-hut-tu-tinh","status":"publish","type":"product","link":"https:\/\/www.dillerbottle.com\/vn\/products\/glass-cups-with-magnetic-suction-tea-infuser","title":{"rendered":"C\u1ed1c th\u1ee7y tinh c\u00f3 b\u1ed9 l\u1ecdc tr\u00e0 h\u00fat t\u1eeb t\u00ednh"},"content":{"rendered":"<p>1. B\u00ecnh n\u01b0\u1edbc th\u1ee7y tinh \u0111\u01b0\u1ee3c l\u00e0m t\u1eeb th\u1ee7y tinh borosilicate cao c\u1ea5p. Th\u1ee7y tinh borosilicate b\u1ec1n s\u1ebd kh\u00f4ng b\u1ecb n\u1ee9t \u1edf nhi\u1ec7t \u0111\u1ed9 kh\u1eafc nghi\u1ec7t v\u00e0 thi\u1ebft k\u1ebf th\u00e2n c\u1ed1c hai l\u1edbp kh\u00f4ng s\u1ee3 b\u1ecb b\u1ecfng tay.<\/p>\n<p>2.;\u0110\u01b0\u1ee3c trang b\u1ecb b\u1ed9 l\u1ecdc tr\u00e0 h\u00fat t\u1eeb t\u00ednh, c\u00f3 th\u1ec3 nh\u1ea3 ra ch\u1ec9 b\u1eb1ng m\u1ed9t c\u00fa nh\u1ea5p chu\u1ed9t. B\u1ed9 l\u1ecdc tr\u00e0 \u0111\u01b0\u1ee3c l\u00e0m b\u1eb1ng th\u00e9p kh\u00f4ng g\u1ec9 316 v\u00e0 c\u00f3 dung t\u00edch l\u1edbn.<\/p>\n<p>3. N\u1eafp ch\u1ed1ng r\u00f2 r\u1ec9 v\u1edbi v\u00f2ng \u0111\u1ec7m b\u1eb1ng silicon c\u1ea5p th\u1ef1c ph\u1ea9m, ng\u0103n n\u01b0\u1edbc r\u00f2 r\u1ec9 hi\u1ec7u qu\u1ea3; k\u00edch th\u01b0\u1edbc mi\u1ec7ng ho\u00e0n h\u1ea3o \u0111\u1ec3 u\u1ed1ng m\u00e0 kh\u00f4ng b\u1ecb \u0111\u1ed5.<\/p>\n<p>4. C\u00f3 c\u00e1c t\u00f9y ch\u1ecdn \u0111\u00f3ng g\u00f3i h\u1ed9p m\u00e0u v\u00e0 h\u1ed9p qu\u00e0 t\u1eb7ng, v\u00e0 b\u1ea1n c\u0169ng c\u00f3 th\u1ec3 t\u00f9y ch\u1ec9nh logo c\u1ee7a ri\u00eang m\u00ecnh.<\/p>\n<p>Ch\u1ea5p nh\u1eadn OEM v\u00e0 ODM.<br \/>\nCh\u00fang t\u00f4i c\u00f3 th\u1ec3 t\u00f9y ch\u1ec9nh chai n\u01b0\u1edbc th\u1ee7y tinh theo y\u00eau c\u1ea7u c\u1ee7a b\u1ea1n.<br \/>\nCh\u00e0o m\u1eebng b\u1ea1n \u0111\u1ebfn mua s\u1ec9, h\u00e3y g\u1eedi y\u00eau c\u1ea7u ngay!<\/p>\n<p><iframe title=\"Diller B\u00ecnh th\u1ee7y tinh pha tr\u00e0 h\u00fat t\u1eeb s\u00e1ng t\u1ea1o qu\u00e0 t\u1eb7ng ly th\u1ee7y tinh \u0111\u00f4i 388MLH570\" width=\"800\" height=\"600\" src=\"https:\/\/www.youtube.com\/embed\/yxAiThvkHwI?feature=oembed\" frameborder=\"0\" allow=\"accelerometer; autoplay; clipboard-write; encrypted-media; gyroscope; picture-in-picture; web-share\" referrerpolicy=\"strict-origin-when-cross-origin\" allowfullscreen><\/iframe><\/p>","protected":false},"excerpt":{"rendered":"<p>C\u1ed1c th\u1ee7y tinh n\u00e0y \u0111\u01b0\u1ee3c l\u00e0m t\u1eeb th\u1ee7y tinh borosilicate cao c\u1ea5p v\u00e0 v\u1eadt li\u1ec7u an to\u00e0n th\u1ef1c ph\u1ea9m.<br \/>\nK\u00ednh borosilicate b\u1ec1n ch\u1eafc kh\u00f4ng b\u1ecb n\u1ee9t \u1edf nhi\u1ec7t \u0111\u1ed9 kh\u1eafc nghi\u1ec7t.<br \/>\nC\u00f3 d\u1ee5ng c\u1ee5 l\u1ecdc tr\u00e0 h\u00fat t\u1eeb t\u00ednh, ch\u1ec9 c\u1ea7n nh\u1ea5n m\u1ed9t n\u00fat.<br \/>\nThi\u1ebft k\u1ebf k\u00ednh \u0111\u00f4i gi\u00fap tr\u00e1nh b\u1ecb b\u1ecfng tay.<br \/>\nCh\u1ea5p nh\u1eadn OEM v\u00e0 ODM.<br \/>\nCh\u00fang t\u00f4i c\u00f3 th\u1ec3 t\u00f9y ch\u1ec9nh chai n\u01b0\u1edbc th\u1ee7y tinh theo y\u00eau c\u1ea7u c\u1ee7a b\u1ea1n.<br \/>\nCh\u00e0o m\u1eebng b\u1ea1n \u0111\u1ebfn mua s\u1ec9, h\u00e3y g\u1eedi y\u00eau c\u1ea7u ngay!<\/p>","protected":false},"featured_media":6667,"comment_status":"open","ping_status":"closed","template":"","meta":{"_acf_changed":false},"product_brand":[],"product_cat":[310],"product_tag":[575,515,32,36,33,31,39,599,597,38,29,37,34,551,35,580,28,30,589],"class_list":{"0":"post-6666","1":"product","2":"type-product","3":"status-publish","4":"has-post-thumbnail","6":"product_cat-glass-water-bottle","7":"product_tag-2000ml-water-bottle","8":"product_tag-64oz-water-bottle","9":"product_tag-best","10":"product_tag-bulk","11":"product_tag-buy","12":"product_tag-custom","13":"product_tag-for-sale","14":"product_tag-glass-cups-with-magnetic-suction-tea-infuser","15":"product_tag-glass-water-bottle-with-time-marker","16":"product_tag-good-quality","17":"product_tag-manufacturers","18":"product_tag-manufacturing","19":"product_tag-price","20":"product_tag-silicone-sleeve-water-bottle","21":"product_tag-small","22":"product_tag-sublimation-water-bottle-straw","23":"product_tag-suppliers","24":"product_tag-wholesale","25":"product_tag-wholesale-gym-water-bottle","27":"first","28":"instock","29":"shipping-taxable","30":"product-type-simple"},"acf":[],"yoast_head":"<!-- This site is optimized with the Yoast SEO Premium plugin v27.4 (Yoast SEO v27.4) - https:\/\/yoast.com\/product\/yoast-seo-premium-wordpress\/ -->\n<title>Glass Cups With Magnetic Suction Tea Infuser - Diller Water Bottle Manufacturer<\/title>\n<meta name=\"description\" content=\"As one of the best glass cups with magnetic suction tea infuser manufacturers and suppliers, we are engaged in manufacturing good quality water bottles. We warmly welcome you to wholesale or buy custom made glass cups with magnetic suction tea infuser at competitive price from us. Also, small quantity orders are acceptable.\" \/>\n<meta name=\"robots\" content=\"index, follow, max-snippet:-1, max-image-preview:large, max-video-preview:-1\" \/>\n<link rel=\"canonical\" href=\"https:\/\/www.dillerbottle.com\/vn\/cac-san-pham\/coc-thuy-tinh-co-bo-loc-tra-hut-tu-tinh\" \/>\n<meta property=\"og:locale\" content=\"vi_VN\" \/>\n<meta property=\"og:type\" content=\"article\" \/>\n<meta property=\"og:title\" content=\"Glass Cups With Magnetic Suction Tea Infuser\" \/>\n<meta property=\"og:description\" content=\"As one of the best glass cups with magnetic suction tea infuser manufacturers and suppliers, we are engaged in manufacturing good quality water bottles. We warmly welcome you to wholesale or buy custom made glass cups with magnetic suction tea infuser at competitive price from us. Also, small quantity orders are acceptable.\" \/>\n<meta property=\"og:url\" content=\"https:\/\/www.dillerbottle.com\/vn\/cac-san-pham\/coc-thuy-tinh-co-bo-loc-tra-hut-tu-tinh\" \/>\n<meta property=\"og:site_name\" content=\"Diller Water Bottle Manufacturer\" \/>\n<meta property=\"article:modified_time\" content=\"2025-07-09T09:49:59+00:00\" \/>\n<meta property=\"og:image\" content=\"https:\/\/www.dillerbottle.com\/wp-content\/uploads\/2024\/09\/glass-cups-with-magnetic-suction-tea-infuser7083440c-bb15-4096-ac99-885bf6bb0905.jpg\" \/>\n\t<meta property=\"og:image:width\" content=\"730\" \/>\n\t<meta property=\"og:image:height\" content=\"730\" \/>\n\t<meta property=\"og:image:type\" content=\"image\/jpeg\" \/>\n<meta name=\"twitter:card\" content=\"summary_large_image\" \/>\n<meta name=\"twitter:label1\" content=\"\u01af\u1edbc t\u00ednh th\u1eddi gian \u0111\u1ecdc\" \/>\n\t<meta name=\"twitter:data1\" content=\"6 ph\u00fat\" \/>\n<script type=\"application\/ld+json\" class=\"yoast-schema-graph\">{\"@context\":\"https:\\\/\\\/schema.org\",\"@graph\":[{\"@type\":\"WebPage\",\"@id\":\"https:\\\/\\\/www.dillerbottle.com\\\/ar\\\/%d9%85%d9%86%d8%aa%d8%ac%d8%a7%d8%aa\\\/%d8%a3%d9%83%d9%88%d8%a7%d8%a8-%d8%b2%d8%ac%d8%a7%d8%ac%d9%8a%d8%a9-%d9%85%d8%b9-%d9%85%d8%b5%d9%81%d8%a7%d8%a9-%d8%b4%d8%a7%d9%8a-%d9%85%d8%ba%d9%86%d8%a7%d8%b7%d9%8a%d8%b3%d9%8a%d8%a9\",\"url\":\"https:\\\/\\\/www.dillerbottle.com\\\/ar\\\/%d9%85%d9%86%d8%aa%d8%ac%d8%a7%d8%aa\\\/%d8%a3%d9%83%d9%88%d8%a7%d8%a8-%d8%b2%d8%ac%d8%a7%d8%ac%d9%8a%d8%a9-%d9%85%d8%b9-%d9%85%d8%b5%d9%81%d8%a7%d8%a9-%d8%b4%d8%a7%d9%8a-%d9%85%d8%ba%d9%86%d8%a7%d8%b7%d9%8a%d8%b3%d9%8a%d8%a9\",\"name\":\"Glass Cups With Magnetic Suction Tea Infuser - Diller Water Bottle Manufacturer\",\"isPartOf\":{\"@id\":\"https:\\\/\\\/www.dillerbottle.com\\\/#website\"},\"primaryImageOfPage\":{\"@id\":\"https:\\\/\\\/www.dillerbottle.com\\\/ar\\\/%d9%85%d9%86%d8%aa%d8%ac%d8%a7%d8%aa\\\/%d8%a3%d9%83%d9%88%d8%a7%d8%a8-%d8%b2%d8%ac%d8%a7%d8%ac%d9%8a%d8%a9-%d9%85%d8%b9-%d9%85%d8%b5%d9%81%d8%a7%d8%a9-%d8%b4%d8%a7%d9%8a-%d9%85%d8%ba%d9%86%d8%a7%d8%b7%d9%8a%d8%b3%d9%8a%d8%a9#primaryimage\"},\"image\":{\"@id\":\"https:\\\/\\\/www.dillerbottle.com\\\/ar\\\/%d9%85%d9%86%d8%aa%d8%ac%d8%a7%d8%aa\\\/%d8%a3%d9%83%d9%88%d8%a7%d8%a8-%d8%b2%d8%ac%d8%a7%d8%ac%d9%8a%d8%a9-%d9%85%d8%b9-%d9%85%d8%b5%d9%81%d8%a7%d8%a9-%d8%b4%d8%a7%d9%8a-%d9%85%d8%ba%d9%86%d8%a7%d8%b7%d9%8a%d8%b3%d9%8a%d8%a9#primaryimage\"},\"thumbnailUrl\":\"https:\\\/\\\/www.dillerbottle.com\\\/wp-content\\\/uploads\\\/2024\\\/09\\\/glass-cups-with-magnetic-suction-tea-infuser7083440c-bb15-4096-ac99-885bf6bb0905.jpg\",\"datePublished\":\"2024-09-29T01:50:06+00:00\",\"dateModified\":\"2025-07-09T09:49:59+00:00\",\"description\":\"As one of the best glass cups with magnetic suction tea infuser manufacturers and suppliers, we are engaged in manufacturing good quality water bottles. We warmly welcome you to wholesale or buy custom made glass cups with magnetic suction tea infuser at competitive price from us. Also, small quantity orders are acceptable.\",\"breadcrumb\":{\"@id\":\"https:\\\/\\\/www.dillerbottle.com\\\/ar\\\/%d9%85%d9%86%d8%aa%d8%ac%d8%a7%d8%aa\\\/%d8%a3%d9%83%d9%88%d8%a7%d8%a8-%d8%b2%d8%ac%d8%a7%d8%ac%d9%8a%d8%a9-%d9%85%d8%b9-%d9%85%d8%b5%d9%81%d8%a7%d8%a9-%d8%b4%d8%a7%d9%8a-%d9%85%d8%ba%d9%86%d8%a7%d8%b7%d9%8a%d8%b3%d9%8a%d8%a9#breadcrumb\"},\"inLanguage\":\"vi\",\"potentialAction\":[{\"@type\":\"ReadAction\",\"target\":[\"https:\\\/\\\/www.dillerbottle.com\\\/ar\\\/%d9%85%d9%86%d8%aa%d8%ac%d8%a7%d8%aa\\\/%d8%a3%d9%83%d9%88%d8%a7%d8%a8-%d8%b2%d8%ac%d8%a7%d8%ac%d9%8a%d8%a9-%d9%85%d8%b9-%d9%85%d8%b5%d9%81%d8%a7%d8%a9-%d8%b4%d8%a7%d9%8a-%d9%85%d8%ba%d9%86%d8%a7%d8%b7%d9%8a%d8%b3%d9%8a%d8%a9\"]}]},{\"@type\":\"ImageObject\",\"inLanguage\":\"vi\",\"@id\":\"https:\\\/\\\/www.dillerbottle.com\\\/ar\\\/%d9%85%d9%86%d8%aa%d8%ac%d8%a7%d8%aa\\\/%d8%a3%d9%83%d9%88%d8%a7%d8%a8-%d8%b2%d8%ac%d8%a7%d8%ac%d9%8a%d8%a9-%d9%85%d8%b9-%d9%85%d8%b5%d9%81%d8%a7%d8%a9-%d8%b4%d8%a7%d9%8a-%d9%85%d8%ba%d9%86%d8%a7%d8%b7%d9%8a%d8%b3%d9%8a%d8%a9#primaryimage\",\"url\":\"https:\\\/\\\/www.dillerbottle.com\\\/wp-content\\\/uploads\\\/2024\\\/09\\\/glass-cups-with-magnetic-suction-tea-infuser7083440c-bb15-4096-ac99-885bf6bb0905.jpg\",\"contentUrl\":\"https:\\\/\\\/www.dillerbottle.com\\\/wp-content\\\/uploads\\\/2024\\\/09\\\/glass-cups-with-magnetic-suction-tea-infuser7083440c-bb15-4096-ac99-885bf6bb0905.jpg\",\"width\":730,\"height\":730},{\"@type\":\"BreadcrumbList\",\"@id\":\"https:\\\/\\\/www.dillerbottle.com\\\/ar\\\/%d9%85%d9%86%d8%aa%d8%ac%d8%a7%d8%aa\\\/%d8%a3%d9%83%d9%88%d8%a7%d8%a8-%d8%b2%d8%ac%d8%a7%d8%ac%d9%8a%d8%a9-%d9%85%d8%b9-%d9%85%d8%b5%d9%81%d8%a7%d8%a9-%d8%b4%d8%a7%d9%8a-%d9%85%d8%ba%d9%86%d8%a7%d8%b7%d9%8a%d8%b3%d9%8a%d8%a9#breadcrumb\",\"itemListElement\":[{\"@type\":\"ListItem\",\"position\":1,\"name\":\"Home\",\"item\":\"https:\\\/\\\/www.dillerbottle.com\\\/\"},{\"@type\":\"ListItem\",\"position\":2,\"name\":\"Products\",\"item\":\"https:\\\/\\\/www.dillerbottle.com\\\/shop\"},{\"@type\":\"ListItem\",\"position\":3,\"name\":\"Glass Cups With Magnetic Suction Tea Infuser\"}]},{\"@type\":\"WebSite\",\"@id\":\"https:\\\/\\\/www.dillerbottle.com\\\/#website\",\"url\":\"https:\\\/\\\/www.dillerbottle.com\\\/\",\"name\":\"Diller Water Bottle Manufacturer\",\"description\":\"Water Bottle Manufacturer\",\"publisher\":{\"@id\":\"https:\\\/\\\/www.dillerbottle.com\\\/#organization\"},\"potentialAction\":[{\"@type\":\"SearchAction\",\"target\":{\"@type\":\"EntryPoint\",\"urlTemplate\":\"https:\\\/\\\/www.dillerbottle.com\\\/?s={search_term_string}\"},\"query-input\":{\"@type\":\"PropertyValueSpecification\",\"valueRequired\":true,\"valueName\":\"search_term_string\"}}],\"inLanguage\":\"vi\"},{\"@type\":\"Organization\",\"@id\":\"https:\\\/\\\/www.dillerbottle.com\\\/#organization\",\"name\":\"Diller Water Bottle Manufacturer\",\"url\":\"https:\\\/\\\/www.dillerbottle.com\\\/\",\"logo\":{\"@type\":\"ImageObject\",\"inLanguage\":\"vi\",\"@id\":\"https:\\\/\\\/www.dillerbottle.com\\\/#\\\/schema\\\/logo\\\/image\\\/\",\"url\":\"https:\\\/\\\/www.dillerbottle.com\\\/wp-content\\\/uploads\\\/2024\\\/09\\\/49918bfa848dcc1e9f8b509933603ac.png\",\"contentUrl\":\"https:\\\/\\\/www.dillerbottle.com\\\/wp-content\\\/uploads\\\/2024\\\/09\\\/49918bfa848dcc1e9f8b509933603ac.png\",\"width\":988,\"height\":198,\"caption\":\"Diller Water Bottle Manufacturer\"},\"image\":{\"@id\":\"https:\\\/\\\/www.dillerbottle.com\\\/#\\\/schema\\\/logo\\\/image\\\/\"}}]}<\/script>\n<!-- \/ Yoast SEO Premium plugin. -->","yoast_head_json":{"title":"C\u1ed1c th\u1ee7y tinh c\u00f3 b\u1ed9 l\u1ecdc tr\u00e0 h\u00fat t\u1eeb t\u00ednh - Nh\u00e0 s\u1ea3n xu\u1ea5t b\u00ecnh n\u01b0\u1edbc Diller","description":"L\u00e0 m\u1ed9t trong nh\u1eefng nh\u00e0 s\u1ea3n xu\u1ea5t v\u00e0 cung c\u1ea5p c\u1ed1c th\u1ee7y tinh c\u00f3 b\u1ed9 l\u1ecdc tr\u00e0 h\u00fat t\u1eeb t\u00ednh t\u1ed1t nh\u1ea5t, ch\u00fang t\u00f4i tham gia s\u1ea3n xu\u1ea5t c\u00e1c chai n\u01b0\u1edbc ch\u1ea5t l\u01b0\u1ee3ng t\u1ed1t. Ch\u00fang t\u00f4i n\u1ed3ng nhi\u1ec7t ch\u00e0o \u0111\u00f3n b\u1ea1n \u0111\u1ebfn b\u00e1n bu\u00f4n ho\u1eb7c mua c\u1ed1c th\u1ee7y tinh c\u00f3 b\u1ed9 l\u1ecdc tr\u00e0 h\u00fat t\u1eeb t\u00ednh t\u00f9y ch\u1ec9nh v\u1edbi gi\u00e1 c\u1ea3 c\u1ea1nh tranh t\u1eeb ch\u00fang t\u00f4i. Ngo\u00e0i ra, ch\u00fang t\u00f4i c\u0169ng ch\u1ea5p nh\u1eadn \u0111\u01a1n \u0111\u1eb7t h\u00e0ng s\u1ed1 l\u01b0\u1ee3ng nh\u1ecf.","robots":{"index":"index","follow":"follow","max-snippet":"max-snippet:-1","max-image-preview":"max-image-preview:large","max-video-preview":"max-video-preview:-1"},"canonical":"https:\/\/www.dillerbottle.com\/vn\/cac-san-pham\/coc-thuy-tinh-co-bo-loc-tra-hut-tu-tinh","og_locale":"vi_VN","og_type":"article","og_title":"Glass Cups With Magnetic Suction Tea Infuser","og_description":"As one of the best glass cups with magnetic suction tea infuser manufacturers and suppliers, we are engaged in manufacturing good quality water bottles. We warmly welcome you to wholesale or buy custom made glass cups with magnetic suction tea infuser at competitive price from us. Also, small quantity orders are acceptable.","og_url":"https:\/\/www.dillerbottle.com\/vn\/cac-san-pham\/coc-thuy-tinh-co-bo-loc-tra-hut-tu-tinh","og_site_name":"Diller Water Bottle Manufacturer","article_modified_time":"2025-07-09T09:49:59+00:00","og_image":[{"width":730,"height":730,"url":"https:\/\/www.dillerbottle.com\/wp-content\/uploads\/2024\/09\/glass-cups-with-magnetic-suction-tea-infuser7083440c-bb15-4096-ac99-885bf6bb0905.jpg","type":"image\/jpeg"}],"twitter_card":"summary_large_image","twitter_misc":{"\u01af\u1edbc t\u00ednh th\u1eddi gian \u0111\u1ecdc":"6 ph\u00fat"},"schema":{"@context":"https:\/\/schema.org","@graph":[{"@type":"WebPage","@id":"https:\/\/www.dillerbottle.com\/ar\/%d9%85%d9%86%d8%aa%d8%ac%d8%a7%d8%aa\/%d8%a3%d9%83%d9%88%d8%a7%d8%a8-%d8%b2%d8%ac%d8%a7%d8%ac%d9%8a%d8%a9-%d9%85%d8%b9-%d9%85%d8%b5%d9%81%d8%a7%d8%a9-%d8%b4%d8%a7%d9%8a-%d9%85%d8%ba%d9%86%d8%a7%d8%b7%d9%8a%d8%b3%d9%8a%d8%a9","url":"https:\/\/www.dillerbottle.com\/ar\/%d9%85%d9%86%d8%aa%d8%ac%d8%a7%d8%aa\/%d8%a3%d9%83%d9%88%d8%a7%d8%a8-%d8%b2%d8%ac%d8%a7%d8%ac%d9%8a%d8%a9-%d9%85%d8%b9-%d9%85%d8%b5%d9%81%d8%a7%d8%a9-%d8%b4%d8%a7%d9%8a-%d9%85%d8%ba%d9%86%d8%a7%d8%b7%d9%8a%d8%b3%d9%8a%d8%a9","name":"C\u1ed1c th\u1ee7y tinh c\u00f3 b\u1ed9 l\u1ecdc tr\u00e0 h\u00fat t\u1eeb t\u00ednh - Nh\u00e0 s\u1ea3n xu\u1ea5t b\u00ecnh n\u01b0\u1edbc Diller","isPartOf":{"@id":"https:\/\/www.dillerbottle.com\/#website"},"primaryImageOfPage":{"@id":"https:\/\/www.dillerbottle.com\/ar\/%d9%85%d9%86%d8%aa%d8%ac%d8%a7%d8%aa\/%d8%a3%d9%83%d9%88%d8%a7%d8%a8-%d8%b2%d8%ac%d8%a7%d8%ac%d9%8a%d8%a9-%d9%85%d8%b9-%d9%85%d8%b5%d9%81%d8%a7%d8%a9-%d8%b4%d8%a7%d9%8a-%d9%85%d8%ba%d9%86%d8%a7%d8%b7%d9%8a%d8%b3%d9%8a%d8%a9#primaryimage"},"image":{"@id":"https:\/\/www.dillerbottle.com\/ar\/%d9%85%d9%86%d8%aa%d8%ac%d8%a7%d8%aa\/%d8%a3%d9%83%d9%88%d8%a7%d8%a8-%d8%b2%d8%ac%d8%a7%d8%ac%d9%8a%d8%a9-%d9%85%d8%b9-%d9%85%d8%b5%d9%81%d8%a7%d8%a9-%d8%b4%d8%a7%d9%8a-%d9%85%d8%ba%d9%86%d8%a7%d8%b7%d9%8a%d8%b3%d9%8a%d8%a9#primaryimage"},"thumbnailUrl":"https:\/\/www.dillerbottle.com\/wp-content\/uploads\/2024\/09\/glass-cups-with-magnetic-suction-tea-infuser7083440c-bb15-4096-ac99-885bf6bb0905.jpg","datePublished":"2024-09-29T01:50:06+00:00","dateModified":"2025-07-09T09:49:59+00:00","description":"L\u00e0 m\u1ed9t trong nh\u1eefng nh\u00e0 s\u1ea3n xu\u1ea5t v\u00e0 cung c\u1ea5p c\u1ed1c th\u1ee7y tinh c\u00f3 b\u1ed9 l\u1ecdc tr\u00e0 h\u00fat t\u1eeb t\u00ednh t\u1ed1t nh\u1ea5t, ch\u00fang t\u00f4i tham gia s\u1ea3n xu\u1ea5t c\u00e1c chai n\u01b0\u1edbc ch\u1ea5t l\u01b0\u1ee3ng t\u1ed1t. Ch\u00fang t\u00f4i n\u1ed3ng nhi\u1ec7t ch\u00e0o \u0111\u00f3n b\u1ea1n \u0111\u1ebfn b\u00e1n bu\u00f4n ho\u1eb7c mua c\u1ed1c th\u1ee7y tinh c\u00f3 b\u1ed9 l\u1ecdc tr\u00e0 h\u00fat t\u1eeb t\u00ednh t\u00f9y ch\u1ec9nh v\u1edbi gi\u00e1 c\u1ea3 c\u1ea1nh tranh t\u1eeb ch\u00fang t\u00f4i. Ngo\u00e0i ra, ch\u00fang t\u00f4i c\u0169ng ch\u1ea5p nh\u1eadn \u0111\u01a1n \u0111\u1eb7t h\u00e0ng s\u1ed1 l\u01b0\u1ee3ng nh\u1ecf.","breadcrumb":{"@id":"https:\/\/www.dillerbottle.com\/ar\/%d9%85%d9%86%d8%aa%d8%ac%d8%a7%d8%aa\/%d8%a3%d9%83%d9%88%d8%a7%d8%a8-%d8%b2%d8%ac%d8%a7%d8%ac%d9%8a%d8%a9-%d9%85%d8%b9-%d9%85%d8%b5%d9%81%d8%a7%d8%a9-%d8%b4%d8%a7%d9%8a-%d9%85%d8%ba%d9%86%d8%a7%d8%b7%d9%8a%d8%b3%d9%8a%d8%a9#breadcrumb"},"inLanguage":"vi","potentialAction":[{"@type":"ReadAction","target":["https:\/\/www.dillerbottle.com\/ar\/%d9%85%d9%86%d8%aa%d8%ac%d8%a7%d8%aa\/%d8%a3%d9%83%d9%88%d8%a7%d8%a8-%d8%b2%d8%ac%d8%a7%d8%ac%d9%8a%d8%a9-%d9%85%d8%b9-%d9%85%d8%b5%d9%81%d8%a7%d8%a9-%d8%b4%d8%a7%d9%8a-%d9%85%d8%ba%d9%86%d8%a7%d8%b7%d9%8a%d8%b3%d9%8a%d8%a9"]}]},{"@type":"ImageObject","inLanguage":"vi","@id":"https:\/\/www.dillerbottle.com\/ar\/%d9%85%d9%86%d8%aa%d8%ac%d8%a7%d8%aa\/%d8%a3%d9%83%d9%88%d8%a7%d8%a8-%d8%b2%d8%ac%d8%a7%d8%ac%d9%8a%d8%a9-%d9%85%d8%b9-%d9%85%d8%b5%d9%81%d8%a7%d8%a9-%d8%b4%d8%a7%d9%8a-%d9%85%d8%ba%d9%86%d8%a7%d8%b7%d9%8a%d8%b3%d9%8a%d8%a9#primaryimage","url":"https:\/\/www.dillerbottle.com\/wp-content\/uploads\/2024\/09\/glass-cups-with-magnetic-suction-tea-infuser7083440c-bb15-4096-ac99-885bf6bb0905.jpg","contentUrl":"https:\/\/www.dillerbottle.com\/wp-content\/uploads\/2024\/09\/glass-cups-with-magnetic-suction-tea-infuser7083440c-bb15-4096-ac99-885bf6bb0905.jpg","width":730,"height":730},{"@type":"BreadcrumbList","@id":"https:\/\/www.dillerbottle.com\/ar\/%d9%85%d9%86%d8%aa%d8%ac%d8%a7%d8%aa\/%d8%a3%d9%83%d9%88%d8%a7%d8%a8-%d8%b2%d8%ac%d8%a7%d8%ac%d9%8a%d8%a9-%d9%85%d8%b9-%d9%85%d8%b5%d9%81%d8%a7%d8%a9-%d8%b4%d8%a7%d9%8a-%d9%85%d8%ba%d9%86%d8%a7%d8%b7%d9%8a%d8%b3%d9%8a%d8%a9#breadcrumb","itemListElement":[{"@type":"ListItem","position":1,"name":"Home","item":"https:\/\/www.dillerbottle.com\/"},{"@type":"ListItem","position":2,"name":"Products","item":"https:\/\/www.dillerbottle.com\/shop"},{"@type":"ListItem","position":3,"name":"Glass Cups With Magnetic Suction Tea Infuser"}]},{"@type":"WebSite","@id":"https:\/\/www.dillerbottle.com\/#website","url":"https:\/\/www.dillerbottle.com\/","name":"Nh\u00e0 s\u1ea3n xu\u1ea5t b\u00ecnh n\u01b0\u1edbc Diller","description":"Nh\u00e0 s\u1ea3n xu\u1ea5t b\u00ecnh n\u01b0\u1edbc","publisher":{"@id":"https:\/\/www.dillerbottle.com\/#organization"},"potentialAction":[{"@type":"SearchAction","target":{"@type":"EntryPoint","urlTemplate":"https:\/\/www.dillerbottle.com\/?s={search_term_string}"},"query-input":{"@type":"PropertyValueSpecification","valueRequired":true,"valueName":"search_term_string"}}],"inLanguage":"vi"},{"@type":"Organization","@id":"https:\/\/www.dillerbottle.com\/#organization","name":"Nh\u00e0 s\u1ea3n xu\u1ea5t b\u00ecnh n\u01b0\u1edbc Diller","url":"https:\/\/www.dillerbottle.com\/","logo":{"@type":"ImageObject","inLanguage":"vi","@id":"https:\/\/www.dillerbottle.com\/#\/schema\/logo\/image\/","url":"https:\/\/www.dillerbottle.com\/wp-content\/uploads\/2024\/09\/49918bfa848dcc1e9f8b509933603ac.png","contentUrl":"https:\/\/www.dillerbottle.com\/wp-content\/uploads\/2024\/09\/49918bfa848dcc1e9f8b509933603ac.png","width":988,"height":198,"caption":"Diller Water Bottle Manufacturer"},"image":{"@id":"https:\/\/www.dillerbottle.com\/#\/schema\/logo\/image\/"}}]}},"_links":{"self":[{"href":"https:\/\/www.dillerbottle.com\/vn\/wp-json\/wp\/v2\/product\/6666","targetHints":{"allow":["GET"]}}],"collection":[{"href":"https:\/\/www.dillerbottle.com\/vn\/wp-json\/wp\/v2\/product"}],"about":[{"href":"https:\/\/www.dillerbottle.com\/vn\/wp-json\/wp\/v2\/types\/product"}],"replies":[{"embeddable":true,"href":"https:\/\/www.dillerbottle.com\/vn\/wp-json\/wp\/v2\/comments?post=6666"}],"wp:featuredmedia":[{"embeddable":true,"href":"https:\/\/www.dillerbottle.com\/vn\/wp-json\/wp\/v2\/media\/6667"}],"wp:attachment":[{"href":"https:\/\/www.dillerbottle.com\/vn\/wp-json\/wp\/v2\/media?parent=6666"}],"wp:term":[{"taxonomy":"product_brand","embeddable":true,"href":"https:\/\/www.dillerbottle.com\/vn\/wp-json\/wp\/v2\/product_brand?post=6666"},{"taxonomy":"product_cat","embeddable":true,"href":"https:\/\/www.dillerbottle.com\/vn\/wp-json\/wp\/v2\/product_cat?post=6666"},{"taxonomy":"product_tag","embeddable":true,"href":"https:\/\/www.dillerbottle.com\/vn\/wp-json\/wp\/v2\/product_tag?post=6666"}],"curies":[{"name":"wp","href":"https:\/\/api.w.org\/{rel}","templated":true}]}}