{"id":7017,"date":"2024-09-29T09:54:49","date_gmt":"2024-09-29T01:54:49","guid":{"rendered":"https:\/\/demo.dillerbottle.com\/uncategorized\/double-layer-glass-water-bottle"},"modified":"2025-07-09T17:10:30","modified_gmt":"2025-07-09T09:10:30","slug":"binh-dung-nuoc-thuy-tinh-hai-lop","status":"publish","type":"product","link":"https:\/\/www.dillerbottle.com\/vn\/products\/double-layer-glass-water-bottle","title":{"rendered":"B\u00ecnh n\u01b0\u1edbc th\u1ee7y tinh hai l\u1edbp"},"content":{"rendered":"<p>1. B\u00ecnh n\u01b0\u1edbc th\u1ee7y tinh hai l\u1edbp \u0111\u01b0\u1ee3c l\u00e0m t\u1eeb th\u1ee7y tinh borosilicate cao c\u1ea5p. Th\u1ee7y tinh borosilicate b\u1ec1n s\u1ebd kh\u00f4ng b\u1ecb n\u1ee9t \u1edf nhi\u1ec7t \u0111\u1ed9 kh\u1eafc nghi\u1ec7t v\u00e0 thi\u1ebft k\u1ebf th\u00e2n c\u1ed1c hai l\u1edbp kh\u00f4ng s\u1ee3 b\u1ecb b\u1ecfng tay.<\/p>\n<p>2. \u0110\u01b0\u1ee3c trang b\u1ecb d\u1ee5ng c\u1ee5 l\u1ecdc tr\u00e0 b\u1eb1ng th\u00e9p kh\u00f4ng g\u1ec9, d\u1ec5 d\u00e0ng pha tr\u00e0 v\u00e0 c\u00f3 th\u1ec3 th\u01b0\u1edfng th\u1ee9c m\u1ecdi l\u00fac, m\u1ecdi n\u01a1i.<\/p>\n<p>3. N\u1eafp \u0111\u1eady s\u1eed d\u1ee5ng v\u00f2ng \u0111\u1ec7m ch\u1eef O b\u1eb1ng silicon c\u1ea5p th\u1ef1c ph\u1ea9m, c\u00f3 t\u00e1c d\u1ee5ng ng\u0103n n\u01b0\u1edbc r\u00f2 r\u1ec9 hi\u1ec7u qu\u1ea3 v\u00e0 kh\u00f4ng s\u1ee3 b\u1ecb \u01b0\u1edbt khi b\u1ecf v\u00e0o t\u00fai.<\/p>\n<p>4. B\u00ecnh n\u01b0\u1edbc th\u1ee7y tinh n\u00e0y ph\u00f9 h\u1ee3p cho nhi\u1ec1u d\u1ecbp kh\u00e1c nhau nh\u01b0 v\u0103n ph\u00f2ng, gia \u0111\u00ecnh, ngo\u00e0i tr\u1eddi v\u00e0 du l\u1ecbch, gi\u00fap b\u1ea1n c\u00f3 tr\u1ea3i nghi\u1ec7m u\u1ed1ng n\u01b0\u1edbc tuy\u1ec7t v\u1eddi m\u1ecdi l\u00fac, m\u1ecdi n\u01a1i.<\/p>\n<p>Ch\u1ea5p nh\u1eadn OEM v\u00e0 ODM.<br \/>\nCh\u00fang t\u00f4i c\u00f3 th\u1ec3 t\u00f9y ch\u1ec9nh chai n\u01b0\u1edbc th\u1ee7y tinh theo y\u00eau c\u1ea7u c\u1ee7a b\u1ea1n.<br \/>\nCh\u00e0o m\u1eebng b\u1ea1n \u0111\u1ebfn mua s\u1ec9, h\u00e3y g\u1eedi y\u00eau c\u1ea7u ngay!<\/p>\n<p><iframe title=\"B\u00ecnh n\u01b0\u1edbc th\u1ee7y tinh borosilicate hai l\u1edbp t\u00f9y ch\u1ec9nh t\u1ed1i gi\u1ea3n c\u00f3 b\u1ed9 l\u1ecdc tr\u00e0 388MLH548\" width=\"800\" height=\"450\" src=\"https:\/\/www.youtube.com\/embed\/N9pplrDkY_4?feature=oembed\" frameborder=\"0\" allow=\"accelerometer; autoplay; clipboard-write; encrypted-media; gyroscope; picture-in-picture; web-share\" referrerpolicy=\"strict-origin-when-cross-origin\" allowfullscreen><\/iframe><\/p>","protected":false},"excerpt":{"rendered":"<p>B\u00ecnh n\u01b0\u1edbc th\u1ee7y tinh hai l\u1edbp n\u00e0y \u0111\u01b0\u1ee3c l\u00e0m t\u1eeb th\u1ee7y tinh borosilicate c\u00f3 h\u00e0m l\u01b0\u1ee3ng cao.<br \/>\nV\u00f2ng \u0111\u1ec7m silicon b\u00ean trong n\u1eafp \u0111\u1ec3 ng\u0103n n\u01b0\u1edbc r\u00f2 r\u1ec9.<br \/>\nThi\u1ebft k\u1ebf k\u00ednh \u0111\u00f4i gi\u00fap tr\u00e1nh b\u1ecb b\u1ecfng tay.<br \/>\nV\u1edbi d\u1ee5ng c\u1ee5 l\u1ecdc tr\u00e0 b\u1eb1ng th\u00e9p kh\u00f4ng g\u1ec9, vi\u1ec7c u\u1ed1ng tr\u00e0 tr\u1edf n\u00ean ti\u1ec7n l\u1ee3i h\u01a1n.<br \/>\nCh\u1ea5p nh\u1eadn OEM v\u00e0 ODM.<br \/>\nCh\u00fang t\u00f4i c\u00f3 th\u1ec3 t\u00f9y ch\u1ec9nh chai n\u01b0\u1edbc th\u1ee7y tinh theo y\u00eau c\u1ea7u c\u1ee7a b\u1ea1n.<br \/>\nCh\u00e0o m\u1eebng b\u1ea1n \u0111\u1ebfn mua s\u1ec9, h\u00e3y g\u1eedi y\u00eau c\u1ea7u ngay!<\/p>","protected":false},"featured_media":7018,"comment_status":"open","ping_status":"closed","template":"","meta":{"_acf_changed":false},"product_brand":[],"product_cat":[310],"product_tag":[575,32,36,33,582,31,616,39,593,614,38,29,37,571,34,35,28,594,30],"class_list":{"0":"post-7017","1":"product","2":"type-product","3":"status-publish","4":"has-post-thumbnail","6":"product_cat-glass-water-bottle","7":"product_tag-2000ml-water-bottle","8":"product_tag-best","9":"product_tag-bulk","10":"product_tag-buy","11":"product_tag-clear-glass-water-bottle","12":"product_tag-custom","13":"product_tag-double-layer-glass-water-bottle","14":"product_tag-for-sale","15":"product_tag-frosted-glass-water-bottle-sublimation","16":"product_tag-glass-water-bottle-with-infuser","17":"product_tag-good-quality","18":"product_tag-manufacturers","19":"product_tag-manufacturing","20":"product_tag-multi-use-water-bottle","21":"product_tag-price","22":"product_tag-small","23":"product_tag-suppliers","24":"product_tag-water-bottle-cheap","25":"product_tag-wholesale","27":"first","28":"instock","29":"shipping-taxable","30":"product-type-simple"},"acf":[],"yoast_head":"<!-- This site is optimized with the Yoast SEO Premium plugin v27.4 (Yoast SEO v27.4) - https:\/\/yoast.com\/product\/yoast-seo-premium-wordpress\/ -->\n<title>Double-layer Glass Water Bottle - Diller Water Bottle Manufacturer<\/title>\n<meta name=\"description\" content=\"As one of the best double-layer glass water bottle manufacturers and suppliers, we are engaged in manufacturing good quality water bottles. We warmly welcome you to wholesale or buy custom made double-layer glass water bottle at competitive price from us. Also, small quantity orders are acceptable.\" \/>\n<meta name=\"robots\" content=\"index, follow, max-snippet:-1, max-image-preview:large, max-video-preview:-1\" \/>\n<link rel=\"canonical\" href=\"https:\/\/www.dillerbottle.com\/vn\/cac-san-pham\/binh-dung-nuoc-thuy-tinh-hai-lop\" \/>\n<meta property=\"og:locale\" content=\"vi_VN\" \/>\n<meta property=\"og:type\" content=\"article\" \/>\n<meta property=\"og:title\" content=\"Double-layer Glass Water Bottle\" \/>\n<meta property=\"og:description\" content=\"As one of the best double-layer glass water bottle manufacturers and suppliers, we are engaged in manufacturing good quality water bottles. We warmly welcome you to wholesale or buy custom made double-layer glass water bottle at competitive price from us. Also, small quantity orders are acceptable.\" \/>\n<meta property=\"og:url\" content=\"https:\/\/www.dillerbottle.com\/vn\/cac-san-pham\/binh-dung-nuoc-thuy-tinh-hai-lop\" \/>\n<meta property=\"og:site_name\" content=\"Diller Water Bottle Manufacturer\" \/>\n<meta property=\"article:modified_time\" content=\"2025-07-09T09:10:30+00:00\" \/>\n<meta property=\"og:image\" content=\"https:\/\/www.dillerbottle.com\/wp-content\/uploads\/2024\/09\/double-layer-glass-water-bottled9302515-f49b-45da-ba71-2afcb1a4d415.jpg\" \/>\n\t<meta property=\"og:image:width\" content=\"730\" \/>\n\t<meta property=\"og:image:height\" content=\"730\" \/>\n\t<meta property=\"og:image:type\" content=\"image\/jpeg\" \/>\n<meta name=\"twitter:card\" content=\"summary_large_image\" \/>\n<meta name=\"twitter:label1\" content=\"\u01af\u1edbc t\u00ednh th\u1eddi gian \u0111\u1ecdc\" \/>\n\t<meta name=\"twitter:data1\" content=\"5 ph\u00fat\" \/>\n<script type=\"application\/ld+json\" class=\"yoast-schema-graph\">{\"@context\":\"https:\\\/\\\/schema.org\",\"@graph\":[{\"@type\":\"WebPage\",\"@id\":\"https:\\\/\\\/www.dillerbottle.com\\\/products\\\/double-layer-glass-water-bottle\",\"url\":\"https:\\\/\\\/www.dillerbottle.com\\\/products\\\/double-layer-glass-water-bottle\",\"name\":\"Double-layer Glass Water Bottle - Diller Water Bottle Manufacturer\",\"isPartOf\":{\"@id\":\"https:\\\/\\\/www.dillerbottle.com\\\/#website\"},\"primaryImageOfPage\":{\"@id\":\"https:\\\/\\\/www.dillerbottle.com\\\/products\\\/double-layer-glass-water-bottle#primaryimage\"},\"image\":{\"@id\":\"https:\\\/\\\/www.dillerbottle.com\\\/products\\\/double-layer-glass-water-bottle#primaryimage\"},\"thumbnailUrl\":\"https:\\\/\\\/www.dillerbottle.com\\\/wp-content\\\/uploads\\\/2024\\\/09\\\/double-layer-glass-water-bottled9302515-f49b-45da-ba71-2afcb1a4d415.jpg\",\"datePublished\":\"2024-09-29T01:54:49+00:00\",\"dateModified\":\"2025-07-09T09:10:30+00:00\",\"description\":\"As one of the best double-layer glass water bottle manufacturers and suppliers, we are engaged in manufacturing good quality water bottles. We warmly welcome you to wholesale or buy custom made double-layer glass water bottle at competitive price from us. Also, small quantity orders are acceptable.\",\"breadcrumb\":{\"@id\":\"https:\\\/\\\/www.dillerbottle.com\\\/products\\\/double-layer-glass-water-bottle#breadcrumb\"},\"inLanguage\":\"vi\",\"potentialAction\":[{\"@type\":\"ReadAction\",\"target\":[\"https:\\\/\\\/www.dillerbottle.com\\\/products\\\/double-layer-glass-water-bottle\"]}]},{\"@type\":\"ImageObject\",\"inLanguage\":\"vi\",\"@id\":\"https:\\\/\\\/www.dillerbottle.com\\\/products\\\/double-layer-glass-water-bottle#primaryimage\",\"url\":\"https:\\\/\\\/www.dillerbottle.com\\\/wp-content\\\/uploads\\\/2024\\\/09\\\/double-layer-glass-water-bottled9302515-f49b-45da-ba71-2afcb1a4d415.jpg\",\"contentUrl\":\"https:\\\/\\\/www.dillerbottle.com\\\/wp-content\\\/uploads\\\/2024\\\/09\\\/double-layer-glass-water-bottled9302515-f49b-45da-ba71-2afcb1a4d415.jpg\",\"width\":730,\"height\":730},{\"@type\":\"BreadcrumbList\",\"@id\":\"https:\\\/\\\/www.dillerbottle.com\\\/products\\\/double-layer-glass-water-bottle#breadcrumb\",\"itemListElement\":[{\"@type\":\"ListItem\",\"position\":1,\"name\":\"Home\",\"item\":\"https:\\\/\\\/www.dillerbottle.com\\\/\"},{\"@type\":\"ListItem\",\"position\":2,\"name\":\"Products\",\"item\":\"https:\\\/\\\/www.dillerbottle.com\\\/shop\"},{\"@type\":\"ListItem\",\"position\":3,\"name\":\"Double-layer Glass Water Bottle\"}]},{\"@type\":\"WebSite\",\"@id\":\"https:\\\/\\\/www.dillerbottle.com\\\/#website\",\"url\":\"https:\\\/\\\/www.dillerbottle.com\\\/\",\"name\":\"Diller Water Bottle Manufacturer\",\"description\":\"Water Bottle Manufacturer\",\"publisher\":{\"@id\":\"https:\\\/\\\/www.dillerbottle.com\\\/#organization\"},\"potentialAction\":[{\"@type\":\"SearchAction\",\"target\":{\"@type\":\"EntryPoint\",\"urlTemplate\":\"https:\\\/\\\/www.dillerbottle.com\\\/?s={search_term_string}\"},\"query-input\":{\"@type\":\"PropertyValueSpecification\",\"valueRequired\":true,\"valueName\":\"search_term_string\"}}],\"inLanguage\":\"vi\"},{\"@type\":\"Organization\",\"@id\":\"https:\\\/\\\/www.dillerbottle.com\\\/#organization\",\"name\":\"Diller Water Bottle Manufacturer\",\"url\":\"https:\\\/\\\/www.dillerbottle.com\\\/\",\"logo\":{\"@type\":\"ImageObject\",\"inLanguage\":\"vi\",\"@id\":\"https:\\\/\\\/www.dillerbottle.com\\\/#\\\/schema\\\/logo\\\/image\\\/\",\"url\":\"https:\\\/\\\/www.dillerbottle.com\\\/wp-content\\\/uploads\\\/2024\\\/09\\\/49918bfa848dcc1e9f8b509933603ac.png\",\"contentUrl\":\"https:\\\/\\\/www.dillerbottle.com\\\/wp-content\\\/uploads\\\/2024\\\/09\\\/49918bfa848dcc1e9f8b509933603ac.png\",\"width\":988,\"height\":198,\"caption\":\"Diller Water Bottle Manufacturer\"},\"image\":{\"@id\":\"https:\\\/\\\/www.dillerbottle.com\\\/#\\\/schema\\\/logo\\\/image\\\/\"}}]}<\/script>\n<!-- \/ Yoast SEO Premium plugin. -->","yoast_head_json":{"title":"B\u00ecnh n\u01b0\u1edbc th\u1ee7y tinh hai l\u1edbp - Nh\u00e0 s\u1ea3n xu\u1ea5t b\u00ecnh n\u01b0\u1edbc Diller","description":"L\u00e0 m\u1ed9t trong nh\u1eefng nh\u00e0 s\u1ea3n xu\u1ea5t v\u00e0 cung c\u1ea5p b\u00ecnh \u0111\u1ef1ng n\u01b0\u1edbc th\u1ee7y tinh hai l\u1edbp t\u1ed1t nh\u1ea5t, ch\u00fang t\u00f4i tham gia s\u1ea3n xu\u1ea5t b\u00ecnh \u0111\u1ef1ng n\u01b0\u1edbc ch\u1ea5t l\u01b0\u1ee3ng t\u1ed1t. Ch\u00fang t\u00f4i n\u1ed3ng nhi\u1ec7t ch\u00e0o \u0111\u00f3n b\u1ea1n \u0111\u1ebfn b\u00e1n bu\u00f4n ho\u1eb7c mua b\u00ecnh \u0111\u1ef1ng n\u01b0\u1edbc th\u1ee7y tinh hai l\u1edbp t\u00f9y ch\u1ec9nh v\u1edbi gi\u00e1 c\u1ea3 c\u1ea1nh tranh t\u1eeb ch\u00fang t\u00f4i. Ngo\u00e0i ra, ch\u00fang t\u00f4i c\u0169ng ch\u1ea5p nh\u1eadn \u0111\u01a1n \u0111\u1eb7t h\u00e0ng s\u1ed1 l\u01b0\u1ee3ng nh\u1ecf.","robots":{"index":"index","follow":"follow","max-snippet":"max-snippet:-1","max-image-preview":"max-image-preview:large","max-video-preview":"max-video-preview:-1"},"canonical":"https:\/\/www.dillerbottle.com\/vn\/cac-san-pham\/binh-dung-nuoc-thuy-tinh-hai-lop","og_locale":"vi_VN","og_type":"article","og_title":"Double-layer Glass Water Bottle","og_description":"As one of the best double-layer glass water bottle manufacturers and suppliers, we are engaged in manufacturing good quality water bottles. We warmly welcome you to wholesale or buy custom made double-layer glass water bottle at competitive price from us. Also, small quantity orders are acceptable.","og_url":"https:\/\/www.dillerbottle.com\/vn\/cac-san-pham\/binh-dung-nuoc-thuy-tinh-hai-lop","og_site_name":"Diller Water Bottle Manufacturer","article_modified_time":"2025-07-09T09:10:30+00:00","og_image":[{"width":730,"height":730,"url":"https:\/\/www.dillerbottle.com\/wp-content\/uploads\/2024\/09\/double-layer-glass-water-bottled9302515-f49b-45da-ba71-2afcb1a4d415.jpg","type":"image\/jpeg"}],"twitter_card":"summary_large_image","twitter_misc":{"\u01af\u1edbc t\u00ednh th\u1eddi gian \u0111\u1ecdc":"5 ph\u00fat"},"schema":{"@context":"https:\/\/schema.org","@graph":[{"@type":"WebPage","@id":"https:\/\/www.dillerbottle.com\/products\/double-layer-glass-water-bottle","url":"https:\/\/www.dillerbottle.com\/products\/double-layer-glass-water-bottle","name":"B\u00ecnh n\u01b0\u1edbc th\u1ee7y tinh hai l\u1edbp - Nh\u00e0 s\u1ea3n xu\u1ea5t b\u00ecnh n\u01b0\u1edbc Diller","isPartOf":{"@id":"https:\/\/www.dillerbottle.com\/#website"},"primaryImageOfPage":{"@id":"https:\/\/www.dillerbottle.com\/products\/double-layer-glass-water-bottle#primaryimage"},"image":{"@id":"https:\/\/www.dillerbottle.com\/products\/double-layer-glass-water-bottle#primaryimage"},"thumbnailUrl":"https:\/\/www.dillerbottle.com\/wp-content\/uploads\/2024\/09\/double-layer-glass-water-bottled9302515-f49b-45da-ba71-2afcb1a4d415.jpg","datePublished":"2024-09-29T01:54:49+00:00","dateModified":"2025-07-09T09:10:30+00:00","description":"L\u00e0 m\u1ed9t trong nh\u1eefng nh\u00e0 s\u1ea3n xu\u1ea5t v\u00e0 cung c\u1ea5p b\u00ecnh \u0111\u1ef1ng n\u01b0\u1edbc th\u1ee7y tinh hai l\u1edbp t\u1ed1t nh\u1ea5t, ch\u00fang t\u00f4i tham gia s\u1ea3n xu\u1ea5t b\u00ecnh \u0111\u1ef1ng n\u01b0\u1edbc ch\u1ea5t l\u01b0\u1ee3ng t\u1ed1t. Ch\u00fang t\u00f4i n\u1ed3ng nhi\u1ec7t ch\u00e0o \u0111\u00f3n b\u1ea1n \u0111\u1ebfn b\u00e1n bu\u00f4n ho\u1eb7c mua b\u00ecnh \u0111\u1ef1ng n\u01b0\u1edbc th\u1ee7y tinh hai l\u1edbp t\u00f9y ch\u1ec9nh v\u1edbi gi\u00e1 c\u1ea3 c\u1ea1nh tranh t\u1eeb ch\u00fang t\u00f4i. Ngo\u00e0i ra, ch\u00fang t\u00f4i c\u0169ng ch\u1ea5p nh\u1eadn \u0111\u01a1n \u0111\u1eb7t h\u00e0ng s\u1ed1 l\u01b0\u1ee3ng nh\u1ecf.","breadcrumb":{"@id":"https:\/\/www.dillerbottle.com\/products\/double-layer-glass-water-bottle#breadcrumb"},"inLanguage":"vi","potentialAction":[{"@type":"ReadAction","target":["https:\/\/www.dillerbottle.com\/products\/double-layer-glass-water-bottle"]}]},{"@type":"ImageObject","inLanguage":"vi","@id":"https:\/\/www.dillerbottle.com\/products\/double-layer-glass-water-bottle#primaryimage","url":"https:\/\/www.dillerbottle.com\/wp-content\/uploads\/2024\/09\/double-layer-glass-water-bottled9302515-f49b-45da-ba71-2afcb1a4d415.jpg","contentUrl":"https:\/\/www.dillerbottle.com\/wp-content\/uploads\/2024\/09\/double-layer-glass-water-bottled9302515-f49b-45da-ba71-2afcb1a4d415.jpg","width":730,"height":730},{"@type":"BreadcrumbList","@id":"https:\/\/www.dillerbottle.com\/products\/double-layer-glass-water-bottle#breadcrumb","itemListElement":[{"@type":"ListItem","position":1,"name":"Home","item":"https:\/\/www.dillerbottle.com\/"},{"@type":"ListItem","position":2,"name":"Products","item":"https:\/\/www.dillerbottle.com\/shop"},{"@type":"ListItem","position":3,"name":"Double-layer Glass Water Bottle"}]},{"@type":"WebSite","@id":"https:\/\/www.dillerbottle.com\/#website","url":"https:\/\/www.dillerbottle.com\/","name":"Nh\u00e0 s\u1ea3n xu\u1ea5t b\u00ecnh n\u01b0\u1edbc Diller","description":"Nh\u00e0 s\u1ea3n xu\u1ea5t b\u00ecnh n\u01b0\u1edbc","publisher":{"@id":"https:\/\/www.dillerbottle.com\/#organization"},"potentialAction":[{"@type":"SearchAction","target":{"@type":"EntryPoint","urlTemplate":"https:\/\/www.dillerbottle.com\/?s={search_term_string}"},"query-input":{"@type":"PropertyValueSpecification","valueRequired":true,"valueName":"search_term_string"}}],"inLanguage":"vi"},{"@type":"Organization","@id":"https:\/\/www.dillerbottle.com\/#organization","name":"Nh\u00e0 s\u1ea3n xu\u1ea5t b\u00ecnh n\u01b0\u1edbc Diller","url":"https:\/\/www.dillerbottle.com\/","logo":{"@type":"ImageObject","inLanguage":"vi","@id":"https:\/\/www.dillerbottle.com\/#\/schema\/logo\/image\/","url":"https:\/\/www.dillerbottle.com\/wp-content\/uploads\/2024\/09\/49918bfa848dcc1e9f8b509933603ac.png","contentUrl":"https:\/\/www.dillerbottle.com\/wp-content\/uploads\/2024\/09\/49918bfa848dcc1e9f8b509933603ac.png","width":988,"height":198,"caption":"Diller Water Bottle Manufacturer"},"image":{"@id":"https:\/\/www.dillerbottle.com\/#\/schema\/logo\/image\/"}}]}},"_links":{"self":[{"href":"https:\/\/www.dillerbottle.com\/vn\/wp-json\/wp\/v2\/product\/7017","targetHints":{"allow":["GET"]}}],"collection":[{"href":"https:\/\/www.dillerbottle.com\/vn\/wp-json\/wp\/v2\/product"}],"about":[{"href":"https:\/\/www.dillerbottle.com\/vn\/wp-json\/wp\/v2\/types\/product"}],"replies":[{"embeddable":true,"href":"https:\/\/www.dillerbottle.com\/vn\/wp-json\/wp\/v2\/comments?post=7017"}],"wp:featuredmedia":[{"embeddable":true,"href":"https:\/\/www.dillerbottle.com\/vn\/wp-json\/wp\/v2\/media\/7018"}],"wp:attachment":[{"href":"https:\/\/www.dillerbottle.com\/vn\/wp-json\/wp\/v2\/media?parent=7017"}],"wp:term":[{"taxonomy":"product_brand","embeddable":true,"href":"https:\/\/www.dillerbottle.com\/vn\/wp-json\/wp\/v2\/product_brand?post=7017"},{"taxonomy":"product_cat","embeddable":true,"href":"https:\/\/www.dillerbottle.com\/vn\/wp-json\/wp\/v2\/product_cat?post=7017"},{"taxonomy":"product_tag","embeddable":true,"href":"https:\/\/www.dillerbottle.com\/vn\/wp-json\/wp\/v2\/product_tag?post=7017"}],"curies":[{"name":"wp","href":"https:\/\/api.w.org\/{rel}","templated":true}]}}