{"id":7399,"date":"2024-09-29T09:59:15","date_gmt":"2024-09-29T01:59:15","guid":{"rendered":"https:\/\/demo.dillerbottle.com\/uncategorized\/small-glass-drinking-bottles"},"modified":"2025-07-09T16:56:22","modified_gmt":"2025-07-09T08:56:22","slug":"chai-thuy-tinh-nho-dung-nuoc-uong","status":"publish","type":"product","link":"https:\/\/www.dillerbottle.com\/vn\/products\/small-glass-drinking-bottles","title":{"rendered":"Chai th\u1ee7y tinh u\u1ed1ng n\u01b0\u1edbc nh\u1ecf"},"content":{"rendered":"<p>1.;B\u00ecnh \u0111\u1ef1ng n\u01b0\u1edbc b\u1eb1ng th\u1ee7y tinh c\u00f3 n\u1eafp nh\u1ef1a PP kh\u00f4ng ch\u1ee9a BPA \u0111\u00e3 \u0111\u01b0\u1ee3c FDA ch\u1ea5p thu\u1eadn, c\u00f3 l\u1edbp l\u00f3t b\u1eb1ng silicon gi\u00fap ch\u1ed1ng r\u00f2 r\u1ec9 v\u00e0 tr\u00e0n.<br \/>\n2. B\u00ecnh \u0111\u1ef1ng n\u01b0\u1edbc b\u1eb1ng th\u1ee7y tinh trong su\u1ed1t \u0111\u01b0\u1ee3c l\u00e0m b\u1eb1ng th\u1ee7y tinh borosilicate.<br \/>\n3.;Nh\u1eefng chai th\u1ee7y tinh nh\u1ecf n\u00e0y c\u00f3 th\u1ec3 ch\u1ee9a t\u1edbi 300 ml n\u01b0\u1edbc, n\u01b0\u1edbc tr\u00e1i c\u00e2y, tr\u00e0, sinh t\u1ed1, kombucha, c\u00e0 ph\u00ea l\u1ea1nh v\u00e0 c\u00e1c lo\u1ea1i \u0111\u1ed3 u\u1ed1ng kh\u00e1c. C\u00f3 mi\u1ec7ng m\u1edf l\u1edbn h\u01a1n b\u00ecnh th\u01b0\u1eddng \u0111\u1ec3 d\u1ec5 d\u00e0ng \u0111\u1ed5 \u0111\u1ea7y v\u00e0 n\u1ea1p l\u1ea1i. Chai v\u00e0 n\u1eafp c\u00f3 th\u1ec3 r\u1eeda b\u1eb1ng m\u00e1y r\u1eeda ch\u00e9n.<\/p>\n<div style=\"border: 0px; --tw-border-spacing-x: 0; --tw-border-spacing-y: 0; --tw-translate-x: 0; --tw-translate-y: 0; --tw-rotate: 0; --tw-skew-x: 0; --tw-skew-y: 0; --tw-scale-x: 1; --tw-scale-y: 1; ;--tw-scroll-snap-strictness: proximity; ;--tw-ring-offset-width: 0px; --tw-ring-offset-color: #fff; --tw-ring-offset-shadow: 0 0 #0000; --tw-ring-shadow: 0 0 #0000; --tw-shadow: 0 0 #0000; --tw-shadow-colored: 0 0 #0000; ;margin-top: 20px; margin-bottom: 20px; line-height: inherit; font-family: sans-serif; vertical-align: baseline;\"><\/div>","protected":false},"excerpt":{"rendered":"<p>T\u00ednh n\u0103ng: 1.<br \/>\nB\u00ecnh \u0111\u1ef1ng n\u01b0\u1edbc b\u1eb1ng th\u1ee7y tinh c\u00f3 n\u1eafp nh\u1ef1a PP kh\u00f4ng ch\u1ee9a BPA \u0111\u00e3 \u0111\u01b0\u1ee3c FDA ch\u1ea5p thu\u1eadn, c\u00f3 l\u1edbp l\u00f3t b\u1eb1ng silicon gi\u00fap ch\u1ed1ng r\u00f2 r\u1ec9 v\u00e0 tr\u00e0n.<br \/>\n2.<br \/>\nB\u00ecnh \u0111\u1ef1ng n\u01b0\u1edbc b\u1eb1ng th\u1ee7y tinh trong su\u1ed1t \u0111\u01b0\u1ee3c l\u00e0m b\u1eb1ng th\u1ee7y tinh borosilicate.<br \/>\n3.<br \/>\nNh\u1eefng chai th\u1ee7y tinh nh\u1ecf n\u00e0y c\u00f3 th\u1ec3 ch\u1ee9a t\u1edbi 300 ml n\u01b0\u1edbc, n\u01b0\u1edbc tr\u00e1i c\u00e2y, tr\u00e0, sinh t\u1ed1, kombucha, c\u00e0 ph\u00ea l\u1ea1nh v\u00e0 c\u00e1c lo\u1ea1i \u0111\u1ed3 u\u1ed1ng kh\u00e1c.<br \/>\nC\u00f3 mi\u1ec7ng b\u00ecnh l\u1edbn h\u01a1n b\u00ecnh th\u01b0\u1eddng gi\u00fap d\u1ec5 d\u00e0ng \u0111\u1ed5 \u0111\u1ea7y v\u00e0 l\u00e0m \u0111\u1ea7y l\u1ea1i.<br \/>\nB\u00ecnh v\u00e0 n\u1eafp c\u00f3 th\u1ec3 r\u1eeda b\u1eb1ng m\u00e1y r\u1eeda ch\u00e9n.<\/p>","protected":false},"featured_media":7400,"comment_status":"open","ping_status":"closed","template":"","meta":{"_acf_changed":false},"product_brand":[],"product_cat":[310],"product_tag":[592,575,32,36,33,586,31,39,591,614,38,29,37,34,35,642,28,594,30],"class_list":{"0":"post-7399","1":"product","2":"type-product","3":"status-publish","4":"has-post-thumbnail","6":"product_cat-glass-water-bottle","7":"product_tag-1-liter-water-bottle","8":"product_tag-2000ml-water-bottle","9":"product_tag-best","10":"product_tag-bulk","11":"product_tag-buy","12":"product_tag-clear-water-bottle-glass","13":"product_tag-custom","14":"product_tag-for-sale","15":"product_tag-glass-water-bottle","16":"product_tag-glass-water-bottle-with-infuser","17":"product_tag-good-quality","18":"product_tag-manufacturers","19":"product_tag-manufacturing","20":"product_tag-price","21":"product_tag-small","22":"product_tag-small-glass-drinking-bottles","23":"product_tag-suppliers","24":"product_tag-water-bottle-cheap","25":"product_tag-wholesale","27":"first","28":"instock","29":"shipping-taxable","30":"product-type-simple"},"acf":[],"yoast_head":"<!-- This site is optimized with the Yoast SEO Premium plugin v27.4 (Yoast SEO v27.4) - https:\/\/yoast.com\/product\/yoast-seo-premium-wordpress\/ -->\n<title>Small Glass Drinking Bottles - Diller Water Bottle Manufacturer<\/title>\n<meta name=\"description\" content=\"As one of the best small glass drinking bottles manufacturers and suppliers, we are engaged in manufacturing good quality water bottles. We warmly welcome you to wholesale or buy custom made small glass drinking bottles at competitive price from us. Also, small quantity orders are acceptable.\" \/>\n<meta name=\"robots\" content=\"index, follow, max-snippet:-1, max-image-preview:large, max-video-preview:-1\" \/>\n<link rel=\"canonical\" href=\"https:\/\/www.dillerbottle.com\/vn\/cac-san-pham\/chai-thuy-tinh-nho-dung-nuoc-uong\" \/>\n<meta property=\"og:locale\" content=\"vi_VN\" \/>\n<meta property=\"og:type\" content=\"article\" \/>\n<meta property=\"og:title\" content=\"Small Glass Drinking Bottles\" \/>\n<meta property=\"og:description\" content=\"As one of the best small glass drinking bottles manufacturers and suppliers, we are engaged in manufacturing good quality water bottles. We warmly welcome you to wholesale or buy custom made small glass drinking bottles at competitive price from us. Also, small quantity orders are acceptable.\" \/>\n<meta property=\"og:url\" content=\"https:\/\/www.dillerbottle.com\/vn\/cac-san-pham\/chai-thuy-tinh-nho-dung-nuoc-uong\" \/>\n<meta property=\"og:site_name\" content=\"Diller Water Bottle Manufacturer\" \/>\n<meta property=\"article:modified_time\" content=\"2025-07-09T08:56:22+00:00\" \/>\n<meta property=\"og:image\" content=\"https:\/\/www.dillerbottle.com\/wp-content\/uploads\/2024\/09\/small-glass-drinking-bottlesd3018588-d236-42f8-b6b5-08943b4a5c21.jpg\" \/>\n\t<meta property=\"og:image:width\" content=\"730\" \/>\n\t<meta property=\"og:image:height\" content=\"730\" \/>\n\t<meta property=\"og:image:type\" content=\"image\/jpeg\" \/>\n<meta name=\"twitter:card\" content=\"summary_large_image\" \/>\n<meta name=\"twitter:label1\" content=\"\u01af\u1edbc t\u00ednh th\u1eddi gian \u0111\u1ecdc\" \/>\n\t<meta name=\"twitter:data1\" content=\"5 ph\u00fat\" \/>\n<script type=\"application\/ld+json\" class=\"yoast-schema-graph\">{\"@context\":\"https:\\\/\\\/schema.org\",\"@graph\":[{\"@type\":\"WebPage\",\"@id\":\"https:\\\/\\\/www.dillerbottle.com\\\/products\\\/small-glass-drinking-bottles\",\"url\":\"https:\\\/\\\/www.dillerbottle.com\\\/products\\\/small-glass-drinking-bottles\",\"name\":\"Small Glass Drinking Bottles - Diller Water Bottle Manufacturer\",\"isPartOf\":{\"@id\":\"https:\\\/\\\/www.dillerbottle.com\\\/#website\"},\"primaryImageOfPage\":{\"@id\":\"https:\\\/\\\/www.dillerbottle.com\\\/products\\\/small-glass-drinking-bottles#primaryimage\"},\"image\":{\"@id\":\"https:\\\/\\\/www.dillerbottle.com\\\/products\\\/small-glass-drinking-bottles#primaryimage\"},\"thumbnailUrl\":\"https:\\\/\\\/www.dillerbottle.com\\\/wp-content\\\/uploads\\\/2024\\\/09\\\/small-glass-drinking-bottlesd3018588-d236-42f8-b6b5-08943b4a5c21.jpg\",\"datePublished\":\"2024-09-29T01:59:15+00:00\",\"dateModified\":\"2025-07-09T08:56:22+00:00\",\"description\":\"As one of the best small glass drinking bottles manufacturers and suppliers, we are engaged in manufacturing good quality water bottles. We warmly welcome you to wholesale or buy custom made small glass drinking bottles at competitive price from us. Also, small quantity orders are acceptable.\",\"breadcrumb\":{\"@id\":\"https:\\\/\\\/www.dillerbottle.com\\\/products\\\/small-glass-drinking-bottles#breadcrumb\"},\"inLanguage\":\"vi\",\"potentialAction\":[{\"@type\":\"ReadAction\",\"target\":[\"https:\\\/\\\/www.dillerbottle.com\\\/products\\\/small-glass-drinking-bottles\"]}]},{\"@type\":\"ImageObject\",\"inLanguage\":\"vi\",\"@id\":\"https:\\\/\\\/www.dillerbottle.com\\\/products\\\/small-glass-drinking-bottles#primaryimage\",\"url\":\"https:\\\/\\\/www.dillerbottle.com\\\/wp-content\\\/uploads\\\/2024\\\/09\\\/small-glass-drinking-bottlesd3018588-d236-42f8-b6b5-08943b4a5c21.jpg\",\"contentUrl\":\"https:\\\/\\\/www.dillerbottle.com\\\/wp-content\\\/uploads\\\/2024\\\/09\\\/small-glass-drinking-bottlesd3018588-d236-42f8-b6b5-08943b4a5c21.jpg\",\"width\":730,\"height\":730},{\"@type\":\"BreadcrumbList\",\"@id\":\"https:\\\/\\\/www.dillerbottle.com\\\/products\\\/small-glass-drinking-bottles#breadcrumb\",\"itemListElement\":[{\"@type\":\"ListItem\",\"position\":1,\"name\":\"Home\",\"item\":\"https:\\\/\\\/www.dillerbottle.com\\\/\"},{\"@type\":\"ListItem\",\"position\":2,\"name\":\"Products\",\"item\":\"https:\\\/\\\/www.dillerbottle.com\\\/shop\"},{\"@type\":\"ListItem\",\"position\":3,\"name\":\"Small Glass Drinking Bottles\"}]},{\"@type\":\"WebSite\",\"@id\":\"https:\\\/\\\/www.dillerbottle.com\\\/#website\",\"url\":\"https:\\\/\\\/www.dillerbottle.com\\\/\",\"name\":\"Diller Water Bottle Manufacturer\",\"description\":\"Water Bottle Manufacturer\",\"publisher\":{\"@id\":\"https:\\\/\\\/www.dillerbottle.com\\\/#organization\"},\"potentialAction\":[{\"@type\":\"SearchAction\",\"target\":{\"@type\":\"EntryPoint\",\"urlTemplate\":\"https:\\\/\\\/www.dillerbottle.com\\\/?s={search_term_string}\"},\"query-input\":{\"@type\":\"PropertyValueSpecification\",\"valueRequired\":true,\"valueName\":\"search_term_string\"}}],\"inLanguage\":\"vi\"},{\"@type\":\"Organization\",\"@id\":\"https:\\\/\\\/www.dillerbottle.com\\\/#organization\",\"name\":\"Diller Water Bottle Manufacturer\",\"url\":\"https:\\\/\\\/www.dillerbottle.com\\\/\",\"logo\":{\"@type\":\"ImageObject\",\"inLanguage\":\"vi\",\"@id\":\"https:\\\/\\\/www.dillerbottle.com\\\/#\\\/schema\\\/logo\\\/image\\\/\",\"url\":\"https:\\\/\\\/www.dillerbottle.com\\\/wp-content\\\/uploads\\\/2024\\\/09\\\/49918bfa848dcc1e9f8b509933603ac.png\",\"contentUrl\":\"https:\\\/\\\/www.dillerbottle.com\\\/wp-content\\\/uploads\\\/2024\\\/09\\\/49918bfa848dcc1e9f8b509933603ac.png\",\"width\":988,\"height\":198,\"caption\":\"Diller Water Bottle Manufacturer\"},\"image\":{\"@id\":\"https:\\\/\\\/www.dillerbottle.com\\\/#\\\/schema\\\/logo\\\/image\\\/\"}}]}<\/script>\n<!-- \/ Yoast SEO Premium plugin. -->","yoast_head_json":{"title":"Chai th\u1ee7y tinh u\u1ed1ng n\u01b0\u1edbc nh\u1ecf - Nh\u00e0 s\u1ea3n xu\u1ea5t chai n\u01b0\u1edbc Diller","description":"L\u00e0 m\u1ed9t trong nh\u1eefng nh\u00e0 s\u1ea3n xu\u1ea5t v\u00e0 cung c\u1ea5p chai th\u1ee7y tinh nh\u1ecf t\u1ed1t nh\u1ea5t, ch\u00fang t\u00f4i tham gia s\u1ea3n xu\u1ea5t chai n\u01b0\u1edbc ch\u1ea5t l\u01b0\u1ee3ng t\u1ed1t. Ch\u00fang t\u00f4i n\u1ed3ng nhi\u1ec7t ch\u00e0o \u0111\u00f3n b\u1ea1n \u0111\u1ebfn b\u00e1n bu\u00f4n ho\u1eb7c mua chai th\u1ee7y tinh nh\u1ecf t\u00f9y ch\u1ec9nh v\u1edbi gi\u00e1 c\u1ea1nh tranh t\u1eeb ch\u00fang t\u00f4i. Ngo\u00e0i ra, ch\u00fang t\u00f4i ch\u1ea5p nh\u1eadn \u0111\u01a1n \u0111\u1eb7t h\u00e0ng s\u1ed1 l\u01b0\u1ee3ng nh\u1ecf.","robots":{"index":"index","follow":"follow","max-snippet":"max-snippet:-1","max-image-preview":"max-image-preview:large","max-video-preview":"max-video-preview:-1"},"canonical":"https:\/\/www.dillerbottle.com\/vn\/cac-san-pham\/chai-thuy-tinh-nho-dung-nuoc-uong","og_locale":"vi_VN","og_type":"article","og_title":"Small Glass Drinking Bottles","og_description":"As one of the best small glass drinking bottles manufacturers and suppliers, we are engaged in manufacturing good quality water bottles. We warmly welcome you to wholesale or buy custom made small glass drinking bottles at competitive price from us. Also, small quantity orders are acceptable.","og_url":"https:\/\/www.dillerbottle.com\/vn\/cac-san-pham\/chai-thuy-tinh-nho-dung-nuoc-uong","og_site_name":"Diller Water Bottle Manufacturer","article_modified_time":"2025-07-09T08:56:22+00:00","og_image":[{"width":730,"height":730,"url":"https:\/\/www.dillerbottle.com\/wp-content\/uploads\/2024\/09\/small-glass-drinking-bottlesd3018588-d236-42f8-b6b5-08943b4a5c21.jpg","type":"image\/jpeg"}],"twitter_card":"summary_large_image","twitter_misc":{"\u01af\u1edbc t\u00ednh th\u1eddi gian \u0111\u1ecdc":"5 ph\u00fat"},"schema":{"@context":"https:\/\/schema.org","@graph":[{"@type":"WebPage","@id":"https:\/\/www.dillerbottle.com\/products\/small-glass-drinking-bottles","url":"https:\/\/www.dillerbottle.com\/products\/small-glass-drinking-bottles","name":"Chai th\u1ee7y tinh u\u1ed1ng n\u01b0\u1edbc nh\u1ecf - Nh\u00e0 s\u1ea3n xu\u1ea5t chai n\u01b0\u1edbc Diller","isPartOf":{"@id":"https:\/\/www.dillerbottle.com\/#website"},"primaryImageOfPage":{"@id":"https:\/\/www.dillerbottle.com\/products\/small-glass-drinking-bottles#primaryimage"},"image":{"@id":"https:\/\/www.dillerbottle.com\/products\/small-glass-drinking-bottles#primaryimage"},"thumbnailUrl":"https:\/\/www.dillerbottle.com\/wp-content\/uploads\/2024\/09\/small-glass-drinking-bottlesd3018588-d236-42f8-b6b5-08943b4a5c21.jpg","datePublished":"2024-09-29T01:59:15+00:00","dateModified":"2025-07-09T08:56:22+00:00","description":"L\u00e0 m\u1ed9t trong nh\u1eefng nh\u00e0 s\u1ea3n xu\u1ea5t v\u00e0 cung c\u1ea5p chai th\u1ee7y tinh nh\u1ecf t\u1ed1t nh\u1ea5t, ch\u00fang t\u00f4i tham gia s\u1ea3n xu\u1ea5t chai n\u01b0\u1edbc ch\u1ea5t l\u01b0\u1ee3ng t\u1ed1t. Ch\u00fang t\u00f4i n\u1ed3ng nhi\u1ec7t ch\u00e0o \u0111\u00f3n b\u1ea1n \u0111\u1ebfn b\u00e1n bu\u00f4n ho\u1eb7c mua chai th\u1ee7y tinh nh\u1ecf t\u00f9y ch\u1ec9nh v\u1edbi gi\u00e1 c\u1ea1nh tranh t\u1eeb ch\u00fang t\u00f4i. Ngo\u00e0i ra, ch\u00fang t\u00f4i ch\u1ea5p nh\u1eadn \u0111\u01a1n \u0111\u1eb7t h\u00e0ng s\u1ed1 l\u01b0\u1ee3ng nh\u1ecf.","breadcrumb":{"@id":"https:\/\/www.dillerbottle.com\/products\/small-glass-drinking-bottles#breadcrumb"},"inLanguage":"vi","potentialAction":[{"@type":"ReadAction","target":["https:\/\/www.dillerbottle.com\/products\/small-glass-drinking-bottles"]}]},{"@type":"ImageObject","inLanguage":"vi","@id":"https:\/\/www.dillerbottle.com\/products\/small-glass-drinking-bottles#primaryimage","url":"https:\/\/www.dillerbottle.com\/wp-content\/uploads\/2024\/09\/small-glass-drinking-bottlesd3018588-d236-42f8-b6b5-08943b4a5c21.jpg","contentUrl":"https:\/\/www.dillerbottle.com\/wp-content\/uploads\/2024\/09\/small-glass-drinking-bottlesd3018588-d236-42f8-b6b5-08943b4a5c21.jpg","width":730,"height":730},{"@type":"BreadcrumbList","@id":"https:\/\/www.dillerbottle.com\/products\/small-glass-drinking-bottles#breadcrumb","itemListElement":[{"@type":"ListItem","position":1,"name":"Home","item":"https:\/\/www.dillerbottle.com\/"},{"@type":"ListItem","position":2,"name":"Products","item":"https:\/\/www.dillerbottle.com\/shop"},{"@type":"ListItem","position":3,"name":"Small Glass Drinking Bottles"}]},{"@type":"WebSite","@id":"https:\/\/www.dillerbottle.com\/#website","url":"https:\/\/www.dillerbottle.com\/","name":"Nh\u00e0 s\u1ea3n xu\u1ea5t b\u00ecnh n\u01b0\u1edbc Diller","description":"Nh\u00e0 s\u1ea3n xu\u1ea5t b\u00ecnh n\u01b0\u1edbc","publisher":{"@id":"https:\/\/www.dillerbottle.com\/#organization"},"potentialAction":[{"@type":"SearchAction","target":{"@type":"EntryPoint","urlTemplate":"https:\/\/www.dillerbottle.com\/?s={search_term_string}"},"query-input":{"@type":"PropertyValueSpecification","valueRequired":true,"valueName":"search_term_string"}}],"inLanguage":"vi"},{"@type":"Organization","@id":"https:\/\/www.dillerbottle.com\/#organization","name":"Nh\u00e0 s\u1ea3n xu\u1ea5t b\u00ecnh n\u01b0\u1edbc Diller","url":"https:\/\/www.dillerbottle.com\/","logo":{"@type":"ImageObject","inLanguage":"vi","@id":"https:\/\/www.dillerbottle.com\/#\/schema\/logo\/image\/","url":"https:\/\/www.dillerbottle.com\/wp-content\/uploads\/2024\/09\/49918bfa848dcc1e9f8b509933603ac.png","contentUrl":"https:\/\/www.dillerbottle.com\/wp-content\/uploads\/2024\/09\/49918bfa848dcc1e9f8b509933603ac.png","width":988,"height":198,"caption":"Diller Water Bottle Manufacturer"},"image":{"@id":"https:\/\/www.dillerbottle.com\/#\/schema\/logo\/image\/"}}]}},"_links":{"self":[{"href":"https:\/\/www.dillerbottle.com\/vn\/wp-json\/wp\/v2\/product\/7399","targetHints":{"allow":["GET"]}}],"collection":[{"href":"https:\/\/www.dillerbottle.com\/vn\/wp-json\/wp\/v2\/product"}],"about":[{"href":"https:\/\/www.dillerbottle.com\/vn\/wp-json\/wp\/v2\/types\/product"}],"replies":[{"embeddable":true,"href":"https:\/\/www.dillerbottle.com\/vn\/wp-json\/wp\/v2\/comments?post=7399"}],"wp:featuredmedia":[{"embeddable":true,"href":"https:\/\/www.dillerbottle.com\/vn\/wp-json\/wp\/v2\/media\/7400"}],"wp:attachment":[{"href":"https:\/\/www.dillerbottle.com\/vn\/wp-json\/wp\/v2\/media?parent=7399"}],"wp:term":[{"taxonomy":"product_brand","embeddable":true,"href":"https:\/\/www.dillerbottle.com\/vn\/wp-json\/wp\/v2\/product_brand?post=7399"},{"taxonomy":"product_cat","embeddable":true,"href":"https:\/\/www.dillerbottle.com\/vn\/wp-json\/wp\/v2\/product_cat?post=7399"},{"taxonomy":"product_tag","embeddable":true,"href":"https:\/\/www.dillerbottle.com\/vn\/wp-json\/wp\/v2\/product_tag?post=7399"}],"curies":[{"name":"wp","href":"https:\/\/api.w.org\/{rel}","templated":true}]}}