{"id":7527,"date":"2024-09-29T10:00:35","date_gmt":"2024-09-29T02:00:35","guid":{"rendered":"https:\/\/demo.dillerbottle.com\/uncategorized\/silicone-sleeve-glass-water-bottle"},"modified":"2025-07-09T16:54:26","modified_gmt":"2025-07-09T08:54:26","slug":"binh-dung-nuoc-thuy-tinh-co-tay-cam-bang-silicon","status":"publish","type":"product","link":"https:\/\/www.dillerbottle.com\/vn\/products\/silicone-sleeve-glass-water-bottle","title":{"rendered":"B\u00ecnh \u0111\u1ef1ng n\u01b0\u1edbc th\u1ee7y tinh c\u00f3 tay c\u1ea7m b\u1eb1ng silicon"},"content":{"rendered":"<p>1. V\u1ecf b\u1ecdc silicon c\u1ea5p th\u1ef1c ph\u1ea9m cung c\u1ea5p kh\u1ea3 n\u0103ng b\u1ea3o v\u1ec7 ch\u1ed1ng va \u0111\u1eadp t\u1ed1i \u0111a v\u00e0 th\u01b0\u1eddng c\u00f3 th\u1ec3 ch\u1ecbu \u0111\u01b0\u1ee3c c\u00e1c \u0111\u1ea7u nh\u1ecdn v\u00e0 r\u01a1i ng\u1eafn. C\u00f3 \u0111\u1ed9 b\u00e1m, b\u1ea3o v\u1ec7 v\u00e0 c\u00f3 th\u1ec3 th\u00e1o r\u1eddi, v\u1ecf b\u1ecdc Origin gi\u00fap d\u1ec5 c\u1ea7m v\u00e0 y\u00ean t\u0129nh khi \u0111\u1eb7t xu\u1ed1ng. N\u00f3 di chuy\u1ec3n t\u1ed1t \u0111\u1ebfn ph\u00f2ng t\u1eadp th\u1ec3 d\u1ee5c, \u0111i l\u00e0m ho\u1eb7c khi di chuy\u1ec3n!<br \/>\n2.; C\u00f3 th\u1ec3 t\u00e1i s\u1eed d\u1ee5ng, t\u00e1i ch\u1ebf, b\u1ec1n v\u1eefng v\u00e0 th\u00e2n thi\u1ec7n v\u1edbi m\u00f4i tr\u01b0\u1eddng. N\u1eafp ch\u1ed1ng r\u00f2 r\u1ec9 c\u00f3 v\u00f2ng \u0111\u1ec7m silicon c\u1ea5p th\u1ef1c ph\u1ea9m n\u00ean kh\u00f4ng c\u00f3 ch\u1ea5t l\u1ecfng n\u00e0o ti\u1ebfp x\u00fac v\u1edbi nh\u1ef1a v\u00e0 kh\u00f4ng r\u00f2 r\u1ec9, kh\u00f4ng c\u00f3 m\u00f9i h\u00f3a ch\u1ea5t.;<br \/>\n3. N\u1eafp c\u00f3 d\u00e2y silicon di \u0111\u1ed9ng, d\u1ec5 d\u00e0ng mang theo.<\/p>","protected":false},"excerpt":{"rendered":"<p>T\u00ednh n\u0103ng: 1. V\u1ecf b\u1ecdc b\u1eb1ng silicon c\u1ea5p th\u1ef1c ph\u1ea9m cung c\u1ea5p kh\u1ea3 n\u0103ng b\u1ea3o v\u1ec7 t\u1ed1i \u0111a kh\u1ecfi t\u00e1c \u0111\u1ed9ng v\u00e0 th\u01b0\u1eddng c\u00f3 th\u1ec3 ch\u1ecbu \u0111\u01b0\u1ee3c c\u00e1c c\u00fa va ch\u1ea1m v\u00e0 r\u01a1i r\u1edbt nh\u1eb9.<br \/>\nC\u00f3 \u0111\u1ed9 b\u00e1m, b\u1ea3o v\u1ec7 v\u00e0 c\u00f3 th\u1ec3 th\u00e1o r\u1eddi, bao da Origin gi\u00fap b\u1ea1n d\u1ec5 d\u00e0ng c\u1ea7m n\u1eafm v\u00e0 y\u00ean t\u00e2m khi \u0111\u1eb7t xu\u1ed1ng.<br \/>\nC\u00f3 th\u1ec3 mang theo khi \u0111i t\u1eadp th\u1ec3 d\u1ee5c, \u0111i l\u00e0m ho\u1eb7c khi di chuy\u1ec3n! 2.<br \/>\nC\u00f3 th\u1ec3 t\u00e1i s\u1eed d\u1ee5ng, t\u00e1i ch\u1ebf, b\u1ec1n v\u1eefng v\u00e0 th\u00e2n thi\u1ec7n v\u1edbi m\u00f4i tr\u01b0\u1eddng\u2026<\/p>","protected":false},"featured_media":7528,"comment_status":"open","ping_status":"closed","template":"","meta":{"_acf_changed":false},"product_brand":[],"product_cat":[310],"product_tag":[583,32,36,33,31,39,597,38,604,29,37,587,571,34,652,35,28,30,589],"class_list":{"0":"post-7527","1":"product","2":"type-product","3":"status-publish","4":"has-post-thumbnail","6":"product_cat-glass-water-bottle","7":"product_tag-2023-new-water-bottle","8":"product_tag-best","9":"product_tag-bulk","10":"product_tag-buy","11":"product_tag-custom","12":"product_tag-for-sale","13":"product_tag-glass-water-bottle-with-time-marker","14":"product_tag-good-quality","15":"product_tag-logo-water-bottle","16":"product_tag-manufacturers","17":"product_tag-manufacturing","18":"product_tag-motivational-water-bottle-1-liter","19":"product_tag-multi-use-water-bottle","20":"product_tag-price","21":"product_tag-silicone-sleeve-glass-water-bottle","22":"product_tag-small","23":"product_tag-suppliers","24":"product_tag-wholesale","25":"product_tag-wholesale-gym-water-bottle","27":"first","28":"instock","29":"shipping-taxable","30":"product-type-simple"},"acf":[],"yoast_head":"<!-- This site is optimized with the Yoast SEO Premium plugin v27.5 (Yoast SEO v27.5) - https:\/\/yoast.com\/product\/yoast-seo-premium-wordpress\/ -->\n<title>Silicone Sleeve Glass Water Bottle - Diller Water Bottle Manufacturer<\/title>\n<meta name=\"description\" content=\"As one of the best silicone sleeve glass water bottle manufacturers and suppliers, we are engaged in manufacturing good quality water bottles. We warmly welcome you to wholesale or buy custom made silicone sleeve glass water bottle at competitive price from us. Also, small quantity orders are acceptable.\" \/>\n<meta name=\"robots\" content=\"index, follow, max-snippet:-1, max-image-preview:large, max-video-preview:-1\" \/>\n<link rel=\"canonical\" href=\"https:\/\/www.dillerbottle.com\/vn\/cac-san-pham\/binh-dung-nuoc-thuy-tinh-co-tay-cam-bang-silicon\" \/>\n<meta property=\"og:locale\" content=\"vi_VN\" \/>\n<meta property=\"og:type\" content=\"article\" \/>\n<meta property=\"og:title\" content=\"Silicone Sleeve Glass Water Bottle\" \/>\n<meta property=\"og:description\" content=\"As one of the best silicone sleeve glass water bottle manufacturers and suppliers, we are engaged in manufacturing good quality water bottles. We warmly welcome you to wholesale or buy custom made silicone sleeve glass water bottle at competitive price from us. Also, small quantity orders are acceptable.\" \/>\n<meta property=\"og:url\" content=\"https:\/\/www.dillerbottle.com\/vn\/cac-san-pham\/binh-dung-nuoc-thuy-tinh-co-tay-cam-bang-silicon\" \/>\n<meta property=\"og:site_name\" content=\"Diller Water Bottle Manufacturer\" \/>\n<meta property=\"article:modified_time\" content=\"2025-07-09T08:54:26+00:00\" \/>\n<meta property=\"og:image\" content=\"https:\/\/www.dillerbottle.com\/wp-content\/uploads\/2024\/09\/silicone-sleeve-glass-water-bottle49269348307.jpg\" \/>\n\t<meta property=\"og:image:width\" content=\"730\" \/>\n\t<meta property=\"og:image:height\" content=\"730\" \/>\n\t<meta property=\"og:image:type\" content=\"image\/jpeg\" \/>\n<meta name=\"twitter:card\" content=\"summary_large_image\" \/>\n<meta name=\"twitter:label1\" content=\"\u01af\u1edbc t\u00ednh th\u1eddi gian \u0111\u1ecdc\" \/>\n\t<meta name=\"twitter:data1\" content=\"2 ph\u00fat\" \/>\n<script type=\"application\/ld+json\" class=\"yoast-schema-graph\">{\"@context\":\"https:\\\/\\\/schema.org\",\"@graph\":[{\"@type\":\"WebPage\",\"@id\":\"https:\\\/\\\/www.dillerbottle.com\\\/ru\\\/%d0%bf%d1%80%d0%be%d0%b4%d1%83%d0%ba%d1%82%d1%8b\\\/%d1%81%d0%b8%d0%bb%d0%b8%d0%ba%d0%be%d0%bd%d0%be%d0%b2%d1%8b%d0%b9-%d1%87%d0%b5%d1%85%d0%be%d0%bb-%d1%81%d1%82%d0%b5%d0%ba%d0%bb%d1%8f%d0%bd%d0%bd%d0%b0%d1%8f-%d0%b1%d1%83%d1%82%d1%8b%d0%bb%d0%ba\",\"url\":\"https:\\\/\\\/www.dillerbottle.com\\\/ru\\\/%d0%bf%d1%80%d0%be%d0%b4%d1%83%d0%ba%d1%82%d1%8b\\\/%d1%81%d0%b8%d0%bb%d0%b8%d0%ba%d0%be%d0%bd%d0%be%d0%b2%d1%8b%d0%b9-%d1%87%d0%b5%d1%85%d0%be%d0%bb-%d1%81%d1%82%d0%b5%d0%ba%d0%bb%d1%8f%d0%bd%d0%bd%d0%b0%d1%8f-%d0%b1%d1%83%d1%82%d1%8b%d0%bb%d0%ba\",\"name\":\"Silicone Sleeve Glass Water Bottle - Diller Water Bottle Manufacturer\",\"isPartOf\":{\"@id\":\"https:\\\/\\\/www.dillerbottle.com\\\/#website\"},\"primaryImageOfPage\":{\"@id\":\"https:\\\/\\\/www.dillerbottle.com\\\/ru\\\/%d0%bf%d1%80%d0%be%d0%b4%d1%83%d0%ba%d1%82%d1%8b\\\/%d1%81%d0%b8%d0%bb%d0%b8%d0%ba%d0%be%d0%bd%d0%be%d0%b2%d1%8b%d0%b9-%d1%87%d0%b5%d1%85%d0%be%d0%bb-%d1%81%d1%82%d0%b5%d0%ba%d0%bb%d1%8f%d0%bd%d0%bd%d0%b0%d1%8f-%d0%b1%d1%83%d1%82%d1%8b%d0%bb%d0%ba#primaryimage\"},\"image\":{\"@id\":\"https:\\\/\\\/www.dillerbottle.com\\\/ru\\\/%d0%bf%d1%80%d0%be%d0%b4%d1%83%d0%ba%d1%82%d1%8b\\\/%d1%81%d0%b8%d0%bb%d0%b8%d0%ba%d0%be%d0%bd%d0%be%d0%b2%d1%8b%d0%b9-%d1%87%d0%b5%d1%85%d0%be%d0%bb-%d1%81%d1%82%d0%b5%d0%ba%d0%bb%d1%8f%d0%bd%d0%bd%d0%b0%d1%8f-%d0%b1%d1%83%d1%82%d1%8b%d0%bb%d0%ba#primaryimage\"},\"thumbnailUrl\":\"https:\\\/\\\/www.dillerbottle.com\\\/wp-content\\\/uploads\\\/2024\\\/09\\\/silicone-sleeve-glass-water-bottle49269348307.jpg\",\"datePublished\":\"2024-09-29T02:00:35+00:00\",\"dateModified\":\"2025-07-09T08:54:26+00:00\",\"description\":\"As one of the best silicone sleeve glass water bottle manufacturers and suppliers, we are engaged in manufacturing good quality water bottles. We warmly welcome you to wholesale or buy custom made silicone sleeve glass water bottle at competitive price from us. Also, small quantity orders are acceptable.\",\"breadcrumb\":{\"@id\":\"https:\\\/\\\/www.dillerbottle.com\\\/ru\\\/%d0%bf%d1%80%d0%be%d0%b4%d1%83%d0%ba%d1%82%d1%8b\\\/%d1%81%d0%b8%d0%bb%d0%b8%d0%ba%d0%be%d0%bd%d0%be%d0%b2%d1%8b%d0%b9-%d1%87%d0%b5%d1%85%d0%be%d0%bb-%d1%81%d1%82%d0%b5%d0%ba%d0%bb%d1%8f%d0%bd%d0%bd%d0%b0%d1%8f-%d0%b1%d1%83%d1%82%d1%8b%d0%bb%d0%ba#breadcrumb\"},\"inLanguage\":\"vi\",\"potentialAction\":[{\"@type\":\"ReadAction\",\"target\":[\"https:\\\/\\\/www.dillerbottle.com\\\/ru\\\/%d0%bf%d1%80%d0%be%d0%b4%d1%83%d0%ba%d1%82%d1%8b\\\/%d1%81%d0%b8%d0%bb%d0%b8%d0%ba%d0%be%d0%bd%d0%be%d0%b2%d1%8b%d0%b9-%d1%87%d0%b5%d1%85%d0%be%d0%bb-%d1%81%d1%82%d0%b5%d0%ba%d0%bb%d1%8f%d0%bd%d0%bd%d0%b0%d1%8f-%d0%b1%d1%83%d1%82%d1%8b%d0%bb%d0%ba\"]}]},{\"@type\":\"ImageObject\",\"inLanguage\":\"vi\",\"@id\":\"https:\\\/\\\/www.dillerbottle.com\\\/ru\\\/%d0%bf%d1%80%d0%be%d0%b4%d1%83%d0%ba%d1%82%d1%8b\\\/%d1%81%d0%b8%d0%bb%d0%b8%d0%ba%d0%be%d0%bd%d0%be%d0%b2%d1%8b%d0%b9-%d1%87%d0%b5%d1%85%d0%be%d0%bb-%d1%81%d1%82%d0%b5%d0%ba%d0%bb%d1%8f%d0%bd%d0%bd%d0%b0%d1%8f-%d0%b1%d1%83%d1%82%d1%8b%d0%bb%d0%ba#primaryimage\",\"url\":\"https:\\\/\\\/www.dillerbottle.com\\\/wp-content\\\/uploads\\\/2024\\\/09\\\/silicone-sleeve-glass-water-bottle49269348307.jpg\",\"contentUrl\":\"https:\\\/\\\/www.dillerbottle.com\\\/wp-content\\\/uploads\\\/2024\\\/09\\\/silicone-sleeve-glass-water-bottle49269348307.jpg\",\"width\":730,\"height\":730},{\"@type\":\"BreadcrumbList\",\"@id\":\"https:\\\/\\\/www.dillerbottle.com\\\/ru\\\/%d0%bf%d1%80%d0%be%d0%b4%d1%83%d0%ba%d1%82%d1%8b\\\/%d1%81%d0%b8%d0%bb%d0%b8%d0%ba%d0%be%d0%bd%d0%be%d0%b2%d1%8b%d0%b9-%d1%87%d0%b5%d1%85%d0%be%d0%bb-%d1%81%d1%82%d0%b5%d0%ba%d0%bb%d1%8f%d0%bd%d0%bd%d0%b0%d1%8f-%d0%b1%d1%83%d1%82%d1%8b%d0%bb%d0%ba#breadcrumb\",\"itemListElement\":[{\"@type\":\"ListItem\",\"position\":1,\"name\":\"Home\",\"item\":\"https:\\\/\\\/www.dillerbottle.com\\\/\"},{\"@type\":\"ListItem\",\"position\":2,\"name\":\"Products\",\"item\":\"https:\\\/\\\/www.dillerbottle.com\\\/shop\"},{\"@type\":\"ListItem\",\"position\":3,\"name\":\"Silicone Sleeve Glass Water Bottle\"}]},{\"@type\":\"WebSite\",\"@id\":\"https:\\\/\\\/www.dillerbottle.com\\\/#website\",\"url\":\"https:\\\/\\\/www.dillerbottle.com\\\/\",\"name\":\"Diller Water Bottle Manufacturer\",\"description\":\"Water Bottle Manufacturer\",\"publisher\":{\"@id\":\"https:\\\/\\\/www.dillerbottle.com\\\/#organization\"},\"potentialAction\":[{\"@type\":\"SearchAction\",\"target\":{\"@type\":\"EntryPoint\",\"urlTemplate\":\"https:\\\/\\\/www.dillerbottle.com\\\/?s={search_term_string}\"},\"query-input\":{\"@type\":\"PropertyValueSpecification\",\"valueRequired\":true,\"valueName\":\"search_term_string\"}}],\"inLanguage\":\"vi\"},{\"@type\":\"Organization\",\"@id\":\"https:\\\/\\\/www.dillerbottle.com\\\/#organization\",\"name\":\"Diller Water Bottle Manufacturer\",\"url\":\"https:\\\/\\\/www.dillerbottle.com\\\/\",\"logo\":{\"@type\":\"ImageObject\",\"inLanguage\":\"vi\",\"@id\":\"https:\\\/\\\/www.dillerbottle.com\\\/#\\\/schema\\\/logo\\\/image\\\/\",\"url\":\"https:\\\/\\\/www.dillerbottle.com\\\/wp-content\\\/uploads\\\/2024\\\/09\\\/49918bfa848dcc1e9f8b509933603ac.png\",\"contentUrl\":\"https:\\\/\\\/www.dillerbottle.com\\\/wp-content\\\/uploads\\\/2024\\\/09\\\/49918bfa848dcc1e9f8b509933603ac.png\",\"width\":988,\"height\":198,\"caption\":\"Diller Water Bottle Manufacturer\"},\"image\":{\"@id\":\"https:\\\/\\\/www.dillerbottle.com\\\/#\\\/schema\\\/logo\\\/image\\\/\"}}]}<\/script>\n<!-- \/ Yoast SEO Premium plugin. -->","yoast_head_json":{"title":"B\u00ecnh n\u01b0\u1edbc th\u1ee7y tinh c\u00f3 tay c\u1ea7m b\u1eb1ng silicon - Nh\u00e0 s\u1ea3n xu\u1ea5t b\u00ecnh n\u01b0\u1edbc Diller","description":"L\u00e0 m\u1ed9t trong nh\u1eefng nh\u00e0 s\u1ea3n xu\u1ea5t v\u00e0 cung c\u1ea5p b\u00ecnh \u0111\u1ef1ng n\u01b0\u1edbc th\u1ee7y tinh silicon t\u1ed1t nh\u1ea5t, ch\u00fang t\u00f4i tham gia s\u1ea3n xu\u1ea5t b\u00ecnh \u0111\u1ef1ng n\u01b0\u1edbc ch\u1ea5t l\u01b0\u1ee3ng t\u1ed1t. Ch\u00fang t\u00f4i n\u1ed3ng nhi\u1ec7t ch\u00e0o \u0111\u00f3n b\u1ea1n \u0111\u1ebfn b\u00e1n bu\u00f4n ho\u1eb7c mua b\u00ecnh \u0111\u1ef1ng n\u01b0\u1edbc th\u1ee7y tinh silicon t\u00f9y ch\u1ec9nh v\u1edbi gi\u00e1 c\u1ea1nh tranh t\u1eeb ch\u00fang t\u00f4i. Ngo\u00e0i ra, ch\u00fang t\u00f4i c\u0169ng ch\u1ea5p nh\u1eadn \u0111\u01a1n \u0111\u1eb7t h\u00e0ng s\u1ed1 l\u01b0\u1ee3ng nh\u1ecf.","robots":{"index":"index","follow":"follow","max-snippet":"max-snippet:-1","max-image-preview":"max-image-preview:large","max-video-preview":"max-video-preview:-1"},"canonical":"https:\/\/www.dillerbottle.com\/vn\/cac-san-pham\/binh-dung-nuoc-thuy-tinh-co-tay-cam-bang-silicon","og_locale":"vi_VN","og_type":"article","og_title":"Silicone Sleeve Glass Water Bottle","og_description":"As one of the best silicone sleeve glass water bottle manufacturers and suppliers, we are engaged in manufacturing good quality water bottles. We warmly welcome you to wholesale or buy custom made silicone sleeve glass water bottle at competitive price from us. Also, small quantity orders are acceptable.","og_url":"https:\/\/www.dillerbottle.com\/vn\/cac-san-pham\/binh-dung-nuoc-thuy-tinh-co-tay-cam-bang-silicon","og_site_name":"Diller Water Bottle Manufacturer","article_modified_time":"2025-07-09T08:54:26+00:00","og_image":[{"width":730,"height":730,"url":"https:\/\/www.dillerbottle.com\/wp-content\/uploads\/2024\/09\/silicone-sleeve-glass-water-bottle49269348307.jpg","type":"image\/jpeg"}],"twitter_card":"summary_large_image","twitter_misc":{"\u01af\u1edbc t\u00ednh th\u1eddi gian \u0111\u1ecdc":"2 ph\u00fat"},"schema":{"@context":"https:\/\/schema.org","@graph":[{"@type":"WebPage","@id":"https:\/\/www.dillerbottle.com\/ru\/%d0%bf%d1%80%d0%be%d0%b4%d1%83%d0%ba%d1%82%d1%8b\/%d1%81%d0%b8%d0%bb%d0%b8%d0%ba%d0%be%d0%bd%d0%be%d0%b2%d1%8b%d0%b9-%d1%87%d0%b5%d1%85%d0%be%d0%bb-%d1%81%d1%82%d0%b5%d0%ba%d0%bb%d1%8f%d0%bd%d0%bd%d0%b0%d1%8f-%d0%b1%d1%83%d1%82%d1%8b%d0%bb%d0%ba","url":"https:\/\/www.dillerbottle.com\/ru\/%d0%bf%d1%80%d0%be%d0%b4%d1%83%d0%ba%d1%82%d1%8b\/%d1%81%d0%b8%d0%bb%d0%b8%d0%ba%d0%be%d0%bd%d0%be%d0%b2%d1%8b%d0%b9-%d1%87%d0%b5%d1%85%d0%be%d0%bb-%d1%81%d1%82%d0%b5%d0%ba%d0%bb%d1%8f%d0%bd%d0%bd%d0%b0%d1%8f-%d0%b1%d1%83%d1%82%d1%8b%d0%bb%d0%ba","name":"B\u00ecnh n\u01b0\u1edbc th\u1ee7y tinh c\u00f3 tay c\u1ea7m b\u1eb1ng silicon - Nh\u00e0 s\u1ea3n xu\u1ea5t b\u00ecnh n\u01b0\u1edbc Diller","isPartOf":{"@id":"https:\/\/www.dillerbottle.com\/#website"},"primaryImageOfPage":{"@id":"https:\/\/www.dillerbottle.com\/ru\/%d0%bf%d1%80%d0%be%d0%b4%d1%83%d0%ba%d1%82%d1%8b\/%d1%81%d0%b8%d0%bb%d0%b8%d0%ba%d0%be%d0%bd%d0%be%d0%b2%d1%8b%d0%b9-%d1%87%d0%b5%d1%85%d0%be%d0%bb-%d1%81%d1%82%d0%b5%d0%ba%d0%bb%d1%8f%d0%bd%d0%bd%d0%b0%d1%8f-%d0%b1%d1%83%d1%82%d1%8b%d0%bb%d0%ba#primaryimage"},"image":{"@id":"https:\/\/www.dillerbottle.com\/ru\/%d0%bf%d1%80%d0%be%d0%b4%d1%83%d0%ba%d1%82%d1%8b\/%d1%81%d0%b8%d0%bb%d0%b8%d0%ba%d0%be%d0%bd%d0%be%d0%b2%d1%8b%d0%b9-%d1%87%d0%b5%d1%85%d0%be%d0%bb-%d1%81%d1%82%d0%b5%d0%ba%d0%bb%d1%8f%d0%bd%d0%bd%d0%b0%d1%8f-%d0%b1%d1%83%d1%82%d1%8b%d0%bb%d0%ba#primaryimage"},"thumbnailUrl":"https:\/\/www.dillerbottle.com\/wp-content\/uploads\/2024\/09\/silicone-sleeve-glass-water-bottle49269348307.jpg","datePublished":"2024-09-29T02:00:35+00:00","dateModified":"2025-07-09T08:54:26+00:00","description":"L\u00e0 m\u1ed9t trong nh\u1eefng nh\u00e0 s\u1ea3n xu\u1ea5t v\u00e0 cung c\u1ea5p b\u00ecnh \u0111\u1ef1ng n\u01b0\u1edbc th\u1ee7y tinh silicon t\u1ed1t nh\u1ea5t, ch\u00fang t\u00f4i tham gia s\u1ea3n xu\u1ea5t b\u00ecnh \u0111\u1ef1ng n\u01b0\u1edbc ch\u1ea5t l\u01b0\u1ee3ng t\u1ed1t. Ch\u00fang t\u00f4i n\u1ed3ng nhi\u1ec7t ch\u00e0o \u0111\u00f3n b\u1ea1n \u0111\u1ebfn b\u00e1n bu\u00f4n ho\u1eb7c mua b\u00ecnh \u0111\u1ef1ng n\u01b0\u1edbc th\u1ee7y tinh silicon t\u00f9y ch\u1ec9nh v\u1edbi gi\u00e1 c\u1ea1nh tranh t\u1eeb ch\u00fang t\u00f4i. Ngo\u00e0i ra, ch\u00fang t\u00f4i c\u0169ng ch\u1ea5p nh\u1eadn \u0111\u01a1n \u0111\u1eb7t h\u00e0ng s\u1ed1 l\u01b0\u1ee3ng nh\u1ecf.","breadcrumb":{"@id":"https:\/\/www.dillerbottle.com\/ru\/%d0%bf%d1%80%d0%be%d0%b4%d1%83%d0%ba%d1%82%d1%8b\/%d1%81%d0%b8%d0%bb%d0%b8%d0%ba%d0%be%d0%bd%d0%be%d0%b2%d1%8b%d0%b9-%d1%87%d0%b5%d1%85%d0%be%d0%bb-%d1%81%d1%82%d0%b5%d0%ba%d0%bb%d1%8f%d0%bd%d0%bd%d0%b0%d1%8f-%d0%b1%d1%83%d1%82%d1%8b%d0%bb%d0%ba#breadcrumb"},"inLanguage":"vi","potentialAction":[{"@type":"ReadAction","target":["https:\/\/www.dillerbottle.com\/ru\/%d0%bf%d1%80%d0%be%d0%b4%d1%83%d0%ba%d1%82%d1%8b\/%d1%81%d0%b8%d0%bb%d0%b8%d0%ba%d0%be%d0%bd%d0%be%d0%b2%d1%8b%d0%b9-%d1%87%d0%b5%d1%85%d0%be%d0%bb-%d1%81%d1%82%d0%b5%d0%ba%d0%bb%d1%8f%d0%bd%d0%bd%d0%b0%d1%8f-%d0%b1%d1%83%d1%82%d1%8b%d0%bb%d0%ba"]}]},{"@type":"ImageObject","inLanguage":"vi","@id":"https:\/\/www.dillerbottle.com\/ru\/%d0%bf%d1%80%d0%be%d0%b4%d1%83%d0%ba%d1%82%d1%8b\/%d1%81%d0%b8%d0%bb%d0%b8%d0%ba%d0%be%d0%bd%d0%be%d0%b2%d1%8b%d0%b9-%d1%87%d0%b5%d1%85%d0%be%d0%bb-%d1%81%d1%82%d0%b5%d0%ba%d0%bb%d1%8f%d0%bd%d0%bd%d0%b0%d1%8f-%d0%b1%d1%83%d1%82%d1%8b%d0%bb%d0%ba#primaryimage","url":"https:\/\/www.dillerbottle.com\/wp-content\/uploads\/2024\/09\/silicone-sleeve-glass-water-bottle49269348307.jpg","contentUrl":"https:\/\/www.dillerbottle.com\/wp-content\/uploads\/2024\/09\/silicone-sleeve-glass-water-bottle49269348307.jpg","width":730,"height":730},{"@type":"BreadcrumbList","@id":"https:\/\/www.dillerbottle.com\/ru\/%d0%bf%d1%80%d0%be%d0%b4%d1%83%d0%ba%d1%82%d1%8b\/%d1%81%d0%b8%d0%bb%d0%b8%d0%ba%d0%be%d0%bd%d0%be%d0%b2%d1%8b%d0%b9-%d1%87%d0%b5%d1%85%d0%be%d0%bb-%d1%81%d1%82%d0%b5%d0%ba%d0%bb%d1%8f%d0%bd%d0%bd%d0%b0%d1%8f-%d0%b1%d1%83%d1%82%d1%8b%d0%bb%d0%ba#breadcrumb","itemListElement":[{"@type":"ListItem","position":1,"name":"Home","item":"https:\/\/www.dillerbottle.com\/"},{"@type":"ListItem","position":2,"name":"Products","item":"https:\/\/www.dillerbottle.com\/shop"},{"@type":"ListItem","position":3,"name":"Silicone Sleeve Glass Water Bottle"}]},{"@type":"WebSite","@id":"https:\/\/www.dillerbottle.com\/#website","url":"https:\/\/www.dillerbottle.com\/","name":"Nh\u00e0 s\u1ea3n xu\u1ea5t b\u00ecnh n\u01b0\u1edbc Diller","description":"Nh\u00e0 s\u1ea3n xu\u1ea5t b\u00ecnh n\u01b0\u1edbc","publisher":{"@id":"https:\/\/www.dillerbottle.com\/#organization"},"potentialAction":[{"@type":"SearchAction","target":{"@type":"EntryPoint","urlTemplate":"https:\/\/www.dillerbottle.com\/?s={search_term_string}"},"query-input":{"@type":"PropertyValueSpecification","valueRequired":true,"valueName":"search_term_string"}}],"inLanguage":"vi"},{"@type":"Organization","@id":"https:\/\/www.dillerbottle.com\/#organization","name":"Nh\u00e0 s\u1ea3n xu\u1ea5t b\u00ecnh n\u01b0\u1edbc Diller","url":"https:\/\/www.dillerbottle.com\/","logo":{"@type":"ImageObject","inLanguage":"vi","@id":"https:\/\/www.dillerbottle.com\/#\/schema\/logo\/image\/","url":"https:\/\/www.dillerbottle.com\/wp-content\/uploads\/2024\/09\/49918bfa848dcc1e9f8b509933603ac.png","contentUrl":"https:\/\/www.dillerbottle.com\/wp-content\/uploads\/2024\/09\/49918bfa848dcc1e9f8b509933603ac.png","width":988,"height":198,"caption":"Diller Water Bottle Manufacturer"},"image":{"@id":"https:\/\/www.dillerbottle.com\/#\/schema\/logo\/image\/"}}]}},"_links":{"self":[{"href":"https:\/\/www.dillerbottle.com\/vn\/wp-json\/wp\/v2\/product\/7527","targetHints":{"allow":["GET"]}}],"collection":[{"href":"https:\/\/www.dillerbottle.com\/vn\/wp-json\/wp\/v2\/product"}],"about":[{"href":"https:\/\/www.dillerbottle.com\/vn\/wp-json\/wp\/v2\/types\/product"}],"replies":[{"embeddable":true,"href":"https:\/\/www.dillerbottle.com\/vn\/wp-json\/wp\/v2\/comments?post=7527"}],"wp:featuredmedia":[{"embeddable":true,"href":"https:\/\/www.dillerbottle.com\/vn\/wp-json\/wp\/v2\/media\/7528"}],"wp:attachment":[{"href":"https:\/\/www.dillerbottle.com\/vn\/wp-json\/wp\/v2\/media?parent=7527"}],"wp:term":[{"taxonomy":"product_brand","embeddable":true,"href":"https:\/\/www.dillerbottle.com\/vn\/wp-json\/wp\/v2\/product_brand?post=7527"},{"taxonomy":"product_cat","embeddable":true,"href":"https:\/\/www.dillerbottle.com\/vn\/wp-json\/wp\/v2\/product_cat?post=7527"},{"taxonomy":"product_tag","embeddable":true,"href":"https:\/\/www.dillerbottle.com\/vn\/wp-json\/wp\/v2\/product_tag?post=7527"}],"curies":[{"name":"wp","href":"https:\/\/api.w.org\/{rel}","templated":true}]}}