{"id":7561,"date":"2024-09-29T10:00:54","date_gmt":"2024-09-29T02:00:54","guid":{"rendered":"https:\/\/demo.dillerbottle.com\/uncategorized\/glass-water-bottle-with-neoprene-sleeve"},"modified":"2026-02-11T10:27:41","modified_gmt":"2026-02-11T02:27:41","slug":"chai-nuoc-bang-thuy-tinh-hinh-gau-truc","status":"publish","type":"product","link":"https:\/\/www.dillerbottle.com\/vn\/products\/panda-glass-water-bottle","title":{"rendered":"Chai n\u01b0\u1edbc b\u1eb1ng th\u1ee7y tinh Panda"},"content":{"rendered":"<p data-start=\"127\" data-end=\"371\">The <strong data-start=\"158\" data-end=\"187\">Chai th\u1ee7y tinh DILLER Panda<\/strong> S\u1ea3n ph\u1ea9m c\u00f3 thi\u1ebft k\u1ebf \u0111\u00e1ng y\u00eau h\u00ecnh g\u1ea5u tr\u00fac, gi\u00fap vi\u1ec7c u\u1ed1ng n\u01b0\u1edbc tr\u1edf n\u00ean v\u1eeba t\u1ed1t cho s\u1ee9c kh\u1ecfe v\u1eeba vui nh\u1ed9n. \u0110\u01b0\u1ee3c l\u00e0m t\u1eeb th\u1ee7y tinh borosilicate cao c\u1ea5p, s\u1ea3n ph\u1ea9m n\u00e0y th\u00e2n thi\u1ec7n v\u1edbi m\u00f4i tr\u01b0\u1eddng, kh\u00f4ng m\u00f9i v\u00e0 an to\u00e0n cho c\u1ea3 \u0111\u1ed3 u\u1ed1ng n\u00f3ng v\u00e0 l\u1ea1nh.<\/p>\n<ul data-start=\"372\" data-end=\"879\">\n<li data-start=\"372\" data-end=\"467\">\n<p data-start=\"374\" data-end=\"467\"><strong data-start=\"374\" data-end=\"395\">Thi\u1ebft k\u1ebf g\u1ea5u tr\u00fac \u0111\u00e1ng y\u00eau<\/strong>H\u1ecda ti\u1ebft g\u1ea5u tr\u00fac vui nh\u1ed9n v\u00e0 b\u1eaft m\u1eaft mang \u0111\u1ebfn n\u00e9t c\u00e1 t\u00ednh cho b\u1ed9 \u0111\u1ed3 u\u1ed1ng c\u1ee7a b\u1ea1n.<\/p>\n<\/li>\n<li data-start=\"468\" data-end=\"589\">\n<p data-start=\"470\" data-end=\"589\"><strong data-start=\"470\" data-end=\"496\">V\u1eadt li\u1ec7u k\u00ednh cao c\u1ea5p<\/strong>\u0110\u01b0\u1ee3c l\u00e0m t\u1eeb th\u1ee7y tinh borosilicate cao c\u1ea5p, ch\u1ecbu \u0111\u01b0\u1ee3c s\u1ed1c nhi\u1ec7t, b\u1ec1n b\u1ec9 v\u00e0 kh\u00f4ng \u0111\u1ed9c h\u1ea1i.<\/p>\n<\/li>\n<li data-start=\"590\" data-end=\"691\">\n<p data-start=\"592\" data-end=\"691\"><strong data-start=\"592\" data-end=\"615\">N\u1eafp c\u00f3 tay c\u1ea7m di \u0111\u1ed9ng<\/strong>Tay c\u1ea7m m\u1ec1m m\u1ea1i, tho\u1ea3i m\u00e1i, d\u1ec5 d\u00e0ng mang theo, ho\u00e0n h\u1ea3o cho vi\u1ec7c s\u1eed d\u1ee5ng khi di chuy\u1ec3n.<\/p>\n<\/li>\n<li data-start=\"692\" data-end=\"790\">\n<p data-start=\"694\" data-end=\"790\"><strong data-start=\"694\" data-end=\"716\">Mi\u1ec7ng r\u1ed9ng<\/strong>D\u1ec5 d\u00e0ng th\u00eam tr\u00e1i c\u00e2y, tr\u00e0 ho\u1eb7c \u0111\u00e1 vi\u00ean, v\u00e0 d\u1ec5 d\u00e0ng v\u1ec7 sinh s\u1ea1ch s\u1ebd.<\/p>\n<\/li>\n<li data-start=\"791\" data-end=\"879\">\n<p data-start=\"793\" data-end=\"879\"><strong data-start=\"793\" data-end=\"810\">S\u1eed d\u1ee5ng \u0111a n\u0103ng<\/strong>: L\u00fd t\u01b0\u1edfng cho c\u00e1c bu\u1ed5i d\u00e3 ngo\u1ea1i, v\u0103n ph\u00f2ng, gia \u0111\u00ecnh, ho\u1ea1t \u0111\u1ed9ng ngo\u00e0i tr\u1eddi v\u00e0 l\u00e0m qu\u00e0 t\u1eb7ng.<\/p>\n<\/li>\n<\/ul>","protected":false},"excerpt":{"rendered":"<p>\u0110\u1eb7c \u0111i\u1ec3m: 1.1.B\u00ecnh n\u01b0\u1edbc th\u1ee7y tinh c\u00f3 tay c\u1ea7m b\u1eb1ng v\u1ea3i neoprene nhi\u1ec1u m\u00e0u s\u1eafc tuy\u1ec7t \u0111\u1eb9p.<br \/>\nM\u1ed7i \u1ed1ng c\u00f3 th\u1ec3 t\u00e1i s\u1eed d\u1ee5ng v\u00e0 gi\u1eb7t \u0111\u01b0\u1ee3c.<br \/>\n2.<br \/>\nB\u00ecnh n\u01b0\u1edbc th\u1ee7y tinh n\u00e0y v\u1eeba v\u1eb7n \u0111\u1ec3 trong t\u1ee7 l\u1ea1nh, t\u00fai \u0111\u1ef1ng \u0111\u1ed3 \u0103n tr\u01b0a ho\u1eb7c gi\u00e1 \u0111\u1ec3 c\u1ed1c tr\u00ean \u00f4 t\u00f4, l\u00e0 ng\u01b0\u1eddi b\u1ea1n \u0111\u1ed3ng h\u00e0nh ho\u00e0n h\u1ea3o cho cu\u1ed9c s\u1ed1ng b\u1eadn r\u1ed9n.<br \/>\nTh\u00edch h\u1ee3p l\u00e0m chai \u0111\u1ef1ng n\u01b0\u1edbc \u00e9p ho\u1eb7c chai \u0111\u1ef1ng kombucha.<br \/>\n3.<br \/>\n\u0110\u01b0\u1ee3c l\u00e0m t\u1eeb th\u1ee7y tinh borosilicate d\u00e0y v\u00e0 n\u1eafp b\u1eb1ng th\u00e9p kh\u00f4ng g\u1ec9 304, chi\u1ebfc b\u00ecnh thanh m\u1ea3nh sang tr\u1ecdng n\u00e0y kh\u00f4ng ch\u1ee9a BPA v\u00e0 kh\u00f4ng ch\u1ee9a ch\u00ec\u2026<\/p>","protected":false},"featured_media":16629,"comment_status":"open","ping_status":"closed","template":"","meta":{"_acf_changed":false},"product_brand":[],"product_cat":[310],"product_tag":[588],"class_list":{"0":"post-7561","1":"product","2":"type-product","3":"status-publish","4":"has-post-thumbnail","6":"product_cat-glass-water-bottle","7":"product_tag-borosilicate-glass-water-bottle","9":"first","10":"instock","11":"shipping-taxable","12":"product-type-simple"},"acf":[],"yoast_head":"<!-- This site is optimized with the Yoast SEO Premium plugin v27.5 (Yoast SEO v27.5) - https:\/\/yoast.com\/product\/yoast-seo-premium-wordpress\/ -->\n<title>Panda Glass Water Bottle - Diller Water Bottle Manufacturer<\/title>\n<meta name=\"description\" content=\"The DILLER Panda Glass Bottle features an adorable panda design, making hydration both healthy and fun. Made from high borosilicate glass, it is eco-friendly, odor-free, and safe for both hot and cold beverages.\" \/>\n<meta name=\"robots\" content=\"index, follow, max-snippet:-1, max-image-preview:large, max-video-preview:-1\" \/>\n<link rel=\"canonical\" href=\"https:\/\/www.dillerbottle.com\/vn\/cac-san-pham\/chai-nuoc-bang-thuy-tinh-hinh-gau-truc\" \/>\n<meta property=\"og:locale\" content=\"vi_VN\" \/>\n<meta property=\"og:type\" content=\"article\" \/>\n<meta property=\"og:title\" content=\"Panda Glass Water Bottle\" \/>\n<meta property=\"og:description\" content=\"The DILLER Panda Glass Bottle features an adorable panda design, making hydration both healthy and fun. Made from high borosilicate glass, it is eco-friendly, odor-free, and safe for both hot and cold beverages.\" \/>\n<meta property=\"og:url\" content=\"https:\/\/www.dillerbottle.com\/vn\/cac-san-pham\/chai-nuoc-bang-thuy-tinh-hinh-gau-truc\" \/>\n<meta property=\"og:site_name\" content=\"Diller Water Bottle Manufacturer\" \/>\n<meta property=\"article:modified_time\" content=\"2026-02-11T02:27:41+00:00\" \/>\n<meta property=\"og:image\" content=\"https:\/\/www.dillerbottle.com\/wp-content\/uploads\/2024\/09\/glass-water-bottle-with-neoprene-sleeve-399mlh585-1.jpg\" \/>\n\t<meta property=\"og:image:width\" content=\"800\" \/>\n\t<meta property=\"og:image:height\" content=\"800\" \/>\n\t<meta property=\"og:image:type\" content=\"image\/jpeg\" \/>\n<meta name=\"twitter:card\" content=\"summary_large_image\" \/>\n<meta name=\"twitter:label1\" content=\"\u01af\u1edbc t\u00ednh th\u1eddi gian \u0111\u1ecdc\" \/>\n\t<meta name=\"twitter:data1\" content=\"1 ph\u00fat\" \/>\n<script type=\"application\/ld+json\" class=\"yoast-schema-graph\">{\"@context\":\"https:\\\/\\\/schema.org\",\"@graph\":[{\"@type\":\"WebPage\",\"@id\":\"https:\\\/\\\/www.dillerbottle.com\\\/products\\\/panda-glass-water-bottle\",\"url\":\"https:\\\/\\\/www.dillerbottle.com\\\/products\\\/panda-glass-water-bottle\",\"name\":\"Panda Glass Water Bottle - Diller Water Bottle Manufacturer\",\"isPartOf\":{\"@id\":\"https:\\\/\\\/www.dillerbottle.com\\\/#website\"},\"primaryImageOfPage\":{\"@id\":\"https:\\\/\\\/www.dillerbottle.com\\\/products\\\/panda-glass-water-bottle#primaryimage\"},\"image\":{\"@id\":\"https:\\\/\\\/www.dillerbottle.com\\\/products\\\/panda-glass-water-bottle#primaryimage\"},\"thumbnailUrl\":\"https:\\\/\\\/www.dillerbottle.com\\\/wp-content\\\/uploads\\\/2024\\\/09\\\/glass-water-bottle-with-neoprene-sleeve-399mlh585-1.jpg\",\"datePublished\":\"2024-09-29T02:00:54+00:00\",\"dateModified\":\"2026-02-11T02:27:41+00:00\",\"description\":\"The DILLER Panda Glass Bottle features an adorable panda design, making hydration both healthy and fun. Made from high borosilicate glass, it is eco-friendly, odor-free, and safe for both hot and cold beverages.\",\"breadcrumb\":{\"@id\":\"https:\\\/\\\/www.dillerbottle.com\\\/products\\\/panda-glass-water-bottle#breadcrumb\"},\"inLanguage\":\"vi\",\"potentialAction\":[{\"@type\":\"ReadAction\",\"target\":[\"https:\\\/\\\/www.dillerbottle.com\\\/products\\\/panda-glass-water-bottle\"]}]},{\"@type\":\"ImageObject\",\"inLanguage\":\"vi\",\"@id\":\"https:\\\/\\\/www.dillerbottle.com\\\/products\\\/panda-glass-water-bottle#primaryimage\",\"url\":\"https:\\\/\\\/www.dillerbottle.com\\\/wp-content\\\/uploads\\\/2024\\\/09\\\/glass-water-bottle-with-neoprene-sleeve-399mlh585-1.jpg\",\"contentUrl\":\"https:\\\/\\\/www.dillerbottle.com\\\/wp-content\\\/uploads\\\/2024\\\/09\\\/glass-water-bottle-with-neoprene-sleeve-399mlh585-1.jpg\",\"width\":800,\"height\":800},{\"@type\":\"BreadcrumbList\",\"@id\":\"https:\\\/\\\/www.dillerbottle.com\\\/products\\\/panda-glass-water-bottle#breadcrumb\",\"itemListElement\":[{\"@type\":\"ListItem\",\"position\":1,\"name\":\"Home\",\"item\":\"https:\\\/\\\/www.dillerbottle.com\\\/\"},{\"@type\":\"ListItem\",\"position\":2,\"name\":\"Products\",\"item\":\"https:\\\/\\\/www.dillerbottle.com\\\/shop\"},{\"@type\":\"ListItem\",\"position\":3,\"name\":\"Panda Glass Water Bottle\"}]},{\"@type\":\"WebSite\",\"@id\":\"https:\\\/\\\/www.dillerbottle.com\\\/#website\",\"url\":\"https:\\\/\\\/www.dillerbottle.com\\\/\",\"name\":\"Diller Water Bottle Manufacturer\",\"description\":\"Water Bottle Manufacturer\",\"publisher\":{\"@id\":\"https:\\\/\\\/www.dillerbottle.com\\\/#organization\"},\"potentialAction\":[{\"@type\":\"SearchAction\",\"target\":{\"@type\":\"EntryPoint\",\"urlTemplate\":\"https:\\\/\\\/www.dillerbottle.com\\\/?s={search_term_string}\"},\"query-input\":{\"@type\":\"PropertyValueSpecification\",\"valueRequired\":true,\"valueName\":\"search_term_string\"}}],\"inLanguage\":\"vi\"},{\"@type\":\"Organization\",\"@id\":\"https:\\\/\\\/www.dillerbottle.com\\\/#organization\",\"name\":\"Diller Water Bottle Manufacturer\",\"url\":\"https:\\\/\\\/www.dillerbottle.com\\\/\",\"logo\":{\"@type\":\"ImageObject\",\"inLanguage\":\"vi\",\"@id\":\"https:\\\/\\\/www.dillerbottle.com\\\/#\\\/schema\\\/logo\\\/image\\\/\",\"url\":\"https:\\\/\\\/www.dillerbottle.com\\\/wp-content\\\/uploads\\\/2024\\\/09\\\/49918bfa848dcc1e9f8b509933603ac.png\",\"contentUrl\":\"https:\\\/\\\/www.dillerbottle.com\\\/wp-content\\\/uploads\\\/2024\\\/09\\\/49918bfa848dcc1e9f8b509933603ac.png\",\"width\":988,\"height\":198,\"caption\":\"Diller Water Bottle Manufacturer\"},\"image\":{\"@id\":\"https:\\\/\\\/www.dillerbottle.com\\\/#\\\/schema\\\/logo\\\/image\\\/\"}}]}<\/script>\n<!-- \/ Yoast SEO Premium plugin. -->","yoast_head_json":{"title":"Chai n\u01b0\u1edbc Panda Glass - Nh\u00e0 s\u1ea3n xu\u1ea5t chai n\u01b0\u1edbc Diller","description":"Chai th\u1ee7y tinh DILLER Panda c\u00f3 thi\u1ebft k\u1ebf g\u1ea5u tr\u00fac \u0111\u00e1ng y\u00eau, gi\u00fap vi\u1ec7c u\u1ed1ng n\u01b0\u1edbc tr\u1edf n\u00ean v\u1eeba t\u1ed1t cho s\u1ee9c kh\u1ecfe v\u1eeba vui nh\u1ed9n. \u0110\u01b0\u1ee3c l\u00e0m t\u1eeb th\u1ee7y tinh borosilicate cao c\u1ea5p, s\u1ea3n ph\u1ea9m n\u00e0y th\u00e2n thi\u1ec7n v\u1edbi m\u00f4i tr\u01b0\u1eddng, kh\u00f4ng m\u00f9i v\u00e0 an to\u00e0n cho c\u1ea3 \u0111\u1ed3 u\u1ed1ng n\u00f3ng v\u00e0 l\u1ea1nh.","robots":{"index":"index","follow":"follow","max-snippet":"max-snippet:-1","max-image-preview":"max-image-preview:large","max-video-preview":"max-video-preview:-1"},"canonical":"https:\/\/www.dillerbottle.com\/vn\/cac-san-pham\/chai-nuoc-bang-thuy-tinh-hinh-gau-truc","og_locale":"vi_VN","og_type":"article","og_title":"Panda Glass Water Bottle","og_description":"The DILLER Panda Glass Bottle features an adorable panda design, making hydration both healthy and fun. Made from high borosilicate glass, it is eco-friendly, odor-free, and safe for both hot and cold beverages.","og_url":"https:\/\/www.dillerbottle.com\/vn\/cac-san-pham\/chai-nuoc-bang-thuy-tinh-hinh-gau-truc","og_site_name":"Diller Water Bottle Manufacturer","article_modified_time":"2026-02-11T02:27:41+00:00","og_image":[{"width":800,"height":800,"url":"https:\/\/www.dillerbottle.com\/wp-content\/uploads\/2024\/09\/glass-water-bottle-with-neoprene-sleeve-399mlh585-1.jpg","type":"image\/jpeg"}],"twitter_card":"summary_large_image","twitter_misc":{"\u01af\u1edbc t\u00ednh th\u1eddi gian \u0111\u1ecdc":"1 ph\u00fat"},"schema":{"@context":"https:\/\/schema.org","@graph":[{"@type":"WebPage","@id":"https:\/\/www.dillerbottle.com\/products\/panda-glass-water-bottle","url":"https:\/\/www.dillerbottle.com\/products\/panda-glass-water-bottle","name":"Chai n\u01b0\u1edbc Panda Glass - Nh\u00e0 s\u1ea3n xu\u1ea5t chai n\u01b0\u1edbc Diller","isPartOf":{"@id":"https:\/\/www.dillerbottle.com\/#website"},"primaryImageOfPage":{"@id":"https:\/\/www.dillerbottle.com\/products\/panda-glass-water-bottle#primaryimage"},"image":{"@id":"https:\/\/www.dillerbottle.com\/products\/panda-glass-water-bottle#primaryimage"},"thumbnailUrl":"https:\/\/www.dillerbottle.com\/wp-content\/uploads\/2024\/09\/glass-water-bottle-with-neoprene-sleeve-399mlh585-1.jpg","datePublished":"2024-09-29T02:00:54+00:00","dateModified":"2026-02-11T02:27:41+00:00","description":"Chai th\u1ee7y tinh DILLER Panda c\u00f3 thi\u1ebft k\u1ebf g\u1ea5u tr\u00fac \u0111\u00e1ng y\u00eau, gi\u00fap vi\u1ec7c u\u1ed1ng n\u01b0\u1edbc tr\u1edf n\u00ean v\u1eeba t\u1ed1t cho s\u1ee9c kh\u1ecfe v\u1eeba vui nh\u1ed9n. \u0110\u01b0\u1ee3c l\u00e0m t\u1eeb th\u1ee7y tinh borosilicate cao c\u1ea5p, s\u1ea3n ph\u1ea9m n\u00e0y th\u00e2n thi\u1ec7n v\u1edbi m\u00f4i tr\u01b0\u1eddng, kh\u00f4ng m\u00f9i v\u00e0 an to\u00e0n cho c\u1ea3 \u0111\u1ed3 u\u1ed1ng n\u00f3ng v\u00e0 l\u1ea1nh.","breadcrumb":{"@id":"https:\/\/www.dillerbottle.com\/products\/panda-glass-water-bottle#breadcrumb"},"inLanguage":"vi","potentialAction":[{"@type":"ReadAction","target":["https:\/\/www.dillerbottle.com\/products\/panda-glass-water-bottle"]}]},{"@type":"ImageObject","inLanguage":"vi","@id":"https:\/\/www.dillerbottle.com\/products\/panda-glass-water-bottle#primaryimage","url":"https:\/\/www.dillerbottle.com\/wp-content\/uploads\/2024\/09\/glass-water-bottle-with-neoprene-sleeve-399mlh585-1.jpg","contentUrl":"https:\/\/www.dillerbottle.com\/wp-content\/uploads\/2024\/09\/glass-water-bottle-with-neoprene-sleeve-399mlh585-1.jpg","width":800,"height":800},{"@type":"BreadcrumbList","@id":"https:\/\/www.dillerbottle.com\/products\/panda-glass-water-bottle#breadcrumb","itemListElement":[{"@type":"ListItem","position":1,"name":"Home","item":"https:\/\/www.dillerbottle.com\/"},{"@type":"ListItem","position":2,"name":"Products","item":"https:\/\/www.dillerbottle.com\/shop"},{"@type":"ListItem","position":3,"name":"Panda Glass Water Bottle"}]},{"@type":"WebSite","@id":"https:\/\/www.dillerbottle.com\/#website","url":"https:\/\/www.dillerbottle.com\/","name":"Nh\u00e0 s\u1ea3n xu\u1ea5t b\u00ecnh n\u01b0\u1edbc Diller","description":"Nh\u00e0 s\u1ea3n xu\u1ea5t b\u00ecnh n\u01b0\u1edbc","publisher":{"@id":"https:\/\/www.dillerbottle.com\/#organization"},"potentialAction":[{"@type":"SearchAction","target":{"@type":"EntryPoint","urlTemplate":"https:\/\/www.dillerbottle.com\/?s={search_term_string}"},"query-input":{"@type":"PropertyValueSpecification","valueRequired":true,"valueName":"search_term_string"}}],"inLanguage":"vi"},{"@type":"Organization","@id":"https:\/\/www.dillerbottle.com\/#organization","name":"Nh\u00e0 s\u1ea3n xu\u1ea5t b\u00ecnh n\u01b0\u1edbc Diller","url":"https:\/\/www.dillerbottle.com\/","logo":{"@type":"ImageObject","inLanguage":"vi","@id":"https:\/\/www.dillerbottle.com\/#\/schema\/logo\/image\/","url":"https:\/\/www.dillerbottle.com\/wp-content\/uploads\/2024\/09\/49918bfa848dcc1e9f8b509933603ac.png","contentUrl":"https:\/\/www.dillerbottle.com\/wp-content\/uploads\/2024\/09\/49918bfa848dcc1e9f8b509933603ac.png","width":988,"height":198,"caption":"Diller Water Bottle Manufacturer"},"image":{"@id":"https:\/\/www.dillerbottle.com\/#\/schema\/logo\/image\/"}}]}},"_links":{"self":[{"href":"https:\/\/www.dillerbottle.com\/vn\/wp-json\/wp\/v2\/product\/7561","targetHints":{"allow":["GET"]}}],"collection":[{"href":"https:\/\/www.dillerbottle.com\/vn\/wp-json\/wp\/v2\/product"}],"about":[{"href":"https:\/\/www.dillerbottle.com\/vn\/wp-json\/wp\/v2\/types\/product"}],"replies":[{"embeddable":true,"href":"https:\/\/www.dillerbottle.com\/vn\/wp-json\/wp\/v2\/comments?post=7561"}],"wp:featuredmedia":[{"embeddable":true,"href":"https:\/\/www.dillerbottle.com\/vn\/wp-json\/wp\/v2\/media\/16629"}],"wp:attachment":[{"href":"https:\/\/www.dillerbottle.com\/vn\/wp-json\/wp\/v2\/media?parent=7561"}],"wp:term":[{"taxonomy":"product_brand","embeddable":true,"href":"https:\/\/www.dillerbottle.com\/vn\/wp-json\/wp\/v2\/product_brand?post=7561"},{"taxonomy":"product_cat","embeddable":true,"href":"https:\/\/www.dillerbottle.com\/vn\/wp-json\/wp\/v2\/product_cat?post=7561"},{"taxonomy":"product_tag","embeddable":true,"href":"https:\/\/www.dillerbottle.com\/vn\/wp-json\/wp\/v2\/product_tag?post=7561"}],"curies":[{"name":"wp","href":"https:\/\/api.w.org\/{rel}","templated":true}]}}