{"id":7657,"date":"2024-09-29T10:01:50","date_gmt":"2024-09-29T02:01:50","guid":{"rendered":"https:\/\/demo.dillerbottle.com\/uncategorized\/glass-sports-bottle"},"modified":"2025-07-09T16:36:13","modified_gmt":"2025-07-09T08:36:13","slug":"chai-thuy-tinh-the-thao","status":"publish","type":"product","link":"https:\/\/www.dillerbottle.com\/vn\/products\/glass-sports-bottle","title":{"rendered":"Chai th\u1ee7y tinh th\u1ec3 thao"},"content":{"rendered":"<p>\u0110\u1eb7c \u0111i\u1ec3m: 1. B\u00ecnh \u0111\u1ef1ng n\u01b0\u1edbc th\u1ec3 thao b\u1eb1ng th\u1ee7y tinh \u0111\u01b0\u1ee3c l\u00e0m t\u1eeb th\u1ee7y tinh borosilicate b\u1ec1n ch\u1eafc, \u0111\u1ea3m b\u1ea3o kh\u00f4ng c\u00f3 ch\u00ec ho\u1eb7c h\u00f3a ch\u1ea5t \u0111\u1ed9c h\u1ea1i n\u00e0o x\u00e2m nh\u1eadp v\u00e0o n\u01b0\u1edbc.<\/p>\n<p>2. B\u00ecnh \u0111\u1ef1ng n\u01b0\u1edbc th\u1ec3 thao b\u1eb1ng th\u1ee7y tinh \u0111\u01b0\u1ee3c \u0111\u1eb7t trong n\u1eafp PP an to\u00e0n c\u1ea5p th\u1ef1c ph\u1ea9m \u0111\u1ec3 tr\u00e1nh m\u1ecdi v\u1ebft n\u1ee9t v\u00e0 tr\u1ea7y x\u01b0\u1edbc. N\u1eafp PP c\u00f3 kh\u1ea3 n\u0103ng ch\u1ed1ng va \u0111\u1eadp cao \u0111\u1ec3 b\u1ea3o v\u1ec7 kh\u1ecfi b\u1ecb r\u01a1i.<br \/>\n3. Mi\u1ec7ng b\u00ecnh r\u1ed9ng d\u1ec5 u\u1ed1ng v\u00e0 v\u1ec7 sinh.<br \/>\n4. Chai th\u1ee7y tinh c\u00f3 n\u1eafp v\u1eb7n ch\u1ed1ng r\u00f2 r\u1ec9 ch\u1ea5t l\u01b0\u1ee3ng cao.<\/p>","protected":false},"excerpt":{"rendered":"<p>1. B\u00ecnh \u0111\u1ef1ng n\u01b0\u1edbc th\u1ec3 thao b\u1eb1ng th\u1ee7y tinh \u0111\u01b0\u1ee3c l\u00e0m t\u1eeb th\u1ee7y tinh borosilicate b\u1ec1n ch\u1eafc, \u0111\u1ea3m b\u1ea3o kh\u00f4ng c\u00f3 ch\u00ec ho\u1eb7c h\u00f3a ch\u1ea5t \u0111\u1ed9c h\u1ea1i n\u00e0o x\u00e2m nh\u1eadp v\u00e0o n\u01b0\u1edbc.<br \/>\n2. B\u00ecnh \u0111\u1ef1ng n\u01b0\u1edbc th\u1ec3 thao b\u1eb1ng th\u1ee7y tinh \u0111\u01b0\u1ee3c \u0111\u1eb7t trong n\u1eafp \u0111\u1eady b\u1eb1ng nh\u1ef1a PP an to\u00e0n th\u1ef1c ph\u1ea9m \u0111\u1ec3 tr\u00e1nh n\u1ee9t v\u00e0 tr\u1ea7y x\u01b0\u1edbc.<br \/>\n3. Mi\u1ec7ng b\u00ecnh r\u1ed9ng d\u1ec5 u\u1ed1ng v\u00e0 v\u1ec7 sinh.<br \/>\n4. Chai th\u1ee7y tinh c\u00f3 n\u1eafp v\u1eb7n ch\u1ed1ng r\u00f2 r\u1ec9 ch\u1ea5t l\u01b0\u1ee3ng cao.<\/p>","protected":false},"featured_media":7658,"comment_status":"open","ping_status":"closed","template":"","meta":{"_acf_changed":false},"product_brand":[],"product_cat":[310],"product_tag":[515,32,36,33,31,39,664,614,597,38,29,37,571,34,35,28,576,578,30],"class_list":{"0":"post-7657","1":"product","2":"type-product","3":"status-publish","4":"has-post-thumbnail","6":"product_cat-glass-water-bottle","7":"product_tag-64oz-water-bottle","8":"product_tag-best","9":"product_tag-bulk","10":"product_tag-buy","11":"product_tag-custom","12":"product_tag-for-sale","13":"product_tag-glass-sports-bottle","14":"product_tag-glass-water-bottle-with-infuser","15":"product_tag-glass-water-bottle-with-time-marker","16":"product_tag-good-quality","17":"product_tag-manufacturers","18":"product_tag-manufacturing","19":"product_tag-multi-use-water-bottle","20":"product_tag-price","21":"product_tag-small","22":"product_tag-suppliers","23":"product_tag-two-liter-water-bottle","24":"product_tag-water-bottle-gift-promotional","25":"product_tag-wholesale","27":"first","28":"instock","29":"shipping-taxable","30":"product-type-simple"},"acf":[],"yoast_head":"<!-- This site is optimized with the Yoast SEO Premium plugin v27.5 (Yoast SEO v27.5) - https:\/\/yoast.com\/product\/yoast-seo-premium-wordpress\/ -->\n<title>Glass Sports Bottle - Diller Water Bottle Manufacturer<\/title>\n<meta name=\"description\" content=\"As one of the best glass sports bottle manufacturers and suppliers, we are engaged in manufacturing good quality water bottles. We warmly welcome you to wholesale or buy custom made glass sports bottle at competitive price from us. Also, small quantity orders are acceptable.\" \/>\n<meta name=\"robots\" content=\"index, follow, max-snippet:-1, max-image-preview:large, max-video-preview:-1\" \/>\n<link rel=\"canonical\" href=\"https:\/\/www.dillerbottle.com\/vn\/cac-san-pham\/chai-thuy-tinh-the-thao\" \/>\n<meta property=\"og:locale\" content=\"vi_VN\" \/>\n<meta property=\"og:type\" content=\"article\" \/>\n<meta property=\"og:title\" content=\"Glass Sports Bottle\" \/>\n<meta property=\"og:description\" content=\"As one of the best glass sports bottle manufacturers and suppliers, we are engaged in manufacturing good quality water bottles. We warmly welcome you to wholesale or buy custom made glass sports bottle at competitive price from us. Also, small quantity orders are acceptable.\" \/>\n<meta property=\"og:url\" content=\"https:\/\/www.dillerbottle.com\/vn\/cac-san-pham\/chai-thuy-tinh-the-thao\" \/>\n<meta property=\"og:site_name\" content=\"Diller Water Bottle Manufacturer\" \/>\n<meta property=\"article:modified_time\" content=\"2025-07-09T08:36:13+00:00\" \/>\n<meta property=\"og:image\" content=\"https:\/\/www.dillerbottle.com\/wp-content\/uploads\/2024\/09\/glass-sports-bottle29235727036.jpg\" \/>\n\t<meta property=\"og:image:width\" content=\"730\" \/>\n\t<meta property=\"og:image:height\" content=\"730\" \/>\n\t<meta property=\"og:image:type\" content=\"image\/jpeg\" \/>\n<meta name=\"twitter:card\" content=\"summary_large_image\" \/>\n<meta name=\"twitter:label1\" content=\"\u01af\u1edbc t\u00ednh th\u1eddi gian \u0111\u1ecdc\" \/>\n\t<meta name=\"twitter:data1\" content=\"2 ph\u00fat\" \/>\n<script type=\"application\/ld+json\" class=\"yoast-schema-graph\">{\"@context\":\"https:\\\/\\\/schema.org\",\"@graph\":[{\"@type\":\"WebPage\",\"@id\":\"https:\\\/\\\/www.dillerbottle.com\\\/ar\\\/%d9%85%d9%86%d8%aa%d8%ac%d8%a7%d8%aa\\\/%d8%b2%d8%ac%d8%a7%d8%ac%d8%a9-%d8%b1%d9%8a%d8%a7%d8%b6%d9%8a%d8%a9-%d8%b2%d8%ac%d8%a7%d8%ac%d9%8a%d8%a9\",\"url\":\"https:\\\/\\\/www.dillerbottle.com\\\/ar\\\/%d9%85%d9%86%d8%aa%d8%ac%d8%a7%d8%aa\\\/%d8%b2%d8%ac%d8%a7%d8%ac%d8%a9-%d8%b1%d9%8a%d8%a7%d8%b6%d9%8a%d8%a9-%d8%b2%d8%ac%d8%a7%d8%ac%d9%8a%d8%a9\",\"name\":\"Glass Sports Bottle - Diller Water Bottle Manufacturer\",\"isPartOf\":{\"@id\":\"https:\\\/\\\/www.dillerbottle.com\\\/#website\"},\"primaryImageOfPage\":{\"@id\":\"https:\\\/\\\/www.dillerbottle.com\\\/ar\\\/%d9%85%d9%86%d8%aa%d8%ac%d8%a7%d8%aa\\\/%d8%b2%d8%ac%d8%a7%d8%ac%d8%a9-%d8%b1%d9%8a%d8%a7%d8%b6%d9%8a%d8%a9-%d8%b2%d8%ac%d8%a7%d8%ac%d9%8a%d8%a9#primaryimage\"},\"image\":{\"@id\":\"https:\\\/\\\/www.dillerbottle.com\\\/ar\\\/%d9%85%d9%86%d8%aa%d8%ac%d8%a7%d8%aa\\\/%d8%b2%d8%ac%d8%a7%d8%ac%d8%a9-%d8%b1%d9%8a%d8%a7%d8%b6%d9%8a%d8%a9-%d8%b2%d8%ac%d8%a7%d8%ac%d9%8a%d8%a9#primaryimage\"},\"thumbnailUrl\":\"https:\\\/\\\/www.dillerbottle.com\\\/wp-content\\\/uploads\\\/2024\\\/09\\\/glass-sports-bottle29235727036.jpg\",\"datePublished\":\"2024-09-29T02:01:50+00:00\",\"dateModified\":\"2025-07-09T08:36:13+00:00\",\"description\":\"As one of the best glass sports bottle manufacturers and suppliers, we are engaged in manufacturing good quality water bottles. We warmly welcome you to wholesale or buy custom made glass sports bottle at competitive price from us. Also, small quantity orders are acceptable.\",\"breadcrumb\":{\"@id\":\"https:\\\/\\\/www.dillerbottle.com\\\/ar\\\/%d9%85%d9%86%d8%aa%d8%ac%d8%a7%d8%aa\\\/%d8%b2%d8%ac%d8%a7%d8%ac%d8%a9-%d8%b1%d9%8a%d8%a7%d8%b6%d9%8a%d8%a9-%d8%b2%d8%ac%d8%a7%d8%ac%d9%8a%d8%a9#breadcrumb\"},\"inLanguage\":\"vi\",\"potentialAction\":[{\"@type\":\"ReadAction\",\"target\":[\"https:\\\/\\\/www.dillerbottle.com\\\/ar\\\/%d9%85%d9%86%d8%aa%d8%ac%d8%a7%d8%aa\\\/%d8%b2%d8%ac%d8%a7%d8%ac%d8%a9-%d8%b1%d9%8a%d8%a7%d8%b6%d9%8a%d8%a9-%d8%b2%d8%ac%d8%a7%d8%ac%d9%8a%d8%a9\"]}]},{\"@type\":\"ImageObject\",\"inLanguage\":\"vi\",\"@id\":\"https:\\\/\\\/www.dillerbottle.com\\\/ar\\\/%d9%85%d9%86%d8%aa%d8%ac%d8%a7%d8%aa\\\/%d8%b2%d8%ac%d8%a7%d8%ac%d8%a9-%d8%b1%d9%8a%d8%a7%d8%b6%d9%8a%d8%a9-%d8%b2%d8%ac%d8%a7%d8%ac%d9%8a%d8%a9#primaryimage\",\"url\":\"https:\\\/\\\/www.dillerbottle.com\\\/wp-content\\\/uploads\\\/2024\\\/09\\\/glass-sports-bottle29235727036.jpg\",\"contentUrl\":\"https:\\\/\\\/www.dillerbottle.com\\\/wp-content\\\/uploads\\\/2024\\\/09\\\/glass-sports-bottle29235727036.jpg\",\"width\":730,\"height\":730},{\"@type\":\"BreadcrumbList\",\"@id\":\"https:\\\/\\\/www.dillerbottle.com\\\/ar\\\/%d9%85%d9%86%d8%aa%d8%ac%d8%a7%d8%aa\\\/%d8%b2%d8%ac%d8%a7%d8%ac%d8%a9-%d8%b1%d9%8a%d8%a7%d8%b6%d9%8a%d8%a9-%d8%b2%d8%ac%d8%a7%d8%ac%d9%8a%d8%a9#breadcrumb\",\"itemListElement\":[{\"@type\":\"ListItem\",\"position\":1,\"name\":\"Home\",\"item\":\"https:\\\/\\\/www.dillerbottle.com\\\/\"},{\"@type\":\"ListItem\",\"position\":2,\"name\":\"Products\",\"item\":\"https:\\\/\\\/www.dillerbottle.com\\\/shop\"},{\"@type\":\"ListItem\",\"position\":3,\"name\":\"Glass Sports Bottle\"}]},{\"@type\":\"WebSite\",\"@id\":\"https:\\\/\\\/www.dillerbottle.com\\\/#website\",\"url\":\"https:\\\/\\\/www.dillerbottle.com\\\/\",\"name\":\"Diller Water Bottle Manufacturer\",\"description\":\"Water Bottle Manufacturer\",\"publisher\":{\"@id\":\"https:\\\/\\\/www.dillerbottle.com\\\/#organization\"},\"potentialAction\":[{\"@type\":\"SearchAction\",\"target\":{\"@type\":\"EntryPoint\",\"urlTemplate\":\"https:\\\/\\\/www.dillerbottle.com\\\/?s={search_term_string}\"},\"query-input\":{\"@type\":\"PropertyValueSpecification\",\"valueRequired\":true,\"valueName\":\"search_term_string\"}}],\"inLanguage\":\"vi\"},{\"@type\":\"Organization\",\"@id\":\"https:\\\/\\\/www.dillerbottle.com\\\/#organization\",\"name\":\"Diller Water Bottle Manufacturer\",\"url\":\"https:\\\/\\\/www.dillerbottle.com\\\/\",\"logo\":{\"@type\":\"ImageObject\",\"inLanguage\":\"vi\",\"@id\":\"https:\\\/\\\/www.dillerbottle.com\\\/#\\\/schema\\\/logo\\\/image\\\/\",\"url\":\"https:\\\/\\\/www.dillerbottle.com\\\/wp-content\\\/uploads\\\/2024\\\/09\\\/49918bfa848dcc1e9f8b509933603ac.png\",\"contentUrl\":\"https:\\\/\\\/www.dillerbottle.com\\\/wp-content\\\/uploads\\\/2024\\\/09\\\/49918bfa848dcc1e9f8b509933603ac.png\",\"width\":988,\"height\":198,\"caption\":\"Diller Water Bottle Manufacturer\"},\"image\":{\"@id\":\"https:\\\/\\\/www.dillerbottle.com\\\/#\\\/schema\\\/logo\\\/image\\\/\"}}]}<\/script>\n<!-- \/ Yoast SEO Premium plugin. -->","yoast_head_json":{"title":"B\u00ecnh n\u01b0\u1edbc th\u1ec3 thao b\u1eb1ng th\u1ee7y tinh - Nh\u00e0 s\u1ea3n xu\u1ea5t b\u00ecnh n\u01b0\u1edbc Diller","description":"L\u00e0 m\u1ed9t trong nh\u1eefng nh\u00e0 s\u1ea3n xu\u1ea5t v\u00e0 cung c\u1ea5p b\u00ecnh \u0111\u1ef1ng n\u01b0\u1edbc th\u1ec3 thao b\u1eb1ng th\u1ee7y tinh t\u1ed1t nh\u1ea5t, ch\u00fang t\u00f4i tham gia s\u1ea3n xu\u1ea5t b\u00ecnh \u0111\u1ef1ng n\u01b0\u1edbc ch\u1ea5t l\u01b0\u1ee3ng t\u1ed1t. Ch\u00fang t\u00f4i n\u1ed3ng nhi\u1ec7t ch\u00e0o \u0111\u00f3n b\u1ea1n \u0111\u1ebfn b\u00e1n bu\u00f4n ho\u1eb7c mua b\u00ecnh \u0111\u1ef1ng n\u01b0\u1edbc th\u1ec3 thao b\u1eb1ng th\u1ee7y tinh t\u00f9y ch\u1ec9nh v\u1edbi gi\u00e1 c\u1ea3 c\u1ea1nh tranh t\u1eeb ch\u00fang t\u00f4i. Ngo\u00e0i ra, ch\u00fang t\u00f4i c\u0169ng ch\u1ea5p nh\u1eadn \u0111\u01a1n \u0111\u1eb7t h\u00e0ng s\u1ed1 l\u01b0\u1ee3ng nh\u1ecf.","robots":{"index":"index","follow":"follow","max-snippet":"max-snippet:-1","max-image-preview":"max-image-preview:large","max-video-preview":"max-video-preview:-1"},"canonical":"https:\/\/www.dillerbottle.com\/vn\/cac-san-pham\/chai-thuy-tinh-the-thao","og_locale":"vi_VN","og_type":"article","og_title":"Glass Sports Bottle","og_description":"As one of the best glass sports bottle manufacturers and suppliers, we are engaged in manufacturing good quality water bottles. We warmly welcome you to wholesale or buy custom made glass sports bottle at competitive price from us. Also, small quantity orders are acceptable.","og_url":"https:\/\/www.dillerbottle.com\/vn\/cac-san-pham\/chai-thuy-tinh-the-thao","og_site_name":"Diller Water Bottle Manufacturer","article_modified_time":"2025-07-09T08:36:13+00:00","og_image":[{"width":730,"height":730,"url":"https:\/\/www.dillerbottle.com\/wp-content\/uploads\/2024\/09\/glass-sports-bottle29235727036.jpg","type":"image\/jpeg"}],"twitter_card":"summary_large_image","twitter_misc":{"\u01af\u1edbc t\u00ednh th\u1eddi gian \u0111\u1ecdc":"2 ph\u00fat"},"schema":{"@context":"https:\/\/schema.org","@graph":[{"@type":"WebPage","@id":"https:\/\/www.dillerbottle.com\/ar\/%d9%85%d9%86%d8%aa%d8%ac%d8%a7%d8%aa\/%d8%b2%d8%ac%d8%a7%d8%ac%d8%a9-%d8%b1%d9%8a%d8%a7%d8%b6%d9%8a%d8%a9-%d8%b2%d8%ac%d8%a7%d8%ac%d9%8a%d8%a9","url":"https:\/\/www.dillerbottle.com\/ar\/%d9%85%d9%86%d8%aa%d8%ac%d8%a7%d8%aa\/%d8%b2%d8%ac%d8%a7%d8%ac%d8%a9-%d8%b1%d9%8a%d8%a7%d8%b6%d9%8a%d8%a9-%d8%b2%d8%ac%d8%a7%d8%ac%d9%8a%d8%a9","name":"B\u00ecnh n\u01b0\u1edbc th\u1ec3 thao b\u1eb1ng th\u1ee7y tinh - Nh\u00e0 s\u1ea3n xu\u1ea5t b\u00ecnh n\u01b0\u1edbc Diller","isPartOf":{"@id":"https:\/\/www.dillerbottle.com\/#website"},"primaryImageOfPage":{"@id":"https:\/\/www.dillerbottle.com\/ar\/%d9%85%d9%86%d8%aa%d8%ac%d8%a7%d8%aa\/%d8%b2%d8%ac%d8%a7%d8%ac%d8%a9-%d8%b1%d9%8a%d8%a7%d8%b6%d9%8a%d8%a9-%d8%b2%d8%ac%d8%a7%d8%ac%d9%8a%d8%a9#primaryimage"},"image":{"@id":"https:\/\/www.dillerbottle.com\/ar\/%d9%85%d9%86%d8%aa%d8%ac%d8%a7%d8%aa\/%d8%b2%d8%ac%d8%a7%d8%ac%d8%a9-%d8%b1%d9%8a%d8%a7%d8%b6%d9%8a%d8%a9-%d8%b2%d8%ac%d8%a7%d8%ac%d9%8a%d8%a9#primaryimage"},"thumbnailUrl":"https:\/\/www.dillerbottle.com\/wp-content\/uploads\/2024\/09\/glass-sports-bottle29235727036.jpg","datePublished":"2024-09-29T02:01:50+00:00","dateModified":"2025-07-09T08:36:13+00:00","description":"L\u00e0 m\u1ed9t trong nh\u1eefng nh\u00e0 s\u1ea3n xu\u1ea5t v\u00e0 cung c\u1ea5p b\u00ecnh \u0111\u1ef1ng n\u01b0\u1edbc th\u1ec3 thao b\u1eb1ng th\u1ee7y tinh t\u1ed1t nh\u1ea5t, ch\u00fang t\u00f4i tham gia s\u1ea3n xu\u1ea5t b\u00ecnh \u0111\u1ef1ng n\u01b0\u1edbc ch\u1ea5t l\u01b0\u1ee3ng t\u1ed1t. Ch\u00fang t\u00f4i n\u1ed3ng nhi\u1ec7t ch\u00e0o \u0111\u00f3n b\u1ea1n \u0111\u1ebfn b\u00e1n bu\u00f4n ho\u1eb7c mua b\u00ecnh \u0111\u1ef1ng n\u01b0\u1edbc th\u1ec3 thao b\u1eb1ng th\u1ee7y tinh t\u00f9y ch\u1ec9nh v\u1edbi gi\u00e1 c\u1ea3 c\u1ea1nh tranh t\u1eeb ch\u00fang t\u00f4i. Ngo\u00e0i ra, ch\u00fang t\u00f4i c\u0169ng ch\u1ea5p nh\u1eadn \u0111\u01a1n \u0111\u1eb7t h\u00e0ng s\u1ed1 l\u01b0\u1ee3ng nh\u1ecf.","breadcrumb":{"@id":"https:\/\/www.dillerbottle.com\/ar\/%d9%85%d9%86%d8%aa%d8%ac%d8%a7%d8%aa\/%d8%b2%d8%ac%d8%a7%d8%ac%d8%a9-%d8%b1%d9%8a%d8%a7%d8%b6%d9%8a%d8%a9-%d8%b2%d8%ac%d8%a7%d8%ac%d9%8a%d8%a9#breadcrumb"},"inLanguage":"vi","potentialAction":[{"@type":"ReadAction","target":["https:\/\/www.dillerbottle.com\/ar\/%d9%85%d9%86%d8%aa%d8%ac%d8%a7%d8%aa\/%d8%b2%d8%ac%d8%a7%d8%ac%d8%a9-%d8%b1%d9%8a%d8%a7%d8%b6%d9%8a%d8%a9-%d8%b2%d8%ac%d8%a7%d8%ac%d9%8a%d8%a9"]}]},{"@type":"ImageObject","inLanguage":"vi","@id":"https:\/\/www.dillerbottle.com\/ar\/%d9%85%d9%86%d8%aa%d8%ac%d8%a7%d8%aa\/%d8%b2%d8%ac%d8%a7%d8%ac%d8%a9-%d8%b1%d9%8a%d8%a7%d8%b6%d9%8a%d8%a9-%d8%b2%d8%ac%d8%a7%d8%ac%d9%8a%d8%a9#primaryimage","url":"https:\/\/www.dillerbottle.com\/wp-content\/uploads\/2024\/09\/glass-sports-bottle29235727036.jpg","contentUrl":"https:\/\/www.dillerbottle.com\/wp-content\/uploads\/2024\/09\/glass-sports-bottle29235727036.jpg","width":730,"height":730},{"@type":"BreadcrumbList","@id":"https:\/\/www.dillerbottle.com\/ar\/%d9%85%d9%86%d8%aa%d8%ac%d8%a7%d8%aa\/%d8%b2%d8%ac%d8%a7%d8%ac%d8%a9-%d8%b1%d9%8a%d8%a7%d8%b6%d9%8a%d8%a9-%d8%b2%d8%ac%d8%a7%d8%ac%d9%8a%d8%a9#breadcrumb","itemListElement":[{"@type":"ListItem","position":1,"name":"Home","item":"https:\/\/www.dillerbottle.com\/"},{"@type":"ListItem","position":2,"name":"Products","item":"https:\/\/www.dillerbottle.com\/shop"},{"@type":"ListItem","position":3,"name":"Glass Sports Bottle"}]},{"@type":"WebSite","@id":"https:\/\/www.dillerbottle.com\/#website","url":"https:\/\/www.dillerbottle.com\/","name":"Nh\u00e0 s\u1ea3n xu\u1ea5t b\u00ecnh n\u01b0\u1edbc Diller","description":"Nh\u00e0 s\u1ea3n xu\u1ea5t b\u00ecnh n\u01b0\u1edbc","publisher":{"@id":"https:\/\/www.dillerbottle.com\/#organization"},"potentialAction":[{"@type":"SearchAction","target":{"@type":"EntryPoint","urlTemplate":"https:\/\/www.dillerbottle.com\/?s={search_term_string}"},"query-input":{"@type":"PropertyValueSpecification","valueRequired":true,"valueName":"search_term_string"}}],"inLanguage":"vi"},{"@type":"Organization","@id":"https:\/\/www.dillerbottle.com\/#organization","name":"Nh\u00e0 s\u1ea3n xu\u1ea5t b\u00ecnh n\u01b0\u1edbc Diller","url":"https:\/\/www.dillerbottle.com\/","logo":{"@type":"ImageObject","inLanguage":"vi","@id":"https:\/\/www.dillerbottle.com\/#\/schema\/logo\/image\/","url":"https:\/\/www.dillerbottle.com\/wp-content\/uploads\/2024\/09\/49918bfa848dcc1e9f8b509933603ac.png","contentUrl":"https:\/\/www.dillerbottle.com\/wp-content\/uploads\/2024\/09\/49918bfa848dcc1e9f8b509933603ac.png","width":988,"height":198,"caption":"Diller Water Bottle Manufacturer"},"image":{"@id":"https:\/\/www.dillerbottle.com\/#\/schema\/logo\/image\/"}}]}},"_links":{"self":[{"href":"https:\/\/www.dillerbottle.com\/vn\/wp-json\/wp\/v2\/product\/7657","targetHints":{"allow":["GET"]}}],"collection":[{"href":"https:\/\/www.dillerbottle.com\/vn\/wp-json\/wp\/v2\/product"}],"about":[{"href":"https:\/\/www.dillerbottle.com\/vn\/wp-json\/wp\/v2\/types\/product"}],"replies":[{"embeddable":true,"href":"https:\/\/www.dillerbottle.com\/vn\/wp-json\/wp\/v2\/comments?post=7657"}],"wp:featuredmedia":[{"embeddable":true,"href":"https:\/\/www.dillerbottle.com\/vn\/wp-json\/wp\/v2\/media\/7658"}],"wp:attachment":[{"href":"https:\/\/www.dillerbottle.com\/vn\/wp-json\/wp\/v2\/media?parent=7657"}],"wp:term":[{"taxonomy":"product_brand","embeddable":true,"href":"https:\/\/www.dillerbottle.com\/vn\/wp-json\/wp\/v2\/product_brand?post=7657"},{"taxonomy":"product_cat","embeddable":true,"href":"https:\/\/www.dillerbottle.com\/vn\/wp-json\/wp\/v2\/product_cat?post=7657"},{"taxonomy":"product_tag","embeddable":true,"href":"https:\/\/www.dillerbottle.com\/vn\/wp-json\/wp\/v2\/product_tag?post=7657"}],"curies":[{"name":"wp","href":"https:\/\/api.w.org\/{rel}","templated":true}]}}